{"id":39779,"date":"2026-04-26T08:58:39","date_gmt":"2026-04-26T08:58:39","guid":{"rendered":""},"modified":"2026-04-26T08:58:39","modified_gmt":"2026-04-26T08:58:39","slug":"spokar-r-valecek-lakyrnicky-moltopren-flock-mini-oboustranne-kulaceny-11-cm-aktualni-39779","status":"publish","type":"product","link":"https:\/\/www.domtechnikpro.com\/index.php\/produkt\/spokar-r-valecek-lakyrnicky-moltopren-flock-mini-oboustranne-kulaceny-11-cm-aktualni-39779\/","title":{"rendered":"SPOKAR\u00ae V\u00e1le\u010dek lak\u00fdrnick\u00fd MOLTOPREN FLOCK MINI oboustrann\u011b kulacen\u00fd, 11 cm Aktu\u00e1ln\u00ed"},"content":{"rendered":"<div class=\"basic-description\">\n<h3>Detailn\u00ed popis produktu<\/h3>\n<ul>\n<li><span style=\"font-family: inherit; font-size: 11pt;\"><strong><span class=\"show-tooltip\" title=\"V\u00e1lec je dal\u0161\u00edm geometrick\u00fdm \u00fatvarem ve t\u0159\u00edrozm\u011brn\u00e9m prostoru. Je to t\u011bleso, kter\u00e9 m\u00e1 dv\u011b kruhov\u00e9 podstavy, kter\u00e9 jsou rovnob\u011b\u017en\u00e9 a stejn\u011b velk\u00e9, a mezi nimi je pl\u00e1\u0161\u0165, kter\u00fd je tvo\u0159en rovinn\u00fdmi plochami (obvykle obd\u00e9ln\u00edky nebo \u010dtverce).&amp;hellip;\">V\u00e1le\u010dek<\/span> FLOCK (moltopren 30 kg\/m<sup>3<\/sup>)<\/strong><\/span><\/li>\n<li><span style=\"font-family: inherit; font-size: 11pt;\"><strong>J\u00e1dro z moltoprenov\u00e9 houby, na povrchu jemn\u00e1 polyamidov\u00e1 vl\u00e1kna<\/strong><\/span><\/li>\n<li><span style=\"font-family: inherit; font-size: 11pt;\"><strong>Pro kvalitn\u00ed vrchn\u00ed lakov\u00e1n\u00ed, pro v\u0161echny druhy barev a <span class=\"show-tooltip\" title=\"Lak je povlak nebo n\u00e1t\u011br, kter\u00fd se nan\u00e1\u0161\u00ed na povrchy s c\u00edlem zv\u00fd\u0161it jejich odolnost, estetick\u00fd vzhled nebo ochranu. Existuje mnoho r\u016fzn\u00fdch typ\u016f lak\u016f, z nich\u017e ka\u017ed\u00fd je ur\u010den pro specifick\u00e9 pou\u017eit\u00ed a materi\u00e1ly:Vodou \u0159editeln\u00fd lak: Typ&amp;hellip;\">lak\u016f<\/span>.<\/strong><\/span><\/li>\n<\/ul>\n<div><span style=\"font-family: inherit; font-size: 11pt;\"><strong>\u0160\u00ed\u0159ka v\u00e1le\u010dku: 11 cm<\/strong><\/span><\/div>\n<div><span style=\"font-family: inherit; font-size: 11pt;\"><strong><span class=\"show-tooltip\" title=\"Pr\u016fm\u011br kruhu a kru\u017enice je d\u00e9lka \u00fase\u010dky, kter\u00e1 proch\u00e1z\u00ed st\u0159edem kruhu a spojuje dva body na jeho obvodu. Zkr\u00e1cen\u011b se pr\u016fm\u011br kruhu ozna\u010duje symbolem &quot;d&quot;.Vztah mezi pr\u016fm\u011brem kruhu a jeho polom\u011brem &quot;r&quot; je n\u00e1sleduj\u00edc\u00ed: d = 2 * rKde &quot;d&quot; je&amp;hellip;\">Pr\u016fm\u011br<\/span> j\u00e1dra: 15 mm<\/strong><\/span><\/div>\n<div><span style=\"font-family: inherit; font-size: 11pt;\"><strong>Pro dr\u017eadla o pr\u016fm\u011bru: 6 mm<\/strong><\/span><\/div>\n<\/p><\/div>\n","protected":false},"excerpt":{"rendered":"<p>Detailn\u00ed popis produktu V\u00e1le\u010dek FLOCK (moltopren 30 kg\/m3) J\u00e1dro z moltoprenov\u00e9 houby, na povrchu jemn\u00e1 polyamidov\u00e1 vl\u00e1kna Pro kvalitn\u00ed vrchn\u00ed lakov\u00e1n\u00ed, pro v\u0161echny druhy barev a lak\u016f. \u0160\u00ed\u0159ka v\u00e1le\u010dku: 11 cm Pr\u016fm\u011br j\u00e1dra: 15 mm Pro dr\u017eadla o pr\u016fm\u011bru: 6 mm<\/p>\n","protected":false},"featured_media":39879,"comment_status":"open","ping_status":"open","template":"","meta":[],"product_brand":[],"product_cat":[133],"product_tag":[],"class_list":{"0":"post-39779","1":"product","2":"type-product","3":"status-publish","4":"has-post-thumbnail","6":"product_cat-barvy-amp-laky","8":"first","9":"instock","10":"sale","11":"shipping-taxable","12":"purchasable","13":"product-type-simple"},"yoast_head":"<!-- This site is optimized with the Yoast SEO plugin v26.8 - https:\/\/yoast.com\/product\/yoast-seo-wordpress\/ -->\n<title>SPOKAR\u00ae V\u00e1le\u010dek lak\u00fdrnick\u00fd MOLTOPREN FLOCK MINI oboustrann\u011b kulacen\u00fd, 11 cm Aktu\u00e1ln\u00ed -<\/title>\n<meta name=\"robots\" content=\"index, follow, max-snippet:-1, max-image-preview:large, max-video-preview:-1\" \/>\n<link rel=\"canonical\" href=\"https:\/\/www.domtechnikpro.com\/index.php\/produkt\/spokar-r-valecek-lakyrnicky-moltopren-flock-mini-oboustranne-kulaceny-11-cm-aktualni-39779\/\" \/>\n<meta property=\"og:locale\" content=\"cs_CZ\" \/>\n<meta property=\"og:type\" content=\"article\" \/>\n<meta property=\"og:title\" content=\"SPOKAR\u00ae V\u00e1le\u010dek lak\u00fdrnick\u00fd MOLTOPREN FLOCK MINI oboustrann\u011b kulacen\u00fd, 11 cm Aktu\u00e1ln\u00ed -\" \/>\n<meta property=\"og:description\" content=\"Detailn\u00ed popis produktu V\u00e1le\u010dek FLOCK (moltopren 30 kg\/m3) J\u00e1dro z moltoprenov\u00e9 houby, na povrchu jemn\u00e1 polyamidov\u00e1 vl\u00e1kna Pro kvalitn\u00ed vrchn\u00ed lakov\u00e1n\u00ed, pro v\u0161echny druhy barev a lak\u016f. \u0160\u00ed\u0159ka v\u00e1le\u010dku: 11 cm Pr\u016fm\u011br j\u00e1dra: 15 mm Pro dr\u017eadla o pr\u016fm\u011bru: 6 mm\" \/>\n<meta property=\"og:url\" content=\"https:\/\/www.domtechnikpro.com\/index.php\/produkt\/spokar-r-valecek-lakyrnicky-moltopren-flock-mini-oboustranne-kulaceny-11-cm-aktualni-39779\/\" \/>\n<meta property=\"og:image\" content=\"https:\/\/www.domtechnikpro.com\/wp-content\/uploads\/2026\/SK0001398-CZ20260425-092522-0-1777080324-44450_valecek-flock-110-spokar.webp\" \/>\n\t<meta property=\"og:image:width\" content=\"1000\" \/>\n\t<meta property=\"og:image:height\" content=\"750\" \/>\n\t<meta property=\"og:image:type\" content=\"image\/webp\" \/>\n<meta name=\"twitter:card\" content=\"summary_large_image\" \/>\n<script type=\"application\/ld+json\" class=\"yoast-schema-graph\">{\"@context\":\"https:\/\/schema.org\",\"@graph\":[{\"@type\":\"WebPage\",\"@id\":\"https:\/\/www.domtechnikpro.com\/index.php\/produkt\/spokar-r-valecek-lakyrnicky-moltopren-flock-mini-oboustranne-kulaceny-11-cm-aktualni-39779\/\",\"url\":\"https:\/\/www.domtechnikpro.com\/index.php\/produkt\/spokar-r-valecek-lakyrnicky-moltopren-flock-mini-oboustranne-kulaceny-11-cm-aktualni-39779\/\",\"name\":\"SPOKAR\u00ae V\u00e1le\u010dek lak\u00fdrnick\u00fd MOLTOPREN FLOCK MINI oboustrann\u011b kulacen\u00fd, 11 cm Aktu\u00e1ln\u00ed -\",\"isPartOf\":{\"@id\":\"https:\/\/www.domtechnikpro.com\/#website\"},\"primaryImageOfPage\":{\"@id\":\"https:\/\/www.domtechnikpro.com\/index.php\/produkt\/spokar-r-valecek-lakyrnicky-moltopren-flock-mini-oboustranne-kulaceny-11-cm-aktualni-39779\/#primaryimage\"},\"image\":{\"@id\":\"https:\/\/www.domtechnikpro.com\/index.php\/produkt\/spokar-r-valecek-lakyrnicky-moltopren-flock-mini-oboustranne-kulaceny-11-cm-aktualni-39779\/#primaryimage\"},\"thumbnailUrl\":\"https:\/\/www.domtechnikpro.com\/wp-content\/uploads\/2026\/SK0001398-CZ20260425-092522-0-1777080324-44450_valecek-flock-110-spokar.webp\",\"datePublished\":\"2026-04-26T08:58:39+00:00\",\"breadcrumb\":{\"@id\":\"https:\/\/www.domtechnikpro.com\/index.php\/produkt\/spokar-r-valecek-lakyrnicky-moltopren-flock-mini-oboustranne-kulaceny-11-cm-aktualni-39779\/#breadcrumb\"},\"inLanguage\":\"cs\",\"potentialAction\":[{\"@type\":\"ReadAction\",\"target\":[\"https:\/\/www.domtechnikpro.com\/index.php\/produkt\/spokar-r-valecek-lakyrnicky-moltopren-flock-mini-oboustranne-kulaceny-11-cm-aktualni-39779\/\"]}]},{\"@type\":\"ImageObject\",\"inLanguage\":\"cs\",\"@id\":\"https:\/\/www.domtechnikpro.com\/index.php\/produkt\/spokar-r-valecek-lakyrnicky-moltopren-flock-mini-oboustranne-kulaceny-11-cm-aktualni-39779\/#primaryimage\",\"url\":\"https:\/\/www.domtechnikpro.com\/wp-content\/uploads\/2026\/SK0001398-CZ20260425-092522-0-1777080324-44450_valecek-flock-110-spokar.webp\",\"contentUrl\":\"https:\/\/www.domtechnikpro.com\/wp-content\/uploads\/2026\/SK0001398-CZ20260425-092522-0-1777080324-44450_valecek-flock-110-spokar.webp\",\"width\":1000,\"height\":750},{\"@type\":\"BreadcrumbList\",\"@id\":\"https:\/\/www.domtechnikpro.com\/index.php\/produkt\/spokar-r-valecek-lakyrnicky-moltopren-flock-mini-oboustranne-kulaceny-11-cm-aktualni-39779\/#breadcrumb\",\"itemListElement\":[{\"@type\":\"ListItem\",\"position\":1,\"name\":\"Home\",\"item\":\"https:\/\/www.domtechnikpro.com\/\"},{\"@type\":\"ListItem\",\"position\":2,\"name\":\"Products\",\"item\":\"https:\/\/www.domtechnikpro.com\/index.php\/products\/\"},{\"@type\":\"ListItem\",\"position\":3,\"name\":\"SPOKAR\u00ae V\u00e1le\u010dek lak\u00fdrnick\u00fd MOLTOPREN FLOCK MINI oboustrann\u011b kulacen\u00fd, 11 cm Aktu\u00e1ln\u00ed\"}]},{\"@type\":\"WebSite\",\"@id\":\"https:\/\/www.domtechnikpro.com\/#website\",\"url\":\"https:\/\/www.domtechnikpro.com\/\",\"name\":\"\",\"description\":\"\",\"potentialAction\":[{\"@type\":\"SearchAction\",\"target\":{\"@type\":\"EntryPoint\",\"urlTemplate\":\"https:\/\/www.domtechnikpro.com\/?s={search_term_string}\"},\"query-input\":{\"@type\":\"PropertyValueSpecification\",\"valueRequired\":true,\"valueName\":\"search_term_string\"}}],\"inLanguage\":\"cs\"}]}<\/script>\n<!-- \/ Yoast SEO plugin. -->","yoast_head_json":{"title":"SPOKAR\u00ae V\u00e1le\u010dek lak\u00fdrnick\u00fd MOLTOPREN FLOCK MINI oboustrann\u011b kulacen\u00fd, 11 cm Aktu\u00e1ln\u00ed -","robots":{"index":"index","follow":"follow","max-snippet":"max-snippet:-1","max-image-preview":"max-image-preview:large","max-video-preview":"max-video-preview:-1"},"canonical":"https:\/\/www.domtechnikpro.com\/index.php\/produkt\/spokar-r-valecek-lakyrnicky-moltopren-flock-mini-oboustranne-kulaceny-11-cm-aktualni-39779\/","og_locale":"cs_CZ","og_type":"article","og_title":"SPOKAR\u00ae V\u00e1le\u010dek lak\u00fdrnick\u00fd MOLTOPREN FLOCK MINI oboustrann\u011b kulacen\u00fd, 11 cm Aktu\u00e1ln\u00ed -","og_description":"Detailn\u00ed popis produktu V\u00e1le\u010dek FLOCK (moltopren 30 kg\/m3) J\u00e1dro z moltoprenov\u00e9 houby, na povrchu jemn\u00e1 polyamidov\u00e1 vl\u00e1kna Pro kvalitn\u00ed vrchn\u00ed lakov\u00e1n\u00ed, pro v\u0161echny druhy barev a lak\u016f. \u0160\u00ed\u0159ka v\u00e1le\u010dku: 11 cm Pr\u016fm\u011br j\u00e1dra: 15 mm Pro dr\u017eadla o pr\u016fm\u011bru: 6 mm","og_url":"https:\/\/www.domtechnikpro.com\/index.php\/produkt\/spokar-r-valecek-lakyrnicky-moltopren-flock-mini-oboustranne-kulaceny-11-cm-aktualni-39779\/","og_image":[{"width":1000,"height":750,"url":"https:\/\/www.domtechnikpro.com\/wp-content\/uploads\/2026\/SK0001398-CZ20260425-092522-0-1777080324-44450_valecek-flock-110-spokar.webp","type":"image\/webp"}],"twitter_card":"summary_large_image","schema":{"@context":"https:\/\/schema.org","@graph":[{"@type":"WebPage","@id":"https:\/\/www.domtechnikpro.com\/index.php\/produkt\/spokar-r-valecek-lakyrnicky-moltopren-flock-mini-oboustranne-kulaceny-11-cm-aktualni-39779\/","url":"https:\/\/www.domtechnikpro.com\/index.php\/produkt\/spokar-r-valecek-lakyrnicky-moltopren-flock-mini-oboustranne-kulaceny-11-cm-aktualni-39779\/","name":"SPOKAR\u00ae V\u00e1le\u010dek lak\u00fdrnick\u00fd MOLTOPREN FLOCK MINI oboustrann\u011b kulacen\u00fd, 11 cm Aktu\u00e1ln\u00ed -","isPartOf":{"@id":"https:\/\/www.domtechnikpro.com\/#website"},"primaryImageOfPage":{"@id":"https:\/\/www.domtechnikpro.com\/index.php\/produkt\/spokar-r-valecek-lakyrnicky-moltopren-flock-mini-oboustranne-kulaceny-11-cm-aktualni-39779\/#primaryimage"},"image":{"@id":"https:\/\/www.domtechnikpro.com\/index.php\/produkt\/spokar-r-valecek-lakyrnicky-moltopren-flock-mini-oboustranne-kulaceny-11-cm-aktualni-39779\/#primaryimage"},"thumbnailUrl":"https:\/\/www.domtechnikpro.com\/wp-content\/uploads\/2026\/SK0001398-CZ20260425-092522-0-1777080324-44450_valecek-flock-110-spokar.webp","datePublished":"2026-04-26T08:58:39+00:00","breadcrumb":{"@id":"https:\/\/www.domtechnikpro.com\/index.php\/produkt\/spokar-r-valecek-lakyrnicky-moltopren-flock-mini-oboustranne-kulaceny-11-cm-aktualni-39779\/#breadcrumb"},"inLanguage":"cs","potentialAction":[{"@type":"ReadAction","target":["https:\/\/www.domtechnikpro.com\/index.php\/produkt\/spokar-r-valecek-lakyrnicky-moltopren-flock-mini-oboustranne-kulaceny-11-cm-aktualni-39779\/"]}]},{"@type":"ImageObject","inLanguage":"cs","@id":"https:\/\/www.domtechnikpro.com\/index.php\/produkt\/spokar-r-valecek-lakyrnicky-moltopren-flock-mini-oboustranne-kulaceny-11-cm-aktualni-39779\/#primaryimage","url":"https:\/\/www.domtechnikpro.com\/wp-content\/uploads\/2026\/SK0001398-CZ20260425-092522-0-1777080324-44450_valecek-flock-110-spokar.webp","contentUrl":"https:\/\/www.domtechnikpro.com\/wp-content\/uploads\/2026\/SK0001398-CZ20260425-092522-0-1777080324-44450_valecek-flock-110-spokar.webp","width":1000,"height":750},{"@type":"BreadcrumbList","@id":"https:\/\/www.domtechnikpro.com\/index.php\/produkt\/spokar-r-valecek-lakyrnicky-moltopren-flock-mini-oboustranne-kulaceny-11-cm-aktualni-39779\/#breadcrumb","itemListElement":[{"@type":"ListItem","position":1,"name":"Home","item":"https:\/\/www.domtechnikpro.com\/"},{"@type":"ListItem","position":2,"name":"Products","item":"https:\/\/www.domtechnikpro.com\/index.php\/products\/"},{"@type":"ListItem","position":3,"name":"SPOKAR\u00ae V\u00e1le\u010dek lak\u00fdrnick\u00fd MOLTOPREN FLOCK MINI oboustrann\u011b kulacen\u00fd, 11 cm Aktu\u00e1ln\u00ed"}]},{"@type":"WebSite","@id":"https:\/\/www.domtechnikpro.com\/#website","url":"https:\/\/www.domtechnikpro.com\/","name":"","description":"","potentialAction":[{"@type":"SearchAction","target":{"@type":"EntryPoint","urlTemplate":"https:\/\/www.domtechnikpro.com\/?s={search_term_string}"},"query-input":{"@type":"PropertyValueSpecification","valueRequired":true,"valueName":"search_term_string"}}],"inLanguage":"cs"}]}},"_links":{"self":[{"href":"https:\/\/www.domtechnikpro.com\/index.php\/wp-json\/wp\/v2\/product\/39779","targetHints":{"allow":["GET"]}}],"collection":[{"href":"https:\/\/www.domtechnikpro.com\/index.php\/wp-json\/wp\/v2\/product"}],"about":[{"href":"https:\/\/www.domtechnikpro.com\/index.php\/wp-json\/wp\/v2\/types\/product"}],"replies":[{"embeddable":true,"href":"https:\/\/www.domtechnikpro.com\/index.php\/wp-json\/wp\/v2\/comments?post=39779"}],"wp:featuredmedia":[{"embeddable":true,"href":"https:\/\/www.domtechnikpro.com\/index.php\/wp-json\/wp\/v2\/media\/39879"}],"wp:attachment":[{"href":"https:\/\/www.domtechnikpro.com\/index.php\/wp-json\/wp\/v2\/media?parent=39779"}],"wp:term":[{"taxonomy":"product_brand","embeddable":true,"href":"https:\/\/www.domtechnikpro.com\/index.php\/wp-json\/wp\/v2\/product_brand?post=39779"},{"taxonomy":"product_cat","embeddable":true,"href":"https:\/\/www.domtechnikpro.com\/index.php\/wp-json\/wp\/v2\/product_cat?post=39779"},{"taxonomy":"product_tag","embeddable":true,"href":"https:\/\/www.domtechnikpro.com\/index.php\/wp-json\/wp\/v2\/product_tag?post=39779"}],"curies":[{"name":"wp","href":"https:\/\/api.w.org\/{rel}","templated":true}]}}