{"id":39778,"date":"2026-04-26T08:58:39","date_gmt":"2026-04-26T08:58:39","guid":{"rendered":""},"modified":"2026-04-26T08:58:39","modified_gmt":"2026-04-26T08:58:39","slug":"spokar-r-valecek-lakyrnicky-mikroplys-10-mini-15-cm-koupit-online-39778","status":"publish","type":"product","link":"https:\/\/www.domtechnikpro.com\/index.php\/produkt\/spokar-r-valecek-lakyrnicky-mikroplys-10-mini-15-cm-koupit-online-39778\/","title":{"rendered":"SPOKAR\u00ae V\u00e1le\u010dek lak\u00fdrnick\u00fd MIKROPLY\u0160 10 MINI, 15 cm Koupit Online"},"content":{"rendered":"<div class=\"basic-description\">\n<h3>Detailn\u00ed popis produktu<\/h3>\n<ul>\n<li><span style=\"font-family: inherit; font-size: 12pt;\"><strong><span class=\"show-tooltip\" title=\"V\u00e1lec je dal\u0161\u00edm geometrick\u00fdm \u00fatvarem ve t\u0159\u00edrozm\u011brn\u00e9m prostoru. Je to t\u011bleso, kter\u00e9 m\u00e1 dv\u011b kruhov\u00e9 podstavy, kter\u00e9 jsou rovnob\u011b\u017en\u00e9 a stejn\u011b velk\u00e9, a mezi nimi je pl\u00e1\u0161\u0165, kter\u00fd je tvo\u0159en rovinn\u00fdmi plochami (obvykle obd\u00e9ln\u00edky nebo \u010dtverce).&amp;hellip;\">V\u00e1le\u010dek<\/span> mikroply\u0161 (<span class=\"show-tooltip\" title=\"&quot;Syntetick\u00fd&quot; je term\u00edn pou\u017e\u00edvan\u00fd k popisu n\u011b\u010deho, co bylo vyrobeno nebo vytvo\u0159eno \u010dlov\u011bkem, na rozd\u00edl od p\u0159\u00edrodn\u00edho p\u016fvodu. V kontextu materi\u00e1l\u016f, vl\u00e1ken, l\u00e1tek nebo chemick\u00fdch slou\u010denin, slovo &quot;syntetick\u00fd&quot; ozna\u010duje um\u011ble vytvo\u0159en\u00e9 nebo vyroben\u00e9 v\u011bci,&amp;hellip;\">syntetick\u00fd<\/span> <span class=\"show-tooltip\" title=\"Polyestery jsou skupinou syntetick\u00fdch polymer\u016f, kter\u00e9 jsou vyrobeny z ester\u016f. Tyto polymery maj\u00ed \u0161irokou \u0161k\u00e1lu aplikac\u00ed a jsou zn\u00e1m\u00e9 pro svou pevnost, odolnost a odolnost v\u016f\u010di opot\u0159eben\u00ed. Polyesterov\u00e1 vl\u00e1kna a plastov\u00e9 materi\u00e1ly&amp;hellip;\">polyester<\/span>) MINI<\/strong><\/span><\/li>\n<li><span style=\"font-family: inherit; font-size: 12pt;\"><strong>Pro kvalitn\u00ed lak\u00fdrnick\u00e9 pr\u00e1ce, obzvl\u00e1\u0161\u0165 vhodn\u00fd pro <span class=\"show-tooltip\" title=\"Voda,&amp;nbsp;chemick\u00fdm vzorcem&amp;nbsp;H2O,&amp;nbsp;systematick\u00fd n\u00e1zev&amp;nbsp;oxidan, je&amp;nbsp;chemick\u00e1 slou\u010denina&amp;nbsp;vod\u00edku&amp;nbsp;a&amp;nbsp;kysl\u00edku. Spolu se&amp;nbsp;vzduchem, resp.&amp;nbsp;zemskou atmosf\u00e9rou, tvo\u0159\u00ed z\u00e1kladn\u00ed podm\u00ednky pro&amp;hellip;\">vodou<\/span> \u0159editeln\u00e9 barvy a <span class=\"show-tooltip\" title=\"Lak je povlak nebo n\u00e1t\u011br, kter\u00fd se nan\u00e1\u0161\u00ed na povrchy s c\u00edlem zv\u00fd\u0161it jejich odolnost, estetick\u00fd vzhled nebo ochranu. Existuje mnoho r\u016fzn\u00fdch typ\u016f lak\u016f, z nich\u017e ka\u017ed\u00fd je ur\u010den pro specifick\u00e9 pou\u017eit\u00ed a materi\u00e1ly:Vodou \u0159editeln\u00fd lak: Typ&amp;hellip;\">laky<\/span>.<\/strong><\/span><\/li>\n<\/ul>\n<div><span style=\"font-family: inherit; font-size: 12pt;\"><strong>\u0160\u00ed\u0159ka v\u00e1le\u010dku: 15 cm<\/strong><\/span><\/div>\n<div><span style=\"font-family: inherit; font-size: 12pt;\"><strong>V\u00fd\u0161ka ply\u0161e: 10 mm<\/strong><\/span><\/div>\n<div><span style=\"font-family: inherit; font-size: 12pt;\"><strong><span class=\"show-tooltip\" title=\"Pr\u016fm\u011br kruhu a kru\u017enice je d\u00e9lka \u00fase\u010dky, kter\u00e1 proch\u00e1z\u00ed st\u0159edem kruhu a spojuje dva body na jeho obvodu. Zkr\u00e1cen\u011b se pr\u016fm\u011br kruhu ozna\u010duje symbolem &quot;d&quot;.Vztah mezi pr\u016fm\u011brem kruhu a jeho polom\u011brem &quot;r&quot; je n\u00e1sleduj\u00edc\u00ed: d = 2 * rKde &quot;d&quot; je&amp;hellip;\">Pr\u016fm\u011br<\/span> j\u00e1dra: 15 mm&nbsp;<\/strong><\/span><\/div>\n<div><span style=\"font-family: inherit; font-size: 12pt;\"><strong>Pro dr\u017eadla o pr\u016fm\u011bru: 6 mm&nbsp;&nbsp;<\/strong><\/span><\/div>\n<\/p><\/div>\n","protected":false},"excerpt":{"rendered":"<p>Detailn\u00ed popis produktu V\u00e1le\u010dek mikroply\u0161 (syntetick\u00fd polyester) MINI Pro kvalitn\u00ed lak\u00fdrnick\u00e9 pr\u00e1ce, obzvl\u00e1\u0161\u0165 vhodn\u00fd pro vodou \u0159editeln\u00e9 barvy a laky. \u0160\u00ed\u0159ka v\u00e1le\u010dku: 15 cm V\u00fd\u0161ka ply\u0161e: 10 mm Pr\u016fm\u011br j\u00e1dra: 15 mm&nbsp; Pro dr\u017eadla o pr\u016fm\u011bru: 6 mm&nbsp;&nbsp;<\/p>\n","protected":false},"featured_media":39878,"comment_status":"open","ping_status":"open","template":"","meta":[],"product_brand":[],"product_cat":[133],"product_tag":[],"class_list":{"0":"post-39778","1":"product","2":"type-product","3":"status-publish","4":"has-post-thumbnail","6":"product_cat-barvy-amp-laky","8":"first","9":"instock","10":"sale","11":"shipping-taxable","12":"purchasable","13":"product-type-simple"},"yoast_head":"<!-- This site is optimized with the Yoast SEO plugin v26.8 - https:\/\/yoast.com\/product\/yoast-seo-wordpress\/ -->\n<title>SPOKAR\u00ae V\u00e1le\u010dek lak\u00fdrnick\u00fd MIKROPLY\u0160 10 MINI, 15 cm Koupit Online -<\/title>\n<meta name=\"robots\" content=\"index, follow, max-snippet:-1, max-image-preview:large, max-video-preview:-1\" \/>\n<link rel=\"canonical\" href=\"https:\/\/www.domtechnikpro.com\/index.php\/produkt\/spokar-r-valecek-lakyrnicky-mikroplys-10-mini-15-cm-koupit-online-39778\/\" \/>\n<meta property=\"og:locale\" content=\"cs_CZ\" \/>\n<meta property=\"og:type\" content=\"article\" \/>\n<meta property=\"og:title\" content=\"SPOKAR\u00ae V\u00e1le\u010dek lak\u00fdrnick\u00fd MIKROPLY\u0160 10 MINI, 15 cm Koupit Online -\" \/>\n<meta property=\"og:description\" content=\"Detailn\u00ed popis produktu V\u00e1le\u010dek mikroply\u0161 (syntetick\u00fd polyester) MINI Pro kvalitn\u00ed lak\u00fdrnick\u00e9 pr\u00e1ce, obzvl\u00e1\u0161\u0165 vhodn\u00fd pro vodou \u0159editeln\u00e9 barvy a laky. \u0160\u00ed\u0159ka v\u00e1le\u010dku: 15 cm V\u00fd\u0161ka ply\u0161e: 10 mm Pr\u016fm\u011br j\u00e1dra: 15 mm&nbsp; Pro dr\u017eadla o pr\u016fm\u011bru: 6 mm&nbsp;&nbsp;\" \/>\n<meta property=\"og:url\" content=\"https:\/\/www.domtechnikpro.com\/index.php\/produkt\/spokar-r-valecek-lakyrnicky-mikroplys-10-mini-15-cm-koupit-online-39778\/\" \/>\n<meta property=\"og:image\" content=\"https:\/\/www.domtechnikpro.com\/wp-content\/uploads\/2026\/SK0001397-CZ20260425-092522-0-1777080324-44444_valecek-mikroplys-mini-15-spokar.webp\" \/>\n\t<meta property=\"og:image:width\" content=\"1000\" \/>\n\t<meta property=\"og:image:height\" content=\"750\" \/>\n\t<meta property=\"og:image:type\" content=\"image\/webp\" \/>\n<meta name=\"twitter:card\" content=\"summary_large_image\" \/>\n<script type=\"application\/ld+json\" class=\"yoast-schema-graph\">{\"@context\":\"https:\/\/schema.org\",\"@graph\":[{\"@type\":\"WebPage\",\"@id\":\"https:\/\/www.domtechnikpro.com\/index.php\/produkt\/spokar-r-valecek-lakyrnicky-mikroplys-10-mini-15-cm-koupit-online-39778\/\",\"url\":\"https:\/\/www.domtechnikpro.com\/index.php\/produkt\/spokar-r-valecek-lakyrnicky-mikroplys-10-mini-15-cm-koupit-online-39778\/\",\"name\":\"SPOKAR\u00ae V\u00e1le\u010dek lak\u00fdrnick\u00fd MIKROPLY\u0160 10 MINI, 15 cm Koupit Online -\",\"isPartOf\":{\"@id\":\"https:\/\/www.domtechnikpro.com\/#website\"},\"primaryImageOfPage\":{\"@id\":\"https:\/\/www.domtechnikpro.com\/index.php\/produkt\/spokar-r-valecek-lakyrnicky-mikroplys-10-mini-15-cm-koupit-online-39778\/#primaryimage\"},\"image\":{\"@id\":\"https:\/\/www.domtechnikpro.com\/index.php\/produkt\/spokar-r-valecek-lakyrnicky-mikroplys-10-mini-15-cm-koupit-online-39778\/#primaryimage\"},\"thumbnailUrl\":\"https:\/\/www.domtechnikpro.com\/wp-content\/uploads\/2026\/SK0001397-CZ20260425-092522-0-1777080324-44444_valecek-mikroplys-mini-15-spokar.webp\",\"datePublished\":\"2026-04-26T08:58:39+00:00\",\"breadcrumb\":{\"@id\":\"https:\/\/www.domtechnikpro.com\/index.php\/produkt\/spokar-r-valecek-lakyrnicky-mikroplys-10-mini-15-cm-koupit-online-39778\/#breadcrumb\"},\"inLanguage\":\"cs\",\"potentialAction\":[{\"@type\":\"ReadAction\",\"target\":[\"https:\/\/www.domtechnikpro.com\/index.php\/produkt\/spokar-r-valecek-lakyrnicky-mikroplys-10-mini-15-cm-koupit-online-39778\/\"]}]},{\"@type\":\"ImageObject\",\"inLanguage\":\"cs\",\"@id\":\"https:\/\/www.domtechnikpro.com\/index.php\/produkt\/spokar-r-valecek-lakyrnicky-mikroplys-10-mini-15-cm-koupit-online-39778\/#primaryimage\",\"url\":\"https:\/\/www.domtechnikpro.com\/wp-content\/uploads\/2026\/SK0001397-CZ20260425-092522-0-1777080324-44444_valecek-mikroplys-mini-15-spokar.webp\",\"contentUrl\":\"https:\/\/www.domtechnikpro.com\/wp-content\/uploads\/2026\/SK0001397-CZ20260425-092522-0-1777080324-44444_valecek-mikroplys-mini-15-spokar.webp\",\"width\":1000,\"height\":750},{\"@type\":\"BreadcrumbList\",\"@id\":\"https:\/\/www.domtechnikpro.com\/index.php\/produkt\/spokar-r-valecek-lakyrnicky-mikroplys-10-mini-15-cm-koupit-online-39778\/#breadcrumb\",\"itemListElement\":[{\"@type\":\"ListItem\",\"position\":1,\"name\":\"Home\",\"item\":\"https:\/\/www.domtechnikpro.com\/\"},{\"@type\":\"ListItem\",\"position\":2,\"name\":\"Products\",\"item\":\"https:\/\/www.domtechnikpro.com\/index.php\/products\/\"},{\"@type\":\"ListItem\",\"position\":3,\"name\":\"SPOKAR\u00ae V\u00e1le\u010dek lak\u00fdrnick\u00fd MIKROPLY\u0160 10 MINI, 15 cm Koupit Online\"}]},{\"@type\":\"WebSite\",\"@id\":\"https:\/\/www.domtechnikpro.com\/#website\",\"url\":\"https:\/\/www.domtechnikpro.com\/\",\"name\":\"\",\"description\":\"\",\"potentialAction\":[{\"@type\":\"SearchAction\",\"target\":{\"@type\":\"EntryPoint\",\"urlTemplate\":\"https:\/\/www.domtechnikpro.com\/?s={search_term_string}\"},\"query-input\":{\"@type\":\"PropertyValueSpecification\",\"valueRequired\":true,\"valueName\":\"search_term_string\"}}],\"inLanguage\":\"cs\"}]}<\/script>\n<!-- \/ Yoast SEO plugin. -->","yoast_head_json":{"title":"SPOKAR\u00ae V\u00e1le\u010dek lak\u00fdrnick\u00fd MIKROPLY\u0160 10 MINI, 15 cm Koupit Online -","robots":{"index":"index","follow":"follow","max-snippet":"max-snippet:-1","max-image-preview":"max-image-preview:large","max-video-preview":"max-video-preview:-1"},"canonical":"https:\/\/www.domtechnikpro.com\/index.php\/produkt\/spokar-r-valecek-lakyrnicky-mikroplys-10-mini-15-cm-koupit-online-39778\/","og_locale":"cs_CZ","og_type":"article","og_title":"SPOKAR\u00ae V\u00e1le\u010dek lak\u00fdrnick\u00fd MIKROPLY\u0160 10 MINI, 15 cm Koupit Online -","og_description":"Detailn\u00ed popis produktu V\u00e1le\u010dek mikroply\u0161 (syntetick\u00fd polyester) MINI Pro kvalitn\u00ed lak\u00fdrnick\u00e9 pr\u00e1ce, obzvl\u00e1\u0161\u0165 vhodn\u00fd pro vodou \u0159editeln\u00e9 barvy a laky. \u0160\u00ed\u0159ka v\u00e1le\u010dku: 15 cm V\u00fd\u0161ka ply\u0161e: 10 mm Pr\u016fm\u011br j\u00e1dra: 15 mm&nbsp; Pro dr\u017eadla o pr\u016fm\u011bru: 6 mm&nbsp;&nbsp;","og_url":"https:\/\/www.domtechnikpro.com\/index.php\/produkt\/spokar-r-valecek-lakyrnicky-mikroplys-10-mini-15-cm-koupit-online-39778\/","og_image":[{"width":1000,"height":750,"url":"https:\/\/www.domtechnikpro.com\/wp-content\/uploads\/2026\/SK0001397-CZ20260425-092522-0-1777080324-44444_valecek-mikroplys-mini-15-spokar.webp","type":"image\/webp"}],"twitter_card":"summary_large_image","schema":{"@context":"https:\/\/schema.org","@graph":[{"@type":"WebPage","@id":"https:\/\/www.domtechnikpro.com\/index.php\/produkt\/spokar-r-valecek-lakyrnicky-mikroplys-10-mini-15-cm-koupit-online-39778\/","url":"https:\/\/www.domtechnikpro.com\/index.php\/produkt\/spokar-r-valecek-lakyrnicky-mikroplys-10-mini-15-cm-koupit-online-39778\/","name":"SPOKAR\u00ae V\u00e1le\u010dek lak\u00fdrnick\u00fd MIKROPLY\u0160 10 MINI, 15 cm Koupit Online -","isPartOf":{"@id":"https:\/\/www.domtechnikpro.com\/#website"},"primaryImageOfPage":{"@id":"https:\/\/www.domtechnikpro.com\/index.php\/produkt\/spokar-r-valecek-lakyrnicky-mikroplys-10-mini-15-cm-koupit-online-39778\/#primaryimage"},"image":{"@id":"https:\/\/www.domtechnikpro.com\/index.php\/produkt\/spokar-r-valecek-lakyrnicky-mikroplys-10-mini-15-cm-koupit-online-39778\/#primaryimage"},"thumbnailUrl":"https:\/\/www.domtechnikpro.com\/wp-content\/uploads\/2026\/SK0001397-CZ20260425-092522-0-1777080324-44444_valecek-mikroplys-mini-15-spokar.webp","datePublished":"2026-04-26T08:58:39+00:00","breadcrumb":{"@id":"https:\/\/www.domtechnikpro.com\/index.php\/produkt\/spokar-r-valecek-lakyrnicky-mikroplys-10-mini-15-cm-koupit-online-39778\/#breadcrumb"},"inLanguage":"cs","potentialAction":[{"@type":"ReadAction","target":["https:\/\/www.domtechnikpro.com\/index.php\/produkt\/spokar-r-valecek-lakyrnicky-mikroplys-10-mini-15-cm-koupit-online-39778\/"]}]},{"@type":"ImageObject","inLanguage":"cs","@id":"https:\/\/www.domtechnikpro.com\/index.php\/produkt\/spokar-r-valecek-lakyrnicky-mikroplys-10-mini-15-cm-koupit-online-39778\/#primaryimage","url":"https:\/\/www.domtechnikpro.com\/wp-content\/uploads\/2026\/SK0001397-CZ20260425-092522-0-1777080324-44444_valecek-mikroplys-mini-15-spokar.webp","contentUrl":"https:\/\/www.domtechnikpro.com\/wp-content\/uploads\/2026\/SK0001397-CZ20260425-092522-0-1777080324-44444_valecek-mikroplys-mini-15-spokar.webp","width":1000,"height":750},{"@type":"BreadcrumbList","@id":"https:\/\/www.domtechnikpro.com\/index.php\/produkt\/spokar-r-valecek-lakyrnicky-mikroplys-10-mini-15-cm-koupit-online-39778\/#breadcrumb","itemListElement":[{"@type":"ListItem","position":1,"name":"Home","item":"https:\/\/www.domtechnikpro.com\/"},{"@type":"ListItem","position":2,"name":"Products","item":"https:\/\/www.domtechnikpro.com\/index.php\/products\/"},{"@type":"ListItem","position":3,"name":"SPOKAR\u00ae V\u00e1le\u010dek lak\u00fdrnick\u00fd MIKROPLY\u0160 10 MINI, 15 cm Koupit Online"}]},{"@type":"WebSite","@id":"https:\/\/www.domtechnikpro.com\/#website","url":"https:\/\/www.domtechnikpro.com\/","name":"","description":"","potentialAction":[{"@type":"SearchAction","target":{"@type":"EntryPoint","urlTemplate":"https:\/\/www.domtechnikpro.com\/?s={search_term_string}"},"query-input":{"@type":"PropertyValueSpecification","valueRequired":true,"valueName":"search_term_string"}}],"inLanguage":"cs"}]}},"_links":{"self":[{"href":"https:\/\/www.domtechnikpro.com\/index.php\/wp-json\/wp\/v2\/product\/39778","targetHints":{"allow":["GET"]}}],"collection":[{"href":"https:\/\/www.domtechnikpro.com\/index.php\/wp-json\/wp\/v2\/product"}],"about":[{"href":"https:\/\/www.domtechnikpro.com\/index.php\/wp-json\/wp\/v2\/types\/product"}],"replies":[{"embeddable":true,"href":"https:\/\/www.domtechnikpro.com\/index.php\/wp-json\/wp\/v2\/comments?post=39778"}],"wp:featuredmedia":[{"embeddable":true,"href":"https:\/\/www.domtechnikpro.com\/index.php\/wp-json\/wp\/v2\/media\/39878"}],"wp:attachment":[{"href":"https:\/\/www.domtechnikpro.com\/index.php\/wp-json\/wp\/v2\/media?parent=39778"}],"wp:term":[{"taxonomy":"product_brand","embeddable":true,"href":"https:\/\/www.domtechnikpro.com\/index.php\/wp-json\/wp\/v2\/product_brand?post=39778"},{"taxonomy":"product_cat","embeddable":true,"href":"https:\/\/www.domtechnikpro.com\/index.php\/wp-json\/wp\/v2\/product_cat?post=39778"},{"taxonomy":"product_tag","embeddable":true,"href":"https:\/\/www.domtechnikpro.com\/index.php\/wp-json\/wp\/v2\/product_tag?post=39778"}],"curies":[{"name":"wp","href":"https:\/\/api.w.org\/{rel}","templated":true}]}}