{"id":39760,"date":"2026-04-26T08:58:39","date_gmt":"2026-04-26T08:58:39","guid":{"rendered":""},"modified":"2026-04-26T08:58:39","modified_gmt":"2026-04-26T08:58:39","slug":"spokar-r-valecek-fasadni-gir-paint-18-maxi-18-cm-hit-sezony-39760","status":"publish","type":"product","link":"https:\/\/www.domtechnikpro.com\/index.php\/produkt\/spokar-r-valecek-fasadni-gir-paint-18-maxi-18-cm-hit-sezony-39760\/","title":{"rendered":"SPOKAR\u00ae V\u00e1le\u010dek fas\u00e1dn\u00ed GIR-PAINT 18 MAXI, 18 cm Hit Sez\u00f3ny"},"content":{"rendered":"<div class=\"basic-description\">\n<h3>Detailn\u00ed popis produktu<\/h3>\n<div>\n<h1><strong><span class=\"show-tooltip\" title=\"V\u00e1lec je dal\u0161\u00edm geometrick\u00fdm \u00fatvarem ve t\u0159\u00edrozm\u011brn\u00e9m prostoru. Je to t\u011bleso, kter\u00e9 m\u00e1 dv\u011b kruhov\u00e9 podstavy, kter\u00e9 jsou rovnob\u011b\u017en\u00e9 a stejn\u011b velk\u00e9, a mezi nimi je pl\u00e1\u0161\u0165, kter\u00fd je tvo\u0159en rovinn\u00fdmi plochami (obvykle obd\u00e9ln\u00edky nebo \u010dtverce).&amp;hellip;\">V\u00e1le\u010dek<\/span> <span class=\"show-tooltip\" title=\"Fas\u00e1da je vn\u011bj\u0161\u00ed ob\u00e1lka budovy, tedy obvodov\u00fd pl\u00e1\u0161\u0165, kter\u00fd chr\u00e1n\u00ed stavbu p\u0159ed vlivy po\u010das\u00ed a slou\u017e\u00ed k estetick\u00e9mu a funk\u010dn\u00edmu \u00fa\u010delu. Fas\u00e1da hraje d\u016fle\u017eitou roli v celkov\u00e9m vzhledu budovy a m\u016f\u017ee m\u00edt vliv na tepelnou izolaci, ochranu proti vlhkosti a&amp;hellip;\">fas\u00e1dn\u00ed<\/span> GIR-PAINT 18 MAXI , 18 cm<\/strong><\/h1>\n<div><span><strong>\u058d Pro malov\u00e1n\u00ed hladk\u00fdch a st\u0159edn\u011b hrub\u00fdch ploch, vysok\u00e1 \u017eivotnost.\u00a0<\/strong><\/span><\/div>\n<div><span><strong>\u058d Zejm\u00e9na k barven\u00ed fas\u00e1d, ale je vhodn\u00fd i pro interi\u00e9rov\u00e9 <span class=\"show-tooltip\" title=\"Emulze je typ disperzn\u00edho syst\u00e9mu, ve kter\u00e9m se dv\u011b nem\u00edsiteln\u00e9 kapaliny, obvykle olej a voda, sm\u00edchaj\u00ed tak, aby vytvo\u0159ily stabiln\u00ed a homogenn\u00ed sm\u011bs.Tato stabiln\u00ed sm\u011bs obsahuje jednu kapalinu rozpt\u00fdlenou ve form\u011b drobn\u00fdch kapek v druh\u00e9&amp;hellip;\">emulzn\u00ed<\/span> barvy.<\/strong><\/span><\/div>\n<p><span style=\"font-size: 12pt; font-family: inherit;\"><strong><\/strong><\/span><\/div>\n<div>\u00a0<\/div>\n<\/p><\/div>\n","protected":false},"excerpt":{"rendered":"<p>Detailn\u00ed popis produktu V\u00e1le\u010dek fas\u00e1dn\u00ed GIR-PAINT 18 MAXI , 18 cm \u058d Pro malov\u00e1n\u00ed hladk\u00fdch a st\u0159edn\u011b hrub\u00fdch ploch, vysok\u00e1 \u017eivotnost.\u00a0 \u058d Zejm\u00e9na k barven\u00ed fas\u00e1d, ale je vhodn\u00fd i pro interi\u00e9rov\u00e9 emulzn\u00ed barvy. \u00a0<\/p>\n","protected":false},"featured_media":39860,"comment_status":"open","ping_status":"open","template":"","meta":[],"product_brand":[],"product_cat":[133],"product_tag":[],"class_list":{"0":"post-39760","1":"product","2":"type-product","3":"status-publish","4":"has-post-thumbnail","6":"product_cat-barvy-amp-laky","8":"first","9":"instock","10":"sale","11":"shipping-taxable","12":"purchasable","13":"product-type-simple"},"yoast_head":"<!-- This site is optimized with the Yoast SEO plugin v26.8 - https:\/\/yoast.com\/product\/yoast-seo-wordpress\/ -->\n<title>SPOKAR\u00ae V\u00e1le\u010dek fas\u00e1dn\u00ed GIR-PAINT 18 MAXI, 18 cm Hit Sez\u00f3ny -<\/title>\n<meta name=\"robots\" content=\"index, follow, max-snippet:-1, max-image-preview:large, max-video-preview:-1\" \/>\n<link rel=\"canonical\" href=\"https:\/\/www.domtechnikpro.com\/index.php\/produkt\/spokar-r-valecek-fasadni-gir-paint-18-maxi-18-cm-hit-sezony-39760\/\" \/>\n<meta property=\"og:locale\" content=\"cs_CZ\" \/>\n<meta property=\"og:type\" content=\"article\" \/>\n<meta property=\"og:title\" content=\"SPOKAR\u00ae V\u00e1le\u010dek fas\u00e1dn\u00ed GIR-PAINT 18 MAXI, 18 cm Hit Sez\u00f3ny -\" \/>\n<meta property=\"og:description\" content=\"Detailn\u00ed popis produktu V\u00e1le\u010dek fas\u00e1dn\u00ed GIR-PAINT 18 MAXI , 18 cm \u058d Pro malov\u00e1n\u00ed hladk\u00fdch a st\u0159edn\u011b hrub\u00fdch ploch, vysok\u00e1 \u017eivotnost.\u00a0 \u058d Zejm\u00e9na k barven\u00ed fas\u00e1d, ale je vhodn\u00fd i pro interi\u00e9rov\u00e9 emulzn\u00ed barvy. \u00a0\" \/>\n<meta property=\"og:url\" content=\"https:\/\/www.domtechnikpro.com\/index.php\/produkt\/spokar-r-valecek-fasadni-gir-paint-18-maxi-18-cm-hit-sezony-39760\/\" \/>\n<meta property=\"og:image\" content=\"https:\/\/www.domtechnikpro.com\/wp-content\/uploads\/2026\/SK0001379-CZ20260425-092522-0-1777080324-44360_spokar-valecek-fasadni-gir-paint-18-maxi--18-cm.webp\" \/>\n\t<meta property=\"og:image:width\" content=\"1000\" \/>\n\t<meta property=\"og:image:height\" content=\"750\" \/>\n\t<meta property=\"og:image:type\" content=\"image\/webp\" \/>\n<meta name=\"twitter:card\" content=\"summary_large_image\" \/>\n<script type=\"application\/ld+json\" class=\"yoast-schema-graph\">{\"@context\":\"https:\/\/schema.org\",\"@graph\":[{\"@type\":\"WebPage\",\"@id\":\"https:\/\/www.domtechnikpro.com\/index.php\/produkt\/spokar-r-valecek-fasadni-gir-paint-18-maxi-18-cm-hit-sezony-39760\/\",\"url\":\"https:\/\/www.domtechnikpro.com\/index.php\/produkt\/spokar-r-valecek-fasadni-gir-paint-18-maxi-18-cm-hit-sezony-39760\/\",\"name\":\"SPOKAR\u00ae V\u00e1le\u010dek fas\u00e1dn\u00ed GIR-PAINT 18 MAXI, 18 cm Hit Sez\u00f3ny -\",\"isPartOf\":{\"@id\":\"https:\/\/www.domtechnikpro.com\/#website\"},\"primaryImageOfPage\":{\"@id\":\"https:\/\/www.domtechnikpro.com\/index.php\/produkt\/spokar-r-valecek-fasadni-gir-paint-18-maxi-18-cm-hit-sezony-39760\/#primaryimage\"},\"image\":{\"@id\":\"https:\/\/www.domtechnikpro.com\/index.php\/produkt\/spokar-r-valecek-fasadni-gir-paint-18-maxi-18-cm-hit-sezony-39760\/#primaryimage\"},\"thumbnailUrl\":\"https:\/\/www.domtechnikpro.com\/wp-content\/uploads\/2026\/SK0001379-CZ20260425-092522-0-1777080324-44360_spokar-valecek-fasadni-gir-paint-18-maxi--18-cm.webp\",\"datePublished\":\"2026-04-26T08:58:39+00:00\",\"breadcrumb\":{\"@id\":\"https:\/\/www.domtechnikpro.com\/index.php\/produkt\/spokar-r-valecek-fasadni-gir-paint-18-maxi-18-cm-hit-sezony-39760\/#breadcrumb\"},\"inLanguage\":\"cs\",\"potentialAction\":[{\"@type\":\"ReadAction\",\"target\":[\"https:\/\/www.domtechnikpro.com\/index.php\/produkt\/spokar-r-valecek-fasadni-gir-paint-18-maxi-18-cm-hit-sezony-39760\/\"]}]},{\"@type\":\"ImageObject\",\"inLanguage\":\"cs\",\"@id\":\"https:\/\/www.domtechnikpro.com\/index.php\/produkt\/spokar-r-valecek-fasadni-gir-paint-18-maxi-18-cm-hit-sezony-39760\/#primaryimage\",\"url\":\"https:\/\/www.domtechnikpro.com\/wp-content\/uploads\/2026\/SK0001379-CZ20260425-092522-0-1777080324-44360_spokar-valecek-fasadni-gir-paint-18-maxi--18-cm.webp\",\"contentUrl\":\"https:\/\/www.domtechnikpro.com\/wp-content\/uploads\/2026\/SK0001379-CZ20260425-092522-0-1777080324-44360_spokar-valecek-fasadni-gir-paint-18-maxi--18-cm.webp\",\"width\":1000,\"height\":750},{\"@type\":\"BreadcrumbList\",\"@id\":\"https:\/\/www.domtechnikpro.com\/index.php\/produkt\/spokar-r-valecek-fasadni-gir-paint-18-maxi-18-cm-hit-sezony-39760\/#breadcrumb\",\"itemListElement\":[{\"@type\":\"ListItem\",\"position\":1,\"name\":\"Home\",\"item\":\"https:\/\/www.domtechnikpro.com\/\"},{\"@type\":\"ListItem\",\"position\":2,\"name\":\"Products\",\"item\":\"https:\/\/www.domtechnikpro.com\/index.php\/products\/\"},{\"@type\":\"ListItem\",\"position\":3,\"name\":\"SPOKAR\u00ae V\u00e1le\u010dek fas\u00e1dn\u00ed GIR-PAINT 18 MAXI, 18 cm Hit Sez\u00f3ny\"}]},{\"@type\":\"WebSite\",\"@id\":\"https:\/\/www.domtechnikpro.com\/#website\",\"url\":\"https:\/\/www.domtechnikpro.com\/\",\"name\":\"\",\"description\":\"\",\"potentialAction\":[{\"@type\":\"SearchAction\",\"target\":{\"@type\":\"EntryPoint\",\"urlTemplate\":\"https:\/\/www.domtechnikpro.com\/?s={search_term_string}\"},\"query-input\":{\"@type\":\"PropertyValueSpecification\",\"valueRequired\":true,\"valueName\":\"search_term_string\"}}],\"inLanguage\":\"cs\"}]}<\/script>\n<!-- \/ Yoast SEO plugin. -->","yoast_head_json":{"title":"SPOKAR\u00ae V\u00e1le\u010dek fas\u00e1dn\u00ed GIR-PAINT 18 MAXI, 18 cm Hit Sez\u00f3ny -","robots":{"index":"index","follow":"follow","max-snippet":"max-snippet:-1","max-image-preview":"max-image-preview:large","max-video-preview":"max-video-preview:-1"},"canonical":"https:\/\/www.domtechnikpro.com\/index.php\/produkt\/spokar-r-valecek-fasadni-gir-paint-18-maxi-18-cm-hit-sezony-39760\/","og_locale":"cs_CZ","og_type":"article","og_title":"SPOKAR\u00ae V\u00e1le\u010dek fas\u00e1dn\u00ed GIR-PAINT 18 MAXI, 18 cm Hit Sez\u00f3ny -","og_description":"Detailn\u00ed popis produktu V\u00e1le\u010dek fas\u00e1dn\u00ed GIR-PAINT 18 MAXI , 18 cm \u058d Pro malov\u00e1n\u00ed hladk\u00fdch a st\u0159edn\u011b hrub\u00fdch ploch, vysok\u00e1 \u017eivotnost.\u00a0 \u058d Zejm\u00e9na k barven\u00ed fas\u00e1d, ale je vhodn\u00fd i pro interi\u00e9rov\u00e9 emulzn\u00ed barvy. \u00a0","og_url":"https:\/\/www.domtechnikpro.com\/index.php\/produkt\/spokar-r-valecek-fasadni-gir-paint-18-maxi-18-cm-hit-sezony-39760\/","og_image":[{"width":1000,"height":750,"url":"https:\/\/www.domtechnikpro.com\/wp-content\/uploads\/2026\/SK0001379-CZ20260425-092522-0-1777080324-44360_spokar-valecek-fasadni-gir-paint-18-maxi--18-cm.webp","type":"image\/webp"}],"twitter_card":"summary_large_image","schema":{"@context":"https:\/\/schema.org","@graph":[{"@type":"WebPage","@id":"https:\/\/www.domtechnikpro.com\/index.php\/produkt\/spokar-r-valecek-fasadni-gir-paint-18-maxi-18-cm-hit-sezony-39760\/","url":"https:\/\/www.domtechnikpro.com\/index.php\/produkt\/spokar-r-valecek-fasadni-gir-paint-18-maxi-18-cm-hit-sezony-39760\/","name":"SPOKAR\u00ae V\u00e1le\u010dek fas\u00e1dn\u00ed GIR-PAINT 18 MAXI, 18 cm Hit Sez\u00f3ny -","isPartOf":{"@id":"https:\/\/www.domtechnikpro.com\/#website"},"primaryImageOfPage":{"@id":"https:\/\/www.domtechnikpro.com\/index.php\/produkt\/spokar-r-valecek-fasadni-gir-paint-18-maxi-18-cm-hit-sezony-39760\/#primaryimage"},"image":{"@id":"https:\/\/www.domtechnikpro.com\/index.php\/produkt\/spokar-r-valecek-fasadni-gir-paint-18-maxi-18-cm-hit-sezony-39760\/#primaryimage"},"thumbnailUrl":"https:\/\/www.domtechnikpro.com\/wp-content\/uploads\/2026\/SK0001379-CZ20260425-092522-0-1777080324-44360_spokar-valecek-fasadni-gir-paint-18-maxi--18-cm.webp","datePublished":"2026-04-26T08:58:39+00:00","breadcrumb":{"@id":"https:\/\/www.domtechnikpro.com\/index.php\/produkt\/spokar-r-valecek-fasadni-gir-paint-18-maxi-18-cm-hit-sezony-39760\/#breadcrumb"},"inLanguage":"cs","potentialAction":[{"@type":"ReadAction","target":["https:\/\/www.domtechnikpro.com\/index.php\/produkt\/spokar-r-valecek-fasadni-gir-paint-18-maxi-18-cm-hit-sezony-39760\/"]}]},{"@type":"ImageObject","inLanguage":"cs","@id":"https:\/\/www.domtechnikpro.com\/index.php\/produkt\/spokar-r-valecek-fasadni-gir-paint-18-maxi-18-cm-hit-sezony-39760\/#primaryimage","url":"https:\/\/www.domtechnikpro.com\/wp-content\/uploads\/2026\/SK0001379-CZ20260425-092522-0-1777080324-44360_spokar-valecek-fasadni-gir-paint-18-maxi--18-cm.webp","contentUrl":"https:\/\/www.domtechnikpro.com\/wp-content\/uploads\/2026\/SK0001379-CZ20260425-092522-0-1777080324-44360_spokar-valecek-fasadni-gir-paint-18-maxi--18-cm.webp","width":1000,"height":750},{"@type":"BreadcrumbList","@id":"https:\/\/www.domtechnikpro.com\/index.php\/produkt\/spokar-r-valecek-fasadni-gir-paint-18-maxi-18-cm-hit-sezony-39760\/#breadcrumb","itemListElement":[{"@type":"ListItem","position":1,"name":"Home","item":"https:\/\/www.domtechnikpro.com\/"},{"@type":"ListItem","position":2,"name":"Products","item":"https:\/\/www.domtechnikpro.com\/index.php\/products\/"},{"@type":"ListItem","position":3,"name":"SPOKAR\u00ae V\u00e1le\u010dek fas\u00e1dn\u00ed GIR-PAINT 18 MAXI, 18 cm Hit Sez\u00f3ny"}]},{"@type":"WebSite","@id":"https:\/\/www.domtechnikpro.com\/#website","url":"https:\/\/www.domtechnikpro.com\/","name":"","description":"","potentialAction":[{"@type":"SearchAction","target":{"@type":"EntryPoint","urlTemplate":"https:\/\/www.domtechnikpro.com\/?s={search_term_string}"},"query-input":{"@type":"PropertyValueSpecification","valueRequired":true,"valueName":"search_term_string"}}],"inLanguage":"cs"}]}},"_links":{"self":[{"href":"https:\/\/www.domtechnikpro.com\/index.php\/wp-json\/wp\/v2\/product\/39760","targetHints":{"allow":["GET"]}}],"collection":[{"href":"https:\/\/www.domtechnikpro.com\/index.php\/wp-json\/wp\/v2\/product"}],"about":[{"href":"https:\/\/www.domtechnikpro.com\/index.php\/wp-json\/wp\/v2\/types\/product"}],"replies":[{"embeddable":true,"href":"https:\/\/www.domtechnikpro.com\/index.php\/wp-json\/wp\/v2\/comments?post=39760"}],"wp:featuredmedia":[{"embeddable":true,"href":"https:\/\/www.domtechnikpro.com\/index.php\/wp-json\/wp\/v2\/media\/39860"}],"wp:attachment":[{"href":"https:\/\/www.domtechnikpro.com\/index.php\/wp-json\/wp\/v2\/media?parent=39760"}],"wp:term":[{"taxonomy":"product_brand","embeddable":true,"href":"https:\/\/www.domtechnikpro.com\/index.php\/wp-json\/wp\/v2\/product_brand?post=39760"},{"taxonomy":"product_cat","embeddable":true,"href":"https:\/\/www.domtechnikpro.com\/index.php\/wp-json\/wp\/v2\/product_cat?post=39760"},{"taxonomy":"product_tag","embeddable":true,"href":"https:\/\/www.domtechnikpro.com\/index.php\/wp-json\/wp\/v2\/product_tag?post=39760"}],"curies":[{"name":"wp","href":"https:\/\/api.w.org\/{rel}","templated":true}]}}