{"id":39723,"date":"2026-04-26T08:58:39","date_gmt":"2026-04-26T08:58:39","guid":{"rendered":""},"modified":"2026-04-26T08:58:39","modified_gmt":"2026-04-26T08:58:39","slug":"hit-sezony-spokar-r-tmelici-sterka-ocelova-sada-4-ks-39723","status":"publish","type":"product","link":"https:\/\/www.domtechnikpro.com\/index.php\/produkt\/hit-sezony-spokar-r-tmelici-sterka-ocelova-sada-4-ks-39723\/","title":{"rendered":"Hit Sez\u00f3ny SPOKAR\u00ae Tmelic\u00ed st\u011brka ocelov\u00e1 &#8211; sada 4 ks"},"content":{"rendered":"<div class=\"basic-description\">\n<h3>Detailn\u00ed popis produktu<\/h3>\n<ul>\n<li><span style=\"font-size: 12pt; font-family: inherit;\"><strong>Sada 4 tmelic\u00edch japonsk\u00fdch <span class=\"show-tooltip\" title=\"Ocel je slitina \u017eeleza s mal\u00fdm obsahem uhl\u00edku a dal\u0161\u00edmi p\u0159\u00edm\u011bsemi. Je to jeden z nejb\u011b\u017en\u011bji pou\u017e\u00edvan\u00fdch materi\u00e1l\u016f v pr\u016fmyslu a&amp;nbsp;stavebnictv\u00ed d\u00edky sv\u00fdm vlastnostem, kter\u00e9 zahrnuj\u00ed pevnost, tv\u00e1rnost a odolnost.&amp;nbsp;Z\u00e1kladn\u00ed slo\u017ekou&amp;hellip;\">ocelov\u00fdch<\/span> st\u011brek typu York. <\/strong><\/span><\/li>\n<li><span style=\"font-size: 12pt; font-family: inherit;\"><strong>Balen\u00ed obsahuje velikosti 5, 8, 10, 12 cm. &nbsp;<\/strong><\/span><\/li>\n<\/ul><\/div>\n","protected":false},"excerpt":{"rendered":"<p>Detailn\u00ed popis produktu Sada 4 tmelic\u00edch japonsk\u00fdch ocelov\u00fdch st\u011brek typu York. Balen\u00ed obsahuje velikosti 5, 8, 10, 12 cm. &nbsp;<\/p>\n","protected":false},"featured_media":39823,"comment_status":"open","ping_status":"open","template":"","meta":[],"product_brand":[],"product_cat":[133],"product_tag":[],"class_list":{"0":"post-39723","1":"product","2":"type-product","3":"status-publish","4":"has-post-thumbnail","6":"product_cat-barvy-amp-laky","8":"first","9":"instock","10":"sale","11":"shipping-taxable","12":"purchasable","13":"product-type-simple"},"yoast_head":"<!-- This site is optimized with the Yoast SEO plugin v26.8 - https:\/\/yoast.com\/product\/yoast-seo-wordpress\/ -->\n<title>Hit Sez\u00f3ny SPOKAR\u00ae Tmelic\u00ed st\u011brka ocelov\u00e1 - sada 4 ks -<\/title>\n<meta name=\"robots\" content=\"index, follow, max-snippet:-1, max-image-preview:large, max-video-preview:-1\" \/>\n<link rel=\"canonical\" href=\"https:\/\/www.domtechnikpro.com\/index.php\/produkt\/hit-sezony-spokar-r-tmelici-sterka-ocelova-sada-4-ks-39723\/\" \/>\n<meta property=\"og:locale\" content=\"cs_CZ\" \/>\n<meta property=\"og:type\" content=\"article\" \/>\n<meta property=\"og:title\" content=\"Hit Sez\u00f3ny SPOKAR\u00ae Tmelic\u00ed st\u011brka ocelov\u00e1 - sada 4 ks -\" \/>\n<meta property=\"og:description\" content=\"Detailn\u00ed popis produktu Sada 4 tmelic\u00edch japonsk\u00fdch ocelov\u00fdch st\u011brek typu York. Balen\u00ed obsahuje velikosti 5, 8, 10, 12 cm. &nbsp;\" \/>\n<meta property=\"og:url\" content=\"https:\/\/www.domtechnikpro.com\/index.php\/produkt\/hit-sezony-spokar-r-tmelici-sterka-ocelova-sada-4-ks-39723\/\" \/>\n<meta property=\"og:image\" content=\"https:\/\/www.domtechnikpro.com\/wp-content\/uploads\/2026\/SK0001342-CZ20260425-092522-0-1777080324-43634_sada-japonskych-sterek-spokar.webp\" \/>\n\t<meta property=\"og:image:width\" content=\"1000\" \/>\n\t<meta property=\"og:image:height\" content=\"750\" \/>\n\t<meta property=\"og:image:type\" content=\"image\/webp\" \/>\n<meta name=\"twitter:card\" content=\"summary_large_image\" \/>\n<script type=\"application\/ld+json\" class=\"yoast-schema-graph\">{\"@context\":\"https:\/\/schema.org\",\"@graph\":[{\"@type\":\"WebPage\",\"@id\":\"https:\/\/www.domtechnikpro.com\/index.php\/produkt\/hit-sezony-spokar-r-tmelici-sterka-ocelova-sada-4-ks-39723\/\",\"url\":\"https:\/\/www.domtechnikpro.com\/index.php\/produkt\/hit-sezony-spokar-r-tmelici-sterka-ocelova-sada-4-ks-39723\/\",\"name\":\"Hit Sez\u00f3ny SPOKAR\u00ae Tmelic\u00ed st\u011brka ocelov\u00e1 - sada 4 ks -\",\"isPartOf\":{\"@id\":\"https:\/\/www.domtechnikpro.com\/#website\"},\"primaryImageOfPage\":{\"@id\":\"https:\/\/www.domtechnikpro.com\/index.php\/produkt\/hit-sezony-spokar-r-tmelici-sterka-ocelova-sada-4-ks-39723\/#primaryimage\"},\"image\":{\"@id\":\"https:\/\/www.domtechnikpro.com\/index.php\/produkt\/hit-sezony-spokar-r-tmelici-sterka-ocelova-sada-4-ks-39723\/#primaryimage\"},\"thumbnailUrl\":\"https:\/\/www.domtechnikpro.com\/wp-content\/uploads\/2026\/SK0001342-CZ20260425-092522-0-1777080324-43634_sada-japonskych-sterek-spokar.webp\",\"datePublished\":\"2026-04-26T08:58:39+00:00\",\"breadcrumb\":{\"@id\":\"https:\/\/www.domtechnikpro.com\/index.php\/produkt\/hit-sezony-spokar-r-tmelici-sterka-ocelova-sada-4-ks-39723\/#breadcrumb\"},\"inLanguage\":\"cs\",\"potentialAction\":[{\"@type\":\"ReadAction\",\"target\":[\"https:\/\/www.domtechnikpro.com\/index.php\/produkt\/hit-sezony-spokar-r-tmelici-sterka-ocelova-sada-4-ks-39723\/\"]}]},{\"@type\":\"ImageObject\",\"inLanguage\":\"cs\",\"@id\":\"https:\/\/www.domtechnikpro.com\/index.php\/produkt\/hit-sezony-spokar-r-tmelici-sterka-ocelova-sada-4-ks-39723\/#primaryimage\",\"url\":\"https:\/\/www.domtechnikpro.com\/wp-content\/uploads\/2026\/SK0001342-CZ20260425-092522-0-1777080324-43634_sada-japonskych-sterek-spokar.webp\",\"contentUrl\":\"https:\/\/www.domtechnikpro.com\/wp-content\/uploads\/2026\/SK0001342-CZ20260425-092522-0-1777080324-43634_sada-japonskych-sterek-spokar.webp\",\"width\":1000,\"height\":750},{\"@type\":\"BreadcrumbList\",\"@id\":\"https:\/\/www.domtechnikpro.com\/index.php\/produkt\/hit-sezony-spokar-r-tmelici-sterka-ocelova-sada-4-ks-39723\/#breadcrumb\",\"itemListElement\":[{\"@type\":\"ListItem\",\"position\":1,\"name\":\"Home\",\"item\":\"https:\/\/www.domtechnikpro.com\/\"},{\"@type\":\"ListItem\",\"position\":2,\"name\":\"Products\",\"item\":\"https:\/\/www.domtechnikpro.com\/index.php\/products\/\"},{\"@type\":\"ListItem\",\"position\":3,\"name\":\"Hit Sez\u00f3ny SPOKAR\u00ae Tmelic\u00ed st\u011brka ocelov\u00e1 &#8211; sada 4 ks\"}]},{\"@type\":\"WebSite\",\"@id\":\"https:\/\/www.domtechnikpro.com\/#website\",\"url\":\"https:\/\/www.domtechnikpro.com\/\",\"name\":\"\",\"description\":\"\",\"potentialAction\":[{\"@type\":\"SearchAction\",\"target\":{\"@type\":\"EntryPoint\",\"urlTemplate\":\"https:\/\/www.domtechnikpro.com\/?s={search_term_string}\"},\"query-input\":{\"@type\":\"PropertyValueSpecification\",\"valueRequired\":true,\"valueName\":\"search_term_string\"}}],\"inLanguage\":\"cs\"}]}<\/script>\n<!-- \/ Yoast SEO plugin. -->","yoast_head_json":{"title":"Hit Sez\u00f3ny SPOKAR\u00ae Tmelic\u00ed st\u011brka ocelov\u00e1 - sada 4 ks -","robots":{"index":"index","follow":"follow","max-snippet":"max-snippet:-1","max-image-preview":"max-image-preview:large","max-video-preview":"max-video-preview:-1"},"canonical":"https:\/\/www.domtechnikpro.com\/index.php\/produkt\/hit-sezony-spokar-r-tmelici-sterka-ocelova-sada-4-ks-39723\/","og_locale":"cs_CZ","og_type":"article","og_title":"Hit Sez\u00f3ny SPOKAR\u00ae Tmelic\u00ed st\u011brka ocelov\u00e1 - sada 4 ks -","og_description":"Detailn\u00ed popis produktu Sada 4 tmelic\u00edch japonsk\u00fdch ocelov\u00fdch st\u011brek typu York. Balen\u00ed obsahuje velikosti 5, 8, 10, 12 cm. &nbsp;","og_url":"https:\/\/www.domtechnikpro.com\/index.php\/produkt\/hit-sezony-spokar-r-tmelici-sterka-ocelova-sada-4-ks-39723\/","og_image":[{"width":1000,"height":750,"url":"https:\/\/www.domtechnikpro.com\/wp-content\/uploads\/2026\/SK0001342-CZ20260425-092522-0-1777080324-43634_sada-japonskych-sterek-spokar.webp","type":"image\/webp"}],"twitter_card":"summary_large_image","schema":{"@context":"https:\/\/schema.org","@graph":[{"@type":"WebPage","@id":"https:\/\/www.domtechnikpro.com\/index.php\/produkt\/hit-sezony-spokar-r-tmelici-sterka-ocelova-sada-4-ks-39723\/","url":"https:\/\/www.domtechnikpro.com\/index.php\/produkt\/hit-sezony-spokar-r-tmelici-sterka-ocelova-sada-4-ks-39723\/","name":"Hit Sez\u00f3ny SPOKAR\u00ae Tmelic\u00ed st\u011brka ocelov\u00e1 - sada 4 ks -","isPartOf":{"@id":"https:\/\/www.domtechnikpro.com\/#website"},"primaryImageOfPage":{"@id":"https:\/\/www.domtechnikpro.com\/index.php\/produkt\/hit-sezony-spokar-r-tmelici-sterka-ocelova-sada-4-ks-39723\/#primaryimage"},"image":{"@id":"https:\/\/www.domtechnikpro.com\/index.php\/produkt\/hit-sezony-spokar-r-tmelici-sterka-ocelova-sada-4-ks-39723\/#primaryimage"},"thumbnailUrl":"https:\/\/www.domtechnikpro.com\/wp-content\/uploads\/2026\/SK0001342-CZ20260425-092522-0-1777080324-43634_sada-japonskych-sterek-spokar.webp","datePublished":"2026-04-26T08:58:39+00:00","breadcrumb":{"@id":"https:\/\/www.domtechnikpro.com\/index.php\/produkt\/hit-sezony-spokar-r-tmelici-sterka-ocelova-sada-4-ks-39723\/#breadcrumb"},"inLanguage":"cs","potentialAction":[{"@type":"ReadAction","target":["https:\/\/www.domtechnikpro.com\/index.php\/produkt\/hit-sezony-spokar-r-tmelici-sterka-ocelova-sada-4-ks-39723\/"]}]},{"@type":"ImageObject","inLanguage":"cs","@id":"https:\/\/www.domtechnikpro.com\/index.php\/produkt\/hit-sezony-spokar-r-tmelici-sterka-ocelova-sada-4-ks-39723\/#primaryimage","url":"https:\/\/www.domtechnikpro.com\/wp-content\/uploads\/2026\/SK0001342-CZ20260425-092522-0-1777080324-43634_sada-japonskych-sterek-spokar.webp","contentUrl":"https:\/\/www.domtechnikpro.com\/wp-content\/uploads\/2026\/SK0001342-CZ20260425-092522-0-1777080324-43634_sada-japonskych-sterek-spokar.webp","width":1000,"height":750},{"@type":"BreadcrumbList","@id":"https:\/\/www.domtechnikpro.com\/index.php\/produkt\/hit-sezony-spokar-r-tmelici-sterka-ocelova-sada-4-ks-39723\/#breadcrumb","itemListElement":[{"@type":"ListItem","position":1,"name":"Home","item":"https:\/\/www.domtechnikpro.com\/"},{"@type":"ListItem","position":2,"name":"Products","item":"https:\/\/www.domtechnikpro.com\/index.php\/products\/"},{"@type":"ListItem","position":3,"name":"Hit Sez\u00f3ny SPOKAR\u00ae Tmelic\u00ed st\u011brka ocelov\u00e1 &#8211; sada 4 ks"}]},{"@type":"WebSite","@id":"https:\/\/www.domtechnikpro.com\/#website","url":"https:\/\/www.domtechnikpro.com\/","name":"","description":"","potentialAction":[{"@type":"SearchAction","target":{"@type":"EntryPoint","urlTemplate":"https:\/\/www.domtechnikpro.com\/?s={search_term_string}"},"query-input":{"@type":"PropertyValueSpecification","valueRequired":true,"valueName":"search_term_string"}}],"inLanguage":"cs"}]}},"_links":{"self":[{"href":"https:\/\/www.domtechnikpro.com\/index.php\/wp-json\/wp\/v2\/product\/39723","targetHints":{"allow":["GET"]}}],"collection":[{"href":"https:\/\/www.domtechnikpro.com\/index.php\/wp-json\/wp\/v2\/product"}],"about":[{"href":"https:\/\/www.domtechnikpro.com\/index.php\/wp-json\/wp\/v2\/types\/product"}],"replies":[{"embeddable":true,"href":"https:\/\/www.domtechnikpro.com\/index.php\/wp-json\/wp\/v2\/comments?post=39723"}],"wp:featuredmedia":[{"embeddable":true,"href":"https:\/\/www.domtechnikpro.com\/index.php\/wp-json\/wp\/v2\/media\/39823"}],"wp:attachment":[{"href":"https:\/\/www.domtechnikpro.com\/index.php\/wp-json\/wp\/v2\/media?parent=39723"}],"wp:term":[{"taxonomy":"product_brand","embeddable":true,"href":"https:\/\/www.domtechnikpro.com\/index.php\/wp-json\/wp\/v2\/product_brand?post=39723"},{"taxonomy":"product_cat","embeddable":true,"href":"https:\/\/www.domtechnikpro.com\/index.php\/wp-json\/wp\/v2\/product_cat?post=39723"},{"taxonomy":"product_tag","embeddable":true,"href":"https:\/\/www.domtechnikpro.com\/index.php\/wp-json\/wp\/v2\/product_tag?post=39723"}],"curies":[{"name":"wp","href":"https:\/\/api.w.org\/{rel}","templated":true}]}}