{"id":39338,"date":"2026-04-26T08:58:33","date_gmt":"2026-04-26T08:58:33","guid":{"rendered":""},"modified":"2026-04-26T08:58:33","modified_gmt":"2026-04-26T08:58:33","slug":"znackovy-norton-rotolo-brusivo-na-molitanu-p360-39338","status":"publish","type":"product","link":"https:\/\/www.domtechnikpro.com\/produkt\/znackovy-norton-rotolo-brusivo-na-molitanu-p360-39338\/","title":{"rendered":"Zna\u010dkov\u00fd NORTON Rotolo brusivo na molitanu P360"},"content":{"rendered":"<div class=\"filters-tab-box__left\">\n<h2>Rotolo brusn\u00fd molitan arch<\/h2>\n<p>Tento brusn\u00fd arch<b> na molitanov\u00e9 podlo\u017ece<\/b> se vyzna\u010duje dlouhou \u017eivotnost\u00ed. Dostupn\u00e9 jsou <b>hrubosti P120 &#8211; P1000<\/b>. Vhodn\u00fd <b>pro fin\u00e1ln\u00ed brou\u0161en\u00ed<\/b>. Vhodn\u00fd pro <b>mokr\u00e9 i such\u00e9 brou\u0161en\u00ed<\/b>. D\u00edky molitanov\u00e9 podlo\u017ece se p\u0159izp\u016fsobuje brou\u0161en\u00e9mu povrchu a <b>vyrovn\u00e1va tak tlak<\/b>. Ur\u010den pro d\u0159evo, plast, laky, barvy, tmely v\u010detn\u011b vybran\u00fdch kov\u016f. <\/p>\n<h3>Kl\u00ed\u010dov\u00e9 vlastnosti<\/h3>\n<ul class=\"vlastnosti\">\n<li>Brusn\u00fd arch<b> na molitanov\u00e9 podlo\u017ece<\/b><\/li>\n<li>Dlouh\u00e1 \u017eivotnost<\/li>\n<li><b>Hrubosti P120 &#8211; P1000<\/b><\/li>\n<li>Vhodn\u00fd <b>pro fin\u00e1ln\u00ed brou\u0161en\u00ed<\/b><\/li>\n<li>Pro <b>mokr\u00e9 i such\u00e9 brou\u0161en\u00ed<\/b><\/li>\n<li>P\u0159izp\u016fsoben\u00ed brou\u0161en\u00e9mu povrchu a <b>vyrovn\u00e1n\u00ed tlaku<\/b><\/li>\n<li>Pro d\u0159evo, plast, laky, barvy, tmely v\u010detn\u011b vybran\u00fdch kov\u016f<\/li>\n<\/ul><\/div>\n<div class=\"filters-tab-box__right\">\n<h2>Parametry<\/h2>\n<table>\n<tbody>\n<tr>\n<td>V&#253;robce                                            :                                        <\/td>\n<td>                                            Norton                                        <\/td>\n<\/tr>\n<tr>\n<td>Rozm\u011bry                                            :                                        <\/td>\n<td>                                            115 mm &#215; 145 mm                                        <\/td>\n<\/tr>\n<tr>\n<td>Hrubost                                        <\/td>\n<td>                                            360                                        <\/td>\n<\/tr>\n<\/tbody>\n<\/table><\/div>\n<\/p><\/div>\n","protected":false},"excerpt":{"rendered":"<p>Rotolo brusn\u00fd molitan arch Tento brusn\u00fd arch na molitanov\u00e9 podlo\u017ece se vyzna\u010duje dlouhou \u017eivotnost\u00ed. Dostupn\u00e9 jsou hrubosti P120 &#8211; P1000. Vhodn\u00fd pro fin\u00e1ln\u00ed brou\u0161en\u00ed. Vhodn\u00fd pro mokr\u00e9 i such\u00e9 brou\u0161en\u00ed. D\u00edky molitanov\u00e9 podlo\u017ece se p\u0159izp\u016fsobuje brou\u0161en\u00e9mu povrchu a vyrovn\u00e1va tak tlak. Ur\u010den pro d\u0159evo, plast, laky, barvy, tmely v\u010detn\u011b vybran\u00fdch kov\u016f. Kl\u00ed\u010dov\u00e9 vlastnosti Brusn\u00fd arch [&hellip;]<\/p>\n","protected":false},"featured_media":39438,"comment_status":"open","ping_status":"open","template":"","meta":[],"product_brand":[],"product_cat":[132],"product_tag":[],"class_list":{"0":"post-39338","1":"product","2":"type-product","3":"status-publish","4":"has-post-thumbnail","6":"product_cat-autolaky","8":"first","9":"instock","10":"sale","11":"shipping-taxable","12":"purchasable","13":"product-type-simple"},"yoast_head":"<!-- This site is optimized with the Yoast SEO plugin v26.8 - https:\/\/yoast.com\/product\/yoast-seo-wordpress\/ -->\n<title>Zna\u010dkov\u00fd NORTON Rotolo brusivo na molitanu P360 - Pr\u016fmyslov\u00e9 vybaven\u00ed a p\u0159\u00edslu\u0161enstv\u00ed<\/title>\n<meta name=\"robots\" content=\"index, follow, max-snippet:-1, max-image-preview:large, max-video-preview:-1\" \/>\n<link rel=\"canonical\" href=\"https:\/\/www.domtechnikpro.com\/index.php\/produkt\/znackovy-norton-rotolo-brusivo-na-molitanu-p360-39338\/\" \/>\n<meta property=\"og:locale\" content=\"cs_CZ\" \/>\n<meta property=\"og:type\" content=\"article\" \/>\n<meta property=\"og:title\" content=\"Zna\u010dkov\u00fd NORTON Rotolo brusivo na molitanu P360 - Pr\u016fmyslov\u00e9 vybaven\u00ed a p\u0159\u00edslu\u0161enstv\u00ed\" \/>\n<meta property=\"og:description\" content=\"Rotolo brusn\u00fd molitan arch Tento brusn\u00fd arch na molitanov\u00e9 podlo\u017ece se vyzna\u010duje dlouhou \u017eivotnost\u00ed. Dostupn\u00e9 jsou hrubosti P120 &#8211; P1000. Vhodn\u00fd pro fin\u00e1ln\u00ed brou\u0161en\u00ed. Vhodn\u00fd pro mokr\u00e9 i such\u00e9 brou\u0161en\u00ed. D\u00edky molitanov\u00e9 podlo\u017ece se p\u0159izp\u016fsobuje brou\u0161en\u00e9mu povrchu a vyrovn\u00e1va tak tlak. Ur\u010den pro d\u0159evo, plast, laky, barvy, tmely v\u010detn\u011b vybran\u00fdch kov\u016f. Kl\u00ed\u010dov\u00e9 vlastnosti Brusn\u00fd arch [&hellip;]\" \/>\n<meta property=\"og:url\" content=\"https:\/\/www.domtechnikpro.com\/index.php\/produkt\/znackovy-norton-rotolo-brusivo-na-molitanu-p360-39338\/\" \/>\n<meta property=\"og:site_name\" content=\"Pr\u016fmyslov\u00e9 vybaven\u00ed a p\u0159\u00edslu\u0161enstv\u00ed\" \/>\n<meta property=\"og:image\" content=\"https:\/\/www.domtechnikpro.com\/wp-content\/uploads\/2026\/SK0002484-CZ20260425-092455-0-1777080297-image_of_object.webp\" \/>\n\t<meta property=\"og:image:width\" content=\"400\" \/>\n\t<meta property=\"og:image:height\" content=\"300\" \/>\n\t<meta property=\"og:image:type\" content=\"image\/webp\" \/>\n<meta name=\"twitter:card\" content=\"summary_large_image\" \/>\n<meta name=\"twitter:label1\" content=\"Odhadovan\u00e1 doba \u010dten\u00ed\" \/>\n\t<meta name=\"twitter:data1\" content=\"1 minuta\" \/>\n<script type=\"application\/ld+json\" class=\"yoast-schema-graph\">{\"@context\":\"https:\/\/schema.org\",\"@graph\":[{\"@type\":\"WebPage\",\"@id\":\"https:\/\/www.domtechnikpro.com\/index.php\/produkt\/znackovy-norton-rotolo-brusivo-na-molitanu-p360-39338\/\",\"url\":\"https:\/\/www.domtechnikpro.com\/index.php\/produkt\/znackovy-norton-rotolo-brusivo-na-molitanu-p360-39338\/\",\"name\":\"Zna\u010dkov\u00fd NORTON Rotolo brusivo na molitanu P360 - Pr\u016fmyslov\u00e9 vybaven\u00ed a p\u0159\u00edslu\u0161enstv\u00ed\",\"isPartOf\":{\"@id\":\"https:\/\/www.domtechnikpro.com\/#website\"},\"primaryImageOfPage\":{\"@id\":\"https:\/\/www.domtechnikpro.com\/index.php\/produkt\/znackovy-norton-rotolo-brusivo-na-molitanu-p360-39338\/#primaryimage\"},\"image\":{\"@id\":\"https:\/\/www.domtechnikpro.com\/index.php\/produkt\/znackovy-norton-rotolo-brusivo-na-molitanu-p360-39338\/#primaryimage\"},\"thumbnailUrl\":\"https:\/\/www.domtechnikpro.com\/wp-content\/uploads\/2026\/SK0002484-CZ20260425-092455-0-1777080297-image_of_object.webp\",\"datePublished\":\"2026-04-26T08:58:33+00:00\",\"breadcrumb\":{\"@id\":\"https:\/\/www.domtechnikpro.com\/index.php\/produkt\/znackovy-norton-rotolo-brusivo-na-molitanu-p360-39338\/#breadcrumb\"},\"inLanguage\":\"cs\",\"potentialAction\":[{\"@type\":\"ReadAction\",\"target\":[\"https:\/\/www.domtechnikpro.com\/index.php\/produkt\/znackovy-norton-rotolo-brusivo-na-molitanu-p360-39338\/\"]}]},{\"@type\":\"ImageObject\",\"inLanguage\":\"cs\",\"@id\":\"https:\/\/www.domtechnikpro.com\/index.php\/produkt\/znackovy-norton-rotolo-brusivo-na-molitanu-p360-39338\/#primaryimage\",\"url\":\"https:\/\/www.domtechnikpro.com\/wp-content\/uploads\/2026\/SK0002484-CZ20260425-092455-0-1777080297-image_of_object.webp\",\"contentUrl\":\"https:\/\/www.domtechnikpro.com\/wp-content\/uploads\/2026\/SK0002484-CZ20260425-092455-0-1777080297-image_of_object.webp\",\"width\":400,\"height\":300},{\"@type\":\"BreadcrumbList\",\"@id\":\"https:\/\/www.domtechnikpro.com\/index.php\/produkt\/znackovy-norton-rotolo-brusivo-na-molitanu-p360-39338\/#breadcrumb\",\"itemListElement\":[{\"@type\":\"ListItem\",\"position\":1,\"name\":\"Home\",\"item\":\"https:\/\/www.domtechnikpro.com\/\"},{\"@type\":\"ListItem\",\"position\":2,\"name\":\"Products\",\"item\":\"https:\/\/www.domtechnikpro.com\/products\/\"},{\"@type\":\"ListItem\",\"position\":3,\"name\":\"Zna\u010dkov\u00fd NORTON Rotolo brusivo na molitanu P360\"}]},{\"@type\":\"WebSite\",\"@id\":\"https:\/\/www.domtechnikpro.com\/#website\",\"url\":\"https:\/\/www.domtechnikpro.com\/\",\"name\":\"Pr\u016fmyslov\u00e9 vybaven\u00ed a p\u0159\u00edslu\u0161enstv\u00ed\",\"description\":\"Pr\u016fmyslov\u00e9 vybaven\u00ed a p\u0159\u00edslu\u0161enstv\u00ed\",\"publisher\":{\"@id\":\"https:\/\/www.domtechnikpro.com\/#organization\"},\"potentialAction\":[{\"@type\":\"SearchAction\",\"target\":{\"@type\":\"EntryPoint\",\"urlTemplate\":\"https:\/\/www.domtechnikpro.com\/?s={search_term_string}\"},\"query-input\":{\"@type\":\"PropertyValueSpecification\",\"valueRequired\":true,\"valueName\":\"search_term_string\"}}],\"inLanguage\":\"cs\"},{\"@type\":\"Organization\",\"@id\":\"https:\/\/www.domtechnikpro.com\/#organization\",\"name\":\"Pr\u016fmyslov\u00e9 vybaven\u00ed a p\u0159\u00edslu\u0161enstv\u00ed\",\"url\":\"https:\/\/www.domtechnikpro.com\/\",\"logo\":{\"@type\":\"ImageObject\",\"inLanguage\":\"cs\",\"@id\":\"https:\/\/www.domtechnikpro.com\/#\/schema\/logo\/image\/\",\"url\":\"https:\/\/www.domtechnikpro.com\/wp-content\/uploads\/2026\/04\/domtechnikpro_logo_full.svg\",\"contentUrl\":\"https:\/\/www.domtechnikpro.com\/wp-content\/uploads\/2026\/04\/domtechnikpro_logo_full.svg\",\"width\":920,\"height\":180,\"caption\":\"Pr\u016fmyslov\u00e9 vybaven\u00ed a p\u0159\u00edslu\u0161enstv\u00ed\"},\"image\":{\"@id\":\"https:\/\/www.domtechnikpro.com\/#\/schema\/logo\/image\/\"}}]}<\/script>\n<!-- \/ Yoast SEO plugin. -->","yoast_head_json":{"title":"Zna\u010dkov\u00fd NORTON Rotolo brusivo na molitanu P360 - Pr\u016fmyslov\u00e9 vybaven\u00ed a p\u0159\u00edslu\u0161enstv\u00ed","robots":{"index":"index","follow":"follow","max-snippet":"max-snippet:-1","max-image-preview":"max-image-preview:large","max-video-preview":"max-video-preview:-1"},"canonical":"https:\/\/www.domtechnikpro.com\/index.php\/produkt\/znackovy-norton-rotolo-brusivo-na-molitanu-p360-39338\/","og_locale":"cs_CZ","og_type":"article","og_title":"Zna\u010dkov\u00fd NORTON Rotolo brusivo na molitanu P360 - Pr\u016fmyslov\u00e9 vybaven\u00ed a p\u0159\u00edslu\u0161enstv\u00ed","og_description":"Rotolo brusn\u00fd molitan arch Tento brusn\u00fd arch na molitanov\u00e9 podlo\u017ece se vyzna\u010duje dlouhou \u017eivotnost\u00ed. Dostupn\u00e9 jsou hrubosti P120 &#8211; P1000. Vhodn\u00fd pro fin\u00e1ln\u00ed brou\u0161en\u00ed. Vhodn\u00fd pro mokr\u00e9 i such\u00e9 brou\u0161en\u00ed. D\u00edky molitanov\u00e9 podlo\u017ece se p\u0159izp\u016fsobuje brou\u0161en\u00e9mu povrchu a vyrovn\u00e1va tak tlak. Ur\u010den pro d\u0159evo, plast, laky, barvy, tmely v\u010detn\u011b vybran\u00fdch kov\u016f. Kl\u00ed\u010dov\u00e9 vlastnosti Brusn\u00fd arch [&hellip;]","og_url":"https:\/\/www.domtechnikpro.com\/index.php\/produkt\/znackovy-norton-rotolo-brusivo-na-molitanu-p360-39338\/","og_site_name":"Pr\u016fmyslov\u00e9 vybaven\u00ed a p\u0159\u00edslu\u0161enstv\u00ed","og_image":[{"width":400,"height":300,"url":"https:\/\/www.domtechnikpro.com\/wp-content\/uploads\/2026\/SK0002484-CZ20260425-092455-0-1777080297-image_of_object.webp","type":"image\/webp"}],"twitter_card":"summary_large_image","twitter_misc":{"Odhadovan\u00e1 doba \u010dten\u00ed":"1 minuta"},"schema":{"@context":"https:\/\/schema.org","@graph":[{"@type":"WebPage","@id":"https:\/\/www.domtechnikpro.com\/index.php\/produkt\/znackovy-norton-rotolo-brusivo-na-molitanu-p360-39338\/","url":"https:\/\/www.domtechnikpro.com\/index.php\/produkt\/znackovy-norton-rotolo-brusivo-na-molitanu-p360-39338\/","name":"Zna\u010dkov\u00fd NORTON Rotolo brusivo na molitanu P360 - Pr\u016fmyslov\u00e9 vybaven\u00ed a p\u0159\u00edslu\u0161enstv\u00ed","isPartOf":{"@id":"https:\/\/www.domtechnikpro.com\/#website"},"primaryImageOfPage":{"@id":"https:\/\/www.domtechnikpro.com\/index.php\/produkt\/znackovy-norton-rotolo-brusivo-na-molitanu-p360-39338\/#primaryimage"},"image":{"@id":"https:\/\/www.domtechnikpro.com\/index.php\/produkt\/znackovy-norton-rotolo-brusivo-na-molitanu-p360-39338\/#primaryimage"},"thumbnailUrl":"https:\/\/www.domtechnikpro.com\/wp-content\/uploads\/2026\/SK0002484-CZ20260425-092455-0-1777080297-image_of_object.webp","datePublished":"2026-04-26T08:58:33+00:00","breadcrumb":{"@id":"https:\/\/www.domtechnikpro.com\/index.php\/produkt\/znackovy-norton-rotolo-brusivo-na-molitanu-p360-39338\/#breadcrumb"},"inLanguage":"cs","potentialAction":[{"@type":"ReadAction","target":["https:\/\/www.domtechnikpro.com\/index.php\/produkt\/znackovy-norton-rotolo-brusivo-na-molitanu-p360-39338\/"]}]},{"@type":"ImageObject","inLanguage":"cs","@id":"https:\/\/www.domtechnikpro.com\/index.php\/produkt\/znackovy-norton-rotolo-brusivo-na-molitanu-p360-39338\/#primaryimage","url":"https:\/\/www.domtechnikpro.com\/wp-content\/uploads\/2026\/SK0002484-CZ20260425-092455-0-1777080297-image_of_object.webp","contentUrl":"https:\/\/www.domtechnikpro.com\/wp-content\/uploads\/2026\/SK0002484-CZ20260425-092455-0-1777080297-image_of_object.webp","width":400,"height":300},{"@type":"BreadcrumbList","@id":"https:\/\/www.domtechnikpro.com\/index.php\/produkt\/znackovy-norton-rotolo-brusivo-na-molitanu-p360-39338\/#breadcrumb","itemListElement":[{"@type":"ListItem","position":1,"name":"Home","item":"https:\/\/www.domtechnikpro.com\/"},{"@type":"ListItem","position":2,"name":"Products","item":"https:\/\/www.domtechnikpro.com\/products\/"},{"@type":"ListItem","position":3,"name":"Zna\u010dkov\u00fd NORTON Rotolo brusivo na molitanu P360"}]},{"@type":"WebSite","@id":"https:\/\/www.domtechnikpro.com\/#website","url":"https:\/\/www.domtechnikpro.com\/","name":"Pr\u016fmyslov\u00e9 vybaven\u00ed a p\u0159\u00edslu\u0161enstv\u00ed","description":"Pr\u016fmyslov\u00e9 vybaven\u00ed a p\u0159\u00edslu\u0161enstv\u00ed","publisher":{"@id":"https:\/\/www.domtechnikpro.com\/#organization"},"potentialAction":[{"@type":"SearchAction","target":{"@type":"EntryPoint","urlTemplate":"https:\/\/www.domtechnikpro.com\/?s={search_term_string}"},"query-input":{"@type":"PropertyValueSpecification","valueRequired":true,"valueName":"search_term_string"}}],"inLanguage":"cs"},{"@type":"Organization","@id":"https:\/\/www.domtechnikpro.com\/#organization","name":"Pr\u016fmyslov\u00e9 vybaven\u00ed a p\u0159\u00edslu\u0161enstv\u00ed","url":"https:\/\/www.domtechnikpro.com\/","logo":{"@type":"ImageObject","inLanguage":"cs","@id":"https:\/\/www.domtechnikpro.com\/#\/schema\/logo\/image\/","url":"https:\/\/www.domtechnikpro.com\/wp-content\/uploads\/2026\/04\/domtechnikpro_logo_full.svg","contentUrl":"https:\/\/www.domtechnikpro.com\/wp-content\/uploads\/2026\/04\/domtechnikpro_logo_full.svg","width":920,"height":180,"caption":"Pr\u016fmyslov\u00e9 vybaven\u00ed a p\u0159\u00edslu\u0161enstv\u00ed"},"image":{"@id":"https:\/\/www.domtechnikpro.com\/#\/schema\/logo\/image\/"}}]}},"_links":{"self":[{"href":"https:\/\/www.domtechnikpro.com\/wp-json\/wp\/v2\/product\/39338","targetHints":{"allow":["GET"]}}],"collection":[{"href":"https:\/\/www.domtechnikpro.com\/wp-json\/wp\/v2\/product"}],"about":[{"href":"https:\/\/www.domtechnikpro.com\/wp-json\/wp\/v2\/types\/product"}],"replies":[{"embeddable":true,"href":"https:\/\/www.domtechnikpro.com\/wp-json\/wp\/v2\/comments?post=39338"}],"wp:featuredmedia":[{"embeddable":true,"href":"https:\/\/www.domtechnikpro.com\/wp-json\/wp\/v2\/media\/39438"}],"wp:attachment":[{"href":"https:\/\/www.domtechnikpro.com\/wp-json\/wp\/v2\/media?parent=39338"}],"wp:term":[{"taxonomy":"product_brand","embeddable":true,"href":"https:\/\/www.domtechnikpro.com\/wp-json\/wp\/v2\/product_brand?post=39338"},{"taxonomy":"product_cat","embeddable":true,"href":"https:\/\/www.domtechnikpro.com\/wp-json\/wp\/v2\/product_cat?post=39338"},{"taxonomy":"product_tag","embeddable":true,"href":"https:\/\/www.domtechnikpro.com\/wp-json\/wp\/v2\/product_tag?post=39338"}],"curies":[{"name":"wp","href":"https:\/\/api.w.org\/{rel}","templated":true}]}}