{"id":39146,"date":"2026-04-26T08:58:31","date_gmt":"2026-04-26T08:58:31","guid":{"rendered":""},"modified":"2026-04-26T08:58:31","modified_gmt":"2026-04-26T08:58:31","slug":"znackovy-motip-sprej-na-narazniky-cerna-400-ml-39146","status":"publish","type":"product","link":"https:\/\/www.domtechnikpro.com\/produkt\/znackovy-motip-sprej-na-narazniky-cerna-400-ml-39146\/","title":{"rendered":"Zna\u010dkov\u00fd MOTIP sprej na n\u00e1razn\u00edky \u010dern\u00e1 400 ml"},"content":{"rendered":"<div class=\"filters-tab-box__left\">\n<h2>Motip sprej na n\u00e1razn\u00edky<\/h2>\n<p><b>Sprej k obnoven\u00ed a oprav\u011b barvy plastov\u00fdch n\u00e1razn\u00edk\u016f<\/b> od zna\u010dky Motip. Poskytuje vynikaj\u00edc\u00ed <b>kryvost<\/b> a <b>trvanlivost<\/b>. Je odoln\u00fd v\u016f\u010di <b>po\u0161kr\u00e1b\u00e1n\u00ed a n\u00e1razu<\/b>.<\/p>\n<h3>Kl\u00ed\u010dov\u00e9 vlastnosti<\/h3>\n<ul class=\"vlastnosti\">\n<li><b>Sprej k obnoven\u00ed a oprav\u011b barvy plastov\u00fdch n\u00e1razn\u00edk\u016f<\/b><\/li>\n<li>Vynikaj\u00edc\u00ed <b>kryvost<\/b> a <b>trvanlivost<\/b><\/li>\n<li>Odoln\u00fd v\u016f\u010di <b>po\u0161kr\u00e1b\u00e1n\u00ed a n\u00e1razu<\/b><\/li>\n<\/ul>\n<h3>Pou\u017eit\u00ed<\/h3>\n<ul class=\"pouziti\">\n<li>Povrch obruste, o\u010dist\u011bte a odmast\u011bte<\/li>\n<li>Zakryjte plochy, kter\u00e9 nemaj\u00ed b\u00fdt p\u0159est\u0159\u00edk\u00e1ny<\/li>\n<li>Aplikujte z\u00e1klad je-li t\u0159eba<\/li>\n<li>Plechovku d\u016fkladn\u011b prot\u0159epejte alespo\u0148 po dobu <b>2 &#8211; 3 minut<\/b><\/li>\n<li>Aplikujte ze vzd\u00e1lenosti cca. <b>25 cm<\/b> n\u011bkolik tenk\u00fdch vrstev<\/li>\n<li>Barva je <b>vytvrzen\u00e1 po 24 hod.<\/b><\/li>\n<li>Aplika\u010dn\u00ed teplota 15 &#8211; 25 \u00b0C<\/li>\n<li>Po pou\u017eit\u00ed obra\u0165te n\u00e1dobku dnem vzh\u016fru a n\u011bkolikasekundov\u00fdm stla\u010den\u00edm vy\u010dist\u011bte ventil<\/li>\n<li><b><span style=\"color: #FF0000\">P\u0159ed samotn\u00fdm lakov\u00e1n\u00edm prove\u010fte kontrolu odst\u00ednu<\/span><\/b> <\/li>\n<\/ul>\n<h3>Doporu\u010den\u00e9 podklady<\/h3>\n<ul class=\"podklady\">\n<li>Plast<\/li>\n<\/ul><\/div>\n<div class=\"filters-tab-box__right\">\n<h2>Parametry<\/h2>\n<table>\n<tbody>\n<tr>\n<td>Barva (n&#225;zev)                                            :                                        <\/td>\n<td>                                            \u010dern&#225;                                        <\/td>\n<\/tr>\n<tr>\n<td>V&#253;robce                                            :                                        <\/td>\n<td>                                            Motip                                        <\/td>\n<\/tr>\n<tr>\n<td>Vydatnost                                            :                                        <\/td>\n<td>                                            na 2 n&#225;razn&#237;ky                                        <\/td>\n<\/tr>\n<tr>\n<td>Balen&#237;                                            :                                        <\/td>\n<td>                                            400 ml                                        <\/td>\n<\/tr>\n<tr>\n<td>Objem                                            :                                        <\/td>\n<td>400 ml                                        <\/td>\n<\/tr>\n<\/tbody>\n<\/table><\/div>\n<\/p><\/div>\n","protected":false},"excerpt":{"rendered":"<p>Motip sprej na n\u00e1razn\u00edky Sprej k obnoven\u00ed a oprav\u011b barvy plastov\u00fdch n\u00e1razn\u00edk\u016f od zna\u010dky Motip. Poskytuje vynikaj\u00edc\u00ed kryvost a trvanlivost. Je odoln\u00fd v\u016f\u010di po\u0161kr\u00e1b\u00e1n\u00ed a n\u00e1razu. Kl\u00ed\u010dov\u00e9 vlastnosti Sprej k obnoven\u00ed a oprav\u011b barvy plastov\u00fdch n\u00e1razn\u00edk\u016f Vynikaj\u00edc\u00ed kryvost a trvanlivost Odoln\u00fd v\u016f\u010di po\u0161kr\u00e1b\u00e1n\u00ed a n\u00e1razu Pou\u017eit\u00ed Povrch obruste, o\u010dist\u011bte a odmast\u011bte Zakryjte plochy, kter\u00e9 nemaj\u00ed [&hellip;]<\/p>\n","protected":false},"featured_media":39246,"comment_status":"open","ping_status":"open","template":"","meta":[],"product_brand":[],"product_cat":[69],"product_tag":[],"class_list":{"0":"post-39146","1":"product","2":"type-product","3":"status-publish","4":"has-post-thumbnail","6":"product_cat-specialni-nabidka","8":"first","9":"instock","10":"sale","11":"shipping-taxable","12":"purchasable","13":"product-type-simple"},"yoast_head":"<!-- This site is optimized with the Yoast SEO plugin v26.8 - https:\/\/yoast.com\/product\/yoast-seo-wordpress\/ -->\n<title>Zna\u010dkov\u00fd MOTIP sprej na n\u00e1razn\u00edky \u010dern\u00e1 400 ml - Pr\u016fmyslov\u00e9 vybaven\u00ed a p\u0159\u00edslu\u0161enstv\u00ed<\/title>\n<meta name=\"robots\" content=\"index, follow, max-snippet:-1, max-image-preview:large, max-video-preview:-1\" \/>\n<link rel=\"canonical\" href=\"https:\/\/www.domtechnikpro.com\/index.php\/produkt\/znackovy-motip-sprej-na-narazniky-cerna-400-ml-39146\/\" \/>\n<meta property=\"og:locale\" content=\"cs_CZ\" \/>\n<meta property=\"og:type\" content=\"article\" \/>\n<meta property=\"og:title\" content=\"Zna\u010dkov\u00fd MOTIP sprej na n\u00e1razn\u00edky \u010dern\u00e1 400 ml - Pr\u016fmyslov\u00e9 vybaven\u00ed a p\u0159\u00edslu\u0161enstv\u00ed\" \/>\n<meta property=\"og:description\" content=\"Motip sprej na n\u00e1razn\u00edky Sprej k obnoven\u00ed a oprav\u011b barvy plastov\u00fdch n\u00e1razn\u00edk\u016f od zna\u010dky Motip. Poskytuje vynikaj\u00edc\u00ed kryvost a trvanlivost. Je odoln\u00fd v\u016f\u010di po\u0161kr\u00e1b\u00e1n\u00ed a n\u00e1razu. Kl\u00ed\u010dov\u00e9 vlastnosti Sprej k obnoven\u00ed a oprav\u011b barvy plastov\u00fdch n\u00e1razn\u00edk\u016f Vynikaj\u00edc\u00ed kryvost a trvanlivost Odoln\u00fd v\u016f\u010di po\u0161kr\u00e1b\u00e1n\u00ed a n\u00e1razu Pou\u017eit\u00ed Povrch obruste, o\u010dist\u011bte a odmast\u011bte Zakryjte plochy, kter\u00e9 nemaj\u00ed [&hellip;]\" \/>\n<meta property=\"og:url\" content=\"https:\/\/www.domtechnikpro.com\/index.php\/produkt\/znackovy-motip-sprej-na-narazniky-cerna-400-ml-39146\/\" \/>\n<meta property=\"og:site_name\" content=\"Pr\u016fmyslov\u00e9 vybaven\u00ed a p\u0159\u00edslu\u0161enstv\u00ed\" \/>\n<meta property=\"og:image\" content=\"https:\/\/www.domtechnikpro.com\/wp-content\/uploads\/2026\/SK0002390-CZ20260425-092455-0-1777080297-image_of_object.webp\" \/>\n\t<meta property=\"og:image:width\" content=\"400\" \/>\n\t<meta property=\"og:image:height\" content=\"300\" \/>\n\t<meta property=\"og:image:type\" content=\"image\/webp\" \/>\n<meta name=\"twitter:card\" content=\"summary_large_image\" \/>\n<meta name=\"twitter:label1\" content=\"Odhadovan\u00e1 doba \u010dten\u00ed\" \/>\n\t<meta name=\"twitter:data1\" content=\"1 minuta\" \/>\n<script type=\"application\/ld+json\" class=\"yoast-schema-graph\">{\"@context\":\"https:\/\/schema.org\",\"@graph\":[{\"@type\":\"WebPage\",\"@id\":\"https:\/\/www.domtechnikpro.com\/index.php\/produkt\/znackovy-motip-sprej-na-narazniky-cerna-400-ml-39146\/\",\"url\":\"https:\/\/www.domtechnikpro.com\/index.php\/produkt\/znackovy-motip-sprej-na-narazniky-cerna-400-ml-39146\/\",\"name\":\"Zna\u010dkov\u00fd MOTIP sprej na n\u00e1razn\u00edky \u010dern\u00e1 400 ml - Pr\u016fmyslov\u00e9 vybaven\u00ed a p\u0159\u00edslu\u0161enstv\u00ed\",\"isPartOf\":{\"@id\":\"https:\/\/www.domtechnikpro.com\/#website\"},\"primaryImageOfPage\":{\"@id\":\"https:\/\/www.domtechnikpro.com\/index.php\/produkt\/znackovy-motip-sprej-na-narazniky-cerna-400-ml-39146\/#primaryimage\"},\"image\":{\"@id\":\"https:\/\/www.domtechnikpro.com\/index.php\/produkt\/znackovy-motip-sprej-na-narazniky-cerna-400-ml-39146\/#primaryimage\"},\"thumbnailUrl\":\"https:\/\/www.domtechnikpro.com\/wp-content\/uploads\/2026\/SK0002390-CZ20260425-092455-0-1777080297-image_of_object.webp\",\"datePublished\":\"2026-04-26T08:58:31+00:00\",\"breadcrumb\":{\"@id\":\"https:\/\/www.domtechnikpro.com\/index.php\/produkt\/znackovy-motip-sprej-na-narazniky-cerna-400-ml-39146\/#breadcrumb\"},\"inLanguage\":\"cs\",\"potentialAction\":[{\"@type\":\"ReadAction\",\"target\":[\"https:\/\/www.domtechnikpro.com\/index.php\/produkt\/znackovy-motip-sprej-na-narazniky-cerna-400-ml-39146\/\"]}]},{\"@type\":\"ImageObject\",\"inLanguage\":\"cs\",\"@id\":\"https:\/\/www.domtechnikpro.com\/index.php\/produkt\/znackovy-motip-sprej-na-narazniky-cerna-400-ml-39146\/#primaryimage\",\"url\":\"https:\/\/www.domtechnikpro.com\/wp-content\/uploads\/2026\/SK0002390-CZ20260425-092455-0-1777080297-image_of_object.webp\",\"contentUrl\":\"https:\/\/www.domtechnikpro.com\/wp-content\/uploads\/2026\/SK0002390-CZ20260425-092455-0-1777080297-image_of_object.webp\",\"width\":400,\"height\":300},{\"@type\":\"BreadcrumbList\",\"@id\":\"https:\/\/www.domtechnikpro.com\/index.php\/produkt\/znackovy-motip-sprej-na-narazniky-cerna-400-ml-39146\/#breadcrumb\",\"itemListElement\":[{\"@type\":\"ListItem\",\"position\":1,\"name\":\"Home\",\"item\":\"https:\/\/www.domtechnikpro.com\/\"},{\"@type\":\"ListItem\",\"position\":2,\"name\":\"Products\",\"item\":\"https:\/\/www.domtechnikpro.com\/products\/\"},{\"@type\":\"ListItem\",\"position\":3,\"name\":\"Zna\u010dkov\u00fd MOTIP sprej na n\u00e1razn\u00edky \u010dern\u00e1 400 ml\"}]},{\"@type\":\"WebSite\",\"@id\":\"https:\/\/www.domtechnikpro.com\/#website\",\"url\":\"https:\/\/www.domtechnikpro.com\/\",\"name\":\"Pr\u016fmyslov\u00e9 vybaven\u00ed a p\u0159\u00edslu\u0161enstv\u00ed\",\"description\":\"Pr\u016fmyslov\u00e9 vybaven\u00ed a p\u0159\u00edslu\u0161enstv\u00ed\",\"publisher\":{\"@id\":\"https:\/\/www.domtechnikpro.com\/#organization\"},\"potentialAction\":[{\"@type\":\"SearchAction\",\"target\":{\"@type\":\"EntryPoint\",\"urlTemplate\":\"https:\/\/www.domtechnikpro.com\/?s={search_term_string}\"},\"query-input\":{\"@type\":\"PropertyValueSpecification\",\"valueRequired\":true,\"valueName\":\"search_term_string\"}}],\"inLanguage\":\"cs\"},{\"@type\":\"Organization\",\"@id\":\"https:\/\/www.domtechnikpro.com\/#organization\",\"name\":\"Pr\u016fmyslov\u00e9 vybaven\u00ed a p\u0159\u00edslu\u0161enstv\u00ed\",\"url\":\"https:\/\/www.domtechnikpro.com\/\",\"logo\":{\"@type\":\"ImageObject\",\"inLanguage\":\"cs\",\"@id\":\"https:\/\/www.domtechnikpro.com\/#\/schema\/logo\/image\/\",\"url\":\"https:\/\/www.domtechnikpro.com\/wp-content\/uploads\/2026\/04\/domtechnikpro_logo_full.svg\",\"contentUrl\":\"https:\/\/www.domtechnikpro.com\/wp-content\/uploads\/2026\/04\/domtechnikpro_logo_full.svg\",\"width\":920,\"height\":180,\"caption\":\"Pr\u016fmyslov\u00e9 vybaven\u00ed a p\u0159\u00edslu\u0161enstv\u00ed\"},\"image\":{\"@id\":\"https:\/\/www.domtechnikpro.com\/#\/schema\/logo\/image\/\"}}]}<\/script>\n<!-- \/ Yoast SEO plugin. -->","yoast_head_json":{"title":"Zna\u010dkov\u00fd MOTIP sprej na n\u00e1razn\u00edky \u010dern\u00e1 400 ml - Pr\u016fmyslov\u00e9 vybaven\u00ed a p\u0159\u00edslu\u0161enstv\u00ed","robots":{"index":"index","follow":"follow","max-snippet":"max-snippet:-1","max-image-preview":"max-image-preview:large","max-video-preview":"max-video-preview:-1"},"canonical":"https:\/\/www.domtechnikpro.com\/index.php\/produkt\/znackovy-motip-sprej-na-narazniky-cerna-400-ml-39146\/","og_locale":"cs_CZ","og_type":"article","og_title":"Zna\u010dkov\u00fd MOTIP sprej na n\u00e1razn\u00edky \u010dern\u00e1 400 ml - Pr\u016fmyslov\u00e9 vybaven\u00ed a p\u0159\u00edslu\u0161enstv\u00ed","og_description":"Motip sprej na n\u00e1razn\u00edky Sprej k obnoven\u00ed a oprav\u011b barvy plastov\u00fdch n\u00e1razn\u00edk\u016f od zna\u010dky Motip. Poskytuje vynikaj\u00edc\u00ed kryvost a trvanlivost. Je odoln\u00fd v\u016f\u010di po\u0161kr\u00e1b\u00e1n\u00ed a n\u00e1razu. Kl\u00ed\u010dov\u00e9 vlastnosti Sprej k obnoven\u00ed a oprav\u011b barvy plastov\u00fdch n\u00e1razn\u00edk\u016f Vynikaj\u00edc\u00ed kryvost a trvanlivost Odoln\u00fd v\u016f\u010di po\u0161kr\u00e1b\u00e1n\u00ed a n\u00e1razu Pou\u017eit\u00ed Povrch obruste, o\u010dist\u011bte a odmast\u011bte Zakryjte plochy, kter\u00e9 nemaj\u00ed [&hellip;]","og_url":"https:\/\/www.domtechnikpro.com\/index.php\/produkt\/znackovy-motip-sprej-na-narazniky-cerna-400-ml-39146\/","og_site_name":"Pr\u016fmyslov\u00e9 vybaven\u00ed a p\u0159\u00edslu\u0161enstv\u00ed","og_image":[{"width":400,"height":300,"url":"https:\/\/www.domtechnikpro.com\/wp-content\/uploads\/2026\/SK0002390-CZ20260425-092455-0-1777080297-image_of_object.webp","type":"image\/webp"}],"twitter_card":"summary_large_image","twitter_misc":{"Odhadovan\u00e1 doba \u010dten\u00ed":"1 minuta"},"schema":{"@context":"https:\/\/schema.org","@graph":[{"@type":"WebPage","@id":"https:\/\/www.domtechnikpro.com\/index.php\/produkt\/znackovy-motip-sprej-na-narazniky-cerna-400-ml-39146\/","url":"https:\/\/www.domtechnikpro.com\/index.php\/produkt\/znackovy-motip-sprej-na-narazniky-cerna-400-ml-39146\/","name":"Zna\u010dkov\u00fd MOTIP sprej na n\u00e1razn\u00edky \u010dern\u00e1 400 ml - Pr\u016fmyslov\u00e9 vybaven\u00ed a p\u0159\u00edslu\u0161enstv\u00ed","isPartOf":{"@id":"https:\/\/www.domtechnikpro.com\/#website"},"primaryImageOfPage":{"@id":"https:\/\/www.domtechnikpro.com\/index.php\/produkt\/znackovy-motip-sprej-na-narazniky-cerna-400-ml-39146\/#primaryimage"},"image":{"@id":"https:\/\/www.domtechnikpro.com\/index.php\/produkt\/znackovy-motip-sprej-na-narazniky-cerna-400-ml-39146\/#primaryimage"},"thumbnailUrl":"https:\/\/www.domtechnikpro.com\/wp-content\/uploads\/2026\/SK0002390-CZ20260425-092455-0-1777080297-image_of_object.webp","datePublished":"2026-04-26T08:58:31+00:00","breadcrumb":{"@id":"https:\/\/www.domtechnikpro.com\/index.php\/produkt\/znackovy-motip-sprej-na-narazniky-cerna-400-ml-39146\/#breadcrumb"},"inLanguage":"cs","potentialAction":[{"@type":"ReadAction","target":["https:\/\/www.domtechnikpro.com\/index.php\/produkt\/znackovy-motip-sprej-na-narazniky-cerna-400-ml-39146\/"]}]},{"@type":"ImageObject","inLanguage":"cs","@id":"https:\/\/www.domtechnikpro.com\/index.php\/produkt\/znackovy-motip-sprej-na-narazniky-cerna-400-ml-39146\/#primaryimage","url":"https:\/\/www.domtechnikpro.com\/wp-content\/uploads\/2026\/SK0002390-CZ20260425-092455-0-1777080297-image_of_object.webp","contentUrl":"https:\/\/www.domtechnikpro.com\/wp-content\/uploads\/2026\/SK0002390-CZ20260425-092455-0-1777080297-image_of_object.webp","width":400,"height":300},{"@type":"BreadcrumbList","@id":"https:\/\/www.domtechnikpro.com\/index.php\/produkt\/znackovy-motip-sprej-na-narazniky-cerna-400-ml-39146\/#breadcrumb","itemListElement":[{"@type":"ListItem","position":1,"name":"Home","item":"https:\/\/www.domtechnikpro.com\/"},{"@type":"ListItem","position":2,"name":"Products","item":"https:\/\/www.domtechnikpro.com\/products\/"},{"@type":"ListItem","position":3,"name":"Zna\u010dkov\u00fd MOTIP sprej na n\u00e1razn\u00edky \u010dern\u00e1 400 ml"}]},{"@type":"WebSite","@id":"https:\/\/www.domtechnikpro.com\/#website","url":"https:\/\/www.domtechnikpro.com\/","name":"Pr\u016fmyslov\u00e9 vybaven\u00ed a p\u0159\u00edslu\u0161enstv\u00ed","description":"Pr\u016fmyslov\u00e9 vybaven\u00ed a p\u0159\u00edslu\u0161enstv\u00ed","publisher":{"@id":"https:\/\/www.domtechnikpro.com\/#organization"},"potentialAction":[{"@type":"SearchAction","target":{"@type":"EntryPoint","urlTemplate":"https:\/\/www.domtechnikpro.com\/?s={search_term_string}"},"query-input":{"@type":"PropertyValueSpecification","valueRequired":true,"valueName":"search_term_string"}}],"inLanguage":"cs"},{"@type":"Organization","@id":"https:\/\/www.domtechnikpro.com\/#organization","name":"Pr\u016fmyslov\u00e9 vybaven\u00ed a p\u0159\u00edslu\u0161enstv\u00ed","url":"https:\/\/www.domtechnikpro.com\/","logo":{"@type":"ImageObject","inLanguage":"cs","@id":"https:\/\/www.domtechnikpro.com\/#\/schema\/logo\/image\/","url":"https:\/\/www.domtechnikpro.com\/wp-content\/uploads\/2026\/04\/domtechnikpro_logo_full.svg","contentUrl":"https:\/\/www.domtechnikpro.com\/wp-content\/uploads\/2026\/04\/domtechnikpro_logo_full.svg","width":920,"height":180,"caption":"Pr\u016fmyslov\u00e9 vybaven\u00ed a p\u0159\u00edslu\u0161enstv\u00ed"},"image":{"@id":"https:\/\/www.domtechnikpro.com\/#\/schema\/logo\/image\/"}}]}},"_links":{"self":[{"href":"https:\/\/www.domtechnikpro.com\/wp-json\/wp\/v2\/product\/39146","targetHints":{"allow":["GET"]}}],"collection":[{"href":"https:\/\/www.domtechnikpro.com\/wp-json\/wp\/v2\/product"}],"about":[{"href":"https:\/\/www.domtechnikpro.com\/wp-json\/wp\/v2\/types\/product"}],"replies":[{"embeddable":true,"href":"https:\/\/www.domtechnikpro.com\/wp-json\/wp\/v2\/comments?post=39146"}],"wp:featuredmedia":[{"embeddable":true,"href":"https:\/\/www.domtechnikpro.com\/wp-json\/wp\/v2\/media\/39246"}],"wp:attachment":[{"href":"https:\/\/www.domtechnikpro.com\/wp-json\/wp\/v2\/media?parent=39146"}],"wp:term":[{"taxonomy":"product_brand","embeddable":true,"href":"https:\/\/www.domtechnikpro.com\/wp-json\/wp\/v2\/product_brand?post=39146"},{"taxonomy":"product_cat","embeddable":true,"href":"https:\/\/www.domtechnikpro.com\/wp-json\/wp\/v2\/product_cat?post=39146"},{"taxonomy":"product_tag","embeddable":true,"href":"https:\/\/www.domtechnikpro.com\/wp-json\/wp\/v2\/product_tag?post=39146"}],"curies":[{"name":"wp","href":"https:\/\/api.w.org\/{rel}","templated":true}]}}