{"id":3897,"date":"2026-04-26T08:52:00","date_gmt":"2026-04-26T08:52:00","guid":{"rendered":""},"modified":"2026-04-26T08:52:00","modified_gmt":"2026-04-26T08:52:00","slug":"bezpecna-platba-kopos-prichytka-jednostranna-6706-3897","status":"publish","type":"product","link":"https:\/\/www.domtechnikpro.com\/index.php\/produkt\/bezpecna-platba-kopos-prichytka-jednostranna-6706-3897\/","title":{"rendered":"Bezpe\u010dn\u00e1 Platba Kopos p\u0159\u00edchytka jednostrann\u00e1  6706"},"content":{"rendered":"<div id=\"e8886002\" class=\"pages\">\n<div id=\"PDDescription\" class=\"UserContentView userContent v1a v1 bs-view dcon dc150 PDDescription\" >\n<p><span style=\"color: #008080;\"><strong><span style=\"font-size: 24px;\">Kopos p\u0159\u00edchytka jednostrann\u00e1 6706<\/span><\/strong><\/span><\/p>\n<p><span style=\"color: #008080; font-size: 14px;\"><span style=\"color: #000000;\">Pro p\u0159ipevn\u011bn\u00ed kabel\u016f pr\u016fm\u011bru 4 &#8211; 12,5 mm na podlo\u017eku. Podrobnosti o p\u0159\u00edchytk\u00e1ch s funk\u010dnost\u00ed p\u0159i po\u017e\u00e1ru naleznete v oran\u017eov\u00e9m katalogu Syst\u00e9my se zachov\u00e1n\u00edm funk\u010dnosti p\u0159i po\u017e\u00e1ru. P\u0159\u00edchytky jsou zna\u010deny p\u00edsmeny \u201cPO\u201d.<\/span> <\/span><\/p>\n<p><span style=\"color: #008080;\"><strong><span style=\"font-size: 14px;\"><span style=\"font-size: 14px;\">Parametry<\/span><\/span><\/strong><\/span><\/p>\n<p><span style=\"color: #008080; font-size: 14px;\"><span style=\"color: #008080; font-size: 14px;\"><span style=\"color: #000000;\">EAN k\u00f3d\u00a0\u00a0 8595057605534 <\/span><br \/><span style=\"color: #000000;\">Materi\u00e1l:\u00a0\u00a0 ocel <\/span><br \/><span style=\"color: #000000;\">Povrchov\u00e1 \u00faprava:\u00a0\u00a0 pozinkovan\u00e1 ocel Sendzimir <\/span><br \/><span style=\"color: #000000;\">Rozm\u011br:\u00a0\u00a0 18 x 10 mm <\/span><br \/><span style=\"color: #000000;\">Tlou\u0161\u0165ka:\u00a0\u00a0 0,8 mm <\/span><br \/><span style=\"color: #000000;\">Vnit\u0159n\u00ed pr\u016fm\u011br:\u00a0\u00a0 6 mm <\/span><br \/><span style=\"color: #000000;\">Pr\u016fm\u011br otvoru pro upevn\u011bn\u00ed:\u00a0\u00a0 4,3 mm<\/span> <br \/><\/span><\/span><\/p>\n<div id=\"PDTable3\" class=\"ProductDetailTableView v3a v3 bs-view dcon dc175 PDTable3\" >\n<table>\n<thead><\/thead>\n<tbody>\n<tr class=\"attribute attr_bsshop_maker\">\n<td class=\"caption\">V\u00fdrobce<\/td>\n<td class=\"value\">Kopos Kol\u00edn<\/td>\n<\/tr>\n<\/tbody>\n<\/table><\/div>\n<\/div>\n<\/div>\n<div id=\"e8886003\" class=\"tabs\">\n","protected":false},"excerpt":{"rendered":"<p>Kopos p\u0159\u00edchytka jednostrann\u00e1 6706 Pro p\u0159ipevn\u011bn\u00ed kabel\u016f pr\u016fm\u011bru 4 &#8211; 12,5 mm na podlo\u017eku. Podrobnosti o p\u0159\u00edchytk\u00e1ch s funk\u010dnost\u00ed p\u0159i po\u017e\u00e1ru naleznete v oran\u017eov\u00e9m katalogu Syst\u00e9my se zachov\u00e1n\u00edm funk\u010dnosti p\u0159i po\u017e\u00e1ru. P\u0159\u00edchytky jsou zna\u010deny p\u00edsmeny \u201cPO\u201d. Parametry EAN k\u00f3d\u00a0\u00a0 8595057605534 Materi\u00e1l:\u00a0\u00a0 ocel Povrchov\u00e1 \u00faprava:\u00a0\u00a0 pozinkovan\u00e1 ocel Sendzimir Rozm\u011br:\u00a0\u00a0 18 x 10 mm Tlou\u0161\u0165ka:\u00a0\u00a0 0,8 mm [&hellip;]<\/p>\n","protected":false},"featured_media":3997,"comment_status":"open","ping_status":"open","template":"","meta":[],"product_brand":[],"product_cat":[39],"product_tag":[],"class_list":{"0":"post-3897","1":"product","2":"type-product","3":"status-publish","4":"has-post-thumbnail","6":"product_cat-elektromateri-225-l","8":"first","9":"instock","10":"sale","11":"shipping-taxable","12":"purchasable","13":"product-type-simple"},"yoast_head":"<!-- This site is optimized with the Yoast SEO plugin v26.8 - https:\/\/yoast.com\/product\/yoast-seo-wordpress\/ -->\n<title>Bezpe\u010dn\u00e1 Platba Kopos p\u0159\u00edchytka jednostrann\u00e1 6706 -<\/title>\n<meta name=\"robots\" content=\"index, follow, max-snippet:-1, max-image-preview:large, max-video-preview:-1\" \/>\n<link rel=\"canonical\" href=\"https:\/\/www.domtechnikpro.com\/index.php\/produkt\/bezpecna-platba-kopos-prichytka-jednostranna-6706-3897\/\" \/>\n<meta property=\"og:locale\" content=\"cs_CZ\" \/>\n<meta property=\"og:type\" content=\"article\" \/>\n<meta property=\"og:title\" content=\"Bezpe\u010dn\u00e1 Platba Kopos p\u0159\u00edchytka jednostrann\u00e1 6706 -\" \/>\n<meta property=\"og:description\" content=\"Kopos p\u0159\u00edchytka jednostrann\u00e1 6706 Pro p\u0159ipevn\u011bn\u00ed kabel\u016f pr\u016fm\u011bru 4 &#8211; 12,5 mm na podlo\u017eku. Podrobnosti o p\u0159\u00edchytk\u00e1ch s funk\u010dnost\u00ed p\u0159i po\u017e\u00e1ru naleznete v oran\u017eov\u00e9m katalogu Syst\u00e9my se zachov\u00e1n\u00edm funk\u010dnosti p\u0159i po\u017e\u00e1ru. P\u0159\u00edchytky jsou zna\u010deny p\u00edsmeny \u201cPO\u201d. Parametry EAN k\u00f3d\u00a0\u00a0 8595057605534 Materi\u00e1l:\u00a0\u00a0 ocel Povrchov\u00e1 \u00faprava:\u00a0\u00a0 pozinkovan\u00e1 ocel Sendzimir Rozm\u011br:\u00a0\u00a0 18 x 10 mm Tlou\u0161\u0165ka:\u00a0\u00a0 0,8 mm [&hellip;]\" \/>\n<meta property=\"og:url\" content=\"https:\/\/www.domtechnikpro.com\/index.php\/produkt\/bezpecna-platba-kopos-prichytka-jednostranna-6706-3897\/\" \/>\n<meta property=\"og:image\" content=\"https:\/\/www.domtechnikpro.com\/wp-content\/uploads\/2026\/SK0001418-CZ20260425-091623-0-1777079785-kopos-prichytka-jednostranna-6706.webp\" \/>\n\t<meta property=\"og:image:width\" content=\"1000\" \/>\n\t<meta property=\"og:image:height\" content=\"525\" \/>\n\t<meta property=\"og:image:type\" content=\"image\/webp\" \/>\n<meta name=\"twitter:card\" content=\"summary_large_image\" \/>\n<script type=\"application\/ld+json\" class=\"yoast-schema-graph\">{\"@context\":\"https:\/\/schema.org\",\"@graph\":[{\"@type\":\"WebPage\",\"@id\":\"https:\/\/www.domtechnikpro.com\/index.php\/produkt\/bezpecna-platba-kopos-prichytka-jednostranna-6706-3897\/\",\"url\":\"https:\/\/www.domtechnikpro.com\/index.php\/produkt\/bezpecna-platba-kopos-prichytka-jednostranna-6706-3897\/\",\"name\":\"Bezpe\u010dn\u00e1 Platba Kopos p\u0159\u00edchytka jednostrann\u00e1 6706 -\",\"isPartOf\":{\"@id\":\"https:\/\/www.domtechnikpro.com\/#website\"},\"primaryImageOfPage\":{\"@id\":\"https:\/\/www.domtechnikpro.com\/index.php\/produkt\/bezpecna-platba-kopos-prichytka-jednostranna-6706-3897\/#primaryimage\"},\"image\":{\"@id\":\"https:\/\/www.domtechnikpro.com\/index.php\/produkt\/bezpecna-platba-kopos-prichytka-jednostranna-6706-3897\/#primaryimage\"},\"thumbnailUrl\":\"https:\/\/www.domtechnikpro.com\/wp-content\/uploads\/2026\/SK0001418-CZ20260425-091623-0-1777079785-kopos-prichytka-jednostranna-6706.webp\",\"datePublished\":\"2026-04-26T08:52:00+00:00\",\"breadcrumb\":{\"@id\":\"https:\/\/www.domtechnikpro.com\/index.php\/produkt\/bezpecna-platba-kopos-prichytka-jednostranna-6706-3897\/#breadcrumb\"},\"inLanguage\":\"cs\",\"potentialAction\":[{\"@type\":\"ReadAction\",\"target\":[\"https:\/\/www.domtechnikpro.com\/index.php\/produkt\/bezpecna-platba-kopos-prichytka-jednostranna-6706-3897\/\"]}]},{\"@type\":\"ImageObject\",\"inLanguage\":\"cs\",\"@id\":\"https:\/\/www.domtechnikpro.com\/index.php\/produkt\/bezpecna-platba-kopos-prichytka-jednostranna-6706-3897\/#primaryimage\",\"url\":\"https:\/\/www.domtechnikpro.com\/wp-content\/uploads\/2026\/SK0001418-CZ20260425-091623-0-1777079785-kopos-prichytka-jednostranna-6706.webp\",\"contentUrl\":\"https:\/\/www.domtechnikpro.com\/wp-content\/uploads\/2026\/SK0001418-CZ20260425-091623-0-1777079785-kopos-prichytka-jednostranna-6706.webp\",\"width\":1000,\"height\":525},{\"@type\":\"BreadcrumbList\",\"@id\":\"https:\/\/www.domtechnikpro.com\/index.php\/produkt\/bezpecna-platba-kopos-prichytka-jednostranna-6706-3897\/#breadcrumb\",\"itemListElement\":[{\"@type\":\"ListItem\",\"position\":1,\"name\":\"Home\",\"item\":\"https:\/\/www.domtechnikpro.com\/\"},{\"@type\":\"ListItem\",\"position\":2,\"name\":\"Products\",\"item\":\"https:\/\/www.domtechnikpro.com\/index.php\/products\/\"},{\"@type\":\"ListItem\",\"position\":3,\"name\":\"Bezpe\u010dn\u00e1 Platba Kopos p\u0159\u00edchytka jednostrann\u00e1 6706\"}]},{\"@type\":\"WebSite\",\"@id\":\"https:\/\/www.domtechnikpro.com\/#website\",\"url\":\"https:\/\/www.domtechnikpro.com\/\",\"name\":\"\",\"description\":\"\",\"potentialAction\":[{\"@type\":\"SearchAction\",\"target\":{\"@type\":\"EntryPoint\",\"urlTemplate\":\"https:\/\/www.domtechnikpro.com\/?s={search_term_string}\"},\"query-input\":{\"@type\":\"PropertyValueSpecification\",\"valueRequired\":true,\"valueName\":\"search_term_string\"}}],\"inLanguage\":\"cs\"}]}<\/script>\n<!-- \/ Yoast SEO plugin. -->","yoast_head_json":{"title":"Bezpe\u010dn\u00e1 Platba Kopos p\u0159\u00edchytka jednostrann\u00e1 6706 -","robots":{"index":"index","follow":"follow","max-snippet":"max-snippet:-1","max-image-preview":"max-image-preview:large","max-video-preview":"max-video-preview:-1"},"canonical":"https:\/\/www.domtechnikpro.com\/index.php\/produkt\/bezpecna-platba-kopos-prichytka-jednostranna-6706-3897\/","og_locale":"cs_CZ","og_type":"article","og_title":"Bezpe\u010dn\u00e1 Platba Kopos p\u0159\u00edchytka jednostrann\u00e1 6706 -","og_description":"Kopos p\u0159\u00edchytka jednostrann\u00e1 6706 Pro p\u0159ipevn\u011bn\u00ed kabel\u016f pr\u016fm\u011bru 4 &#8211; 12,5 mm na podlo\u017eku. Podrobnosti o p\u0159\u00edchytk\u00e1ch s funk\u010dnost\u00ed p\u0159i po\u017e\u00e1ru naleznete v oran\u017eov\u00e9m katalogu Syst\u00e9my se zachov\u00e1n\u00edm funk\u010dnosti p\u0159i po\u017e\u00e1ru. P\u0159\u00edchytky jsou zna\u010deny p\u00edsmeny \u201cPO\u201d. Parametry EAN k\u00f3d\u00a0\u00a0 8595057605534 Materi\u00e1l:\u00a0\u00a0 ocel Povrchov\u00e1 \u00faprava:\u00a0\u00a0 pozinkovan\u00e1 ocel Sendzimir Rozm\u011br:\u00a0\u00a0 18 x 10 mm Tlou\u0161\u0165ka:\u00a0\u00a0 0,8 mm [&hellip;]","og_url":"https:\/\/www.domtechnikpro.com\/index.php\/produkt\/bezpecna-platba-kopos-prichytka-jednostranna-6706-3897\/","og_image":[{"width":1000,"height":525,"url":"https:\/\/www.domtechnikpro.com\/wp-content\/uploads\/2026\/SK0001418-CZ20260425-091623-0-1777079785-kopos-prichytka-jednostranna-6706.webp","type":"image\/webp"}],"twitter_card":"summary_large_image","schema":{"@context":"https:\/\/schema.org","@graph":[{"@type":"WebPage","@id":"https:\/\/www.domtechnikpro.com\/index.php\/produkt\/bezpecna-platba-kopos-prichytka-jednostranna-6706-3897\/","url":"https:\/\/www.domtechnikpro.com\/index.php\/produkt\/bezpecna-platba-kopos-prichytka-jednostranna-6706-3897\/","name":"Bezpe\u010dn\u00e1 Platba Kopos p\u0159\u00edchytka jednostrann\u00e1 6706 -","isPartOf":{"@id":"https:\/\/www.domtechnikpro.com\/#website"},"primaryImageOfPage":{"@id":"https:\/\/www.domtechnikpro.com\/index.php\/produkt\/bezpecna-platba-kopos-prichytka-jednostranna-6706-3897\/#primaryimage"},"image":{"@id":"https:\/\/www.domtechnikpro.com\/index.php\/produkt\/bezpecna-platba-kopos-prichytka-jednostranna-6706-3897\/#primaryimage"},"thumbnailUrl":"https:\/\/www.domtechnikpro.com\/wp-content\/uploads\/2026\/SK0001418-CZ20260425-091623-0-1777079785-kopos-prichytka-jednostranna-6706.webp","datePublished":"2026-04-26T08:52:00+00:00","breadcrumb":{"@id":"https:\/\/www.domtechnikpro.com\/index.php\/produkt\/bezpecna-platba-kopos-prichytka-jednostranna-6706-3897\/#breadcrumb"},"inLanguage":"cs","potentialAction":[{"@type":"ReadAction","target":["https:\/\/www.domtechnikpro.com\/index.php\/produkt\/bezpecna-platba-kopos-prichytka-jednostranna-6706-3897\/"]}]},{"@type":"ImageObject","inLanguage":"cs","@id":"https:\/\/www.domtechnikpro.com\/index.php\/produkt\/bezpecna-platba-kopos-prichytka-jednostranna-6706-3897\/#primaryimage","url":"https:\/\/www.domtechnikpro.com\/wp-content\/uploads\/2026\/SK0001418-CZ20260425-091623-0-1777079785-kopos-prichytka-jednostranna-6706.webp","contentUrl":"https:\/\/www.domtechnikpro.com\/wp-content\/uploads\/2026\/SK0001418-CZ20260425-091623-0-1777079785-kopos-prichytka-jednostranna-6706.webp","width":1000,"height":525},{"@type":"BreadcrumbList","@id":"https:\/\/www.domtechnikpro.com\/index.php\/produkt\/bezpecna-platba-kopos-prichytka-jednostranna-6706-3897\/#breadcrumb","itemListElement":[{"@type":"ListItem","position":1,"name":"Home","item":"https:\/\/www.domtechnikpro.com\/"},{"@type":"ListItem","position":2,"name":"Products","item":"https:\/\/www.domtechnikpro.com\/index.php\/products\/"},{"@type":"ListItem","position":3,"name":"Bezpe\u010dn\u00e1 Platba Kopos p\u0159\u00edchytka jednostrann\u00e1 6706"}]},{"@type":"WebSite","@id":"https:\/\/www.domtechnikpro.com\/#website","url":"https:\/\/www.domtechnikpro.com\/","name":"","description":"","potentialAction":[{"@type":"SearchAction","target":{"@type":"EntryPoint","urlTemplate":"https:\/\/www.domtechnikpro.com\/?s={search_term_string}"},"query-input":{"@type":"PropertyValueSpecification","valueRequired":true,"valueName":"search_term_string"}}],"inLanguage":"cs"}]}},"_links":{"self":[{"href":"https:\/\/www.domtechnikpro.com\/index.php\/wp-json\/wp\/v2\/product\/3897","targetHints":{"allow":["GET"]}}],"collection":[{"href":"https:\/\/www.domtechnikpro.com\/index.php\/wp-json\/wp\/v2\/product"}],"about":[{"href":"https:\/\/www.domtechnikpro.com\/index.php\/wp-json\/wp\/v2\/types\/product"}],"replies":[{"embeddable":true,"href":"https:\/\/www.domtechnikpro.com\/index.php\/wp-json\/wp\/v2\/comments?post=3897"}],"wp:featuredmedia":[{"embeddable":true,"href":"https:\/\/www.domtechnikpro.com\/index.php\/wp-json\/wp\/v2\/media\/3997"}],"wp:attachment":[{"href":"https:\/\/www.domtechnikpro.com\/index.php\/wp-json\/wp\/v2\/media?parent=3897"}],"wp:term":[{"taxonomy":"product_brand","embeddable":true,"href":"https:\/\/www.domtechnikpro.com\/index.php\/wp-json\/wp\/v2\/product_brand?post=3897"},{"taxonomy":"product_cat","embeddable":true,"href":"https:\/\/www.domtechnikpro.com\/index.php\/wp-json\/wp\/v2\/product_cat?post=3897"},{"taxonomy":"product_tag","embeddable":true,"href":"https:\/\/www.domtechnikpro.com\/index.php\/wp-json\/wp\/v2\/product_tag?post=3897"}],"curies":[{"name":"wp","href":"https:\/\/api.w.org\/{rel}","templated":true}]}}