{"id":3896,"date":"2026-04-26T08:52:00","date_gmt":"2026-04-26T08:52:00","guid":{"rendered":""},"modified":"2026-04-26T08:52:00","modified_gmt":"2026-04-26T08:52:00","slug":"kopos-prichytka-jednostranna-6704-finalni-vyprodej-3896","status":"publish","type":"product","link":"https:\/\/www.domtechnikpro.com\/index.php\/produkt\/kopos-prichytka-jednostranna-6704-finalni-vyprodej-3896\/","title":{"rendered":"Kopos p\u0159\u00edchytka jednostrann\u00e1  6704 Fin\u00e1ln\u00ed V\u00fdprodej"},"content":{"rendered":"<div id=\"e8885925\" class=\"pages\">\n<div id=\"PDDescription\" class=\"UserContentView userContent v1a v1 bs-view dcon dc150 PDDescription\" >\n<p><strong><span style=\"color: #008080; font-size: 24px;\">Kopos p\u0159\u00edchytka jednostrann\u00e1 6704<\/span><\/strong><\/p>\n<p><span style=\"color: #000000; font-size: 14px;\">Pro p\u0159ipevn\u011bn\u00ed kabel\u016f pr\u016fm\u011bru 4 &#8211; 12,5 mm na podlo\u017eku. Podrobnosti o p\u0159\u00edchytk\u00e1ch s funk\u010dnost\u00ed p\u0159i po\u017e\u00e1ru naleznete v oran\u017eov\u00e9m katalogu Syst\u00e9my se zachov\u00e1n\u00edm funk\u010dnosti p\u0159i po\u017e\u00e1ru. P\u0159\u00edchytky jsou zna\u010deny p\u00edsmeny \u201cPO\u201d.<\/span><\/p>\n<p><span style=\"color: #008080;\"><strong>Parametry<\/strong><\/span><br \/>EAN k\u00f3d: 8595057605527\u00a0<br \/>Materi\u00e1l:\u00a0ocel\u00a0<br \/>Povrchov\u00e1 \u00faprava: pozinkovan\u00e1 ocel Sendzimir\u00a0<br \/>Rozm\u011br: 15 x 10 mm\u00a0<br \/>Tlou\u0161\u0165ka:\u00a00,8 mm\u00a0<br \/>Vnit\u0159n\u00ed pr\u016fm\u011br: 4 mm\u00a0<br \/>Pr\u016fm\u011br otvoru pro upevn\u011bn\u00ed:\u00a04,3 mm\u00a0<\/p>\n<p>\u00a0<\/p>\n<div id=\"PDTable3\" class=\"ProductDetailTableView v3a v3 bs-view dcon dc175 PDTable3\" >\n<table>\n<thead><\/thead>\n<tbody>\n<tr class=\"attribute attr_bsshop_maker\">\n<td class=\"caption\">V\u00fdrobce<\/td>\n<td class=\"value\">Kopos Kol\u00edn<\/td>\n<\/tr>\n<\/tbody>\n<\/table><\/div>\n<\/div>\n<\/div>\n<div id=\"e8885926\" class=\"tabs\">\n","protected":false},"excerpt":{"rendered":"<p>Kopos p\u0159\u00edchytka jednostrann\u00e1 6704 Pro p\u0159ipevn\u011bn\u00ed kabel\u016f pr\u016fm\u011bru 4 &#8211; 12,5 mm na podlo\u017eku. Podrobnosti o p\u0159\u00edchytk\u00e1ch s funk\u010dnost\u00ed p\u0159i po\u017e\u00e1ru naleznete v oran\u017eov\u00e9m katalogu Syst\u00e9my se zachov\u00e1n\u00edm funk\u010dnosti p\u0159i po\u017e\u00e1ru. P\u0159\u00edchytky jsou zna\u010deny p\u00edsmeny \u201cPO\u201d. ParametryEAN k\u00f3d: 8595057605527\u00a0Materi\u00e1l:\u00a0ocel\u00a0Povrchov\u00e1 \u00faprava: pozinkovan\u00e1 ocel Sendzimir\u00a0Rozm\u011br: 15 x 10 mm\u00a0Tlou\u0161\u0165ka:\u00a00,8 mm\u00a0Vnit\u0159n\u00ed pr\u016fm\u011br: 4 mm\u00a0Pr\u016fm\u011br otvoru pro upevn\u011bn\u00ed:\u00a04,3 mm\u00a0 [&hellip;]<\/p>\n","protected":false},"featured_media":3996,"comment_status":"open","ping_status":"open","template":"","meta":[],"product_brand":[],"product_cat":[39],"product_tag":[],"class_list":{"0":"post-3896","1":"product","2":"type-product","3":"status-publish","4":"has-post-thumbnail","6":"product_cat-elektromateri-225-l","8":"first","9":"instock","10":"sale","11":"shipping-taxable","12":"purchasable","13":"product-type-simple"},"yoast_head":"<!-- This site is optimized with the Yoast SEO plugin v26.8 - https:\/\/yoast.com\/product\/yoast-seo-wordpress\/ -->\n<title>Kopos p\u0159\u00edchytka jednostrann\u00e1 6704 Fin\u00e1ln\u00ed V\u00fdprodej -<\/title>\n<meta name=\"robots\" content=\"index, follow, max-snippet:-1, max-image-preview:large, max-video-preview:-1\" \/>\n<link rel=\"canonical\" href=\"https:\/\/www.domtechnikpro.com\/index.php\/produkt\/kopos-prichytka-jednostranna-6704-finalni-vyprodej-3896\/\" \/>\n<meta property=\"og:locale\" content=\"cs_CZ\" \/>\n<meta property=\"og:type\" content=\"article\" \/>\n<meta property=\"og:title\" content=\"Kopos p\u0159\u00edchytka jednostrann\u00e1 6704 Fin\u00e1ln\u00ed V\u00fdprodej -\" \/>\n<meta property=\"og:description\" content=\"Kopos p\u0159\u00edchytka jednostrann\u00e1 6704 Pro p\u0159ipevn\u011bn\u00ed kabel\u016f pr\u016fm\u011bru 4 &#8211; 12,5 mm na podlo\u017eku. Podrobnosti o p\u0159\u00edchytk\u00e1ch s funk\u010dnost\u00ed p\u0159i po\u017e\u00e1ru naleznete v oran\u017eov\u00e9m katalogu Syst\u00e9my se zachov\u00e1n\u00edm funk\u010dnosti p\u0159i po\u017e\u00e1ru. P\u0159\u00edchytky jsou zna\u010deny p\u00edsmeny \u201cPO\u201d. ParametryEAN k\u00f3d: 8595057605527\u00a0Materi\u00e1l:\u00a0ocel\u00a0Povrchov\u00e1 \u00faprava: pozinkovan\u00e1 ocel Sendzimir\u00a0Rozm\u011br: 15 x 10 mm\u00a0Tlou\u0161\u0165ka:\u00a00,8 mm\u00a0Vnit\u0159n\u00ed pr\u016fm\u011br: 4 mm\u00a0Pr\u016fm\u011br otvoru pro upevn\u011bn\u00ed:\u00a04,3 mm\u00a0 [&hellip;]\" \/>\n<meta property=\"og:url\" content=\"https:\/\/www.domtechnikpro.com\/index.php\/produkt\/kopos-prichytka-jednostranna-6704-finalni-vyprodej-3896\/\" \/>\n<meta property=\"og:image\" content=\"https:\/\/www.domtechnikpro.com\/wp-content\/uploads\/2026\/SK0001417-CZ20260425-091623-0-1777079785-kopos-prichytka-jednostranna-6704.webp\" \/>\n\t<meta property=\"og:image:width\" content=\"1000\" \/>\n\t<meta property=\"og:image:height\" content=\"525\" \/>\n\t<meta property=\"og:image:type\" content=\"image\/webp\" \/>\n<meta name=\"twitter:card\" content=\"summary_large_image\" \/>\n<script type=\"application\/ld+json\" class=\"yoast-schema-graph\">{\"@context\":\"https:\/\/schema.org\",\"@graph\":[{\"@type\":\"WebPage\",\"@id\":\"https:\/\/www.domtechnikpro.com\/index.php\/produkt\/kopos-prichytka-jednostranna-6704-finalni-vyprodej-3896\/\",\"url\":\"https:\/\/www.domtechnikpro.com\/index.php\/produkt\/kopos-prichytka-jednostranna-6704-finalni-vyprodej-3896\/\",\"name\":\"Kopos p\u0159\u00edchytka jednostrann\u00e1 6704 Fin\u00e1ln\u00ed V\u00fdprodej -\",\"isPartOf\":{\"@id\":\"https:\/\/www.domtechnikpro.com\/#website\"},\"primaryImageOfPage\":{\"@id\":\"https:\/\/www.domtechnikpro.com\/index.php\/produkt\/kopos-prichytka-jednostranna-6704-finalni-vyprodej-3896\/#primaryimage\"},\"image\":{\"@id\":\"https:\/\/www.domtechnikpro.com\/index.php\/produkt\/kopos-prichytka-jednostranna-6704-finalni-vyprodej-3896\/#primaryimage\"},\"thumbnailUrl\":\"https:\/\/www.domtechnikpro.com\/wp-content\/uploads\/2026\/SK0001417-CZ20260425-091623-0-1777079785-kopos-prichytka-jednostranna-6704.webp\",\"datePublished\":\"2026-04-26T08:52:00+00:00\",\"breadcrumb\":{\"@id\":\"https:\/\/www.domtechnikpro.com\/index.php\/produkt\/kopos-prichytka-jednostranna-6704-finalni-vyprodej-3896\/#breadcrumb\"},\"inLanguage\":\"cs\",\"potentialAction\":[{\"@type\":\"ReadAction\",\"target\":[\"https:\/\/www.domtechnikpro.com\/index.php\/produkt\/kopos-prichytka-jednostranna-6704-finalni-vyprodej-3896\/\"]}]},{\"@type\":\"ImageObject\",\"inLanguage\":\"cs\",\"@id\":\"https:\/\/www.domtechnikpro.com\/index.php\/produkt\/kopos-prichytka-jednostranna-6704-finalni-vyprodej-3896\/#primaryimage\",\"url\":\"https:\/\/www.domtechnikpro.com\/wp-content\/uploads\/2026\/SK0001417-CZ20260425-091623-0-1777079785-kopos-prichytka-jednostranna-6704.webp\",\"contentUrl\":\"https:\/\/www.domtechnikpro.com\/wp-content\/uploads\/2026\/SK0001417-CZ20260425-091623-0-1777079785-kopos-prichytka-jednostranna-6704.webp\",\"width\":1000,\"height\":525},{\"@type\":\"BreadcrumbList\",\"@id\":\"https:\/\/www.domtechnikpro.com\/index.php\/produkt\/kopos-prichytka-jednostranna-6704-finalni-vyprodej-3896\/#breadcrumb\",\"itemListElement\":[{\"@type\":\"ListItem\",\"position\":1,\"name\":\"Home\",\"item\":\"https:\/\/www.domtechnikpro.com\/\"},{\"@type\":\"ListItem\",\"position\":2,\"name\":\"Products\",\"item\":\"https:\/\/www.domtechnikpro.com\/index.php\/products\/\"},{\"@type\":\"ListItem\",\"position\":3,\"name\":\"Kopos p\u0159\u00edchytka jednostrann\u00e1 6704 Fin\u00e1ln\u00ed V\u00fdprodej\"}]},{\"@type\":\"WebSite\",\"@id\":\"https:\/\/www.domtechnikpro.com\/#website\",\"url\":\"https:\/\/www.domtechnikpro.com\/\",\"name\":\"\",\"description\":\"\",\"potentialAction\":[{\"@type\":\"SearchAction\",\"target\":{\"@type\":\"EntryPoint\",\"urlTemplate\":\"https:\/\/www.domtechnikpro.com\/?s={search_term_string}\"},\"query-input\":{\"@type\":\"PropertyValueSpecification\",\"valueRequired\":true,\"valueName\":\"search_term_string\"}}],\"inLanguage\":\"cs\"}]}<\/script>\n<!-- \/ Yoast SEO plugin. -->","yoast_head_json":{"title":"Kopos p\u0159\u00edchytka jednostrann\u00e1 6704 Fin\u00e1ln\u00ed V\u00fdprodej -","robots":{"index":"index","follow":"follow","max-snippet":"max-snippet:-1","max-image-preview":"max-image-preview:large","max-video-preview":"max-video-preview:-1"},"canonical":"https:\/\/www.domtechnikpro.com\/index.php\/produkt\/kopos-prichytka-jednostranna-6704-finalni-vyprodej-3896\/","og_locale":"cs_CZ","og_type":"article","og_title":"Kopos p\u0159\u00edchytka jednostrann\u00e1 6704 Fin\u00e1ln\u00ed V\u00fdprodej -","og_description":"Kopos p\u0159\u00edchytka jednostrann\u00e1 6704 Pro p\u0159ipevn\u011bn\u00ed kabel\u016f pr\u016fm\u011bru 4 &#8211; 12,5 mm na podlo\u017eku. Podrobnosti o p\u0159\u00edchytk\u00e1ch s funk\u010dnost\u00ed p\u0159i po\u017e\u00e1ru naleznete v oran\u017eov\u00e9m katalogu Syst\u00e9my se zachov\u00e1n\u00edm funk\u010dnosti p\u0159i po\u017e\u00e1ru. P\u0159\u00edchytky jsou zna\u010deny p\u00edsmeny \u201cPO\u201d. ParametryEAN k\u00f3d: 8595057605527\u00a0Materi\u00e1l:\u00a0ocel\u00a0Povrchov\u00e1 \u00faprava: pozinkovan\u00e1 ocel Sendzimir\u00a0Rozm\u011br: 15 x 10 mm\u00a0Tlou\u0161\u0165ka:\u00a00,8 mm\u00a0Vnit\u0159n\u00ed pr\u016fm\u011br: 4 mm\u00a0Pr\u016fm\u011br otvoru pro upevn\u011bn\u00ed:\u00a04,3 mm\u00a0 [&hellip;]","og_url":"https:\/\/www.domtechnikpro.com\/index.php\/produkt\/kopos-prichytka-jednostranna-6704-finalni-vyprodej-3896\/","og_image":[{"width":1000,"height":525,"url":"https:\/\/www.domtechnikpro.com\/wp-content\/uploads\/2026\/SK0001417-CZ20260425-091623-0-1777079785-kopos-prichytka-jednostranna-6704.webp","type":"image\/webp"}],"twitter_card":"summary_large_image","schema":{"@context":"https:\/\/schema.org","@graph":[{"@type":"WebPage","@id":"https:\/\/www.domtechnikpro.com\/index.php\/produkt\/kopos-prichytka-jednostranna-6704-finalni-vyprodej-3896\/","url":"https:\/\/www.domtechnikpro.com\/index.php\/produkt\/kopos-prichytka-jednostranna-6704-finalni-vyprodej-3896\/","name":"Kopos p\u0159\u00edchytka jednostrann\u00e1 6704 Fin\u00e1ln\u00ed V\u00fdprodej -","isPartOf":{"@id":"https:\/\/www.domtechnikpro.com\/#website"},"primaryImageOfPage":{"@id":"https:\/\/www.domtechnikpro.com\/index.php\/produkt\/kopos-prichytka-jednostranna-6704-finalni-vyprodej-3896\/#primaryimage"},"image":{"@id":"https:\/\/www.domtechnikpro.com\/index.php\/produkt\/kopos-prichytka-jednostranna-6704-finalni-vyprodej-3896\/#primaryimage"},"thumbnailUrl":"https:\/\/www.domtechnikpro.com\/wp-content\/uploads\/2026\/SK0001417-CZ20260425-091623-0-1777079785-kopos-prichytka-jednostranna-6704.webp","datePublished":"2026-04-26T08:52:00+00:00","breadcrumb":{"@id":"https:\/\/www.domtechnikpro.com\/index.php\/produkt\/kopos-prichytka-jednostranna-6704-finalni-vyprodej-3896\/#breadcrumb"},"inLanguage":"cs","potentialAction":[{"@type":"ReadAction","target":["https:\/\/www.domtechnikpro.com\/index.php\/produkt\/kopos-prichytka-jednostranna-6704-finalni-vyprodej-3896\/"]}]},{"@type":"ImageObject","inLanguage":"cs","@id":"https:\/\/www.domtechnikpro.com\/index.php\/produkt\/kopos-prichytka-jednostranna-6704-finalni-vyprodej-3896\/#primaryimage","url":"https:\/\/www.domtechnikpro.com\/wp-content\/uploads\/2026\/SK0001417-CZ20260425-091623-0-1777079785-kopos-prichytka-jednostranna-6704.webp","contentUrl":"https:\/\/www.domtechnikpro.com\/wp-content\/uploads\/2026\/SK0001417-CZ20260425-091623-0-1777079785-kopos-prichytka-jednostranna-6704.webp","width":1000,"height":525},{"@type":"BreadcrumbList","@id":"https:\/\/www.domtechnikpro.com\/index.php\/produkt\/kopos-prichytka-jednostranna-6704-finalni-vyprodej-3896\/#breadcrumb","itemListElement":[{"@type":"ListItem","position":1,"name":"Home","item":"https:\/\/www.domtechnikpro.com\/"},{"@type":"ListItem","position":2,"name":"Products","item":"https:\/\/www.domtechnikpro.com\/index.php\/products\/"},{"@type":"ListItem","position":3,"name":"Kopos p\u0159\u00edchytka jednostrann\u00e1 6704 Fin\u00e1ln\u00ed V\u00fdprodej"}]},{"@type":"WebSite","@id":"https:\/\/www.domtechnikpro.com\/#website","url":"https:\/\/www.domtechnikpro.com\/","name":"","description":"","potentialAction":[{"@type":"SearchAction","target":{"@type":"EntryPoint","urlTemplate":"https:\/\/www.domtechnikpro.com\/?s={search_term_string}"},"query-input":{"@type":"PropertyValueSpecification","valueRequired":true,"valueName":"search_term_string"}}],"inLanguage":"cs"}]}},"_links":{"self":[{"href":"https:\/\/www.domtechnikpro.com\/index.php\/wp-json\/wp\/v2\/product\/3896","targetHints":{"allow":["GET"]}}],"collection":[{"href":"https:\/\/www.domtechnikpro.com\/index.php\/wp-json\/wp\/v2\/product"}],"about":[{"href":"https:\/\/www.domtechnikpro.com\/index.php\/wp-json\/wp\/v2\/types\/product"}],"replies":[{"embeddable":true,"href":"https:\/\/www.domtechnikpro.com\/index.php\/wp-json\/wp\/v2\/comments?post=3896"}],"wp:featuredmedia":[{"embeddable":true,"href":"https:\/\/www.domtechnikpro.com\/index.php\/wp-json\/wp\/v2\/media\/3996"}],"wp:attachment":[{"href":"https:\/\/www.domtechnikpro.com\/index.php\/wp-json\/wp\/v2\/media?parent=3896"}],"wp:term":[{"taxonomy":"product_brand","embeddable":true,"href":"https:\/\/www.domtechnikpro.com\/index.php\/wp-json\/wp\/v2\/product_brand?post=3896"},{"taxonomy":"product_cat","embeddable":true,"href":"https:\/\/www.domtechnikpro.com\/index.php\/wp-json\/wp\/v2\/product_cat?post=3896"},{"taxonomy":"product_tag","embeddable":true,"href":"https:\/\/www.domtechnikpro.com\/index.php\/wp-json\/wp\/v2\/product_tag?post=3896"}],"curies":[{"name":"wp","href":"https:\/\/api.w.org\/{rel}","templated":true}]}}