{"id":3895,"date":"2026-04-26T08:52:00","date_gmt":"2026-04-26T08:52:00","guid":{"rendered":""},"modified":"2026-04-26T08:52:00","modified_gmt":"2026-04-26T08:52:00","slug":"doprava-zdarma-kopos-zaves-pro-vodice-6401-3895","status":"publish","type":"product","link":"https:\/\/www.domtechnikpro.com\/index.php\/produkt\/doprava-zdarma-kopos-zaves-pro-vodice-6401-3895\/","title":{"rendered":"Doprava Zdarma Kopos z\u00e1v\u011bs pro vodi\u010de 6401"},"content":{"rendered":"<div id=\"e8885771\" class=\"pages\">\n<div id=\"PDDescription\" class=\"UserContentView userContent v1a v1 bs-view dcon dc150 PDDescription\" >\n<p><strong><span style=\"color: #008080; font-size: 24px;\">Kopos z\u00e1v\u011bs pro vodi\u010de 6401<\/span><\/strong><\/p>\n<p><span style=\"color: #000000; font-size: 14px;\">Ur\u010den\u00e9 k upev\u0148ov\u00e1n\u00ed kabel\u016f pr\u016fm\u011bru 8 mm a\u017e pr\u016fm\u011br 18 mm na nosn\u00e9 lano. Mont\u00e1\u017e je vhodn\u00e1 jen do vnit\u0159n\u00edch prostor.<\/span><\/p>\n<p><span style=\"color: #000000; font-size: 14px;\"><span style=\"color: #008080;\"><strong>Parametry<\/strong><\/span><br \/>EAN k\u00f3d: 8595057605473 <br \/>Materi\u00e1l:\u00a0\u00a0PE <br \/>Bezhalogenov\u00fd materi\u00e1l: ano <br \/>Teplotn\u00ed odolnost, rozsah pou\u017eit\u00ed: T -40 \u2013 85 \u00b0C <br \/>D\u00e9lka:\u00a0157 mm <\/span><\/p>\n<div id=\"PDTable3\" class=\"ProductDetailTableView v3a v3 bs-view dcon dc175 PDTable3\" >\n<table>\n<thead><\/thead>\n<tbody>\n<tr class=\"attribute attr_bsshop_maker\">\n<td class=\"caption\">V\u00fdrobce<\/td>\n<td class=\"value\">Kopos Kol\u00edn<\/td>\n<\/tr>\n<\/tbody>\n<\/table><\/div>\n<\/div>\n<\/div>\n<div id=\"e8885772\" class=\"tabs\">\n","protected":false},"excerpt":{"rendered":"<p>Kopos z\u00e1v\u011bs pro vodi\u010de 6401 Ur\u010den\u00e9 k upev\u0148ov\u00e1n\u00ed kabel\u016f pr\u016fm\u011bru 8 mm a\u017e pr\u016fm\u011br 18 mm na nosn\u00e9 lano. Mont\u00e1\u017e je vhodn\u00e1 jen do vnit\u0159n\u00edch prostor. ParametryEAN k\u00f3d: 8595057605473 Materi\u00e1l:\u00a0\u00a0PE Bezhalogenov\u00fd materi\u00e1l: ano Teplotn\u00ed odolnost, rozsah pou\u017eit\u00ed: T -40 \u2013 85 \u00b0C D\u00e9lka:\u00a0157 mm V\u00fdrobce Kopos Kol\u00edn<\/p>\n","protected":false},"featured_media":3995,"comment_status":"open","ping_status":"open","template":"","meta":[],"product_brand":[],"product_cat":[39],"product_tag":[],"class_list":{"0":"post-3895","1":"product","2":"type-product","3":"status-publish","4":"has-post-thumbnail","6":"product_cat-elektromateri-225-l","8":"first","9":"instock","10":"sale","11":"shipping-taxable","12":"purchasable","13":"product-type-simple"},"yoast_head":"<!-- This site is optimized with the Yoast SEO plugin v26.8 - https:\/\/yoast.com\/product\/yoast-seo-wordpress\/ -->\n<title>Doprava Zdarma Kopos z\u00e1v\u011bs pro vodi\u010de 6401 -<\/title>\n<meta name=\"robots\" content=\"index, follow, max-snippet:-1, max-image-preview:large, max-video-preview:-1\" \/>\n<link rel=\"canonical\" href=\"https:\/\/www.domtechnikpro.com\/index.php\/produkt\/doprava-zdarma-kopos-zaves-pro-vodice-6401-3895\/\" \/>\n<meta property=\"og:locale\" content=\"cs_CZ\" \/>\n<meta property=\"og:type\" content=\"article\" \/>\n<meta property=\"og:title\" content=\"Doprava Zdarma Kopos z\u00e1v\u011bs pro vodi\u010de 6401 -\" \/>\n<meta property=\"og:description\" content=\"Kopos z\u00e1v\u011bs pro vodi\u010de 6401 Ur\u010den\u00e9 k upev\u0148ov\u00e1n\u00ed kabel\u016f pr\u016fm\u011bru 8 mm a\u017e pr\u016fm\u011br 18 mm na nosn\u00e9 lano. Mont\u00e1\u017e je vhodn\u00e1 jen do vnit\u0159n\u00edch prostor. ParametryEAN k\u00f3d: 8595057605473 Materi\u00e1l:\u00a0\u00a0PE Bezhalogenov\u00fd materi\u00e1l: ano Teplotn\u00ed odolnost, rozsah pou\u017eit\u00ed: T -40 \u2013 85 \u00b0C D\u00e9lka:\u00a0157 mm V\u00fdrobce Kopos Kol\u00edn\" \/>\n<meta property=\"og:url\" content=\"https:\/\/www.domtechnikpro.com\/index.php\/produkt\/doprava-zdarma-kopos-zaves-pro-vodice-6401-3895\/\" \/>\n<meta property=\"og:image\" content=\"https:\/\/www.domtechnikpro.com\/wp-content\/uploads\/2026\/SK0001416-CZ20260425-091623-0-1777079785-kopos-zaves-pro-vodice-6401.webp\" \/>\n\t<meta property=\"og:image:width\" content=\"1000\" \/>\n\t<meta property=\"og:image:height\" content=\"525\" \/>\n\t<meta property=\"og:image:type\" content=\"image\/webp\" \/>\n<meta name=\"twitter:card\" content=\"summary_large_image\" \/>\n<script type=\"application\/ld+json\" class=\"yoast-schema-graph\">{\"@context\":\"https:\/\/schema.org\",\"@graph\":[{\"@type\":\"WebPage\",\"@id\":\"https:\/\/www.domtechnikpro.com\/index.php\/produkt\/doprava-zdarma-kopos-zaves-pro-vodice-6401-3895\/\",\"url\":\"https:\/\/www.domtechnikpro.com\/index.php\/produkt\/doprava-zdarma-kopos-zaves-pro-vodice-6401-3895\/\",\"name\":\"Doprava Zdarma Kopos z\u00e1v\u011bs pro vodi\u010de 6401 -\",\"isPartOf\":{\"@id\":\"https:\/\/www.domtechnikpro.com\/#website\"},\"primaryImageOfPage\":{\"@id\":\"https:\/\/www.domtechnikpro.com\/index.php\/produkt\/doprava-zdarma-kopos-zaves-pro-vodice-6401-3895\/#primaryimage\"},\"image\":{\"@id\":\"https:\/\/www.domtechnikpro.com\/index.php\/produkt\/doprava-zdarma-kopos-zaves-pro-vodice-6401-3895\/#primaryimage\"},\"thumbnailUrl\":\"https:\/\/www.domtechnikpro.com\/wp-content\/uploads\/2026\/SK0001416-CZ20260425-091623-0-1777079785-kopos-zaves-pro-vodice-6401.webp\",\"datePublished\":\"2026-04-26T08:52:00+00:00\",\"breadcrumb\":{\"@id\":\"https:\/\/www.domtechnikpro.com\/index.php\/produkt\/doprava-zdarma-kopos-zaves-pro-vodice-6401-3895\/#breadcrumb\"},\"inLanguage\":\"cs\",\"potentialAction\":[{\"@type\":\"ReadAction\",\"target\":[\"https:\/\/www.domtechnikpro.com\/index.php\/produkt\/doprava-zdarma-kopos-zaves-pro-vodice-6401-3895\/\"]}]},{\"@type\":\"ImageObject\",\"inLanguage\":\"cs\",\"@id\":\"https:\/\/www.domtechnikpro.com\/index.php\/produkt\/doprava-zdarma-kopos-zaves-pro-vodice-6401-3895\/#primaryimage\",\"url\":\"https:\/\/www.domtechnikpro.com\/wp-content\/uploads\/2026\/SK0001416-CZ20260425-091623-0-1777079785-kopos-zaves-pro-vodice-6401.webp\",\"contentUrl\":\"https:\/\/www.domtechnikpro.com\/wp-content\/uploads\/2026\/SK0001416-CZ20260425-091623-0-1777079785-kopos-zaves-pro-vodice-6401.webp\",\"width\":1000,\"height\":525},{\"@type\":\"BreadcrumbList\",\"@id\":\"https:\/\/www.domtechnikpro.com\/index.php\/produkt\/doprava-zdarma-kopos-zaves-pro-vodice-6401-3895\/#breadcrumb\",\"itemListElement\":[{\"@type\":\"ListItem\",\"position\":1,\"name\":\"Home\",\"item\":\"https:\/\/www.domtechnikpro.com\/\"},{\"@type\":\"ListItem\",\"position\":2,\"name\":\"Products\",\"item\":\"https:\/\/www.domtechnikpro.com\/index.php\/products\/\"},{\"@type\":\"ListItem\",\"position\":3,\"name\":\"Doprava Zdarma Kopos z\u00e1v\u011bs pro vodi\u010de 6401\"}]},{\"@type\":\"WebSite\",\"@id\":\"https:\/\/www.domtechnikpro.com\/#website\",\"url\":\"https:\/\/www.domtechnikpro.com\/\",\"name\":\"\",\"description\":\"\",\"potentialAction\":[{\"@type\":\"SearchAction\",\"target\":{\"@type\":\"EntryPoint\",\"urlTemplate\":\"https:\/\/www.domtechnikpro.com\/?s={search_term_string}\"},\"query-input\":{\"@type\":\"PropertyValueSpecification\",\"valueRequired\":true,\"valueName\":\"search_term_string\"}}],\"inLanguage\":\"cs\"}]}<\/script>\n<!-- \/ Yoast SEO plugin. -->","yoast_head_json":{"title":"Doprava Zdarma Kopos z\u00e1v\u011bs pro vodi\u010de 6401 -","robots":{"index":"index","follow":"follow","max-snippet":"max-snippet:-1","max-image-preview":"max-image-preview:large","max-video-preview":"max-video-preview:-1"},"canonical":"https:\/\/www.domtechnikpro.com\/index.php\/produkt\/doprava-zdarma-kopos-zaves-pro-vodice-6401-3895\/","og_locale":"cs_CZ","og_type":"article","og_title":"Doprava Zdarma Kopos z\u00e1v\u011bs pro vodi\u010de 6401 -","og_description":"Kopos z\u00e1v\u011bs pro vodi\u010de 6401 Ur\u010den\u00e9 k upev\u0148ov\u00e1n\u00ed kabel\u016f pr\u016fm\u011bru 8 mm a\u017e pr\u016fm\u011br 18 mm na nosn\u00e9 lano. Mont\u00e1\u017e je vhodn\u00e1 jen do vnit\u0159n\u00edch prostor. ParametryEAN k\u00f3d: 8595057605473 Materi\u00e1l:\u00a0\u00a0PE Bezhalogenov\u00fd materi\u00e1l: ano Teplotn\u00ed odolnost, rozsah pou\u017eit\u00ed: T -40 \u2013 85 \u00b0C D\u00e9lka:\u00a0157 mm V\u00fdrobce Kopos Kol\u00edn","og_url":"https:\/\/www.domtechnikpro.com\/index.php\/produkt\/doprava-zdarma-kopos-zaves-pro-vodice-6401-3895\/","og_image":[{"width":1000,"height":525,"url":"https:\/\/www.domtechnikpro.com\/wp-content\/uploads\/2026\/SK0001416-CZ20260425-091623-0-1777079785-kopos-zaves-pro-vodice-6401.webp","type":"image\/webp"}],"twitter_card":"summary_large_image","schema":{"@context":"https:\/\/schema.org","@graph":[{"@type":"WebPage","@id":"https:\/\/www.domtechnikpro.com\/index.php\/produkt\/doprava-zdarma-kopos-zaves-pro-vodice-6401-3895\/","url":"https:\/\/www.domtechnikpro.com\/index.php\/produkt\/doprava-zdarma-kopos-zaves-pro-vodice-6401-3895\/","name":"Doprava Zdarma Kopos z\u00e1v\u011bs pro vodi\u010de 6401 -","isPartOf":{"@id":"https:\/\/www.domtechnikpro.com\/#website"},"primaryImageOfPage":{"@id":"https:\/\/www.domtechnikpro.com\/index.php\/produkt\/doprava-zdarma-kopos-zaves-pro-vodice-6401-3895\/#primaryimage"},"image":{"@id":"https:\/\/www.domtechnikpro.com\/index.php\/produkt\/doprava-zdarma-kopos-zaves-pro-vodice-6401-3895\/#primaryimage"},"thumbnailUrl":"https:\/\/www.domtechnikpro.com\/wp-content\/uploads\/2026\/SK0001416-CZ20260425-091623-0-1777079785-kopos-zaves-pro-vodice-6401.webp","datePublished":"2026-04-26T08:52:00+00:00","breadcrumb":{"@id":"https:\/\/www.domtechnikpro.com\/index.php\/produkt\/doprava-zdarma-kopos-zaves-pro-vodice-6401-3895\/#breadcrumb"},"inLanguage":"cs","potentialAction":[{"@type":"ReadAction","target":["https:\/\/www.domtechnikpro.com\/index.php\/produkt\/doprava-zdarma-kopos-zaves-pro-vodice-6401-3895\/"]}]},{"@type":"ImageObject","inLanguage":"cs","@id":"https:\/\/www.domtechnikpro.com\/index.php\/produkt\/doprava-zdarma-kopos-zaves-pro-vodice-6401-3895\/#primaryimage","url":"https:\/\/www.domtechnikpro.com\/wp-content\/uploads\/2026\/SK0001416-CZ20260425-091623-0-1777079785-kopos-zaves-pro-vodice-6401.webp","contentUrl":"https:\/\/www.domtechnikpro.com\/wp-content\/uploads\/2026\/SK0001416-CZ20260425-091623-0-1777079785-kopos-zaves-pro-vodice-6401.webp","width":1000,"height":525},{"@type":"BreadcrumbList","@id":"https:\/\/www.domtechnikpro.com\/index.php\/produkt\/doprava-zdarma-kopos-zaves-pro-vodice-6401-3895\/#breadcrumb","itemListElement":[{"@type":"ListItem","position":1,"name":"Home","item":"https:\/\/www.domtechnikpro.com\/"},{"@type":"ListItem","position":2,"name":"Products","item":"https:\/\/www.domtechnikpro.com\/index.php\/products\/"},{"@type":"ListItem","position":3,"name":"Doprava Zdarma Kopos z\u00e1v\u011bs pro vodi\u010de 6401"}]},{"@type":"WebSite","@id":"https:\/\/www.domtechnikpro.com\/#website","url":"https:\/\/www.domtechnikpro.com\/","name":"","description":"","potentialAction":[{"@type":"SearchAction","target":{"@type":"EntryPoint","urlTemplate":"https:\/\/www.domtechnikpro.com\/?s={search_term_string}"},"query-input":{"@type":"PropertyValueSpecification","valueRequired":true,"valueName":"search_term_string"}}],"inLanguage":"cs"}]}},"_links":{"self":[{"href":"https:\/\/www.domtechnikpro.com\/index.php\/wp-json\/wp\/v2\/product\/3895","targetHints":{"allow":["GET"]}}],"collection":[{"href":"https:\/\/www.domtechnikpro.com\/index.php\/wp-json\/wp\/v2\/product"}],"about":[{"href":"https:\/\/www.domtechnikpro.com\/index.php\/wp-json\/wp\/v2\/types\/product"}],"replies":[{"embeddable":true,"href":"https:\/\/www.domtechnikpro.com\/index.php\/wp-json\/wp\/v2\/comments?post=3895"}],"wp:featuredmedia":[{"embeddable":true,"href":"https:\/\/www.domtechnikpro.com\/index.php\/wp-json\/wp\/v2\/media\/3995"}],"wp:attachment":[{"href":"https:\/\/www.domtechnikpro.com\/index.php\/wp-json\/wp\/v2\/media?parent=3895"}],"wp:term":[{"taxonomy":"product_brand","embeddable":true,"href":"https:\/\/www.domtechnikpro.com\/index.php\/wp-json\/wp\/v2\/product_brand?post=3895"},{"taxonomy":"product_cat","embeddable":true,"href":"https:\/\/www.domtechnikpro.com\/index.php\/wp-json\/wp\/v2\/product_cat?post=3895"},{"taxonomy":"product_tag","embeddable":true,"href":"https:\/\/www.domtechnikpro.com\/index.php\/wp-json\/wp\/v2\/product_tag?post=3895"}],"curies":[{"name":"wp","href":"https:\/\/api.w.org\/{rel}","templated":true}]}}