{"id":37956,"date":"2026-04-26T08:58:17","date_gmt":"2026-04-26T08:58:17","guid":{"rendered":""},"modified":"2026-04-26T08:58:17","modified_gmt":"2026-04-26T08:58:17","slug":"aktualni-forticoat-rychleschnouci-antikorozni-email-2v1-ral-9003-bila-signalni-pololesk-2-5-kg-37956","status":"publish","type":"product","link":"https:\/\/www.domtechnikpro.com\/index.php\/produkt\/aktualni-forticoat-rychleschnouci-antikorozni-email-2v1-ral-9003-bila-signalni-pololesk-2-5-kg-37956\/","title":{"rendered":"Aktu\u00e1ln\u00ed FORTICOAT rychleschnouc\u00ed antikorozn\u00ed email 2v1 RAL 9003 b\u00edl\u00e1 sign\u00e1ln\u00ed pololesk 2,5 kg"},"content":{"rendered":"<div class=\"filters-tab-box__left\">\n<h2>Forticoat<\/h2>\n<p>Rychleschnouc\u00ed, antikorozn\u00ed kone\u010dn\u00fd n\u00e1t\u011br na ocelov\u00e9 povrchy a d\u0159evo nebo samoz\u00e1kladuj\u00edc\u00ed n\u00e1t\u011br na ocelov\u00e9 konstrukce. Vhodn\u00fd pro renovace plot\u016f, st\u0159ech, kontejner\u016f atp. Barva je <b>polomatn\u00e1 a dostupn\u00e1 v odst\u00ednech RAL<\/b>. Vyzna\u010duje se <b>vysokou odolnost\u00ed proti zv\u011btr\u00e1v\u00e1n\u00ed a st\u00e1lost\u00ed odst\u00ednu<\/b>.<\/p>\n<h3>Kl\u00ed\u010dov\u00e9 vlastnosti<\/h3>\n<ul class=\"vlastnosti\">\n<li>Rychleschnouc\u00ed, antikorozn\u00ed kone\u010dn\u00fd n\u00e1t\u011br na ocelov\u00e9 povrchy nebo samoz\u00e1kladuj\u00edc\u00ed n\u00e1t\u011br na ocelov\u00e9 konstrukce<\/li>\n<li>Vhodn\u00fd pro renovace plot\u016f, st\u0159ech, kontejner\u016f, atp.<\/li>\n<li><b>Polomatn\u00e1 barva v odst\u00ednech RAL<\/b><\/li>\n<li><b>Vysok\u00e1 odolnost proti zv\u011btr\u00e1v\u00e1n\u00ed a st\u00e1lost odst\u00ednu<\/b><\/li>\n<\/ul>\n<h3>Pou\u017eit\u00ed<\/h3>\n<ul class=\"pouziti\">\n<li>V p\u0159\u00edpad\u011b aplikace<b> na pozink pou\u017eijte jako z\u00e1klad 14412 WASH PRIMER<\/b> ve vrstv\u011b cca 10 \u03bcm<\/li>\n<li>Povrch obruste, o\u010dist\u011bte a odmast\u011bte<\/li>\n<li>Barvu d\u016fkladn\u011b prom\u00edchejte<\/li>\n<li>Nan\u00e1\u0161ejte<b>\u0161tetcem, v\u00e1le\u010dkem nebo st\u0159\u00edkac\u00ed pistol\u00ed s tryskou 1,5 &#8211; 2 mm<\/b><\/li>\n<li>Nechte zaschnout 30 min.<\/li>\n<li><b>P\u0159i aplikaci \u0161t\u011btcem nebo v\u00e1le\u010dkem z\u0159e\u010fte barvu \u0159edidlem S6006 z 5 %<\/b><\/li>\n<li><b>P\u0159\u00ed aplikaci pistol\u00ed z\u0159e\u010fte barvu \u0159edidlem S6001 z 10-20 %<\/b><\/li>\n<li>Aplika\u010dn\u00ed teplota 15 &#8211; 25 \u00b0C<\/li>\n<li><b><span style=\"color: #FF0000\">P\u0159ed samotn\u00fdm nat\u00edr\u00e1n\u00edm prove\u010fte kontrolu odst\u00ednu<\/span><\/b><\/li>\n<\/ul>\n<h3>Doporu\u010den\u00e9 podklady<\/h3>\n<ul class=\"podklady\">\n<li>Kov<\/li>\n<li>Pozink<\/li>\n<li>Ocel<\/li>\n<li>D\u0159evo<\/li>\n<\/ul><\/div>\n<div class=\"filters-tab-box__right\">\n<h2>Parametry<\/h2>\n<table>\n<tbody>\n<tr>\n<td>Barva (n&#225;zev)                                            :                                        <\/td>\n<td>                                            b&#237;l&#225; sign&#225;ln&#237;                                        <\/td>\n<\/tr>\n<tr>\n<td>Barva (kod)                                            :                                        <\/td>\n<td>                                            RAL 9003                                        <\/td>\n<\/tr>\n<tr>\n<td>V&#253;robce                                            :                                        <\/td>\n<td>                                            CYAN                                        <\/td>\n<\/tr>\n<tr>\n<td>Vydatnost                                            :                                        <\/td>\n<td>                                            6,4 m2\/kg                                        <\/td>\n<\/tr>\n<tr>\n<td>Balen&#237;                                            :                                        <\/td>\n<td>                                            2,5 kg                                        <\/td>\n<\/tr>\n<tr>\n<td>Vzorkovnice                                            :                                        <\/td>\n<td>RAL                                        <\/td>\n<\/tr>\n<tr>\n<td>V&#225;ha                                            :                                        <\/td>\n<td>2,5 kg                                        <\/td>\n<\/tr>\n<\/tbody>\n<\/table><\/div>\n<\/p><\/div>\n","protected":false},"excerpt":{"rendered":"<p>Forticoat Rychleschnouc\u00ed, antikorozn\u00ed kone\u010dn\u00fd n\u00e1t\u011br na ocelov\u00e9 povrchy a d\u0159evo nebo samoz\u00e1kladuj\u00edc\u00ed n\u00e1t\u011br na ocelov\u00e9 konstrukce. Vhodn\u00fd pro renovace plot\u016f, st\u0159ech, kontejner\u016f atp. Barva je polomatn\u00e1 a dostupn\u00e1 v odst\u00ednech RAL. Vyzna\u010duje se vysokou odolnost\u00ed proti zv\u011btr\u00e1v\u00e1n\u00ed a st\u00e1lost\u00ed odst\u00ednu. Kl\u00ed\u010dov\u00e9 vlastnosti Rychleschnouc\u00ed, antikorozn\u00ed kone\u010dn\u00fd n\u00e1t\u011br na ocelov\u00e9 povrchy nebo samoz\u00e1kladuj\u00edc\u00ed n\u00e1t\u011br na ocelov\u00e9 konstrukce [&hellip;]<\/p>\n","protected":false},"featured_media":38056,"comment_status":"open","ping_status":"open","template":"","meta":[],"product_brand":[],"product_cat":[33],"product_tag":[],"class_list":{"0":"post-37956","1":"product","2":"type-product","3":"status-publish","4":"has-post-thumbnail","6":"product_cat-nejlepsi-prodejci","8":"first","9":"instock","10":"sale","11":"shipping-taxable","12":"purchasable","13":"product-type-simple"},"yoast_head":"<!-- This site is optimized with the Yoast SEO plugin v26.8 - https:\/\/yoast.com\/product\/yoast-seo-wordpress\/ -->\n<title>Aktu\u00e1ln\u00ed FORTICOAT rychleschnouc\u00ed antikorozn\u00ed email 2v1 RAL 9003 b\u00edl\u00e1 sign\u00e1ln\u00ed pololesk 2,5 kg -<\/title>\n<meta name=\"robots\" content=\"index, follow, max-snippet:-1, max-image-preview:large, max-video-preview:-1\" \/>\n<link rel=\"canonical\" href=\"https:\/\/www.domtechnikpro.com\/index.php\/produkt\/aktualni-forticoat-rychleschnouci-antikorozni-email-2v1-ral-9003-bila-signalni-pololesk-2-5-kg-37956\/\" \/>\n<meta property=\"og:locale\" content=\"cs_CZ\" \/>\n<meta property=\"og:type\" content=\"article\" \/>\n<meta property=\"og:title\" content=\"Aktu\u00e1ln\u00ed FORTICOAT rychleschnouc\u00ed antikorozn\u00ed email 2v1 RAL 9003 b\u00edl\u00e1 sign\u00e1ln\u00ed pololesk 2,5 kg -\" \/>\n<meta property=\"og:description\" content=\"Forticoat Rychleschnouc\u00ed, antikorozn\u00ed kone\u010dn\u00fd n\u00e1t\u011br na ocelov\u00e9 povrchy a d\u0159evo nebo samoz\u00e1kladuj\u00edc\u00ed n\u00e1t\u011br na ocelov\u00e9 konstrukce. Vhodn\u00fd pro renovace plot\u016f, st\u0159ech, kontejner\u016f atp. Barva je polomatn\u00e1 a dostupn\u00e1 v odst\u00ednech RAL. Vyzna\u010duje se vysokou odolnost\u00ed proti zv\u011btr\u00e1v\u00e1n\u00ed a st\u00e1lost\u00ed odst\u00ednu. Kl\u00ed\u010dov\u00e9 vlastnosti Rychleschnouc\u00ed, antikorozn\u00ed kone\u010dn\u00fd n\u00e1t\u011br na ocelov\u00e9 povrchy nebo samoz\u00e1kladuj\u00edc\u00ed n\u00e1t\u011br na ocelov\u00e9 konstrukce [&hellip;]\" \/>\n<meta property=\"og:url\" content=\"https:\/\/www.domtechnikpro.com\/index.php\/produkt\/aktualni-forticoat-rychleschnouci-antikorozni-email-2v1-ral-9003-bila-signalni-pololesk-2-5-kg-37956\/\" \/>\n<meta property=\"og:image\" content=\"https:\/\/www.domtechnikpro.com\/wp-content\/uploads\/2026\/SK0001788-CZ20260425-092455-0-1777080297-image_of_object.webp\" \/>\n\t<meta property=\"og:image:width\" content=\"400\" \/>\n\t<meta property=\"og:image:height\" content=\"300\" \/>\n\t<meta property=\"og:image:type\" content=\"image\/webp\" \/>\n<meta name=\"twitter:card\" content=\"summary_large_image\" \/>\n<meta name=\"twitter:label1\" content=\"Odhadovan\u00e1 doba \u010dten\u00ed\" \/>\n\t<meta name=\"twitter:data1\" content=\"1 minuta\" \/>\n<script type=\"application\/ld+json\" class=\"yoast-schema-graph\">{\"@context\":\"https:\/\/schema.org\",\"@graph\":[{\"@type\":\"WebPage\",\"@id\":\"https:\/\/www.domtechnikpro.com\/index.php\/produkt\/aktualni-forticoat-rychleschnouci-antikorozni-email-2v1-ral-9003-bila-signalni-pololesk-2-5-kg-37956\/\",\"url\":\"https:\/\/www.domtechnikpro.com\/index.php\/produkt\/aktualni-forticoat-rychleschnouci-antikorozni-email-2v1-ral-9003-bila-signalni-pololesk-2-5-kg-37956\/\",\"name\":\"Aktu\u00e1ln\u00ed FORTICOAT rychleschnouc\u00ed antikorozn\u00ed email 2v1 RAL 9003 b\u00edl\u00e1 sign\u00e1ln\u00ed pololesk 2,5 kg -\",\"isPartOf\":{\"@id\":\"https:\/\/www.domtechnikpro.com\/#website\"},\"primaryImageOfPage\":{\"@id\":\"https:\/\/www.domtechnikpro.com\/index.php\/produkt\/aktualni-forticoat-rychleschnouci-antikorozni-email-2v1-ral-9003-bila-signalni-pololesk-2-5-kg-37956\/#primaryimage\"},\"image\":{\"@id\":\"https:\/\/www.domtechnikpro.com\/index.php\/produkt\/aktualni-forticoat-rychleschnouci-antikorozni-email-2v1-ral-9003-bila-signalni-pololesk-2-5-kg-37956\/#primaryimage\"},\"thumbnailUrl\":\"https:\/\/www.domtechnikpro.com\/wp-content\/uploads\/2026\/SK0001788-CZ20260425-092455-0-1777080297-image_of_object.webp\",\"datePublished\":\"2026-04-26T08:58:17+00:00\",\"breadcrumb\":{\"@id\":\"https:\/\/www.domtechnikpro.com\/index.php\/produkt\/aktualni-forticoat-rychleschnouci-antikorozni-email-2v1-ral-9003-bila-signalni-pololesk-2-5-kg-37956\/#breadcrumb\"},\"inLanguage\":\"cs\",\"potentialAction\":[{\"@type\":\"ReadAction\",\"target\":[\"https:\/\/www.domtechnikpro.com\/index.php\/produkt\/aktualni-forticoat-rychleschnouci-antikorozni-email-2v1-ral-9003-bila-signalni-pololesk-2-5-kg-37956\/\"]}]},{\"@type\":\"ImageObject\",\"inLanguage\":\"cs\",\"@id\":\"https:\/\/www.domtechnikpro.com\/index.php\/produkt\/aktualni-forticoat-rychleschnouci-antikorozni-email-2v1-ral-9003-bila-signalni-pololesk-2-5-kg-37956\/#primaryimage\",\"url\":\"https:\/\/www.domtechnikpro.com\/wp-content\/uploads\/2026\/SK0001788-CZ20260425-092455-0-1777080297-image_of_object.webp\",\"contentUrl\":\"https:\/\/www.domtechnikpro.com\/wp-content\/uploads\/2026\/SK0001788-CZ20260425-092455-0-1777080297-image_of_object.webp\",\"width\":400,\"height\":300},{\"@type\":\"BreadcrumbList\",\"@id\":\"https:\/\/www.domtechnikpro.com\/index.php\/produkt\/aktualni-forticoat-rychleschnouci-antikorozni-email-2v1-ral-9003-bila-signalni-pololesk-2-5-kg-37956\/#breadcrumb\",\"itemListElement\":[{\"@type\":\"ListItem\",\"position\":1,\"name\":\"Home\",\"item\":\"https:\/\/www.domtechnikpro.com\/\"},{\"@type\":\"ListItem\",\"position\":2,\"name\":\"Products\",\"item\":\"https:\/\/www.domtechnikpro.com\/index.php\/products\/\"},{\"@type\":\"ListItem\",\"position\":3,\"name\":\"Aktu\u00e1ln\u00ed FORTICOAT rychleschnouc\u00ed antikorozn\u00ed email 2v1 RAL 9003 b\u00edl\u00e1 sign\u00e1ln\u00ed pololesk 2,5 kg\"}]},{\"@type\":\"WebSite\",\"@id\":\"https:\/\/www.domtechnikpro.com\/#website\",\"url\":\"https:\/\/www.domtechnikpro.com\/\",\"name\":\"\",\"description\":\"\",\"potentialAction\":[{\"@type\":\"SearchAction\",\"target\":{\"@type\":\"EntryPoint\",\"urlTemplate\":\"https:\/\/www.domtechnikpro.com\/?s={search_term_string}\"},\"query-input\":{\"@type\":\"PropertyValueSpecification\",\"valueRequired\":true,\"valueName\":\"search_term_string\"}}],\"inLanguage\":\"cs\"}]}<\/script>\n<!-- \/ Yoast SEO plugin. -->","yoast_head_json":{"title":"Aktu\u00e1ln\u00ed FORTICOAT rychleschnouc\u00ed antikorozn\u00ed email 2v1 RAL 9003 b\u00edl\u00e1 sign\u00e1ln\u00ed pololesk 2,5 kg -","robots":{"index":"index","follow":"follow","max-snippet":"max-snippet:-1","max-image-preview":"max-image-preview:large","max-video-preview":"max-video-preview:-1"},"canonical":"https:\/\/www.domtechnikpro.com\/index.php\/produkt\/aktualni-forticoat-rychleschnouci-antikorozni-email-2v1-ral-9003-bila-signalni-pololesk-2-5-kg-37956\/","og_locale":"cs_CZ","og_type":"article","og_title":"Aktu\u00e1ln\u00ed FORTICOAT rychleschnouc\u00ed antikorozn\u00ed email 2v1 RAL 9003 b\u00edl\u00e1 sign\u00e1ln\u00ed pololesk 2,5 kg -","og_description":"Forticoat Rychleschnouc\u00ed, antikorozn\u00ed kone\u010dn\u00fd n\u00e1t\u011br na ocelov\u00e9 povrchy a d\u0159evo nebo samoz\u00e1kladuj\u00edc\u00ed n\u00e1t\u011br na ocelov\u00e9 konstrukce. Vhodn\u00fd pro renovace plot\u016f, st\u0159ech, kontejner\u016f atp. Barva je polomatn\u00e1 a dostupn\u00e1 v odst\u00ednech RAL. Vyzna\u010duje se vysokou odolnost\u00ed proti zv\u011btr\u00e1v\u00e1n\u00ed a st\u00e1lost\u00ed odst\u00ednu. Kl\u00ed\u010dov\u00e9 vlastnosti Rychleschnouc\u00ed, antikorozn\u00ed kone\u010dn\u00fd n\u00e1t\u011br na ocelov\u00e9 povrchy nebo samoz\u00e1kladuj\u00edc\u00ed n\u00e1t\u011br na ocelov\u00e9 konstrukce [&hellip;]","og_url":"https:\/\/www.domtechnikpro.com\/index.php\/produkt\/aktualni-forticoat-rychleschnouci-antikorozni-email-2v1-ral-9003-bila-signalni-pololesk-2-5-kg-37956\/","og_image":[{"width":400,"height":300,"url":"https:\/\/www.domtechnikpro.com\/wp-content\/uploads\/2026\/SK0001788-CZ20260425-092455-0-1777080297-image_of_object.webp","type":"image\/webp"}],"twitter_card":"summary_large_image","twitter_misc":{"Odhadovan\u00e1 doba \u010dten\u00ed":"1 minuta"},"schema":{"@context":"https:\/\/schema.org","@graph":[{"@type":"WebPage","@id":"https:\/\/www.domtechnikpro.com\/index.php\/produkt\/aktualni-forticoat-rychleschnouci-antikorozni-email-2v1-ral-9003-bila-signalni-pololesk-2-5-kg-37956\/","url":"https:\/\/www.domtechnikpro.com\/index.php\/produkt\/aktualni-forticoat-rychleschnouci-antikorozni-email-2v1-ral-9003-bila-signalni-pololesk-2-5-kg-37956\/","name":"Aktu\u00e1ln\u00ed FORTICOAT rychleschnouc\u00ed antikorozn\u00ed email 2v1 RAL 9003 b\u00edl\u00e1 sign\u00e1ln\u00ed pololesk 2,5 kg -","isPartOf":{"@id":"https:\/\/www.domtechnikpro.com\/#website"},"primaryImageOfPage":{"@id":"https:\/\/www.domtechnikpro.com\/index.php\/produkt\/aktualni-forticoat-rychleschnouci-antikorozni-email-2v1-ral-9003-bila-signalni-pololesk-2-5-kg-37956\/#primaryimage"},"image":{"@id":"https:\/\/www.domtechnikpro.com\/index.php\/produkt\/aktualni-forticoat-rychleschnouci-antikorozni-email-2v1-ral-9003-bila-signalni-pololesk-2-5-kg-37956\/#primaryimage"},"thumbnailUrl":"https:\/\/www.domtechnikpro.com\/wp-content\/uploads\/2026\/SK0001788-CZ20260425-092455-0-1777080297-image_of_object.webp","datePublished":"2026-04-26T08:58:17+00:00","breadcrumb":{"@id":"https:\/\/www.domtechnikpro.com\/index.php\/produkt\/aktualni-forticoat-rychleschnouci-antikorozni-email-2v1-ral-9003-bila-signalni-pololesk-2-5-kg-37956\/#breadcrumb"},"inLanguage":"cs","potentialAction":[{"@type":"ReadAction","target":["https:\/\/www.domtechnikpro.com\/index.php\/produkt\/aktualni-forticoat-rychleschnouci-antikorozni-email-2v1-ral-9003-bila-signalni-pololesk-2-5-kg-37956\/"]}]},{"@type":"ImageObject","inLanguage":"cs","@id":"https:\/\/www.domtechnikpro.com\/index.php\/produkt\/aktualni-forticoat-rychleschnouci-antikorozni-email-2v1-ral-9003-bila-signalni-pololesk-2-5-kg-37956\/#primaryimage","url":"https:\/\/www.domtechnikpro.com\/wp-content\/uploads\/2026\/SK0001788-CZ20260425-092455-0-1777080297-image_of_object.webp","contentUrl":"https:\/\/www.domtechnikpro.com\/wp-content\/uploads\/2026\/SK0001788-CZ20260425-092455-0-1777080297-image_of_object.webp","width":400,"height":300},{"@type":"BreadcrumbList","@id":"https:\/\/www.domtechnikpro.com\/index.php\/produkt\/aktualni-forticoat-rychleschnouci-antikorozni-email-2v1-ral-9003-bila-signalni-pololesk-2-5-kg-37956\/#breadcrumb","itemListElement":[{"@type":"ListItem","position":1,"name":"Home","item":"https:\/\/www.domtechnikpro.com\/"},{"@type":"ListItem","position":2,"name":"Products","item":"https:\/\/www.domtechnikpro.com\/index.php\/products\/"},{"@type":"ListItem","position":3,"name":"Aktu\u00e1ln\u00ed FORTICOAT rychleschnouc\u00ed antikorozn\u00ed email 2v1 RAL 9003 b\u00edl\u00e1 sign\u00e1ln\u00ed pololesk 2,5 kg"}]},{"@type":"WebSite","@id":"https:\/\/www.domtechnikpro.com\/#website","url":"https:\/\/www.domtechnikpro.com\/","name":"","description":"","potentialAction":[{"@type":"SearchAction","target":{"@type":"EntryPoint","urlTemplate":"https:\/\/www.domtechnikpro.com\/?s={search_term_string}"},"query-input":{"@type":"PropertyValueSpecification","valueRequired":true,"valueName":"search_term_string"}}],"inLanguage":"cs"}]}},"_links":{"self":[{"href":"https:\/\/www.domtechnikpro.com\/index.php\/wp-json\/wp\/v2\/product\/37956","targetHints":{"allow":["GET"]}}],"collection":[{"href":"https:\/\/www.domtechnikpro.com\/index.php\/wp-json\/wp\/v2\/product"}],"about":[{"href":"https:\/\/www.domtechnikpro.com\/index.php\/wp-json\/wp\/v2\/types\/product"}],"replies":[{"embeddable":true,"href":"https:\/\/www.domtechnikpro.com\/index.php\/wp-json\/wp\/v2\/comments?post=37956"}],"wp:featuredmedia":[{"embeddable":true,"href":"https:\/\/www.domtechnikpro.com\/index.php\/wp-json\/wp\/v2\/media\/38056"}],"wp:attachment":[{"href":"https:\/\/www.domtechnikpro.com\/index.php\/wp-json\/wp\/v2\/media?parent=37956"}],"wp:term":[{"taxonomy":"product_brand","embeddable":true,"href":"https:\/\/www.domtechnikpro.com\/index.php\/wp-json\/wp\/v2\/product_brand?post=37956"},{"taxonomy":"product_cat","embeddable":true,"href":"https:\/\/www.domtechnikpro.com\/index.php\/wp-json\/wp\/v2\/product_cat?post=37956"},{"taxonomy":"product_tag","embeddable":true,"href":"https:\/\/www.domtechnikpro.com\/index.php\/wp-json\/wp\/v2\/product_tag?post=37956"}],"curies":[{"name":"wp","href":"https:\/\/api.w.org\/{rel}","templated":true}]}}