{"id":37891,"date":"2026-04-26T08:58:17","date_gmt":"2026-04-26T08:58:17","guid":{"rendered":""},"modified":"2026-04-26T08:58:17","modified_gmt":"2026-04-26T08:58:17","slug":"en-1100-stone-chip-underbody-cerna-antikorozni-ochrana-podvozku-1l-aktualni-37891","status":"publish","type":"product","link":"https:\/\/www.domtechnikpro.com\/produkt\/en-1100-stone-chip-underbody-cerna-antikorozni-ochrana-podvozku-1l-aktualni-37891\/","title":{"rendered":"EN 1100 Stone chip underbody \u010dern\u00e1 antikorozn\u00ed ochrana podvozk\u016f 1l Aktu\u00e1ln\u00ed"},"content":{"rendered":"<div class=\"filters-tab-box__left\">\n<h2> EN 1100 Stone chip underbody \u0161ed\u00e1 antikorozn\u00ed ochrana podvozku  <\/h2>\n<p> EN 1100 Stone chip underbody je <b>izola\u010dn\u00ed p\u0159\u00edpravek<\/b> ur\u010den\u00fd k ochran\u011b spodn\u00edch \u010d\u00e1st\u00ed karoserie. <b>Chr\u00e1n\u00ed<\/b> p\u0159edev\u0161\u00edm <b>proti hluku, po\u0161kozen\u00ed<\/b> podvozku, lem\u016f, prah\u016f, podb\u011bh\u016f a tak\u00e9 proti <b>korozi. <\/b> P\u0159\u00edpravek<b> lze p\u0159elakovat<\/b> jak\u00fdmkoli lakem. Tak\u00e9 lze aplikovat metodou \u201emokr\u00e9 na mokr\u00e9\u201c.<\/p>\n<p><h3>Kl\u00ed\u010dov\u00e9 vlastnosti<\/h3>\n<ul class=\"vlastnosti\">\n<li>Izola\u010dn\u00ed hmota na b\u00e1zi kau\u010duku <\/li>\n<li>Jednoduch\u00e1 aplikace<\/li>\n<li>Zna\u010dn\u00e1 p\u0159ilnavost<\/li>\n<li>Odolnost v\u016f\u010di hluku a n\u00e1raz\u016fm<\/li>\n<li>Ochrana proti korozi<\/li>\n<li>Lze p\u0159elakovat<\/li>\n<li>Metoda \u201emokr\u00e9 na mokr\u00e9\u201c<\/li>\n<li>Ne\u0159ed\u00ed se<\/li>\n<\/ul>\n<h3>Pou\u017eit\u00ed<\/h3>\n<ul class=\"pouziti\">\n<li>Z o\u0161et\u0159ovan\u00e9ho povrchu odstra\u0148te asfaltov\u00e9 skvrny a rez<\/li>\n<li>Povrch zbavte ne\u010distot, mastnot a osu\u0161te jej <\/li>\n<li>Doporu\u010dujeme om\u00fdt tlakovou vodou<\/li>\n<li>Pot\u00e9 aplikujte z\u00e1kladovou barvu <\/li>\n<li>P\u0159\u00edpravek d\u016fkladn\u011b prom\u00edchejte<\/li>\n<li>Na\u0161roubujte p\u0159\u00edpravek na st\u0159\u00edkac\u00ed pistoli<\/li>\n<li>Pro dosa\u017een\u00ed po\u017eadovan\u00e9ho v\u00fdsledku aplikujte 2 vrstvy<\/li>\n<li>Mezi jednotliv\u00fdmi vrstvami po\u010dkejte 5 a\u017e 10 minut<\/li>\n<li>Po aplikaci ihned odstra\u0148te barvu z pou\u017eit\u00fdch pom\u016fcek pomoc\u00ed \u0159edidla<\/li>\n<\/ul>\n<h3>Doporu\u010den\u00e9 podklady<\/h3>\n<ul class=\"podklady\">\n<li>Karoserie<\/li>\n<\/ul><\/div>\n<div class=\"filters-tab-box__right\">\n<h2>Parametry<\/h2>\n<table>\n<tbody>\n<tr>\n<td>Barva (n&#225;zev)                                            :                                        <\/td>\n<td>                                            \u010dern&#225;                                        <\/td>\n<\/tr>\n<tr>\n<td>V&#253;robce                                            :                                        <\/td>\n<td>                                            EN                                        <\/td>\n<\/tr>\n<tr>\n<td>Balen&#237;                                            :                                        <\/td>\n<td>                                            1 l                                        <\/td>\n<\/tr>\n<tr>\n<td>Objem                                            :                                        <\/td>\n<td>1 l                                        <\/td>\n<\/tr>\n<\/tbody>\n<\/table><\/div>\n<\/p><\/div>\n","protected":false},"excerpt":{"rendered":"<p>EN 1100 Stone chip underbody \u0161ed\u00e1 antikorozn\u00ed ochrana podvozku EN 1100 Stone chip underbody je izola\u010dn\u00ed p\u0159\u00edpravek ur\u010den\u00fd k ochran\u011b spodn\u00edch \u010d\u00e1st\u00ed karoserie. Chr\u00e1n\u00ed p\u0159edev\u0161\u00edm proti hluku, po\u0161kozen\u00ed podvozku, lem\u016f, prah\u016f, podb\u011bh\u016f a tak\u00e9 proti korozi. P\u0159\u00edpravek lze p\u0159elakovat jak\u00fdmkoli lakem. Tak\u00e9 lze aplikovat metodou \u201emokr\u00e9 na mokr\u00e9\u201c. Kl\u00ed\u010dov\u00e9 vlastnosti Izola\u010dn\u00ed hmota na b\u00e1zi kau\u010duku [&hellip;]<\/p>\n","protected":false},"featured_media":37991,"comment_status":"open","ping_status":"open","template":"","meta":[],"product_brand":[],"product_cat":[69],"product_tag":[],"class_list":{"0":"post-37891","1":"product","2":"type-product","3":"status-publish","4":"has-post-thumbnail","6":"product_cat-specialni-nabidka","8":"first","9":"instock","10":"sale","11":"shipping-taxable","12":"purchasable","13":"product-type-simple"},"yoast_head":"<!-- This site is optimized with the Yoast SEO plugin v26.8 - https:\/\/yoast.com\/product\/yoast-seo-wordpress\/ -->\n<title>EN 1100 Stone chip underbody \u010dern\u00e1 antikorozn\u00ed ochrana podvozk\u016f 1l Aktu\u00e1ln\u00ed - Pr\u016fmyslov\u00e9 vybaven\u00ed a p\u0159\u00edslu\u0161enstv\u00ed<\/title>\n<meta name=\"robots\" content=\"index, follow, max-snippet:-1, max-image-preview:large, max-video-preview:-1\" \/>\n<link rel=\"canonical\" href=\"https:\/\/www.domtechnikpro.com\/index.php\/produkt\/en-1100-stone-chip-underbody-cerna-antikorozni-ochrana-podvozku-1l-aktualni-37891\/\" \/>\n<meta property=\"og:locale\" content=\"cs_CZ\" \/>\n<meta property=\"og:type\" content=\"article\" \/>\n<meta property=\"og:title\" content=\"EN 1100 Stone chip underbody \u010dern\u00e1 antikorozn\u00ed ochrana podvozk\u016f 1l Aktu\u00e1ln\u00ed - Pr\u016fmyslov\u00e9 vybaven\u00ed a p\u0159\u00edslu\u0161enstv\u00ed\" \/>\n<meta property=\"og:description\" content=\"EN 1100 Stone chip underbody \u0161ed\u00e1 antikorozn\u00ed ochrana podvozku EN 1100 Stone chip underbody je izola\u010dn\u00ed p\u0159\u00edpravek ur\u010den\u00fd k ochran\u011b spodn\u00edch \u010d\u00e1st\u00ed karoserie. Chr\u00e1n\u00ed p\u0159edev\u0161\u00edm proti hluku, po\u0161kozen\u00ed podvozku, lem\u016f, prah\u016f, podb\u011bh\u016f a tak\u00e9 proti korozi. P\u0159\u00edpravek lze p\u0159elakovat jak\u00fdmkoli lakem. Tak\u00e9 lze aplikovat metodou \u201emokr\u00e9 na mokr\u00e9\u201c. Kl\u00ed\u010dov\u00e9 vlastnosti Izola\u010dn\u00ed hmota na b\u00e1zi kau\u010duku [&hellip;]\" \/>\n<meta property=\"og:url\" content=\"https:\/\/www.domtechnikpro.com\/index.php\/produkt\/en-1100-stone-chip-underbody-cerna-antikorozni-ochrana-podvozku-1l-aktualni-37891\/\" \/>\n<meta property=\"og:site_name\" content=\"Pr\u016fmyslov\u00e9 vybaven\u00ed a p\u0159\u00edslu\u0161enstv\u00ed\" \/>\n<meta property=\"og:image\" content=\"https:\/\/www.domtechnikpro.com\/wp-content\/uploads\/2026\/SK0001723-CZ20260425-092455-0-1777080297-image_of_object.webp\" \/>\n\t<meta property=\"og:image:width\" content=\"400\" \/>\n\t<meta property=\"og:image:height\" content=\"300\" \/>\n\t<meta property=\"og:image:type\" content=\"image\/webp\" \/>\n<meta name=\"twitter:card\" content=\"summary_large_image\" \/>\n<meta name=\"twitter:label1\" content=\"Odhadovan\u00e1 doba \u010dten\u00ed\" \/>\n\t<meta name=\"twitter:data1\" content=\"1 minuta\" \/>\n<script type=\"application\/ld+json\" class=\"yoast-schema-graph\">{\"@context\":\"https:\/\/schema.org\",\"@graph\":[{\"@type\":\"WebPage\",\"@id\":\"https:\/\/www.domtechnikpro.com\/index.php\/produkt\/en-1100-stone-chip-underbody-cerna-antikorozni-ochrana-podvozku-1l-aktualni-37891\/\",\"url\":\"https:\/\/www.domtechnikpro.com\/index.php\/produkt\/en-1100-stone-chip-underbody-cerna-antikorozni-ochrana-podvozku-1l-aktualni-37891\/\",\"name\":\"EN 1100 Stone chip underbody \u010dern\u00e1 antikorozn\u00ed ochrana podvozk\u016f 1l Aktu\u00e1ln\u00ed - Pr\u016fmyslov\u00e9 vybaven\u00ed a p\u0159\u00edslu\u0161enstv\u00ed\",\"isPartOf\":{\"@id\":\"https:\/\/www.domtechnikpro.com\/#website\"},\"primaryImageOfPage\":{\"@id\":\"https:\/\/www.domtechnikpro.com\/index.php\/produkt\/en-1100-stone-chip-underbody-cerna-antikorozni-ochrana-podvozku-1l-aktualni-37891\/#primaryimage\"},\"image\":{\"@id\":\"https:\/\/www.domtechnikpro.com\/index.php\/produkt\/en-1100-stone-chip-underbody-cerna-antikorozni-ochrana-podvozku-1l-aktualni-37891\/#primaryimage\"},\"thumbnailUrl\":\"https:\/\/www.domtechnikpro.com\/wp-content\/uploads\/2026\/SK0001723-CZ20260425-092455-0-1777080297-image_of_object.webp\",\"datePublished\":\"2026-04-26T08:58:17+00:00\",\"breadcrumb\":{\"@id\":\"https:\/\/www.domtechnikpro.com\/index.php\/produkt\/en-1100-stone-chip-underbody-cerna-antikorozni-ochrana-podvozku-1l-aktualni-37891\/#breadcrumb\"},\"inLanguage\":\"cs\",\"potentialAction\":[{\"@type\":\"ReadAction\",\"target\":[\"https:\/\/www.domtechnikpro.com\/index.php\/produkt\/en-1100-stone-chip-underbody-cerna-antikorozni-ochrana-podvozku-1l-aktualni-37891\/\"]}]},{\"@type\":\"ImageObject\",\"inLanguage\":\"cs\",\"@id\":\"https:\/\/www.domtechnikpro.com\/index.php\/produkt\/en-1100-stone-chip-underbody-cerna-antikorozni-ochrana-podvozku-1l-aktualni-37891\/#primaryimage\",\"url\":\"https:\/\/www.domtechnikpro.com\/wp-content\/uploads\/2026\/SK0001723-CZ20260425-092455-0-1777080297-image_of_object.webp\",\"contentUrl\":\"https:\/\/www.domtechnikpro.com\/wp-content\/uploads\/2026\/SK0001723-CZ20260425-092455-0-1777080297-image_of_object.webp\",\"width\":400,\"height\":300},{\"@type\":\"BreadcrumbList\",\"@id\":\"https:\/\/www.domtechnikpro.com\/index.php\/produkt\/en-1100-stone-chip-underbody-cerna-antikorozni-ochrana-podvozku-1l-aktualni-37891\/#breadcrumb\",\"itemListElement\":[{\"@type\":\"ListItem\",\"position\":1,\"name\":\"Home\",\"item\":\"https:\/\/www.domtechnikpro.com\/\"},{\"@type\":\"ListItem\",\"position\":2,\"name\":\"Products\",\"item\":\"https:\/\/www.domtechnikpro.com\/products\/\"},{\"@type\":\"ListItem\",\"position\":3,\"name\":\"EN 1100 Stone chip underbody \u010dern\u00e1 antikorozn\u00ed ochrana podvozk\u016f 1l Aktu\u00e1ln\u00ed\"}]},{\"@type\":\"WebSite\",\"@id\":\"https:\/\/www.domtechnikpro.com\/#website\",\"url\":\"https:\/\/www.domtechnikpro.com\/\",\"name\":\"Pr\u016fmyslov\u00e9 vybaven\u00ed a p\u0159\u00edslu\u0161enstv\u00ed\",\"description\":\"Pr\u016fmyslov\u00e9 vybaven\u00ed a p\u0159\u00edslu\u0161enstv\u00ed\",\"publisher\":{\"@id\":\"https:\/\/www.domtechnikpro.com\/#organization\"},\"potentialAction\":[{\"@type\":\"SearchAction\",\"target\":{\"@type\":\"EntryPoint\",\"urlTemplate\":\"https:\/\/www.domtechnikpro.com\/?s={search_term_string}\"},\"query-input\":{\"@type\":\"PropertyValueSpecification\",\"valueRequired\":true,\"valueName\":\"search_term_string\"}}],\"inLanguage\":\"cs\"},{\"@type\":\"Organization\",\"@id\":\"https:\/\/www.domtechnikpro.com\/#organization\",\"name\":\"Pr\u016fmyslov\u00e9 vybaven\u00ed a p\u0159\u00edslu\u0161enstv\u00ed\",\"url\":\"https:\/\/www.domtechnikpro.com\/\",\"logo\":{\"@type\":\"ImageObject\",\"inLanguage\":\"cs\",\"@id\":\"https:\/\/www.domtechnikpro.com\/#\/schema\/logo\/image\/\",\"url\":\"https:\/\/www.domtechnikpro.com\/wp-content\/uploads\/2026\/04\/domtechnikpro_logo_full.svg\",\"contentUrl\":\"https:\/\/www.domtechnikpro.com\/wp-content\/uploads\/2026\/04\/domtechnikpro_logo_full.svg\",\"width\":920,\"height\":180,\"caption\":\"Pr\u016fmyslov\u00e9 vybaven\u00ed a p\u0159\u00edslu\u0161enstv\u00ed\"},\"image\":{\"@id\":\"https:\/\/www.domtechnikpro.com\/#\/schema\/logo\/image\/\"}}]}<\/script>\n<!-- \/ Yoast SEO plugin. -->","yoast_head_json":{"title":"EN 1100 Stone chip underbody \u010dern\u00e1 antikorozn\u00ed ochrana podvozk\u016f 1l Aktu\u00e1ln\u00ed - Pr\u016fmyslov\u00e9 vybaven\u00ed a p\u0159\u00edslu\u0161enstv\u00ed","robots":{"index":"index","follow":"follow","max-snippet":"max-snippet:-1","max-image-preview":"max-image-preview:large","max-video-preview":"max-video-preview:-1"},"canonical":"https:\/\/www.domtechnikpro.com\/index.php\/produkt\/en-1100-stone-chip-underbody-cerna-antikorozni-ochrana-podvozku-1l-aktualni-37891\/","og_locale":"cs_CZ","og_type":"article","og_title":"EN 1100 Stone chip underbody \u010dern\u00e1 antikorozn\u00ed ochrana podvozk\u016f 1l Aktu\u00e1ln\u00ed - Pr\u016fmyslov\u00e9 vybaven\u00ed a p\u0159\u00edslu\u0161enstv\u00ed","og_description":"EN 1100 Stone chip underbody \u0161ed\u00e1 antikorozn\u00ed ochrana podvozku EN 1100 Stone chip underbody je izola\u010dn\u00ed p\u0159\u00edpravek ur\u010den\u00fd k ochran\u011b spodn\u00edch \u010d\u00e1st\u00ed karoserie. Chr\u00e1n\u00ed p\u0159edev\u0161\u00edm proti hluku, po\u0161kozen\u00ed podvozku, lem\u016f, prah\u016f, podb\u011bh\u016f a tak\u00e9 proti korozi. P\u0159\u00edpravek lze p\u0159elakovat jak\u00fdmkoli lakem. Tak\u00e9 lze aplikovat metodou \u201emokr\u00e9 na mokr\u00e9\u201c. Kl\u00ed\u010dov\u00e9 vlastnosti Izola\u010dn\u00ed hmota na b\u00e1zi kau\u010duku [&hellip;]","og_url":"https:\/\/www.domtechnikpro.com\/index.php\/produkt\/en-1100-stone-chip-underbody-cerna-antikorozni-ochrana-podvozku-1l-aktualni-37891\/","og_site_name":"Pr\u016fmyslov\u00e9 vybaven\u00ed a p\u0159\u00edslu\u0161enstv\u00ed","og_image":[{"width":400,"height":300,"url":"https:\/\/www.domtechnikpro.com\/wp-content\/uploads\/2026\/SK0001723-CZ20260425-092455-0-1777080297-image_of_object.webp","type":"image\/webp"}],"twitter_card":"summary_large_image","twitter_misc":{"Odhadovan\u00e1 doba \u010dten\u00ed":"1 minuta"},"schema":{"@context":"https:\/\/schema.org","@graph":[{"@type":"WebPage","@id":"https:\/\/www.domtechnikpro.com\/index.php\/produkt\/en-1100-stone-chip-underbody-cerna-antikorozni-ochrana-podvozku-1l-aktualni-37891\/","url":"https:\/\/www.domtechnikpro.com\/index.php\/produkt\/en-1100-stone-chip-underbody-cerna-antikorozni-ochrana-podvozku-1l-aktualni-37891\/","name":"EN 1100 Stone chip underbody \u010dern\u00e1 antikorozn\u00ed ochrana podvozk\u016f 1l Aktu\u00e1ln\u00ed - Pr\u016fmyslov\u00e9 vybaven\u00ed a p\u0159\u00edslu\u0161enstv\u00ed","isPartOf":{"@id":"https:\/\/www.domtechnikpro.com\/#website"},"primaryImageOfPage":{"@id":"https:\/\/www.domtechnikpro.com\/index.php\/produkt\/en-1100-stone-chip-underbody-cerna-antikorozni-ochrana-podvozku-1l-aktualni-37891\/#primaryimage"},"image":{"@id":"https:\/\/www.domtechnikpro.com\/index.php\/produkt\/en-1100-stone-chip-underbody-cerna-antikorozni-ochrana-podvozku-1l-aktualni-37891\/#primaryimage"},"thumbnailUrl":"https:\/\/www.domtechnikpro.com\/wp-content\/uploads\/2026\/SK0001723-CZ20260425-092455-0-1777080297-image_of_object.webp","datePublished":"2026-04-26T08:58:17+00:00","breadcrumb":{"@id":"https:\/\/www.domtechnikpro.com\/index.php\/produkt\/en-1100-stone-chip-underbody-cerna-antikorozni-ochrana-podvozku-1l-aktualni-37891\/#breadcrumb"},"inLanguage":"cs","potentialAction":[{"@type":"ReadAction","target":["https:\/\/www.domtechnikpro.com\/index.php\/produkt\/en-1100-stone-chip-underbody-cerna-antikorozni-ochrana-podvozku-1l-aktualni-37891\/"]}]},{"@type":"ImageObject","inLanguage":"cs","@id":"https:\/\/www.domtechnikpro.com\/index.php\/produkt\/en-1100-stone-chip-underbody-cerna-antikorozni-ochrana-podvozku-1l-aktualni-37891\/#primaryimage","url":"https:\/\/www.domtechnikpro.com\/wp-content\/uploads\/2026\/SK0001723-CZ20260425-092455-0-1777080297-image_of_object.webp","contentUrl":"https:\/\/www.domtechnikpro.com\/wp-content\/uploads\/2026\/SK0001723-CZ20260425-092455-0-1777080297-image_of_object.webp","width":400,"height":300},{"@type":"BreadcrumbList","@id":"https:\/\/www.domtechnikpro.com\/index.php\/produkt\/en-1100-stone-chip-underbody-cerna-antikorozni-ochrana-podvozku-1l-aktualni-37891\/#breadcrumb","itemListElement":[{"@type":"ListItem","position":1,"name":"Home","item":"https:\/\/www.domtechnikpro.com\/"},{"@type":"ListItem","position":2,"name":"Products","item":"https:\/\/www.domtechnikpro.com\/products\/"},{"@type":"ListItem","position":3,"name":"EN 1100 Stone chip underbody \u010dern\u00e1 antikorozn\u00ed ochrana podvozk\u016f 1l Aktu\u00e1ln\u00ed"}]},{"@type":"WebSite","@id":"https:\/\/www.domtechnikpro.com\/#website","url":"https:\/\/www.domtechnikpro.com\/","name":"Pr\u016fmyslov\u00e9 vybaven\u00ed a p\u0159\u00edslu\u0161enstv\u00ed","description":"Pr\u016fmyslov\u00e9 vybaven\u00ed a p\u0159\u00edslu\u0161enstv\u00ed","publisher":{"@id":"https:\/\/www.domtechnikpro.com\/#organization"},"potentialAction":[{"@type":"SearchAction","target":{"@type":"EntryPoint","urlTemplate":"https:\/\/www.domtechnikpro.com\/?s={search_term_string}"},"query-input":{"@type":"PropertyValueSpecification","valueRequired":true,"valueName":"search_term_string"}}],"inLanguage":"cs"},{"@type":"Organization","@id":"https:\/\/www.domtechnikpro.com\/#organization","name":"Pr\u016fmyslov\u00e9 vybaven\u00ed a p\u0159\u00edslu\u0161enstv\u00ed","url":"https:\/\/www.domtechnikpro.com\/","logo":{"@type":"ImageObject","inLanguage":"cs","@id":"https:\/\/www.domtechnikpro.com\/#\/schema\/logo\/image\/","url":"https:\/\/www.domtechnikpro.com\/wp-content\/uploads\/2026\/04\/domtechnikpro_logo_full.svg","contentUrl":"https:\/\/www.domtechnikpro.com\/wp-content\/uploads\/2026\/04\/domtechnikpro_logo_full.svg","width":920,"height":180,"caption":"Pr\u016fmyslov\u00e9 vybaven\u00ed a p\u0159\u00edslu\u0161enstv\u00ed"},"image":{"@id":"https:\/\/www.domtechnikpro.com\/#\/schema\/logo\/image\/"}}]}},"_links":{"self":[{"href":"https:\/\/www.domtechnikpro.com\/wp-json\/wp\/v2\/product\/37891","targetHints":{"allow":["GET"]}}],"collection":[{"href":"https:\/\/www.domtechnikpro.com\/wp-json\/wp\/v2\/product"}],"about":[{"href":"https:\/\/www.domtechnikpro.com\/wp-json\/wp\/v2\/types\/product"}],"replies":[{"embeddable":true,"href":"https:\/\/www.domtechnikpro.com\/wp-json\/wp\/v2\/comments?post=37891"}],"wp:featuredmedia":[{"embeddable":true,"href":"https:\/\/www.domtechnikpro.com\/wp-json\/wp\/v2\/media\/37991"}],"wp:attachment":[{"href":"https:\/\/www.domtechnikpro.com\/wp-json\/wp\/v2\/media?parent=37891"}],"wp:term":[{"taxonomy":"product_brand","embeddable":true,"href":"https:\/\/www.domtechnikpro.com\/wp-json\/wp\/v2\/product_brand?post=37891"},{"taxonomy":"product_cat","embeddable":true,"href":"https:\/\/www.domtechnikpro.com\/wp-json\/wp\/v2\/product_cat?post=37891"},{"taxonomy":"product_tag","embeddable":true,"href":"https:\/\/www.domtechnikpro.com\/wp-json\/wp\/v2\/product_tag?post=37891"}],"curies":[{"name":"wp","href":"https:\/\/api.w.org\/{rel}","templated":true}]}}