{"id":3775,"date":"2026-04-26T08:52:00","date_gmt":"2026-04-26T08:52:00","guid":{"rendered":""},"modified":"2026-04-26T08:52:00","modified_gmt":"2026-04-26T08:52:00","slug":"kopos-prichytka-plastova-tuhych-trubek-5316e-kb-320n-seda-sleva-3775","status":"publish","type":"product","link":"https:\/\/www.domtechnikpro.com\/index.php\/produkt\/kopos-prichytka-plastova-tuhych-trubek-5316e-kb-320n-seda-sleva-3775\/","title":{"rendered":"Kopos p\u0159\u00edchytka plastov\u00e1 tuh\u00fdch trubek 5316E KB 320N \u0161ed\u00e1 Sleva"},"content":{"rendered":"<div id=\"e8883734\" class=\"pages\">\n<div id=\"PDDescription\" class=\"UserContentView userContent v1a v1 bs-view dcon dc150 PDDescription\" >\n<p><span style=\"color: #008080;\"><strong><span style=\"font-size: 24px;\">Kopos p\u0159\u00edchytka plastov\u00e1 tuh\u00fdch trubek 5316E KB 320N \u0161ed\u00e1<\/span><\/strong><\/span><\/p>\n<p><strong><span style=\"color: #008080; text-transform: none; text-indent: 0px; letter-spacing: normal; font-family: 'Open Sans', Arial; font-size: 14px; font-style: normal; word-spacing: 0px; float: none; display: inline !important; white-space: normal; orphans: 2; widows: 2; background-color: #ffffff; -webkit-text-stroke-width: 0px; font-variant-ligatures: normal; font-variant-caps: normal; text-decoration-thickness: initial; text-decoration-style: initial; text-decoration-color: initial;\"><span style=\"font-family: Arial;\">Pou\u017eit\u00ed<\/span><\/span><\/strong><\/p>\n<p><span style=\"color: #007980; text-transform: none; text-indent: 0px; letter-spacing: normal; font-family: 'Open Sans', Arial; font-size: 14px; font-style: normal; font-weight: 400; word-spacing: 0px; float: none; white-space: normal; orphans: 2; widows: 2; background-color: #ffffff; -webkit-text-stroke-width: 0px; font-variant-ligatures: normal; font-variant-caps: normal; text-decoration-thickness: initial; text-decoration-style: initial; text-decoration-color: initial; display: inline !important;\"><span style=\"font-family: Arial;\"><span style=\"color: #000000;\">Izola\u010dn\u00ed p\u0159\u00edchytky jsou ur\u010den\u00e9 pro upevn\u011bn\u00ed trubkov\u00e9ho rozvodu na podkladov\u00fd materi\u00e1l. Mont\u00e1\u017e trubky se provede natla\u010den\u00edm mezi \u010delisti p\u0159\u00edchytky. P\u0159\u00edchytky jsou opat\u0159eny prvky pro nasunut\u00ed vedle sebe pro vytvo\u0159en\u00ed souvisl\u00e9 \u0159ady trubek a d\u00e1le dr\u00e1\u017ekami pro mo\u017enost instalace v nosn\u00fdch li\u0161t\u00e1ch \u0159ady 5820\/.. . P\u0159\u00edchytky je mo\u017en\u00e9 spojit v jednu \u0159adu. Spojen\u00ed je mo\u017en\u00e9 prov\u00e1d\u011bt pro p\u0159\u00edchytky r\u016fzn\u00fdch velikost\u00ed. Tuh\u00e9 a ohebn\u00e9 trubky lze spojovat pomoc\u00ed p\u0159\u00edslu\u0161enstv\u00ed pro tuh\u00e9 trubky<\/span>.<\/span><\/span><\/p>\n<p>\u00a0<\/p>\n<p><span style=\"color: #008080;\"><strong>Parametry<\/strong><\/span><br \/>EAN k\u00f3d: 8595057619357 <br \/>Barva: sv\u011btle \u0161ed\u00e1 RAL 7035 <br \/>Materi\u00e1l:\u00a0PVC <br \/>Samozh\u00e1\u0161iv\u00fd materi\u00e1l:\u00a0\u00a030 sec. <br \/>Teplotn\u00ed odolnost, rozsah pou\u017eit\u00ed: T -25 \u2013 60 \u00b0C <br \/>Vn\u011bj\u0161\u00ed pr\u016fm\u011br trubky:\u00a016 mm <br \/>Pr\u016fm\u011br otvoru pro upevn\u011bn\u00ed:\u00a04,3 mm\u00a0\u00a0<\/p>\n<p>Prostor s nebezpe\u010d\u00edm v\u00fdbuchu:<br \/>Lze montovat do prostoru s nebezpe\u010d\u00edm v\u00fdbuchu ho\u0159lav\u00fdch plyn\u016f a par, nebezpe\u010dn\u00e1 z\u00f3na 2 a do prostoru s nebezpe\u010d\u00edm v\u00fdbuchu prachu, nebezpe\u010dn\u00e1 z\u00f3na 22.<\/p>\n<p>T\u0159\u00edda reakce na ohe\u0148:\u00a0\u00a0 A1 &#8211; F <br \/>K\u00f3d t\u0159\u00edd\u011bn\u00ed:\u00a0\u00a0 2441410 <br \/>Odpov\u00edd\u00e1 norm\u00e1m:\u00a0\u00a0 \u010cSN EN 61386-1 ed.2<\/p>\n<p>\u00a0<\/p>\n<div id=\"PDTable3\" class=\"ProductDetailTableView v3a v3 bs-view dcon dc175 PDTable3\" >\n<table>\n<thead><\/thead>\n<tbody>\n<tr class=\"attribute attr_bsshop_maker\">\n<td class=\"caption\">V\u00fdrobce<\/td>\n<td class=\"value\">Kopos Kol\u00edn<\/td>\n<\/tr>\n<\/tbody>\n<\/table><\/div>\n<\/div>\n<div id=\"ProductMedia\" class=\"ProductMediaView MediaViewBase v1a v1 bs-view dcon dc398 ProductMedia\" ><bs-empty><\/bs-empty><\/p>\n<div class=\"files\">\n<div class=\"title sub\">Soubory<\/div>\n<p>file<\/p><\/div>\n<p><bs-empty><\/bs-empty><\/div>\n<\/div>\n<div id=\"e8883735\" class=\"tabs\">\n","protected":false},"excerpt":{"rendered":"<p>Kopos p\u0159\u00edchytka plastov\u00e1 tuh\u00fdch trubek 5316E KB 320N \u0161ed\u00e1 Pou\u017eit\u00ed Izola\u010dn\u00ed p\u0159\u00edchytky jsou ur\u010den\u00e9 pro upevn\u011bn\u00ed trubkov\u00e9ho rozvodu na podkladov\u00fd materi\u00e1l. Mont\u00e1\u017e trubky se provede natla\u010den\u00edm mezi \u010delisti p\u0159\u00edchytky. P\u0159\u00edchytky jsou opat\u0159eny prvky pro nasunut\u00ed vedle sebe pro vytvo\u0159en\u00ed souvisl\u00e9 \u0159ady trubek a d\u00e1le dr\u00e1\u017ekami pro mo\u017enost instalace v nosn\u00fdch li\u0161t\u00e1ch \u0159ady 5820\/.. . P\u0159\u00edchytky [&hellip;]<\/p>\n","protected":false},"featured_media":3875,"comment_status":"open","ping_status":"open","template":"","meta":[],"product_brand":[],"product_cat":[39],"product_tag":[],"class_list":{"0":"post-3775","1":"product","2":"type-product","3":"status-publish","4":"has-post-thumbnail","6":"product_cat-elektromateri-225-l","8":"first","9":"instock","10":"sale","11":"shipping-taxable","12":"purchasable","13":"product-type-simple"},"yoast_head":"<!-- This site is optimized with the Yoast SEO plugin v26.8 - https:\/\/yoast.com\/product\/yoast-seo-wordpress\/ -->\n<title>Kopos p\u0159\u00edchytka plastov\u00e1 tuh\u00fdch trubek 5316E KB 320N \u0161ed\u00e1 Sleva -<\/title>\n<meta name=\"robots\" content=\"index, follow, max-snippet:-1, max-image-preview:large, max-video-preview:-1\" \/>\n<link rel=\"canonical\" href=\"https:\/\/www.domtechnikpro.com\/index.php\/produkt\/kopos-prichytka-plastova-tuhych-trubek-5316e-kb-320n-seda-sleva-3775\/\" \/>\n<meta property=\"og:locale\" content=\"cs_CZ\" \/>\n<meta property=\"og:type\" content=\"article\" \/>\n<meta property=\"og:title\" content=\"Kopos p\u0159\u00edchytka plastov\u00e1 tuh\u00fdch trubek 5316E KB 320N \u0161ed\u00e1 Sleva -\" \/>\n<meta property=\"og:description\" content=\"Kopos p\u0159\u00edchytka plastov\u00e1 tuh\u00fdch trubek 5316E KB 320N \u0161ed\u00e1 Pou\u017eit\u00ed Izola\u010dn\u00ed p\u0159\u00edchytky jsou ur\u010den\u00e9 pro upevn\u011bn\u00ed trubkov\u00e9ho rozvodu na podkladov\u00fd materi\u00e1l. Mont\u00e1\u017e trubky se provede natla\u010den\u00edm mezi \u010delisti p\u0159\u00edchytky. P\u0159\u00edchytky jsou opat\u0159eny prvky pro nasunut\u00ed vedle sebe pro vytvo\u0159en\u00ed souvisl\u00e9 \u0159ady trubek a d\u00e1le dr\u00e1\u017ekami pro mo\u017enost instalace v nosn\u00fdch li\u0161t\u00e1ch \u0159ady 5820\/.. . P\u0159\u00edchytky [&hellip;]\" \/>\n<meta property=\"og:url\" content=\"https:\/\/www.domtechnikpro.com\/index.php\/produkt\/kopos-prichytka-plastova-tuhych-trubek-5316e-kb-320n-seda-sleva-3775\/\" \/>\n<meta property=\"og:image\" content=\"https:\/\/www.domtechnikpro.com\/wp-content\/uploads\/2026\/SK0001396-CZ20260425-091623-0-1777079785-kopos-prichytka-plastova-tuhych-trubek-5316e-kb-320n-seda.j.webp\" \/>\n\t<meta property=\"og:image:width\" content=\"1000\" \/>\n\t<meta property=\"og:image:height\" content=\"525\" \/>\n\t<meta property=\"og:image:type\" content=\"image\/webp\" \/>\n<meta name=\"twitter:card\" content=\"summary_large_image\" \/>\n<meta name=\"twitter:label1\" content=\"Odhadovan\u00e1 doba \u010dten\u00ed\" \/>\n\t<meta name=\"twitter:data1\" content=\"1 minuta\" \/>\n<script type=\"application\/ld+json\" class=\"yoast-schema-graph\">{\"@context\":\"https:\/\/schema.org\",\"@graph\":[{\"@type\":\"WebPage\",\"@id\":\"https:\/\/www.domtechnikpro.com\/index.php\/produkt\/kopos-prichytka-plastova-tuhych-trubek-5316e-kb-320n-seda-sleva-3775\/\",\"url\":\"https:\/\/www.domtechnikpro.com\/index.php\/produkt\/kopos-prichytka-plastova-tuhych-trubek-5316e-kb-320n-seda-sleva-3775\/\",\"name\":\"Kopos p\u0159\u00edchytka plastov\u00e1 tuh\u00fdch trubek 5316E KB 320N \u0161ed\u00e1 Sleva -\",\"isPartOf\":{\"@id\":\"https:\/\/www.domtechnikpro.com\/#website\"},\"primaryImageOfPage\":{\"@id\":\"https:\/\/www.domtechnikpro.com\/index.php\/produkt\/kopos-prichytka-plastova-tuhych-trubek-5316e-kb-320n-seda-sleva-3775\/#primaryimage\"},\"image\":{\"@id\":\"https:\/\/www.domtechnikpro.com\/index.php\/produkt\/kopos-prichytka-plastova-tuhych-trubek-5316e-kb-320n-seda-sleva-3775\/#primaryimage\"},\"thumbnailUrl\":\"https:\/\/www.domtechnikpro.com\/wp-content\/uploads\/2026\/SK0001396-CZ20260425-091623-0-1777079785-kopos-prichytka-plastova-tuhych-trubek-5316e-kb-320n-seda.j.webp\",\"datePublished\":\"2026-04-26T08:52:00+00:00\",\"breadcrumb\":{\"@id\":\"https:\/\/www.domtechnikpro.com\/index.php\/produkt\/kopos-prichytka-plastova-tuhych-trubek-5316e-kb-320n-seda-sleva-3775\/#breadcrumb\"},\"inLanguage\":\"cs\",\"potentialAction\":[{\"@type\":\"ReadAction\",\"target\":[\"https:\/\/www.domtechnikpro.com\/index.php\/produkt\/kopos-prichytka-plastova-tuhych-trubek-5316e-kb-320n-seda-sleva-3775\/\"]}]},{\"@type\":\"ImageObject\",\"inLanguage\":\"cs\",\"@id\":\"https:\/\/www.domtechnikpro.com\/index.php\/produkt\/kopos-prichytka-plastova-tuhych-trubek-5316e-kb-320n-seda-sleva-3775\/#primaryimage\",\"url\":\"https:\/\/www.domtechnikpro.com\/wp-content\/uploads\/2026\/SK0001396-CZ20260425-091623-0-1777079785-kopos-prichytka-plastova-tuhych-trubek-5316e-kb-320n-seda.j.webp\",\"contentUrl\":\"https:\/\/www.domtechnikpro.com\/wp-content\/uploads\/2026\/SK0001396-CZ20260425-091623-0-1777079785-kopos-prichytka-plastova-tuhych-trubek-5316e-kb-320n-seda.j.webp\",\"width\":1000,\"height\":525},{\"@type\":\"BreadcrumbList\",\"@id\":\"https:\/\/www.domtechnikpro.com\/index.php\/produkt\/kopos-prichytka-plastova-tuhych-trubek-5316e-kb-320n-seda-sleva-3775\/#breadcrumb\",\"itemListElement\":[{\"@type\":\"ListItem\",\"position\":1,\"name\":\"Home\",\"item\":\"https:\/\/www.domtechnikpro.com\/\"},{\"@type\":\"ListItem\",\"position\":2,\"name\":\"Products\",\"item\":\"https:\/\/www.domtechnikpro.com\/index.php\/products\/\"},{\"@type\":\"ListItem\",\"position\":3,\"name\":\"Kopos p\u0159\u00edchytka plastov\u00e1 tuh\u00fdch trubek 5316E KB 320N \u0161ed\u00e1 Sleva\"}]},{\"@type\":\"WebSite\",\"@id\":\"https:\/\/www.domtechnikpro.com\/#website\",\"url\":\"https:\/\/www.domtechnikpro.com\/\",\"name\":\"\",\"description\":\"\",\"potentialAction\":[{\"@type\":\"SearchAction\",\"target\":{\"@type\":\"EntryPoint\",\"urlTemplate\":\"https:\/\/www.domtechnikpro.com\/?s={search_term_string}\"},\"query-input\":{\"@type\":\"PropertyValueSpecification\",\"valueRequired\":true,\"valueName\":\"search_term_string\"}}],\"inLanguage\":\"cs\"}]}<\/script>\n<!-- \/ Yoast SEO plugin. -->","yoast_head_json":{"title":"Kopos p\u0159\u00edchytka plastov\u00e1 tuh\u00fdch trubek 5316E KB 320N \u0161ed\u00e1 Sleva -","robots":{"index":"index","follow":"follow","max-snippet":"max-snippet:-1","max-image-preview":"max-image-preview:large","max-video-preview":"max-video-preview:-1"},"canonical":"https:\/\/www.domtechnikpro.com\/index.php\/produkt\/kopos-prichytka-plastova-tuhych-trubek-5316e-kb-320n-seda-sleva-3775\/","og_locale":"cs_CZ","og_type":"article","og_title":"Kopos p\u0159\u00edchytka plastov\u00e1 tuh\u00fdch trubek 5316E KB 320N \u0161ed\u00e1 Sleva -","og_description":"Kopos p\u0159\u00edchytka plastov\u00e1 tuh\u00fdch trubek 5316E KB 320N \u0161ed\u00e1 Pou\u017eit\u00ed Izola\u010dn\u00ed p\u0159\u00edchytky jsou ur\u010den\u00e9 pro upevn\u011bn\u00ed trubkov\u00e9ho rozvodu na podkladov\u00fd materi\u00e1l. Mont\u00e1\u017e trubky se provede natla\u010den\u00edm mezi \u010delisti p\u0159\u00edchytky. P\u0159\u00edchytky jsou opat\u0159eny prvky pro nasunut\u00ed vedle sebe pro vytvo\u0159en\u00ed souvisl\u00e9 \u0159ady trubek a d\u00e1le dr\u00e1\u017ekami pro mo\u017enost instalace v nosn\u00fdch li\u0161t\u00e1ch \u0159ady 5820\/.. . P\u0159\u00edchytky [&hellip;]","og_url":"https:\/\/www.domtechnikpro.com\/index.php\/produkt\/kopos-prichytka-plastova-tuhych-trubek-5316e-kb-320n-seda-sleva-3775\/","og_image":[{"width":1000,"height":525,"url":"https:\/\/www.domtechnikpro.com\/wp-content\/uploads\/2026\/SK0001396-CZ20260425-091623-0-1777079785-kopos-prichytka-plastova-tuhych-trubek-5316e-kb-320n-seda.j.webp","type":"image\/webp"}],"twitter_card":"summary_large_image","twitter_misc":{"Odhadovan\u00e1 doba \u010dten\u00ed":"1 minuta"},"schema":{"@context":"https:\/\/schema.org","@graph":[{"@type":"WebPage","@id":"https:\/\/www.domtechnikpro.com\/index.php\/produkt\/kopos-prichytka-plastova-tuhych-trubek-5316e-kb-320n-seda-sleva-3775\/","url":"https:\/\/www.domtechnikpro.com\/index.php\/produkt\/kopos-prichytka-plastova-tuhych-trubek-5316e-kb-320n-seda-sleva-3775\/","name":"Kopos p\u0159\u00edchytka plastov\u00e1 tuh\u00fdch trubek 5316E KB 320N \u0161ed\u00e1 Sleva -","isPartOf":{"@id":"https:\/\/www.domtechnikpro.com\/#website"},"primaryImageOfPage":{"@id":"https:\/\/www.domtechnikpro.com\/index.php\/produkt\/kopos-prichytka-plastova-tuhych-trubek-5316e-kb-320n-seda-sleva-3775\/#primaryimage"},"image":{"@id":"https:\/\/www.domtechnikpro.com\/index.php\/produkt\/kopos-prichytka-plastova-tuhych-trubek-5316e-kb-320n-seda-sleva-3775\/#primaryimage"},"thumbnailUrl":"https:\/\/www.domtechnikpro.com\/wp-content\/uploads\/2026\/SK0001396-CZ20260425-091623-0-1777079785-kopos-prichytka-plastova-tuhych-trubek-5316e-kb-320n-seda.j.webp","datePublished":"2026-04-26T08:52:00+00:00","breadcrumb":{"@id":"https:\/\/www.domtechnikpro.com\/index.php\/produkt\/kopos-prichytka-plastova-tuhych-trubek-5316e-kb-320n-seda-sleva-3775\/#breadcrumb"},"inLanguage":"cs","potentialAction":[{"@type":"ReadAction","target":["https:\/\/www.domtechnikpro.com\/index.php\/produkt\/kopos-prichytka-plastova-tuhych-trubek-5316e-kb-320n-seda-sleva-3775\/"]}]},{"@type":"ImageObject","inLanguage":"cs","@id":"https:\/\/www.domtechnikpro.com\/index.php\/produkt\/kopos-prichytka-plastova-tuhych-trubek-5316e-kb-320n-seda-sleva-3775\/#primaryimage","url":"https:\/\/www.domtechnikpro.com\/wp-content\/uploads\/2026\/SK0001396-CZ20260425-091623-0-1777079785-kopos-prichytka-plastova-tuhych-trubek-5316e-kb-320n-seda.j.webp","contentUrl":"https:\/\/www.domtechnikpro.com\/wp-content\/uploads\/2026\/SK0001396-CZ20260425-091623-0-1777079785-kopos-prichytka-plastova-tuhych-trubek-5316e-kb-320n-seda.j.webp","width":1000,"height":525},{"@type":"BreadcrumbList","@id":"https:\/\/www.domtechnikpro.com\/index.php\/produkt\/kopos-prichytka-plastova-tuhych-trubek-5316e-kb-320n-seda-sleva-3775\/#breadcrumb","itemListElement":[{"@type":"ListItem","position":1,"name":"Home","item":"https:\/\/www.domtechnikpro.com\/"},{"@type":"ListItem","position":2,"name":"Products","item":"https:\/\/www.domtechnikpro.com\/index.php\/products\/"},{"@type":"ListItem","position":3,"name":"Kopos p\u0159\u00edchytka plastov\u00e1 tuh\u00fdch trubek 5316E KB 320N \u0161ed\u00e1 Sleva"}]},{"@type":"WebSite","@id":"https:\/\/www.domtechnikpro.com\/#website","url":"https:\/\/www.domtechnikpro.com\/","name":"","description":"","potentialAction":[{"@type":"SearchAction","target":{"@type":"EntryPoint","urlTemplate":"https:\/\/www.domtechnikpro.com\/?s={search_term_string}"},"query-input":{"@type":"PropertyValueSpecification","valueRequired":true,"valueName":"search_term_string"}}],"inLanguage":"cs"}]}},"_links":{"self":[{"href":"https:\/\/www.domtechnikpro.com\/index.php\/wp-json\/wp\/v2\/product\/3775","targetHints":{"allow":["GET"]}}],"collection":[{"href":"https:\/\/www.domtechnikpro.com\/index.php\/wp-json\/wp\/v2\/product"}],"about":[{"href":"https:\/\/www.domtechnikpro.com\/index.php\/wp-json\/wp\/v2\/types\/product"}],"replies":[{"embeddable":true,"href":"https:\/\/www.domtechnikpro.com\/index.php\/wp-json\/wp\/v2\/comments?post=3775"}],"wp:featuredmedia":[{"embeddable":true,"href":"https:\/\/www.domtechnikpro.com\/index.php\/wp-json\/wp\/v2\/media\/3875"}],"wp:attachment":[{"href":"https:\/\/www.domtechnikpro.com\/index.php\/wp-json\/wp\/v2\/media?parent=3775"}],"wp:term":[{"taxonomy":"product_brand","embeddable":true,"href":"https:\/\/www.domtechnikpro.com\/index.php\/wp-json\/wp\/v2\/product_brand?post=3775"},{"taxonomy":"product_cat","embeddable":true,"href":"https:\/\/www.domtechnikpro.com\/index.php\/wp-json\/wp\/v2\/product_cat?post=3775"},{"taxonomy":"product_tag","embeddable":true,"href":"https:\/\/www.domtechnikpro.com\/index.php\/wp-json\/wp\/v2\/product_tag?post=3775"}],"curies":[{"name":"wp","href":"https:\/\/api.w.org\/{rel}","templated":true}]}}