{"id":3773,"date":"2026-04-26T08:52:00","date_gmt":"2026-04-26T08:52:00","guid":{"rendered":""},"modified":"2026-04-26T08:52:00","modified_gmt":"2026-04-26T08:52:00","slug":"kopos-prichytka-5220-zn-pozinkovana-omega-bezpecna-platba-3773","status":"publish","type":"product","link":"https:\/\/www.domtechnikpro.com\/index.php\/produkt\/kopos-prichytka-5220-zn-pozinkovana-omega-bezpecna-platba-3773\/","title":{"rendered":"Kopos p\u0159\u00edchytka 5220 ZN pozinkovan\u00e1 OMEGA Bezpe\u010dn\u00e1 Platba"},"content":{"rendered":"<div id=\"e8883449\" class=\"pages\">\n<div id=\"PDDescription\" class=\"UserContentView userContent v1a v1 bs-view dcon dc150 PDDescription\" >\n<h3 style=\"text-align: left;\"><strong><span style=\"color: #008080; font-size: 24px;\">Kopos p\u0159\u00edchytka 5220 ZN pozinkovan\u00e1 OMEGA<\/span><\/strong><\/h3>\n<p style=\"text-align: left;\">P\u0159\u00edchytky jsou ur\u010den\u00e9 pro p\u0159ipevn\u011bn\u00ed ocelov\u00fdch trubek \u010cSN na podlo\u017eku.<\/p>\n<p style=\"text-align: left;\">P\u0159\u00edchytky jsou dod\u00e1vany tak\u00e9 pro syst\u00e9my se zachov\u00e1n\u00edm funk\u010dnosti p\u0159i po\u017e\u00e1ru (viz katalog Syst\u00e9my se zachov\u00e1n\u00edm funk\u010dnosti<\/p>\n<p>p\u0159i po\u017e\u00e1ru).<\/p>\n<div id=\"PDTable3\" class=\"ProductDetailTableView v3a v3 bs-view dcon dc175 PDTable3\" >\n<table>\n<thead><\/thead>\n<tbody>\n<tr class=\"attribute attr_bsshop_maker\">\n<td class=\"caption\">V\u00fdrobce<\/td>\n<td class=\"value\">Kopos Kol\u00edn<\/td>\n<\/tr>\n<\/tbody>\n<\/table><\/div>\n<\/div>\n<\/div>\n<div id=\"e8883450\" class=\"tabs\">\n","protected":false},"excerpt":{"rendered":"<p>Kopos p\u0159\u00edchytka 5220 ZN pozinkovan\u00e1 OMEGA P\u0159\u00edchytky jsou ur\u010den\u00e9 pro p\u0159ipevn\u011bn\u00ed ocelov\u00fdch trubek \u010cSN na podlo\u017eku. P\u0159\u00edchytky jsou dod\u00e1vany tak\u00e9 pro syst\u00e9my se zachov\u00e1n\u00edm funk\u010dnosti p\u0159i po\u017e\u00e1ru (viz katalog Syst\u00e9my se zachov\u00e1n\u00edm funk\u010dnosti p\u0159i po\u017e\u00e1ru). V\u00fdrobce Kopos Kol\u00edn<\/p>\n","protected":false},"featured_media":3873,"comment_status":"open","ping_status":"open","template":"","meta":[],"product_brand":[],"product_cat":[39],"product_tag":[],"class_list":{"0":"post-3773","1":"product","2":"type-product","3":"status-publish","4":"has-post-thumbnail","6":"product_cat-elektromateri-225-l","8":"first","9":"instock","10":"sale","11":"shipping-taxable","12":"purchasable","13":"product-type-simple"},"yoast_head":"<!-- This site is optimized with the Yoast SEO plugin v26.8 - https:\/\/yoast.com\/product\/yoast-seo-wordpress\/ -->\n<title>Kopos p\u0159\u00edchytka 5220 ZN pozinkovan\u00e1 OMEGA Bezpe\u010dn\u00e1 Platba -<\/title>\n<meta name=\"robots\" content=\"index, follow, max-snippet:-1, max-image-preview:large, max-video-preview:-1\" \/>\n<link rel=\"canonical\" href=\"https:\/\/www.domtechnikpro.com\/index.php\/produkt\/kopos-prichytka-5220-zn-pozinkovana-omega-bezpecna-platba-3773\/\" \/>\n<meta property=\"og:locale\" content=\"cs_CZ\" \/>\n<meta property=\"og:type\" content=\"article\" \/>\n<meta property=\"og:title\" content=\"Kopos p\u0159\u00edchytka 5220 ZN pozinkovan\u00e1 OMEGA Bezpe\u010dn\u00e1 Platba -\" \/>\n<meta property=\"og:description\" content=\"Kopos p\u0159\u00edchytka 5220 ZN pozinkovan\u00e1 OMEGA P\u0159\u00edchytky jsou ur\u010den\u00e9 pro p\u0159ipevn\u011bn\u00ed ocelov\u00fdch trubek \u010cSN na podlo\u017eku. P\u0159\u00edchytky jsou dod\u00e1vany tak\u00e9 pro syst\u00e9my se zachov\u00e1n\u00edm funk\u010dnosti p\u0159i po\u017e\u00e1ru (viz katalog Syst\u00e9my se zachov\u00e1n\u00edm funk\u010dnosti p\u0159i po\u017e\u00e1ru). V\u00fdrobce Kopos Kol\u00edn\" \/>\n<meta property=\"og:url\" content=\"https:\/\/www.domtechnikpro.com\/index.php\/produkt\/kopos-prichytka-5220-zn-pozinkovana-omega-bezpecna-platba-3773\/\" \/>\n<meta property=\"og:image\" content=\"https:\/\/www.domtechnikpro.com\/wp-content\/uploads\/2026\/SK0001394-CZ20260425-091623-0-1777079785-kopos-prichytka-5220-zn-pozinkovana-omega.webp\" \/>\n\t<meta property=\"og:image:width\" content=\"1000\" \/>\n\t<meta property=\"og:image:height\" content=\"525\" \/>\n\t<meta property=\"og:image:type\" content=\"image\/webp\" \/>\n<meta name=\"twitter:card\" content=\"summary_large_image\" \/>\n<script type=\"application\/ld+json\" class=\"yoast-schema-graph\">{\"@context\":\"https:\/\/schema.org\",\"@graph\":[{\"@type\":\"WebPage\",\"@id\":\"https:\/\/www.domtechnikpro.com\/index.php\/produkt\/kopos-prichytka-5220-zn-pozinkovana-omega-bezpecna-platba-3773\/\",\"url\":\"https:\/\/www.domtechnikpro.com\/index.php\/produkt\/kopos-prichytka-5220-zn-pozinkovana-omega-bezpecna-platba-3773\/\",\"name\":\"Kopos p\u0159\u00edchytka 5220 ZN pozinkovan\u00e1 OMEGA Bezpe\u010dn\u00e1 Platba -\",\"isPartOf\":{\"@id\":\"https:\/\/www.domtechnikpro.com\/#website\"},\"primaryImageOfPage\":{\"@id\":\"https:\/\/www.domtechnikpro.com\/index.php\/produkt\/kopos-prichytka-5220-zn-pozinkovana-omega-bezpecna-platba-3773\/#primaryimage\"},\"image\":{\"@id\":\"https:\/\/www.domtechnikpro.com\/index.php\/produkt\/kopos-prichytka-5220-zn-pozinkovana-omega-bezpecna-platba-3773\/#primaryimage\"},\"thumbnailUrl\":\"https:\/\/www.domtechnikpro.com\/wp-content\/uploads\/2026\/SK0001394-CZ20260425-091623-0-1777079785-kopos-prichytka-5220-zn-pozinkovana-omega.webp\",\"datePublished\":\"2026-04-26T08:52:00+00:00\",\"breadcrumb\":{\"@id\":\"https:\/\/www.domtechnikpro.com\/index.php\/produkt\/kopos-prichytka-5220-zn-pozinkovana-omega-bezpecna-platba-3773\/#breadcrumb\"},\"inLanguage\":\"cs\",\"potentialAction\":[{\"@type\":\"ReadAction\",\"target\":[\"https:\/\/www.domtechnikpro.com\/index.php\/produkt\/kopos-prichytka-5220-zn-pozinkovana-omega-bezpecna-platba-3773\/\"]}]},{\"@type\":\"ImageObject\",\"inLanguage\":\"cs\",\"@id\":\"https:\/\/www.domtechnikpro.com\/index.php\/produkt\/kopos-prichytka-5220-zn-pozinkovana-omega-bezpecna-platba-3773\/#primaryimage\",\"url\":\"https:\/\/www.domtechnikpro.com\/wp-content\/uploads\/2026\/SK0001394-CZ20260425-091623-0-1777079785-kopos-prichytka-5220-zn-pozinkovana-omega.webp\",\"contentUrl\":\"https:\/\/www.domtechnikpro.com\/wp-content\/uploads\/2026\/SK0001394-CZ20260425-091623-0-1777079785-kopos-prichytka-5220-zn-pozinkovana-omega.webp\",\"width\":1000,\"height\":525},{\"@type\":\"BreadcrumbList\",\"@id\":\"https:\/\/www.domtechnikpro.com\/index.php\/produkt\/kopos-prichytka-5220-zn-pozinkovana-omega-bezpecna-platba-3773\/#breadcrumb\",\"itemListElement\":[{\"@type\":\"ListItem\",\"position\":1,\"name\":\"Home\",\"item\":\"https:\/\/www.domtechnikpro.com\/\"},{\"@type\":\"ListItem\",\"position\":2,\"name\":\"Products\",\"item\":\"https:\/\/www.domtechnikpro.com\/index.php\/products\/\"},{\"@type\":\"ListItem\",\"position\":3,\"name\":\"Kopos p\u0159\u00edchytka 5220 ZN pozinkovan\u00e1 OMEGA Bezpe\u010dn\u00e1 Platba\"}]},{\"@type\":\"WebSite\",\"@id\":\"https:\/\/www.domtechnikpro.com\/#website\",\"url\":\"https:\/\/www.domtechnikpro.com\/\",\"name\":\"\",\"description\":\"\",\"potentialAction\":[{\"@type\":\"SearchAction\",\"target\":{\"@type\":\"EntryPoint\",\"urlTemplate\":\"https:\/\/www.domtechnikpro.com\/?s={search_term_string}\"},\"query-input\":{\"@type\":\"PropertyValueSpecification\",\"valueRequired\":true,\"valueName\":\"search_term_string\"}}],\"inLanguage\":\"cs\"}]}<\/script>\n<!-- \/ Yoast SEO plugin. -->","yoast_head_json":{"title":"Kopos p\u0159\u00edchytka 5220 ZN pozinkovan\u00e1 OMEGA Bezpe\u010dn\u00e1 Platba -","robots":{"index":"index","follow":"follow","max-snippet":"max-snippet:-1","max-image-preview":"max-image-preview:large","max-video-preview":"max-video-preview:-1"},"canonical":"https:\/\/www.domtechnikpro.com\/index.php\/produkt\/kopos-prichytka-5220-zn-pozinkovana-omega-bezpecna-platba-3773\/","og_locale":"cs_CZ","og_type":"article","og_title":"Kopos p\u0159\u00edchytka 5220 ZN pozinkovan\u00e1 OMEGA Bezpe\u010dn\u00e1 Platba -","og_description":"Kopos p\u0159\u00edchytka 5220 ZN pozinkovan\u00e1 OMEGA P\u0159\u00edchytky jsou ur\u010den\u00e9 pro p\u0159ipevn\u011bn\u00ed ocelov\u00fdch trubek \u010cSN na podlo\u017eku. P\u0159\u00edchytky jsou dod\u00e1vany tak\u00e9 pro syst\u00e9my se zachov\u00e1n\u00edm funk\u010dnosti p\u0159i po\u017e\u00e1ru (viz katalog Syst\u00e9my se zachov\u00e1n\u00edm funk\u010dnosti p\u0159i po\u017e\u00e1ru). V\u00fdrobce Kopos Kol\u00edn","og_url":"https:\/\/www.domtechnikpro.com\/index.php\/produkt\/kopos-prichytka-5220-zn-pozinkovana-omega-bezpecna-platba-3773\/","og_image":[{"width":1000,"height":525,"url":"https:\/\/www.domtechnikpro.com\/wp-content\/uploads\/2026\/SK0001394-CZ20260425-091623-0-1777079785-kopos-prichytka-5220-zn-pozinkovana-omega.webp","type":"image\/webp"}],"twitter_card":"summary_large_image","schema":{"@context":"https:\/\/schema.org","@graph":[{"@type":"WebPage","@id":"https:\/\/www.domtechnikpro.com\/index.php\/produkt\/kopos-prichytka-5220-zn-pozinkovana-omega-bezpecna-platba-3773\/","url":"https:\/\/www.domtechnikpro.com\/index.php\/produkt\/kopos-prichytka-5220-zn-pozinkovana-omega-bezpecna-platba-3773\/","name":"Kopos p\u0159\u00edchytka 5220 ZN pozinkovan\u00e1 OMEGA Bezpe\u010dn\u00e1 Platba -","isPartOf":{"@id":"https:\/\/www.domtechnikpro.com\/#website"},"primaryImageOfPage":{"@id":"https:\/\/www.domtechnikpro.com\/index.php\/produkt\/kopos-prichytka-5220-zn-pozinkovana-omega-bezpecna-platba-3773\/#primaryimage"},"image":{"@id":"https:\/\/www.domtechnikpro.com\/index.php\/produkt\/kopos-prichytka-5220-zn-pozinkovana-omega-bezpecna-platba-3773\/#primaryimage"},"thumbnailUrl":"https:\/\/www.domtechnikpro.com\/wp-content\/uploads\/2026\/SK0001394-CZ20260425-091623-0-1777079785-kopos-prichytka-5220-zn-pozinkovana-omega.webp","datePublished":"2026-04-26T08:52:00+00:00","breadcrumb":{"@id":"https:\/\/www.domtechnikpro.com\/index.php\/produkt\/kopos-prichytka-5220-zn-pozinkovana-omega-bezpecna-platba-3773\/#breadcrumb"},"inLanguage":"cs","potentialAction":[{"@type":"ReadAction","target":["https:\/\/www.domtechnikpro.com\/index.php\/produkt\/kopos-prichytka-5220-zn-pozinkovana-omega-bezpecna-platba-3773\/"]}]},{"@type":"ImageObject","inLanguage":"cs","@id":"https:\/\/www.domtechnikpro.com\/index.php\/produkt\/kopos-prichytka-5220-zn-pozinkovana-omega-bezpecna-platba-3773\/#primaryimage","url":"https:\/\/www.domtechnikpro.com\/wp-content\/uploads\/2026\/SK0001394-CZ20260425-091623-0-1777079785-kopos-prichytka-5220-zn-pozinkovana-omega.webp","contentUrl":"https:\/\/www.domtechnikpro.com\/wp-content\/uploads\/2026\/SK0001394-CZ20260425-091623-0-1777079785-kopos-prichytka-5220-zn-pozinkovana-omega.webp","width":1000,"height":525},{"@type":"BreadcrumbList","@id":"https:\/\/www.domtechnikpro.com\/index.php\/produkt\/kopos-prichytka-5220-zn-pozinkovana-omega-bezpecna-platba-3773\/#breadcrumb","itemListElement":[{"@type":"ListItem","position":1,"name":"Home","item":"https:\/\/www.domtechnikpro.com\/"},{"@type":"ListItem","position":2,"name":"Products","item":"https:\/\/www.domtechnikpro.com\/index.php\/products\/"},{"@type":"ListItem","position":3,"name":"Kopos p\u0159\u00edchytka 5220 ZN pozinkovan\u00e1 OMEGA Bezpe\u010dn\u00e1 Platba"}]},{"@type":"WebSite","@id":"https:\/\/www.domtechnikpro.com\/#website","url":"https:\/\/www.domtechnikpro.com\/","name":"","description":"","potentialAction":[{"@type":"SearchAction","target":{"@type":"EntryPoint","urlTemplate":"https:\/\/www.domtechnikpro.com\/?s={search_term_string}"},"query-input":{"@type":"PropertyValueSpecification","valueRequired":true,"valueName":"search_term_string"}}],"inLanguage":"cs"}]}},"_links":{"self":[{"href":"https:\/\/www.domtechnikpro.com\/index.php\/wp-json\/wp\/v2\/product\/3773","targetHints":{"allow":["GET"]}}],"collection":[{"href":"https:\/\/www.domtechnikpro.com\/index.php\/wp-json\/wp\/v2\/product"}],"about":[{"href":"https:\/\/www.domtechnikpro.com\/index.php\/wp-json\/wp\/v2\/types\/product"}],"replies":[{"embeddable":true,"href":"https:\/\/www.domtechnikpro.com\/index.php\/wp-json\/wp\/v2\/comments?post=3773"}],"wp:featuredmedia":[{"embeddable":true,"href":"https:\/\/www.domtechnikpro.com\/index.php\/wp-json\/wp\/v2\/media\/3873"}],"wp:attachment":[{"href":"https:\/\/www.domtechnikpro.com\/index.php\/wp-json\/wp\/v2\/media?parent=3773"}],"wp:term":[{"taxonomy":"product_brand","embeddable":true,"href":"https:\/\/www.domtechnikpro.com\/index.php\/wp-json\/wp\/v2\/product_brand?post=3773"},{"taxonomy":"product_cat","embeddable":true,"href":"https:\/\/www.domtechnikpro.com\/index.php\/wp-json\/wp\/v2\/product_cat?post=3773"},{"taxonomy":"product_tag","embeddable":true,"href":"https:\/\/www.domtechnikpro.com\/index.php\/wp-json\/wp\/v2\/product_tag?post=3773"}],"curies":[{"name":"wp","href":"https:\/\/api.w.org\/{rel}","templated":true}]}}