{"id":37706,"date":"2026-04-26T08:58:15","date_gmt":"2026-04-26T08:58:15","guid":{"rendered":""},"modified":"2026-04-26T08:58:15","modified_gmt":"2026-04-26T08:58:15","slug":"vysoce-kvalitni-dynacoat-1k-plnic-ve-spreji-tmave-sedy-400-ml-37706","status":"publish","type":"product","link":"https:\/\/www.domtechnikpro.com\/produkt\/vysoce-kvalitni-dynacoat-1k-plnic-ve-spreji-tmave-sedy-400-ml-37706\/","title":{"rendered":"Vysoce Kvalitn\u00ed DYNACOAT 1K Plni\u010d ve spreji Tmav\u011b \u0160ed\u00fd 400 ml"},"content":{"rendered":"<div class=\"filters-tab-box__left\">\n<h2>Plni\u010d Dynacoat 1K \u0161ed\u00fd sprej<\/h2>\n<p>Rychleschnouc\u00ed <b>\u0161ed\u00fd plni\u010d ve spreji<\/b>, kter\u00fd je vhodn\u00fd pro <b>rychl\u00e9 a mal\u00e9 opravy<\/b> p\u0159ed lakov\u00e1n\u00edm. Lze pou\u017e\u00edt tak\u00e9 na probrusy.<\/p>\n<h3>Kl\u00ed\u010dov\u00e9 vlastnosti<\/h3>\n<ul class=\"vlastnosti\">\n<li>Dynacoat<\/li>\n<li>Rychleschnouc\u00ed <b>\u0161ed\u00fd plni\u010d ve spreji<\/b><\/li>\n<li>Vhodn\u00fd pro <b>rychl\u00e9 a mal\u00e9 opravy<\/b> p\u0159ed lakov\u00e1n\u00edm<\/li>\n<li>Lze pou\u017e\u00edt tak\u00e9 na probrusy<\/li>\n<\/ul>\n<h3>Pou\u017eit\u00ed<\/h3>\n<ul class=\"pouziti\">\n<li>Povrch obruste na sucho P320 nebo na mokro P600, o\u010dist\u011bte a odmast\u011bte<\/li>\n<li>Barvu d\u016fkladn\u011b prot\u0159epejte<\/li>\n<li>Nan\u00e1\u0161ejte <b>2-3 vrstvy po 5 &#8211; 10 min.<\/b><\/li>\n<li>Z\u00e1klad je p\u0159elakovateln\u00fd po 30 min.<\/li>\n<li>Aplika\u010dn\u00ed teplota 15 &#8211; 25 \u00b0C<\/li>\n<\/ul>\n<h3>Doporu\u010den\u00e9 podklady<\/h3>\n<ul class=\"podklady\">\n<li>Ocel<\/li>\n<li>St\u00e1vaj\u00edc\u00ed podklady<\/li>\n<li>V\u0161echny z\u00e1klady Dynacoat<\/li>\n<\/ul><\/div>\n<div class=\"filters-tab-box__right\">\n<h2>Parametry<\/h2>\n<table>\n<tbody>\n<tr>\n<td>Barva (n&#225;zev)                                            :                                        <\/td>\n<td>                                            tmav\u011b \u0161ed&#225;                                        <\/td>\n<\/tr>\n<tr>\n<td>V&#253;robce                                            :                                        <\/td>\n<td>                                            Dynacoat                                        <\/td>\n<\/tr>\n<tr>\n<td>Balen&#237;                                            :                                        <\/td>\n<td>                                            tmav\u011b \u0161ed&#253;                                        <\/td>\n<\/tr>\n<tr>\n<td>Objem                                            :                                        <\/td>\n<td>400 ml                                        <\/td>\n<\/tr>\n<\/tbody>\n<\/table><\/div>\n<\/p><\/div>\n","protected":false},"excerpt":{"rendered":"<p>Plni\u010d Dynacoat 1K \u0161ed\u00fd sprej Rychleschnouc\u00ed \u0161ed\u00fd plni\u010d ve spreji, kter\u00fd je vhodn\u00fd pro rychl\u00e9 a mal\u00e9 opravy p\u0159ed lakov\u00e1n\u00edm. Lze pou\u017e\u00edt tak\u00e9 na probrusy. Kl\u00ed\u010dov\u00e9 vlastnosti Dynacoat Rychleschnouc\u00ed \u0161ed\u00fd plni\u010d ve spreji Vhodn\u00fd pro rychl\u00e9 a mal\u00e9 opravy p\u0159ed lakov\u00e1n\u00edm Lze pou\u017e\u00edt tak\u00e9 na probrusy Pou\u017eit\u00ed Povrch obruste na sucho P320 nebo na mokro [&hellip;]<\/p>\n","protected":false},"featured_media":37806,"comment_status":"open","ping_status":"open","template":"","meta":[],"product_brand":[],"product_cat":[132],"product_tag":[],"class_list":{"0":"post-37706","1":"product","2":"type-product","3":"status-publish","4":"has-post-thumbnail","6":"product_cat-autolaky","8":"first","9":"instock","10":"sale","11":"shipping-taxable","12":"purchasable","13":"product-type-simple"},"yoast_head":"<!-- This site is optimized with the Yoast SEO plugin v26.8 - https:\/\/yoast.com\/product\/yoast-seo-wordpress\/ -->\n<title>Vysoce Kvalitn\u00ed DYNACOAT 1K Plni\u010d ve spreji Tmav\u011b \u0160ed\u00fd 400 ml - Pr\u016fmyslov\u00e9 vybaven\u00ed a p\u0159\u00edslu\u0161enstv\u00ed<\/title>\n<meta name=\"robots\" content=\"index, follow, max-snippet:-1, max-image-preview:large, max-video-preview:-1\" \/>\n<link rel=\"canonical\" href=\"https:\/\/www.domtechnikpro.com\/index.php\/produkt\/vysoce-kvalitni-dynacoat-1k-plnic-ve-spreji-tmave-sedy-400-ml-37706\/\" \/>\n<meta property=\"og:locale\" content=\"cs_CZ\" \/>\n<meta property=\"og:type\" content=\"article\" \/>\n<meta property=\"og:title\" content=\"Vysoce Kvalitn\u00ed DYNACOAT 1K Plni\u010d ve spreji Tmav\u011b \u0160ed\u00fd 400 ml - Pr\u016fmyslov\u00e9 vybaven\u00ed a p\u0159\u00edslu\u0161enstv\u00ed\" \/>\n<meta property=\"og:description\" content=\"Plni\u010d Dynacoat 1K \u0161ed\u00fd sprej Rychleschnouc\u00ed \u0161ed\u00fd plni\u010d ve spreji, kter\u00fd je vhodn\u00fd pro rychl\u00e9 a mal\u00e9 opravy p\u0159ed lakov\u00e1n\u00edm. Lze pou\u017e\u00edt tak\u00e9 na probrusy. Kl\u00ed\u010dov\u00e9 vlastnosti Dynacoat Rychleschnouc\u00ed \u0161ed\u00fd plni\u010d ve spreji Vhodn\u00fd pro rychl\u00e9 a mal\u00e9 opravy p\u0159ed lakov\u00e1n\u00edm Lze pou\u017e\u00edt tak\u00e9 na probrusy Pou\u017eit\u00ed Povrch obruste na sucho P320 nebo na mokro [&hellip;]\" \/>\n<meta property=\"og:url\" content=\"https:\/\/www.domtechnikpro.com\/index.php\/produkt\/vysoce-kvalitni-dynacoat-1k-plnic-ve-spreji-tmave-sedy-400-ml-37706\/\" \/>\n<meta property=\"og:site_name\" content=\"Pr\u016fmyslov\u00e9 vybaven\u00ed a p\u0159\u00edslu\u0161enstv\u00ed\" \/>\n<meta property=\"og:image\" content=\"https:\/\/www.domtechnikpro.com\/wp-content\/uploads\/2026\/SK0001638-CZ20260425-092455-0-1777080297-image_of_object.webp\" \/>\n\t<meta property=\"og:image:width\" content=\"400\" \/>\n\t<meta property=\"og:image:height\" content=\"300\" \/>\n\t<meta property=\"og:image:type\" content=\"image\/webp\" \/>\n<meta name=\"twitter:card\" content=\"summary_large_image\" \/>\n<meta name=\"twitter:label1\" content=\"Odhadovan\u00e1 doba \u010dten\u00ed\" \/>\n\t<meta name=\"twitter:data1\" content=\"1 minuta\" \/>\n<script type=\"application\/ld+json\" class=\"yoast-schema-graph\">{\"@context\":\"https:\/\/schema.org\",\"@graph\":[{\"@type\":\"WebPage\",\"@id\":\"https:\/\/www.domtechnikpro.com\/index.php\/produkt\/vysoce-kvalitni-dynacoat-1k-plnic-ve-spreji-tmave-sedy-400-ml-37706\/\",\"url\":\"https:\/\/www.domtechnikpro.com\/index.php\/produkt\/vysoce-kvalitni-dynacoat-1k-plnic-ve-spreji-tmave-sedy-400-ml-37706\/\",\"name\":\"Vysoce Kvalitn\u00ed DYNACOAT 1K Plni\u010d ve spreji Tmav\u011b \u0160ed\u00fd 400 ml - Pr\u016fmyslov\u00e9 vybaven\u00ed a p\u0159\u00edslu\u0161enstv\u00ed\",\"isPartOf\":{\"@id\":\"https:\/\/www.domtechnikpro.com\/#website\"},\"primaryImageOfPage\":{\"@id\":\"https:\/\/www.domtechnikpro.com\/index.php\/produkt\/vysoce-kvalitni-dynacoat-1k-plnic-ve-spreji-tmave-sedy-400-ml-37706\/#primaryimage\"},\"image\":{\"@id\":\"https:\/\/www.domtechnikpro.com\/index.php\/produkt\/vysoce-kvalitni-dynacoat-1k-plnic-ve-spreji-tmave-sedy-400-ml-37706\/#primaryimage\"},\"thumbnailUrl\":\"https:\/\/www.domtechnikpro.com\/wp-content\/uploads\/2026\/SK0001638-CZ20260425-092455-0-1777080297-image_of_object.webp\",\"datePublished\":\"2026-04-26T08:58:15+00:00\",\"breadcrumb\":{\"@id\":\"https:\/\/www.domtechnikpro.com\/index.php\/produkt\/vysoce-kvalitni-dynacoat-1k-plnic-ve-spreji-tmave-sedy-400-ml-37706\/#breadcrumb\"},\"inLanguage\":\"cs\",\"potentialAction\":[{\"@type\":\"ReadAction\",\"target\":[\"https:\/\/www.domtechnikpro.com\/index.php\/produkt\/vysoce-kvalitni-dynacoat-1k-plnic-ve-spreji-tmave-sedy-400-ml-37706\/\"]}]},{\"@type\":\"ImageObject\",\"inLanguage\":\"cs\",\"@id\":\"https:\/\/www.domtechnikpro.com\/index.php\/produkt\/vysoce-kvalitni-dynacoat-1k-plnic-ve-spreji-tmave-sedy-400-ml-37706\/#primaryimage\",\"url\":\"https:\/\/www.domtechnikpro.com\/wp-content\/uploads\/2026\/SK0001638-CZ20260425-092455-0-1777080297-image_of_object.webp\",\"contentUrl\":\"https:\/\/www.domtechnikpro.com\/wp-content\/uploads\/2026\/SK0001638-CZ20260425-092455-0-1777080297-image_of_object.webp\",\"width\":400,\"height\":300},{\"@type\":\"BreadcrumbList\",\"@id\":\"https:\/\/www.domtechnikpro.com\/index.php\/produkt\/vysoce-kvalitni-dynacoat-1k-plnic-ve-spreji-tmave-sedy-400-ml-37706\/#breadcrumb\",\"itemListElement\":[{\"@type\":\"ListItem\",\"position\":1,\"name\":\"Home\",\"item\":\"https:\/\/www.domtechnikpro.com\/\"},{\"@type\":\"ListItem\",\"position\":2,\"name\":\"Products\",\"item\":\"https:\/\/www.domtechnikpro.com\/products\/\"},{\"@type\":\"ListItem\",\"position\":3,\"name\":\"Vysoce Kvalitn\u00ed DYNACOAT 1K Plni\u010d ve spreji Tmav\u011b \u0160ed\u00fd 400 ml\"}]},{\"@type\":\"WebSite\",\"@id\":\"https:\/\/www.domtechnikpro.com\/#website\",\"url\":\"https:\/\/www.domtechnikpro.com\/\",\"name\":\"Pr\u016fmyslov\u00e9 vybaven\u00ed a p\u0159\u00edslu\u0161enstv\u00ed\",\"description\":\"Pr\u016fmyslov\u00e9 vybaven\u00ed a p\u0159\u00edslu\u0161enstv\u00ed\",\"publisher\":{\"@id\":\"https:\/\/www.domtechnikpro.com\/#organization\"},\"potentialAction\":[{\"@type\":\"SearchAction\",\"target\":{\"@type\":\"EntryPoint\",\"urlTemplate\":\"https:\/\/www.domtechnikpro.com\/?s={search_term_string}\"},\"query-input\":{\"@type\":\"PropertyValueSpecification\",\"valueRequired\":true,\"valueName\":\"search_term_string\"}}],\"inLanguage\":\"cs\"},{\"@type\":\"Organization\",\"@id\":\"https:\/\/www.domtechnikpro.com\/#organization\",\"name\":\"Pr\u016fmyslov\u00e9 vybaven\u00ed a p\u0159\u00edslu\u0161enstv\u00ed\",\"url\":\"https:\/\/www.domtechnikpro.com\/\",\"logo\":{\"@type\":\"ImageObject\",\"inLanguage\":\"cs\",\"@id\":\"https:\/\/www.domtechnikpro.com\/#\/schema\/logo\/image\/\",\"url\":\"https:\/\/www.domtechnikpro.com\/wp-content\/uploads\/2026\/04\/domtechnikpro_logo_full.svg\",\"contentUrl\":\"https:\/\/www.domtechnikpro.com\/wp-content\/uploads\/2026\/04\/domtechnikpro_logo_full.svg\",\"width\":920,\"height\":180,\"caption\":\"Pr\u016fmyslov\u00e9 vybaven\u00ed a p\u0159\u00edslu\u0161enstv\u00ed\"},\"image\":{\"@id\":\"https:\/\/www.domtechnikpro.com\/#\/schema\/logo\/image\/\"}}]}<\/script>\n<!-- \/ Yoast SEO plugin. -->","yoast_head_json":{"title":"Vysoce Kvalitn\u00ed DYNACOAT 1K Plni\u010d ve spreji Tmav\u011b \u0160ed\u00fd 400 ml - Pr\u016fmyslov\u00e9 vybaven\u00ed a p\u0159\u00edslu\u0161enstv\u00ed","robots":{"index":"index","follow":"follow","max-snippet":"max-snippet:-1","max-image-preview":"max-image-preview:large","max-video-preview":"max-video-preview:-1"},"canonical":"https:\/\/www.domtechnikpro.com\/index.php\/produkt\/vysoce-kvalitni-dynacoat-1k-plnic-ve-spreji-tmave-sedy-400-ml-37706\/","og_locale":"cs_CZ","og_type":"article","og_title":"Vysoce Kvalitn\u00ed DYNACOAT 1K Plni\u010d ve spreji Tmav\u011b \u0160ed\u00fd 400 ml - Pr\u016fmyslov\u00e9 vybaven\u00ed a p\u0159\u00edslu\u0161enstv\u00ed","og_description":"Plni\u010d Dynacoat 1K \u0161ed\u00fd sprej Rychleschnouc\u00ed \u0161ed\u00fd plni\u010d ve spreji, kter\u00fd je vhodn\u00fd pro rychl\u00e9 a mal\u00e9 opravy p\u0159ed lakov\u00e1n\u00edm. Lze pou\u017e\u00edt tak\u00e9 na probrusy. Kl\u00ed\u010dov\u00e9 vlastnosti Dynacoat Rychleschnouc\u00ed \u0161ed\u00fd plni\u010d ve spreji Vhodn\u00fd pro rychl\u00e9 a mal\u00e9 opravy p\u0159ed lakov\u00e1n\u00edm Lze pou\u017e\u00edt tak\u00e9 na probrusy Pou\u017eit\u00ed Povrch obruste na sucho P320 nebo na mokro [&hellip;]","og_url":"https:\/\/www.domtechnikpro.com\/index.php\/produkt\/vysoce-kvalitni-dynacoat-1k-plnic-ve-spreji-tmave-sedy-400-ml-37706\/","og_site_name":"Pr\u016fmyslov\u00e9 vybaven\u00ed a p\u0159\u00edslu\u0161enstv\u00ed","og_image":[{"width":400,"height":300,"url":"https:\/\/www.domtechnikpro.com\/wp-content\/uploads\/2026\/SK0001638-CZ20260425-092455-0-1777080297-image_of_object.webp","type":"image\/webp"}],"twitter_card":"summary_large_image","twitter_misc":{"Odhadovan\u00e1 doba \u010dten\u00ed":"1 minuta"},"schema":{"@context":"https:\/\/schema.org","@graph":[{"@type":"WebPage","@id":"https:\/\/www.domtechnikpro.com\/index.php\/produkt\/vysoce-kvalitni-dynacoat-1k-plnic-ve-spreji-tmave-sedy-400-ml-37706\/","url":"https:\/\/www.domtechnikpro.com\/index.php\/produkt\/vysoce-kvalitni-dynacoat-1k-plnic-ve-spreji-tmave-sedy-400-ml-37706\/","name":"Vysoce Kvalitn\u00ed DYNACOAT 1K Plni\u010d ve spreji Tmav\u011b \u0160ed\u00fd 400 ml - Pr\u016fmyslov\u00e9 vybaven\u00ed a p\u0159\u00edslu\u0161enstv\u00ed","isPartOf":{"@id":"https:\/\/www.domtechnikpro.com\/#website"},"primaryImageOfPage":{"@id":"https:\/\/www.domtechnikpro.com\/index.php\/produkt\/vysoce-kvalitni-dynacoat-1k-plnic-ve-spreji-tmave-sedy-400-ml-37706\/#primaryimage"},"image":{"@id":"https:\/\/www.domtechnikpro.com\/index.php\/produkt\/vysoce-kvalitni-dynacoat-1k-plnic-ve-spreji-tmave-sedy-400-ml-37706\/#primaryimage"},"thumbnailUrl":"https:\/\/www.domtechnikpro.com\/wp-content\/uploads\/2026\/SK0001638-CZ20260425-092455-0-1777080297-image_of_object.webp","datePublished":"2026-04-26T08:58:15+00:00","breadcrumb":{"@id":"https:\/\/www.domtechnikpro.com\/index.php\/produkt\/vysoce-kvalitni-dynacoat-1k-plnic-ve-spreji-tmave-sedy-400-ml-37706\/#breadcrumb"},"inLanguage":"cs","potentialAction":[{"@type":"ReadAction","target":["https:\/\/www.domtechnikpro.com\/index.php\/produkt\/vysoce-kvalitni-dynacoat-1k-plnic-ve-spreji-tmave-sedy-400-ml-37706\/"]}]},{"@type":"ImageObject","inLanguage":"cs","@id":"https:\/\/www.domtechnikpro.com\/index.php\/produkt\/vysoce-kvalitni-dynacoat-1k-plnic-ve-spreji-tmave-sedy-400-ml-37706\/#primaryimage","url":"https:\/\/www.domtechnikpro.com\/wp-content\/uploads\/2026\/SK0001638-CZ20260425-092455-0-1777080297-image_of_object.webp","contentUrl":"https:\/\/www.domtechnikpro.com\/wp-content\/uploads\/2026\/SK0001638-CZ20260425-092455-0-1777080297-image_of_object.webp","width":400,"height":300},{"@type":"BreadcrumbList","@id":"https:\/\/www.domtechnikpro.com\/index.php\/produkt\/vysoce-kvalitni-dynacoat-1k-plnic-ve-spreji-tmave-sedy-400-ml-37706\/#breadcrumb","itemListElement":[{"@type":"ListItem","position":1,"name":"Home","item":"https:\/\/www.domtechnikpro.com\/"},{"@type":"ListItem","position":2,"name":"Products","item":"https:\/\/www.domtechnikpro.com\/products\/"},{"@type":"ListItem","position":3,"name":"Vysoce Kvalitn\u00ed DYNACOAT 1K Plni\u010d ve spreji Tmav\u011b \u0160ed\u00fd 400 ml"}]},{"@type":"WebSite","@id":"https:\/\/www.domtechnikpro.com\/#website","url":"https:\/\/www.domtechnikpro.com\/","name":"Pr\u016fmyslov\u00e9 vybaven\u00ed a p\u0159\u00edslu\u0161enstv\u00ed","description":"Pr\u016fmyslov\u00e9 vybaven\u00ed a p\u0159\u00edslu\u0161enstv\u00ed","publisher":{"@id":"https:\/\/www.domtechnikpro.com\/#organization"},"potentialAction":[{"@type":"SearchAction","target":{"@type":"EntryPoint","urlTemplate":"https:\/\/www.domtechnikpro.com\/?s={search_term_string}"},"query-input":{"@type":"PropertyValueSpecification","valueRequired":true,"valueName":"search_term_string"}}],"inLanguage":"cs"},{"@type":"Organization","@id":"https:\/\/www.domtechnikpro.com\/#organization","name":"Pr\u016fmyslov\u00e9 vybaven\u00ed a p\u0159\u00edslu\u0161enstv\u00ed","url":"https:\/\/www.domtechnikpro.com\/","logo":{"@type":"ImageObject","inLanguage":"cs","@id":"https:\/\/www.domtechnikpro.com\/#\/schema\/logo\/image\/","url":"https:\/\/www.domtechnikpro.com\/wp-content\/uploads\/2026\/04\/domtechnikpro_logo_full.svg","contentUrl":"https:\/\/www.domtechnikpro.com\/wp-content\/uploads\/2026\/04\/domtechnikpro_logo_full.svg","width":920,"height":180,"caption":"Pr\u016fmyslov\u00e9 vybaven\u00ed a p\u0159\u00edslu\u0161enstv\u00ed"},"image":{"@id":"https:\/\/www.domtechnikpro.com\/#\/schema\/logo\/image\/"}}]}},"_links":{"self":[{"href":"https:\/\/www.domtechnikpro.com\/wp-json\/wp\/v2\/product\/37706","targetHints":{"allow":["GET"]}}],"collection":[{"href":"https:\/\/www.domtechnikpro.com\/wp-json\/wp\/v2\/product"}],"about":[{"href":"https:\/\/www.domtechnikpro.com\/wp-json\/wp\/v2\/types\/product"}],"replies":[{"embeddable":true,"href":"https:\/\/www.domtechnikpro.com\/wp-json\/wp\/v2\/comments?post=37706"}],"wp:featuredmedia":[{"embeddable":true,"href":"https:\/\/www.domtechnikpro.com\/wp-json\/wp\/v2\/media\/37806"}],"wp:attachment":[{"href":"https:\/\/www.domtechnikpro.com\/wp-json\/wp\/v2\/media?parent=37706"}],"wp:term":[{"taxonomy":"product_brand","embeddable":true,"href":"https:\/\/www.domtechnikpro.com\/wp-json\/wp\/v2\/product_brand?post=37706"},{"taxonomy":"product_cat","embeddable":true,"href":"https:\/\/www.domtechnikpro.com\/wp-json\/wp\/v2\/product_cat?post=37706"},{"taxonomy":"product_tag","embeddable":true,"href":"https:\/\/www.domtechnikpro.com\/wp-json\/wp\/v2\/product_tag?post=37706"}],"curies":[{"name":"wp","href":"https:\/\/api.w.org\/{rel}","templated":true}]}}