{"id":37703,"date":"2026-04-26T08:58:15","date_gmt":"2026-04-26T08:58:15","guid":{"rendered":""},"modified":"2026-04-26T08:58:15","modified_gmt":"2026-04-26T08:58:15","slug":"aktualni-dwt-lesticka-op13-180-tv-37703","status":"publish","type":"product","link":"https:\/\/www.domtechnikpro.com\/produkt\/aktualni-dwt-lesticka-op13-180-tv-37703\/","title":{"rendered":"Aktu\u00e1ln\u00ed DWT Le\u0161ti\u010dka OP13-180 TV"},"content":{"rendered":"<div class=\"filters-tab-box__left\">\n<h2>Le\u0161ti\u010dka OP 13-180 TV<\/h2>\n<p>Le\u0161ti\u010dka se siln\u00fdm motorem 1300 W a vysok\u00fdm to\u010div\u00fdm momentem pro fin\u00e1ln\u00ed le\u0161t\u011bn\u00ed r\u016fzn\u00fdch povrch\u016f. Nab\u00edz\u00ed elektronickou <b>regulaci rychlosti, sp\u00edna\u010d pro nep\u0159etr\u017eitou pr\u00e1ci <\/b>a  aretaci h\u0159\u00eddele pro rychlou a snadnou v\u00fdm\u011bnu kotou\u010de. Nab\u00edz\u00edme tak\u00e9<b> p\u0159\u00eddavnou rukoje\u0165<\/b> ve tvaru D pro pr\u00e1ci ob\u011bma rukama.<\/p>\n<h3>Kl\u00ed\u010dov\u00e9 vlastnosti<\/h3>\n<ul class=\"vlastnosti\">\n<li>Siln\u00fd motor<\/li>\n<li>Elektronick\u00e1<b> regulace rychlosti<\/b><\/li>\n<li><b>Sp\u00edna\u010d pro nep\u0159etr\u017eitou pr\u00e1ci<\/b><\/li>\n<li>Aretace h\u0159\u00eddele pro rychlou a snadnou v\u00fdm\u011bnu kotou\u010de<\/li>\n<li><b>P\u0159\u00eddavn\u00e1 rukoje\u0165<\/b> pro pr\u00e1ci ob\u011bma rukama<\/li>\n<\/ul><\/div>\n<div class=\"filters-tab-box__right\">\n<h2>Parametry<\/h2>\n<table>\n<tbody>\n<tr>\n<td>Rozm\u011bry                                            :                                        <\/td>\n<td>                                            150 mm                                        <\/td>\n<\/tr>\n<tr>\n<td>P\u0159&#237;kon                                            :                                        <\/td>\n<td>                                            1300W                                        <\/td>\n<\/tr>\n<tr>\n<td>Ot&#225;\u010dky                                            :                                        <\/td>\n<td>                                            1000-3000\/min.                                        <\/td>\n<\/tr>\n<tr>\n<td>Pr\u016fm\u011br                                        <\/td>\n<td>                                            150mm                                        <\/td>\n<\/tr>\n<\/tbody>\n<\/table><\/div>\n<\/p><\/div>\n","protected":false},"excerpt":{"rendered":"<p>Le\u0161ti\u010dka OP 13-180 TV Le\u0161ti\u010dka se siln\u00fdm motorem 1300 W a vysok\u00fdm to\u010div\u00fdm momentem pro fin\u00e1ln\u00ed le\u0161t\u011bn\u00ed r\u016fzn\u00fdch povrch\u016f. Nab\u00edz\u00ed elektronickou regulaci rychlosti, sp\u00edna\u010d pro nep\u0159etr\u017eitou pr\u00e1ci a aretaci h\u0159\u00eddele pro rychlou a snadnou v\u00fdm\u011bnu kotou\u010de. Nab\u00edz\u00edme tak\u00e9 p\u0159\u00eddavnou rukoje\u0165 ve tvaru D pro pr\u00e1ci ob\u011bma rukama. Kl\u00ed\u010dov\u00e9 vlastnosti Siln\u00fd motor Elektronick\u00e1 regulace rychlosti Sp\u00edna\u010d [&hellip;]<\/p>\n","protected":false},"featured_media":37803,"comment_status":"open","ping_status":"open","template":"","meta":[],"product_brand":[],"product_cat":[132],"product_tag":[],"class_list":{"0":"post-37703","1":"product","2":"type-product","3":"status-publish","4":"has-post-thumbnail","6":"product_cat-autolaky","8":"first","9":"instock","10":"sale","11":"shipping-taxable","12":"purchasable","13":"product-type-simple"},"yoast_head":"<!-- This site is optimized with the Yoast SEO plugin v26.8 - https:\/\/yoast.com\/product\/yoast-seo-wordpress\/ -->\n<title>Aktu\u00e1ln\u00ed DWT Le\u0161ti\u010dka OP13-180 TV - Pr\u016fmyslov\u00e9 vybaven\u00ed a p\u0159\u00edslu\u0161enstv\u00ed<\/title>\n<meta name=\"robots\" content=\"index, follow, max-snippet:-1, max-image-preview:large, max-video-preview:-1\" \/>\n<link rel=\"canonical\" href=\"https:\/\/www.domtechnikpro.com\/index.php\/produkt\/aktualni-dwt-lesticka-op13-180-tv-37703\/\" \/>\n<meta property=\"og:locale\" content=\"cs_CZ\" \/>\n<meta property=\"og:type\" content=\"article\" \/>\n<meta property=\"og:title\" content=\"Aktu\u00e1ln\u00ed DWT Le\u0161ti\u010dka OP13-180 TV - Pr\u016fmyslov\u00e9 vybaven\u00ed a p\u0159\u00edslu\u0161enstv\u00ed\" \/>\n<meta property=\"og:description\" content=\"Le\u0161ti\u010dka OP 13-180 TV Le\u0161ti\u010dka se siln\u00fdm motorem 1300 W a vysok\u00fdm to\u010div\u00fdm momentem pro fin\u00e1ln\u00ed le\u0161t\u011bn\u00ed r\u016fzn\u00fdch povrch\u016f. Nab\u00edz\u00ed elektronickou regulaci rychlosti, sp\u00edna\u010d pro nep\u0159etr\u017eitou pr\u00e1ci a aretaci h\u0159\u00eddele pro rychlou a snadnou v\u00fdm\u011bnu kotou\u010de. Nab\u00edz\u00edme tak\u00e9 p\u0159\u00eddavnou rukoje\u0165 ve tvaru D pro pr\u00e1ci ob\u011bma rukama. Kl\u00ed\u010dov\u00e9 vlastnosti Siln\u00fd motor Elektronick\u00e1 regulace rychlosti Sp\u00edna\u010d [&hellip;]\" \/>\n<meta property=\"og:url\" content=\"https:\/\/www.domtechnikpro.com\/index.php\/produkt\/aktualni-dwt-lesticka-op13-180-tv-37703\/\" \/>\n<meta property=\"og:site_name\" content=\"Pr\u016fmyslov\u00e9 vybaven\u00ed a p\u0159\u00edslu\u0161enstv\u00ed\" \/>\n<meta property=\"og:image\" content=\"https:\/\/www.domtechnikpro.com\/wp-content\/uploads\/2026\/SK0001635-CZ20260425-092455-0-1777080297-image_of_object.webp\" \/>\n\t<meta property=\"og:image:width\" content=\"400\" \/>\n\t<meta property=\"og:image:height\" content=\"300\" \/>\n\t<meta property=\"og:image:type\" content=\"image\/webp\" \/>\n<meta name=\"twitter:card\" content=\"summary_large_image\" \/>\n<meta name=\"twitter:label1\" content=\"Odhadovan\u00e1 doba \u010dten\u00ed\" \/>\n\t<meta name=\"twitter:data1\" content=\"1 minuta\" \/>\n<script type=\"application\/ld+json\" class=\"yoast-schema-graph\">{\"@context\":\"https:\/\/schema.org\",\"@graph\":[{\"@type\":\"WebPage\",\"@id\":\"https:\/\/www.domtechnikpro.com\/index.php\/produkt\/aktualni-dwt-lesticka-op13-180-tv-37703\/\",\"url\":\"https:\/\/www.domtechnikpro.com\/index.php\/produkt\/aktualni-dwt-lesticka-op13-180-tv-37703\/\",\"name\":\"Aktu\u00e1ln\u00ed DWT Le\u0161ti\u010dka OP13-180 TV - Pr\u016fmyslov\u00e9 vybaven\u00ed a p\u0159\u00edslu\u0161enstv\u00ed\",\"isPartOf\":{\"@id\":\"https:\/\/www.domtechnikpro.com\/#website\"},\"primaryImageOfPage\":{\"@id\":\"https:\/\/www.domtechnikpro.com\/index.php\/produkt\/aktualni-dwt-lesticka-op13-180-tv-37703\/#primaryimage\"},\"image\":{\"@id\":\"https:\/\/www.domtechnikpro.com\/index.php\/produkt\/aktualni-dwt-lesticka-op13-180-tv-37703\/#primaryimage\"},\"thumbnailUrl\":\"https:\/\/www.domtechnikpro.com\/wp-content\/uploads\/2026\/SK0001635-CZ20260425-092455-0-1777080297-image_of_object.webp\",\"datePublished\":\"2026-04-26T08:58:15+00:00\",\"breadcrumb\":{\"@id\":\"https:\/\/www.domtechnikpro.com\/index.php\/produkt\/aktualni-dwt-lesticka-op13-180-tv-37703\/#breadcrumb\"},\"inLanguage\":\"cs\",\"potentialAction\":[{\"@type\":\"ReadAction\",\"target\":[\"https:\/\/www.domtechnikpro.com\/index.php\/produkt\/aktualni-dwt-lesticka-op13-180-tv-37703\/\"]}]},{\"@type\":\"ImageObject\",\"inLanguage\":\"cs\",\"@id\":\"https:\/\/www.domtechnikpro.com\/index.php\/produkt\/aktualni-dwt-lesticka-op13-180-tv-37703\/#primaryimage\",\"url\":\"https:\/\/www.domtechnikpro.com\/wp-content\/uploads\/2026\/SK0001635-CZ20260425-092455-0-1777080297-image_of_object.webp\",\"contentUrl\":\"https:\/\/www.domtechnikpro.com\/wp-content\/uploads\/2026\/SK0001635-CZ20260425-092455-0-1777080297-image_of_object.webp\",\"width\":400,\"height\":300},{\"@type\":\"BreadcrumbList\",\"@id\":\"https:\/\/www.domtechnikpro.com\/index.php\/produkt\/aktualni-dwt-lesticka-op13-180-tv-37703\/#breadcrumb\",\"itemListElement\":[{\"@type\":\"ListItem\",\"position\":1,\"name\":\"Home\",\"item\":\"https:\/\/www.domtechnikpro.com\/\"},{\"@type\":\"ListItem\",\"position\":2,\"name\":\"Products\",\"item\":\"https:\/\/www.domtechnikpro.com\/products\/\"},{\"@type\":\"ListItem\",\"position\":3,\"name\":\"Aktu\u00e1ln\u00ed DWT Le\u0161ti\u010dka OP13-180 TV\"}]},{\"@type\":\"WebSite\",\"@id\":\"https:\/\/www.domtechnikpro.com\/#website\",\"url\":\"https:\/\/www.domtechnikpro.com\/\",\"name\":\"Pr\u016fmyslov\u00e9 vybaven\u00ed a p\u0159\u00edslu\u0161enstv\u00ed\",\"description\":\"Pr\u016fmyslov\u00e9 vybaven\u00ed a p\u0159\u00edslu\u0161enstv\u00ed\",\"publisher\":{\"@id\":\"https:\/\/www.domtechnikpro.com\/#organization\"},\"potentialAction\":[{\"@type\":\"SearchAction\",\"target\":{\"@type\":\"EntryPoint\",\"urlTemplate\":\"https:\/\/www.domtechnikpro.com\/?s={search_term_string}\"},\"query-input\":{\"@type\":\"PropertyValueSpecification\",\"valueRequired\":true,\"valueName\":\"search_term_string\"}}],\"inLanguage\":\"cs\"},{\"@type\":\"Organization\",\"@id\":\"https:\/\/www.domtechnikpro.com\/#organization\",\"name\":\"Pr\u016fmyslov\u00e9 vybaven\u00ed a p\u0159\u00edslu\u0161enstv\u00ed\",\"url\":\"https:\/\/www.domtechnikpro.com\/\",\"logo\":{\"@type\":\"ImageObject\",\"inLanguage\":\"cs\",\"@id\":\"https:\/\/www.domtechnikpro.com\/#\/schema\/logo\/image\/\",\"url\":\"https:\/\/www.domtechnikpro.com\/wp-content\/uploads\/2026\/04\/domtechnikpro_logo_full.svg\",\"contentUrl\":\"https:\/\/www.domtechnikpro.com\/wp-content\/uploads\/2026\/04\/domtechnikpro_logo_full.svg\",\"width\":920,\"height\":180,\"caption\":\"Pr\u016fmyslov\u00e9 vybaven\u00ed a p\u0159\u00edslu\u0161enstv\u00ed\"},\"image\":{\"@id\":\"https:\/\/www.domtechnikpro.com\/#\/schema\/logo\/image\/\"}}]}<\/script>\n<!-- \/ Yoast SEO plugin. -->","yoast_head_json":{"title":"Aktu\u00e1ln\u00ed DWT Le\u0161ti\u010dka OP13-180 TV - Pr\u016fmyslov\u00e9 vybaven\u00ed a p\u0159\u00edslu\u0161enstv\u00ed","robots":{"index":"index","follow":"follow","max-snippet":"max-snippet:-1","max-image-preview":"max-image-preview:large","max-video-preview":"max-video-preview:-1"},"canonical":"https:\/\/www.domtechnikpro.com\/index.php\/produkt\/aktualni-dwt-lesticka-op13-180-tv-37703\/","og_locale":"cs_CZ","og_type":"article","og_title":"Aktu\u00e1ln\u00ed DWT Le\u0161ti\u010dka OP13-180 TV - Pr\u016fmyslov\u00e9 vybaven\u00ed a p\u0159\u00edslu\u0161enstv\u00ed","og_description":"Le\u0161ti\u010dka OP 13-180 TV Le\u0161ti\u010dka se siln\u00fdm motorem 1300 W a vysok\u00fdm to\u010div\u00fdm momentem pro fin\u00e1ln\u00ed le\u0161t\u011bn\u00ed r\u016fzn\u00fdch povrch\u016f. Nab\u00edz\u00ed elektronickou regulaci rychlosti, sp\u00edna\u010d pro nep\u0159etr\u017eitou pr\u00e1ci a aretaci h\u0159\u00eddele pro rychlou a snadnou v\u00fdm\u011bnu kotou\u010de. Nab\u00edz\u00edme tak\u00e9 p\u0159\u00eddavnou rukoje\u0165 ve tvaru D pro pr\u00e1ci ob\u011bma rukama. Kl\u00ed\u010dov\u00e9 vlastnosti Siln\u00fd motor Elektronick\u00e1 regulace rychlosti Sp\u00edna\u010d [&hellip;]","og_url":"https:\/\/www.domtechnikpro.com\/index.php\/produkt\/aktualni-dwt-lesticka-op13-180-tv-37703\/","og_site_name":"Pr\u016fmyslov\u00e9 vybaven\u00ed a p\u0159\u00edslu\u0161enstv\u00ed","og_image":[{"width":400,"height":300,"url":"https:\/\/www.domtechnikpro.com\/wp-content\/uploads\/2026\/SK0001635-CZ20260425-092455-0-1777080297-image_of_object.webp","type":"image\/webp"}],"twitter_card":"summary_large_image","twitter_misc":{"Odhadovan\u00e1 doba \u010dten\u00ed":"1 minuta"},"schema":{"@context":"https:\/\/schema.org","@graph":[{"@type":"WebPage","@id":"https:\/\/www.domtechnikpro.com\/index.php\/produkt\/aktualni-dwt-lesticka-op13-180-tv-37703\/","url":"https:\/\/www.domtechnikpro.com\/index.php\/produkt\/aktualni-dwt-lesticka-op13-180-tv-37703\/","name":"Aktu\u00e1ln\u00ed DWT Le\u0161ti\u010dka OP13-180 TV - Pr\u016fmyslov\u00e9 vybaven\u00ed a p\u0159\u00edslu\u0161enstv\u00ed","isPartOf":{"@id":"https:\/\/www.domtechnikpro.com\/#website"},"primaryImageOfPage":{"@id":"https:\/\/www.domtechnikpro.com\/index.php\/produkt\/aktualni-dwt-lesticka-op13-180-tv-37703\/#primaryimage"},"image":{"@id":"https:\/\/www.domtechnikpro.com\/index.php\/produkt\/aktualni-dwt-lesticka-op13-180-tv-37703\/#primaryimage"},"thumbnailUrl":"https:\/\/www.domtechnikpro.com\/wp-content\/uploads\/2026\/SK0001635-CZ20260425-092455-0-1777080297-image_of_object.webp","datePublished":"2026-04-26T08:58:15+00:00","breadcrumb":{"@id":"https:\/\/www.domtechnikpro.com\/index.php\/produkt\/aktualni-dwt-lesticka-op13-180-tv-37703\/#breadcrumb"},"inLanguage":"cs","potentialAction":[{"@type":"ReadAction","target":["https:\/\/www.domtechnikpro.com\/index.php\/produkt\/aktualni-dwt-lesticka-op13-180-tv-37703\/"]}]},{"@type":"ImageObject","inLanguage":"cs","@id":"https:\/\/www.domtechnikpro.com\/index.php\/produkt\/aktualni-dwt-lesticka-op13-180-tv-37703\/#primaryimage","url":"https:\/\/www.domtechnikpro.com\/wp-content\/uploads\/2026\/SK0001635-CZ20260425-092455-0-1777080297-image_of_object.webp","contentUrl":"https:\/\/www.domtechnikpro.com\/wp-content\/uploads\/2026\/SK0001635-CZ20260425-092455-0-1777080297-image_of_object.webp","width":400,"height":300},{"@type":"BreadcrumbList","@id":"https:\/\/www.domtechnikpro.com\/index.php\/produkt\/aktualni-dwt-lesticka-op13-180-tv-37703\/#breadcrumb","itemListElement":[{"@type":"ListItem","position":1,"name":"Home","item":"https:\/\/www.domtechnikpro.com\/"},{"@type":"ListItem","position":2,"name":"Products","item":"https:\/\/www.domtechnikpro.com\/products\/"},{"@type":"ListItem","position":3,"name":"Aktu\u00e1ln\u00ed DWT Le\u0161ti\u010dka OP13-180 TV"}]},{"@type":"WebSite","@id":"https:\/\/www.domtechnikpro.com\/#website","url":"https:\/\/www.domtechnikpro.com\/","name":"Pr\u016fmyslov\u00e9 vybaven\u00ed a p\u0159\u00edslu\u0161enstv\u00ed","description":"Pr\u016fmyslov\u00e9 vybaven\u00ed a p\u0159\u00edslu\u0161enstv\u00ed","publisher":{"@id":"https:\/\/www.domtechnikpro.com\/#organization"},"potentialAction":[{"@type":"SearchAction","target":{"@type":"EntryPoint","urlTemplate":"https:\/\/www.domtechnikpro.com\/?s={search_term_string}"},"query-input":{"@type":"PropertyValueSpecification","valueRequired":true,"valueName":"search_term_string"}}],"inLanguage":"cs"},{"@type":"Organization","@id":"https:\/\/www.domtechnikpro.com\/#organization","name":"Pr\u016fmyslov\u00e9 vybaven\u00ed a p\u0159\u00edslu\u0161enstv\u00ed","url":"https:\/\/www.domtechnikpro.com\/","logo":{"@type":"ImageObject","inLanguage":"cs","@id":"https:\/\/www.domtechnikpro.com\/#\/schema\/logo\/image\/","url":"https:\/\/www.domtechnikpro.com\/wp-content\/uploads\/2026\/04\/domtechnikpro_logo_full.svg","contentUrl":"https:\/\/www.domtechnikpro.com\/wp-content\/uploads\/2026\/04\/domtechnikpro_logo_full.svg","width":920,"height":180,"caption":"Pr\u016fmyslov\u00e9 vybaven\u00ed a p\u0159\u00edslu\u0161enstv\u00ed"},"image":{"@id":"https:\/\/www.domtechnikpro.com\/#\/schema\/logo\/image\/"}}]}},"_links":{"self":[{"href":"https:\/\/www.domtechnikpro.com\/wp-json\/wp\/v2\/product\/37703","targetHints":{"allow":["GET"]}}],"collection":[{"href":"https:\/\/www.domtechnikpro.com\/wp-json\/wp\/v2\/product"}],"about":[{"href":"https:\/\/www.domtechnikpro.com\/wp-json\/wp\/v2\/types\/product"}],"replies":[{"embeddable":true,"href":"https:\/\/www.domtechnikpro.com\/wp-json\/wp\/v2\/comments?post=37703"}],"wp:featuredmedia":[{"embeddable":true,"href":"https:\/\/www.domtechnikpro.com\/wp-json\/wp\/v2\/media\/37803"}],"wp:attachment":[{"href":"https:\/\/www.domtechnikpro.com\/wp-json\/wp\/v2\/media?parent=37703"}],"wp:term":[{"taxonomy":"product_brand","embeddable":true,"href":"https:\/\/www.domtechnikpro.com\/wp-json\/wp\/v2\/product_brand?post=37703"},{"taxonomy":"product_cat","embeddable":true,"href":"https:\/\/www.domtechnikpro.com\/wp-json\/wp\/v2\/product_cat?post=37703"},{"taxonomy":"product_tag","embeddable":true,"href":"https:\/\/www.domtechnikpro.com\/wp-json\/wp\/v2\/product_tag?post=37703"}],"curies":[{"name":"wp","href":"https:\/\/api.w.org\/{rel}","templated":true}]}}