{"id":3735,"date":"2026-04-26T08:52:00","date_gmt":"2026-04-26T08:52:00","guid":{"rendered":""},"modified":"2026-04-26T08:52:00","modified_gmt":"2026-04-26T08:52:00","slug":"solarix-sxkd-6-utp-pvc-datovy-kabel-utp-cat-6-26100001-305m-baleni-cenove-vyhodny-3735","status":"publish","type":"product","link":"https:\/\/www.domtechnikpro.com\/index.php\/produkt\/solarix-sxkd-6-utp-pvc-datovy-kabel-utp-cat-6-26100001-305m-baleni-cenove-vyhodny-3735\/","title":{"rendered":"Solarix SXKD-6-UTP-PVC Datov\u00fd kabel UTP CAT 6 \/26100001\/ (305m balen\u00ed) Cenov\u011b V\u00fdhodn\u00fd"},"content":{"rendered":"<div id=\"e8879956\" class=\"pages\">\n<div id=\"PDDescription\" class=\"UserContentView userContent v1a v1 bs-view dcon dc150 PDDescription\" >\n<h2 style=\"margin: 0px 0px 0.5em; padding: 0px; border: 0px currentColor; text-align: left; color: #2a2b2f; text-transform: none; line-height: 1.15em; text-indent: 0px; letter-spacing: normal; font-family: OpenSans, Arial, Helvetica, sans-serif; font-size: 1.42em; font-style: normal; font-variant: normal; font-weight: inherit; word-spacing: 0px; vertical-align: baseline; white-space: normal; widows: 1; background-color: #ffffff; -webkit-text-stroke-width: 0px;\"><span style=\"color: #008080;\">Solarix SXKD-6-UTP-PVC Datov\u00fd kabel UTP CAT 6 \/26100001\/ (305m balen\u00ed)<\/span><\/h2>\n<p>Instala\u010dn\u00ed kabel Solarix s\u00a0ozna\u010den\u00edm SXKD-6-UTP-PVC je spolehliv\u00fd nest\u00edn\u011bn\u00fd kabel kategorie 6, kter\u00fd je ur\u010den\u00fd pro provoz ethernetov\u00fdch protokol\u016f, v\u010detn\u011b 2.5GBASE-T a\u00a05GBASE-T. Konstrukce kabelu je U\/UTP s\u00a0plastov\u00fdm k\u0159\u00ed\u017eem, kter\u00fd zaji\u0161\u0165uje maxim\u00e1ln\u00ed odd\u011blen\u00ed p\u00e1r\u016f od sebe po cel\u00e9 d\u00e9lce kabelu. Typ pl\u00e1\u0161t\u011b je PVC s\u00a0t\u0159\u00eddou reakce na ohe\u0148 Eca. Vodi\u010de kabelu jsou vyrobeny z\u00a0kvalitn\u00edho m\u011bd\u011bn\u00e9ho dr\u00e1tu s\u00a0\u010distotou m\u011bdi 99,97%. Kabel bez probl\u00e9m\u016f spl\u0148uje po\u017eadavky z\u00a0mezin\u00e1rodn\u00edch standard\u016f ISO\/IEC 11801, EN 50173 a\u00a0ANSI\/TIA 568.2-D. V\u00a0p\u0159\u00edpad\u011b CPR (na\u0159\u00edzen\u00ed EU \u010d. 305\/2011) je kabel testov\u00e1n u\u00a0nez\u00e1visl\u00e9 laborato\u0159e FORCE TECHNOLOGY v\u00a0syst\u00e9mu posuzov\u00e1n\u00ed vlastnost\u00ed AVCP 3. Stejn\u011b jako ostatn\u00ed kabely Solarix, je i\u00a0kabel SXKD-6-UTP-PVC zna\u010den metr\u00e1\u017e\u00ed po 1 m v\u00a0rozsahu od 0 do 305 m. Kabel je dod\u00e1v\u00e1n ve vysoce odoln\u00e9m t\u0159\u00edvrstv\u00e9m le\u0161t\u011bn\u00e9m kart\u00f3nov\u00e9m boxu, na kter\u00e9m jsou uvedeny v\u0161echny nezbytn\u00e9 produktov\u00e9 informace, v\u010detn\u011b \u010d\u00e1rov\u00fdch k\u00f3d\u016f, v\u00fdrobn\u00ed \u0161ar\u017ee, popisu a\u00a0nejd\u016fle\u017eit\u011bj\u0161\u00edch technick\u00fdch parametr\u016f.<span style=\"color: #008080;\"><span style=\"margin: 0px; padding: 0px; border: 0px currentColor; text-align: left; color: #000000; text-transform: none; text-indent: 0px; letter-spacing: normal; font-family: Arial, Helvetica, sans-serif; font-size: 10.66px; font-style: normal; font-weight: 400; word-spacing: 0px; white-space: normal; orphans: 2; widows: 2; -webkit-text-stroke-width: 0px; font-variant-ligatures: normal; font-variant-caps: normal; text-decoration-thickness: initial; text-decoration-style: initial; text-decoration-color: initial;\"><br style=\"margin: 0px; padding: 0px; border: 0px currentColor;\"><\/span><\/span><\/p>\n<p><strong><span style=\"color: #008080;\">Parametry<\/span><\/strong><\/p>\n<p>Podporovan\u00e9 protokoly: 1000BASE-T\/TX a ni\u017e\u0161\u00ed<br \/>Standardy LSOH pl\u00e1\u0161t\u011b: IEC 60754-2, IEC 61034-2, IEC 60332-1-2\u00a0<br \/>Vodi\u010d: m\u011bd\u011bn\u00fd dr\u00e1t AWG 23<br \/>Izolace: polyethylen \u00d8 1,02 mm UTP a \u00d8 1,09 mm FTP<br \/>Pl\u00e1\u0161\u0165: PVC, LSOH, PE<br \/>Pr\u016fm\u011br kabelu: 6,3 mm UTP a 7,4 mm FTP<br \/>V\u00e1ha: 42 kg\/km UTP a 54 kg\/km FTP<br \/>NVP: 69 %<br \/>Propagation delay: 535 ns\/100m<br \/>Delay skew: 20 ns\/100m<br \/>Provozn\u00ed teplota: -20\u00b0C a\u017e 60\u00b0C<br \/>Teplota p\u0159i instalaci: 0\u00b0C a\u017e 50\u00b0C<br style=\"font: 14px\/21px Arial, Helvetica, sans-serif; text-align: left; color: #333333; text-transform: none; text-indent: 0px; letter-spacing: normal; word-spacing: 0px; white-space: normal; widows: 1; background-color: #ffffff; -webkit-text-stroke-width: 0px;\"><br style=\"font: 14px\/21px Arial, Helvetica, sans-serif; text-align: left; color: #333333; text-transform: none; text-indent: 0px; letter-spacing: normal; word-spacing: 0px; white-space: normal; widows: 1; background-color: #ffffff; -webkit-text-stroke-width: 0px;\">Instala\u010dn\u00ed kabely Solarix \u2013 kategorie 6 jsou vysoce kvalitn\u00ed kabely ur\u010den\u00e9 pro horizont\u00e1ln\u00ed rozvody strukturovan\u00e9 kabel\u00e1\u017ee, kter\u00e9 spl\u0148uj\u00ed a rovn\u011b\u017e p\u0159evy\u0161uj\u00ed po\u017eadavky specifikovan\u00e9 v mezin\u00e1rodn\u00edch standardech TIA 568, ISO\/IEC 11801 a EN 50173 v\u010detn\u011b v\u0161ech nejnov\u011bj\u0161\u00edch dodatk\u016f pro kategorii 6. Kabely jsou dod\u00e1v\u00e1ny ve st\u00edn\u011bn\u00e9 i nest\u00edn\u011bn\u00e9 verzi s r\u016fzn\u00fdm typem pl\u00e1\u0161t\u011b &#8211; tj. PVC, LSOH nebo UV stabiln\u00edm PE. Vodi\u010de kabel\u016f jsou vyrobeny z velmi kvalitn\u00edho m\u011bd\u011bn\u00e9ho dr\u00e1tu o velikosti AWG 23. Jednotliv\u00e9 p\u00e1ry kabel\u016f kategorie 6 jsou odd\u011bleny plastov\u00fdm k\u0159\u00ed\u017eem.<\/p>\n<div id=\"PDTable3\" class=\"ProductDetailTableView v3a v3 bs-view dcon dc175 PDTable3\" >\n<table>\n<thead><\/thead>\n<tbody>\n<tr class=\"attribute attr_bsshop_maker\">\n<td class=\"caption\">V\u00fdrobce<\/td>\n<td class=\"value\">Solarix<\/td>\n<\/tr>\n<\/tbody>\n<\/table><\/div>\n<\/div>\n<\/div>\n<div id=\"e8879957\" class=\"tabs\">\n","protected":false},"excerpt":{"rendered":"<p>Solarix SXKD-6-UTP-PVC Datov\u00fd kabel UTP CAT 6 \/26100001\/ (305m balen\u00ed) Instala\u010dn\u00ed kabel Solarix s\u00a0ozna\u010den\u00edm SXKD-6-UTP-PVC je spolehliv\u00fd nest\u00edn\u011bn\u00fd kabel kategorie 6, kter\u00fd je ur\u010den\u00fd pro provoz ethernetov\u00fdch protokol\u016f, v\u010detn\u011b 2.5GBASE-T a\u00a05GBASE-T. Konstrukce kabelu je U\/UTP s\u00a0plastov\u00fdm k\u0159\u00ed\u017eem, kter\u00fd zaji\u0161\u0165uje maxim\u00e1ln\u00ed odd\u011blen\u00ed p\u00e1r\u016f od sebe po cel\u00e9 d\u00e9lce kabelu. Typ pl\u00e1\u0161t\u011b je PVC s\u00a0t\u0159\u00eddou reakce na [&hellip;]<\/p>\n","protected":false},"featured_media":3835,"comment_status":"open","ping_status":"open","template":"","meta":[],"product_brand":[],"product_cat":[39],"product_tag":[],"class_list":{"0":"post-3735","1":"product","2":"type-product","3":"status-publish","4":"has-post-thumbnail","6":"product_cat-elektromateri-225-l","8":"first","9":"instock","10":"sale","11":"shipping-taxable","12":"purchasable","13":"product-type-simple"},"yoast_head":"<!-- This site is optimized with the Yoast SEO plugin v26.8 - https:\/\/yoast.com\/product\/yoast-seo-wordpress\/ -->\n<title>Solarix SXKD-6-UTP-PVC Datov\u00fd kabel UTP CAT 6 \/26100001\/ (305m balen\u00ed) Cenov\u011b V\u00fdhodn\u00fd -<\/title>\n<meta name=\"robots\" content=\"index, follow, max-snippet:-1, max-image-preview:large, max-video-preview:-1\" \/>\n<link rel=\"canonical\" href=\"https:\/\/www.domtechnikpro.com\/index.php\/produkt\/solarix-sxkd-6-utp-pvc-datovy-kabel-utp-cat-6-26100001-305m-baleni-cenove-vyhodny-3735\/\" \/>\n<meta property=\"og:locale\" content=\"cs_CZ\" \/>\n<meta property=\"og:type\" content=\"article\" \/>\n<meta property=\"og:title\" content=\"Solarix SXKD-6-UTP-PVC Datov\u00fd kabel UTP CAT 6 \/26100001\/ (305m balen\u00ed) Cenov\u011b V\u00fdhodn\u00fd -\" \/>\n<meta property=\"og:description\" content=\"Solarix SXKD-6-UTP-PVC Datov\u00fd kabel UTP CAT 6 \/26100001\/ (305m balen\u00ed) Instala\u010dn\u00ed kabel Solarix s\u00a0ozna\u010den\u00edm SXKD-6-UTP-PVC je spolehliv\u00fd nest\u00edn\u011bn\u00fd kabel kategorie 6, kter\u00fd je ur\u010den\u00fd pro provoz ethernetov\u00fdch protokol\u016f, v\u010detn\u011b 2.5GBASE-T a\u00a05GBASE-T. Konstrukce kabelu je U\/UTP s\u00a0plastov\u00fdm k\u0159\u00ed\u017eem, kter\u00fd zaji\u0161\u0165uje maxim\u00e1ln\u00ed odd\u011blen\u00ed p\u00e1r\u016f od sebe po cel\u00e9 d\u00e9lce kabelu. Typ pl\u00e1\u0161t\u011b je PVC s\u00a0t\u0159\u00eddou reakce na [&hellip;]\" \/>\n<meta property=\"og:url\" content=\"https:\/\/www.domtechnikpro.com\/index.php\/produkt\/solarix-sxkd-6-utp-pvc-datovy-kabel-utp-cat-6-26100001-305m-baleni-cenove-vyhodny-3735\/\" \/>\n<meta property=\"og:image\" content=\"https:\/\/www.domtechnikpro.com\/wp-content\/uploads\/2026\/SK0001356-CZ20260425-091623-0-1777079785-solarix-sxkd-6-utp-pvc-datovy-kabel-utp-cat-6-26100001-305m.webp\" \/>\n\t<meta property=\"og:image:width\" content=\"1000\" \/>\n\t<meta property=\"og:image:height\" content=\"525\" \/>\n\t<meta property=\"og:image:type\" content=\"image\/webp\" \/>\n<meta name=\"twitter:card\" content=\"summary_large_image\" \/>\n<meta name=\"twitter:label1\" content=\"Odhadovan\u00e1 doba \u010dten\u00ed\" \/>\n\t<meta name=\"twitter:data1\" content=\"2 minuty\" \/>\n<script type=\"application\/ld+json\" class=\"yoast-schema-graph\">{\"@context\":\"https:\/\/schema.org\",\"@graph\":[{\"@type\":\"WebPage\",\"@id\":\"https:\/\/www.domtechnikpro.com\/index.php\/produkt\/solarix-sxkd-6-utp-pvc-datovy-kabel-utp-cat-6-26100001-305m-baleni-cenove-vyhodny-3735\/\",\"url\":\"https:\/\/www.domtechnikpro.com\/index.php\/produkt\/solarix-sxkd-6-utp-pvc-datovy-kabel-utp-cat-6-26100001-305m-baleni-cenove-vyhodny-3735\/\",\"name\":\"Solarix SXKD-6-UTP-PVC Datov\u00fd kabel UTP CAT 6 \/26100001\/ (305m balen\u00ed) Cenov\u011b V\u00fdhodn\u00fd -\",\"isPartOf\":{\"@id\":\"https:\/\/www.domtechnikpro.com\/#website\"},\"primaryImageOfPage\":{\"@id\":\"https:\/\/www.domtechnikpro.com\/index.php\/produkt\/solarix-sxkd-6-utp-pvc-datovy-kabel-utp-cat-6-26100001-305m-baleni-cenove-vyhodny-3735\/#primaryimage\"},\"image\":{\"@id\":\"https:\/\/www.domtechnikpro.com\/index.php\/produkt\/solarix-sxkd-6-utp-pvc-datovy-kabel-utp-cat-6-26100001-305m-baleni-cenove-vyhodny-3735\/#primaryimage\"},\"thumbnailUrl\":\"https:\/\/www.domtechnikpro.com\/wp-content\/uploads\/2026\/SK0001356-CZ20260425-091623-0-1777079785-solarix-sxkd-6-utp-pvc-datovy-kabel-utp-cat-6-26100001-305m.webp\",\"datePublished\":\"2026-04-26T08:52:00+00:00\",\"breadcrumb\":{\"@id\":\"https:\/\/www.domtechnikpro.com\/index.php\/produkt\/solarix-sxkd-6-utp-pvc-datovy-kabel-utp-cat-6-26100001-305m-baleni-cenove-vyhodny-3735\/#breadcrumb\"},\"inLanguage\":\"cs\",\"potentialAction\":[{\"@type\":\"ReadAction\",\"target\":[\"https:\/\/www.domtechnikpro.com\/index.php\/produkt\/solarix-sxkd-6-utp-pvc-datovy-kabel-utp-cat-6-26100001-305m-baleni-cenove-vyhodny-3735\/\"]}]},{\"@type\":\"ImageObject\",\"inLanguage\":\"cs\",\"@id\":\"https:\/\/www.domtechnikpro.com\/index.php\/produkt\/solarix-sxkd-6-utp-pvc-datovy-kabel-utp-cat-6-26100001-305m-baleni-cenove-vyhodny-3735\/#primaryimage\",\"url\":\"https:\/\/www.domtechnikpro.com\/wp-content\/uploads\/2026\/SK0001356-CZ20260425-091623-0-1777079785-solarix-sxkd-6-utp-pvc-datovy-kabel-utp-cat-6-26100001-305m.webp\",\"contentUrl\":\"https:\/\/www.domtechnikpro.com\/wp-content\/uploads\/2026\/SK0001356-CZ20260425-091623-0-1777079785-solarix-sxkd-6-utp-pvc-datovy-kabel-utp-cat-6-26100001-305m.webp\",\"width\":1000,\"height\":525},{\"@type\":\"BreadcrumbList\",\"@id\":\"https:\/\/www.domtechnikpro.com\/index.php\/produkt\/solarix-sxkd-6-utp-pvc-datovy-kabel-utp-cat-6-26100001-305m-baleni-cenove-vyhodny-3735\/#breadcrumb\",\"itemListElement\":[{\"@type\":\"ListItem\",\"position\":1,\"name\":\"Home\",\"item\":\"https:\/\/www.domtechnikpro.com\/\"},{\"@type\":\"ListItem\",\"position\":2,\"name\":\"Products\",\"item\":\"https:\/\/www.domtechnikpro.com\/index.php\/products\/\"},{\"@type\":\"ListItem\",\"position\":3,\"name\":\"Solarix SXKD-6-UTP-PVC Datov\u00fd kabel UTP CAT 6 \/26100001\/ (305m balen\u00ed) Cenov\u011b V\u00fdhodn\u00fd\"}]},{\"@type\":\"WebSite\",\"@id\":\"https:\/\/www.domtechnikpro.com\/#website\",\"url\":\"https:\/\/www.domtechnikpro.com\/\",\"name\":\"\",\"description\":\"\",\"potentialAction\":[{\"@type\":\"SearchAction\",\"target\":{\"@type\":\"EntryPoint\",\"urlTemplate\":\"https:\/\/www.domtechnikpro.com\/?s={search_term_string}\"},\"query-input\":{\"@type\":\"PropertyValueSpecification\",\"valueRequired\":true,\"valueName\":\"search_term_string\"}}],\"inLanguage\":\"cs\"}]}<\/script>\n<!-- \/ Yoast SEO plugin. -->","yoast_head_json":{"title":"Solarix SXKD-6-UTP-PVC Datov\u00fd kabel UTP CAT 6 \/26100001\/ (305m balen\u00ed) Cenov\u011b V\u00fdhodn\u00fd -","robots":{"index":"index","follow":"follow","max-snippet":"max-snippet:-1","max-image-preview":"max-image-preview:large","max-video-preview":"max-video-preview:-1"},"canonical":"https:\/\/www.domtechnikpro.com\/index.php\/produkt\/solarix-sxkd-6-utp-pvc-datovy-kabel-utp-cat-6-26100001-305m-baleni-cenove-vyhodny-3735\/","og_locale":"cs_CZ","og_type":"article","og_title":"Solarix SXKD-6-UTP-PVC Datov\u00fd kabel UTP CAT 6 \/26100001\/ (305m balen\u00ed) Cenov\u011b V\u00fdhodn\u00fd -","og_description":"Solarix SXKD-6-UTP-PVC Datov\u00fd kabel UTP CAT 6 \/26100001\/ (305m balen\u00ed) Instala\u010dn\u00ed kabel Solarix s\u00a0ozna\u010den\u00edm SXKD-6-UTP-PVC je spolehliv\u00fd nest\u00edn\u011bn\u00fd kabel kategorie 6, kter\u00fd je ur\u010den\u00fd pro provoz ethernetov\u00fdch protokol\u016f, v\u010detn\u011b 2.5GBASE-T a\u00a05GBASE-T. Konstrukce kabelu je U\/UTP s\u00a0plastov\u00fdm k\u0159\u00ed\u017eem, kter\u00fd zaji\u0161\u0165uje maxim\u00e1ln\u00ed odd\u011blen\u00ed p\u00e1r\u016f od sebe po cel\u00e9 d\u00e9lce kabelu. Typ pl\u00e1\u0161t\u011b je PVC s\u00a0t\u0159\u00eddou reakce na [&hellip;]","og_url":"https:\/\/www.domtechnikpro.com\/index.php\/produkt\/solarix-sxkd-6-utp-pvc-datovy-kabel-utp-cat-6-26100001-305m-baleni-cenove-vyhodny-3735\/","og_image":[{"width":1000,"height":525,"url":"https:\/\/www.domtechnikpro.com\/wp-content\/uploads\/2026\/SK0001356-CZ20260425-091623-0-1777079785-solarix-sxkd-6-utp-pvc-datovy-kabel-utp-cat-6-26100001-305m.webp","type":"image\/webp"}],"twitter_card":"summary_large_image","twitter_misc":{"Odhadovan\u00e1 doba \u010dten\u00ed":"2 minuty"},"schema":{"@context":"https:\/\/schema.org","@graph":[{"@type":"WebPage","@id":"https:\/\/www.domtechnikpro.com\/index.php\/produkt\/solarix-sxkd-6-utp-pvc-datovy-kabel-utp-cat-6-26100001-305m-baleni-cenove-vyhodny-3735\/","url":"https:\/\/www.domtechnikpro.com\/index.php\/produkt\/solarix-sxkd-6-utp-pvc-datovy-kabel-utp-cat-6-26100001-305m-baleni-cenove-vyhodny-3735\/","name":"Solarix SXKD-6-UTP-PVC Datov\u00fd kabel UTP CAT 6 \/26100001\/ (305m balen\u00ed) Cenov\u011b V\u00fdhodn\u00fd -","isPartOf":{"@id":"https:\/\/www.domtechnikpro.com\/#website"},"primaryImageOfPage":{"@id":"https:\/\/www.domtechnikpro.com\/index.php\/produkt\/solarix-sxkd-6-utp-pvc-datovy-kabel-utp-cat-6-26100001-305m-baleni-cenove-vyhodny-3735\/#primaryimage"},"image":{"@id":"https:\/\/www.domtechnikpro.com\/index.php\/produkt\/solarix-sxkd-6-utp-pvc-datovy-kabel-utp-cat-6-26100001-305m-baleni-cenove-vyhodny-3735\/#primaryimage"},"thumbnailUrl":"https:\/\/www.domtechnikpro.com\/wp-content\/uploads\/2026\/SK0001356-CZ20260425-091623-0-1777079785-solarix-sxkd-6-utp-pvc-datovy-kabel-utp-cat-6-26100001-305m.webp","datePublished":"2026-04-26T08:52:00+00:00","breadcrumb":{"@id":"https:\/\/www.domtechnikpro.com\/index.php\/produkt\/solarix-sxkd-6-utp-pvc-datovy-kabel-utp-cat-6-26100001-305m-baleni-cenove-vyhodny-3735\/#breadcrumb"},"inLanguage":"cs","potentialAction":[{"@type":"ReadAction","target":["https:\/\/www.domtechnikpro.com\/index.php\/produkt\/solarix-sxkd-6-utp-pvc-datovy-kabel-utp-cat-6-26100001-305m-baleni-cenove-vyhodny-3735\/"]}]},{"@type":"ImageObject","inLanguage":"cs","@id":"https:\/\/www.domtechnikpro.com\/index.php\/produkt\/solarix-sxkd-6-utp-pvc-datovy-kabel-utp-cat-6-26100001-305m-baleni-cenove-vyhodny-3735\/#primaryimage","url":"https:\/\/www.domtechnikpro.com\/wp-content\/uploads\/2026\/SK0001356-CZ20260425-091623-0-1777079785-solarix-sxkd-6-utp-pvc-datovy-kabel-utp-cat-6-26100001-305m.webp","contentUrl":"https:\/\/www.domtechnikpro.com\/wp-content\/uploads\/2026\/SK0001356-CZ20260425-091623-0-1777079785-solarix-sxkd-6-utp-pvc-datovy-kabel-utp-cat-6-26100001-305m.webp","width":1000,"height":525},{"@type":"BreadcrumbList","@id":"https:\/\/www.domtechnikpro.com\/index.php\/produkt\/solarix-sxkd-6-utp-pvc-datovy-kabel-utp-cat-6-26100001-305m-baleni-cenove-vyhodny-3735\/#breadcrumb","itemListElement":[{"@type":"ListItem","position":1,"name":"Home","item":"https:\/\/www.domtechnikpro.com\/"},{"@type":"ListItem","position":2,"name":"Products","item":"https:\/\/www.domtechnikpro.com\/index.php\/products\/"},{"@type":"ListItem","position":3,"name":"Solarix SXKD-6-UTP-PVC Datov\u00fd kabel UTP CAT 6 \/26100001\/ (305m balen\u00ed) Cenov\u011b V\u00fdhodn\u00fd"}]},{"@type":"WebSite","@id":"https:\/\/www.domtechnikpro.com\/#website","url":"https:\/\/www.domtechnikpro.com\/","name":"","description":"","potentialAction":[{"@type":"SearchAction","target":{"@type":"EntryPoint","urlTemplate":"https:\/\/www.domtechnikpro.com\/?s={search_term_string}"},"query-input":{"@type":"PropertyValueSpecification","valueRequired":true,"valueName":"search_term_string"}}],"inLanguage":"cs"}]}},"_links":{"self":[{"href":"https:\/\/www.domtechnikpro.com\/index.php\/wp-json\/wp\/v2\/product\/3735","targetHints":{"allow":["GET"]}}],"collection":[{"href":"https:\/\/www.domtechnikpro.com\/index.php\/wp-json\/wp\/v2\/product"}],"about":[{"href":"https:\/\/www.domtechnikpro.com\/index.php\/wp-json\/wp\/v2\/types\/product"}],"replies":[{"embeddable":true,"href":"https:\/\/www.domtechnikpro.com\/index.php\/wp-json\/wp\/v2\/comments?post=3735"}],"wp:featuredmedia":[{"embeddable":true,"href":"https:\/\/www.domtechnikpro.com\/index.php\/wp-json\/wp\/v2\/media\/3835"}],"wp:attachment":[{"href":"https:\/\/www.domtechnikpro.com\/index.php\/wp-json\/wp\/v2\/media?parent=3735"}],"wp:term":[{"taxonomy":"product_brand","embeddable":true,"href":"https:\/\/www.domtechnikpro.com\/index.php\/wp-json\/wp\/v2\/product_brand?post=3735"},{"taxonomy":"product_cat","embeddable":true,"href":"https:\/\/www.domtechnikpro.com\/index.php\/wp-json\/wp\/v2\/product_cat?post=3735"},{"taxonomy":"product_tag","embeddable":true,"href":"https:\/\/www.domtechnikpro.com\/index.php\/wp-json\/wp\/v2\/product_tag?post=3735"}],"curies":[{"name":"wp","href":"https:\/\/api.w.org\/{rel}","templated":true}]}}