{"id":3734,"date":"2026-04-26T08:52:00","date_gmt":"2026-04-26T08:52:00","guid":{"rendered":""},"modified":"2026-04-26T08:52:00","modified_gmt":"2026-04-26T08:52:00","slug":"cenova-bomba-solarix-sxkd-5e-utp-pe-datovy-kabel-utp-cat-5e-pe-venkovni-cerny-27655191-305m-baleni-3734","status":"publish","type":"product","link":"https:\/\/www.domtechnikpro.com\/index.php\/produkt\/cenova-bomba-solarix-sxkd-5e-utp-pe-datovy-kabel-utp-cat-5e-pe-venkovni-cerny-27655191-305m-baleni-3734\/","title":{"rendered":"Cenov\u00e1 Bomba Solarix SXKD-5E-UTP-PE Datov\u00fd kabel UTP CAT 5E PE venkovn\u00ed \u010dern\u00fd \/27655191\/ (305m = balen\u00ed)"},"content":{"rendered":"<div id=\"e8879610\" class=\"pages\">\n<div id=\"PDDescription\" class=\"UserContentView userContent v1a v1 bs-view dcon dc150 PDDescription\" >\n<h2><span style=\"color: #008080;\">Solarix SXKD-5E-UTP-PE Datov\u00fd kabel UTP CAT 5E PE venkovn\u00ed \u010dern\u00fd \/27655191\/ (305m = balen\u00ed)<\/span><\/h2>\n<p>Instala\u010dn\u00ed kabel Solarix s\u00a0ozna\u010den\u00edm SXKD-5E-UTP-PE je spolehliv\u00fd venkovn\u00ed nest\u00edn\u011bn\u00fd kabel kategorie 5E, kter\u00fd je ur\u010den\u00fd pro provoz ethernetov\u00fdch protokol\u016f, v\u010detn\u011b 2.5GBASE-T a\u00a05GBASE-T*. Konstrukce kabelu je U\/UTP, typ pl\u00e1\u0161t\u011b UV stabiln\u00ed PE s\u00a0t\u0159\u00eddou reakce na ohe\u0148 Fca\u00a0a\u00a0stupn\u011bm kryt\u00ed IP67. Vodi\u010de kabelu jsou vyrobeny z\u00a0kvalitn\u00edho m\u011bd\u011bn\u00e9ho dr\u00e1tu s\u00a0\u010distotou m\u011bdi 99,97%. Kabel bez probl\u00e9m\u016f spl\u0148uje po\u017eadavky z\u00a0mezin\u00e1rodn\u00edch standard\u016f ISO\/IEC 11801, EN 50173 a\u00a0ANSI\/TIA 568.2-D. Stejn\u011b jako ostatn\u00ed kabely Solarix, je i\u00a0kabel SXKD-5E-UTP-PE zna\u010den metr\u00e1\u017e\u00ed po 1 m v\u00a0rozsahu od 0 do 305 m. Kabel je dod\u00e1v\u00e1n ve vysoce odoln\u00e9m t\u0159\u00edvrstv\u00e9m le\u0161t\u011bn\u00e9m kart\u00f3nov\u00e9m boxu (v\u017edy barevn\u011b odli\u0161en\u00e9m podle typu kabelu), na kter\u00e9m jsou uvedeny v\u0161echny nezbytn\u00e9 produktov\u00e9 informace, v\u010detn\u011b \u010d\u00e1rov\u00fdch k\u00f3d\u016f, v\u00fdrobn\u00ed \u0161ar\u017ee, popisu a\u00a0nejd\u016fle\u017eit\u011bj\u0161\u00edch technick\u00fdch parametr\u016f. P\u0159i instalaci do zem\u011b doporu\u010dujeme v\u017edy pou\u017e\u00edt HDPE chr\u00e1ni\u010dku.<\/p>\n<p><\/p>\n<div>\n<ul>\n<li>Kategorie: CAT5E<\/li>\n<li>Podporovan\u00e9 protokoly\u00a0[?]\u00a0: 2.5\/5GBASE-T a ni\u017e\u0161\u00ed<\/li>\n<li>St\u00edn\u011bn\u00ed: ne<\/li>\n<li>\u0160\u00ed\u0159ka p\u00e1sma\u00a0[?]\u00a0: 100 MHz<\/li>\n<li>Typ a velikost vodi\u010de\u00a0[?]\u00a0: m\u011bd\u011bn\u00fd dr\u00e1t 0, 50 mm \u00b1 0, 005 mm<\/li>\n<li>Izolace a pr\u016fm\u011br vodi\u010de s izolac\u00ed\u00a0[?]\u00a0: HDPE 0, 88 mm<\/li>\n<li>T\u0159\u00edda reakce na ohe\u0148; typ pl\u00e1\u0161t\u011b\u00a0[?]\u00a0: Fca, PE<\/li>\n<li>Barva pl\u00e1\u0161t\u011b: \u010dern\u00e1 RAL 9005<\/li>\n<li>Pr\u016fm\u011br kabelu: 5, 0 mm<\/li>\n<li>V\u00e1ha\u00a0[?]\u00a0: 27, 6 kg\/km<\/li>\n<li>NVP\u00a0[?]\u00a0: 68 %<\/li>\n<li>Propagation delay\u00a0[?]\u00a0: 535 ns\/100 m<\/li>\n<li>Delay skew\u00a0[?]\u00a0: \u226445 ns\/100 m<\/li>\n<li>Skladovac\u00ed teplota: -20 \u00b0C a\u017e 70 \u00b0C<\/li>\n<li>Provozn\u00ed teplota: -20 \u00b0C a\u017e 70 \u00b0C<\/li>\n<li>Teplota p\u0159i instalaci: 0 \u00b0C a\u017e 50 \u00b0C<\/li>\n<li>Balen\u00ed\u00a0[?]\u00a0: 305 m, t\u0159\u00edvrstv\u00fd kart\u00f3nov\u00fd box<\/li>\n<li>Rozm\u011bry balen\u00ed (v\u00fd\u0161ka x hloubka x \u0161\u00ed\u0159ka)\u00a0[?]\u00a0: 380 mm x 380 mm x 215 mm<\/li>\n<li>Po\u010det balen\u00ed na palet\u011b\u00a0[?]\u00a0: 45 box\u016f<\/li>\n<\/ul>\n<\/div>\n<p>\u00a0<\/p>\n<div>\u00a0<\/div>\n<p>\u00a0<\/p>\n<div id=\"PDTable3\" class=\"ProductDetailTableView v3a v3 bs-view dcon dc175 PDTable3\" >\n<table>\n<thead><\/thead>\n<tbody>\n<tr class=\"attribute attr_bsshop_maker\">\n<td class=\"caption\">V\u00fdrobce<\/td>\n<td class=\"value\">Solarix<\/td>\n<\/tr>\n<\/tbody>\n<\/table><\/div>\n<\/div>\n<\/div>\n<div id=\"e8879611\" class=\"tabs\">\n","protected":false},"excerpt":{"rendered":"<p>Solarix SXKD-5E-UTP-PE Datov\u00fd kabel UTP CAT 5E PE venkovn\u00ed \u010dern\u00fd \/27655191\/ (305m = balen\u00ed) Instala\u010dn\u00ed kabel Solarix s\u00a0ozna\u010den\u00edm SXKD-5E-UTP-PE je spolehliv\u00fd venkovn\u00ed nest\u00edn\u011bn\u00fd kabel kategorie 5E, kter\u00fd je ur\u010den\u00fd pro provoz ethernetov\u00fdch protokol\u016f, v\u010detn\u011b 2.5GBASE-T a\u00a05GBASE-T*. Konstrukce kabelu je U\/UTP, typ pl\u00e1\u0161t\u011b UV stabiln\u00ed PE s\u00a0t\u0159\u00eddou reakce na ohe\u0148 Fca\u00a0a\u00a0stupn\u011bm kryt\u00ed IP67. Vodi\u010de kabelu jsou [&hellip;]<\/p>\n","protected":false},"featured_media":3834,"comment_status":"open","ping_status":"open","template":"","meta":[],"product_brand":[],"product_cat":[39],"product_tag":[],"class_list":{"0":"post-3734","1":"product","2":"type-product","3":"status-publish","4":"has-post-thumbnail","6":"product_cat-elektromateri-225-l","8":"first","9":"instock","10":"sale","11":"shipping-taxable","12":"purchasable","13":"product-type-simple"},"yoast_head":"<!-- This site is optimized with the Yoast SEO plugin v26.8 - https:\/\/yoast.com\/product\/yoast-seo-wordpress\/ -->\n<title>Cenov\u00e1 Bomba Solarix SXKD-5E-UTP-PE Datov\u00fd kabel UTP CAT 5E PE venkovn\u00ed \u010dern\u00fd \/27655191\/ (305m = balen\u00ed) -<\/title>\n<meta name=\"robots\" content=\"index, follow, max-snippet:-1, max-image-preview:large, max-video-preview:-1\" \/>\n<link rel=\"canonical\" href=\"https:\/\/www.domtechnikpro.com\/index.php\/produkt\/cenova-bomba-solarix-sxkd-5e-utp-pe-datovy-kabel-utp-cat-5e-pe-venkovni-cerny-27655191-305m-baleni-3734\/\" \/>\n<meta property=\"og:locale\" content=\"cs_CZ\" \/>\n<meta property=\"og:type\" content=\"article\" \/>\n<meta property=\"og:title\" content=\"Cenov\u00e1 Bomba Solarix SXKD-5E-UTP-PE Datov\u00fd kabel UTP CAT 5E PE venkovn\u00ed \u010dern\u00fd \/27655191\/ (305m = balen\u00ed) -\" \/>\n<meta property=\"og:description\" content=\"Solarix SXKD-5E-UTP-PE Datov\u00fd kabel UTP CAT 5E PE venkovn\u00ed \u010dern\u00fd \/27655191\/ (305m = balen\u00ed) Instala\u010dn\u00ed kabel Solarix s\u00a0ozna\u010den\u00edm SXKD-5E-UTP-PE je spolehliv\u00fd venkovn\u00ed nest\u00edn\u011bn\u00fd kabel kategorie 5E, kter\u00fd je ur\u010den\u00fd pro provoz ethernetov\u00fdch protokol\u016f, v\u010detn\u011b 2.5GBASE-T a\u00a05GBASE-T*. Konstrukce kabelu je U\/UTP, typ pl\u00e1\u0161t\u011b UV stabiln\u00ed PE s\u00a0t\u0159\u00eddou reakce na ohe\u0148 Fca\u00a0a\u00a0stupn\u011bm kryt\u00ed IP67. Vodi\u010de kabelu jsou [&hellip;]\" \/>\n<meta property=\"og:url\" content=\"https:\/\/www.domtechnikpro.com\/index.php\/produkt\/cenova-bomba-solarix-sxkd-5e-utp-pe-datovy-kabel-utp-cat-5e-pe-venkovni-cerny-27655191-305m-baleni-3734\/\" \/>\n<meta property=\"og:image\" content=\"https:\/\/www.domtechnikpro.com\/wp-content\/uploads\/2026\/SK0001355-CZ20260425-091623-0-1777079785-solarix-sxkd-5e-utp-pe-datovy-kabel-utp-cat-5e-pe-venkovni-.webp\" \/>\n\t<meta property=\"og:image:width\" content=\"1000\" \/>\n\t<meta property=\"og:image:height\" content=\"525\" \/>\n\t<meta property=\"og:image:type\" content=\"image\/webp\" \/>\n<meta name=\"twitter:card\" content=\"summary_large_image\" \/>\n<meta name=\"twitter:label1\" content=\"Odhadovan\u00e1 doba \u010dten\u00ed\" \/>\n\t<meta name=\"twitter:data1\" content=\"2 minuty\" \/>\n<script type=\"application\/ld+json\" class=\"yoast-schema-graph\">{\"@context\":\"https:\/\/schema.org\",\"@graph\":[{\"@type\":\"WebPage\",\"@id\":\"https:\/\/www.domtechnikpro.com\/index.php\/produkt\/cenova-bomba-solarix-sxkd-5e-utp-pe-datovy-kabel-utp-cat-5e-pe-venkovni-cerny-27655191-305m-baleni-3734\/\",\"url\":\"https:\/\/www.domtechnikpro.com\/index.php\/produkt\/cenova-bomba-solarix-sxkd-5e-utp-pe-datovy-kabel-utp-cat-5e-pe-venkovni-cerny-27655191-305m-baleni-3734\/\",\"name\":\"Cenov\u00e1 Bomba Solarix SXKD-5E-UTP-PE Datov\u00fd kabel UTP CAT 5E PE venkovn\u00ed \u010dern\u00fd \/27655191\/ (305m = balen\u00ed) -\",\"isPartOf\":{\"@id\":\"https:\/\/www.domtechnikpro.com\/#website\"},\"primaryImageOfPage\":{\"@id\":\"https:\/\/www.domtechnikpro.com\/index.php\/produkt\/cenova-bomba-solarix-sxkd-5e-utp-pe-datovy-kabel-utp-cat-5e-pe-venkovni-cerny-27655191-305m-baleni-3734\/#primaryimage\"},\"image\":{\"@id\":\"https:\/\/www.domtechnikpro.com\/index.php\/produkt\/cenova-bomba-solarix-sxkd-5e-utp-pe-datovy-kabel-utp-cat-5e-pe-venkovni-cerny-27655191-305m-baleni-3734\/#primaryimage\"},\"thumbnailUrl\":\"https:\/\/www.domtechnikpro.com\/wp-content\/uploads\/2026\/SK0001355-CZ20260425-091623-0-1777079785-solarix-sxkd-5e-utp-pe-datovy-kabel-utp-cat-5e-pe-venkovni-.webp\",\"datePublished\":\"2026-04-26T08:52:00+00:00\",\"breadcrumb\":{\"@id\":\"https:\/\/www.domtechnikpro.com\/index.php\/produkt\/cenova-bomba-solarix-sxkd-5e-utp-pe-datovy-kabel-utp-cat-5e-pe-venkovni-cerny-27655191-305m-baleni-3734\/#breadcrumb\"},\"inLanguage\":\"cs\",\"potentialAction\":[{\"@type\":\"ReadAction\",\"target\":[\"https:\/\/www.domtechnikpro.com\/index.php\/produkt\/cenova-bomba-solarix-sxkd-5e-utp-pe-datovy-kabel-utp-cat-5e-pe-venkovni-cerny-27655191-305m-baleni-3734\/\"]}]},{\"@type\":\"ImageObject\",\"inLanguage\":\"cs\",\"@id\":\"https:\/\/www.domtechnikpro.com\/index.php\/produkt\/cenova-bomba-solarix-sxkd-5e-utp-pe-datovy-kabel-utp-cat-5e-pe-venkovni-cerny-27655191-305m-baleni-3734\/#primaryimage\",\"url\":\"https:\/\/www.domtechnikpro.com\/wp-content\/uploads\/2026\/SK0001355-CZ20260425-091623-0-1777079785-solarix-sxkd-5e-utp-pe-datovy-kabel-utp-cat-5e-pe-venkovni-.webp\",\"contentUrl\":\"https:\/\/www.domtechnikpro.com\/wp-content\/uploads\/2026\/SK0001355-CZ20260425-091623-0-1777079785-solarix-sxkd-5e-utp-pe-datovy-kabel-utp-cat-5e-pe-venkovni-.webp\",\"width\":1000,\"height\":525},{\"@type\":\"BreadcrumbList\",\"@id\":\"https:\/\/www.domtechnikpro.com\/index.php\/produkt\/cenova-bomba-solarix-sxkd-5e-utp-pe-datovy-kabel-utp-cat-5e-pe-venkovni-cerny-27655191-305m-baleni-3734\/#breadcrumb\",\"itemListElement\":[{\"@type\":\"ListItem\",\"position\":1,\"name\":\"Home\",\"item\":\"https:\/\/www.domtechnikpro.com\/\"},{\"@type\":\"ListItem\",\"position\":2,\"name\":\"Products\",\"item\":\"https:\/\/www.domtechnikpro.com\/index.php\/products\/\"},{\"@type\":\"ListItem\",\"position\":3,\"name\":\"Cenov\u00e1 Bomba Solarix SXKD-5E-UTP-PE Datov\u00fd kabel UTP CAT 5E PE venkovn\u00ed \u010dern\u00fd \/27655191\/ (305m = balen\u00ed)\"}]},{\"@type\":\"WebSite\",\"@id\":\"https:\/\/www.domtechnikpro.com\/#website\",\"url\":\"https:\/\/www.domtechnikpro.com\/\",\"name\":\"\",\"description\":\"\",\"potentialAction\":[{\"@type\":\"SearchAction\",\"target\":{\"@type\":\"EntryPoint\",\"urlTemplate\":\"https:\/\/www.domtechnikpro.com\/?s={search_term_string}\"},\"query-input\":{\"@type\":\"PropertyValueSpecification\",\"valueRequired\":true,\"valueName\":\"search_term_string\"}}],\"inLanguage\":\"cs\"}]}<\/script>\n<!-- \/ Yoast SEO plugin. -->","yoast_head_json":{"title":"Cenov\u00e1 Bomba Solarix SXKD-5E-UTP-PE Datov\u00fd kabel UTP CAT 5E PE venkovn\u00ed \u010dern\u00fd \/27655191\/ (305m = balen\u00ed) -","robots":{"index":"index","follow":"follow","max-snippet":"max-snippet:-1","max-image-preview":"max-image-preview:large","max-video-preview":"max-video-preview:-1"},"canonical":"https:\/\/www.domtechnikpro.com\/index.php\/produkt\/cenova-bomba-solarix-sxkd-5e-utp-pe-datovy-kabel-utp-cat-5e-pe-venkovni-cerny-27655191-305m-baleni-3734\/","og_locale":"cs_CZ","og_type":"article","og_title":"Cenov\u00e1 Bomba Solarix SXKD-5E-UTP-PE Datov\u00fd kabel UTP CAT 5E PE venkovn\u00ed \u010dern\u00fd \/27655191\/ (305m = balen\u00ed) -","og_description":"Solarix SXKD-5E-UTP-PE Datov\u00fd kabel UTP CAT 5E PE venkovn\u00ed \u010dern\u00fd \/27655191\/ (305m = balen\u00ed) Instala\u010dn\u00ed kabel Solarix s\u00a0ozna\u010den\u00edm SXKD-5E-UTP-PE je spolehliv\u00fd venkovn\u00ed nest\u00edn\u011bn\u00fd kabel kategorie 5E, kter\u00fd je ur\u010den\u00fd pro provoz ethernetov\u00fdch protokol\u016f, v\u010detn\u011b 2.5GBASE-T a\u00a05GBASE-T*. Konstrukce kabelu je U\/UTP, typ pl\u00e1\u0161t\u011b UV stabiln\u00ed PE s\u00a0t\u0159\u00eddou reakce na ohe\u0148 Fca\u00a0a\u00a0stupn\u011bm kryt\u00ed IP67. Vodi\u010de kabelu jsou [&hellip;]","og_url":"https:\/\/www.domtechnikpro.com\/index.php\/produkt\/cenova-bomba-solarix-sxkd-5e-utp-pe-datovy-kabel-utp-cat-5e-pe-venkovni-cerny-27655191-305m-baleni-3734\/","og_image":[{"width":1000,"height":525,"url":"https:\/\/www.domtechnikpro.com\/wp-content\/uploads\/2026\/SK0001355-CZ20260425-091623-0-1777079785-solarix-sxkd-5e-utp-pe-datovy-kabel-utp-cat-5e-pe-venkovni-.webp","type":"image\/webp"}],"twitter_card":"summary_large_image","twitter_misc":{"Odhadovan\u00e1 doba \u010dten\u00ed":"2 minuty"},"schema":{"@context":"https:\/\/schema.org","@graph":[{"@type":"WebPage","@id":"https:\/\/www.domtechnikpro.com\/index.php\/produkt\/cenova-bomba-solarix-sxkd-5e-utp-pe-datovy-kabel-utp-cat-5e-pe-venkovni-cerny-27655191-305m-baleni-3734\/","url":"https:\/\/www.domtechnikpro.com\/index.php\/produkt\/cenova-bomba-solarix-sxkd-5e-utp-pe-datovy-kabel-utp-cat-5e-pe-venkovni-cerny-27655191-305m-baleni-3734\/","name":"Cenov\u00e1 Bomba Solarix SXKD-5E-UTP-PE Datov\u00fd kabel UTP CAT 5E PE venkovn\u00ed \u010dern\u00fd \/27655191\/ (305m = balen\u00ed) -","isPartOf":{"@id":"https:\/\/www.domtechnikpro.com\/#website"},"primaryImageOfPage":{"@id":"https:\/\/www.domtechnikpro.com\/index.php\/produkt\/cenova-bomba-solarix-sxkd-5e-utp-pe-datovy-kabel-utp-cat-5e-pe-venkovni-cerny-27655191-305m-baleni-3734\/#primaryimage"},"image":{"@id":"https:\/\/www.domtechnikpro.com\/index.php\/produkt\/cenova-bomba-solarix-sxkd-5e-utp-pe-datovy-kabel-utp-cat-5e-pe-venkovni-cerny-27655191-305m-baleni-3734\/#primaryimage"},"thumbnailUrl":"https:\/\/www.domtechnikpro.com\/wp-content\/uploads\/2026\/SK0001355-CZ20260425-091623-0-1777079785-solarix-sxkd-5e-utp-pe-datovy-kabel-utp-cat-5e-pe-venkovni-.webp","datePublished":"2026-04-26T08:52:00+00:00","breadcrumb":{"@id":"https:\/\/www.domtechnikpro.com\/index.php\/produkt\/cenova-bomba-solarix-sxkd-5e-utp-pe-datovy-kabel-utp-cat-5e-pe-venkovni-cerny-27655191-305m-baleni-3734\/#breadcrumb"},"inLanguage":"cs","potentialAction":[{"@type":"ReadAction","target":["https:\/\/www.domtechnikpro.com\/index.php\/produkt\/cenova-bomba-solarix-sxkd-5e-utp-pe-datovy-kabel-utp-cat-5e-pe-venkovni-cerny-27655191-305m-baleni-3734\/"]}]},{"@type":"ImageObject","inLanguage":"cs","@id":"https:\/\/www.domtechnikpro.com\/index.php\/produkt\/cenova-bomba-solarix-sxkd-5e-utp-pe-datovy-kabel-utp-cat-5e-pe-venkovni-cerny-27655191-305m-baleni-3734\/#primaryimage","url":"https:\/\/www.domtechnikpro.com\/wp-content\/uploads\/2026\/SK0001355-CZ20260425-091623-0-1777079785-solarix-sxkd-5e-utp-pe-datovy-kabel-utp-cat-5e-pe-venkovni-.webp","contentUrl":"https:\/\/www.domtechnikpro.com\/wp-content\/uploads\/2026\/SK0001355-CZ20260425-091623-0-1777079785-solarix-sxkd-5e-utp-pe-datovy-kabel-utp-cat-5e-pe-venkovni-.webp","width":1000,"height":525},{"@type":"BreadcrumbList","@id":"https:\/\/www.domtechnikpro.com\/index.php\/produkt\/cenova-bomba-solarix-sxkd-5e-utp-pe-datovy-kabel-utp-cat-5e-pe-venkovni-cerny-27655191-305m-baleni-3734\/#breadcrumb","itemListElement":[{"@type":"ListItem","position":1,"name":"Home","item":"https:\/\/www.domtechnikpro.com\/"},{"@type":"ListItem","position":2,"name":"Products","item":"https:\/\/www.domtechnikpro.com\/index.php\/products\/"},{"@type":"ListItem","position":3,"name":"Cenov\u00e1 Bomba Solarix SXKD-5E-UTP-PE Datov\u00fd kabel UTP CAT 5E PE venkovn\u00ed \u010dern\u00fd \/27655191\/ (305m = balen\u00ed)"}]},{"@type":"WebSite","@id":"https:\/\/www.domtechnikpro.com\/#website","url":"https:\/\/www.domtechnikpro.com\/","name":"","description":"","potentialAction":[{"@type":"SearchAction","target":{"@type":"EntryPoint","urlTemplate":"https:\/\/www.domtechnikpro.com\/?s={search_term_string}"},"query-input":{"@type":"PropertyValueSpecification","valueRequired":true,"valueName":"search_term_string"}}],"inLanguage":"cs"}]}},"_links":{"self":[{"href":"https:\/\/www.domtechnikpro.com\/index.php\/wp-json\/wp\/v2\/product\/3734","targetHints":{"allow":["GET"]}}],"collection":[{"href":"https:\/\/www.domtechnikpro.com\/index.php\/wp-json\/wp\/v2\/product"}],"about":[{"href":"https:\/\/www.domtechnikpro.com\/index.php\/wp-json\/wp\/v2\/types\/product"}],"replies":[{"embeddable":true,"href":"https:\/\/www.domtechnikpro.com\/index.php\/wp-json\/wp\/v2\/comments?post=3734"}],"wp:featuredmedia":[{"embeddable":true,"href":"https:\/\/www.domtechnikpro.com\/index.php\/wp-json\/wp\/v2\/media\/3834"}],"wp:attachment":[{"href":"https:\/\/www.domtechnikpro.com\/index.php\/wp-json\/wp\/v2\/media?parent=3734"}],"wp:term":[{"taxonomy":"product_brand","embeddable":true,"href":"https:\/\/www.domtechnikpro.com\/index.php\/wp-json\/wp\/v2\/product_brand?post=3734"},{"taxonomy":"product_cat","embeddable":true,"href":"https:\/\/www.domtechnikpro.com\/index.php\/wp-json\/wp\/v2\/product_cat?post=3734"},{"taxonomy":"product_tag","embeddable":true,"href":"https:\/\/www.domtechnikpro.com\/index.php\/wp-json\/wp\/v2\/product_tag?post=3734"}],"curies":[{"name":"wp","href":"https:\/\/api.w.org\/{rel}","templated":true}]}}