{"id":3727,"date":"2026-04-26T08:52:00","date_gmt":"2026-04-26T08:52:00","guid":{"rendered":""},"modified":"2026-04-26T08:52:00","modified_gmt":"2026-04-26T08:52:00","slug":"ovladaci-kabel-jyty-o-7x1-pro-merici-ridici-a-automatizacni-systemy-modry-a-cislovane-cerne-vodice-cenovy-hit-3727","status":"publish","type":"product","link":"https:\/\/www.domtechnikpro.com\/index.php\/produkt\/ovladaci-kabel-jyty-o-7x1-pro-merici-ridici-a-automatizacni-systemy-modry-a-cislovane-cerne-vodice-cenovy-hit-3727\/","title":{"rendered":"Ovl\u00e1dac\u00ed kabel JYTY-O 7&#215;1 pro m\u011b\u0159\u00edc\u00ed, \u0159\u00edd\u00edc\u00ed a automatiza\u010dn\u00ed syst\u00e9my \/modr\u00fd a \u010d\u00edslovan\u00e9 \u010dern\u00e9 vodi\u010de\/ Cenov\u00fd Hit"},"content":{"rendered":"<div id=\"e8878166\" class=\"pages\">\n<div id=\"PDDescription\" class=\"UserContentView userContent v1a v1 bs-view dcon dc150 PDDescription\" >\n<h2><span style=\"color: #007980;\"><strong>Ovl\u00e1dac\u00ed kabel JYTY-O 7&#215;1 pro m\u011b\u0159\u00edc\u00ed, \u0159\u00edd\u00edc\u00ed a automatiza\u010dn\u00ed syst\u00e9my \/modr\u00fd a \u010d\u00edslovan\u00e9 \u010dern\u00e9 vodi\u010de\/<\/strong><\/span><\/h2>\n<p>\u00a0<\/p>\n<p><span style=\"color: #007980;\"><strong>POU\u017dIT\u00cd<\/strong><\/span><\/p>\n<p>\u00a0<\/p>\n<p>Kabely jsou ur\u010deny v pevn\u00e9m ulo\u017een\u00ed pro m\u011b\u0159\u00edc\u00ed, \u0159\u00edd\u00edc\u00ed a automatiza\u010dn\u00ed syst\u00e9my.<\/p>\n<p>\u00a0<\/p>\n<p><span style=\"color: #007980;\"><strong>TECHNICK\u00c1 DATA<\/strong><\/span><\/p>\n<p>\u00a0<\/p>\n<p><span style=\"color: #007980;\"><strong>Technick\u00e1 specifikace:<\/strong><\/span><\/p>\n<p>\u00a0<\/p>\n<p>TP PRAKAB 04\/03 \u2013 2. vyd\u00e1n\u00ed<\/p>\n<p>\u00a0<\/p>\n<p><span style=\"color: #007980;\"><strong>Jmenovit\u00e9 nap\u011bt\u00ed:<\/strong><\/span><\/p>\n<p>\u00a0<\/p>\n<p>250 V pro \u2205j\u00e1dra 1,0 mm<\/p>\n<p>\u00a0<\/p>\n<p>380 V pro \u2205 j\u00e1dra 1,8 mm<\/p>\n<p>\u00a0<\/p>\n<p><span style=\"color: #007980;\"><strong>Zku\u0161ebn\u00ed nap\u011bt\u00ed:<\/strong><\/span><\/p>\n<p>\u00a0<\/p>\n<p>1 kV\/50 Hz pro \u2205j\u00e1dra 1,0 mm<\/p>\n<p>\u00a0<\/p>\n<p>2 kV\/50 Hz pro \u2205j\u00e1dra 1,8 mm<\/p>\n<p>\u00a0<\/p>\n<p><span style=\"color: #007980;\"><strong>Rozsah teplot:<\/strong><\/span><\/p>\n<p>\u00a0<\/p>\n<p>p\u0159i pokl\u00e1dce: min. +5 \u00b0C<\/p>\n<p>\u00a0<\/p>\n<p>p\u0159i provozu: \u201330 \u00b0C a\u017e +85 \u00b0C<\/p>\n<p>\u00a0<\/p>\n<p>p\u0159i zkratu: max. +160 \u00b0C\/5 sec<\/p>\n<p>\u00a0<\/p>\n<p><span style=\"color: #007980;\"><strong>Polom\u011br ohybu (min.):<\/strong><\/span><\/p>\n<p>\u00a0<\/p>\n<p>12 x \u2205kabelu<\/p>\n<p>\u00a0<\/p>\n<p><span style=\"color: #007980;\"><strong>Zna\u010den\u00ed \u017eil:<\/strong><\/span><\/p>\n<p>\u00a0<\/p>\n<p>CSN 33 0166 ed. 2, CSN EN 50334<\/p>\n<p>\u00a0<\/p>\n<p><span style=\"color: #007980;\"><strong>Po\u017e\u00e1rn\u00ed charakteristika:<\/strong><\/span><\/p>\n<p>\u00a0<\/p>\n<p><span style=\"color: #007980;\"><strong>samozh\u00e1\u0161ivost:<\/strong><\/span><\/p>\n<p>\u00a0<\/p>\n<p>CSN EN 60332-1-2<\/p>\n<p>\u00a0<\/p>\n<p><span style=\"color: #007980;\"><strong>Certifik\u00e1t:<\/strong><\/span><\/p>\n<p>\u00a0<\/p>\n<p>EZ\u00da CR, EVP\u00da Slovensko, CU-TR Rusko,<\/p>\n<p>\u00a0<\/p>\n<p>B\u011blorusko a Kazachst\u00e1n<\/p>\n<p>\u00a0<\/p>\n<p>\u00a0<\/p>\n<div id=\"PDTable3\" class=\"ProductDetailTableView v3a v3 bs-view dcon dc175 PDTable3\" >\n<table>\n<thead><\/thead>\n<tbody>\n<tr class=\"attribute attr_bsshop_maker\">\n<td class=\"caption\">V\u00fdrobce<\/td>\n<td class=\"value\">KABELY-CEN<\/td>\n<\/tr>\n<\/tbody>\n<\/table><\/div>\n<\/div>\n<\/div>\n<div id=\"e8878167\" class=\"tabs\">\n","protected":false},"excerpt":{"rendered":"<p>Ovl\u00e1dac\u00ed kabel JYTY-O 7&#215;1 pro m\u011b\u0159\u00edc\u00ed, \u0159\u00edd\u00edc\u00ed a automatiza\u010dn\u00ed syst\u00e9my \/modr\u00fd a \u010d\u00edslovan\u00e9 \u010dern\u00e9 vodi\u010de\/ \u00a0 POU\u017dIT\u00cd \u00a0 Kabely jsou ur\u010deny v pevn\u00e9m ulo\u017een\u00ed pro m\u011b\u0159\u00edc\u00ed, \u0159\u00edd\u00edc\u00ed a automatiza\u010dn\u00ed syst\u00e9my. \u00a0 TECHNICK\u00c1 DATA \u00a0 Technick\u00e1 specifikace: \u00a0 TP PRAKAB 04\/03 \u2013 2. vyd\u00e1n\u00ed \u00a0 Jmenovit\u00e9 nap\u011bt\u00ed: \u00a0 250 V pro \u2205j\u00e1dra 1,0 mm \u00a0 380 [&hellip;]<\/p>\n","protected":false},"featured_media":3827,"comment_status":"open","ping_status":"open","template":"","meta":[],"product_brand":[],"product_cat":[39],"product_tag":[],"class_list":{"0":"post-3727","1":"product","2":"type-product","3":"status-publish","4":"has-post-thumbnail","6":"product_cat-elektromateri-225-l","8":"first","9":"instock","10":"sale","11":"shipping-taxable","12":"purchasable","13":"product-type-simple"},"yoast_head":"<!-- This site is optimized with the Yoast SEO plugin v26.8 - https:\/\/yoast.com\/product\/yoast-seo-wordpress\/ -->\n<title>Ovl\u00e1dac\u00ed kabel JYTY-O 7x1 pro m\u011b\u0159\u00edc\u00ed, \u0159\u00edd\u00edc\u00ed a automatiza\u010dn\u00ed syst\u00e9my \/modr\u00fd a \u010d\u00edslovan\u00e9 \u010dern\u00e9 vodi\u010de\/ Cenov\u00fd Hit -<\/title>\n<meta name=\"robots\" content=\"index, follow, max-snippet:-1, max-image-preview:large, max-video-preview:-1\" \/>\n<link rel=\"canonical\" href=\"https:\/\/www.domtechnikpro.com\/index.php\/produkt\/ovladaci-kabel-jyty-o-7x1-pro-merici-ridici-a-automatizacni-systemy-modry-a-cislovane-cerne-vodice-cenovy-hit-3727\/\" \/>\n<meta property=\"og:locale\" content=\"cs_CZ\" \/>\n<meta property=\"og:type\" content=\"article\" \/>\n<meta property=\"og:title\" content=\"Ovl\u00e1dac\u00ed kabel JYTY-O 7x1 pro m\u011b\u0159\u00edc\u00ed, \u0159\u00edd\u00edc\u00ed a automatiza\u010dn\u00ed syst\u00e9my \/modr\u00fd a \u010d\u00edslovan\u00e9 \u010dern\u00e9 vodi\u010de\/ Cenov\u00fd Hit -\" \/>\n<meta property=\"og:description\" content=\"Ovl\u00e1dac\u00ed kabel JYTY-O 7&#215;1 pro m\u011b\u0159\u00edc\u00ed, \u0159\u00edd\u00edc\u00ed a automatiza\u010dn\u00ed syst\u00e9my \/modr\u00fd a \u010d\u00edslovan\u00e9 \u010dern\u00e9 vodi\u010de\/ \u00a0 POU\u017dIT\u00cd \u00a0 Kabely jsou ur\u010deny v pevn\u00e9m ulo\u017een\u00ed pro m\u011b\u0159\u00edc\u00ed, \u0159\u00edd\u00edc\u00ed a automatiza\u010dn\u00ed syst\u00e9my. \u00a0 TECHNICK\u00c1 DATA \u00a0 Technick\u00e1 specifikace: \u00a0 TP PRAKAB 04\/03 \u2013 2. vyd\u00e1n\u00ed \u00a0 Jmenovit\u00e9 nap\u011bt\u00ed: \u00a0 250 V pro \u2205j\u00e1dra 1,0 mm \u00a0 380 [&hellip;]\" \/>\n<meta property=\"og:url\" content=\"https:\/\/www.domtechnikpro.com\/index.php\/produkt\/ovladaci-kabel-jyty-o-7x1-pro-merici-ridici-a-automatizacni-systemy-modry-a-cislovane-cerne-vodice-cenovy-hit-3727\/\" \/>\n<meta property=\"og:image\" content=\"https:\/\/www.domtechnikpro.com\/wp-content\/uploads\/2026\/SK0001348-CZ20260425-091623-0-1777079785-ovladaci-kabel-jyty-o-7x1-pro-merici-ridici-a-automatizacni.webp\" \/>\n\t<meta property=\"og:image:width\" content=\"1000\" \/>\n\t<meta property=\"og:image:height\" content=\"525\" \/>\n\t<meta property=\"og:image:type\" content=\"image\/webp\" \/>\n<meta name=\"twitter:card\" content=\"summary_large_image\" \/>\n<meta name=\"twitter:label1\" content=\"Odhadovan\u00e1 doba \u010dten\u00ed\" \/>\n\t<meta name=\"twitter:data1\" content=\"1 minuta\" \/>\n<script type=\"application\/ld+json\" class=\"yoast-schema-graph\">{\"@context\":\"https:\/\/schema.org\",\"@graph\":[{\"@type\":\"WebPage\",\"@id\":\"https:\/\/www.domtechnikpro.com\/index.php\/produkt\/ovladaci-kabel-jyty-o-7x1-pro-merici-ridici-a-automatizacni-systemy-modry-a-cislovane-cerne-vodice-cenovy-hit-3727\/\",\"url\":\"https:\/\/www.domtechnikpro.com\/index.php\/produkt\/ovladaci-kabel-jyty-o-7x1-pro-merici-ridici-a-automatizacni-systemy-modry-a-cislovane-cerne-vodice-cenovy-hit-3727\/\",\"name\":\"Ovl\u00e1dac\u00ed kabel JYTY-O 7x1 pro m\u011b\u0159\u00edc\u00ed, \u0159\u00edd\u00edc\u00ed a automatiza\u010dn\u00ed syst\u00e9my \/modr\u00fd a \u010d\u00edslovan\u00e9 \u010dern\u00e9 vodi\u010de\/ Cenov\u00fd Hit -\",\"isPartOf\":{\"@id\":\"https:\/\/www.domtechnikpro.com\/#website\"},\"primaryImageOfPage\":{\"@id\":\"https:\/\/www.domtechnikpro.com\/index.php\/produkt\/ovladaci-kabel-jyty-o-7x1-pro-merici-ridici-a-automatizacni-systemy-modry-a-cislovane-cerne-vodice-cenovy-hit-3727\/#primaryimage\"},\"image\":{\"@id\":\"https:\/\/www.domtechnikpro.com\/index.php\/produkt\/ovladaci-kabel-jyty-o-7x1-pro-merici-ridici-a-automatizacni-systemy-modry-a-cislovane-cerne-vodice-cenovy-hit-3727\/#primaryimage\"},\"thumbnailUrl\":\"https:\/\/www.domtechnikpro.com\/wp-content\/uploads\/2026\/SK0001348-CZ20260425-091623-0-1777079785-ovladaci-kabel-jyty-o-7x1-pro-merici-ridici-a-automatizacni.webp\",\"datePublished\":\"2026-04-26T08:52:00+00:00\",\"breadcrumb\":{\"@id\":\"https:\/\/www.domtechnikpro.com\/index.php\/produkt\/ovladaci-kabel-jyty-o-7x1-pro-merici-ridici-a-automatizacni-systemy-modry-a-cislovane-cerne-vodice-cenovy-hit-3727\/#breadcrumb\"},\"inLanguage\":\"cs\",\"potentialAction\":[{\"@type\":\"ReadAction\",\"target\":[\"https:\/\/www.domtechnikpro.com\/index.php\/produkt\/ovladaci-kabel-jyty-o-7x1-pro-merici-ridici-a-automatizacni-systemy-modry-a-cislovane-cerne-vodice-cenovy-hit-3727\/\"]}]},{\"@type\":\"ImageObject\",\"inLanguage\":\"cs\",\"@id\":\"https:\/\/www.domtechnikpro.com\/index.php\/produkt\/ovladaci-kabel-jyty-o-7x1-pro-merici-ridici-a-automatizacni-systemy-modry-a-cislovane-cerne-vodice-cenovy-hit-3727\/#primaryimage\",\"url\":\"https:\/\/www.domtechnikpro.com\/wp-content\/uploads\/2026\/SK0001348-CZ20260425-091623-0-1777079785-ovladaci-kabel-jyty-o-7x1-pro-merici-ridici-a-automatizacni.webp\",\"contentUrl\":\"https:\/\/www.domtechnikpro.com\/wp-content\/uploads\/2026\/SK0001348-CZ20260425-091623-0-1777079785-ovladaci-kabel-jyty-o-7x1-pro-merici-ridici-a-automatizacni.webp\",\"width\":1000,\"height\":525},{\"@type\":\"BreadcrumbList\",\"@id\":\"https:\/\/www.domtechnikpro.com\/index.php\/produkt\/ovladaci-kabel-jyty-o-7x1-pro-merici-ridici-a-automatizacni-systemy-modry-a-cislovane-cerne-vodice-cenovy-hit-3727\/#breadcrumb\",\"itemListElement\":[{\"@type\":\"ListItem\",\"position\":1,\"name\":\"Home\",\"item\":\"https:\/\/www.domtechnikpro.com\/\"},{\"@type\":\"ListItem\",\"position\":2,\"name\":\"Products\",\"item\":\"https:\/\/www.domtechnikpro.com\/index.php\/products\/\"},{\"@type\":\"ListItem\",\"position\":3,\"name\":\"Ovl\u00e1dac\u00ed kabel JYTY-O 7&#215;1 pro m\u011b\u0159\u00edc\u00ed, \u0159\u00edd\u00edc\u00ed a automatiza\u010dn\u00ed syst\u00e9my \/modr\u00fd a \u010d\u00edslovan\u00e9 \u010dern\u00e9 vodi\u010de\/ Cenov\u00fd Hit\"}]},{\"@type\":\"WebSite\",\"@id\":\"https:\/\/www.domtechnikpro.com\/#website\",\"url\":\"https:\/\/www.domtechnikpro.com\/\",\"name\":\"\",\"description\":\"\",\"potentialAction\":[{\"@type\":\"SearchAction\",\"target\":{\"@type\":\"EntryPoint\",\"urlTemplate\":\"https:\/\/www.domtechnikpro.com\/?s={search_term_string}\"},\"query-input\":{\"@type\":\"PropertyValueSpecification\",\"valueRequired\":true,\"valueName\":\"search_term_string\"}}],\"inLanguage\":\"cs\"}]}<\/script>\n<!-- \/ Yoast SEO plugin. -->","yoast_head_json":{"title":"Ovl\u00e1dac\u00ed kabel JYTY-O 7x1 pro m\u011b\u0159\u00edc\u00ed, \u0159\u00edd\u00edc\u00ed a automatiza\u010dn\u00ed syst\u00e9my \/modr\u00fd a \u010d\u00edslovan\u00e9 \u010dern\u00e9 vodi\u010de\/ Cenov\u00fd Hit -","robots":{"index":"index","follow":"follow","max-snippet":"max-snippet:-1","max-image-preview":"max-image-preview:large","max-video-preview":"max-video-preview:-1"},"canonical":"https:\/\/www.domtechnikpro.com\/index.php\/produkt\/ovladaci-kabel-jyty-o-7x1-pro-merici-ridici-a-automatizacni-systemy-modry-a-cislovane-cerne-vodice-cenovy-hit-3727\/","og_locale":"cs_CZ","og_type":"article","og_title":"Ovl\u00e1dac\u00ed kabel JYTY-O 7x1 pro m\u011b\u0159\u00edc\u00ed, \u0159\u00edd\u00edc\u00ed a automatiza\u010dn\u00ed syst\u00e9my \/modr\u00fd a \u010d\u00edslovan\u00e9 \u010dern\u00e9 vodi\u010de\/ Cenov\u00fd Hit -","og_description":"Ovl\u00e1dac\u00ed kabel JYTY-O 7&#215;1 pro m\u011b\u0159\u00edc\u00ed, \u0159\u00edd\u00edc\u00ed a automatiza\u010dn\u00ed syst\u00e9my \/modr\u00fd a \u010d\u00edslovan\u00e9 \u010dern\u00e9 vodi\u010de\/ \u00a0 POU\u017dIT\u00cd \u00a0 Kabely jsou ur\u010deny v pevn\u00e9m ulo\u017een\u00ed pro m\u011b\u0159\u00edc\u00ed, \u0159\u00edd\u00edc\u00ed a automatiza\u010dn\u00ed syst\u00e9my. \u00a0 TECHNICK\u00c1 DATA \u00a0 Technick\u00e1 specifikace: \u00a0 TP PRAKAB 04\/03 \u2013 2. vyd\u00e1n\u00ed \u00a0 Jmenovit\u00e9 nap\u011bt\u00ed: \u00a0 250 V pro \u2205j\u00e1dra 1,0 mm \u00a0 380 [&hellip;]","og_url":"https:\/\/www.domtechnikpro.com\/index.php\/produkt\/ovladaci-kabel-jyty-o-7x1-pro-merici-ridici-a-automatizacni-systemy-modry-a-cislovane-cerne-vodice-cenovy-hit-3727\/","og_image":[{"width":1000,"height":525,"url":"https:\/\/www.domtechnikpro.com\/wp-content\/uploads\/2026\/SK0001348-CZ20260425-091623-0-1777079785-ovladaci-kabel-jyty-o-7x1-pro-merici-ridici-a-automatizacni.webp","type":"image\/webp"}],"twitter_card":"summary_large_image","twitter_misc":{"Odhadovan\u00e1 doba \u010dten\u00ed":"1 minuta"},"schema":{"@context":"https:\/\/schema.org","@graph":[{"@type":"WebPage","@id":"https:\/\/www.domtechnikpro.com\/index.php\/produkt\/ovladaci-kabel-jyty-o-7x1-pro-merici-ridici-a-automatizacni-systemy-modry-a-cislovane-cerne-vodice-cenovy-hit-3727\/","url":"https:\/\/www.domtechnikpro.com\/index.php\/produkt\/ovladaci-kabel-jyty-o-7x1-pro-merici-ridici-a-automatizacni-systemy-modry-a-cislovane-cerne-vodice-cenovy-hit-3727\/","name":"Ovl\u00e1dac\u00ed kabel JYTY-O 7x1 pro m\u011b\u0159\u00edc\u00ed, \u0159\u00edd\u00edc\u00ed a automatiza\u010dn\u00ed syst\u00e9my \/modr\u00fd a \u010d\u00edslovan\u00e9 \u010dern\u00e9 vodi\u010de\/ Cenov\u00fd Hit -","isPartOf":{"@id":"https:\/\/www.domtechnikpro.com\/#website"},"primaryImageOfPage":{"@id":"https:\/\/www.domtechnikpro.com\/index.php\/produkt\/ovladaci-kabel-jyty-o-7x1-pro-merici-ridici-a-automatizacni-systemy-modry-a-cislovane-cerne-vodice-cenovy-hit-3727\/#primaryimage"},"image":{"@id":"https:\/\/www.domtechnikpro.com\/index.php\/produkt\/ovladaci-kabel-jyty-o-7x1-pro-merici-ridici-a-automatizacni-systemy-modry-a-cislovane-cerne-vodice-cenovy-hit-3727\/#primaryimage"},"thumbnailUrl":"https:\/\/www.domtechnikpro.com\/wp-content\/uploads\/2026\/SK0001348-CZ20260425-091623-0-1777079785-ovladaci-kabel-jyty-o-7x1-pro-merici-ridici-a-automatizacni.webp","datePublished":"2026-04-26T08:52:00+00:00","breadcrumb":{"@id":"https:\/\/www.domtechnikpro.com\/index.php\/produkt\/ovladaci-kabel-jyty-o-7x1-pro-merici-ridici-a-automatizacni-systemy-modry-a-cislovane-cerne-vodice-cenovy-hit-3727\/#breadcrumb"},"inLanguage":"cs","potentialAction":[{"@type":"ReadAction","target":["https:\/\/www.domtechnikpro.com\/index.php\/produkt\/ovladaci-kabel-jyty-o-7x1-pro-merici-ridici-a-automatizacni-systemy-modry-a-cislovane-cerne-vodice-cenovy-hit-3727\/"]}]},{"@type":"ImageObject","inLanguage":"cs","@id":"https:\/\/www.domtechnikpro.com\/index.php\/produkt\/ovladaci-kabel-jyty-o-7x1-pro-merici-ridici-a-automatizacni-systemy-modry-a-cislovane-cerne-vodice-cenovy-hit-3727\/#primaryimage","url":"https:\/\/www.domtechnikpro.com\/wp-content\/uploads\/2026\/SK0001348-CZ20260425-091623-0-1777079785-ovladaci-kabel-jyty-o-7x1-pro-merici-ridici-a-automatizacni.webp","contentUrl":"https:\/\/www.domtechnikpro.com\/wp-content\/uploads\/2026\/SK0001348-CZ20260425-091623-0-1777079785-ovladaci-kabel-jyty-o-7x1-pro-merici-ridici-a-automatizacni.webp","width":1000,"height":525},{"@type":"BreadcrumbList","@id":"https:\/\/www.domtechnikpro.com\/index.php\/produkt\/ovladaci-kabel-jyty-o-7x1-pro-merici-ridici-a-automatizacni-systemy-modry-a-cislovane-cerne-vodice-cenovy-hit-3727\/#breadcrumb","itemListElement":[{"@type":"ListItem","position":1,"name":"Home","item":"https:\/\/www.domtechnikpro.com\/"},{"@type":"ListItem","position":2,"name":"Products","item":"https:\/\/www.domtechnikpro.com\/index.php\/products\/"},{"@type":"ListItem","position":3,"name":"Ovl\u00e1dac\u00ed kabel JYTY-O 7&#215;1 pro m\u011b\u0159\u00edc\u00ed, \u0159\u00edd\u00edc\u00ed a automatiza\u010dn\u00ed syst\u00e9my \/modr\u00fd a \u010d\u00edslovan\u00e9 \u010dern\u00e9 vodi\u010de\/ Cenov\u00fd Hit"}]},{"@type":"WebSite","@id":"https:\/\/www.domtechnikpro.com\/#website","url":"https:\/\/www.domtechnikpro.com\/","name":"","description":"","potentialAction":[{"@type":"SearchAction","target":{"@type":"EntryPoint","urlTemplate":"https:\/\/www.domtechnikpro.com\/?s={search_term_string}"},"query-input":{"@type":"PropertyValueSpecification","valueRequired":true,"valueName":"search_term_string"}}],"inLanguage":"cs"}]}},"_links":{"self":[{"href":"https:\/\/www.domtechnikpro.com\/index.php\/wp-json\/wp\/v2\/product\/3727","targetHints":{"allow":["GET"]}}],"collection":[{"href":"https:\/\/www.domtechnikpro.com\/index.php\/wp-json\/wp\/v2\/product"}],"about":[{"href":"https:\/\/www.domtechnikpro.com\/index.php\/wp-json\/wp\/v2\/types\/product"}],"replies":[{"embeddable":true,"href":"https:\/\/www.domtechnikpro.com\/index.php\/wp-json\/wp\/v2\/comments?post=3727"}],"wp:featuredmedia":[{"embeddable":true,"href":"https:\/\/www.domtechnikpro.com\/index.php\/wp-json\/wp\/v2\/media\/3827"}],"wp:attachment":[{"href":"https:\/\/www.domtechnikpro.com\/index.php\/wp-json\/wp\/v2\/media?parent=3727"}],"wp:term":[{"taxonomy":"product_brand","embeddable":true,"href":"https:\/\/www.domtechnikpro.com\/index.php\/wp-json\/wp\/v2\/product_brand?post=3727"},{"taxonomy":"product_cat","embeddable":true,"href":"https:\/\/www.domtechnikpro.com\/index.php\/wp-json\/wp\/v2\/product_cat?post=3727"},{"taxonomy":"product_tag","embeddable":true,"href":"https:\/\/www.domtechnikpro.com\/index.php\/wp-json\/wp\/v2\/product_tag?post=3727"}],"curies":[{"name":"wp","href":"https:\/\/api.w.org\/{rel}","templated":true}]}}