{"id":3725,"date":"2026-04-26T08:52:00","date_gmt":"2026-04-26T08:52:00","guid":{"rendered":""},"modified":"2026-04-26T08:52:00","modified_gmt":"2026-04-26T08:52:00","slug":"expresni-doruceni-ovladaci-kabel-jyty-o-3x1-pro-merici-ridici-a-automatizacni-systemy-modry-hnedy-cerny-3725","status":"publish","type":"product","link":"https:\/\/www.domtechnikpro.com\/index.php\/produkt\/expresni-doruceni-ovladaci-kabel-jyty-o-3x1-pro-merici-ridici-a-automatizacni-systemy-modry-hnedy-cerny-3725\/","title":{"rendered":"Expresn\u00ed Doru\u010den\u00ed Ovl\u00e1dac\u00ed kabel JYTY-O 3&#215;1 pro m\u011b\u0159\u00edc\u00ed, \u0159\u00edd\u00edc\u00ed a automatiza\u010dn\u00ed syst\u00e9my, \/modr\u00fd-hn\u011bd\u00fd-\u010dern\u00fd\/"},"content":{"rendered":"<div id=\"e8877886\" class=\"pages\">\n<div id=\"PDDescription\" class=\"UserContentView userContent v1a v1 bs-view dcon dc150 PDDescription\" >\n<p><strong><span style=\"color: #007980; text-transform: none; text-indent: 0px; letter-spacing: normal; font-family: 'Open Sans', Arial; font-size: 24px; font-style: normal; word-spacing: 0px; float: none; white-space: normal; orphans: 2; widows: 2; background-color: #ffffff; -webkit-text-stroke-width: 0px; font-variant-ligatures: normal; font-variant-caps: normal; text-decoration-thickness: initial; text-decoration-style: initial; text-decoration-color: initial; display: inline !important;\"><span style=\"font-family: Arial;\">Ovl\u00e1dac\u00ed kabel JYTY-O 3&#215;1 pro m\u011b\u0159\u00edc\u00ed, \u0159\u00edd\u00edc\u00ed a automatiza\u010dn\u00ed syst\u00e9my<\/span><\/span><\/strong><\/p>\n<p>\u00a0Pr\u016fmyslov\u00e9 ovl\u00e1dac\u00ed kabely s pln\u00fdm j\u00e1drem<\/p>\n<p>\u00a0<\/p>\n<p><span style=\"color: #008080;\"><strong>Pou\u017eit\u00ed<\/strong><\/span><br \/>Kabely jsou ur\u010deny v pevn\u00e9m ulo\u017een\u00ed pro m\u011b\u0159\u00edc\u00ed, \u0159\u00edd\u00edc\u00ed a automatiza\u010dn\u00ed syst\u00e9my.\u00a0<\/p>\n<p>\u00a0<\/p>\n<p><span style=\"color: #008080;\"><strong>TECHNICK\u00c1 DATA<\/strong><\/span><\/p>\n<p><span style=\"color: #008080;\"><strong>Technick\u00e1 specifikace:<\/strong><\/span><br \/><span style=\"color: #008080;\"><strong>TP PRAKAB 04\/03 \u2013 2. vyd\u00e1n\u00ed<\/strong><\/span><br \/><span style=\"color: #008080;\"><strong>Jmenovit nap\u011bt\u00ed<\/strong><\/span><br \/>250 V pro \u2205j\u00e1dra 1,0 mm<br \/>380 V pro \u2205j\u00e1dra 1,8 mm<br \/><span style=\"color: #008080;\"><strong>Zku\u0161ebn\u00ed nap\u011bt\u00ed<\/strong><\/span><br \/>1 kV\/50 Hz pro \u2205j\u00e1dr mm<br \/>2 kV\/50 Hz pro \u2205j\u00e1dra 1,8 mm<br \/><span style=\"color: #008080;\"><strong>Rozsah teplot<\/strong><\/span><br \/>p\u0159i pokl\u00e1dce: min. +5 \u00b0C<br \/>p\u0159i provozu: \u201330 \u00b0C a\u017e +85 \u00b0C<br \/>Polom\u011br ohybu (min.)<br \/>12 x \u2205kabelu<br \/><span style=\"color: #008080;\"><strong>Zna\u010den\u00ed \u017eil<\/strong><\/span><br \/>CSN 33 0166 ed. 2, CSN EN 5033 Po\u017e\u00e1rn\u00ed charakteristika:<br \/>samozh\u00e1\u0161ivost:<br \/>CSN EN 60332-1-2<\/p>\n<p>\u00a0<\/p>\n<div id=\"PDTable3\" class=\"ProductDetailTableView v3a v3 bs-view dcon dc175 PDTable3\" >\n<table>\n<thead><\/thead>\n<tbody>\n<tr class=\"attribute attr_bsshop_maker\">\n<td class=\"caption\">V\u00fdrobce<\/td>\n<td class=\"value\">Kabely &#8211; necen\u011bn\u00e9<\/td>\n<\/tr>\n<\/tbody>\n<\/table><\/div>\n<\/div>\n<\/div>\n<div id=\"e8877887\" class=\"tabs\">\n","protected":false},"excerpt":{"rendered":"<p>Ovl\u00e1dac\u00ed kabel JYTY-O 3&#215;1 pro m\u011b\u0159\u00edc\u00ed, \u0159\u00edd\u00edc\u00ed a automatiza\u010dn\u00ed syst\u00e9my \u00a0Pr\u016fmyslov\u00e9 ovl\u00e1dac\u00ed kabely s pln\u00fdm j\u00e1drem \u00a0 Pou\u017eit\u00edKabely jsou ur\u010deny v pevn\u00e9m ulo\u017een\u00ed pro m\u011b\u0159\u00edc\u00ed, \u0159\u00edd\u00edc\u00ed a automatiza\u010dn\u00ed syst\u00e9my.\u00a0 \u00a0 TECHNICK\u00c1 DATA Technick\u00e1 specifikace:TP PRAKAB 04\/03 \u2013 2. vyd\u00e1n\u00edJmenovit nap\u011bt\u00ed250 V pro \u2205j\u00e1dra 1,0 mm380 V pro \u2205j\u00e1dra 1,8 mmZku\u0161ebn\u00ed nap\u011bt\u00ed1 kV\/50 Hz pro \u2205j\u00e1dr [&hellip;]<\/p>\n","protected":false},"featured_media":3825,"comment_status":"open","ping_status":"open","template":"","meta":[],"product_brand":[],"product_cat":[39],"product_tag":[],"class_list":{"0":"post-3725","1":"product","2":"type-product","3":"status-publish","4":"has-post-thumbnail","6":"product_cat-elektromateri-225-l","8":"first","9":"instock","10":"sale","11":"shipping-taxable","12":"purchasable","13":"product-type-simple"},"yoast_head":"<!-- This site is optimized with the Yoast SEO plugin v26.8 - https:\/\/yoast.com\/product\/yoast-seo-wordpress\/ -->\n<title>Expresn\u00ed Doru\u010den\u00ed Ovl\u00e1dac\u00ed kabel JYTY-O 3x1 pro m\u011b\u0159\u00edc\u00ed, \u0159\u00edd\u00edc\u00ed a automatiza\u010dn\u00ed syst\u00e9my, \/modr\u00fd-hn\u011bd\u00fd-\u010dern\u00fd\/ -<\/title>\n<meta name=\"robots\" content=\"index, follow, max-snippet:-1, max-image-preview:large, max-video-preview:-1\" \/>\n<link rel=\"canonical\" href=\"https:\/\/www.domtechnikpro.com\/index.php\/produkt\/expresni-doruceni-ovladaci-kabel-jyty-o-3x1-pro-merici-ridici-a-automatizacni-systemy-modry-hnedy-cerny-3725\/\" \/>\n<meta property=\"og:locale\" content=\"cs_CZ\" \/>\n<meta property=\"og:type\" content=\"article\" \/>\n<meta property=\"og:title\" content=\"Expresn\u00ed Doru\u010den\u00ed Ovl\u00e1dac\u00ed kabel JYTY-O 3x1 pro m\u011b\u0159\u00edc\u00ed, \u0159\u00edd\u00edc\u00ed a automatiza\u010dn\u00ed syst\u00e9my, \/modr\u00fd-hn\u011bd\u00fd-\u010dern\u00fd\/ -\" \/>\n<meta property=\"og:description\" content=\"Ovl\u00e1dac\u00ed kabel JYTY-O 3&#215;1 pro m\u011b\u0159\u00edc\u00ed, \u0159\u00edd\u00edc\u00ed a automatiza\u010dn\u00ed syst\u00e9my \u00a0Pr\u016fmyslov\u00e9 ovl\u00e1dac\u00ed kabely s pln\u00fdm j\u00e1drem \u00a0 Pou\u017eit\u00edKabely jsou ur\u010deny v pevn\u00e9m ulo\u017een\u00ed pro m\u011b\u0159\u00edc\u00ed, \u0159\u00edd\u00edc\u00ed a automatiza\u010dn\u00ed syst\u00e9my.\u00a0 \u00a0 TECHNICK\u00c1 DATA Technick\u00e1 specifikace:TP PRAKAB 04\/03 \u2013 2. vyd\u00e1n\u00edJmenovit nap\u011bt\u00ed250 V pro \u2205j\u00e1dra 1,0 mm380 V pro \u2205j\u00e1dra 1,8 mmZku\u0161ebn\u00ed nap\u011bt\u00ed1 kV\/50 Hz pro \u2205j\u00e1dr [&hellip;]\" \/>\n<meta property=\"og:url\" content=\"https:\/\/www.domtechnikpro.com\/index.php\/produkt\/expresni-doruceni-ovladaci-kabel-jyty-o-3x1-pro-merici-ridici-a-automatizacni-systemy-modry-hnedy-cerny-3725\/\" \/>\n<meta property=\"og:image\" content=\"https:\/\/www.domtechnikpro.com\/wp-content\/uploads\/2026\/SK0001346-CZ20260425-091623-0-1777079785-ovladaci-kabel-jyty-o-3x1-pro-merici-ridici-a-automatizacni.webp\" \/>\n\t<meta property=\"og:image:width\" content=\"1000\" \/>\n\t<meta property=\"og:image:height\" content=\"525\" \/>\n\t<meta property=\"og:image:type\" content=\"image\/webp\" \/>\n<meta name=\"twitter:card\" content=\"summary_large_image\" \/>\n<meta name=\"twitter:label1\" content=\"Odhadovan\u00e1 doba \u010dten\u00ed\" \/>\n\t<meta name=\"twitter:data1\" content=\"1 minuta\" \/>\n<script type=\"application\/ld+json\" class=\"yoast-schema-graph\">{\"@context\":\"https:\/\/schema.org\",\"@graph\":[{\"@type\":\"WebPage\",\"@id\":\"https:\/\/www.domtechnikpro.com\/index.php\/produkt\/expresni-doruceni-ovladaci-kabel-jyty-o-3x1-pro-merici-ridici-a-automatizacni-systemy-modry-hnedy-cerny-3725\/\",\"url\":\"https:\/\/www.domtechnikpro.com\/index.php\/produkt\/expresni-doruceni-ovladaci-kabel-jyty-o-3x1-pro-merici-ridici-a-automatizacni-systemy-modry-hnedy-cerny-3725\/\",\"name\":\"Expresn\u00ed Doru\u010den\u00ed Ovl\u00e1dac\u00ed kabel JYTY-O 3x1 pro m\u011b\u0159\u00edc\u00ed, \u0159\u00edd\u00edc\u00ed a automatiza\u010dn\u00ed syst\u00e9my, \/modr\u00fd-hn\u011bd\u00fd-\u010dern\u00fd\/ -\",\"isPartOf\":{\"@id\":\"https:\/\/www.domtechnikpro.com\/#website\"},\"primaryImageOfPage\":{\"@id\":\"https:\/\/www.domtechnikpro.com\/index.php\/produkt\/expresni-doruceni-ovladaci-kabel-jyty-o-3x1-pro-merici-ridici-a-automatizacni-systemy-modry-hnedy-cerny-3725\/#primaryimage\"},\"image\":{\"@id\":\"https:\/\/www.domtechnikpro.com\/index.php\/produkt\/expresni-doruceni-ovladaci-kabel-jyty-o-3x1-pro-merici-ridici-a-automatizacni-systemy-modry-hnedy-cerny-3725\/#primaryimage\"},\"thumbnailUrl\":\"https:\/\/www.domtechnikpro.com\/wp-content\/uploads\/2026\/SK0001346-CZ20260425-091623-0-1777079785-ovladaci-kabel-jyty-o-3x1-pro-merici-ridici-a-automatizacni.webp\",\"datePublished\":\"2026-04-26T08:52:00+00:00\",\"breadcrumb\":{\"@id\":\"https:\/\/www.domtechnikpro.com\/index.php\/produkt\/expresni-doruceni-ovladaci-kabel-jyty-o-3x1-pro-merici-ridici-a-automatizacni-systemy-modry-hnedy-cerny-3725\/#breadcrumb\"},\"inLanguage\":\"cs\",\"potentialAction\":[{\"@type\":\"ReadAction\",\"target\":[\"https:\/\/www.domtechnikpro.com\/index.php\/produkt\/expresni-doruceni-ovladaci-kabel-jyty-o-3x1-pro-merici-ridici-a-automatizacni-systemy-modry-hnedy-cerny-3725\/\"]}]},{\"@type\":\"ImageObject\",\"inLanguage\":\"cs\",\"@id\":\"https:\/\/www.domtechnikpro.com\/index.php\/produkt\/expresni-doruceni-ovladaci-kabel-jyty-o-3x1-pro-merici-ridici-a-automatizacni-systemy-modry-hnedy-cerny-3725\/#primaryimage\",\"url\":\"https:\/\/www.domtechnikpro.com\/wp-content\/uploads\/2026\/SK0001346-CZ20260425-091623-0-1777079785-ovladaci-kabel-jyty-o-3x1-pro-merici-ridici-a-automatizacni.webp\",\"contentUrl\":\"https:\/\/www.domtechnikpro.com\/wp-content\/uploads\/2026\/SK0001346-CZ20260425-091623-0-1777079785-ovladaci-kabel-jyty-o-3x1-pro-merici-ridici-a-automatizacni.webp\",\"width\":1000,\"height\":525},{\"@type\":\"BreadcrumbList\",\"@id\":\"https:\/\/www.domtechnikpro.com\/index.php\/produkt\/expresni-doruceni-ovladaci-kabel-jyty-o-3x1-pro-merici-ridici-a-automatizacni-systemy-modry-hnedy-cerny-3725\/#breadcrumb\",\"itemListElement\":[{\"@type\":\"ListItem\",\"position\":1,\"name\":\"Home\",\"item\":\"https:\/\/www.domtechnikpro.com\/\"},{\"@type\":\"ListItem\",\"position\":2,\"name\":\"Products\",\"item\":\"https:\/\/www.domtechnikpro.com\/index.php\/products\/\"},{\"@type\":\"ListItem\",\"position\":3,\"name\":\"Expresn\u00ed Doru\u010den\u00ed Ovl\u00e1dac\u00ed kabel JYTY-O 3&#215;1 pro m\u011b\u0159\u00edc\u00ed, \u0159\u00edd\u00edc\u00ed a automatiza\u010dn\u00ed syst\u00e9my, \/modr\u00fd-hn\u011bd\u00fd-\u010dern\u00fd\/\"}]},{\"@type\":\"WebSite\",\"@id\":\"https:\/\/www.domtechnikpro.com\/#website\",\"url\":\"https:\/\/www.domtechnikpro.com\/\",\"name\":\"\",\"description\":\"\",\"potentialAction\":[{\"@type\":\"SearchAction\",\"target\":{\"@type\":\"EntryPoint\",\"urlTemplate\":\"https:\/\/www.domtechnikpro.com\/?s={search_term_string}\"},\"query-input\":{\"@type\":\"PropertyValueSpecification\",\"valueRequired\":true,\"valueName\":\"search_term_string\"}}],\"inLanguage\":\"cs\"}]}<\/script>\n<!-- \/ Yoast SEO plugin. -->","yoast_head_json":{"title":"Expresn\u00ed Doru\u010den\u00ed Ovl\u00e1dac\u00ed kabel JYTY-O 3x1 pro m\u011b\u0159\u00edc\u00ed, \u0159\u00edd\u00edc\u00ed a automatiza\u010dn\u00ed syst\u00e9my, \/modr\u00fd-hn\u011bd\u00fd-\u010dern\u00fd\/ -","robots":{"index":"index","follow":"follow","max-snippet":"max-snippet:-1","max-image-preview":"max-image-preview:large","max-video-preview":"max-video-preview:-1"},"canonical":"https:\/\/www.domtechnikpro.com\/index.php\/produkt\/expresni-doruceni-ovladaci-kabel-jyty-o-3x1-pro-merici-ridici-a-automatizacni-systemy-modry-hnedy-cerny-3725\/","og_locale":"cs_CZ","og_type":"article","og_title":"Expresn\u00ed Doru\u010den\u00ed Ovl\u00e1dac\u00ed kabel JYTY-O 3x1 pro m\u011b\u0159\u00edc\u00ed, \u0159\u00edd\u00edc\u00ed a automatiza\u010dn\u00ed syst\u00e9my, \/modr\u00fd-hn\u011bd\u00fd-\u010dern\u00fd\/ -","og_description":"Ovl\u00e1dac\u00ed kabel JYTY-O 3&#215;1 pro m\u011b\u0159\u00edc\u00ed, \u0159\u00edd\u00edc\u00ed a automatiza\u010dn\u00ed syst\u00e9my \u00a0Pr\u016fmyslov\u00e9 ovl\u00e1dac\u00ed kabely s pln\u00fdm j\u00e1drem \u00a0 Pou\u017eit\u00edKabely jsou ur\u010deny v pevn\u00e9m ulo\u017een\u00ed pro m\u011b\u0159\u00edc\u00ed, \u0159\u00edd\u00edc\u00ed a automatiza\u010dn\u00ed syst\u00e9my.\u00a0 \u00a0 TECHNICK\u00c1 DATA Technick\u00e1 specifikace:TP PRAKAB 04\/03 \u2013 2. vyd\u00e1n\u00edJmenovit nap\u011bt\u00ed250 V pro \u2205j\u00e1dra 1,0 mm380 V pro \u2205j\u00e1dra 1,8 mmZku\u0161ebn\u00ed nap\u011bt\u00ed1 kV\/50 Hz pro \u2205j\u00e1dr [&hellip;]","og_url":"https:\/\/www.domtechnikpro.com\/index.php\/produkt\/expresni-doruceni-ovladaci-kabel-jyty-o-3x1-pro-merici-ridici-a-automatizacni-systemy-modry-hnedy-cerny-3725\/","og_image":[{"width":1000,"height":525,"url":"https:\/\/www.domtechnikpro.com\/wp-content\/uploads\/2026\/SK0001346-CZ20260425-091623-0-1777079785-ovladaci-kabel-jyty-o-3x1-pro-merici-ridici-a-automatizacni.webp","type":"image\/webp"}],"twitter_card":"summary_large_image","twitter_misc":{"Odhadovan\u00e1 doba \u010dten\u00ed":"1 minuta"},"schema":{"@context":"https:\/\/schema.org","@graph":[{"@type":"WebPage","@id":"https:\/\/www.domtechnikpro.com\/index.php\/produkt\/expresni-doruceni-ovladaci-kabel-jyty-o-3x1-pro-merici-ridici-a-automatizacni-systemy-modry-hnedy-cerny-3725\/","url":"https:\/\/www.domtechnikpro.com\/index.php\/produkt\/expresni-doruceni-ovladaci-kabel-jyty-o-3x1-pro-merici-ridici-a-automatizacni-systemy-modry-hnedy-cerny-3725\/","name":"Expresn\u00ed Doru\u010den\u00ed Ovl\u00e1dac\u00ed kabel JYTY-O 3x1 pro m\u011b\u0159\u00edc\u00ed, \u0159\u00edd\u00edc\u00ed a automatiza\u010dn\u00ed syst\u00e9my, \/modr\u00fd-hn\u011bd\u00fd-\u010dern\u00fd\/ -","isPartOf":{"@id":"https:\/\/www.domtechnikpro.com\/#website"},"primaryImageOfPage":{"@id":"https:\/\/www.domtechnikpro.com\/index.php\/produkt\/expresni-doruceni-ovladaci-kabel-jyty-o-3x1-pro-merici-ridici-a-automatizacni-systemy-modry-hnedy-cerny-3725\/#primaryimage"},"image":{"@id":"https:\/\/www.domtechnikpro.com\/index.php\/produkt\/expresni-doruceni-ovladaci-kabel-jyty-o-3x1-pro-merici-ridici-a-automatizacni-systemy-modry-hnedy-cerny-3725\/#primaryimage"},"thumbnailUrl":"https:\/\/www.domtechnikpro.com\/wp-content\/uploads\/2026\/SK0001346-CZ20260425-091623-0-1777079785-ovladaci-kabel-jyty-o-3x1-pro-merici-ridici-a-automatizacni.webp","datePublished":"2026-04-26T08:52:00+00:00","breadcrumb":{"@id":"https:\/\/www.domtechnikpro.com\/index.php\/produkt\/expresni-doruceni-ovladaci-kabel-jyty-o-3x1-pro-merici-ridici-a-automatizacni-systemy-modry-hnedy-cerny-3725\/#breadcrumb"},"inLanguage":"cs","potentialAction":[{"@type":"ReadAction","target":["https:\/\/www.domtechnikpro.com\/index.php\/produkt\/expresni-doruceni-ovladaci-kabel-jyty-o-3x1-pro-merici-ridici-a-automatizacni-systemy-modry-hnedy-cerny-3725\/"]}]},{"@type":"ImageObject","inLanguage":"cs","@id":"https:\/\/www.domtechnikpro.com\/index.php\/produkt\/expresni-doruceni-ovladaci-kabel-jyty-o-3x1-pro-merici-ridici-a-automatizacni-systemy-modry-hnedy-cerny-3725\/#primaryimage","url":"https:\/\/www.domtechnikpro.com\/wp-content\/uploads\/2026\/SK0001346-CZ20260425-091623-0-1777079785-ovladaci-kabel-jyty-o-3x1-pro-merici-ridici-a-automatizacni.webp","contentUrl":"https:\/\/www.domtechnikpro.com\/wp-content\/uploads\/2026\/SK0001346-CZ20260425-091623-0-1777079785-ovladaci-kabel-jyty-o-3x1-pro-merici-ridici-a-automatizacni.webp","width":1000,"height":525},{"@type":"BreadcrumbList","@id":"https:\/\/www.domtechnikpro.com\/index.php\/produkt\/expresni-doruceni-ovladaci-kabel-jyty-o-3x1-pro-merici-ridici-a-automatizacni-systemy-modry-hnedy-cerny-3725\/#breadcrumb","itemListElement":[{"@type":"ListItem","position":1,"name":"Home","item":"https:\/\/www.domtechnikpro.com\/"},{"@type":"ListItem","position":2,"name":"Products","item":"https:\/\/www.domtechnikpro.com\/index.php\/products\/"},{"@type":"ListItem","position":3,"name":"Expresn\u00ed Doru\u010den\u00ed Ovl\u00e1dac\u00ed kabel JYTY-O 3&#215;1 pro m\u011b\u0159\u00edc\u00ed, \u0159\u00edd\u00edc\u00ed a automatiza\u010dn\u00ed syst\u00e9my, \/modr\u00fd-hn\u011bd\u00fd-\u010dern\u00fd\/"}]},{"@type":"WebSite","@id":"https:\/\/www.domtechnikpro.com\/#website","url":"https:\/\/www.domtechnikpro.com\/","name":"","description":"","potentialAction":[{"@type":"SearchAction","target":{"@type":"EntryPoint","urlTemplate":"https:\/\/www.domtechnikpro.com\/?s={search_term_string}"},"query-input":{"@type":"PropertyValueSpecification","valueRequired":true,"valueName":"search_term_string"}}],"inLanguage":"cs"}]}},"_links":{"self":[{"href":"https:\/\/www.domtechnikpro.com\/index.php\/wp-json\/wp\/v2\/product\/3725","targetHints":{"allow":["GET"]}}],"collection":[{"href":"https:\/\/www.domtechnikpro.com\/index.php\/wp-json\/wp\/v2\/product"}],"about":[{"href":"https:\/\/www.domtechnikpro.com\/index.php\/wp-json\/wp\/v2\/types\/product"}],"replies":[{"embeddable":true,"href":"https:\/\/www.domtechnikpro.com\/index.php\/wp-json\/wp\/v2\/comments?post=3725"}],"wp:featuredmedia":[{"embeddable":true,"href":"https:\/\/www.domtechnikpro.com\/index.php\/wp-json\/wp\/v2\/media\/3825"}],"wp:attachment":[{"href":"https:\/\/www.domtechnikpro.com\/index.php\/wp-json\/wp\/v2\/media?parent=3725"}],"wp:term":[{"taxonomy":"product_brand","embeddable":true,"href":"https:\/\/www.domtechnikpro.com\/index.php\/wp-json\/wp\/v2\/product_brand?post=3725"},{"taxonomy":"product_cat","embeddable":true,"href":"https:\/\/www.domtechnikpro.com\/index.php\/wp-json\/wp\/v2\/product_cat?post=3725"},{"taxonomy":"product_tag","embeddable":true,"href":"https:\/\/www.domtechnikpro.com\/index.php\/wp-json\/wp\/v2\/product_tag?post=3725"}],"curies":[{"name":"wp","href":"https:\/\/api.w.org\/{rel}","templated":true}]}}