{"id":36943,"date":"2026-04-26T08:58:06","date_gmt":"2026-04-26T08:58:06","guid":{"rendered":""},"modified":"2026-04-26T08:58:06","modified_gmt":"2026-04-26T08:58:06","slug":"znackovy-pnz-barevny-olej-2-5-l-odstin-bezbarvy-span-class-product-appendix-darek-k-objednavce-nad-1000kc-span-36943","status":"publish","type":"product","link":"https:\/\/www.domtechnikpro.com\/index.php\/produkt\/znackovy-pnz-barevny-olej-2-5-l-odstin-bezbarvy-span-class-product-appendix-darek-k-objednavce-nad-1000kc-span-36943\/","title":{"rendered":"Zna\u010dkov\u00fd PNZ Barevn\u00fd olej 2,5 L Odst\u00edn: Bezbarv\u00fd <span class=\"product-appendix\"> + d\u00e1rek k objedn\u00e1vce nad 1000K\u010d<\/span>"},"content":{"rendered":"<div class=\"basic-description\">\n<h3>Detailn\u00ed popis produktu<\/h3>\n<p>PNZ Barevn\u00fd olej PNZ COLOR-\u00d6L <br \/> <strong>Charakteristika:<\/strong> PNZ Barevn\u00fd olej je zabarven\u00fd olej na d\u0159evo na p\u0159\u00edrodn\u00ed b\u00e1zi, bez obsahu rozpou\u0161t\u011bdel. Vytv\u00e1\u0159\u00ed velmi trvanliv\u00fd ochrann\u00fd n\u00e1t\u011br pro vnit\u0159n\u00ed a venkovn\u00ed pou\u017eit\u00ed s vynikaj\u00edc\u00edm hloubkov\u00fdm pronik\u00e1n\u00edm. V\u00fdroba vych\u00e1z\u00ed z des\u00edtky let star\u00fdch tradi\u010dn\u00edch receptur. Lze pou\u017e\u00edt na nov\u00e9 d\u0159evo i star\u0161\u00ed soudr\u017en\u00e9 n\u00e1t\u011bry. V\u00fdt\u011b\u017enost je dvojn\u00e1sobn\u00e1 oproti b\u011b\u017en\u00fdm lazurovac\u00edm n\u00e1t\u011br\u016fm. Vynikaj\u00edc\u00ed zas\u00ed\u0165ovac\u00ed vlastnosti, z\u0159eteln\u011b del\u0161\u00ed \u017eivotnost a vysok\u00e1 ochrana proti UV z\u00e1\u0159en\u00ed je d\u00e1na pou\u017eit\u00edm nanotechnologie. M\u00e1 nest\u00e9kavou \u00fapravu, je elastick\u00fd a vlhkostn\u011b regula\u010dn\u00ed. Sni\u017euje prask\u00e1n\u00ed, bobtn\u00e1n\u00ed a ub\u00fdv\u00e1n\u00ed d\u0159evn\u00ed hmoty. <br \/><strong>Pou\u017eit\u00ed:<\/strong> Slou\u017e\u00ed k zbarven\u00ed a zu\u0161lecht\u011bn\u00ed dom\u00e1c\u00edch i exotick\u00fdch d\u0159evin, v exteri\u00e9ru i interi\u00e9ru. Na okna, v\u00fdlohy, oblo\u017een\u00ed fas\u00e1d, dve\u0159e, ploty, profilovan\u00e9 d\u0159evo, balkony, gar\u00e1\u017eov\u00e9 dve\u0159e, n\u00e1bytek, korek, podlahy, zahradn\u00ed domky, ale i v\u010del\u00ed \u00faly a d\u011btsk\u00e9 hra\u010dky. Po zaschnut\u00ed m\u016f\u017ee p\u0159ij\u00edt do styku s potravinami. Vynikaj\u00edc\u00ed jako renova\u010dn\u00ed n\u00e1t\u011br. <br \/><strong>Zpracov\u00e1n\u00ed:<\/strong> Nat\u00edr\u00e1n\u00edm, st\u0159\u00edk\u00e1n\u00edm, v\u00e1le\u010dkov\u00e1n\u00edm. D\u0159evo mus\u00ed b\u00fdt \u010dist\u00e9, such\u00e9 (m\u00e9n\u011b ne\u017e 18%) a odma\u0161t\u011bn\u00e9. Lze p\u0159et\u00edrat i star\u0161\u00ed \u00fanosn\u00e9 n\u00e1t\u011bry. Pro ochranu proti modr\u00e1n\u00ed a hnilob\u011b doporu\u010dujeme p\u0159edchoz\u00ed n\u00e1t\u011br PNZ Impregna\u010dn\u00edm z\u00e1kladem nebo PNZ B\u00f3rovou impregnac\u00ed. U n\u011bkter\u00fdch d\u0159evin (dub, mod\u0159\u00edn, cedr, <span class=\"show-tooltip\" title=\"Teak je barevn\u00fd odst\u00edn, kter\u00fd se pou\u017e\u00edv\u00e1 u lazurovac\u00edch lak\u016f nap\u0159. na okna, ploty, l\u00e1vky d\u0159ev\u011bn\u00e9 fas\u00e1dy atd. Odst\u00edny Teak naleznete na na\u0161em eshopu ZDE:&amp;nbsp;Odst\u00edny TEAK &amp;nbsp;\">teak<\/span>, OSB desky) m\u016f\u017ee doj\u00edt k barevn\u00e9mu pror\u00e1\u017een\u00ed l\u00e1tek obsa\u017een\u00fdch ve d\u0159ev\u011b. Na tyto druhy d\u0159ev doporu\u010dujeme pou\u017e\u00edt p\u0159\u00edpravek PNZ Izola\u010dn\u00ed z\u00e1klad. PNZ Barevn\u00fd olej je nutn\u00e9 d\u016fkladn\u011b prom\u00edchat. Teplota p\u0159i zpracov\u00e1n\u00ed nad +8 C. V exteri\u00e9ru pro vysokou \u017eivotnost a UV ochranu prove\u010fte 2 n\u00e1t\u011bry. V interi\u00e9ru posta\u010d\u00ed jeden n\u00e1t\u011br. Bezbarv\u00fd odst\u00edn se ve venkovn\u00edm prost\u0159ed\u00ed nepou\u017e\u00edv\u00e1 samostatn\u011b, ale k p\u0159et\u0159en\u00ed zabarven\u00fdch odst\u00edn\u016f. V d\u00f3ze je olej ml\u00e9\u010dn\u00fd, ale zasych\u00e1 v udan\u00e9m barevn\u00e9m odst\u00ednu. Barevn\u00e9 <span class=\"show-tooltip\" title=\"odst\u00edny n\u00e1t\u011br\u016f d\u0159eva\u00a0Obecn\u011b plat\u00ed\u00a0\u2013 \u010d\u00edm sv\u011btlej\u0161\u00ed odst\u00edn fin\u00e1ln\u00ed \u00fapravy d\u0159eva zvol\u00edte, t\u00edm krat\u0161\u00ed bude \u017eivotnost nat\u00edran\u00e9ho povrchu. D\u016fvodem je minim\u00e1ln\u00ed obsah pigmentu ve sv\u011btl\u00fdch lazur\u00e1ch, kter\u00e9 d\u0159evo chr\u00e1n\u00ed p\u0159ed ze\u0161ednut\u00edm a \u010dern\u00e1n\u00edm.Velmi&amp;hellip;\">odst\u00edny<\/span> jsou mezi sebou m\u00edsiteln\u00e9. Pro zv\u00fd\u0161en\u00ed odolnosti podlah, v interi\u00e9ru i exteri\u00e9ru, naneseme na pigmentovan\u00fd PNZ Barevn\u00fd olej jako n\u00e1slednou vrstvu PNZ Tvrdovoskov\u00fd olej. <br \/><strong>Doba zasych\u00e1n\u00ed: <\/strong> 6 &#8211; 24 hodin dle vzdu\u0161n\u00e9 vlhkosti a teploty. Zaschl\u00e9 proti prachu cca. za 1 hodinu. P\u0159et\u00edrateln\u00e9 i v lehce naschl\u00e9m stavu za 2 &#8211; 6 hodin. P\u0159i vlhk\u00e9m chladn\u00e9m po\u010das\u00ed se doba <span class=\"show-tooltip\" title=\"Impregnov\u00e1n\u00ed, lazurov\u00e1n\u00ed a&amp;nbsp;lakov\u00e1n\u00ed mus\u00ed b\u00fdt prov\u00e1d\u011bno v\u017edy ve sm\u011bru vl\u00e1ken, aby aplikovan\u00e1 vrstva pat\u0159i\u010dn\u011b pronikla do hloubky d\u0159eva. D\u016fle\u017eit\u00e9 je tak\u00e9 d\u016fkladn\u00e9 p\u0159ekryt\u00ed hran a&amp;nbsp;vrcholk\u016f d\u0159ev\u011bn\u00fdch prvk\u016f (p\u0159\u00ed\u010dn\u00e9 \u0159ezy). P\u0159i n\u00e1t\u011bru oblo\u017een\u00ed,&amp;hellip;\">schnut\u00ed<\/span> prodlu\u017euje. <br \/><strong>Spot\u0159eba:<\/strong> 1litr vysta\u010d\u00ed na 20m2 a v\u00edce v jedn\u00e9 vrstv\u011b.Tento \u00fadaj je pr\u016fm\u011brn\u00fd. P\u0159esn\u00e9 mno\u017estv\u00ed spot\u0159ebovan\u00e9 barvy z\u00e1vis\u00ed na druhu d\u0159eva a stupni vybrou\u0161en\u00ed a mus\u00ed b\u00fdt zji\u0161t\u011bno zkou\u0161kou. <br \/><strong>Skladov\u00e1n\u00ed: <\/strong>V dob\u0159e uzav\u0159en\u00e9 n\u00e1dob\u011b v chladu (chr\u00e1nit p\u0159ed mrazem) <br \/><strong>\u010ci\u0161t\u011bn\u00ed:<\/strong>N\u00e1\u0159ad\u00ed \u010distit vodou a m\u00fddlem okam\u017eit\u011b po pou\u017eit\u00ed, pop\u0159\u00edpad\u011b PNZ Speci\u00e1ln\u00edm \u0159edidlem. <br \/><strong>Odst\u00edny dle vzorkovn\u00edku:<\/strong> bezbarv\u00fd, v\u00e1penn\u011b b\u00edl\u00fd, mod\u0159\u00edn, dub tmav\u00fd, meranti\/teak, merbau, bambusov\u011b \u017elut\u00fd\/limba, dub sv\u011btl\u00fd, \u0159epkov\u011b \u017elut\u00fd, m\u00e1kov\u011b \u010derven\u00fd, grafitov\u011b \u010dern\u00fd, petrolejov\u011b modr\u00fd, st\u0159\u00edbro\u0161ed\u00fd, pastelov\u011b zelen\u00fd, krystalov\u011b modr\u00fd. V\u0161echny odst\u00edny jsou vz\u00e1jemn\u011b m\u00edsiteln\u00e9. <br \/><strong>Upozorn\u011bn\u00ed:<\/strong> P\u0159i pou\u017eit\u00ed v\u00edce balen\u00ed s rozd\u00edln\u00fdm \u010d\u00edslem \u0161ar\u017ee je dobr\u00e9 tyto ve v\u011bt\u0161\u00ed n\u00e1dob\u011b sm\u00edsit a prom\u00edchat. <br \/><strong>Suroviny:<\/strong> Zu\u0161lecht\u011bn\u00e9 p\u0159\u00edrodn\u00ed oleje &#8211; sojov\u00fd, slune\u010dnicov\u00fd, bodl\u00e1kov\u00fd, tungov\u00fd olej, damar, \u017eelezit\u00e9 oxidy, titanov\u00e1 b\u011bloba, organick\u00e9 pigmenty povolen\u00e9 v potravin\u00e1\u0159sk\u00e9m pr\u016fmyslu, zirkonov\u00e1 a kobaltov\u00e1 m\u00fddla. <br \/><strong>Velikosti balen\u00ed:<\/strong> 0,25l, 0,75 l, 2,5 l, 10l <br \/><strong>Zna\u010den\u00ed:<\/strong> Klasifikov\u00e1no jako jeduprost\u00fd, DIN 53160 d\u00edlC\/EN 71 bez rozpo\u0161t\u011bdel. \u0160patn\u011b ho\u0159lav\u00fd dle TLA &#8211; 053, DIN 4102 t\u0159\u00edda B2. UBA 26010024 <br \/><strong>O\u0161et\u0159ov\u00e1n\u00ed:<\/strong> Podlahy vys\u00e1vat. P\u0159i siln\u00e9m za\u0161pin\u011bn\u00ed vyt\u0159\u00edt vodou s p\u0159\u00eddavkem PNZ M\u00fddlov\u00e9 o\u0161et\u0159en\u00ed d\u0159eva. P\u0159\u00edpadn\u011b o\u017eivit pomoc\u00ed PNZ O\u0161et\u0159ovac\u00ed emulze. Opravy lze prov\u00e1d\u011bt m\u00edstn\u011b. <br \/><strong>Upozorn\u011bn\u00ed:<\/strong> \u00da\u010dinkuje na r\u016fzn\u00fdch ploch\u00e1ch r\u016fzn\u011b. Zku\u0161ebn\u00ed vzorky jsou bezpodm\u00edne\u010dn\u011b nutn\u00e9!<\/p>\n<p>&nbsp;&nbsp;<\/p>\n<p><span style=\"font-size: 14pt;\"><strong><\/strong><\/span><\/p>\n<\/p><\/div>\n","protected":false},"excerpt":{"rendered":"<p>Detailn\u00ed popis produktu PNZ Barevn\u00fd olej PNZ COLOR-\u00d6L Charakteristika: PNZ Barevn\u00fd olej je zabarven\u00fd olej na d\u0159evo na p\u0159\u00edrodn\u00ed b\u00e1zi, bez obsahu rozpou\u0161t\u011bdel. Vytv\u00e1\u0159\u00ed velmi trvanliv\u00fd ochrann\u00fd n\u00e1t\u011br pro vnit\u0159n\u00ed a venkovn\u00ed pou\u017eit\u00ed s vynikaj\u00edc\u00edm hloubkov\u00fdm pronik\u00e1n\u00edm. V\u00fdroba vych\u00e1z\u00ed z des\u00edtky let star\u00fdch tradi\u010dn\u00edch receptur. Lze pou\u017e\u00edt na nov\u00e9 d\u0159evo i star\u0161\u00ed soudr\u017en\u00e9 n\u00e1t\u011bry. V\u00fdt\u011b\u017enost [&hellip;]<\/p>\n","protected":false},"featured_media":37043,"comment_status":"open","ping_status":"open","template":"","meta":[],"product_brand":[],"product_cat":[129],"product_tag":[],"class_list":{"0":"post-36943","1":"product","2":"type-product","3":"status-publish","4":"has-post-thumbnail","6":"product_cat-vyrobci","8":"first","9":"instock","10":"sale","11":"shipping-taxable","12":"purchasable","13":"product-type-simple"},"yoast_head":"<!-- This site is optimized with the Yoast SEO plugin v26.8 - https:\/\/yoast.com\/product\/yoast-seo-wordpress\/ -->\n<title>Zna\u010dkov\u00fd PNZ Barevn\u00fd olej 2,5 L Odst\u00edn: Bezbarv\u00fd  + d\u00e1rek k objedn\u00e1vce nad 1000K\u010d -<\/title>\n<meta name=\"robots\" content=\"index, follow, max-snippet:-1, max-image-preview:large, max-video-preview:-1\" \/>\n<link rel=\"canonical\" href=\"https:\/\/www.domtechnikpro.com\/index.php\/produkt\/znackovy-pnz-barevny-olej-2-5-l-odstin-bezbarvy-span-class-product-appendix-darek-k-objednavce-nad-1000kc-span-36943\/\" \/>\n<meta property=\"og:locale\" content=\"cs_CZ\" \/>\n<meta property=\"og:type\" content=\"article\" \/>\n<meta property=\"og:title\" content=\"Zna\u010dkov\u00fd PNZ Barevn\u00fd olej 2,5 L Odst\u00edn: Bezbarv\u00fd  + d\u00e1rek k objedn\u00e1vce nad 1000K\u010d -\" \/>\n<meta property=\"og:description\" content=\"Detailn\u00ed popis produktu PNZ Barevn\u00fd olej PNZ COLOR-\u00d6L Charakteristika: PNZ Barevn\u00fd olej je zabarven\u00fd olej na d\u0159evo na p\u0159\u00edrodn\u00ed b\u00e1zi, bez obsahu rozpou\u0161t\u011bdel. Vytv\u00e1\u0159\u00ed velmi trvanliv\u00fd ochrann\u00fd n\u00e1t\u011br pro vnit\u0159n\u00ed a venkovn\u00ed pou\u017eit\u00ed s vynikaj\u00edc\u00edm hloubkov\u00fdm pronik\u00e1n\u00edm. V\u00fdroba vych\u00e1z\u00ed z des\u00edtky let star\u00fdch tradi\u010dn\u00edch receptur. Lze pou\u017e\u00edt na nov\u00e9 d\u0159evo i star\u0161\u00ed soudr\u017en\u00e9 n\u00e1t\u011bry. V\u00fdt\u011b\u017enost [&hellip;]\" \/>\n<meta property=\"og:url\" content=\"https:\/\/www.domtechnikpro.com\/index.php\/produkt\/znackovy-pnz-barevny-olej-2-5-l-odstin-bezbarvy-span-class-product-appendix-darek-k-objednavce-nad-1000kc-span-36943\/\" \/>\n<meta property=\"og:image\" content=\"https:\/\/www.domtechnikpro.com\/wp-content\/uploads\/2026\/SK0002725-CZ20260425-092420-0-1777080261-3186995_na--vrh-bez-na--zvu--2.webp\" \/>\n\t<meta property=\"og:image:width\" content=\"1000\" \/>\n\t<meta property=\"og:image:height\" content=\"750\" \/>\n\t<meta property=\"og:image:type\" content=\"image\/webp\" \/>\n<meta name=\"twitter:card\" content=\"summary_large_image\" \/>\n<meta name=\"twitter:label1\" content=\"Odhadovan\u00e1 doba \u010dten\u00ed\" \/>\n\t<meta name=\"twitter:data1\" content=\"4 minuty\" \/>\n<script type=\"application\/ld+json\" class=\"yoast-schema-graph\">{\"@context\":\"https:\/\/schema.org\",\"@graph\":[{\"@type\":\"WebPage\",\"@id\":\"https:\/\/www.domtechnikpro.com\/index.php\/produkt\/znackovy-pnz-barevny-olej-2-5-l-odstin-bezbarvy-span-class-product-appendix-darek-k-objednavce-nad-1000kc-span-36943\/\",\"url\":\"https:\/\/www.domtechnikpro.com\/index.php\/produkt\/znackovy-pnz-barevny-olej-2-5-l-odstin-bezbarvy-span-class-product-appendix-darek-k-objednavce-nad-1000kc-span-36943\/\",\"name\":\"Zna\u010dkov\u00fd PNZ Barevn\u00fd olej 2,5 L Odst\u00edn: Bezbarv\u00fd + d\u00e1rek k objedn\u00e1vce nad 1000K\u010d -\",\"isPartOf\":{\"@id\":\"https:\/\/www.domtechnikpro.com\/#website\"},\"primaryImageOfPage\":{\"@id\":\"https:\/\/www.domtechnikpro.com\/index.php\/produkt\/znackovy-pnz-barevny-olej-2-5-l-odstin-bezbarvy-span-class-product-appendix-darek-k-objednavce-nad-1000kc-span-36943\/#primaryimage\"},\"image\":{\"@id\":\"https:\/\/www.domtechnikpro.com\/index.php\/produkt\/znackovy-pnz-barevny-olej-2-5-l-odstin-bezbarvy-span-class-product-appendix-darek-k-objednavce-nad-1000kc-span-36943\/#primaryimage\"},\"thumbnailUrl\":\"https:\/\/www.domtechnikpro.com\/wp-content\/uploads\/2026\/SK0002725-CZ20260425-092420-0-1777080261-3186995_na--vrh-bez-na--zvu--2.webp\",\"datePublished\":\"2026-04-26T08:58:06+00:00\",\"breadcrumb\":{\"@id\":\"https:\/\/www.domtechnikpro.com\/index.php\/produkt\/znackovy-pnz-barevny-olej-2-5-l-odstin-bezbarvy-span-class-product-appendix-darek-k-objednavce-nad-1000kc-span-36943\/#breadcrumb\"},\"inLanguage\":\"cs\",\"potentialAction\":[{\"@type\":\"ReadAction\",\"target\":[\"https:\/\/www.domtechnikpro.com\/index.php\/produkt\/znackovy-pnz-barevny-olej-2-5-l-odstin-bezbarvy-span-class-product-appendix-darek-k-objednavce-nad-1000kc-span-36943\/\"]}]},{\"@type\":\"ImageObject\",\"inLanguage\":\"cs\",\"@id\":\"https:\/\/www.domtechnikpro.com\/index.php\/produkt\/znackovy-pnz-barevny-olej-2-5-l-odstin-bezbarvy-span-class-product-appendix-darek-k-objednavce-nad-1000kc-span-36943\/#primaryimage\",\"url\":\"https:\/\/www.domtechnikpro.com\/wp-content\/uploads\/2026\/SK0002725-CZ20260425-092420-0-1777080261-3186995_na--vrh-bez-na--zvu--2.webp\",\"contentUrl\":\"https:\/\/www.domtechnikpro.com\/wp-content\/uploads\/2026\/SK0002725-CZ20260425-092420-0-1777080261-3186995_na--vrh-bez-na--zvu--2.webp\",\"width\":1000,\"height\":750},{\"@type\":\"BreadcrumbList\",\"@id\":\"https:\/\/www.domtechnikpro.com\/index.php\/produkt\/znackovy-pnz-barevny-olej-2-5-l-odstin-bezbarvy-span-class-product-appendix-darek-k-objednavce-nad-1000kc-span-36943\/#breadcrumb\",\"itemListElement\":[{\"@type\":\"ListItem\",\"position\":1,\"name\":\"Home\",\"item\":\"https:\/\/www.domtechnikpro.com\/\"},{\"@type\":\"ListItem\",\"position\":2,\"name\":\"Products\",\"item\":\"https:\/\/www.domtechnikpro.com\/index.php\/products\/\"},{\"@type\":\"ListItem\",\"position\":3,\"name\":\"Zna\u010dkov\u00fd PNZ Barevn\u00fd olej 2,5 L Odst\u00edn: Bezbarv\u00fd + d\u00e1rek k objedn\u00e1vce nad 1000K\u010d\"}]},{\"@type\":\"WebSite\",\"@id\":\"https:\/\/www.domtechnikpro.com\/#website\",\"url\":\"https:\/\/www.domtechnikpro.com\/\",\"name\":\"\",\"description\":\"\",\"potentialAction\":[{\"@type\":\"SearchAction\",\"target\":{\"@type\":\"EntryPoint\",\"urlTemplate\":\"https:\/\/www.domtechnikpro.com\/?s={search_term_string}\"},\"query-input\":{\"@type\":\"PropertyValueSpecification\",\"valueRequired\":true,\"valueName\":\"search_term_string\"}}],\"inLanguage\":\"cs\"}]}<\/script>\n<!-- \/ Yoast SEO plugin. -->","yoast_head_json":{"title":"Zna\u010dkov\u00fd PNZ Barevn\u00fd olej 2,5 L Odst\u00edn: Bezbarv\u00fd  + d\u00e1rek k objedn\u00e1vce nad 1000K\u010d -","robots":{"index":"index","follow":"follow","max-snippet":"max-snippet:-1","max-image-preview":"max-image-preview:large","max-video-preview":"max-video-preview:-1"},"canonical":"https:\/\/www.domtechnikpro.com\/index.php\/produkt\/znackovy-pnz-barevny-olej-2-5-l-odstin-bezbarvy-span-class-product-appendix-darek-k-objednavce-nad-1000kc-span-36943\/","og_locale":"cs_CZ","og_type":"article","og_title":"Zna\u010dkov\u00fd PNZ Barevn\u00fd olej 2,5 L Odst\u00edn: Bezbarv\u00fd  + d\u00e1rek k objedn\u00e1vce nad 1000K\u010d -","og_description":"Detailn\u00ed popis produktu PNZ Barevn\u00fd olej PNZ COLOR-\u00d6L Charakteristika: PNZ Barevn\u00fd olej je zabarven\u00fd olej na d\u0159evo na p\u0159\u00edrodn\u00ed b\u00e1zi, bez obsahu rozpou\u0161t\u011bdel. Vytv\u00e1\u0159\u00ed velmi trvanliv\u00fd ochrann\u00fd n\u00e1t\u011br pro vnit\u0159n\u00ed a venkovn\u00ed pou\u017eit\u00ed s vynikaj\u00edc\u00edm hloubkov\u00fdm pronik\u00e1n\u00edm. V\u00fdroba vych\u00e1z\u00ed z des\u00edtky let star\u00fdch tradi\u010dn\u00edch receptur. Lze pou\u017e\u00edt na nov\u00e9 d\u0159evo i star\u0161\u00ed soudr\u017en\u00e9 n\u00e1t\u011bry. V\u00fdt\u011b\u017enost [&hellip;]","og_url":"https:\/\/www.domtechnikpro.com\/index.php\/produkt\/znackovy-pnz-barevny-olej-2-5-l-odstin-bezbarvy-span-class-product-appendix-darek-k-objednavce-nad-1000kc-span-36943\/","og_image":[{"width":1000,"height":750,"url":"https:\/\/www.domtechnikpro.com\/wp-content\/uploads\/2026\/SK0002725-CZ20260425-092420-0-1777080261-3186995_na--vrh-bez-na--zvu--2.webp","type":"image\/webp"}],"twitter_card":"summary_large_image","twitter_misc":{"Odhadovan\u00e1 doba \u010dten\u00ed":"4 minuty"},"schema":{"@context":"https:\/\/schema.org","@graph":[{"@type":"WebPage","@id":"https:\/\/www.domtechnikpro.com\/index.php\/produkt\/znackovy-pnz-barevny-olej-2-5-l-odstin-bezbarvy-span-class-product-appendix-darek-k-objednavce-nad-1000kc-span-36943\/","url":"https:\/\/www.domtechnikpro.com\/index.php\/produkt\/znackovy-pnz-barevny-olej-2-5-l-odstin-bezbarvy-span-class-product-appendix-darek-k-objednavce-nad-1000kc-span-36943\/","name":"Zna\u010dkov\u00fd PNZ Barevn\u00fd olej 2,5 L Odst\u00edn: Bezbarv\u00fd + d\u00e1rek k objedn\u00e1vce nad 1000K\u010d -","isPartOf":{"@id":"https:\/\/www.domtechnikpro.com\/#website"},"primaryImageOfPage":{"@id":"https:\/\/www.domtechnikpro.com\/index.php\/produkt\/znackovy-pnz-barevny-olej-2-5-l-odstin-bezbarvy-span-class-product-appendix-darek-k-objednavce-nad-1000kc-span-36943\/#primaryimage"},"image":{"@id":"https:\/\/www.domtechnikpro.com\/index.php\/produkt\/znackovy-pnz-barevny-olej-2-5-l-odstin-bezbarvy-span-class-product-appendix-darek-k-objednavce-nad-1000kc-span-36943\/#primaryimage"},"thumbnailUrl":"https:\/\/www.domtechnikpro.com\/wp-content\/uploads\/2026\/SK0002725-CZ20260425-092420-0-1777080261-3186995_na--vrh-bez-na--zvu--2.webp","datePublished":"2026-04-26T08:58:06+00:00","breadcrumb":{"@id":"https:\/\/www.domtechnikpro.com\/index.php\/produkt\/znackovy-pnz-barevny-olej-2-5-l-odstin-bezbarvy-span-class-product-appendix-darek-k-objednavce-nad-1000kc-span-36943\/#breadcrumb"},"inLanguage":"cs","potentialAction":[{"@type":"ReadAction","target":["https:\/\/www.domtechnikpro.com\/index.php\/produkt\/znackovy-pnz-barevny-olej-2-5-l-odstin-bezbarvy-span-class-product-appendix-darek-k-objednavce-nad-1000kc-span-36943\/"]}]},{"@type":"ImageObject","inLanguage":"cs","@id":"https:\/\/www.domtechnikpro.com\/index.php\/produkt\/znackovy-pnz-barevny-olej-2-5-l-odstin-bezbarvy-span-class-product-appendix-darek-k-objednavce-nad-1000kc-span-36943\/#primaryimage","url":"https:\/\/www.domtechnikpro.com\/wp-content\/uploads\/2026\/SK0002725-CZ20260425-092420-0-1777080261-3186995_na--vrh-bez-na--zvu--2.webp","contentUrl":"https:\/\/www.domtechnikpro.com\/wp-content\/uploads\/2026\/SK0002725-CZ20260425-092420-0-1777080261-3186995_na--vrh-bez-na--zvu--2.webp","width":1000,"height":750},{"@type":"BreadcrumbList","@id":"https:\/\/www.domtechnikpro.com\/index.php\/produkt\/znackovy-pnz-barevny-olej-2-5-l-odstin-bezbarvy-span-class-product-appendix-darek-k-objednavce-nad-1000kc-span-36943\/#breadcrumb","itemListElement":[{"@type":"ListItem","position":1,"name":"Home","item":"https:\/\/www.domtechnikpro.com\/"},{"@type":"ListItem","position":2,"name":"Products","item":"https:\/\/www.domtechnikpro.com\/index.php\/products\/"},{"@type":"ListItem","position":3,"name":"Zna\u010dkov\u00fd PNZ Barevn\u00fd olej 2,5 L Odst\u00edn: Bezbarv\u00fd + d\u00e1rek k objedn\u00e1vce nad 1000K\u010d"}]},{"@type":"WebSite","@id":"https:\/\/www.domtechnikpro.com\/#website","url":"https:\/\/www.domtechnikpro.com\/","name":"","description":"","potentialAction":[{"@type":"SearchAction","target":{"@type":"EntryPoint","urlTemplate":"https:\/\/www.domtechnikpro.com\/?s={search_term_string}"},"query-input":{"@type":"PropertyValueSpecification","valueRequired":true,"valueName":"search_term_string"}}],"inLanguage":"cs"}]}},"_links":{"self":[{"href":"https:\/\/www.domtechnikpro.com\/index.php\/wp-json\/wp\/v2\/product\/36943","targetHints":{"allow":["GET"]}}],"collection":[{"href":"https:\/\/www.domtechnikpro.com\/index.php\/wp-json\/wp\/v2\/product"}],"about":[{"href":"https:\/\/www.domtechnikpro.com\/index.php\/wp-json\/wp\/v2\/types\/product"}],"replies":[{"embeddable":true,"href":"https:\/\/www.domtechnikpro.com\/index.php\/wp-json\/wp\/v2\/comments?post=36943"}],"wp:featuredmedia":[{"embeddable":true,"href":"https:\/\/www.domtechnikpro.com\/index.php\/wp-json\/wp\/v2\/media\/37043"}],"wp:attachment":[{"href":"https:\/\/www.domtechnikpro.com\/index.php\/wp-json\/wp\/v2\/media?parent=36943"}],"wp:term":[{"taxonomy":"product_brand","embeddable":true,"href":"https:\/\/www.domtechnikpro.com\/index.php\/wp-json\/wp\/v2\/product_brand?post=36943"},{"taxonomy":"product_cat","embeddable":true,"href":"https:\/\/www.domtechnikpro.com\/index.php\/wp-json\/wp\/v2\/product_cat?post=36943"},{"taxonomy":"product_tag","embeddable":true,"href":"https:\/\/www.domtechnikpro.com\/index.php\/wp-json\/wp\/v2\/product_tag?post=36943"}],"curies":[{"name":"wp","href":"https:\/\/api.w.org\/{rel}","templated":true}]}}