{"id":36373,"date":"2026-04-26T08:57:59","date_gmt":"2026-04-26T08:57:59","guid":{"rendered":""},"modified":"2026-04-26T08:57:59","modified_gmt":"2026-04-26T08:57:59","slug":"znackovy-osmo-tvrdy-voskovy-olej-protiskluzovy-0-125l-3088-bezbarvy-36373","status":"publish","type":"product","link":"https:\/\/www.domtechnikpro.com\/produkt\/znackovy-osmo-tvrdy-voskovy-olej-protiskluzovy-0-125l-3088-bezbarvy-36373\/","title":{"rendered":"Zna\u010dkov\u00fd Osmo Tvrd\u00fd voskov\u00fd olej protiskluzov\u00fd 0,125L 3088 bezbarv\u00fd"},"content":{"rendered":"<div class=\"basic-description\">\n<h3>Detailn\u00ed popis produktu<\/h3>\n<div>\n<div><span style=\"font-size: 12pt;\"><strong><span class=\"show-tooltip\" title=\"OSMO jsou n\u00e1t\u011bry na d\u0159evo, kter\u00e9 prov\u011b\u0159il \u010das, zku\u0161enost a moudrost.Jsou vyrobeny na b\u00e1zi p\u0159\u00edrodn\u00edch olej\u016f a vosk\u016f. Chr\u00e1n\u00ed d\u0159evo zevnit\u0159 i z vn\u011bj\u0161ku, nevytv\u00e1\u0159\u00ed film ale vytvo\u0159\u00ed ochrann\u00fd povrch s otev\u0159en\u00fdmi p\u00f3ry, d\u00edky kter\u00e9mu m\u016f\u017ee d\u0159evo d\u00fdchat.&amp;hellip;\">Osmo<\/span> Tvrd\u00fd voskov\u00fd olej protiskluzov\u00fd 0,125L 3088 bezbarv\u00fd<\/strong><\/span><\/div>\n<div>\u00a0<\/div>\n<div><span style=\"font-size: 12pt;\">Jedn\u00e1 se o<strong> profesion\u00e1ln\u00ed, bezbarvou \u00fapravu<\/strong> d\u0159ev\u011bn\u00e9ho povrchu podle normy DIN 18356 zejm\u00e9na vhodn\u00fd pro (d\u0159ev\u011bn\u00e9 podlahy, prkna z masivn\u00edho d\u0159eva, selsk\u00e1 prkna, palubkov\u00e9 podlahy a podlahy z OSB desek). N\u00e1t\u011br je po zaschnut\u00ed zvl\u00e1\u0161\u0165 tvrd\u00fd a <strong>odoln\u00fd proti o\u0161lap\u00e1n\u00ed se sv\u00fdmi protiskluzov\u00fdmi vlastnostmi.<\/strong> <br \/><\/span><\/div>\n<div><span style=\"font-size: 12pt;\">Osmo Tvrd\u00fd voskov\u00fd olej protiskluzov\u00fd 3088 se vyzna\u010duje hedv\u00e1bn\u011b leskl\u00fdm, ale p\u0159esto protiskluzov\u00fdm povrchem ( odolnost proti skluzu R9). <\/span><span style=\"font-size: 12pt;\"><strong><span style=\"left: 118.24px; top: 299.176px; font-size: 18.4px; font-family: sans-serif; transform: scaleX(0.980414);\"><\/span><span style=\"left: 118.24px; top: 487.178px; font-size: 20px; font-family: sans-serif; transform: scaleX(1.09349);\"><br \/><\/span><\/strong><\/span><\/div>\n<div>\n<div style=\"text-align: justify;\"><span style=\"font-size: 12pt;\">Olej je zalo\u017een\u00fd na <strong>b\u00e1zi p\u0159\u00edrodn\u00edch olej\u016f a vosk\u016f<\/strong>. N\u00e1t\u011brem t\u00edmto voskov\u00fdm olejem zajist\u00edte nen\u00e1chylnost k za\u0161pin\u011bn\u00ed, <strong>odpuzuje vodu<\/strong>, je <strong>odoln\u00fd od\u011bru a p\u0159\u00edjemn\u00fd na dotek<\/strong>. V\u00fdhodou je <strong>jednoduch\u00e9 pou\u017eit\u00ed<\/strong> a to bez z\u00e1kladn\u00edho n\u00e1t\u011bru a mezibrusu. V\u00fdhodu tedy m\u016f\u017eeme spat\u0159ovat jako v <strong>\u00faspo\u0159e \u010dasu tak financ\u00ed<\/strong>. Tento n\u00e1t\u011br je <strong>\u0161etrn\u00fd ke d\u0159evu<\/strong> s otev\u0159en\u00fdmi p\u00f3ry, neprask\u00e1, neodlupuje se a neodpr\u00fdsk\u00e1v\u00e1. Ur\u010den pro pou\u017eit\u00ed v <strong>interi\u00e9ru.<\/strong><\/span><\/div>\n<div style=\"text-align: justify;\"><span style=\"font-size: 12pt;\">Osmo Tvrd\u00fd voskov\u00fd olej protiskluzov\u00fd je odoln\u00fd <strong>alkoholick\u00fdm i nealkoholick\u00fdm n\u00e1poj\u016fm<\/strong> a odpov\u00edd\u00e1 norm\u011b DIN 68861-1A, such\u00fd n\u00e1t\u011br je nez\u00e1vadn\u00fd pro lidi, zv\u00ed\u0159ata i rostliny, spl\u0148uje normy DIN 53160 (odolnost v\u016f\u010di slin\u00e1m a potu) a vhodn\u00fd pro d\u011btsk\u00e9 hra\u010dky podle normy EN 71.3.<\/span><\/div>\n<div style=\"text-align: justify;\"><span style=\"font-size: 12pt;\">\u00a0<\/span><span style=\"font-size: 12pt;\"><\/span><span style=\"font-size: 12pt;\"><br \/><\/span><\/div>\n<div><span style=\"font-size: 12pt;\"><strong>V\u00fdhody n\u00e1t\u011bru\u00a0Osmo Tvrd\u00e9ho voskov\u00e9ho oleje protisklzov\u00fd:<\/strong><\/span><\/div>\n<div><span style=\"font-size: 12pt;\">\u00a0<\/span><\/div>\n<ul>\n<li><span style=\"font-size: 12pt;\">Mimo\u0159\u00e1dn\u011b odoln\u00fd i pro trval\u00e9 zat\u00ed\u017een\u00ed;<\/span><\/li>\n<li><span style=\"font-size: 12pt;\">Odoln\u00fd v\u016f\u010di potu a slin\u00e1m, pro d\u011bti zcela zdravotn\u011b nez\u00e1vadn\u00fd;<\/span><\/li>\n<li><span style=\"font-size: 12pt;\">P\u0159izp\u016fsoben\u00fd vlastnostem doporu\u010den\u00fdch d\u0159evin a prody\u0161n\u00fd;<\/span><\/li>\n<li><span style=\"font-size: 12pt;\">Rezistentn\u00ed v\u016f\u010di k\u00e1v\u011b, v\u00ednu a cole<\/span><\/li>\n<li><span style=\"font-size: 12pt;\">Lok\u00e1ln\u011b opraviteln\u00fd<\/span><\/li>\n<\/ul>\n<p><span style=\"font-size: 12pt;\"><strong>Osmo Tvrd\u00fd voskov\u00fd olej pou\u017eijte na ve\u0161ker\u00e9 d\u0159ev\u011bn\u00e9 objekty a plochy v interi\u00e9ru:<\/strong><\/span><\/p>\n<ul>\n<li><span style=\"font-size: 12pt;\">podlahov\u00e9 palubky<\/span><\/li>\n<li><span style=\"font-size: 12pt;\">selsk\u00e1 prkna, parketov\u00e9 podlahy<\/span><\/li>\n<li><span style=\"font-size: 12pt;\">OSB a korkov\u00e9 podlahy<\/span><\/li>\n<li><span style=\"font-size: 12pt;\">do vlhk\u00fdch prostor (kuchyn\u011b, koupelny)<br \/><\/span><\/li>\n<\/ul>\n<p style=\"text-align: center;\"><span style=\"font-size: 12pt;\"><strong>Pr\u00e1ci s t\u00edmto olejem zvl\u00e1dne ka\u017ed\u00fd kutil a \u0159emesln\u00edk<\/strong><\/span><\/p>\n<p style=\"text-align: center;\"><span style=\"font-size: 12pt;\">Podklad\u00a0pro nat\u00edr\u00e1n\u00ed by m\u011bl m\u00edt\u00a0maxim\u00e1ln\u00ed vlhkost 20 %<br \/> Osmo Tvrd\u00fd voskov\u00fd olej protiskluzov\u00fd je p\u0159ipraven k p\u0159\u00edm\u00e9mu pou\u017eit\u00ed, ji\u017e nen\u00ed pot\u0159eba \u0159edit.<br \/> Povrch\u00a0d\u0159eva mus\u00ed b\u00fdt\u00a0such\u00fd,\u00a0\u010dist\u00fd\u00a0a\u00a0nesm\u00ed b\u00fdt vystaven mrazu.<br \/>N\u00e1t\u011br aplikujte pomoc\u00ed pevn\u00e9ho \u0161t\u011btce, kart\u00e1\u010de k nat\u00edr\u00e1n\u00ed podlah\u00a0nebo v\u00e1le\u010dkem z mikrovl\u00e1kna.<br \/> Star\u00e9 n\u00e1t\u011bry, lakov\u00e9 n\u00e1t\u011bry a barvy d\u016fkladn\u011b o\u010dist\u011bte.<br \/>Dbejte pokyn\u016f uveden\u00fdch v technick\u00e9m list\u011b.<br \/><\/span><\/p>\n<p style=\"text-align: center;\"><span style=\"font-size: 12pt;\"><strong>VZORN\u00cdK SI M\u016e\u017dETE OBJEDNAT nebo ZAP\u016eJ\u010cIT<\/strong><strong> ZDE.<\/strong><strong>\u00a0Viz. <\/strong><strong>podm\u00ednky p\u016fj\u010den\u00ed vzorn\u00edku.<\/strong><\/span><\/p>\n<p style=\"text-align: center;\"><span style=\"font-size: 12pt;\"><strong><\/strong><\/span>\u00a0<\/p>\n<p><span style=\"font-size: 12pt;\"><strong>\u00a0Postup pr\u00e1ce:<\/strong><\/span><\/p>\n<ul>\n<li><span style=\"font-size: 12pt;\">Prvn\u00ed n\u00e1t\u011br na surov\u00e9, brou\u0161en\u00e9 d\u0159evo cca 35ml\/m<sup>2<\/sup>.<\/span><\/li>\n<li><span style=\"font-size: 12pt;\">\u201eChyby n\u00e1t\u011bru\u201c lze opravit a\u017e 30 min po 1. n\u00e1nosu v\u00a0je\u0161t\u011b mokr\u00e9 plo\u0161e.<\/span><\/li>\n<li><span style=\"font-size: 12pt;\"><span class=\"show-tooltip\" title=\"Impregnov\u00e1n\u00ed, lazurov\u00e1n\u00ed a&amp;nbsp;lakov\u00e1n\u00ed mus\u00ed b\u00fdt prov\u00e1d\u011bno v\u017edy ve sm\u011bru vl\u00e1ken, aby aplikovan\u00e1 vrstva pat\u0159i\u010dn\u011b pronikla do hloubky d\u0159eva. D\u016fle\u017eit\u00e9 je tak\u00e9 d\u016fkladn\u00e9 p\u0159ekryt\u00ed hran a&amp;nbsp;vrcholk\u016f d\u0159ev\u011bn\u00fdch prvk\u016f (p\u0159\u00ed\u010dn\u00e9 \u0159ezy). P\u0159i n\u00e1t\u011bru oblo\u017een\u00ed,&amp;hellip;\">Schnut\u00ed<\/span> cca 8-10 hodin (p\u0159i norm\u00e1ln\u00edm klima cca 23<sup>o<\/sup>C \/ relativn\u00ed vlhkost vzduchu cca 50%). P\u0159i ni\u017e\u0161\u00edch teplot\u00e1ch nebo vy\u0161\u0161\u00ed relativn\u00ed vlhkosti vzduchu se doba schnut\u00ed prodlu\u017euje. Je nutn\u00e9 se postarat o dobr\u00e9 v\u011btr\u00e1n\u00ed.<\/span><\/li>\n<li><span style=\"font-size: 12pt;\">Pokud je po\u017eadov\u00e1no, lze uschl\u00fd n\u00e1t\u011br vyhladit mezi n\u00e1t\u011bry jemn\u00fdm brusn\u00fdm pap\u00edrem (velikost zrna 400) nebo schotchpadem.<\/span><\/li>\n<li><span style=\"font-size: 12pt;\">Druh\u00fd n\u00e1t\u011br cca 35ml\/m<sup>2<\/sup><\/span><\/li>\n<li><span style=\"font-size: 12pt;\">Schnut\u00ed cca 8-10 hodin. Podm\u00ednky viz. Bod 3.<\/span><\/li>\n<\/ul>\n<p><span style=\"font-size: 12pt;\"><strong>Pokud v\u00e1m z\u016fstane n\u00e1t\u011br jak jej skladovat ?<\/strong><\/span><\/p>\n<ul>\n<li><span style=\"font-size: 12pt;\">Skladujte v suchu v d\u016fkladn\u011b uzav\u0159en\u00e9m origin\u00e1ln\u00edm obalu a chra\u0148te p\u0159ed mrazem.<\/span><\/li>\n<\/ul>\n<p><span style=\"font-size: 12pt;\">Mal\u00fd zbytek nevyu\u017eit\u00e9ho prost\u0159edku p\u0159el\u00edt do men\u0161\u00ed n\u00e1doby, aby se zabr\u00e1nilo rosolovat\u011bn\u00ed.<\/span><br \/><span style=\"font-size: 12pt;\"> Kdy\u017e v\u00e1m barva zbyde, plechovku pe\u010dliv\u011b zav\u0159ete a oto\u010dte ji dnem vzh\u016fru, aby se zamezilo p\u0159\u00edsunu vzduchu. M\u016f\u017eete si ji tak bez starost\u00ed schovat na p\u0159\u00ed\u0161t\u00ed rok.<\/span><\/p>\n<p><span style=\"font-size: 12pt;\"><strong>Jak v\u00e1m zbo\u017e\u00ed p\u0159ijde zabalen\u00e9 ?<\/strong><\/span><\/p>\n<p><span style=\"font-size: 12pt;\">Zbo\u017e\u00ed pe\u010dliv\u011b bal\u00edme do speci\u00e1ln\u011b vyroben\u00fdch 3 vrstv\u00fdch kartonov\u00fdch krabic. Voln\u00fd prostor vypl\u0148ujeme kartonovou vlnou, cel\u00e9 balen\u00ed je jednodu\u0161e recyklovateln\u00e9.<\/span><\/p>\n<p><span style=\"font-size: 12pt;\">\u00a0<\/span><\/p>\n<p><span style=\"font-size: 12pt;\"><strong>V\u011bt\u0161inu olej\u016f, lazur, barev a lak\u016f m\u00e1me skladem a odes\u00edl\u00e1me ihned<\/strong><\/span><\/p>\n<p><span style=\"font-size: 12pt;\"> Informace o jednotliv\u00fdch p\u0159epravn\u00edch\u00a0spole\u010dnostech (DPD,PPL,Geis a \u010cesk\u00e1 Po\u0161ta) a odb\u011brov\u00fdch m\u00edstech jsou na str\u00e1nce\u00a0P\u0159eprava.<\/span><\/p>\n<\/div>\n<\/div>\n<p>\u00a0<\/p>\n<p><span style=\"font-size: 14pt;\"><strong><\/strong><\/span><\/p>\n<p>\u00a0<\/p>\n<p>\u00a0<\/p>\n<\/p><\/div>\n","protected":false},"excerpt":{"rendered":"<p>Detailn\u00ed popis produktu Osmo Tvrd\u00fd voskov\u00fd olej protiskluzov\u00fd 0,125L 3088 bezbarv\u00fd \u00a0 Jedn\u00e1 se o profesion\u00e1ln\u00ed, bezbarvou \u00fapravu d\u0159ev\u011bn\u00e9ho povrchu podle normy DIN 18356 zejm\u00e9na vhodn\u00fd pro (d\u0159ev\u011bn\u00e9 podlahy, prkna z masivn\u00edho d\u0159eva, selsk\u00e1 prkna, palubkov\u00e9 podlahy a podlahy z OSB desek). N\u00e1t\u011br je po zaschnut\u00ed zvl\u00e1\u0161\u0165 tvrd\u00fd a odoln\u00fd proti o\u0161lap\u00e1n\u00ed se sv\u00fdmi protiskluzov\u00fdmi [&hellip;]<\/p>\n","protected":false},"featured_media":36473,"comment_status":"open","ping_status":"open","template":"","meta":[],"product_brand":[],"product_cat":[129],"product_tag":[],"class_list":{"0":"post-36373","1":"product","2":"type-product","3":"status-publish","4":"has-post-thumbnail","6":"product_cat-vyrobci","8":"first","9":"instock","10":"sale","11":"shipping-taxable","12":"purchasable","13":"product-type-simple"},"yoast_head":"<!-- This site is optimized with the Yoast SEO plugin v26.8 - https:\/\/yoast.com\/product\/yoast-seo-wordpress\/ -->\n<title>Zna\u010dkov\u00fd Osmo Tvrd\u00fd voskov\u00fd olej protiskluzov\u00fd 0,125L 3088 bezbarv\u00fd - Pr\u016fmyslov\u00e9 vybaven\u00ed a p\u0159\u00edslu\u0161enstv\u00ed<\/title>\n<meta name=\"robots\" content=\"index, follow, max-snippet:-1, max-image-preview:large, max-video-preview:-1\" \/>\n<link rel=\"canonical\" href=\"https:\/\/www.domtechnikpro.com\/index.php\/produkt\/znackovy-osmo-tvrdy-voskovy-olej-protiskluzovy-0-125l-3088-bezbarvy-36373\/\" \/>\n<meta property=\"og:locale\" content=\"cs_CZ\" \/>\n<meta property=\"og:type\" content=\"article\" \/>\n<meta property=\"og:title\" content=\"Zna\u010dkov\u00fd Osmo Tvrd\u00fd voskov\u00fd olej protiskluzov\u00fd 0,125L 3088 bezbarv\u00fd - Pr\u016fmyslov\u00e9 vybaven\u00ed a p\u0159\u00edslu\u0161enstv\u00ed\" \/>\n<meta property=\"og:description\" content=\"Detailn\u00ed popis produktu Osmo Tvrd\u00fd voskov\u00fd olej protiskluzov\u00fd 0,125L 3088 bezbarv\u00fd \u00a0 Jedn\u00e1 se o profesion\u00e1ln\u00ed, bezbarvou \u00fapravu d\u0159ev\u011bn\u00e9ho povrchu podle normy DIN 18356 zejm\u00e9na vhodn\u00fd pro (d\u0159ev\u011bn\u00e9 podlahy, prkna z masivn\u00edho d\u0159eva, selsk\u00e1 prkna, palubkov\u00e9 podlahy a podlahy z OSB desek). N\u00e1t\u011br je po zaschnut\u00ed zvl\u00e1\u0161\u0165 tvrd\u00fd a odoln\u00fd proti o\u0161lap\u00e1n\u00ed se sv\u00fdmi protiskluzov\u00fdmi [&hellip;]\" \/>\n<meta property=\"og:url\" content=\"https:\/\/www.domtechnikpro.com\/index.php\/produkt\/znackovy-osmo-tvrdy-voskovy-olej-protiskluzovy-0-125l-3088-bezbarvy-36373\/\" \/>\n<meta property=\"og:site_name\" content=\"Pr\u016fmyslov\u00e9 vybaven\u00ed a p\u0159\u00edslu\u0161enstv\u00ed\" \/>\n<meta property=\"og:image\" content=\"https:\/\/www.domtechnikpro.com\/wp-content\/uploads\/2026\/SK0002454-CZ20260425-092420-0-1777080261-3184701-1_tvo.webp\" \/>\n\t<meta property=\"og:image:width\" content=\"1000\" \/>\n\t<meta property=\"og:image:height\" content=\"750\" \/>\n\t<meta property=\"og:image:type\" content=\"image\/webp\" \/>\n<meta name=\"twitter:card\" content=\"summary_large_image\" \/>\n<meta name=\"twitter:label1\" content=\"Odhadovan\u00e1 doba \u010dten\u00ed\" \/>\n\t<meta name=\"twitter:data1\" content=\"4 minuty\" \/>\n<script type=\"application\/ld+json\" class=\"yoast-schema-graph\">{\"@context\":\"https:\/\/schema.org\",\"@graph\":[{\"@type\":\"WebPage\",\"@id\":\"https:\/\/www.domtechnikpro.com\/index.php\/produkt\/znackovy-osmo-tvrdy-voskovy-olej-protiskluzovy-0-125l-3088-bezbarvy-36373\/\",\"url\":\"https:\/\/www.domtechnikpro.com\/index.php\/produkt\/znackovy-osmo-tvrdy-voskovy-olej-protiskluzovy-0-125l-3088-bezbarvy-36373\/\",\"name\":\"Zna\u010dkov\u00fd Osmo Tvrd\u00fd voskov\u00fd olej protiskluzov\u00fd 0,125L 3088 bezbarv\u00fd - Pr\u016fmyslov\u00e9 vybaven\u00ed a p\u0159\u00edslu\u0161enstv\u00ed\",\"isPartOf\":{\"@id\":\"https:\/\/www.domtechnikpro.com\/#website\"},\"primaryImageOfPage\":{\"@id\":\"https:\/\/www.domtechnikpro.com\/index.php\/produkt\/znackovy-osmo-tvrdy-voskovy-olej-protiskluzovy-0-125l-3088-bezbarvy-36373\/#primaryimage\"},\"image\":{\"@id\":\"https:\/\/www.domtechnikpro.com\/index.php\/produkt\/znackovy-osmo-tvrdy-voskovy-olej-protiskluzovy-0-125l-3088-bezbarvy-36373\/#primaryimage\"},\"thumbnailUrl\":\"https:\/\/www.domtechnikpro.com\/wp-content\/uploads\/2026\/SK0002454-CZ20260425-092420-0-1777080261-3184701-1_tvo.webp\",\"datePublished\":\"2026-04-26T08:57:59+00:00\",\"breadcrumb\":{\"@id\":\"https:\/\/www.domtechnikpro.com\/index.php\/produkt\/znackovy-osmo-tvrdy-voskovy-olej-protiskluzovy-0-125l-3088-bezbarvy-36373\/#breadcrumb\"},\"inLanguage\":\"cs\",\"potentialAction\":[{\"@type\":\"ReadAction\",\"target\":[\"https:\/\/www.domtechnikpro.com\/index.php\/produkt\/znackovy-osmo-tvrdy-voskovy-olej-protiskluzovy-0-125l-3088-bezbarvy-36373\/\"]}]},{\"@type\":\"ImageObject\",\"inLanguage\":\"cs\",\"@id\":\"https:\/\/www.domtechnikpro.com\/index.php\/produkt\/znackovy-osmo-tvrdy-voskovy-olej-protiskluzovy-0-125l-3088-bezbarvy-36373\/#primaryimage\",\"url\":\"https:\/\/www.domtechnikpro.com\/wp-content\/uploads\/2026\/SK0002454-CZ20260425-092420-0-1777080261-3184701-1_tvo.webp\",\"contentUrl\":\"https:\/\/www.domtechnikpro.com\/wp-content\/uploads\/2026\/SK0002454-CZ20260425-092420-0-1777080261-3184701-1_tvo.webp\",\"width\":1000,\"height\":750},{\"@type\":\"BreadcrumbList\",\"@id\":\"https:\/\/www.domtechnikpro.com\/index.php\/produkt\/znackovy-osmo-tvrdy-voskovy-olej-protiskluzovy-0-125l-3088-bezbarvy-36373\/#breadcrumb\",\"itemListElement\":[{\"@type\":\"ListItem\",\"position\":1,\"name\":\"Home\",\"item\":\"https:\/\/www.domtechnikpro.com\/\"},{\"@type\":\"ListItem\",\"position\":2,\"name\":\"Products\",\"item\":\"https:\/\/www.domtechnikpro.com\/products\/\"},{\"@type\":\"ListItem\",\"position\":3,\"name\":\"Zna\u010dkov\u00fd Osmo Tvrd\u00fd voskov\u00fd olej protiskluzov\u00fd 0,125L 3088 bezbarv\u00fd\"}]},{\"@type\":\"WebSite\",\"@id\":\"https:\/\/www.domtechnikpro.com\/#website\",\"url\":\"https:\/\/www.domtechnikpro.com\/\",\"name\":\"Pr\u016fmyslov\u00e9 vybaven\u00ed a p\u0159\u00edslu\u0161enstv\u00ed\",\"description\":\"Pr\u016fmyslov\u00e9 vybaven\u00ed a p\u0159\u00edslu\u0161enstv\u00ed\",\"publisher\":{\"@id\":\"https:\/\/www.domtechnikpro.com\/#organization\"},\"potentialAction\":[{\"@type\":\"SearchAction\",\"target\":{\"@type\":\"EntryPoint\",\"urlTemplate\":\"https:\/\/www.domtechnikpro.com\/?s={search_term_string}\"},\"query-input\":{\"@type\":\"PropertyValueSpecification\",\"valueRequired\":true,\"valueName\":\"search_term_string\"}}],\"inLanguage\":\"cs\"},{\"@type\":\"Organization\",\"@id\":\"https:\/\/www.domtechnikpro.com\/#organization\",\"name\":\"Pr\u016fmyslov\u00e9 vybaven\u00ed a p\u0159\u00edslu\u0161enstv\u00ed\",\"url\":\"https:\/\/www.domtechnikpro.com\/\",\"logo\":{\"@type\":\"ImageObject\",\"inLanguage\":\"cs\",\"@id\":\"https:\/\/www.domtechnikpro.com\/#\/schema\/logo\/image\/\",\"url\":\"https:\/\/www.domtechnikpro.com\/wp-content\/uploads\/2026\/04\/domtechnikpro_logo_full.svg\",\"contentUrl\":\"https:\/\/www.domtechnikpro.com\/wp-content\/uploads\/2026\/04\/domtechnikpro_logo_full.svg\",\"width\":920,\"height\":180,\"caption\":\"Pr\u016fmyslov\u00e9 vybaven\u00ed a p\u0159\u00edslu\u0161enstv\u00ed\"},\"image\":{\"@id\":\"https:\/\/www.domtechnikpro.com\/#\/schema\/logo\/image\/\"}}]}<\/script>\n<!-- \/ Yoast SEO plugin. -->","yoast_head_json":{"title":"Zna\u010dkov\u00fd Osmo Tvrd\u00fd voskov\u00fd olej protiskluzov\u00fd 0,125L 3088 bezbarv\u00fd - Pr\u016fmyslov\u00e9 vybaven\u00ed a p\u0159\u00edslu\u0161enstv\u00ed","robots":{"index":"index","follow":"follow","max-snippet":"max-snippet:-1","max-image-preview":"max-image-preview:large","max-video-preview":"max-video-preview:-1"},"canonical":"https:\/\/www.domtechnikpro.com\/index.php\/produkt\/znackovy-osmo-tvrdy-voskovy-olej-protiskluzovy-0-125l-3088-bezbarvy-36373\/","og_locale":"cs_CZ","og_type":"article","og_title":"Zna\u010dkov\u00fd Osmo Tvrd\u00fd voskov\u00fd olej protiskluzov\u00fd 0,125L 3088 bezbarv\u00fd - Pr\u016fmyslov\u00e9 vybaven\u00ed a p\u0159\u00edslu\u0161enstv\u00ed","og_description":"Detailn\u00ed popis produktu Osmo Tvrd\u00fd voskov\u00fd olej protiskluzov\u00fd 0,125L 3088 bezbarv\u00fd \u00a0 Jedn\u00e1 se o profesion\u00e1ln\u00ed, bezbarvou \u00fapravu d\u0159ev\u011bn\u00e9ho povrchu podle normy DIN 18356 zejm\u00e9na vhodn\u00fd pro (d\u0159ev\u011bn\u00e9 podlahy, prkna z masivn\u00edho d\u0159eva, selsk\u00e1 prkna, palubkov\u00e9 podlahy a podlahy z OSB desek). N\u00e1t\u011br je po zaschnut\u00ed zvl\u00e1\u0161\u0165 tvrd\u00fd a odoln\u00fd proti o\u0161lap\u00e1n\u00ed se sv\u00fdmi protiskluzov\u00fdmi [&hellip;]","og_url":"https:\/\/www.domtechnikpro.com\/index.php\/produkt\/znackovy-osmo-tvrdy-voskovy-olej-protiskluzovy-0-125l-3088-bezbarvy-36373\/","og_site_name":"Pr\u016fmyslov\u00e9 vybaven\u00ed a p\u0159\u00edslu\u0161enstv\u00ed","og_image":[{"width":1000,"height":750,"url":"https:\/\/www.domtechnikpro.com\/wp-content\/uploads\/2026\/SK0002454-CZ20260425-092420-0-1777080261-3184701-1_tvo.webp","type":"image\/webp"}],"twitter_card":"summary_large_image","twitter_misc":{"Odhadovan\u00e1 doba \u010dten\u00ed":"4 minuty"},"schema":{"@context":"https:\/\/schema.org","@graph":[{"@type":"WebPage","@id":"https:\/\/www.domtechnikpro.com\/index.php\/produkt\/znackovy-osmo-tvrdy-voskovy-olej-protiskluzovy-0-125l-3088-bezbarvy-36373\/","url":"https:\/\/www.domtechnikpro.com\/index.php\/produkt\/znackovy-osmo-tvrdy-voskovy-olej-protiskluzovy-0-125l-3088-bezbarvy-36373\/","name":"Zna\u010dkov\u00fd Osmo Tvrd\u00fd voskov\u00fd olej protiskluzov\u00fd 0,125L 3088 bezbarv\u00fd - Pr\u016fmyslov\u00e9 vybaven\u00ed a p\u0159\u00edslu\u0161enstv\u00ed","isPartOf":{"@id":"https:\/\/www.domtechnikpro.com\/#website"},"primaryImageOfPage":{"@id":"https:\/\/www.domtechnikpro.com\/index.php\/produkt\/znackovy-osmo-tvrdy-voskovy-olej-protiskluzovy-0-125l-3088-bezbarvy-36373\/#primaryimage"},"image":{"@id":"https:\/\/www.domtechnikpro.com\/index.php\/produkt\/znackovy-osmo-tvrdy-voskovy-olej-protiskluzovy-0-125l-3088-bezbarvy-36373\/#primaryimage"},"thumbnailUrl":"https:\/\/www.domtechnikpro.com\/wp-content\/uploads\/2026\/SK0002454-CZ20260425-092420-0-1777080261-3184701-1_tvo.webp","datePublished":"2026-04-26T08:57:59+00:00","breadcrumb":{"@id":"https:\/\/www.domtechnikpro.com\/index.php\/produkt\/znackovy-osmo-tvrdy-voskovy-olej-protiskluzovy-0-125l-3088-bezbarvy-36373\/#breadcrumb"},"inLanguage":"cs","potentialAction":[{"@type":"ReadAction","target":["https:\/\/www.domtechnikpro.com\/index.php\/produkt\/znackovy-osmo-tvrdy-voskovy-olej-protiskluzovy-0-125l-3088-bezbarvy-36373\/"]}]},{"@type":"ImageObject","inLanguage":"cs","@id":"https:\/\/www.domtechnikpro.com\/index.php\/produkt\/znackovy-osmo-tvrdy-voskovy-olej-protiskluzovy-0-125l-3088-bezbarvy-36373\/#primaryimage","url":"https:\/\/www.domtechnikpro.com\/wp-content\/uploads\/2026\/SK0002454-CZ20260425-092420-0-1777080261-3184701-1_tvo.webp","contentUrl":"https:\/\/www.domtechnikpro.com\/wp-content\/uploads\/2026\/SK0002454-CZ20260425-092420-0-1777080261-3184701-1_tvo.webp","width":1000,"height":750},{"@type":"BreadcrumbList","@id":"https:\/\/www.domtechnikpro.com\/index.php\/produkt\/znackovy-osmo-tvrdy-voskovy-olej-protiskluzovy-0-125l-3088-bezbarvy-36373\/#breadcrumb","itemListElement":[{"@type":"ListItem","position":1,"name":"Home","item":"https:\/\/www.domtechnikpro.com\/"},{"@type":"ListItem","position":2,"name":"Products","item":"https:\/\/www.domtechnikpro.com\/products\/"},{"@type":"ListItem","position":3,"name":"Zna\u010dkov\u00fd Osmo Tvrd\u00fd voskov\u00fd olej protiskluzov\u00fd 0,125L 3088 bezbarv\u00fd"}]},{"@type":"WebSite","@id":"https:\/\/www.domtechnikpro.com\/#website","url":"https:\/\/www.domtechnikpro.com\/","name":"Pr\u016fmyslov\u00e9 vybaven\u00ed a p\u0159\u00edslu\u0161enstv\u00ed","description":"Pr\u016fmyslov\u00e9 vybaven\u00ed a p\u0159\u00edslu\u0161enstv\u00ed","publisher":{"@id":"https:\/\/www.domtechnikpro.com\/#organization"},"potentialAction":[{"@type":"SearchAction","target":{"@type":"EntryPoint","urlTemplate":"https:\/\/www.domtechnikpro.com\/?s={search_term_string}"},"query-input":{"@type":"PropertyValueSpecification","valueRequired":true,"valueName":"search_term_string"}}],"inLanguage":"cs"},{"@type":"Organization","@id":"https:\/\/www.domtechnikpro.com\/#organization","name":"Pr\u016fmyslov\u00e9 vybaven\u00ed a p\u0159\u00edslu\u0161enstv\u00ed","url":"https:\/\/www.domtechnikpro.com\/","logo":{"@type":"ImageObject","inLanguage":"cs","@id":"https:\/\/www.domtechnikpro.com\/#\/schema\/logo\/image\/","url":"https:\/\/www.domtechnikpro.com\/wp-content\/uploads\/2026\/04\/domtechnikpro_logo_full.svg","contentUrl":"https:\/\/www.domtechnikpro.com\/wp-content\/uploads\/2026\/04\/domtechnikpro_logo_full.svg","width":920,"height":180,"caption":"Pr\u016fmyslov\u00e9 vybaven\u00ed a p\u0159\u00edslu\u0161enstv\u00ed"},"image":{"@id":"https:\/\/www.domtechnikpro.com\/#\/schema\/logo\/image\/"}}]}},"_links":{"self":[{"href":"https:\/\/www.domtechnikpro.com\/wp-json\/wp\/v2\/product\/36373","targetHints":{"allow":["GET"]}}],"collection":[{"href":"https:\/\/www.domtechnikpro.com\/wp-json\/wp\/v2\/product"}],"about":[{"href":"https:\/\/www.domtechnikpro.com\/wp-json\/wp\/v2\/types\/product"}],"replies":[{"embeddable":true,"href":"https:\/\/www.domtechnikpro.com\/wp-json\/wp\/v2\/comments?post=36373"}],"wp:featuredmedia":[{"embeddable":true,"href":"https:\/\/www.domtechnikpro.com\/wp-json\/wp\/v2\/media\/36473"}],"wp:attachment":[{"href":"https:\/\/www.domtechnikpro.com\/wp-json\/wp\/v2\/media?parent=36373"}],"wp:term":[{"taxonomy":"product_brand","embeddable":true,"href":"https:\/\/www.domtechnikpro.com\/wp-json\/wp\/v2\/product_brand?post=36373"},{"taxonomy":"product_cat","embeddable":true,"href":"https:\/\/www.domtechnikpro.com\/wp-json\/wp\/v2\/product_cat?post=36373"},{"taxonomy":"product_tag","embeddable":true,"href":"https:\/\/www.domtechnikpro.com\/wp-json\/wp\/v2\/product_tag?post=36373"}],"curies":[{"name":"wp","href":"https:\/\/api.w.org\/{rel}","templated":true}]}}