{"id":36311,"date":"2026-04-26T08:57:59","date_gmt":"2026-04-26T08:57:59","guid":{"rendered":""},"modified":"2026-04-26T08:57:59","modified_gmt":"2026-04-26T08:57:59","slug":"specialni-cena-schuller-sprej-prisma-effect-antik-stribrne-seda-400-ml-36311","status":"publish","type":"product","link":"https:\/\/www.domtechnikpro.com\/index.php\/produkt\/specialni-cena-schuller-sprej-prisma-effect-antik-stribrne-seda-400-ml-36311\/","title":{"rendered":"Speci\u00e1ln\u00ed Cena Schuller Sprej PRISMA EFFECT ANTIK st\u0159\u00edbrn\u011b \u0161ed\u00e1, 400 ml"},"content":{"rendered":"<div class=\"basic-description\">\n<h3>Detailn\u00ed popis produktu<\/h3>\n<p>Antik je barva ve spreji s&nbsp;dekorativn\u00edm efektem podobn\u00fdm op\u00edskovan\u00e9 oceli. Pou\u017eit\u00ed na d\u0159evo, plasty a kovov\u00e9 povrchy, kter\u00e9 nevy\u017eaduj\u00ed protikorozn\u00ed ochranu. Na kovov\u00e9m povrchu nejprve odstra\u0148te rez a o\u0161et\u0159ete ochrannou l\u00e1tkou proti reziv\u011bn\u00ed&nbsp;\u2013 nap\u0159\u00edklad antikorozn\u00ed z\u00e1kladovou barvou ve spreji s&nbsp;k\u00f3dem 91058&nbsp;nebo 91059.<\/p>\n<p><strong>Pou\u017eit\u00ed:<\/strong><\/p>\n<p>P\u0159ed st\u0159\u00edk\u00e1n\u00edm povrchy d\u016fkladn\u011b o\u010dist\u011bte, p\u0159\u00edpadn\u011b po\u0161kozen\u00e9 \u010d\u00e1sti odstra\u0148te. Pokud je to nutn\u00e9, naneste ochrann\u00fd antikorozn\u00ed n\u00e1t\u011br proti rzi. Sprej p\u0159ed pou\u017eit\u00edm prot\u0159epejte 2\u20133 min. St\u0159\u00edkejte ze vzd\u00e1lenosti 25\u201330 cm v&nbsp;tenk\u00fdch vrstv\u00e1ch, sprej s&nbsp;barvou p\u0159i st\u0159\u00edk\u00e1n\u00ed dr\u017ete svisle. P\u0159i chladn\u011bj\u0161\u00edm po\u010das\u00ed sprej p\u0159ed pou\u017eit\u00edm zah\u0159ejte v&nbsp;tepl\u00e9 vod\u011b na 20\u201325\u00b0C. Nepou\u017e\u00edvat p\u0159i teplot\u011b pod 15\u00b0C. Sprej je vybaven samo\u010distic\u00edm ventilem.<\/p>\n<p>Bezpe\u010dnostn\u00ed List PRISMA EFFECT ANTIK<\/p>\n<\/p><\/div>\n","protected":false},"excerpt":{"rendered":"<p>Detailn\u00ed popis produktu Antik je barva ve spreji s&nbsp;dekorativn\u00edm efektem podobn\u00fdm op\u00edskovan\u00e9 oceli. Pou\u017eit\u00ed na d\u0159evo, plasty a kovov\u00e9 povrchy, kter\u00e9 nevy\u017eaduj\u00ed protikorozn\u00ed ochranu. Na kovov\u00e9m povrchu nejprve odstra\u0148te rez a o\u0161et\u0159ete ochrannou l\u00e1tkou proti reziv\u011bn\u00ed&nbsp;\u2013 nap\u0159\u00edklad antikorozn\u00ed z\u00e1kladovou barvou ve spreji s&nbsp;k\u00f3dem 91058&nbsp;nebo 91059. Pou\u017eit\u00ed: P\u0159ed st\u0159\u00edk\u00e1n\u00edm povrchy d\u016fkladn\u011b o\u010dist\u011bte, p\u0159\u00edpadn\u011b po\u0161kozen\u00e9 \u010d\u00e1sti odstra\u0148te. [&hellip;]<\/p>\n","protected":false},"featured_media":36411,"comment_status":"open","ping_status":"open","template":"","meta":[],"product_brand":[],"product_cat":[33],"product_tag":[],"class_list":{"0":"post-36311","1":"product","2":"type-product","3":"status-publish","4":"has-post-thumbnail","6":"product_cat-nejlepsi-prodejci","8":"first","9":"instock","10":"sale","11":"shipping-taxable","12":"purchasable","13":"product-type-simple"},"yoast_head":"<!-- This site is optimized with the Yoast SEO plugin v26.8 - https:\/\/yoast.com\/product\/yoast-seo-wordpress\/ -->\n<title>Speci\u00e1ln\u00ed Cena Schuller Sprej PRISMA EFFECT ANTIK st\u0159\u00edbrn\u011b \u0161ed\u00e1, 400 ml -<\/title>\n<meta name=\"robots\" content=\"index, follow, max-snippet:-1, max-image-preview:large, max-video-preview:-1\" \/>\n<link rel=\"canonical\" href=\"https:\/\/www.domtechnikpro.com\/index.php\/produkt\/specialni-cena-schuller-sprej-prisma-effect-antik-stribrne-seda-400-ml-36311\/\" \/>\n<meta property=\"og:locale\" content=\"cs_CZ\" \/>\n<meta property=\"og:type\" content=\"article\" \/>\n<meta property=\"og:title\" content=\"Speci\u00e1ln\u00ed Cena Schuller Sprej PRISMA EFFECT ANTIK st\u0159\u00edbrn\u011b \u0161ed\u00e1, 400 ml -\" \/>\n<meta property=\"og:description\" content=\"Detailn\u00ed popis produktu Antik je barva ve spreji s&nbsp;dekorativn\u00edm efektem podobn\u00fdm op\u00edskovan\u00e9 oceli. Pou\u017eit\u00ed na d\u0159evo, plasty a kovov\u00e9 povrchy, kter\u00e9 nevy\u017eaduj\u00ed protikorozn\u00ed ochranu. Na kovov\u00e9m povrchu nejprve odstra\u0148te rez a o\u0161et\u0159ete ochrannou l\u00e1tkou proti reziv\u011bn\u00ed&nbsp;\u2013 nap\u0159\u00edklad antikorozn\u00ed z\u00e1kladovou barvou ve spreji s&nbsp;k\u00f3dem 91058&nbsp;nebo 91059. Pou\u017eit\u00ed: P\u0159ed st\u0159\u00edk\u00e1n\u00edm povrchy d\u016fkladn\u011b o\u010dist\u011bte, p\u0159\u00edpadn\u011b po\u0161kozen\u00e9 \u010d\u00e1sti odstra\u0148te. [&hellip;]\" \/>\n<meta property=\"og:url\" content=\"https:\/\/www.domtechnikpro.com\/index.php\/produkt\/specialni-cena-schuller-sprej-prisma-effect-antik-stribrne-seda-400-ml-36311\/\" \/>\n<meta property=\"og:image\" content=\"https:\/\/www.domtechnikpro.com\/wp-content\/uploads\/2026\/SK0002390-CZ20260425-092420-0-1777080261-3182823-1_schuller-sprej-prisma-effect-antik-stribrne-seda-.webp\" \/>\n\t<meta property=\"og:image:width\" content=\"1000\" \/>\n\t<meta property=\"og:image:height\" content=\"750\" \/>\n\t<meta property=\"og:image:type\" content=\"image\/webp\" \/>\n<meta name=\"twitter:card\" content=\"summary_large_image\" \/>\n<meta name=\"twitter:label1\" content=\"Odhadovan\u00e1 doba \u010dten\u00ed\" \/>\n\t<meta name=\"twitter:data1\" content=\"1 minuta\" \/>\n<script type=\"application\/ld+json\" class=\"yoast-schema-graph\">{\"@context\":\"https:\/\/schema.org\",\"@graph\":[{\"@type\":\"WebPage\",\"@id\":\"https:\/\/www.domtechnikpro.com\/index.php\/produkt\/specialni-cena-schuller-sprej-prisma-effect-antik-stribrne-seda-400-ml-36311\/\",\"url\":\"https:\/\/www.domtechnikpro.com\/index.php\/produkt\/specialni-cena-schuller-sprej-prisma-effect-antik-stribrne-seda-400-ml-36311\/\",\"name\":\"Speci\u00e1ln\u00ed Cena Schuller Sprej PRISMA EFFECT ANTIK st\u0159\u00edbrn\u011b \u0161ed\u00e1, 400 ml -\",\"isPartOf\":{\"@id\":\"https:\/\/www.domtechnikpro.com\/#website\"},\"primaryImageOfPage\":{\"@id\":\"https:\/\/www.domtechnikpro.com\/index.php\/produkt\/specialni-cena-schuller-sprej-prisma-effect-antik-stribrne-seda-400-ml-36311\/#primaryimage\"},\"image\":{\"@id\":\"https:\/\/www.domtechnikpro.com\/index.php\/produkt\/specialni-cena-schuller-sprej-prisma-effect-antik-stribrne-seda-400-ml-36311\/#primaryimage\"},\"thumbnailUrl\":\"https:\/\/www.domtechnikpro.com\/wp-content\/uploads\/2026\/SK0002390-CZ20260425-092420-0-1777080261-3182823-1_schuller-sprej-prisma-effect-antik-stribrne-seda-.webp\",\"datePublished\":\"2026-04-26T08:57:59+00:00\",\"breadcrumb\":{\"@id\":\"https:\/\/www.domtechnikpro.com\/index.php\/produkt\/specialni-cena-schuller-sprej-prisma-effect-antik-stribrne-seda-400-ml-36311\/#breadcrumb\"},\"inLanguage\":\"cs\",\"potentialAction\":[{\"@type\":\"ReadAction\",\"target\":[\"https:\/\/www.domtechnikpro.com\/index.php\/produkt\/specialni-cena-schuller-sprej-prisma-effect-antik-stribrne-seda-400-ml-36311\/\"]}]},{\"@type\":\"ImageObject\",\"inLanguage\":\"cs\",\"@id\":\"https:\/\/www.domtechnikpro.com\/index.php\/produkt\/specialni-cena-schuller-sprej-prisma-effect-antik-stribrne-seda-400-ml-36311\/#primaryimage\",\"url\":\"https:\/\/www.domtechnikpro.com\/wp-content\/uploads\/2026\/SK0002390-CZ20260425-092420-0-1777080261-3182823-1_schuller-sprej-prisma-effect-antik-stribrne-seda-.webp\",\"contentUrl\":\"https:\/\/www.domtechnikpro.com\/wp-content\/uploads\/2026\/SK0002390-CZ20260425-092420-0-1777080261-3182823-1_schuller-sprej-prisma-effect-antik-stribrne-seda-.webp\",\"width\":1000,\"height\":750},{\"@type\":\"BreadcrumbList\",\"@id\":\"https:\/\/www.domtechnikpro.com\/index.php\/produkt\/specialni-cena-schuller-sprej-prisma-effect-antik-stribrne-seda-400-ml-36311\/#breadcrumb\",\"itemListElement\":[{\"@type\":\"ListItem\",\"position\":1,\"name\":\"Home\",\"item\":\"https:\/\/www.domtechnikpro.com\/\"},{\"@type\":\"ListItem\",\"position\":2,\"name\":\"Products\",\"item\":\"https:\/\/www.domtechnikpro.com\/index.php\/products\/\"},{\"@type\":\"ListItem\",\"position\":3,\"name\":\"Speci\u00e1ln\u00ed Cena Schuller Sprej PRISMA EFFECT ANTIK st\u0159\u00edbrn\u011b \u0161ed\u00e1, 400 ml\"}]},{\"@type\":\"WebSite\",\"@id\":\"https:\/\/www.domtechnikpro.com\/#website\",\"url\":\"https:\/\/www.domtechnikpro.com\/\",\"name\":\"\",\"description\":\"\",\"potentialAction\":[{\"@type\":\"SearchAction\",\"target\":{\"@type\":\"EntryPoint\",\"urlTemplate\":\"https:\/\/www.domtechnikpro.com\/?s={search_term_string}\"},\"query-input\":{\"@type\":\"PropertyValueSpecification\",\"valueRequired\":true,\"valueName\":\"search_term_string\"}}],\"inLanguage\":\"cs\"}]}<\/script>\n<!-- \/ Yoast SEO plugin. -->","yoast_head_json":{"title":"Speci\u00e1ln\u00ed Cena Schuller Sprej PRISMA EFFECT ANTIK st\u0159\u00edbrn\u011b \u0161ed\u00e1, 400 ml -","robots":{"index":"index","follow":"follow","max-snippet":"max-snippet:-1","max-image-preview":"max-image-preview:large","max-video-preview":"max-video-preview:-1"},"canonical":"https:\/\/www.domtechnikpro.com\/index.php\/produkt\/specialni-cena-schuller-sprej-prisma-effect-antik-stribrne-seda-400-ml-36311\/","og_locale":"cs_CZ","og_type":"article","og_title":"Speci\u00e1ln\u00ed Cena Schuller Sprej PRISMA EFFECT ANTIK st\u0159\u00edbrn\u011b \u0161ed\u00e1, 400 ml -","og_description":"Detailn\u00ed popis produktu Antik je barva ve spreji s&nbsp;dekorativn\u00edm efektem podobn\u00fdm op\u00edskovan\u00e9 oceli. Pou\u017eit\u00ed na d\u0159evo, plasty a kovov\u00e9 povrchy, kter\u00e9 nevy\u017eaduj\u00ed protikorozn\u00ed ochranu. Na kovov\u00e9m povrchu nejprve odstra\u0148te rez a o\u0161et\u0159ete ochrannou l\u00e1tkou proti reziv\u011bn\u00ed&nbsp;\u2013 nap\u0159\u00edklad antikorozn\u00ed z\u00e1kladovou barvou ve spreji s&nbsp;k\u00f3dem 91058&nbsp;nebo 91059. Pou\u017eit\u00ed: P\u0159ed st\u0159\u00edk\u00e1n\u00edm povrchy d\u016fkladn\u011b o\u010dist\u011bte, p\u0159\u00edpadn\u011b po\u0161kozen\u00e9 \u010d\u00e1sti odstra\u0148te. [&hellip;]","og_url":"https:\/\/www.domtechnikpro.com\/index.php\/produkt\/specialni-cena-schuller-sprej-prisma-effect-antik-stribrne-seda-400-ml-36311\/","og_image":[{"width":1000,"height":750,"url":"https:\/\/www.domtechnikpro.com\/wp-content\/uploads\/2026\/SK0002390-CZ20260425-092420-0-1777080261-3182823-1_schuller-sprej-prisma-effect-antik-stribrne-seda-.webp","type":"image\/webp"}],"twitter_card":"summary_large_image","twitter_misc":{"Odhadovan\u00e1 doba \u010dten\u00ed":"1 minuta"},"schema":{"@context":"https:\/\/schema.org","@graph":[{"@type":"WebPage","@id":"https:\/\/www.domtechnikpro.com\/index.php\/produkt\/specialni-cena-schuller-sprej-prisma-effect-antik-stribrne-seda-400-ml-36311\/","url":"https:\/\/www.domtechnikpro.com\/index.php\/produkt\/specialni-cena-schuller-sprej-prisma-effect-antik-stribrne-seda-400-ml-36311\/","name":"Speci\u00e1ln\u00ed Cena Schuller Sprej PRISMA EFFECT ANTIK st\u0159\u00edbrn\u011b \u0161ed\u00e1, 400 ml -","isPartOf":{"@id":"https:\/\/www.domtechnikpro.com\/#website"},"primaryImageOfPage":{"@id":"https:\/\/www.domtechnikpro.com\/index.php\/produkt\/specialni-cena-schuller-sprej-prisma-effect-antik-stribrne-seda-400-ml-36311\/#primaryimage"},"image":{"@id":"https:\/\/www.domtechnikpro.com\/index.php\/produkt\/specialni-cena-schuller-sprej-prisma-effect-antik-stribrne-seda-400-ml-36311\/#primaryimage"},"thumbnailUrl":"https:\/\/www.domtechnikpro.com\/wp-content\/uploads\/2026\/SK0002390-CZ20260425-092420-0-1777080261-3182823-1_schuller-sprej-prisma-effect-antik-stribrne-seda-.webp","datePublished":"2026-04-26T08:57:59+00:00","breadcrumb":{"@id":"https:\/\/www.domtechnikpro.com\/index.php\/produkt\/specialni-cena-schuller-sprej-prisma-effect-antik-stribrne-seda-400-ml-36311\/#breadcrumb"},"inLanguage":"cs","potentialAction":[{"@type":"ReadAction","target":["https:\/\/www.domtechnikpro.com\/index.php\/produkt\/specialni-cena-schuller-sprej-prisma-effect-antik-stribrne-seda-400-ml-36311\/"]}]},{"@type":"ImageObject","inLanguage":"cs","@id":"https:\/\/www.domtechnikpro.com\/index.php\/produkt\/specialni-cena-schuller-sprej-prisma-effect-antik-stribrne-seda-400-ml-36311\/#primaryimage","url":"https:\/\/www.domtechnikpro.com\/wp-content\/uploads\/2026\/SK0002390-CZ20260425-092420-0-1777080261-3182823-1_schuller-sprej-prisma-effect-antik-stribrne-seda-.webp","contentUrl":"https:\/\/www.domtechnikpro.com\/wp-content\/uploads\/2026\/SK0002390-CZ20260425-092420-0-1777080261-3182823-1_schuller-sprej-prisma-effect-antik-stribrne-seda-.webp","width":1000,"height":750},{"@type":"BreadcrumbList","@id":"https:\/\/www.domtechnikpro.com\/index.php\/produkt\/specialni-cena-schuller-sprej-prisma-effect-antik-stribrne-seda-400-ml-36311\/#breadcrumb","itemListElement":[{"@type":"ListItem","position":1,"name":"Home","item":"https:\/\/www.domtechnikpro.com\/"},{"@type":"ListItem","position":2,"name":"Products","item":"https:\/\/www.domtechnikpro.com\/index.php\/products\/"},{"@type":"ListItem","position":3,"name":"Speci\u00e1ln\u00ed Cena Schuller Sprej PRISMA EFFECT ANTIK st\u0159\u00edbrn\u011b \u0161ed\u00e1, 400 ml"}]},{"@type":"WebSite","@id":"https:\/\/www.domtechnikpro.com\/#website","url":"https:\/\/www.domtechnikpro.com\/","name":"","description":"","potentialAction":[{"@type":"SearchAction","target":{"@type":"EntryPoint","urlTemplate":"https:\/\/www.domtechnikpro.com\/?s={search_term_string}"},"query-input":{"@type":"PropertyValueSpecification","valueRequired":true,"valueName":"search_term_string"}}],"inLanguage":"cs"}]}},"_links":{"self":[{"href":"https:\/\/www.domtechnikpro.com\/index.php\/wp-json\/wp\/v2\/product\/36311","targetHints":{"allow":["GET"]}}],"collection":[{"href":"https:\/\/www.domtechnikpro.com\/index.php\/wp-json\/wp\/v2\/product"}],"about":[{"href":"https:\/\/www.domtechnikpro.com\/index.php\/wp-json\/wp\/v2\/types\/product"}],"replies":[{"embeddable":true,"href":"https:\/\/www.domtechnikpro.com\/index.php\/wp-json\/wp\/v2\/comments?post=36311"}],"wp:featuredmedia":[{"embeddable":true,"href":"https:\/\/www.domtechnikpro.com\/index.php\/wp-json\/wp\/v2\/media\/36411"}],"wp:attachment":[{"href":"https:\/\/www.domtechnikpro.com\/index.php\/wp-json\/wp\/v2\/media?parent=36311"}],"wp:term":[{"taxonomy":"product_brand","embeddable":true,"href":"https:\/\/www.domtechnikpro.com\/index.php\/wp-json\/wp\/v2\/product_brand?post=36311"},{"taxonomy":"product_cat","embeddable":true,"href":"https:\/\/www.domtechnikpro.com\/index.php\/wp-json\/wp\/v2\/product_cat?post=36311"},{"taxonomy":"product_tag","embeddable":true,"href":"https:\/\/www.domtechnikpro.com\/index.php\/wp-json\/wp\/v2\/product_tag?post=36311"}],"curies":[{"name":"wp","href":"https:\/\/api.w.org\/{rel}","templated":true}]}}