{"id":36309,"date":"2026-04-26T08:57:59","date_gmt":"2026-04-26T08:57:59","guid":{"rendered":""},"modified":"2026-04-26T08:57:59","modified_gmt":"2026-04-26T08:57:59","slug":"novinka-schuller-znackovaci-sprej-prisma-signal-zluta-500-ml-36309","status":"publish","type":"product","link":"https:\/\/www.domtechnikpro.com\/index.php\/produkt\/novinka-schuller-znackovaci-sprej-prisma-signal-zluta-500-ml-36309\/","title":{"rendered":"Novinka Schuller Zna\u010dkovac\u00ed sprej PRISMA SIGNAL \u017elut\u00e1, 500 ml"},"content":{"rendered":"<div class=\"basic-description\">\n<h3>Detailn\u00ed popis produktu<\/h3>\n<p>Zna\u010dkovac\u00ed sprej Prisma Color obsahuje 500&nbsp;ml speci\u00e1ln\u00ed barvy na zna\u010dkov\u00e1n\u00ed venku i&nbsp;v&nbsp;interi\u00e9ru. Zna\u010dkovac\u00ed sprej je vhodn\u00fd na ozna\u010dov\u00e1n\u00ed strom\u016f, zd\u00ed, parkovac\u00edch ploch, sportovn\u00edch a d\u011btsk\u00fdch h\u0159i\u0161\u0165, svodidel, pr\u016fmyslov\u00fdch prostor, potrub\u00ed, ulic a trat\u00ed. Vysok\u00e1 odolnost v\u016f\u010di vliv\u016fm po\u010das\u00ed, proti mechanick\u00e9mu zat\u00ed\u017een\u00ed a opot\u0159ebov\u00e1n\u00ed t\u0159en\u00edm. Akrylov\u00e1 barva s&nbsp;vysokou kryc\u00ed schopnost\u00ed a p\u0159ilnavost\u00ed na v\u0161em, tak\u00e9 na vlhk\u00fdch podkladech. Bezolovnat\u00e1 barva. Sprej je ur\u010den pro vnit\u0159n\u00ed i&nbsp;venkovn\u00ed pou\u017eit\u00ed. M\u00e1 speci\u00e1ln\u00ed ventil, kter\u00fd st\u0159\u00edk\u00e1 barvu ve v\u0161ech sm\u011brech. Akrylov\u00e1 barva m\u00e1 vysokou odolnost proti pov\u011btrnostn\u00edm vliv\u016fm. N\u00e1st\u0159ik such\u00fd na dotek za 10&nbsp;min, proschl\u00fd po 24&nbsp;hod.<\/p>\n<p><strong>Pou\u017eit\u00ed:<\/strong><\/p>\n<p>Povrch d\u016fkladn\u011b o\u010dist\u011bte od mazu, mastnoty a \u0161p\u00edny. Na kovov\u00e9m povrchu nejprve odstra\u0148te rez a o\u0161et\u0159ete ochrannou l\u00e1tkou proti rzi nap\u0159. antikorozn\u00ed z\u00e1kladovou barvou. Sprej p\u0159ed pou\u017eit\u00edm prot\u0159epejte 2\u20133 min. St\u0159\u00edkejte ze vzd\u00e1lenosti 25\u201330 cm v&nbsp;tenk\u00fdch vrstv\u00e1ch lehk\u00fdmi pohyby nad povrchem. P\u0159i chladn\u011bj\u0161\u00edm po\u010das\u00ed sprej p\u0159ed pou\u017eit\u00edm zah\u0159ejte v&nbsp;tepl\u00e9 vod\u011b na 20\u201325\u00b0C. Nepou\u017e\u00edvat p\u0159i teplot\u011b pod 15\u00b0C. Sprej je vybaven samo\u010distic\u00edm ventilem. V\u00ed\u010dko odstra\u0148te pouze v&nbsp;p\u0159\u00edpad\u011b pou\u017eit\u00ed zna\u010dkovac\u00edho stroje. Po pou\u017eit\u00ed v\u00ed\u010dko nenasazujte&nbsp;zp\u011bt.<\/p>\n<p>Bezpe\u010dnostn\u00ed List PRISMA SIGNAL zna\u010dkovac\u00ed<\/p>\n<\/p><\/div>\n","protected":false},"excerpt":{"rendered":"<p>Detailn\u00ed popis produktu Zna\u010dkovac\u00ed sprej Prisma Color obsahuje 500&nbsp;ml speci\u00e1ln\u00ed barvy na zna\u010dkov\u00e1n\u00ed venku i&nbsp;v&nbsp;interi\u00e9ru. Zna\u010dkovac\u00ed sprej je vhodn\u00fd na ozna\u010dov\u00e1n\u00ed strom\u016f, zd\u00ed, parkovac\u00edch ploch, sportovn\u00edch a d\u011btsk\u00fdch h\u0159i\u0161\u0165, svodidel, pr\u016fmyslov\u00fdch prostor, potrub\u00ed, ulic a trat\u00ed. Vysok\u00e1 odolnost v\u016f\u010di vliv\u016fm po\u010das\u00ed, proti mechanick\u00e9mu zat\u00ed\u017een\u00ed a opot\u0159ebov\u00e1n\u00ed t\u0159en\u00edm. Akrylov\u00e1 barva s&nbsp;vysokou kryc\u00ed schopnost\u00ed a p\u0159ilnavost\u00ed na [&hellip;]<\/p>\n","protected":false},"featured_media":36409,"comment_status":"open","ping_status":"open","template":"","meta":[],"product_brand":[],"product_cat":[33],"product_tag":[],"class_list":{"0":"post-36309","1":"product","2":"type-product","3":"status-publish","4":"has-post-thumbnail","6":"product_cat-nejlepsi-prodejci","8":"first","9":"instock","10":"sale","11":"shipping-taxable","12":"purchasable","13":"product-type-simple"},"yoast_head":"<!-- This site is optimized with the Yoast SEO plugin v26.8 - https:\/\/yoast.com\/product\/yoast-seo-wordpress\/ -->\n<title>Novinka Schuller Zna\u010dkovac\u00ed sprej PRISMA SIGNAL \u017elut\u00e1, 500 ml -<\/title>\n<meta name=\"robots\" content=\"index, follow, max-snippet:-1, max-image-preview:large, max-video-preview:-1\" \/>\n<link rel=\"canonical\" href=\"https:\/\/www.domtechnikpro.com\/index.php\/produkt\/novinka-schuller-znackovaci-sprej-prisma-signal-zluta-500-ml-36309\/\" \/>\n<meta property=\"og:locale\" content=\"cs_CZ\" \/>\n<meta property=\"og:type\" content=\"article\" \/>\n<meta property=\"og:title\" content=\"Novinka Schuller Zna\u010dkovac\u00ed sprej PRISMA SIGNAL \u017elut\u00e1, 500 ml -\" \/>\n<meta property=\"og:description\" content=\"Detailn\u00ed popis produktu Zna\u010dkovac\u00ed sprej Prisma Color obsahuje 500&nbsp;ml speci\u00e1ln\u00ed barvy na zna\u010dkov\u00e1n\u00ed venku i&nbsp;v&nbsp;interi\u00e9ru. Zna\u010dkovac\u00ed sprej je vhodn\u00fd na ozna\u010dov\u00e1n\u00ed strom\u016f, zd\u00ed, parkovac\u00edch ploch, sportovn\u00edch a d\u011btsk\u00fdch h\u0159i\u0161\u0165, svodidel, pr\u016fmyslov\u00fdch prostor, potrub\u00ed, ulic a trat\u00ed. Vysok\u00e1 odolnost v\u016f\u010di vliv\u016fm po\u010das\u00ed, proti mechanick\u00e9mu zat\u00ed\u017een\u00ed a opot\u0159ebov\u00e1n\u00ed t\u0159en\u00edm. Akrylov\u00e1 barva s&nbsp;vysokou kryc\u00ed schopnost\u00ed a p\u0159ilnavost\u00ed na [&hellip;]\" \/>\n<meta property=\"og:url\" content=\"https:\/\/www.domtechnikpro.com\/index.php\/produkt\/novinka-schuller-znackovaci-sprej-prisma-signal-zluta-500-ml-36309\/\" \/>\n<meta property=\"og:image\" content=\"https:\/\/www.domtechnikpro.com\/wp-content\/uploads\/2026\/SK0002388-CZ20260425-092420-0-1777080261-3182799_schuller-znackovaci-sprej-prisma-signal-zluta--500-.webp\" \/>\n\t<meta property=\"og:image:width\" content=\"1000\" \/>\n\t<meta property=\"og:image:height\" content=\"750\" \/>\n\t<meta property=\"og:image:type\" content=\"image\/webp\" \/>\n<meta name=\"twitter:card\" content=\"summary_large_image\" \/>\n<meta name=\"twitter:label1\" content=\"Odhadovan\u00e1 doba \u010dten\u00ed\" \/>\n\t<meta name=\"twitter:data1\" content=\"1 minuta\" \/>\n<script type=\"application\/ld+json\" class=\"yoast-schema-graph\">{\"@context\":\"https:\/\/schema.org\",\"@graph\":[{\"@type\":\"WebPage\",\"@id\":\"https:\/\/www.domtechnikpro.com\/index.php\/produkt\/novinka-schuller-znackovaci-sprej-prisma-signal-zluta-500-ml-36309\/\",\"url\":\"https:\/\/www.domtechnikpro.com\/index.php\/produkt\/novinka-schuller-znackovaci-sprej-prisma-signal-zluta-500-ml-36309\/\",\"name\":\"Novinka Schuller Zna\u010dkovac\u00ed sprej PRISMA SIGNAL \u017elut\u00e1, 500 ml -\",\"isPartOf\":{\"@id\":\"https:\/\/www.domtechnikpro.com\/#website\"},\"primaryImageOfPage\":{\"@id\":\"https:\/\/www.domtechnikpro.com\/index.php\/produkt\/novinka-schuller-znackovaci-sprej-prisma-signal-zluta-500-ml-36309\/#primaryimage\"},\"image\":{\"@id\":\"https:\/\/www.domtechnikpro.com\/index.php\/produkt\/novinka-schuller-znackovaci-sprej-prisma-signal-zluta-500-ml-36309\/#primaryimage\"},\"thumbnailUrl\":\"https:\/\/www.domtechnikpro.com\/wp-content\/uploads\/2026\/SK0002388-CZ20260425-092420-0-1777080261-3182799_schuller-znackovaci-sprej-prisma-signal-zluta--500-.webp\",\"datePublished\":\"2026-04-26T08:57:59+00:00\",\"breadcrumb\":{\"@id\":\"https:\/\/www.domtechnikpro.com\/index.php\/produkt\/novinka-schuller-znackovaci-sprej-prisma-signal-zluta-500-ml-36309\/#breadcrumb\"},\"inLanguage\":\"cs\",\"potentialAction\":[{\"@type\":\"ReadAction\",\"target\":[\"https:\/\/www.domtechnikpro.com\/index.php\/produkt\/novinka-schuller-znackovaci-sprej-prisma-signal-zluta-500-ml-36309\/\"]}]},{\"@type\":\"ImageObject\",\"inLanguage\":\"cs\",\"@id\":\"https:\/\/www.domtechnikpro.com\/index.php\/produkt\/novinka-schuller-znackovaci-sprej-prisma-signal-zluta-500-ml-36309\/#primaryimage\",\"url\":\"https:\/\/www.domtechnikpro.com\/wp-content\/uploads\/2026\/SK0002388-CZ20260425-092420-0-1777080261-3182799_schuller-znackovaci-sprej-prisma-signal-zluta--500-.webp\",\"contentUrl\":\"https:\/\/www.domtechnikpro.com\/wp-content\/uploads\/2026\/SK0002388-CZ20260425-092420-0-1777080261-3182799_schuller-znackovaci-sprej-prisma-signal-zluta--500-.webp\",\"width\":1000,\"height\":750},{\"@type\":\"BreadcrumbList\",\"@id\":\"https:\/\/www.domtechnikpro.com\/index.php\/produkt\/novinka-schuller-znackovaci-sprej-prisma-signal-zluta-500-ml-36309\/#breadcrumb\",\"itemListElement\":[{\"@type\":\"ListItem\",\"position\":1,\"name\":\"Home\",\"item\":\"https:\/\/www.domtechnikpro.com\/\"},{\"@type\":\"ListItem\",\"position\":2,\"name\":\"Products\",\"item\":\"https:\/\/www.domtechnikpro.com\/index.php\/products\/\"},{\"@type\":\"ListItem\",\"position\":3,\"name\":\"Novinka Schuller Zna\u010dkovac\u00ed sprej PRISMA SIGNAL \u017elut\u00e1, 500 ml\"}]},{\"@type\":\"WebSite\",\"@id\":\"https:\/\/www.domtechnikpro.com\/#website\",\"url\":\"https:\/\/www.domtechnikpro.com\/\",\"name\":\"\",\"description\":\"\",\"potentialAction\":[{\"@type\":\"SearchAction\",\"target\":{\"@type\":\"EntryPoint\",\"urlTemplate\":\"https:\/\/www.domtechnikpro.com\/?s={search_term_string}\"},\"query-input\":{\"@type\":\"PropertyValueSpecification\",\"valueRequired\":true,\"valueName\":\"search_term_string\"}}],\"inLanguage\":\"cs\"}]}<\/script>\n<!-- \/ Yoast SEO plugin. -->","yoast_head_json":{"title":"Novinka Schuller Zna\u010dkovac\u00ed sprej PRISMA SIGNAL \u017elut\u00e1, 500 ml -","robots":{"index":"index","follow":"follow","max-snippet":"max-snippet:-1","max-image-preview":"max-image-preview:large","max-video-preview":"max-video-preview:-1"},"canonical":"https:\/\/www.domtechnikpro.com\/index.php\/produkt\/novinka-schuller-znackovaci-sprej-prisma-signal-zluta-500-ml-36309\/","og_locale":"cs_CZ","og_type":"article","og_title":"Novinka Schuller Zna\u010dkovac\u00ed sprej PRISMA SIGNAL \u017elut\u00e1, 500 ml -","og_description":"Detailn\u00ed popis produktu Zna\u010dkovac\u00ed sprej Prisma Color obsahuje 500&nbsp;ml speci\u00e1ln\u00ed barvy na zna\u010dkov\u00e1n\u00ed venku i&nbsp;v&nbsp;interi\u00e9ru. Zna\u010dkovac\u00ed sprej je vhodn\u00fd na ozna\u010dov\u00e1n\u00ed strom\u016f, zd\u00ed, parkovac\u00edch ploch, sportovn\u00edch a d\u011btsk\u00fdch h\u0159i\u0161\u0165, svodidel, pr\u016fmyslov\u00fdch prostor, potrub\u00ed, ulic a trat\u00ed. Vysok\u00e1 odolnost v\u016f\u010di vliv\u016fm po\u010das\u00ed, proti mechanick\u00e9mu zat\u00ed\u017een\u00ed a opot\u0159ebov\u00e1n\u00ed t\u0159en\u00edm. Akrylov\u00e1 barva s&nbsp;vysokou kryc\u00ed schopnost\u00ed a p\u0159ilnavost\u00ed na [&hellip;]","og_url":"https:\/\/www.domtechnikpro.com\/index.php\/produkt\/novinka-schuller-znackovaci-sprej-prisma-signal-zluta-500-ml-36309\/","og_image":[{"width":1000,"height":750,"url":"https:\/\/www.domtechnikpro.com\/wp-content\/uploads\/2026\/SK0002388-CZ20260425-092420-0-1777080261-3182799_schuller-znackovaci-sprej-prisma-signal-zluta--500-.webp","type":"image\/webp"}],"twitter_card":"summary_large_image","twitter_misc":{"Odhadovan\u00e1 doba \u010dten\u00ed":"1 minuta"},"schema":{"@context":"https:\/\/schema.org","@graph":[{"@type":"WebPage","@id":"https:\/\/www.domtechnikpro.com\/index.php\/produkt\/novinka-schuller-znackovaci-sprej-prisma-signal-zluta-500-ml-36309\/","url":"https:\/\/www.domtechnikpro.com\/index.php\/produkt\/novinka-schuller-znackovaci-sprej-prisma-signal-zluta-500-ml-36309\/","name":"Novinka Schuller Zna\u010dkovac\u00ed sprej PRISMA SIGNAL \u017elut\u00e1, 500 ml -","isPartOf":{"@id":"https:\/\/www.domtechnikpro.com\/#website"},"primaryImageOfPage":{"@id":"https:\/\/www.domtechnikpro.com\/index.php\/produkt\/novinka-schuller-znackovaci-sprej-prisma-signal-zluta-500-ml-36309\/#primaryimage"},"image":{"@id":"https:\/\/www.domtechnikpro.com\/index.php\/produkt\/novinka-schuller-znackovaci-sprej-prisma-signal-zluta-500-ml-36309\/#primaryimage"},"thumbnailUrl":"https:\/\/www.domtechnikpro.com\/wp-content\/uploads\/2026\/SK0002388-CZ20260425-092420-0-1777080261-3182799_schuller-znackovaci-sprej-prisma-signal-zluta--500-.webp","datePublished":"2026-04-26T08:57:59+00:00","breadcrumb":{"@id":"https:\/\/www.domtechnikpro.com\/index.php\/produkt\/novinka-schuller-znackovaci-sprej-prisma-signal-zluta-500-ml-36309\/#breadcrumb"},"inLanguage":"cs","potentialAction":[{"@type":"ReadAction","target":["https:\/\/www.domtechnikpro.com\/index.php\/produkt\/novinka-schuller-znackovaci-sprej-prisma-signal-zluta-500-ml-36309\/"]}]},{"@type":"ImageObject","inLanguage":"cs","@id":"https:\/\/www.domtechnikpro.com\/index.php\/produkt\/novinka-schuller-znackovaci-sprej-prisma-signal-zluta-500-ml-36309\/#primaryimage","url":"https:\/\/www.domtechnikpro.com\/wp-content\/uploads\/2026\/SK0002388-CZ20260425-092420-0-1777080261-3182799_schuller-znackovaci-sprej-prisma-signal-zluta--500-.webp","contentUrl":"https:\/\/www.domtechnikpro.com\/wp-content\/uploads\/2026\/SK0002388-CZ20260425-092420-0-1777080261-3182799_schuller-znackovaci-sprej-prisma-signal-zluta--500-.webp","width":1000,"height":750},{"@type":"BreadcrumbList","@id":"https:\/\/www.domtechnikpro.com\/index.php\/produkt\/novinka-schuller-znackovaci-sprej-prisma-signal-zluta-500-ml-36309\/#breadcrumb","itemListElement":[{"@type":"ListItem","position":1,"name":"Home","item":"https:\/\/www.domtechnikpro.com\/"},{"@type":"ListItem","position":2,"name":"Products","item":"https:\/\/www.domtechnikpro.com\/index.php\/products\/"},{"@type":"ListItem","position":3,"name":"Novinka Schuller Zna\u010dkovac\u00ed sprej PRISMA SIGNAL \u017elut\u00e1, 500 ml"}]},{"@type":"WebSite","@id":"https:\/\/www.domtechnikpro.com\/#website","url":"https:\/\/www.domtechnikpro.com\/","name":"","description":"","potentialAction":[{"@type":"SearchAction","target":{"@type":"EntryPoint","urlTemplate":"https:\/\/www.domtechnikpro.com\/?s={search_term_string}"},"query-input":{"@type":"PropertyValueSpecification","valueRequired":true,"valueName":"search_term_string"}}],"inLanguage":"cs"}]}},"_links":{"self":[{"href":"https:\/\/www.domtechnikpro.com\/index.php\/wp-json\/wp\/v2\/product\/36309","targetHints":{"allow":["GET"]}}],"collection":[{"href":"https:\/\/www.domtechnikpro.com\/index.php\/wp-json\/wp\/v2\/product"}],"about":[{"href":"https:\/\/www.domtechnikpro.com\/index.php\/wp-json\/wp\/v2\/types\/product"}],"replies":[{"embeddable":true,"href":"https:\/\/www.domtechnikpro.com\/index.php\/wp-json\/wp\/v2\/comments?post=36309"}],"wp:featuredmedia":[{"embeddable":true,"href":"https:\/\/www.domtechnikpro.com\/index.php\/wp-json\/wp\/v2\/media\/36409"}],"wp:attachment":[{"href":"https:\/\/www.domtechnikpro.com\/index.php\/wp-json\/wp\/v2\/media?parent=36309"}],"wp:term":[{"taxonomy":"product_brand","embeddable":true,"href":"https:\/\/www.domtechnikpro.com\/index.php\/wp-json\/wp\/v2\/product_brand?post=36309"},{"taxonomy":"product_cat","embeddable":true,"href":"https:\/\/www.domtechnikpro.com\/index.php\/wp-json\/wp\/v2\/product_cat?post=36309"},{"taxonomy":"product_tag","embeddable":true,"href":"https:\/\/www.domtechnikpro.com\/index.php\/wp-json\/wp\/v2\/product_tag?post=36309"}],"curies":[{"name":"wp","href":"https:\/\/api.w.org\/{rel}","templated":true}]}}