{"id":36308,"date":"2026-04-26T08:57:59","date_gmt":"2026-04-26T08:57:59","guid":{"rendered":""},"modified":"2026-04-26T08:57:59","modified_gmt":"2026-04-26T08:57:59","slug":"casove-omezene-silikonovy-sprej-prisma-tech-silicone-400-ml-36308","status":"publish","type":"product","link":"https:\/\/www.domtechnikpro.com\/index.php\/produkt\/casove-omezene-silikonovy-sprej-prisma-tech-silicone-400-ml-36308\/","title":{"rendered":"\u010casov\u011b Omezen\u00e9 Silikonov\u00fd sprej PRISMA TECH SILICONE, 400 ml"},"content":{"rendered":"<div class=\"basic-description\">\n<h3>Detailn\u00ed popis produktu<\/h3>\n<p>Silikonov\u00fd odlu\u010dova\u010d ve spreji. Prisma Color SILIKON sprej\u00a0\u2013 to je impregna\u010dn\u00ed, mazac\u00ed odlu\u010dova\u010d, kter\u00fd chr\u00e1n\u00ed povrchy p\u0159ed koroz\u00ed. Nelep\u00ed a nezp\u016fsobuje \u017e\u00e1dn\u00fd mo\u0159idlov\u00fd efekt. Na ochranu a impregnaci, maz\u00e1n\u00ed ly\u017ea\u0159sk\u00e9ho v\u00e1z\u00e1n\u00ed, \u017ealuzi\u00ed, verand, elektrick\u00fdch a z\u00e1paln\u00fdch syst\u00e9m\u016f. Prisma Color silikonov\u00fd sprej je technicky neaktivn\u00ed, m\u016f\u017ee b\u00fdt pou\u017eit\u00fd jako odlu\u010dova\u010d gum a plastov\u00fdch \u010d\u00e1st\u00ed. Odstra\u0148uje sk\u0159\u00edp\u00e1n\u00ed nap\u0159. u\u00a0dve\u0159\u00ed aut, kter\u00e9 nast\u00e1v\u00e1 p\u016fsoben\u00edm vlhka. Nenan\u00e1\u0161et na lakovan\u00e9\u00a0\u010d\u00e1sti.<\/p>\n<p><strong>Pou\u017eit\u00ed:<\/strong><\/p>\n<p>P\u0159i pokojov\u00e9 teplot\u011b mezi 20\u201325\u00b0C, m\u00edstnost mus\u00ed b\u00fdt dob\u0159e v\u011btran\u00e1. Sprej p\u0159ed pou\u017eit\u00edm prot\u0159epejte 2\u20133 min. Sprejem ob\u010das prot\u0159este tak\u00e9 v\u00a0pr\u016fb\u011bhu pr\u00e1ce. Optim\u00e1ln\u00ed vzd\u00e1lenost nan\u00e1\u0161en\u00ed je 20\u201325 cm lehk\u00fdm a rovnom\u011brn\u00fdm pohybem nad povrchem. Nan\u00e1\u0161en\u00edm ve v\u00edce tenk\u00fdch vrstv\u00e1ch dojde k\u00a0zabr\u00e1n\u011bn\u00ed vzniku kapek a skvrn. Sprej m\u00e1 samo\u010distic\u00ed ventil.<\/p>\n<p>Bezpe\u010dnostn\u00ed List PRISMA TECH SILICONE silikonov\u00fd<\/p>\n<\/p><\/div>\n","protected":false},"excerpt":{"rendered":"<p>Detailn\u00ed popis produktu Silikonov\u00fd odlu\u010dova\u010d ve spreji. Prisma Color SILIKON sprej\u00a0\u2013 to je impregna\u010dn\u00ed, mazac\u00ed odlu\u010dova\u010d, kter\u00fd chr\u00e1n\u00ed povrchy p\u0159ed koroz\u00ed. Nelep\u00ed a nezp\u016fsobuje \u017e\u00e1dn\u00fd mo\u0159idlov\u00fd efekt. Na ochranu a impregnaci, maz\u00e1n\u00ed ly\u017ea\u0159sk\u00e9ho v\u00e1z\u00e1n\u00ed, \u017ealuzi\u00ed, verand, elektrick\u00fdch a z\u00e1paln\u00fdch syst\u00e9m\u016f. Prisma Color silikonov\u00fd sprej je technicky neaktivn\u00ed, m\u016f\u017ee b\u00fdt pou\u017eit\u00fd jako odlu\u010dova\u010d gum a plastov\u00fdch [&hellip;]<\/p>\n","protected":false},"featured_media":36408,"comment_status":"open","ping_status":"open","template":"","meta":[],"product_brand":[],"product_cat":[33],"product_tag":[],"class_list":{"0":"post-36308","1":"product","2":"type-product","3":"status-publish","4":"has-post-thumbnail","6":"product_cat-nejlepsi-prodejci","8":"first","9":"instock","10":"sale","11":"shipping-taxable","12":"purchasable","13":"product-type-simple"},"yoast_head":"<!-- This site is optimized with the Yoast SEO plugin v26.8 - https:\/\/yoast.com\/product\/yoast-seo-wordpress\/ -->\n<title>\u010casov\u011b Omezen\u00e9 Silikonov\u00fd sprej PRISMA TECH SILICONE, 400 ml -<\/title>\n<meta name=\"robots\" content=\"index, follow, max-snippet:-1, max-image-preview:large, max-video-preview:-1\" \/>\n<link rel=\"canonical\" href=\"https:\/\/www.domtechnikpro.com\/index.php\/produkt\/casove-omezene-silikonovy-sprej-prisma-tech-silicone-400-ml-36308\/\" \/>\n<meta property=\"og:locale\" content=\"cs_CZ\" \/>\n<meta property=\"og:type\" content=\"article\" \/>\n<meta property=\"og:title\" content=\"\u010casov\u011b Omezen\u00e9 Silikonov\u00fd sprej PRISMA TECH SILICONE, 400 ml -\" \/>\n<meta property=\"og:description\" content=\"Detailn\u00ed popis produktu Silikonov\u00fd odlu\u010dova\u010d ve spreji. Prisma Color SILIKON sprej\u00a0\u2013 to je impregna\u010dn\u00ed, mazac\u00ed odlu\u010dova\u010d, kter\u00fd chr\u00e1n\u00ed povrchy p\u0159ed koroz\u00ed. Nelep\u00ed a nezp\u016fsobuje \u017e\u00e1dn\u00fd mo\u0159idlov\u00fd efekt. Na ochranu a impregnaci, maz\u00e1n\u00ed ly\u017ea\u0159sk\u00e9ho v\u00e1z\u00e1n\u00ed, \u017ealuzi\u00ed, verand, elektrick\u00fdch a z\u00e1paln\u00fdch syst\u00e9m\u016f. Prisma Color silikonov\u00fd sprej je technicky neaktivn\u00ed, m\u016f\u017ee b\u00fdt pou\u017eit\u00fd jako odlu\u010dova\u010d gum a plastov\u00fdch [&hellip;]\" \/>\n<meta property=\"og:url\" content=\"https:\/\/www.domtechnikpro.com\/index.php\/produkt\/casove-omezene-silikonovy-sprej-prisma-tech-silicone-400-ml-36308\/\" \/>\n<meta property=\"og:image\" content=\"https:\/\/www.domtechnikpro.com\/wp-content\/uploads\/2026\/SK0002387-CZ20260425-092420-0-1777080261-3182784-1_silikonovy-sprej-prisma-tech-silicone--400-ml.webp\" \/>\n\t<meta property=\"og:image:width\" content=\"1000\" \/>\n\t<meta property=\"og:image:height\" content=\"750\" \/>\n\t<meta property=\"og:image:type\" content=\"image\/webp\" \/>\n<meta name=\"twitter:card\" content=\"summary_large_image\" \/>\n<meta name=\"twitter:label1\" content=\"Odhadovan\u00e1 doba \u010dten\u00ed\" \/>\n\t<meta name=\"twitter:data1\" content=\"1 minuta\" \/>\n<script type=\"application\/ld+json\" class=\"yoast-schema-graph\">{\"@context\":\"https:\/\/schema.org\",\"@graph\":[{\"@type\":\"WebPage\",\"@id\":\"https:\/\/www.domtechnikpro.com\/index.php\/produkt\/casove-omezene-silikonovy-sprej-prisma-tech-silicone-400-ml-36308\/\",\"url\":\"https:\/\/www.domtechnikpro.com\/index.php\/produkt\/casove-omezene-silikonovy-sprej-prisma-tech-silicone-400-ml-36308\/\",\"name\":\"\u010casov\u011b Omezen\u00e9 Silikonov\u00fd sprej PRISMA TECH SILICONE, 400 ml -\",\"isPartOf\":{\"@id\":\"https:\/\/www.domtechnikpro.com\/#website\"},\"primaryImageOfPage\":{\"@id\":\"https:\/\/www.domtechnikpro.com\/index.php\/produkt\/casove-omezene-silikonovy-sprej-prisma-tech-silicone-400-ml-36308\/#primaryimage\"},\"image\":{\"@id\":\"https:\/\/www.domtechnikpro.com\/index.php\/produkt\/casove-omezene-silikonovy-sprej-prisma-tech-silicone-400-ml-36308\/#primaryimage\"},\"thumbnailUrl\":\"https:\/\/www.domtechnikpro.com\/wp-content\/uploads\/2026\/SK0002387-CZ20260425-092420-0-1777080261-3182784-1_silikonovy-sprej-prisma-tech-silicone--400-ml.webp\",\"datePublished\":\"2026-04-26T08:57:59+00:00\",\"breadcrumb\":{\"@id\":\"https:\/\/www.domtechnikpro.com\/index.php\/produkt\/casove-omezene-silikonovy-sprej-prisma-tech-silicone-400-ml-36308\/#breadcrumb\"},\"inLanguage\":\"cs\",\"potentialAction\":[{\"@type\":\"ReadAction\",\"target\":[\"https:\/\/www.domtechnikpro.com\/index.php\/produkt\/casove-omezene-silikonovy-sprej-prisma-tech-silicone-400-ml-36308\/\"]}]},{\"@type\":\"ImageObject\",\"inLanguage\":\"cs\",\"@id\":\"https:\/\/www.domtechnikpro.com\/index.php\/produkt\/casove-omezene-silikonovy-sprej-prisma-tech-silicone-400-ml-36308\/#primaryimage\",\"url\":\"https:\/\/www.domtechnikpro.com\/wp-content\/uploads\/2026\/SK0002387-CZ20260425-092420-0-1777080261-3182784-1_silikonovy-sprej-prisma-tech-silicone--400-ml.webp\",\"contentUrl\":\"https:\/\/www.domtechnikpro.com\/wp-content\/uploads\/2026\/SK0002387-CZ20260425-092420-0-1777080261-3182784-1_silikonovy-sprej-prisma-tech-silicone--400-ml.webp\",\"width\":1000,\"height\":750},{\"@type\":\"BreadcrumbList\",\"@id\":\"https:\/\/www.domtechnikpro.com\/index.php\/produkt\/casove-omezene-silikonovy-sprej-prisma-tech-silicone-400-ml-36308\/#breadcrumb\",\"itemListElement\":[{\"@type\":\"ListItem\",\"position\":1,\"name\":\"Home\",\"item\":\"https:\/\/www.domtechnikpro.com\/\"},{\"@type\":\"ListItem\",\"position\":2,\"name\":\"Products\",\"item\":\"https:\/\/www.domtechnikpro.com\/index.php\/products\/\"},{\"@type\":\"ListItem\",\"position\":3,\"name\":\"\u010casov\u011b Omezen\u00e9 Silikonov\u00fd sprej PRISMA TECH SILICONE, 400 ml\"}]},{\"@type\":\"WebSite\",\"@id\":\"https:\/\/www.domtechnikpro.com\/#website\",\"url\":\"https:\/\/www.domtechnikpro.com\/\",\"name\":\"\",\"description\":\"\",\"potentialAction\":[{\"@type\":\"SearchAction\",\"target\":{\"@type\":\"EntryPoint\",\"urlTemplate\":\"https:\/\/www.domtechnikpro.com\/?s={search_term_string}\"},\"query-input\":{\"@type\":\"PropertyValueSpecification\",\"valueRequired\":true,\"valueName\":\"search_term_string\"}}],\"inLanguage\":\"cs\"}]}<\/script>\n<!-- \/ Yoast SEO plugin. -->","yoast_head_json":{"title":"\u010casov\u011b Omezen\u00e9 Silikonov\u00fd sprej PRISMA TECH SILICONE, 400 ml -","robots":{"index":"index","follow":"follow","max-snippet":"max-snippet:-1","max-image-preview":"max-image-preview:large","max-video-preview":"max-video-preview:-1"},"canonical":"https:\/\/www.domtechnikpro.com\/index.php\/produkt\/casove-omezene-silikonovy-sprej-prisma-tech-silicone-400-ml-36308\/","og_locale":"cs_CZ","og_type":"article","og_title":"\u010casov\u011b Omezen\u00e9 Silikonov\u00fd sprej PRISMA TECH SILICONE, 400 ml -","og_description":"Detailn\u00ed popis produktu Silikonov\u00fd odlu\u010dova\u010d ve spreji. Prisma Color SILIKON sprej\u00a0\u2013 to je impregna\u010dn\u00ed, mazac\u00ed odlu\u010dova\u010d, kter\u00fd chr\u00e1n\u00ed povrchy p\u0159ed koroz\u00ed. Nelep\u00ed a nezp\u016fsobuje \u017e\u00e1dn\u00fd mo\u0159idlov\u00fd efekt. Na ochranu a impregnaci, maz\u00e1n\u00ed ly\u017ea\u0159sk\u00e9ho v\u00e1z\u00e1n\u00ed, \u017ealuzi\u00ed, verand, elektrick\u00fdch a z\u00e1paln\u00fdch syst\u00e9m\u016f. Prisma Color silikonov\u00fd sprej je technicky neaktivn\u00ed, m\u016f\u017ee b\u00fdt pou\u017eit\u00fd jako odlu\u010dova\u010d gum a plastov\u00fdch [&hellip;]","og_url":"https:\/\/www.domtechnikpro.com\/index.php\/produkt\/casove-omezene-silikonovy-sprej-prisma-tech-silicone-400-ml-36308\/","og_image":[{"width":1000,"height":750,"url":"https:\/\/www.domtechnikpro.com\/wp-content\/uploads\/2026\/SK0002387-CZ20260425-092420-0-1777080261-3182784-1_silikonovy-sprej-prisma-tech-silicone--400-ml.webp","type":"image\/webp"}],"twitter_card":"summary_large_image","twitter_misc":{"Odhadovan\u00e1 doba \u010dten\u00ed":"1 minuta"},"schema":{"@context":"https:\/\/schema.org","@graph":[{"@type":"WebPage","@id":"https:\/\/www.domtechnikpro.com\/index.php\/produkt\/casove-omezene-silikonovy-sprej-prisma-tech-silicone-400-ml-36308\/","url":"https:\/\/www.domtechnikpro.com\/index.php\/produkt\/casove-omezene-silikonovy-sprej-prisma-tech-silicone-400-ml-36308\/","name":"\u010casov\u011b Omezen\u00e9 Silikonov\u00fd sprej PRISMA TECH SILICONE, 400 ml -","isPartOf":{"@id":"https:\/\/www.domtechnikpro.com\/#website"},"primaryImageOfPage":{"@id":"https:\/\/www.domtechnikpro.com\/index.php\/produkt\/casove-omezene-silikonovy-sprej-prisma-tech-silicone-400-ml-36308\/#primaryimage"},"image":{"@id":"https:\/\/www.domtechnikpro.com\/index.php\/produkt\/casove-omezene-silikonovy-sprej-prisma-tech-silicone-400-ml-36308\/#primaryimage"},"thumbnailUrl":"https:\/\/www.domtechnikpro.com\/wp-content\/uploads\/2026\/SK0002387-CZ20260425-092420-0-1777080261-3182784-1_silikonovy-sprej-prisma-tech-silicone--400-ml.webp","datePublished":"2026-04-26T08:57:59+00:00","breadcrumb":{"@id":"https:\/\/www.domtechnikpro.com\/index.php\/produkt\/casove-omezene-silikonovy-sprej-prisma-tech-silicone-400-ml-36308\/#breadcrumb"},"inLanguage":"cs","potentialAction":[{"@type":"ReadAction","target":["https:\/\/www.domtechnikpro.com\/index.php\/produkt\/casove-omezene-silikonovy-sprej-prisma-tech-silicone-400-ml-36308\/"]}]},{"@type":"ImageObject","inLanguage":"cs","@id":"https:\/\/www.domtechnikpro.com\/index.php\/produkt\/casove-omezene-silikonovy-sprej-prisma-tech-silicone-400-ml-36308\/#primaryimage","url":"https:\/\/www.domtechnikpro.com\/wp-content\/uploads\/2026\/SK0002387-CZ20260425-092420-0-1777080261-3182784-1_silikonovy-sprej-prisma-tech-silicone--400-ml.webp","contentUrl":"https:\/\/www.domtechnikpro.com\/wp-content\/uploads\/2026\/SK0002387-CZ20260425-092420-0-1777080261-3182784-1_silikonovy-sprej-prisma-tech-silicone--400-ml.webp","width":1000,"height":750},{"@type":"BreadcrumbList","@id":"https:\/\/www.domtechnikpro.com\/index.php\/produkt\/casove-omezene-silikonovy-sprej-prisma-tech-silicone-400-ml-36308\/#breadcrumb","itemListElement":[{"@type":"ListItem","position":1,"name":"Home","item":"https:\/\/www.domtechnikpro.com\/"},{"@type":"ListItem","position":2,"name":"Products","item":"https:\/\/www.domtechnikpro.com\/index.php\/products\/"},{"@type":"ListItem","position":3,"name":"\u010casov\u011b Omezen\u00e9 Silikonov\u00fd sprej PRISMA TECH SILICONE, 400 ml"}]},{"@type":"WebSite","@id":"https:\/\/www.domtechnikpro.com\/#website","url":"https:\/\/www.domtechnikpro.com\/","name":"","description":"","potentialAction":[{"@type":"SearchAction","target":{"@type":"EntryPoint","urlTemplate":"https:\/\/www.domtechnikpro.com\/?s={search_term_string}"},"query-input":{"@type":"PropertyValueSpecification","valueRequired":true,"valueName":"search_term_string"}}],"inLanguage":"cs"}]}},"_links":{"self":[{"href":"https:\/\/www.domtechnikpro.com\/index.php\/wp-json\/wp\/v2\/product\/36308","targetHints":{"allow":["GET"]}}],"collection":[{"href":"https:\/\/www.domtechnikpro.com\/index.php\/wp-json\/wp\/v2\/product"}],"about":[{"href":"https:\/\/www.domtechnikpro.com\/index.php\/wp-json\/wp\/v2\/types\/product"}],"replies":[{"embeddable":true,"href":"https:\/\/www.domtechnikpro.com\/index.php\/wp-json\/wp\/v2\/comments?post=36308"}],"wp:featuredmedia":[{"embeddable":true,"href":"https:\/\/www.domtechnikpro.com\/index.php\/wp-json\/wp\/v2\/media\/36408"}],"wp:attachment":[{"href":"https:\/\/www.domtechnikpro.com\/index.php\/wp-json\/wp\/v2\/media?parent=36308"}],"wp:term":[{"taxonomy":"product_brand","embeddable":true,"href":"https:\/\/www.domtechnikpro.com\/index.php\/wp-json\/wp\/v2\/product_brand?post=36308"},{"taxonomy":"product_cat","embeddable":true,"href":"https:\/\/www.domtechnikpro.com\/index.php\/wp-json\/wp\/v2\/product_cat?post=36308"},{"taxonomy":"product_tag","embeddable":true,"href":"https:\/\/www.domtechnikpro.com\/index.php\/wp-json\/wp\/v2\/product_tag?post=36308"}],"curies":[{"name":"wp","href":"https:\/\/api.w.org\/{rel}","templated":true}]}}