{"id":36306,"date":"2026-04-26T08:57:59","date_gmt":"2026-04-26T08:57:59","guid":{"rendered":""},"modified":"2026-04-26T08:57:59","modified_gmt":"2026-04-26T08:57:59","slug":"nakupujte-hned-teplotne-odolny-sprej-do-600degc-prisma-tech-heat-stribrna-400-ml-36306","status":"publish","type":"product","link":"https:\/\/www.domtechnikpro.com\/index.php\/produkt\/nakupujte-hned-teplotne-odolny-sprej-do-600degc-prisma-tech-heat-stribrna-400-ml-36306\/","title":{"rendered":"Nakupujte Hned Teplotn\u011b odoln\u00fd sprej do 600\u00b0C PRISMA TECH HEAT st\u0159\u00edbrn\u00e1, 400 ml"},"content":{"rendered":"<div class=\"basic-description\">\n<h3>Detailn\u00ed popis produktu<\/h3>\n<p>Teplotn\u011b odoln\u00e1 barva ve spreji a\u017e do 600\u00b0C. Pro vnit\u0159n\u00ed i venkovn\u00ed pou\u017eit\u00ed. N\u00e1t\u011br na b\u00e1zi silikonov\u00e9 prysky\u0159ice a pigment\u016f odoln\u00fdch v\u016f\u010di teplu. Tato teplotn\u011b odoln\u00e1 barva ve spreji je vhodn\u00e1 na v\u00fdfuky, motory, tlumi\u010de, hlavy v\u00e1lc\u016f, roury, pece, kachle, spor\u00e1ky, radi\u00e1tory, grily. Velmi dobr\u00e1 kryc\u00ed schopnost, odoln\u00fd teplot\u011b a\u017e do 600\u00b0C, bez toho, aby se tvo\u0159ily trhliny a nebo se odlupoval povrch, bezolovnat\u00fd. Doba <span class=\"show-tooltip\" title=\"Impregnov\u00e1n\u00ed, lazurov\u00e1n\u00ed a&amp;nbsp;lakov\u00e1n\u00ed mus\u00ed b\u00fdt prov\u00e1d\u011bno v\u017edy ve sm\u011bru vl\u00e1ken, aby aplikovan\u00e1 vrstva pat\u0159i\u010dn\u011b pronikla do hloubky d\u0159eva. D\u016fle\u017eit\u00e9 je tak\u00e9 d\u016fkladn\u00e9 p\u0159ekryt\u00ed hran a&amp;nbsp;vrcholk\u016f d\u0159ev\u011bn\u00fdch prvk\u016f (p\u0159\u00ed\u010dn\u00e9 \u0159ezy). P\u0159i n\u00e1t\u011bru oblo\u017een\u00ed,&amp;hellip;\">schnut\u00ed<\/span> na dotek 10 min. Nov\u00e1 vrstva n\u00e1st\u0159iku se m\u016f\u017ee nan\u00e1\u0161et je\u0161t\u011b p\u0159ed \u00fapln\u00fdm zaschnut\u00edm p\u0159ede\u0161l\u00e9 <span class=\"show-tooltip\" title=\"P\u0159i ur\u010den\u00ed nezbytn\u00e9ho po\u010dtu vrstev a&amp;nbsp;jejich tlou\u0161\u0165ky je nutno postupovat v&amp;nbsp;souladu s&amp;nbsp;pokyny v\u00fdrobce u&amp;nbsp;jednotliv\u00fdch produkt\u016f. P\u0159\u00edli\u0161 mal\u00e9 mno\u017estv\u00ed aplikovan\u00e9 vrstvy zkracuje ochrannou lh\u016ftu, p\u0159\u00edli\u0161 velk\u00e9 mno\u017estv\u00ed m\u016f\u017ee zp\u016fsobit&amp;hellip;\">vrstvy<\/span>. Sprej m\u00e1 samo\u010distic\u00ed ventil<\/p>\n<p><strong>Pou\u017eit\u00ed:<\/strong><\/p>\n<p>Povrch d\u016fkladn\u011b o\u010dist\u011bte od mazu, mastnoty a \u0161p\u00edny. Na kovov\u00e9m povrchu nejprve odstra\u0148te rez a o\u0161et\u0159ete ochrannou l\u00e1tkou proti rzi nap\u0159. antikorozn\u00ed z\u00e1kladovou barvou. Sprej p\u0159ed pou\u017eit\u00edm prot\u0159epejte 2\u20133 min. St\u0159\u00edkejte ze vzd\u00e1lenosti 25\u201330 cm v tenk\u00fdch vrstv\u00e1ch, sprej s barvou p\u0159i st\u0159\u00edk\u00e1n\u00ed dr\u017ete svisle. P\u0159i chladn\u011bj\u0161\u00edm po\u010das\u00ed sprej p\u0159ed pou\u017eit\u00edm zah\u0159ejte v tepl\u00e9 vod\u011b na 20\u201325\u00b0C. Nepou\u017e\u00edvat p\u0159i teplot\u011b pod 15\u00b0C. Sprej je vybaven samo\u010distic\u00edm ventilem.<\/p>\n<p>Bezpe\u010dnostn\u00ed List PRISMA TECH HEAT teplotn\u011b odoln\u00fd<\/p>\n<\/p><\/div>\n","protected":false},"excerpt":{"rendered":"<p>Detailn\u00ed popis produktu Teplotn\u011b odoln\u00e1 barva ve spreji a\u017e do 600\u00b0C. Pro vnit\u0159n\u00ed i venkovn\u00ed pou\u017eit\u00ed. N\u00e1t\u011br na b\u00e1zi silikonov\u00e9 prysky\u0159ice a pigment\u016f odoln\u00fdch v\u016f\u010di teplu. Tato teplotn\u011b odoln\u00e1 barva ve spreji je vhodn\u00e1 na v\u00fdfuky, motory, tlumi\u010de, hlavy v\u00e1lc\u016f, roury, pece, kachle, spor\u00e1ky, radi\u00e1tory, grily. Velmi dobr\u00e1 kryc\u00ed schopnost, odoln\u00fd teplot\u011b a\u017e do 600\u00b0C, [&hellip;]<\/p>\n","protected":false},"featured_media":36406,"comment_status":"open","ping_status":"open","template":"","meta":[],"product_brand":[],"product_cat":[33],"product_tag":[],"class_list":{"0":"post-36306","1":"product","2":"type-product","3":"status-publish","4":"has-post-thumbnail","6":"product_cat-nejlepsi-prodejci","8":"first","9":"instock","10":"sale","11":"shipping-taxable","12":"purchasable","13":"product-type-simple"},"yoast_head":"<!-- This site is optimized with the Yoast SEO plugin v26.8 - https:\/\/yoast.com\/product\/yoast-seo-wordpress\/ -->\n<title>Nakupujte Hned Teplotn\u011b odoln\u00fd sprej do 600\u00b0C PRISMA TECH HEAT st\u0159\u00edbrn\u00e1, 400 ml -<\/title>\n<meta name=\"robots\" content=\"index, follow, max-snippet:-1, max-image-preview:large, max-video-preview:-1\" \/>\n<link rel=\"canonical\" href=\"https:\/\/www.domtechnikpro.com\/index.php\/produkt\/nakupujte-hned-teplotne-odolny-sprej-do-600degc-prisma-tech-heat-stribrna-400-ml-36306\/\" \/>\n<meta property=\"og:locale\" content=\"cs_CZ\" \/>\n<meta property=\"og:type\" content=\"article\" \/>\n<meta property=\"og:title\" content=\"Nakupujte Hned Teplotn\u011b odoln\u00fd sprej do 600\u00b0C PRISMA TECH HEAT st\u0159\u00edbrn\u00e1, 400 ml -\" \/>\n<meta property=\"og:description\" content=\"Detailn\u00ed popis produktu Teplotn\u011b odoln\u00e1 barva ve spreji a\u017e do 600\u00b0C. Pro vnit\u0159n\u00ed i venkovn\u00ed pou\u017eit\u00ed. N\u00e1t\u011br na b\u00e1zi silikonov\u00e9 prysky\u0159ice a pigment\u016f odoln\u00fdch v\u016f\u010di teplu. Tato teplotn\u011b odoln\u00e1 barva ve spreji je vhodn\u00e1 na v\u00fdfuky, motory, tlumi\u010de, hlavy v\u00e1lc\u016f, roury, pece, kachle, spor\u00e1ky, radi\u00e1tory, grily. Velmi dobr\u00e1 kryc\u00ed schopnost, odoln\u00fd teplot\u011b a\u017e do 600\u00b0C, [&hellip;]\" \/>\n<meta property=\"og:url\" content=\"https:\/\/www.domtechnikpro.com\/index.php\/produkt\/nakupujte-hned-teplotne-odolny-sprej-do-600degc-prisma-tech-heat-stribrna-400-ml-36306\/\" \/>\n<meta property=\"og:image\" content=\"https:\/\/www.domtechnikpro.com\/wp-content\/uploads\/2026\/SK0002385-CZ20260425-092420-0-1777080261-3182763_teplotne-odolny-sprej-do-600--c-prisma-tech-heat-st.webp\" \/>\n\t<meta property=\"og:image:width\" content=\"1000\" \/>\n\t<meta property=\"og:image:height\" content=\"750\" \/>\n\t<meta property=\"og:image:type\" content=\"image\/webp\" \/>\n<meta name=\"twitter:card\" content=\"summary_large_image\" \/>\n<meta name=\"twitter:label1\" content=\"Odhadovan\u00e1 doba \u010dten\u00ed\" \/>\n\t<meta name=\"twitter:data1\" content=\"1 minuta\" \/>\n<script type=\"application\/ld+json\" class=\"yoast-schema-graph\">{\"@context\":\"https:\/\/schema.org\",\"@graph\":[{\"@type\":\"WebPage\",\"@id\":\"https:\/\/www.domtechnikpro.com\/index.php\/produkt\/nakupujte-hned-teplotne-odolny-sprej-do-600degc-prisma-tech-heat-stribrna-400-ml-36306\/\",\"url\":\"https:\/\/www.domtechnikpro.com\/index.php\/produkt\/nakupujte-hned-teplotne-odolny-sprej-do-600degc-prisma-tech-heat-stribrna-400-ml-36306\/\",\"name\":\"Nakupujte Hned Teplotn\u011b odoln\u00fd sprej do 600\u00b0C PRISMA TECH HEAT st\u0159\u00edbrn\u00e1, 400 ml -\",\"isPartOf\":{\"@id\":\"https:\/\/www.domtechnikpro.com\/#website\"},\"primaryImageOfPage\":{\"@id\":\"https:\/\/www.domtechnikpro.com\/index.php\/produkt\/nakupujte-hned-teplotne-odolny-sprej-do-600degc-prisma-tech-heat-stribrna-400-ml-36306\/#primaryimage\"},\"image\":{\"@id\":\"https:\/\/www.domtechnikpro.com\/index.php\/produkt\/nakupujte-hned-teplotne-odolny-sprej-do-600degc-prisma-tech-heat-stribrna-400-ml-36306\/#primaryimage\"},\"thumbnailUrl\":\"https:\/\/www.domtechnikpro.com\/wp-content\/uploads\/2026\/SK0002385-CZ20260425-092420-0-1777080261-3182763_teplotne-odolny-sprej-do-600--c-prisma-tech-heat-st.webp\",\"datePublished\":\"2026-04-26T08:57:59+00:00\",\"breadcrumb\":{\"@id\":\"https:\/\/www.domtechnikpro.com\/index.php\/produkt\/nakupujte-hned-teplotne-odolny-sprej-do-600degc-prisma-tech-heat-stribrna-400-ml-36306\/#breadcrumb\"},\"inLanguage\":\"cs\",\"potentialAction\":[{\"@type\":\"ReadAction\",\"target\":[\"https:\/\/www.domtechnikpro.com\/index.php\/produkt\/nakupujte-hned-teplotne-odolny-sprej-do-600degc-prisma-tech-heat-stribrna-400-ml-36306\/\"]}]},{\"@type\":\"ImageObject\",\"inLanguage\":\"cs\",\"@id\":\"https:\/\/www.domtechnikpro.com\/index.php\/produkt\/nakupujte-hned-teplotne-odolny-sprej-do-600degc-prisma-tech-heat-stribrna-400-ml-36306\/#primaryimage\",\"url\":\"https:\/\/www.domtechnikpro.com\/wp-content\/uploads\/2026\/SK0002385-CZ20260425-092420-0-1777080261-3182763_teplotne-odolny-sprej-do-600--c-prisma-tech-heat-st.webp\",\"contentUrl\":\"https:\/\/www.domtechnikpro.com\/wp-content\/uploads\/2026\/SK0002385-CZ20260425-092420-0-1777080261-3182763_teplotne-odolny-sprej-do-600--c-prisma-tech-heat-st.webp\",\"width\":1000,\"height\":750},{\"@type\":\"BreadcrumbList\",\"@id\":\"https:\/\/www.domtechnikpro.com\/index.php\/produkt\/nakupujte-hned-teplotne-odolny-sprej-do-600degc-prisma-tech-heat-stribrna-400-ml-36306\/#breadcrumb\",\"itemListElement\":[{\"@type\":\"ListItem\",\"position\":1,\"name\":\"Home\",\"item\":\"https:\/\/www.domtechnikpro.com\/\"},{\"@type\":\"ListItem\",\"position\":2,\"name\":\"Products\",\"item\":\"https:\/\/www.domtechnikpro.com\/index.php\/products\/\"},{\"@type\":\"ListItem\",\"position\":3,\"name\":\"Nakupujte Hned Teplotn\u011b odoln\u00fd sprej do 600\u00b0C PRISMA TECH HEAT st\u0159\u00edbrn\u00e1, 400 ml\"}]},{\"@type\":\"WebSite\",\"@id\":\"https:\/\/www.domtechnikpro.com\/#website\",\"url\":\"https:\/\/www.domtechnikpro.com\/\",\"name\":\"\",\"description\":\"\",\"potentialAction\":[{\"@type\":\"SearchAction\",\"target\":{\"@type\":\"EntryPoint\",\"urlTemplate\":\"https:\/\/www.domtechnikpro.com\/?s={search_term_string}\"},\"query-input\":{\"@type\":\"PropertyValueSpecification\",\"valueRequired\":true,\"valueName\":\"search_term_string\"}}],\"inLanguage\":\"cs\"}]}<\/script>\n<!-- \/ Yoast SEO plugin. -->","yoast_head_json":{"title":"Nakupujte Hned Teplotn\u011b odoln\u00fd sprej do 600\u00b0C PRISMA TECH HEAT st\u0159\u00edbrn\u00e1, 400 ml -","robots":{"index":"index","follow":"follow","max-snippet":"max-snippet:-1","max-image-preview":"max-image-preview:large","max-video-preview":"max-video-preview:-1"},"canonical":"https:\/\/www.domtechnikpro.com\/index.php\/produkt\/nakupujte-hned-teplotne-odolny-sprej-do-600degc-prisma-tech-heat-stribrna-400-ml-36306\/","og_locale":"cs_CZ","og_type":"article","og_title":"Nakupujte Hned Teplotn\u011b odoln\u00fd sprej do 600\u00b0C PRISMA TECH HEAT st\u0159\u00edbrn\u00e1, 400 ml -","og_description":"Detailn\u00ed popis produktu Teplotn\u011b odoln\u00e1 barva ve spreji a\u017e do 600\u00b0C. Pro vnit\u0159n\u00ed i venkovn\u00ed pou\u017eit\u00ed. N\u00e1t\u011br na b\u00e1zi silikonov\u00e9 prysky\u0159ice a pigment\u016f odoln\u00fdch v\u016f\u010di teplu. Tato teplotn\u011b odoln\u00e1 barva ve spreji je vhodn\u00e1 na v\u00fdfuky, motory, tlumi\u010de, hlavy v\u00e1lc\u016f, roury, pece, kachle, spor\u00e1ky, radi\u00e1tory, grily. Velmi dobr\u00e1 kryc\u00ed schopnost, odoln\u00fd teplot\u011b a\u017e do 600\u00b0C, [&hellip;]","og_url":"https:\/\/www.domtechnikpro.com\/index.php\/produkt\/nakupujte-hned-teplotne-odolny-sprej-do-600degc-prisma-tech-heat-stribrna-400-ml-36306\/","og_image":[{"width":1000,"height":750,"url":"https:\/\/www.domtechnikpro.com\/wp-content\/uploads\/2026\/SK0002385-CZ20260425-092420-0-1777080261-3182763_teplotne-odolny-sprej-do-600--c-prisma-tech-heat-st.webp","type":"image\/webp"}],"twitter_card":"summary_large_image","twitter_misc":{"Odhadovan\u00e1 doba \u010dten\u00ed":"1 minuta"},"schema":{"@context":"https:\/\/schema.org","@graph":[{"@type":"WebPage","@id":"https:\/\/www.domtechnikpro.com\/index.php\/produkt\/nakupujte-hned-teplotne-odolny-sprej-do-600degc-prisma-tech-heat-stribrna-400-ml-36306\/","url":"https:\/\/www.domtechnikpro.com\/index.php\/produkt\/nakupujte-hned-teplotne-odolny-sprej-do-600degc-prisma-tech-heat-stribrna-400-ml-36306\/","name":"Nakupujte Hned Teplotn\u011b odoln\u00fd sprej do 600\u00b0C PRISMA TECH HEAT st\u0159\u00edbrn\u00e1, 400 ml -","isPartOf":{"@id":"https:\/\/www.domtechnikpro.com\/#website"},"primaryImageOfPage":{"@id":"https:\/\/www.domtechnikpro.com\/index.php\/produkt\/nakupujte-hned-teplotne-odolny-sprej-do-600degc-prisma-tech-heat-stribrna-400-ml-36306\/#primaryimage"},"image":{"@id":"https:\/\/www.domtechnikpro.com\/index.php\/produkt\/nakupujte-hned-teplotne-odolny-sprej-do-600degc-prisma-tech-heat-stribrna-400-ml-36306\/#primaryimage"},"thumbnailUrl":"https:\/\/www.domtechnikpro.com\/wp-content\/uploads\/2026\/SK0002385-CZ20260425-092420-0-1777080261-3182763_teplotne-odolny-sprej-do-600--c-prisma-tech-heat-st.webp","datePublished":"2026-04-26T08:57:59+00:00","breadcrumb":{"@id":"https:\/\/www.domtechnikpro.com\/index.php\/produkt\/nakupujte-hned-teplotne-odolny-sprej-do-600degc-prisma-tech-heat-stribrna-400-ml-36306\/#breadcrumb"},"inLanguage":"cs","potentialAction":[{"@type":"ReadAction","target":["https:\/\/www.domtechnikpro.com\/index.php\/produkt\/nakupujte-hned-teplotne-odolny-sprej-do-600degc-prisma-tech-heat-stribrna-400-ml-36306\/"]}]},{"@type":"ImageObject","inLanguage":"cs","@id":"https:\/\/www.domtechnikpro.com\/index.php\/produkt\/nakupujte-hned-teplotne-odolny-sprej-do-600degc-prisma-tech-heat-stribrna-400-ml-36306\/#primaryimage","url":"https:\/\/www.domtechnikpro.com\/wp-content\/uploads\/2026\/SK0002385-CZ20260425-092420-0-1777080261-3182763_teplotne-odolny-sprej-do-600--c-prisma-tech-heat-st.webp","contentUrl":"https:\/\/www.domtechnikpro.com\/wp-content\/uploads\/2026\/SK0002385-CZ20260425-092420-0-1777080261-3182763_teplotne-odolny-sprej-do-600--c-prisma-tech-heat-st.webp","width":1000,"height":750},{"@type":"BreadcrumbList","@id":"https:\/\/www.domtechnikpro.com\/index.php\/produkt\/nakupujte-hned-teplotne-odolny-sprej-do-600degc-prisma-tech-heat-stribrna-400-ml-36306\/#breadcrumb","itemListElement":[{"@type":"ListItem","position":1,"name":"Home","item":"https:\/\/www.domtechnikpro.com\/"},{"@type":"ListItem","position":2,"name":"Products","item":"https:\/\/www.domtechnikpro.com\/index.php\/products\/"},{"@type":"ListItem","position":3,"name":"Nakupujte Hned Teplotn\u011b odoln\u00fd sprej do 600\u00b0C PRISMA TECH HEAT st\u0159\u00edbrn\u00e1, 400 ml"}]},{"@type":"WebSite","@id":"https:\/\/www.domtechnikpro.com\/#website","url":"https:\/\/www.domtechnikpro.com\/","name":"","description":"","potentialAction":[{"@type":"SearchAction","target":{"@type":"EntryPoint","urlTemplate":"https:\/\/www.domtechnikpro.com\/?s={search_term_string}"},"query-input":{"@type":"PropertyValueSpecification","valueRequired":true,"valueName":"search_term_string"}}],"inLanguage":"cs"}]}},"_links":{"self":[{"href":"https:\/\/www.domtechnikpro.com\/index.php\/wp-json\/wp\/v2\/product\/36306","targetHints":{"allow":["GET"]}}],"collection":[{"href":"https:\/\/www.domtechnikpro.com\/index.php\/wp-json\/wp\/v2\/product"}],"about":[{"href":"https:\/\/www.domtechnikpro.com\/index.php\/wp-json\/wp\/v2\/types\/product"}],"replies":[{"embeddable":true,"href":"https:\/\/www.domtechnikpro.com\/index.php\/wp-json\/wp\/v2\/comments?post=36306"}],"wp:featuredmedia":[{"embeddable":true,"href":"https:\/\/www.domtechnikpro.com\/index.php\/wp-json\/wp\/v2\/media\/36406"}],"wp:attachment":[{"href":"https:\/\/www.domtechnikpro.com\/index.php\/wp-json\/wp\/v2\/media?parent=36306"}],"wp:term":[{"taxonomy":"product_brand","embeddable":true,"href":"https:\/\/www.domtechnikpro.com\/index.php\/wp-json\/wp\/v2\/product_brand?post=36306"},{"taxonomy":"product_cat","embeddable":true,"href":"https:\/\/www.domtechnikpro.com\/index.php\/wp-json\/wp\/v2\/product_cat?post=36306"},{"taxonomy":"product_tag","embeddable":true,"href":"https:\/\/www.domtechnikpro.com\/index.php\/wp-json\/wp\/v2\/product_tag?post=36306"}],"curies":[{"name":"wp","href":"https:\/\/api.w.org\/{rel}","templated":true}]}}