{"id":36304,"date":"2026-04-26T08:57:59","date_gmt":"2026-04-26T08:57:59","guid":{"rendered":""},"modified":"2026-04-26T08:57:59","modified_gmt":"2026-04-26T08:57:59","slug":"originalni-schuller-antikorozni-sprej-prisma-tech-anti-rust-seda-400-ml-36304","status":"publish","type":"product","link":"https:\/\/www.domtechnikpro.com\/index.php\/produkt\/originalni-schuller-antikorozni-sprej-prisma-tech-anti-rust-seda-400-ml-36304\/","title":{"rendered":"Origin\u00e1ln\u00ed Schuller Antikorozn\u00ed sprej PRISMA TECH ANTI RUST \u0161ed\u00e1, 400 ml"},"content":{"rendered":"<div class=\"basic-description\">\n<h3>Detailn\u00ed popis produktu<\/h3>\n<p>Antikorozn\u00ed z\u00e1kladov\u00e1 barva na p\u0159edm\u011bty z kovu, \u017eeleza, oceli a plechu. Z\u00e1kladov\u00e1 barva ve spreji je vhodn\u00e1 jako ochrann\u00e1 antikorozn\u00ed vrstva na kovov\u00e9 povrchy proti rzi. Z\u00e1kladovou barvu je vhodn\u00e9 pou\u017e\u00edt na kovov\u00e9 povrchy p\u0159ed fin\u00e1ln\u00edm n\u00e1st\u0159ikem u sprej\u016f: antik, jednobarevn\u00e9 leskl\u00e9, jednobarevn\u00e9 matn\u00e9, metalick\u00e9, na disky kol, s chromov\u00fdm efektem, reflexn\u00ed, zna\u010dkovac\u00ed, speci\u00e1ln\u00ed \u2013 jako nap\u0159\u00edklad email na smalt nebo filler. Pou\u017eit\u00edm z\u00e1kladov\u00e9 barvy prodlou\u017e\u00edte \u017eivotnost barvy kryc\u00ed, nebo\u0165 je takto l\u00e9pe a d\u00e9le chr\u00e1n\u011bna p\u0159ed rz\u00ed!<\/p>\n<p><strong>Pou\u017eit\u00ed:<\/strong><\/p>\n<p>Povrch d\u016fkladn\u011b o\u010dist\u011bte od mazu, mastnoty a \u0161p\u00edny. Na kovov\u00e9m povrchu nejprve odstra\u0148te rez a o\u0161et\u0159ete ochrannou l\u00e1tkou proti rzi nap\u0159. antikorozn\u00ed z\u00e1kladovou barvou. Sprej p\u0159ed pou\u017eit\u00edm prot\u0159epejte 2\u20133 min. St\u0159\u00edkejte ze vzd\u00e1lenosti 25\u201330 cm v tenk\u00fdch vrstv\u00e1ch, sprej s barvou p\u0159i st\u0159\u00edk\u00e1n\u00ed dr\u017ete svisle. P\u0159i chladn\u011bj\u0161\u00edm po\u010das\u00ed sprej p\u0159ed pou\u017eit\u00edm zah\u0159ejte v tepl\u00e9 vod\u011b na 20\u201325\u00b0C. Nepou\u017e\u00edvat p\u0159i teplot\u011b pod 15\u00b0C. Sprej je vybaven samo\u010distic\u00edm ventilem.<\/p>\n<p><span style=\"font-size: 12pt;\">Bezpe\u010dnostn\u00ed List PRISMA TECH ANTI RUST antikorozn\u00ed<\/span><\/p>\n<\/p><\/div>\n","protected":false},"excerpt":{"rendered":"<p>Detailn\u00ed popis produktu Antikorozn\u00ed z\u00e1kladov\u00e1 barva na p\u0159edm\u011bty z kovu, \u017eeleza, oceli a plechu. Z\u00e1kladov\u00e1 barva ve spreji je vhodn\u00e1 jako ochrann\u00e1 antikorozn\u00ed vrstva na kovov\u00e9 povrchy proti rzi. Z\u00e1kladovou barvu je vhodn\u00e9 pou\u017e\u00edt na kovov\u00e9 povrchy p\u0159ed fin\u00e1ln\u00edm n\u00e1st\u0159ikem u sprej\u016f: antik, jednobarevn\u00e9 leskl\u00e9, jednobarevn\u00e9 matn\u00e9, metalick\u00e9, na disky kol, s chromov\u00fdm efektem, reflexn\u00ed, [&hellip;]<\/p>\n","protected":false},"featured_media":36404,"comment_status":"open","ping_status":"open","template":"","meta":[],"product_brand":[],"product_cat":[33],"product_tag":[],"class_list":{"0":"post-36304","1":"product","2":"type-product","3":"status-publish","4":"has-post-thumbnail","6":"product_cat-nejlepsi-prodejci","8":"first","9":"instock","10":"sale","11":"shipping-taxable","12":"purchasable","13":"product-type-simple"},"yoast_head":"<!-- This site is optimized with the Yoast SEO plugin v26.8 - https:\/\/yoast.com\/product\/yoast-seo-wordpress\/ -->\n<title>Origin\u00e1ln\u00ed Schuller Antikorozn\u00ed sprej PRISMA TECH ANTI RUST \u0161ed\u00e1, 400 ml -<\/title>\n<meta name=\"robots\" content=\"index, follow, max-snippet:-1, max-image-preview:large, max-video-preview:-1\" \/>\n<link rel=\"canonical\" href=\"https:\/\/www.domtechnikpro.com\/index.php\/produkt\/originalni-schuller-antikorozni-sprej-prisma-tech-anti-rust-seda-400-ml-36304\/\" \/>\n<meta property=\"og:locale\" content=\"cs_CZ\" \/>\n<meta property=\"og:type\" content=\"article\" \/>\n<meta property=\"og:title\" content=\"Origin\u00e1ln\u00ed Schuller Antikorozn\u00ed sprej PRISMA TECH ANTI RUST \u0161ed\u00e1, 400 ml -\" \/>\n<meta property=\"og:description\" content=\"Detailn\u00ed popis produktu Antikorozn\u00ed z\u00e1kladov\u00e1 barva na p\u0159edm\u011bty z kovu, \u017eeleza, oceli a plechu. Z\u00e1kladov\u00e1 barva ve spreji je vhodn\u00e1 jako ochrann\u00e1 antikorozn\u00ed vrstva na kovov\u00e9 povrchy proti rzi. Z\u00e1kladovou barvu je vhodn\u00e9 pou\u017e\u00edt na kovov\u00e9 povrchy p\u0159ed fin\u00e1ln\u00edm n\u00e1st\u0159ikem u sprej\u016f: antik, jednobarevn\u00e9 leskl\u00e9, jednobarevn\u00e9 matn\u00e9, metalick\u00e9, na disky kol, s chromov\u00fdm efektem, reflexn\u00ed, [&hellip;]\" \/>\n<meta property=\"og:url\" content=\"https:\/\/www.domtechnikpro.com\/index.php\/produkt\/originalni-schuller-antikorozni-sprej-prisma-tech-anti-rust-seda-400-ml-36304\/\" \/>\n<meta property=\"og:image\" content=\"https:\/\/www.domtechnikpro.com\/wp-content\/uploads\/2026\/SK0002383-CZ20260425-092420-0-1777080261-3182730_schuller-antikorozni-sprej-prisma-tech-anti-rust-se.webp\" \/>\n\t<meta property=\"og:image:width\" content=\"1000\" \/>\n\t<meta property=\"og:image:height\" content=\"750\" \/>\n\t<meta property=\"og:image:type\" content=\"image\/webp\" \/>\n<meta name=\"twitter:card\" content=\"summary_large_image\" \/>\n<meta name=\"twitter:label1\" content=\"Odhadovan\u00e1 doba \u010dten\u00ed\" \/>\n\t<meta name=\"twitter:data1\" content=\"1 minuta\" \/>\n<script type=\"application\/ld+json\" class=\"yoast-schema-graph\">{\"@context\":\"https:\/\/schema.org\",\"@graph\":[{\"@type\":\"WebPage\",\"@id\":\"https:\/\/www.domtechnikpro.com\/index.php\/produkt\/originalni-schuller-antikorozni-sprej-prisma-tech-anti-rust-seda-400-ml-36304\/\",\"url\":\"https:\/\/www.domtechnikpro.com\/index.php\/produkt\/originalni-schuller-antikorozni-sprej-prisma-tech-anti-rust-seda-400-ml-36304\/\",\"name\":\"Origin\u00e1ln\u00ed Schuller Antikorozn\u00ed sprej PRISMA TECH ANTI RUST \u0161ed\u00e1, 400 ml -\",\"isPartOf\":{\"@id\":\"https:\/\/www.domtechnikpro.com\/#website\"},\"primaryImageOfPage\":{\"@id\":\"https:\/\/www.domtechnikpro.com\/index.php\/produkt\/originalni-schuller-antikorozni-sprej-prisma-tech-anti-rust-seda-400-ml-36304\/#primaryimage\"},\"image\":{\"@id\":\"https:\/\/www.domtechnikpro.com\/index.php\/produkt\/originalni-schuller-antikorozni-sprej-prisma-tech-anti-rust-seda-400-ml-36304\/#primaryimage\"},\"thumbnailUrl\":\"https:\/\/www.domtechnikpro.com\/wp-content\/uploads\/2026\/SK0002383-CZ20260425-092420-0-1777080261-3182730_schuller-antikorozni-sprej-prisma-tech-anti-rust-se.webp\",\"datePublished\":\"2026-04-26T08:57:59+00:00\",\"breadcrumb\":{\"@id\":\"https:\/\/www.domtechnikpro.com\/index.php\/produkt\/originalni-schuller-antikorozni-sprej-prisma-tech-anti-rust-seda-400-ml-36304\/#breadcrumb\"},\"inLanguage\":\"cs\",\"potentialAction\":[{\"@type\":\"ReadAction\",\"target\":[\"https:\/\/www.domtechnikpro.com\/index.php\/produkt\/originalni-schuller-antikorozni-sprej-prisma-tech-anti-rust-seda-400-ml-36304\/\"]}]},{\"@type\":\"ImageObject\",\"inLanguage\":\"cs\",\"@id\":\"https:\/\/www.domtechnikpro.com\/index.php\/produkt\/originalni-schuller-antikorozni-sprej-prisma-tech-anti-rust-seda-400-ml-36304\/#primaryimage\",\"url\":\"https:\/\/www.domtechnikpro.com\/wp-content\/uploads\/2026\/SK0002383-CZ20260425-092420-0-1777080261-3182730_schuller-antikorozni-sprej-prisma-tech-anti-rust-se.webp\",\"contentUrl\":\"https:\/\/www.domtechnikpro.com\/wp-content\/uploads\/2026\/SK0002383-CZ20260425-092420-0-1777080261-3182730_schuller-antikorozni-sprej-prisma-tech-anti-rust-se.webp\",\"width\":1000,\"height\":750},{\"@type\":\"BreadcrumbList\",\"@id\":\"https:\/\/www.domtechnikpro.com\/index.php\/produkt\/originalni-schuller-antikorozni-sprej-prisma-tech-anti-rust-seda-400-ml-36304\/#breadcrumb\",\"itemListElement\":[{\"@type\":\"ListItem\",\"position\":1,\"name\":\"Home\",\"item\":\"https:\/\/www.domtechnikpro.com\/\"},{\"@type\":\"ListItem\",\"position\":2,\"name\":\"Products\",\"item\":\"https:\/\/www.domtechnikpro.com\/index.php\/products\/\"},{\"@type\":\"ListItem\",\"position\":3,\"name\":\"Origin\u00e1ln\u00ed Schuller Antikorozn\u00ed sprej PRISMA TECH ANTI RUST \u0161ed\u00e1, 400 ml\"}]},{\"@type\":\"WebSite\",\"@id\":\"https:\/\/www.domtechnikpro.com\/#website\",\"url\":\"https:\/\/www.domtechnikpro.com\/\",\"name\":\"\",\"description\":\"\",\"potentialAction\":[{\"@type\":\"SearchAction\",\"target\":{\"@type\":\"EntryPoint\",\"urlTemplate\":\"https:\/\/www.domtechnikpro.com\/?s={search_term_string}\"},\"query-input\":{\"@type\":\"PropertyValueSpecification\",\"valueRequired\":true,\"valueName\":\"search_term_string\"}}],\"inLanguage\":\"cs\"}]}<\/script>\n<!-- \/ Yoast SEO plugin. -->","yoast_head_json":{"title":"Origin\u00e1ln\u00ed Schuller Antikorozn\u00ed sprej PRISMA TECH ANTI RUST \u0161ed\u00e1, 400 ml -","robots":{"index":"index","follow":"follow","max-snippet":"max-snippet:-1","max-image-preview":"max-image-preview:large","max-video-preview":"max-video-preview:-1"},"canonical":"https:\/\/www.domtechnikpro.com\/index.php\/produkt\/originalni-schuller-antikorozni-sprej-prisma-tech-anti-rust-seda-400-ml-36304\/","og_locale":"cs_CZ","og_type":"article","og_title":"Origin\u00e1ln\u00ed Schuller Antikorozn\u00ed sprej PRISMA TECH ANTI RUST \u0161ed\u00e1, 400 ml -","og_description":"Detailn\u00ed popis produktu Antikorozn\u00ed z\u00e1kladov\u00e1 barva na p\u0159edm\u011bty z kovu, \u017eeleza, oceli a plechu. Z\u00e1kladov\u00e1 barva ve spreji je vhodn\u00e1 jako ochrann\u00e1 antikorozn\u00ed vrstva na kovov\u00e9 povrchy proti rzi. Z\u00e1kladovou barvu je vhodn\u00e9 pou\u017e\u00edt na kovov\u00e9 povrchy p\u0159ed fin\u00e1ln\u00edm n\u00e1st\u0159ikem u sprej\u016f: antik, jednobarevn\u00e9 leskl\u00e9, jednobarevn\u00e9 matn\u00e9, metalick\u00e9, na disky kol, s chromov\u00fdm efektem, reflexn\u00ed, [&hellip;]","og_url":"https:\/\/www.domtechnikpro.com\/index.php\/produkt\/originalni-schuller-antikorozni-sprej-prisma-tech-anti-rust-seda-400-ml-36304\/","og_image":[{"width":1000,"height":750,"url":"https:\/\/www.domtechnikpro.com\/wp-content\/uploads\/2026\/SK0002383-CZ20260425-092420-0-1777080261-3182730_schuller-antikorozni-sprej-prisma-tech-anti-rust-se.webp","type":"image\/webp"}],"twitter_card":"summary_large_image","twitter_misc":{"Odhadovan\u00e1 doba \u010dten\u00ed":"1 minuta"},"schema":{"@context":"https:\/\/schema.org","@graph":[{"@type":"WebPage","@id":"https:\/\/www.domtechnikpro.com\/index.php\/produkt\/originalni-schuller-antikorozni-sprej-prisma-tech-anti-rust-seda-400-ml-36304\/","url":"https:\/\/www.domtechnikpro.com\/index.php\/produkt\/originalni-schuller-antikorozni-sprej-prisma-tech-anti-rust-seda-400-ml-36304\/","name":"Origin\u00e1ln\u00ed Schuller Antikorozn\u00ed sprej PRISMA TECH ANTI RUST \u0161ed\u00e1, 400 ml -","isPartOf":{"@id":"https:\/\/www.domtechnikpro.com\/#website"},"primaryImageOfPage":{"@id":"https:\/\/www.domtechnikpro.com\/index.php\/produkt\/originalni-schuller-antikorozni-sprej-prisma-tech-anti-rust-seda-400-ml-36304\/#primaryimage"},"image":{"@id":"https:\/\/www.domtechnikpro.com\/index.php\/produkt\/originalni-schuller-antikorozni-sprej-prisma-tech-anti-rust-seda-400-ml-36304\/#primaryimage"},"thumbnailUrl":"https:\/\/www.domtechnikpro.com\/wp-content\/uploads\/2026\/SK0002383-CZ20260425-092420-0-1777080261-3182730_schuller-antikorozni-sprej-prisma-tech-anti-rust-se.webp","datePublished":"2026-04-26T08:57:59+00:00","breadcrumb":{"@id":"https:\/\/www.domtechnikpro.com\/index.php\/produkt\/originalni-schuller-antikorozni-sprej-prisma-tech-anti-rust-seda-400-ml-36304\/#breadcrumb"},"inLanguage":"cs","potentialAction":[{"@type":"ReadAction","target":["https:\/\/www.domtechnikpro.com\/index.php\/produkt\/originalni-schuller-antikorozni-sprej-prisma-tech-anti-rust-seda-400-ml-36304\/"]}]},{"@type":"ImageObject","inLanguage":"cs","@id":"https:\/\/www.domtechnikpro.com\/index.php\/produkt\/originalni-schuller-antikorozni-sprej-prisma-tech-anti-rust-seda-400-ml-36304\/#primaryimage","url":"https:\/\/www.domtechnikpro.com\/wp-content\/uploads\/2026\/SK0002383-CZ20260425-092420-0-1777080261-3182730_schuller-antikorozni-sprej-prisma-tech-anti-rust-se.webp","contentUrl":"https:\/\/www.domtechnikpro.com\/wp-content\/uploads\/2026\/SK0002383-CZ20260425-092420-0-1777080261-3182730_schuller-antikorozni-sprej-prisma-tech-anti-rust-se.webp","width":1000,"height":750},{"@type":"BreadcrumbList","@id":"https:\/\/www.domtechnikpro.com\/index.php\/produkt\/originalni-schuller-antikorozni-sprej-prisma-tech-anti-rust-seda-400-ml-36304\/#breadcrumb","itemListElement":[{"@type":"ListItem","position":1,"name":"Home","item":"https:\/\/www.domtechnikpro.com\/"},{"@type":"ListItem","position":2,"name":"Products","item":"https:\/\/www.domtechnikpro.com\/index.php\/products\/"},{"@type":"ListItem","position":3,"name":"Origin\u00e1ln\u00ed Schuller Antikorozn\u00ed sprej PRISMA TECH ANTI RUST \u0161ed\u00e1, 400 ml"}]},{"@type":"WebSite","@id":"https:\/\/www.domtechnikpro.com\/#website","url":"https:\/\/www.domtechnikpro.com\/","name":"","description":"","potentialAction":[{"@type":"SearchAction","target":{"@type":"EntryPoint","urlTemplate":"https:\/\/www.domtechnikpro.com\/?s={search_term_string}"},"query-input":{"@type":"PropertyValueSpecification","valueRequired":true,"valueName":"search_term_string"}}],"inLanguage":"cs"}]}},"_links":{"self":[{"href":"https:\/\/www.domtechnikpro.com\/index.php\/wp-json\/wp\/v2\/product\/36304","targetHints":{"allow":["GET"]}}],"collection":[{"href":"https:\/\/www.domtechnikpro.com\/index.php\/wp-json\/wp\/v2\/product"}],"about":[{"href":"https:\/\/www.domtechnikpro.com\/index.php\/wp-json\/wp\/v2\/types\/product"}],"replies":[{"embeddable":true,"href":"https:\/\/www.domtechnikpro.com\/index.php\/wp-json\/wp\/v2\/comments?post=36304"}],"wp:featuredmedia":[{"embeddable":true,"href":"https:\/\/www.domtechnikpro.com\/index.php\/wp-json\/wp\/v2\/media\/36404"}],"wp:attachment":[{"href":"https:\/\/www.domtechnikpro.com\/index.php\/wp-json\/wp\/v2\/media?parent=36304"}],"wp:term":[{"taxonomy":"product_brand","embeddable":true,"href":"https:\/\/www.domtechnikpro.com\/index.php\/wp-json\/wp\/v2\/product_brand?post=36304"},{"taxonomy":"product_cat","embeddable":true,"href":"https:\/\/www.domtechnikpro.com\/index.php\/wp-json\/wp\/v2\/product_cat?post=36304"},{"taxonomy":"product_tag","embeddable":true,"href":"https:\/\/www.domtechnikpro.com\/index.php\/wp-json\/wp\/v2\/product_tag?post=36304"}],"curies":[{"name":"wp","href":"https:\/\/api.w.org\/{rel}","templated":true}]}}