{"id":3550,"date":"2026-04-26T08:52:00","date_gmt":"2026-04-26T08:52:00","guid":{"rendered":""},"modified":"2026-04-26T08:52:00","modified_gmt":"2026-04-26T08:52:00","slug":"znackovy-svitidlo-slim-lenses-do-listy-alarik-slim-18w-4000k-1654lm-38o-cerne-dali-bpm-3550","status":"publish","type":"product","link":"https:\/\/www.domtechnikpro.com\/index.php\/produkt\/znackovy-svitidlo-slim-lenses-do-listy-alarik-slim-18w-4000k-1654lm-38o-cerne-dali-bpm-3550\/","title":{"rendered":"Zna\u010dkov\u00fd Sv\u00edtidlo Slim Lenses do li\u0161ty Alarik Slim 18W 4000K 1654lm 38\u00ba \u010dern\u00e9 DALI &#8211; BPM"},"content":{"rendered":"<p><\/p>\n<div class=\"top-params\">\n<h3 class=\"product-h3 collapse-header \" data-toggle=\"collapse\" data-target=\"#collapseOne\" aria-expanded=\"true\" aria-controls=\"collapseOne\">Parametry<\/h3>\n<div id=\"collapseOne\" class=\"collapse show\" aria-labelledby=\"headingOne\" data-parent=\"#product-info-accordion1\">\n<table class=\"table-striped\">\n<tr>\n<td>                Barva            <\/td>\n<td>                \u010dern\u00e1            <\/td>\n<\/tr>\n<tr>\n<td>                Po\u010det sv\u011bteln\u00fdch zdroj\u016f            <\/td>\n<td>                12            <\/td>\n<\/tr>\n<tr>\n<td>                V\u00fd\u0161ka v mm            <\/td>\n<td>                43            <\/td>\n<\/tr>\n<tr>\n<td>                \u0160\u00ed\u0159ka v mm            <\/td>\n<td>                23            <\/td>\n<\/tr>\n<tr>\n<td>                Nap\u00e1jec\u00ed nap\u011bt\u00ed            <\/td>\n<td>                230V            <\/td>\n<\/tr>\n<tr>\n<td>                V\u010detn\u011b sv\u011bteln\u00e9ho zdroje            <\/td>\n<td>                ano            <\/td>\n<\/tr>\n<tr>\n<td>                Kolekce            <\/td>\n<td>                alarik slim            <\/td>\n<\/tr>\n<tr>\n<td>                Materi\u00e1l            <\/td>\n<td>                kov            <\/td>\n<\/tr>\n<tr>\n<td>                Patice            <\/td>\n<td>                LED            <\/td>\n<\/tr>\n<tr>\n<td>                Max. p\u0159\u00edkon sv\u011bteln\u00e9ho zdroje            <\/td>\n<td>                18W            <\/td>\n<\/tr>\n<tr>\n<td>                Stm\u00edvateln\u00e9            <\/td>\n<td>                ano, DALI            <\/td>\n<\/tr>\n<tr>\n<td>                Teplota barvy sv\u011btla            <\/td>\n<td>                4000K            <\/td>\n<\/tr>\n<tr>\n<td>                \u017divotnost            <\/td>\n<td>                50000h            <\/td>\n<\/tr>\n<tr>\n<td>                V\u00fdrobce            <\/td>\n<td>                BPM            <\/td>\n<\/tr>\n<tr>\n<td>                Sv\u011bteln\u00fd tok            <\/td>\n<td>                1654lm            <\/td>\n<\/tr>\n<tr>\n<td>                D\u00e9lka v mm            <\/td>\n<td>                232            <\/td>\n<\/tr>\n<tr>\n<td>                Vystaveno na studiu            <\/td>\n<td>                ano            <\/td>\n<\/tr>\n<tr>\n<td>                Z\u00e1ru\u010dn\u00ed doba            <\/td>\n<td>                5 let            <\/td>\n<\/tr>\n<tr>\n<td>                V\u00fdroba na zak\u00e1zku            <\/td>\n<td>                ano            <\/td>\n<\/tr>\n<\/table>\n<\/div><\/div>\n<\/div>\n<div class=\"accordion\" id=\"product-info-accordion2\">\n","protected":false},"excerpt":{"rendered":"<p>Parametry Barva \u010dern\u00e1 Po\u010det sv\u011bteln\u00fdch zdroj\u016f 12 V\u00fd\u0161ka v mm 43 \u0160\u00ed\u0159ka v mm 23 Nap\u00e1jec\u00ed nap\u011bt\u00ed 230V V\u010detn\u011b sv\u011bteln\u00e9ho zdroje ano Kolekce alarik slim Materi\u00e1l kov Patice LED Max. p\u0159\u00edkon sv\u011bteln\u00e9ho zdroje 18W Stm\u00edvateln\u00e9 ano, DALI Teplota barvy sv\u011btla 4000K \u017divotnost 50000h V\u00fdrobce BPM Sv\u011bteln\u00fd tok 1654lm D\u00e9lka v mm 232 Vystaveno na studiu [&hellip;]<\/p>\n","protected":false},"featured_media":3650,"comment_status":"open","ping_status":"open","template":"","meta":[],"product_brand":[],"product_cat":[35],"product_tag":[],"class_list":{"0":"post-3550","1":"product","2":"type-product","3":"status-publish","4":"has-post-thumbnail","6":"product_cat-systemy","8":"first","9":"instock","10":"sale","11":"shipping-taxable","12":"purchasable","13":"product-type-simple"},"yoast_head":"<!-- This site is optimized with the Yoast SEO plugin v26.8 - https:\/\/yoast.com\/product\/yoast-seo-wordpress\/ -->\n<title>Zna\u010dkov\u00fd Sv\u00edtidlo Slim Lenses do li\u0161ty Alarik Slim 18W 4000K 1654lm 38\u00ba \u010dern\u00e9 DALI - BPM -<\/title>\n<meta name=\"robots\" content=\"index, follow, max-snippet:-1, max-image-preview:large, max-video-preview:-1\" \/>\n<link rel=\"canonical\" href=\"https:\/\/www.domtechnikpro.com\/index.php\/produkt\/znackovy-svitidlo-slim-lenses-do-listy-alarik-slim-18w-4000k-1654lm-38o-cerne-dali-bpm-3550\/\" \/>\n<meta property=\"og:locale\" content=\"cs_CZ\" \/>\n<meta property=\"og:type\" content=\"article\" \/>\n<meta property=\"og:title\" content=\"Zna\u010dkov\u00fd Sv\u00edtidlo Slim Lenses do li\u0161ty Alarik Slim 18W 4000K 1654lm 38\u00ba \u010dern\u00e9 DALI - BPM -\" \/>\n<meta property=\"og:description\" content=\"Parametry Barva \u010dern\u00e1 Po\u010det sv\u011bteln\u00fdch zdroj\u016f 12 V\u00fd\u0161ka v mm 43 \u0160\u00ed\u0159ka v mm 23 Nap\u00e1jec\u00ed nap\u011bt\u00ed 230V V\u010detn\u011b sv\u011bteln\u00e9ho zdroje ano Kolekce alarik slim Materi\u00e1l kov Patice LED Max. p\u0159\u00edkon sv\u011bteln\u00e9ho zdroje 18W Stm\u00edvateln\u00e9 ano, DALI Teplota barvy sv\u011btla 4000K \u017divotnost 50000h V\u00fdrobce BPM Sv\u011bteln\u00fd tok 1654lm D\u00e9lka v mm 232 Vystaveno na studiu [&hellip;]\" \/>\n<meta property=\"og:url\" content=\"https:\/\/www.domtechnikpro.com\/index.php\/produkt\/znackovy-svitidlo-slim-lenses-do-listy-alarik-slim-18w-4000k-1654lm-38o-cerne-dali-bpm-3550\/\" \/>\n<meta property=\"og:image\" content=\"https:\/\/www.domtechnikpro.com\/wp-content\/uploads\/2026\/SK0003259-CZ20260425-091535-0-1777079743-BPM-11548-02-BK-BK-38-ST-9-40-DA.webp\" \/>\n\t<meta property=\"og:image:width\" content=\"584\" \/>\n\t<meta property=\"og:image:height\" content=\"586\" \/>\n\t<meta property=\"og:image:type\" content=\"image\/webp\" \/>\n<meta name=\"twitter:card\" content=\"summary_large_image\" \/>\n<script type=\"application\/ld+json\" class=\"yoast-schema-graph\">{\"@context\":\"https:\/\/schema.org\",\"@graph\":[{\"@type\":\"WebPage\",\"@id\":\"https:\/\/www.domtechnikpro.com\/index.php\/produkt\/znackovy-svitidlo-slim-lenses-do-listy-alarik-slim-18w-4000k-1654lm-38o-cerne-dali-bpm-3550\/\",\"url\":\"https:\/\/www.domtechnikpro.com\/index.php\/produkt\/znackovy-svitidlo-slim-lenses-do-listy-alarik-slim-18w-4000k-1654lm-38o-cerne-dali-bpm-3550\/\",\"name\":\"Zna\u010dkov\u00fd Sv\u00edtidlo Slim Lenses do li\u0161ty Alarik Slim 18W 4000K 1654lm 38\u00ba \u010dern\u00e9 DALI - BPM -\",\"isPartOf\":{\"@id\":\"https:\/\/www.domtechnikpro.com\/#website\"},\"primaryImageOfPage\":{\"@id\":\"https:\/\/www.domtechnikpro.com\/index.php\/produkt\/znackovy-svitidlo-slim-lenses-do-listy-alarik-slim-18w-4000k-1654lm-38o-cerne-dali-bpm-3550\/#primaryimage\"},\"image\":{\"@id\":\"https:\/\/www.domtechnikpro.com\/index.php\/produkt\/znackovy-svitidlo-slim-lenses-do-listy-alarik-slim-18w-4000k-1654lm-38o-cerne-dali-bpm-3550\/#primaryimage\"},\"thumbnailUrl\":\"https:\/\/www.domtechnikpro.com\/wp-content\/uploads\/2026\/SK0003259-CZ20260425-091535-0-1777079743-BPM-11548-02-BK-BK-38-ST-9-40-DA.webp\",\"datePublished\":\"2026-04-26T08:52:00+00:00\",\"breadcrumb\":{\"@id\":\"https:\/\/www.domtechnikpro.com\/index.php\/produkt\/znackovy-svitidlo-slim-lenses-do-listy-alarik-slim-18w-4000k-1654lm-38o-cerne-dali-bpm-3550\/#breadcrumb\"},\"inLanguage\":\"cs\",\"potentialAction\":[{\"@type\":\"ReadAction\",\"target\":[\"https:\/\/www.domtechnikpro.com\/index.php\/produkt\/znackovy-svitidlo-slim-lenses-do-listy-alarik-slim-18w-4000k-1654lm-38o-cerne-dali-bpm-3550\/\"]}]},{\"@type\":\"ImageObject\",\"inLanguage\":\"cs\",\"@id\":\"https:\/\/www.domtechnikpro.com\/index.php\/produkt\/znackovy-svitidlo-slim-lenses-do-listy-alarik-slim-18w-4000k-1654lm-38o-cerne-dali-bpm-3550\/#primaryimage\",\"url\":\"https:\/\/www.domtechnikpro.com\/wp-content\/uploads\/2026\/SK0003259-CZ20260425-091535-0-1777079743-BPM-11548-02-BK-BK-38-ST-9-40-DA.webp\",\"contentUrl\":\"https:\/\/www.domtechnikpro.com\/wp-content\/uploads\/2026\/SK0003259-CZ20260425-091535-0-1777079743-BPM-11548-02-BK-BK-38-ST-9-40-DA.webp\",\"width\":584,\"height\":586},{\"@type\":\"BreadcrumbList\",\"@id\":\"https:\/\/www.domtechnikpro.com\/index.php\/produkt\/znackovy-svitidlo-slim-lenses-do-listy-alarik-slim-18w-4000k-1654lm-38o-cerne-dali-bpm-3550\/#breadcrumb\",\"itemListElement\":[{\"@type\":\"ListItem\",\"position\":1,\"name\":\"Home\",\"item\":\"https:\/\/www.domtechnikpro.com\/\"},{\"@type\":\"ListItem\",\"position\":2,\"name\":\"Products\",\"item\":\"https:\/\/www.domtechnikpro.com\/index.php\/products\/\"},{\"@type\":\"ListItem\",\"position\":3,\"name\":\"Zna\u010dkov\u00fd Sv\u00edtidlo Slim Lenses do li\u0161ty Alarik Slim 18W 4000K 1654lm 38\u00ba \u010dern\u00e9 DALI &#8211; BPM\"}]},{\"@type\":\"WebSite\",\"@id\":\"https:\/\/www.domtechnikpro.com\/#website\",\"url\":\"https:\/\/www.domtechnikpro.com\/\",\"name\":\"\",\"description\":\"\",\"potentialAction\":[{\"@type\":\"SearchAction\",\"target\":{\"@type\":\"EntryPoint\",\"urlTemplate\":\"https:\/\/www.domtechnikpro.com\/?s={search_term_string}\"},\"query-input\":{\"@type\":\"PropertyValueSpecification\",\"valueRequired\":true,\"valueName\":\"search_term_string\"}}],\"inLanguage\":\"cs\"}]}<\/script>\n<!-- \/ Yoast SEO plugin. -->","yoast_head_json":{"title":"Zna\u010dkov\u00fd Sv\u00edtidlo Slim Lenses do li\u0161ty Alarik Slim 18W 4000K 1654lm 38\u00ba \u010dern\u00e9 DALI - BPM -","robots":{"index":"index","follow":"follow","max-snippet":"max-snippet:-1","max-image-preview":"max-image-preview:large","max-video-preview":"max-video-preview:-1"},"canonical":"https:\/\/www.domtechnikpro.com\/index.php\/produkt\/znackovy-svitidlo-slim-lenses-do-listy-alarik-slim-18w-4000k-1654lm-38o-cerne-dali-bpm-3550\/","og_locale":"cs_CZ","og_type":"article","og_title":"Zna\u010dkov\u00fd Sv\u00edtidlo Slim Lenses do li\u0161ty Alarik Slim 18W 4000K 1654lm 38\u00ba \u010dern\u00e9 DALI - BPM -","og_description":"Parametry Barva \u010dern\u00e1 Po\u010det sv\u011bteln\u00fdch zdroj\u016f 12 V\u00fd\u0161ka v mm 43 \u0160\u00ed\u0159ka v mm 23 Nap\u00e1jec\u00ed nap\u011bt\u00ed 230V V\u010detn\u011b sv\u011bteln\u00e9ho zdroje ano Kolekce alarik slim Materi\u00e1l kov Patice LED Max. p\u0159\u00edkon sv\u011bteln\u00e9ho zdroje 18W Stm\u00edvateln\u00e9 ano, DALI Teplota barvy sv\u011btla 4000K \u017divotnost 50000h V\u00fdrobce BPM Sv\u011bteln\u00fd tok 1654lm D\u00e9lka v mm 232 Vystaveno na studiu [&hellip;]","og_url":"https:\/\/www.domtechnikpro.com\/index.php\/produkt\/znackovy-svitidlo-slim-lenses-do-listy-alarik-slim-18w-4000k-1654lm-38o-cerne-dali-bpm-3550\/","og_image":[{"width":584,"height":586,"url":"https:\/\/www.domtechnikpro.com\/wp-content\/uploads\/2026\/SK0003259-CZ20260425-091535-0-1777079743-BPM-11548-02-BK-BK-38-ST-9-40-DA.webp","type":"image\/webp"}],"twitter_card":"summary_large_image","schema":{"@context":"https:\/\/schema.org","@graph":[{"@type":"WebPage","@id":"https:\/\/www.domtechnikpro.com\/index.php\/produkt\/znackovy-svitidlo-slim-lenses-do-listy-alarik-slim-18w-4000k-1654lm-38o-cerne-dali-bpm-3550\/","url":"https:\/\/www.domtechnikpro.com\/index.php\/produkt\/znackovy-svitidlo-slim-lenses-do-listy-alarik-slim-18w-4000k-1654lm-38o-cerne-dali-bpm-3550\/","name":"Zna\u010dkov\u00fd Sv\u00edtidlo Slim Lenses do li\u0161ty Alarik Slim 18W 4000K 1654lm 38\u00ba \u010dern\u00e9 DALI - BPM -","isPartOf":{"@id":"https:\/\/www.domtechnikpro.com\/#website"},"primaryImageOfPage":{"@id":"https:\/\/www.domtechnikpro.com\/index.php\/produkt\/znackovy-svitidlo-slim-lenses-do-listy-alarik-slim-18w-4000k-1654lm-38o-cerne-dali-bpm-3550\/#primaryimage"},"image":{"@id":"https:\/\/www.domtechnikpro.com\/index.php\/produkt\/znackovy-svitidlo-slim-lenses-do-listy-alarik-slim-18w-4000k-1654lm-38o-cerne-dali-bpm-3550\/#primaryimage"},"thumbnailUrl":"https:\/\/www.domtechnikpro.com\/wp-content\/uploads\/2026\/SK0003259-CZ20260425-091535-0-1777079743-BPM-11548-02-BK-BK-38-ST-9-40-DA.webp","datePublished":"2026-04-26T08:52:00+00:00","breadcrumb":{"@id":"https:\/\/www.domtechnikpro.com\/index.php\/produkt\/znackovy-svitidlo-slim-lenses-do-listy-alarik-slim-18w-4000k-1654lm-38o-cerne-dali-bpm-3550\/#breadcrumb"},"inLanguage":"cs","potentialAction":[{"@type":"ReadAction","target":["https:\/\/www.domtechnikpro.com\/index.php\/produkt\/znackovy-svitidlo-slim-lenses-do-listy-alarik-slim-18w-4000k-1654lm-38o-cerne-dali-bpm-3550\/"]}]},{"@type":"ImageObject","inLanguage":"cs","@id":"https:\/\/www.domtechnikpro.com\/index.php\/produkt\/znackovy-svitidlo-slim-lenses-do-listy-alarik-slim-18w-4000k-1654lm-38o-cerne-dali-bpm-3550\/#primaryimage","url":"https:\/\/www.domtechnikpro.com\/wp-content\/uploads\/2026\/SK0003259-CZ20260425-091535-0-1777079743-BPM-11548-02-BK-BK-38-ST-9-40-DA.webp","contentUrl":"https:\/\/www.domtechnikpro.com\/wp-content\/uploads\/2026\/SK0003259-CZ20260425-091535-0-1777079743-BPM-11548-02-BK-BK-38-ST-9-40-DA.webp","width":584,"height":586},{"@type":"BreadcrumbList","@id":"https:\/\/www.domtechnikpro.com\/index.php\/produkt\/znackovy-svitidlo-slim-lenses-do-listy-alarik-slim-18w-4000k-1654lm-38o-cerne-dali-bpm-3550\/#breadcrumb","itemListElement":[{"@type":"ListItem","position":1,"name":"Home","item":"https:\/\/www.domtechnikpro.com\/"},{"@type":"ListItem","position":2,"name":"Products","item":"https:\/\/www.domtechnikpro.com\/index.php\/products\/"},{"@type":"ListItem","position":3,"name":"Zna\u010dkov\u00fd Sv\u00edtidlo Slim Lenses do li\u0161ty Alarik Slim 18W 4000K 1654lm 38\u00ba \u010dern\u00e9 DALI &#8211; BPM"}]},{"@type":"WebSite","@id":"https:\/\/www.domtechnikpro.com\/#website","url":"https:\/\/www.domtechnikpro.com\/","name":"","description":"","potentialAction":[{"@type":"SearchAction","target":{"@type":"EntryPoint","urlTemplate":"https:\/\/www.domtechnikpro.com\/?s={search_term_string}"},"query-input":{"@type":"PropertyValueSpecification","valueRequired":true,"valueName":"search_term_string"}}],"inLanguage":"cs"}]}},"_links":{"self":[{"href":"https:\/\/www.domtechnikpro.com\/index.php\/wp-json\/wp\/v2\/product\/3550","targetHints":{"allow":["GET"]}}],"collection":[{"href":"https:\/\/www.domtechnikpro.com\/index.php\/wp-json\/wp\/v2\/product"}],"about":[{"href":"https:\/\/www.domtechnikpro.com\/index.php\/wp-json\/wp\/v2\/types\/product"}],"replies":[{"embeddable":true,"href":"https:\/\/www.domtechnikpro.com\/index.php\/wp-json\/wp\/v2\/comments?post=3550"}],"wp:featuredmedia":[{"embeddable":true,"href":"https:\/\/www.domtechnikpro.com\/index.php\/wp-json\/wp\/v2\/media\/3650"}],"wp:attachment":[{"href":"https:\/\/www.domtechnikpro.com\/index.php\/wp-json\/wp\/v2\/media?parent=3550"}],"wp:term":[{"taxonomy":"product_brand","embeddable":true,"href":"https:\/\/www.domtechnikpro.com\/index.php\/wp-json\/wp\/v2\/product_brand?post=3550"},{"taxonomy":"product_cat","embeddable":true,"href":"https:\/\/www.domtechnikpro.com\/index.php\/wp-json\/wp\/v2\/product_cat?post=3550"},{"taxonomy":"product_tag","embeddable":true,"href":"https:\/\/www.domtechnikpro.com\/index.php\/wp-json\/wp\/v2\/product_tag?post=3550"}],"curies":[{"name":"wp","href":"https:\/\/api.w.org\/{rel}","templated":true}]}}