{"id":35118,"date":"2026-04-26T08:57:44","date_gmt":"2026-04-26T08:57:44","guid":{"rendered":""},"modified":"2026-04-26T08:57:44","modified_gmt":"2026-04-26T08:57:44","slug":"fischer-chemicka-malta-fis-vl-410-c-oblibeny-35118","status":"publish","type":"product","link":"https:\/\/www.domtechnikpro.com\/produkt\/fischer-chemicka-malta-fis-vl-410-c-oblibeny-35118\/","title":{"rendered":"Fischer CHEMICK\u00c1 MALTA FIS VL 410 C Obl\u00edben\u00fd"},"content":{"rendered":"<div class=\"basic-description\">\n<h3>Detailn\u00ed popis produktu<\/h3>\n<h1>Chemick\u00e1 malta&nbsp;FIS VL 410 C<\/h1>\n<p>&nbsp;<\/p>\n<h3>Chemick\u00e1 malta Fischer FIS VL 410 C<\/h3>\n<p>Vyzkou\u0161ejte chemickou vinylesterovou maltu FIS VL 410 C. Beznap\u011b\u0165ov\u00e9 upevn\u011bn\u00ed na b\u00e1zi vinylesterov\u00e9 chemick\u00e9 malty v koaxi\u00e1ln\u00ed kartu\u0161i, bez obsahu styr\u00e9nu. Jedn\u00e1 se&nbsp;<strong>o vylep\u0161enou verzi chemick\u00e9 malty&nbsp;VT 380 C<\/strong>. Malta VL 410 C umo\u017e\u0148uje&nbsp;<strong>efektivn\u011b kotvit v men\u0161\u00ed kotevn\u00ed hloubce<\/strong>.<\/p>\n<p>Obsah: 1 kartu\u0161e 410 ml + 2 statick\u00e9 sm\u011b\u0161ova\u010de<\/p>\n<ul>\n<li>rychle tvrdnouc\u00ed vinylesterov\u00e1 malta bez obsahu styr\u00e9nu v koaxi\u00e1ln\u00ed kartu\u0161i pro beton a zdivo<\/li>\n<li>malta a tvrd\u00edc\u00ed p\u0159\u00edsada jsou ulo\u017eeny&nbsp;<strong>ve dvou odd\u011blen\u00fdch komor\u00e1ch<\/strong>&nbsp;a k jejich sm\u00edsen\u00ed a aktivaci dojde a\u017e po pro tla\u010den\u00ed statick\u00fdm sm\u011b\u0161ova\u010dem<\/li>\n<li>\u010d\u00e1ste\u010dn\u011b spot\u0159ebovan\u00e9 kartu\u0161e lze snadno znovu pou\u017e\u00edt pouhou v\u00fdm\u011bnou statick\u00e9ho sm\u011b\u0161ova\u010de<\/li>\n<li>aplikace pomoc\u00ed speci\u00e1ln\u00ed dvoup\u00edstov\u00e9 pistole na 410 ml malty<\/li>\n<\/ul>\n<h4>&nbsp;<\/h4>\n<\/p>\n<h4>V\u00fdhody\/p\u0159\u00ednosy<\/h4>\n<ul>\n<li>vhodn\u00e1 i&nbsp;<strong>pro dodate\u010dn\u011b vlepovanou v\u00fdztu\u017e<\/strong><\/li>\n<li>po\u017e\u00e1rn\u00ed odolnost a\u017e R120<\/li>\n<li>vhodn\u00e1 i&nbsp;<strong>do ta\u017een\u00e9 z\u00f3ny betonu<\/strong><\/li>\n<li>dobr\u00fd v\u00fdkon t\u00e9m\u011b\u0159 ve v\u0161ech stavebn\u00edch materi\u00e1lech<\/li>\n<li><strong>univerz\u00e1ln\u00ed upev\u0148ovac\u00ed syst\u00e9m<\/strong>&nbsp;pro \u0161irok\u00fd okruh pou\u017eit\u00ed na stavb\u00e1ch<\/li>\n<li>beznap\u011b\u0165ov\u00e9 upevn\u011bn\u00ed umo\u017e\u0148uje mal\u00e9 osov\u00e9 a okrajov\u00e9 vzd\u00e1lenosti<\/li>\n<li>bohat\u00e9 p\u0159\u00edslu\u0161enstv\u00ed pro nejr\u016fzn\u011bj\u0161\u00ed typy pou\u017eit\u00ed<\/li>\n<li><\/li>\n<\/ul><\/div>\n","protected":false},"excerpt":{"rendered":"<p>Detailn\u00ed popis produktu Chemick\u00e1 malta&nbsp;FIS VL 410 C &nbsp; Chemick\u00e1 malta Fischer FIS VL 410 C Vyzkou\u0161ejte chemickou vinylesterovou maltu FIS VL 410 C. Beznap\u011b\u0165ov\u00e9 upevn\u011bn\u00ed na b\u00e1zi vinylesterov\u00e9 chemick\u00e9 malty v koaxi\u00e1ln\u00ed kartu\u0161i, bez obsahu styr\u00e9nu. Jedn\u00e1 se&nbsp;o vylep\u0161enou verzi chemick\u00e9 malty&nbsp;VT 380 C. Malta VL 410 C umo\u017e\u0148uje&nbsp;efektivn\u011b kotvit v men\u0161\u00ed kotevn\u00ed hloubce. [&hellip;]<\/p>\n","protected":false},"featured_media":35218,"comment_status":"open","ping_status":"open","template":"","meta":[],"product_brand":[],"product_cat":[69],"product_tag":[],"class_list":{"0":"post-35118","1":"product","2":"type-product","3":"status-publish","4":"has-post-thumbnail","6":"product_cat-specialni-nabidka","8":"first","9":"instock","10":"sale","11":"shipping-taxable","12":"purchasable","13":"product-type-simple"},"yoast_head":"<!-- This site is optimized with the Yoast SEO plugin v26.8 - https:\/\/yoast.com\/product\/yoast-seo-wordpress\/ -->\n<title>Fischer CHEMICK\u00c1 MALTA FIS VL 410 C Obl\u00edben\u00fd - Pr\u016fmyslov\u00e9 vybaven\u00ed a p\u0159\u00edslu\u0161enstv\u00ed<\/title>\n<meta name=\"robots\" content=\"index, follow, max-snippet:-1, max-image-preview:large, max-video-preview:-1\" \/>\n<link rel=\"canonical\" href=\"https:\/\/www.domtechnikpro.com\/index.php\/produkt\/fischer-chemicka-malta-fis-vl-410-c-oblibeny-35118\/\" \/>\n<meta property=\"og:locale\" content=\"cs_CZ\" \/>\n<meta property=\"og:type\" content=\"article\" \/>\n<meta property=\"og:title\" content=\"Fischer CHEMICK\u00c1 MALTA FIS VL 410 C Obl\u00edben\u00fd - Pr\u016fmyslov\u00e9 vybaven\u00ed a p\u0159\u00edslu\u0161enstv\u00ed\" \/>\n<meta property=\"og:description\" content=\"Detailn\u00ed popis produktu Chemick\u00e1 malta&nbsp;FIS VL 410 C &nbsp; Chemick\u00e1 malta Fischer FIS VL 410 C Vyzkou\u0161ejte chemickou vinylesterovou maltu FIS VL 410 C. Beznap\u011b\u0165ov\u00e9 upevn\u011bn\u00ed na b\u00e1zi vinylesterov\u00e9 chemick\u00e9 malty v koaxi\u00e1ln\u00ed kartu\u0161i, bez obsahu styr\u00e9nu. Jedn\u00e1 se&nbsp;o vylep\u0161enou verzi chemick\u00e9 malty&nbsp;VT 380 C. Malta VL 410 C umo\u017e\u0148uje&nbsp;efektivn\u011b kotvit v men\u0161\u00ed kotevn\u00ed hloubce. [&hellip;]\" \/>\n<meta property=\"og:url\" content=\"https:\/\/www.domtechnikpro.com\/index.php\/produkt\/fischer-chemicka-malta-fis-vl-410-c-oblibeny-35118\/\" \/>\n<meta property=\"og:site_name\" content=\"Pr\u016fmyslov\u00e9 vybaven\u00ed a p\u0159\u00edslu\u0161enstv\u00ed\" \/>\n<meta property=\"og:image\" content=\"https:\/\/www.domtechnikpro.com\/wp-content\/uploads\/2026\/SK0001793-CZ20260425-092420-0-1777080261-3176592_410c.webp\" \/>\n\t<meta property=\"og:image:width\" content=\"1000\" \/>\n\t<meta property=\"og:image:height\" content=\"750\" \/>\n\t<meta property=\"og:image:type\" content=\"image\/webp\" \/>\n<meta name=\"twitter:card\" content=\"summary_large_image\" \/>\n<meta name=\"twitter:label1\" content=\"Odhadovan\u00e1 doba \u010dten\u00ed\" \/>\n\t<meta name=\"twitter:data1\" content=\"1 minuta\" \/>\n<script type=\"application\/ld+json\" class=\"yoast-schema-graph\">{\"@context\":\"https:\/\/schema.org\",\"@graph\":[{\"@type\":\"WebPage\",\"@id\":\"https:\/\/www.domtechnikpro.com\/index.php\/produkt\/fischer-chemicka-malta-fis-vl-410-c-oblibeny-35118\/\",\"url\":\"https:\/\/www.domtechnikpro.com\/index.php\/produkt\/fischer-chemicka-malta-fis-vl-410-c-oblibeny-35118\/\",\"name\":\"Fischer CHEMICK\u00c1 MALTA FIS VL 410 C Obl\u00edben\u00fd - Pr\u016fmyslov\u00e9 vybaven\u00ed a p\u0159\u00edslu\u0161enstv\u00ed\",\"isPartOf\":{\"@id\":\"https:\/\/www.domtechnikpro.com\/#website\"},\"primaryImageOfPage\":{\"@id\":\"https:\/\/www.domtechnikpro.com\/index.php\/produkt\/fischer-chemicka-malta-fis-vl-410-c-oblibeny-35118\/#primaryimage\"},\"image\":{\"@id\":\"https:\/\/www.domtechnikpro.com\/index.php\/produkt\/fischer-chemicka-malta-fis-vl-410-c-oblibeny-35118\/#primaryimage\"},\"thumbnailUrl\":\"https:\/\/www.domtechnikpro.com\/wp-content\/uploads\/2026\/SK0001793-CZ20260425-092420-0-1777080261-3176592_410c.webp\",\"datePublished\":\"2026-04-26T08:57:44+00:00\",\"breadcrumb\":{\"@id\":\"https:\/\/www.domtechnikpro.com\/index.php\/produkt\/fischer-chemicka-malta-fis-vl-410-c-oblibeny-35118\/#breadcrumb\"},\"inLanguage\":\"cs\",\"potentialAction\":[{\"@type\":\"ReadAction\",\"target\":[\"https:\/\/www.domtechnikpro.com\/index.php\/produkt\/fischer-chemicka-malta-fis-vl-410-c-oblibeny-35118\/\"]}]},{\"@type\":\"ImageObject\",\"inLanguage\":\"cs\",\"@id\":\"https:\/\/www.domtechnikpro.com\/index.php\/produkt\/fischer-chemicka-malta-fis-vl-410-c-oblibeny-35118\/#primaryimage\",\"url\":\"https:\/\/www.domtechnikpro.com\/wp-content\/uploads\/2026\/SK0001793-CZ20260425-092420-0-1777080261-3176592_410c.webp\",\"contentUrl\":\"https:\/\/www.domtechnikpro.com\/wp-content\/uploads\/2026\/SK0001793-CZ20260425-092420-0-1777080261-3176592_410c.webp\",\"width\":1000,\"height\":750},{\"@type\":\"BreadcrumbList\",\"@id\":\"https:\/\/www.domtechnikpro.com\/index.php\/produkt\/fischer-chemicka-malta-fis-vl-410-c-oblibeny-35118\/#breadcrumb\",\"itemListElement\":[{\"@type\":\"ListItem\",\"position\":1,\"name\":\"Home\",\"item\":\"https:\/\/www.domtechnikpro.com\/\"},{\"@type\":\"ListItem\",\"position\":2,\"name\":\"Products\",\"item\":\"https:\/\/www.domtechnikpro.com\/products\/\"},{\"@type\":\"ListItem\",\"position\":3,\"name\":\"Fischer CHEMICK\u00c1 MALTA FIS VL 410 C Obl\u00edben\u00fd\"}]},{\"@type\":\"WebSite\",\"@id\":\"https:\/\/www.domtechnikpro.com\/#website\",\"url\":\"https:\/\/www.domtechnikpro.com\/\",\"name\":\"Pr\u016fmyslov\u00e9 vybaven\u00ed a p\u0159\u00edslu\u0161enstv\u00ed\",\"description\":\"Pr\u016fmyslov\u00e9 vybaven\u00ed a p\u0159\u00edslu\u0161enstv\u00ed\",\"publisher\":{\"@id\":\"https:\/\/www.domtechnikpro.com\/#organization\"},\"potentialAction\":[{\"@type\":\"SearchAction\",\"target\":{\"@type\":\"EntryPoint\",\"urlTemplate\":\"https:\/\/www.domtechnikpro.com\/?s={search_term_string}\"},\"query-input\":{\"@type\":\"PropertyValueSpecification\",\"valueRequired\":true,\"valueName\":\"search_term_string\"}}],\"inLanguage\":\"cs\"},{\"@type\":\"Organization\",\"@id\":\"https:\/\/www.domtechnikpro.com\/#organization\",\"name\":\"Pr\u016fmyslov\u00e9 vybaven\u00ed a p\u0159\u00edslu\u0161enstv\u00ed\",\"url\":\"https:\/\/www.domtechnikpro.com\/\",\"logo\":{\"@type\":\"ImageObject\",\"inLanguage\":\"cs\",\"@id\":\"https:\/\/www.domtechnikpro.com\/#\/schema\/logo\/image\/\",\"url\":\"https:\/\/www.domtechnikpro.com\/wp-content\/uploads\/2026\/04\/domtechnikpro_logo_full.svg\",\"contentUrl\":\"https:\/\/www.domtechnikpro.com\/wp-content\/uploads\/2026\/04\/domtechnikpro_logo_full.svg\",\"width\":920,\"height\":180,\"caption\":\"Pr\u016fmyslov\u00e9 vybaven\u00ed a p\u0159\u00edslu\u0161enstv\u00ed\"},\"image\":{\"@id\":\"https:\/\/www.domtechnikpro.com\/#\/schema\/logo\/image\/\"}}]}<\/script>\n<!-- \/ Yoast SEO plugin. -->","yoast_head_json":{"title":"Fischer CHEMICK\u00c1 MALTA FIS VL 410 C Obl\u00edben\u00fd - Pr\u016fmyslov\u00e9 vybaven\u00ed a p\u0159\u00edslu\u0161enstv\u00ed","robots":{"index":"index","follow":"follow","max-snippet":"max-snippet:-1","max-image-preview":"max-image-preview:large","max-video-preview":"max-video-preview:-1"},"canonical":"https:\/\/www.domtechnikpro.com\/index.php\/produkt\/fischer-chemicka-malta-fis-vl-410-c-oblibeny-35118\/","og_locale":"cs_CZ","og_type":"article","og_title":"Fischer CHEMICK\u00c1 MALTA FIS VL 410 C Obl\u00edben\u00fd - Pr\u016fmyslov\u00e9 vybaven\u00ed a p\u0159\u00edslu\u0161enstv\u00ed","og_description":"Detailn\u00ed popis produktu Chemick\u00e1 malta&nbsp;FIS VL 410 C &nbsp; Chemick\u00e1 malta Fischer FIS VL 410 C Vyzkou\u0161ejte chemickou vinylesterovou maltu FIS VL 410 C. Beznap\u011b\u0165ov\u00e9 upevn\u011bn\u00ed na b\u00e1zi vinylesterov\u00e9 chemick\u00e9 malty v koaxi\u00e1ln\u00ed kartu\u0161i, bez obsahu styr\u00e9nu. Jedn\u00e1 se&nbsp;o vylep\u0161enou verzi chemick\u00e9 malty&nbsp;VT 380 C. Malta VL 410 C umo\u017e\u0148uje&nbsp;efektivn\u011b kotvit v men\u0161\u00ed kotevn\u00ed hloubce. [&hellip;]","og_url":"https:\/\/www.domtechnikpro.com\/index.php\/produkt\/fischer-chemicka-malta-fis-vl-410-c-oblibeny-35118\/","og_site_name":"Pr\u016fmyslov\u00e9 vybaven\u00ed a p\u0159\u00edslu\u0161enstv\u00ed","og_image":[{"width":1000,"height":750,"url":"https:\/\/www.domtechnikpro.com\/wp-content\/uploads\/2026\/SK0001793-CZ20260425-092420-0-1777080261-3176592_410c.webp","type":"image\/webp"}],"twitter_card":"summary_large_image","twitter_misc":{"Odhadovan\u00e1 doba \u010dten\u00ed":"1 minuta"},"schema":{"@context":"https:\/\/schema.org","@graph":[{"@type":"WebPage","@id":"https:\/\/www.domtechnikpro.com\/index.php\/produkt\/fischer-chemicka-malta-fis-vl-410-c-oblibeny-35118\/","url":"https:\/\/www.domtechnikpro.com\/index.php\/produkt\/fischer-chemicka-malta-fis-vl-410-c-oblibeny-35118\/","name":"Fischer CHEMICK\u00c1 MALTA FIS VL 410 C Obl\u00edben\u00fd - Pr\u016fmyslov\u00e9 vybaven\u00ed a p\u0159\u00edslu\u0161enstv\u00ed","isPartOf":{"@id":"https:\/\/www.domtechnikpro.com\/#website"},"primaryImageOfPage":{"@id":"https:\/\/www.domtechnikpro.com\/index.php\/produkt\/fischer-chemicka-malta-fis-vl-410-c-oblibeny-35118\/#primaryimage"},"image":{"@id":"https:\/\/www.domtechnikpro.com\/index.php\/produkt\/fischer-chemicka-malta-fis-vl-410-c-oblibeny-35118\/#primaryimage"},"thumbnailUrl":"https:\/\/www.domtechnikpro.com\/wp-content\/uploads\/2026\/SK0001793-CZ20260425-092420-0-1777080261-3176592_410c.webp","datePublished":"2026-04-26T08:57:44+00:00","breadcrumb":{"@id":"https:\/\/www.domtechnikpro.com\/index.php\/produkt\/fischer-chemicka-malta-fis-vl-410-c-oblibeny-35118\/#breadcrumb"},"inLanguage":"cs","potentialAction":[{"@type":"ReadAction","target":["https:\/\/www.domtechnikpro.com\/index.php\/produkt\/fischer-chemicka-malta-fis-vl-410-c-oblibeny-35118\/"]}]},{"@type":"ImageObject","inLanguage":"cs","@id":"https:\/\/www.domtechnikpro.com\/index.php\/produkt\/fischer-chemicka-malta-fis-vl-410-c-oblibeny-35118\/#primaryimage","url":"https:\/\/www.domtechnikpro.com\/wp-content\/uploads\/2026\/SK0001793-CZ20260425-092420-0-1777080261-3176592_410c.webp","contentUrl":"https:\/\/www.domtechnikpro.com\/wp-content\/uploads\/2026\/SK0001793-CZ20260425-092420-0-1777080261-3176592_410c.webp","width":1000,"height":750},{"@type":"BreadcrumbList","@id":"https:\/\/www.domtechnikpro.com\/index.php\/produkt\/fischer-chemicka-malta-fis-vl-410-c-oblibeny-35118\/#breadcrumb","itemListElement":[{"@type":"ListItem","position":1,"name":"Home","item":"https:\/\/www.domtechnikpro.com\/"},{"@type":"ListItem","position":2,"name":"Products","item":"https:\/\/www.domtechnikpro.com\/products\/"},{"@type":"ListItem","position":3,"name":"Fischer CHEMICK\u00c1 MALTA FIS VL 410 C Obl\u00edben\u00fd"}]},{"@type":"WebSite","@id":"https:\/\/www.domtechnikpro.com\/#website","url":"https:\/\/www.domtechnikpro.com\/","name":"Pr\u016fmyslov\u00e9 vybaven\u00ed a p\u0159\u00edslu\u0161enstv\u00ed","description":"Pr\u016fmyslov\u00e9 vybaven\u00ed a p\u0159\u00edslu\u0161enstv\u00ed","publisher":{"@id":"https:\/\/www.domtechnikpro.com\/#organization"},"potentialAction":[{"@type":"SearchAction","target":{"@type":"EntryPoint","urlTemplate":"https:\/\/www.domtechnikpro.com\/?s={search_term_string}"},"query-input":{"@type":"PropertyValueSpecification","valueRequired":true,"valueName":"search_term_string"}}],"inLanguage":"cs"},{"@type":"Organization","@id":"https:\/\/www.domtechnikpro.com\/#organization","name":"Pr\u016fmyslov\u00e9 vybaven\u00ed a p\u0159\u00edslu\u0161enstv\u00ed","url":"https:\/\/www.domtechnikpro.com\/","logo":{"@type":"ImageObject","inLanguage":"cs","@id":"https:\/\/www.domtechnikpro.com\/#\/schema\/logo\/image\/","url":"https:\/\/www.domtechnikpro.com\/wp-content\/uploads\/2026\/04\/domtechnikpro_logo_full.svg","contentUrl":"https:\/\/www.domtechnikpro.com\/wp-content\/uploads\/2026\/04\/domtechnikpro_logo_full.svg","width":920,"height":180,"caption":"Pr\u016fmyslov\u00e9 vybaven\u00ed a p\u0159\u00edslu\u0161enstv\u00ed"},"image":{"@id":"https:\/\/www.domtechnikpro.com\/#\/schema\/logo\/image\/"}}]}},"_links":{"self":[{"href":"https:\/\/www.domtechnikpro.com\/wp-json\/wp\/v2\/product\/35118","targetHints":{"allow":["GET"]}}],"collection":[{"href":"https:\/\/www.domtechnikpro.com\/wp-json\/wp\/v2\/product"}],"about":[{"href":"https:\/\/www.domtechnikpro.com\/wp-json\/wp\/v2\/types\/product"}],"replies":[{"embeddable":true,"href":"https:\/\/www.domtechnikpro.com\/wp-json\/wp\/v2\/comments?post=35118"}],"wp:featuredmedia":[{"embeddable":true,"href":"https:\/\/www.domtechnikpro.com\/wp-json\/wp\/v2\/media\/35218"}],"wp:attachment":[{"href":"https:\/\/www.domtechnikpro.com\/wp-json\/wp\/v2\/media?parent=35118"}],"wp:term":[{"taxonomy":"product_brand","embeddable":true,"href":"https:\/\/www.domtechnikpro.com\/wp-json\/wp\/v2\/product_brand?post=35118"},{"taxonomy":"product_cat","embeddable":true,"href":"https:\/\/www.domtechnikpro.com\/wp-json\/wp\/v2\/product_cat?post=35118"},{"taxonomy":"product_tag","embeddable":true,"href":"https:\/\/www.domtechnikpro.com\/wp-json\/wp\/v2\/product_tag?post=35118"}],"curies":[{"name":"wp","href":"https:\/\/api.w.org\/{rel}","templated":true}]}}