{"id":34378,"date":"2026-04-26T08:57:35","date_gmt":"2026-04-26T08:57:35","guid":{"rendered":""},"modified":"2026-04-26T08:57:35","modified_gmt":"2026-04-26T08:57:35","slug":"koopmans-impregneerolie-20l-104-span-class-product-appendix-darek-k-objednavce-nad-1000kc-span-super-cena-34378","status":"publish","type":"product","link":"https:\/\/www.domtechnikpro.com\/produkt\/koopmans-impregneerolie-20l-104-span-class-product-appendix-darek-k-objednavce-nad-1000kc-span-super-cena-34378\/","title":{"rendered":"Koopmans Impregneerolie 20L 104 <span class=\"product-appendix\"> + d\u00e1rek k objedn\u00e1vce nad 1000K\u010d<\/span> Super Cena"},"content":{"rendered":"<div class=\"basic-description\">\n<h3>Detailn\u00ed popis produktu<\/h3>\n<div class=\"flex_column av_one_full  av-animated-generic right-to-left  flex_column_div av-zero-column-padding first  avia-builder-el-0  el_before_av_one_full  avia-builder-el-first   avia_start_animation avia_start_delayed_animation\">\n<div class=\"av-special-heading av-special-heading-h3    avia-builder-el-1  el_before_av_textblock  avia-builder-el-first \">\n<h3 class=\"av-special-heading-tag\">IMPREGNEEROLIE<\/h3>\n<div class=\"special-heading-border\">\u00a0<\/div>\n<\/div>\n<section class=\"av_textblock_section\">\n<div class=\"avia_textblock \">\n<h4>Olejov\u00e1 lazura na b\u00e1zi p\u0159\u00edrodn\u00edho ln\u011bn\u00e9ho oleje<\/h4>\n<\/div>\n<\/section>\n<\/div>\n<div class=\"flex_column av_one_full  av-animated-generic bottom-to-top  flex_column_div av-zero-column-padding first  avia-builder-el-3  el_after_av_one_full  avia-builder-el-last  column-top-margin avia_start_animation avia_start_delayed_animation\">\n<section class=\"av_textblock_section\">\n<div class=\"avia_textblock \">\n<h5>Pou\u017eit\u00ed:<\/h5>\n<ul>\n<li>terasov\u00e1 prkna<\/li>\n<li>zahradn\u00ed galanterie (zahradn\u00ed domky, ploty, pergoly, alt\u00e1ny, m\u016fstky atd.)<\/li>\n<li><span class=\"show-tooltip\" title=\"D\u0159evo z&amp;nbsp;Ak\u00e1tu je vhodn\u00e9 na d\u0159ev\u011bn\u00fd n\u00e1bytek a p\u00edskovi\u0161t\u011b. D\u0159evina stejn\u00e9 kategorie jako dub-trvanliv\u00e1 d\u0159evina pro exteri\u00e9r. Obsahuje velk\u00e9 mno\u017estv\u00ed kyseliny t\u0159\u00edslov\u00e9. V&amp;nbsp;exteri\u00e9ru se nedoporu\u010duje impregnovat p\u0159i pou\u017eit\u00ed olejov\u00e9ho n\u00e1t\u011bru.&amp;hellip;\">zahradn\u00ed n\u00e1bytek<\/span><\/li>\n<li>d\u0159ev\u011bn\u00e9 fas\u00e1dn\u00ed prvky<\/li>\n<\/ul>\n<h5>V\u00fdhody:<\/h5>\n<ul>\n<li>sta\u010d\u00ed pouze jedna vrstva<\/li>\n<li>dlouhodob\u00e1 ochrana<\/li>\n<li>hlubok\u00e1 penetrace<\/li>\n<li>snadn\u00e9 pou\u017eit\u00ed<\/li>\n<li>\u0161etrn\u00e9 k \u017eivotn\u00edmu prost\u0159ed\u00ed<\/li>\n<li>odoln\u00e9 v\u016f\u010di pov\u011btrnosti<\/li>\n<li>zv\u00fdraz\u0148uje p\u0159irozenou strukturu d\u0159eva<\/li>\n<\/ul>\n<h5>Popis v\u00fdrobku:<\/h5>\n<p>Lazura na b\u00e1zi p\u0159\u00edrodn\u00edho ln\u011bn\u00e9ho oleje ur\u010den\u00e1 na o\u0161et\u0159ov\u00e1n\u00ed d\u0159eva v exteri\u00e9ru. Vhodn\u00e1 na terasov\u00e1 prkna, zahradn\u00ed architekturu (zahradn\u00ed domky, ploty, pergoly, alt\u00e1ny, m\u016fstky atd.), zahradn\u00ed n\u00e1bytek nebo d\u0159ev\u011bn\u00e9 fas\u00e1dn\u00ed prvky. Pro svou snadnou a pohodlnou aplikaci lze v\u00fdrobek nan\u00e1\u0161et ve velmi kr\u00e1tk\u00e9m \u010dase na velk\u00e9 plochy. V\u00fdborn\u011b penetruje a chr\u00e1n\u00ed d\u0159evo, reguluje jeho vlhkost a umo\u017e\u0148uje mu voln\u011b d\u00fdchat. D\u00edky obsahu ln\u011bn\u00e9ho oleje v\u00fdrobek dokonale zv\u00fdraz\u0148uje p\u0159\u00edrodn\u00ed strukturu d\u0159eva. Ide\u00e1ln\u00ed na o\u0161et\u0159ov\u00e1n\u00ed mod\u0159\u00ednu.<\/p>\n<h5>V\u00fdrobek se dod\u00e1v\u00e1 v balen\u00edch:<\/h5>\n<ul>\n<li>2,5 l<\/li>\n<li>5 l<\/li>\n<li>20 l<\/li>\n<\/ul>\n<h5>Nab\u00edzen\u00e9 barevn\u00e9 <span class=\"show-tooltip\" title=\"odst\u00edny n\u00e1t\u011br\u016f d\u0159eva\u00a0Obecn\u011b plat\u00ed\u00a0\u2013 \u010d\u00edm sv\u011btlej\u0161\u00ed odst\u00edn fin\u00e1ln\u00ed \u00fapravy d\u0159eva zvol\u00edte, t\u00edm krat\u0161\u00ed bude \u017eivotnost nat\u00edran\u00e9ho povrchu. D\u016fvodem je minim\u00e1ln\u00ed obsah pigmentu ve sv\u011btl\u00fdch lazur\u00e1ch, kter\u00e9 d\u0159evo chr\u00e1n\u00ed p\u0159ed ze\u0161ednut\u00edm a \u010dern\u00e1n\u00edm.Velmi&amp;hellip;\">odst\u00edny<\/span>:<\/h5>\n<ul>\n<li>bezbarv\u00fd<\/li>\n<li>bezbarv\u00fd s UV filtrem<\/li>\n<li>11 transparentn\u00edch barevn\u00fdch odst\u00edn\u016f<\/li>\n<\/ul>\n<h5>Aplikace:<\/h5>\n<ul>\n<li>\u0161irok\u00fd ploch\u00fd \u0161t\u011btec<\/li>\n<\/ul>\n<h5>Vydatnost:<\/h5>\n<ul>\n<li>10-15m<sup>2<\/sup>\/1l<\/li>\n<\/ul>\n<\/div>\n<\/section>\n<\/div><\/div>\n","protected":false},"excerpt":{"rendered":"<p>Detailn\u00ed popis produktu IMPREGNEEROLIE \u00a0 Olejov\u00e1 lazura na b\u00e1zi p\u0159\u00edrodn\u00edho ln\u011bn\u00e9ho oleje Pou\u017eit\u00ed: terasov\u00e1 prkna zahradn\u00ed galanterie (zahradn\u00ed domky, ploty, pergoly, alt\u00e1ny, m\u016fstky atd.) zahradn\u00ed n\u00e1bytek d\u0159ev\u011bn\u00e9 fas\u00e1dn\u00ed prvky V\u00fdhody: sta\u010d\u00ed pouze jedna vrstva dlouhodob\u00e1 ochrana hlubok\u00e1 penetrace snadn\u00e9 pou\u017eit\u00ed \u0161etrn\u00e9 k \u017eivotn\u00edmu prost\u0159ed\u00ed odoln\u00e9 v\u016f\u010di pov\u011btrnosti zv\u00fdraz\u0148uje p\u0159irozenou strukturu d\u0159eva Popis v\u00fdrobku: Lazura na [&hellip;]<\/p>\n","protected":false},"featured_media":34478,"comment_status":"open","ping_status":"open","template":"","meta":[],"product_brand":[],"product_cat":[129],"product_tag":[],"class_list":{"0":"post-34378","1":"product","2":"type-product","3":"status-publish","4":"has-post-thumbnail","6":"product_cat-vyrobci","8":"first","9":"instock","10":"sale","11":"shipping-taxable","12":"purchasable","13":"product-type-simple"},"yoast_head":"<!-- This site is optimized with the Yoast SEO plugin v26.8 - https:\/\/yoast.com\/product\/yoast-seo-wordpress\/ -->\n<title>Koopmans Impregneerolie 20L 104  + d\u00e1rek k objedn\u00e1vce nad 1000K\u010d Super Cena - Pr\u016fmyslov\u00e9 vybaven\u00ed a p\u0159\u00edslu\u0161enstv\u00ed<\/title>\n<meta name=\"robots\" content=\"index, follow, max-snippet:-1, max-image-preview:large, max-video-preview:-1\" \/>\n<link rel=\"canonical\" href=\"https:\/\/www.domtechnikpro.com\/index.php\/produkt\/koopmans-impregneerolie-20l-104-span-class-product-appendix-darek-k-objednavce-nad-1000kc-span-super-cena-34378\/\" \/>\n<meta property=\"og:locale\" content=\"cs_CZ\" \/>\n<meta property=\"og:type\" content=\"article\" \/>\n<meta property=\"og:title\" content=\"Koopmans Impregneerolie 20L 104  + d\u00e1rek k objedn\u00e1vce nad 1000K\u010d Super Cena - Pr\u016fmyslov\u00e9 vybaven\u00ed a p\u0159\u00edslu\u0161enstv\u00ed\" \/>\n<meta property=\"og:description\" content=\"Detailn\u00ed popis produktu IMPREGNEEROLIE \u00a0 Olejov\u00e1 lazura na b\u00e1zi p\u0159\u00edrodn\u00edho ln\u011bn\u00e9ho oleje Pou\u017eit\u00ed: terasov\u00e1 prkna zahradn\u00ed galanterie (zahradn\u00ed domky, ploty, pergoly, alt\u00e1ny, m\u016fstky atd.) zahradn\u00ed n\u00e1bytek d\u0159ev\u011bn\u00e9 fas\u00e1dn\u00ed prvky V\u00fdhody: sta\u010d\u00ed pouze jedna vrstva dlouhodob\u00e1 ochrana hlubok\u00e1 penetrace snadn\u00e9 pou\u017eit\u00ed \u0161etrn\u00e9 k \u017eivotn\u00edmu prost\u0159ed\u00ed odoln\u00e9 v\u016f\u010di pov\u011btrnosti zv\u00fdraz\u0148uje p\u0159irozenou strukturu d\u0159eva Popis v\u00fdrobku: Lazura na [&hellip;]\" \/>\n<meta property=\"og:url\" content=\"https:\/\/www.domtechnikpro.com\/index.php\/produkt\/koopmans-impregneerolie-20l-104-span-class-product-appendix-darek-k-objednavce-nad-1000kc-span-super-cena-34378\/\" \/>\n<meta property=\"og:site_name\" content=\"Pr\u016fmyslov\u00e9 vybaven\u00ed a p\u0159\u00edslu\u0161enstv\u00ed\" \/>\n<meta property=\"og:image\" content=\"https:\/\/www.domtechnikpro.com\/wp-content\/uploads\/2026\/SK0001452-CZ20260425-092420-0-1777080261-3169095_koopmans-impregneerolie-20l-104.webp\" \/>\n\t<meta property=\"og:image:width\" content=\"1000\" \/>\n\t<meta property=\"og:image:height\" content=\"750\" \/>\n\t<meta property=\"og:image:type\" content=\"image\/webp\" \/>\n<meta name=\"twitter:card\" content=\"summary_large_image\" \/>\n<meta name=\"twitter:label1\" content=\"Odhadovan\u00e1 doba \u010dten\u00ed\" \/>\n\t<meta name=\"twitter:data1\" content=\"1 minuta\" \/>\n<script type=\"application\/ld+json\" class=\"yoast-schema-graph\">{\"@context\":\"https:\/\/schema.org\",\"@graph\":[{\"@type\":\"WebPage\",\"@id\":\"https:\/\/www.domtechnikpro.com\/index.php\/produkt\/koopmans-impregneerolie-20l-104-span-class-product-appendix-darek-k-objednavce-nad-1000kc-span-super-cena-34378\/\",\"url\":\"https:\/\/www.domtechnikpro.com\/index.php\/produkt\/koopmans-impregneerolie-20l-104-span-class-product-appendix-darek-k-objednavce-nad-1000kc-span-super-cena-34378\/\",\"name\":\"Koopmans Impregneerolie 20L 104 + d\u00e1rek k objedn\u00e1vce nad 1000K\u010d Super Cena - Pr\u016fmyslov\u00e9 vybaven\u00ed a p\u0159\u00edslu\u0161enstv\u00ed\",\"isPartOf\":{\"@id\":\"https:\/\/www.domtechnikpro.com\/#website\"},\"primaryImageOfPage\":{\"@id\":\"https:\/\/www.domtechnikpro.com\/index.php\/produkt\/koopmans-impregneerolie-20l-104-span-class-product-appendix-darek-k-objednavce-nad-1000kc-span-super-cena-34378\/#primaryimage\"},\"image\":{\"@id\":\"https:\/\/www.domtechnikpro.com\/index.php\/produkt\/koopmans-impregneerolie-20l-104-span-class-product-appendix-darek-k-objednavce-nad-1000kc-span-super-cena-34378\/#primaryimage\"},\"thumbnailUrl\":\"https:\/\/www.domtechnikpro.com\/wp-content\/uploads\/2026\/SK0001452-CZ20260425-092420-0-1777080261-3169095_koopmans-impregneerolie-20l-104.webp\",\"datePublished\":\"2026-04-26T08:57:35+00:00\",\"breadcrumb\":{\"@id\":\"https:\/\/www.domtechnikpro.com\/index.php\/produkt\/koopmans-impregneerolie-20l-104-span-class-product-appendix-darek-k-objednavce-nad-1000kc-span-super-cena-34378\/#breadcrumb\"},\"inLanguage\":\"cs\",\"potentialAction\":[{\"@type\":\"ReadAction\",\"target\":[\"https:\/\/www.domtechnikpro.com\/index.php\/produkt\/koopmans-impregneerolie-20l-104-span-class-product-appendix-darek-k-objednavce-nad-1000kc-span-super-cena-34378\/\"]}]},{\"@type\":\"ImageObject\",\"inLanguage\":\"cs\",\"@id\":\"https:\/\/www.domtechnikpro.com\/index.php\/produkt\/koopmans-impregneerolie-20l-104-span-class-product-appendix-darek-k-objednavce-nad-1000kc-span-super-cena-34378\/#primaryimage\",\"url\":\"https:\/\/www.domtechnikpro.com\/wp-content\/uploads\/2026\/SK0001452-CZ20260425-092420-0-1777080261-3169095_koopmans-impregneerolie-20l-104.webp\",\"contentUrl\":\"https:\/\/www.domtechnikpro.com\/wp-content\/uploads\/2026\/SK0001452-CZ20260425-092420-0-1777080261-3169095_koopmans-impregneerolie-20l-104.webp\",\"width\":1000,\"height\":750},{\"@type\":\"BreadcrumbList\",\"@id\":\"https:\/\/www.domtechnikpro.com\/index.php\/produkt\/koopmans-impregneerolie-20l-104-span-class-product-appendix-darek-k-objednavce-nad-1000kc-span-super-cena-34378\/#breadcrumb\",\"itemListElement\":[{\"@type\":\"ListItem\",\"position\":1,\"name\":\"Home\",\"item\":\"https:\/\/www.domtechnikpro.com\/\"},{\"@type\":\"ListItem\",\"position\":2,\"name\":\"Products\",\"item\":\"https:\/\/www.domtechnikpro.com\/products\/\"},{\"@type\":\"ListItem\",\"position\":3,\"name\":\"Koopmans Impregneerolie 20L 104 + d\u00e1rek k objedn\u00e1vce nad 1000K\u010d Super Cena\"}]},{\"@type\":\"WebSite\",\"@id\":\"https:\/\/www.domtechnikpro.com\/#website\",\"url\":\"https:\/\/www.domtechnikpro.com\/\",\"name\":\"Pr\u016fmyslov\u00e9 vybaven\u00ed a p\u0159\u00edslu\u0161enstv\u00ed\",\"description\":\"Pr\u016fmyslov\u00e9 vybaven\u00ed a p\u0159\u00edslu\u0161enstv\u00ed\",\"publisher\":{\"@id\":\"https:\/\/www.domtechnikpro.com\/#organization\"},\"potentialAction\":[{\"@type\":\"SearchAction\",\"target\":{\"@type\":\"EntryPoint\",\"urlTemplate\":\"https:\/\/www.domtechnikpro.com\/?s={search_term_string}\"},\"query-input\":{\"@type\":\"PropertyValueSpecification\",\"valueRequired\":true,\"valueName\":\"search_term_string\"}}],\"inLanguage\":\"cs\"},{\"@type\":\"Organization\",\"@id\":\"https:\/\/www.domtechnikpro.com\/#organization\",\"name\":\"Pr\u016fmyslov\u00e9 vybaven\u00ed a p\u0159\u00edslu\u0161enstv\u00ed\",\"url\":\"https:\/\/www.domtechnikpro.com\/\",\"logo\":{\"@type\":\"ImageObject\",\"inLanguage\":\"cs\",\"@id\":\"https:\/\/www.domtechnikpro.com\/#\/schema\/logo\/image\/\",\"url\":\"https:\/\/www.domtechnikpro.com\/wp-content\/uploads\/2026\/04\/domtechnikpro_logo_full.svg\",\"contentUrl\":\"https:\/\/www.domtechnikpro.com\/wp-content\/uploads\/2026\/04\/domtechnikpro_logo_full.svg\",\"width\":920,\"height\":180,\"caption\":\"Pr\u016fmyslov\u00e9 vybaven\u00ed a p\u0159\u00edslu\u0161enstv\u00ed\"},\"image\":{\"@id\":\"https:\/\/www.domtechnikpro.com\/#\/schema\/logo\/image\/\"}}]}<\/script>\n<!-- \/ Yoast SEO plugin. -->","yoast_head_json":{"title":"Koopmans Impregneerolie 20L 104  + d\u00e1rek k objedn\u00e1vce nad 1000K\u010d Super Cena - Pr\u016fmyslov\u00e9 vybaven\u00ed a p\u0159\u00edslu\u0161enstv\u00ed","robots":{"index":"index","follow":"follow","max-snippet":"max-snippet:-1","max-image-preview":"max-image-preview:large","max-video-preview":"max-video-preview:-1"},"canonical":"https:\/\/www.domtechnikpro.com\/index.php\/produkt\/koopmans-impregneerolie-20l-104-span-class-product-appendix-darek-k-objednavce-nad-1000kc-span-super-cena-34378\/","og_locale":"cs_CZ","og_type":"article","og_title":"Koopmans Impregneerolie 20L 104  + d\u00e1rek k objedn\u00e1vce nad 1000K\u010d Super Cena - Pr\u016fmyslov\u00e9 vybaven\u00ed a p\u0159\u00edslu\u0161enstv\u00ed","og_description":"Detailn\u00ed popis produktu IMPREGNEEROLIE \u00a0 Olejov\u00e1 lazura na b\u00e1zi p\u0159\u00edrodn\u00edho ln\u011bn\u00e9ho oleje Pou\u017eit\u00ed: terasov\u00e1 prkna zahradn\u00ed galanterie (zahradn\u00ed domky, ploty, pergoly, alt\u00e1ny, m\u016fstky atd.) zahradn\u00ed n\u00e1bytek d\u0159ev\u011bn\u00e9 fas\u00e1dn\u00ed prvky V\u00fdhody: sta\u010d\u00ed pouze jedna vrstva dlouhodob\u00e1 ochrana hlubok\u00e1 penetrace snadn\u00e9 pou\u017eit\u00ed \u0161etrn\u00e9 k \u017eivotn\u00edmu prost\u0159ed\u00ed odoln\u00e9 v\u016f\u010di pov\u011btrnosti zv\u00fdraz\u0148uje p\u0159irozenou strukturu d\u0159eva Popis v\u00fdrobku: Lazura na [&hellip;]","og_url":"https:\/\/www.domtechnikpro.com\/index.php\/produkt\/koopmans-impregneerolie-20l-104-span-class-product-appendix-darek-k-objednavce-nad-1000kc-span-super-cena-34378\/","og_site_name":"Pr\u016fmyslov\u00e9 vybaven\u00ed a p\u0159\u00edslu\u0161enstv\u00ed","og_image":[{"width":1000,"height":750,"url":"https:\/\/www.domtechnikpro.com\/wp-content\/uploads\/2026\/SK0001452-CZ20260425-092420-0-1777080261-3169095_koopmans-impregneerolie-20l-104.webp","type":"image\/webp"}],"twitter_card":"summary_large_image","twitter_misc":{"Odhadovan\u00e1 doba \u010dten\u00ed":"1 minuta"},"schema":{"@context":"https:\/\/schema.org","@graph":[{"@type":"WebPage","@id":"https:\/\/www.domtechnikpro.com\/index.php\/produkt\/koopmans-impregneerolie-20l-104-span-class-product-appendix-darek-k-objednavce-nad-1000kc-span-super-cena-34378\/","url":"https:\/\/www.domtechnikpro.com\/index.php\/produkt\/koopmans-impregneerolie-20l-104-span-class-product-appendix-darek-k-objednavce-nad-1000kc-span-super-cena-34378\/","name":"Koopmans Impregneerolie 20L 104 + d\u00e1rek k objedn\u00e1vce nad 1000K\u010d Super Cena - Pr\u016fmyslov\u00e9 vybaven\u00ed a p\u0159\u00edslu\u0161enstv\u00ed","isPartOf":{"@id":"https:\/\/www.domtechnikpro.com\/#website"},"primaryImageOfPage":{"@id":"https:\/\/www.domtechnikpro.com\/index.php\/produkt\/koopmans-impregneerolie-20l-104-span-class-product-appendix-darek-k-objednavce-nad-1000kc-span-super-cena-34378\/#primaryimage"},"image":{"@id":"https:\/\/www.domtechnikpro.com\/index.php\/produkt\/koopmans-impregneerolie-20l-104-span-class-product-appendix-darek-k-objednavce-nad-1000kc-span-super-cena-34378\/#primaryimage"},"thumbnailUrl":"https:\/\/www.domtechnikpro.com\/wp-content\/uploads\/2026\/SK0001452-CZ20260425-092420-0-1777080261-3169095_koopmans-impregneerolie-20l-104.webp","datePublished":"2026-04-26T08:57:35+00:00","breadcrumb":{"@id":"https:\/\/www.domtechnikpro.com\/index.php\/produkt\/koopmans-impregneerolie-20l-104-span-class-product-appendix-darek-k-objednavce-nad-1000kc-span-super-cena-34378\/#breadcrumb"},"inLanguage":"cs","potentialAction":[{"@type":"ReadAction","target":["https:\/\/www.domtechnikpro.com\/index.php\/produkt\/koopmans-impregneerolie-20l-104-span-class-product-appendix-darek-k-objednavce-nad-1000kc-span-super-cena-34378\/"]}]},{"@type":"ImageObject","inLanguage":"cs","@id":"https:\/\/www.domtechnikpro.com\/index.php\/produkt\/koopmans-impregneerolie-20l-104-span-class-product-appendix-darek-k-objednavce-nad-1000kc-span-super-cena-34378\/#primaryimage","url":"https:\/\/www.domtechnikpro.com\/wp-content\/uploads\/2026\/SK0001452-CZ20260425-092420-0-1777080261-3169095_koopmans-impregneerolie-20l-104.webp","contentUrl":"https:\/\/www.domtechnikpro.com\/wp-content\/uploads\/2026\/SK0001452-CZ20260425-092420-0-1777080261-3169095_koopmans-impregneerolie-20l-104.webp","width":1000,"height":750},{"@type":"BreadcrumbList","@id":"https:\/\/www.domtechnikpro.com\/index.php\/produkt\/koopmans-impregneerolie-20l-104-span-class-product-appendix-darek-k-objednavce-nad-1000kc-span-super-cena-34378\/#breadcrumb","itemListElement":[{"@type":"ListItem","position":1,"name":"Home","item":"https:\/\/www.domtechnikpro.com\/"},{"@type":"ListItem","position":2,"name":"Products","item":"https:\/\/www.domtechnikpro.com\/products\/"},{"@type":"ListItem","position":3,"name":"Koopmans Impregneerolie 20L 104 + d\u00e1rek k objedn\u00e1vce nad 1000K\u010d Super Cena"}]},{"@type":"WebSite","@id":"https:\/\/www.domtechnikpro.com\/#website","url":"https:\/\/www.domtechnikpro.com\/","name":"Pr\u016fmyslov\u00e9 vybaven\u00ed a p\u0159\u00edslu\u0161enstv\u00ed","description":"Pr\u016fmyslov\u00e9 vybaven\u00ed a p\u0159\u00edslu\u0161enstv\u00ed","publisher":{"@id":"https:\/\/www.domtechnikpro.com\/#organization"},"potentialAction":[{"@type":"SearchAction","target":{"@type":"EntryPoint","urlTemplate":"https:\/\/www.domtechnikpro.com\/?s={search_term_string}"},"query-input":{"@type":"PropertyValueSpecification","valueRequired":true,"valueName":"search_term_string"}}],"inLanguage":"cs"},{"@type":"Organization","@id":"https:\/\/www.domtechnikpro.com\/#organization","name":"Pr\u016fmyslov\u00e9 vybaven\u00ed a p\u0159\u00edslu\u0161enstv\u00ed","url":"https:\/\/www.domtechnikpro.com\/","logo":{"@type":"ImageObject","inLanguage":"cs","@id":"https:\/\/www.domtechnikpro.com\/#\/schema\/logo\/image\/","url":"https:\/\/www.domtechnikpro.com\/wp-content\/uploads\/2026\/04\/domtechnikpro_logo_full.svg","contentUrl":"https:\/\/www.domtechnikpro.com\/wp-content\/uploads\/2026\/04\/domtechnikpro_logo_full.svg","width":920,"height":180,"caption":"Pr\u016fmyslov\u00e9 vybaven\u00ed a p\u0159\u00edslu\u0161enstv\u00ed"},"image":{"@id":"https:\/\/www.domtechnikpro.com\/#\/schema\/logo\/image\/"}}]}},"_links":{"self":[{"href":"https:\/\/www.domtechnikpro.com\/wp-json\/wp\/v2\/product\/34378","targetHints":{"allow":["GET"]}}],"collection":[{"href":"https:\/\/www.domtechnikpro.com\/wp-json\/wp\/v2\/product"}],"about":[{"href":"https:\/\/www.domtechnikpro.com\/wp-json\/wp\/v2\/types\/product"}],"replies":[{"embeddable":true,"href":"https:\/\/www.domtechnikpro.com\/wp-json\/wp\/v2\/comments?post=34378"}],"wp:featuredmedia":[{"embeddable":true,"href":"https:\/\/www.domtechnikpro.com\/wp-json\/wp\/v2\/media\/34478"}],"wp:attachment":[{"href":"https:\/\/www.domtechnikpro.com\/wp-json\/wp\/v2\/media?parent=34378"}],"wp:term":[{"taxonomy":"product_brand","embeddable":true,"href":"https:\/\/www.domtechnikpro.com\/wp-json\/wp\/v2\/product_brand?post=34378"},{"taxonomy":"product_cat","embeddable":true,"href":"https:\/\/www.domtechnikpro.com\/wp-json\/wp\/v2\/product_cat?post=34378"},{"taxonomy":"product_tag","embeddable":true,"href":"https:\/\/www.domtechnikpro.com\/wp-json\/wp\/v2\/product_tag?post=34378"}],"curies":[{"name":"wp","href":"https:\/\/api.w.org\/{rel}","templated":true}]}}