{"id":34099,"date":"2026-04-26T08:57:32","date_gmt":"2026-04-26T08:57:32","guid":{"rendered":""},"modified":"2026-04-26T08:57:32","modified_gmt":"2026-04-26T08:57:32","slug":"cenova-bomba-forte-vyrovnavaci-hmota-34099","status":"publish","type":"product","link":"https:\/\/www.domtechnikpro.com\/produkt\/cenova-bomba-forte-vyrovnavaci-hmota-34099\/","title":{"rendered":"Cenov\u00e1 Bomba FORTE vyrovn\u00e1vac\u00ed hmota"},"content":{"rendered":"<div class=\"basic-description\">\n<h3>Detailn\u00ed popis produktu<\/h3>\n<p>                                    FORTE vyrovn\u00e1vac\u00ed hmota je ur\u010dena k vyrovn\u00e1v\u00e1n\u00ed vodorovn\u00fdch a svisl\u00fdch ploch soudru\u017en\u00fdch silik\u00e1tov\u00fdch podklad\u016f v tlou\u0161\u0165ce jedn\u00e9 vrstvy od 2-30mm, vytv\u00e1\u0159en\u00ed sp\u00e1dov\u00fdch mezivrstev a tenkovrstv\u00fdch pot\u011br\u016f v interi\u00e9ru i exteri\u00e9ru, na vyspr\u00e1vky a vyrovn\u00e1v\u00e1n\u00ed podlah balk\u00f3n\u016f p\u0159ed hydroizolac\u00ed hmotami FORTE BAK; FORTISOL; FORTISOL 1K, na vyrovn\u00e1n\u00ed betonov\u00fdch podlah p\u0159ed instalac\u00ed n\u00e1\u0161lapn\u00e9 vrstvy. Umo\u017e\u0148uje vytv\u00e1\u0159en\u00ed kl\u00ednov\u00fdch p\u0159echod\u016f, nem\u00e1 v\u0161ak samonivela\u010dn\u00ed vlastnosti! Vyzna\u010duje se velmi dobrou p\u0159ilnavost\u00ed na silik\u00e1tov\u00fdch podkladech a minim\u00e1ln\u00edm smr\u0161t\u011bn\u00edm. Po d\u016fkladn\u00e9 penetraci podkladu je FORTE vyrovn\u00e1vac\u00ed hmotu mo\u017en\u00e9 pou\u017e\u00edt i na anhydritov\u00e9 podklady. FORTE vyrovn\u00e1vac\u00ed hmota nen\u00ed vhodn\u00e1 na \u017eivi\u010dn\u00e9 podklady, d\u0159evo, plasty a kovy.  Zpracov\u00e1n\u00ed: FORTE vyrovn\u00e1vac\u00ed hmota se p\u0159iprav\u00ed sm\u00edsen\u00edm such\u00e9 sm\u011bsi s \u010distou studenou vodou a prom\u00edch\u00e1n\u00edm. Takto p\u0159ipraven\u00e1 hmota se nan\u00e1\u0161\u00ed na \u010dist\u00fd, pevn\u00fd, penetrovan\u00fd podklad. Po 24 hodin\u00e1ch je povrch pochoz\u00ed a je mo\u017en\u00e9 na n\u011bj lepit obklady, dla\u017ebu, p\u0159\u00edpadn\u011b nan\u00e1\u0161et jin\u00e9 fin\u00e1ln\u00ed \u00fapravy \u010di vrstvy. Pr\u00e1ce je mo\u017en\u00e9 prov\u00e1d\u011bt p\u0159i teplot\u011b podkladu a prost\u0159ed\u00ed v rozmez\u00ed 5oC &#8211; 20oC. Doba zpracovatelnosti homogenizovan\u00e9 hmoty je cca 30 minut p\u0159i 20oC.  Spot\u0159eba: cca 16kg such\u00e9 sm\u011bsi (1m2) 1cm tlou\u0161\u0165ky vrstvy  Balen\u00ed: 25 kg pap\u00edrov\u00e9 pytle s PE vlo\u017ekou                            <\/p><\/div>\n<div class=\"extended-description\">\n<h3>Dopl\u0148kov\u00e9 parametry<\/h3>\n<table class=\"detail-parameters\">\n<tbody>\n<tr>\n<th>        <span class=\"row-header-label\">            Kategorie<span class=\"row-header-label-colon\">:<\/span>        <\/span>    <\/th>\n<td>        Hydroizola\u010dn\u00ed hmoty a n\u00e1t\u011bry    <\/td>\n<\/tr>\n<\/tbody>\n<\/table><\/div>\n<\/p><\/div>\n<\/p><\/div>\n","protected":false},"excerpt":{"rendered":"<p>Detailn\u00ed popis produktu FORTE vyrovn\u00e1vac\u00ed hmota je ur\u010dena k vyrovn\u00e1v\u00e1n\u00ed vodorovn\u00fdch a svisl\u00fdch ploch soudru\u017en\u00fdch silik\u00e1tov\u00fdch podklad\u016f v tlou\u0161\u0165ce jedn\u00e9 vrstvy od 2-30mm, vytv\u00e1\u0159en\u00ed sp\u00e1dov\u00fdch mezivrstev a tenkovrstv\u00fdch pot\u011br\u016f v interi\u00e9ru i exteri\u00e9ru, na vyspr\u00e1vky a vyrovn\u00e1v\u00e1n\u00ed podlah balk\u00f3n\u016f p\u0159ed hydroizolac\u00ed hmotami FORTE BAK; FORTISOL; FORTISOL 1K, na vyrovn\u00e1n\u00ed betonov\u00fdch podlah p\u0159ed instalac\u00ed n\u00e1\u0161lapn\u00e9 vrstvy. [&hellip;]<\/p>\n","protected":false},"featured_media":34199,"comment_status":"open","ping_status":"open","template":"","meta":[],"product_brand":[],"product_cat":[125],"product_tag":[],"class_list":{"0":"post-34099","1":"product","2":"type-product","3":"status-publish","4":"has-post-thumbnail","6":"product_cat-hydroizolacni-hmoty-a-natery","8":"first","9":"instock","10":"sale","11":"shipping-taxable","12":"purchasable","13":"product-type-simple"},"yoast_head":"<!-- This site is optimized with the Yoast SEO plugin v26.8 - https:\/\/yoast.com\/product\/yoast-seo-wordpress\/ -->\n<title>Cenov\u00e1 Bomba FORTE vyrovn\u00e1vac\u00ed hmota - Pr\u016fmyslov\u00e9 vybaven\u00ed a p\u0159\u00edslu\u0161enstv\u00ed<\/title>\n<meta name=\"robots\" content=\"index, follow, max-snippet:-1, max-image-preview:large, max-video-preview:-1\" \/>\n<link rel=\"canonical\" href=\"https:\/\/www.domtechnikpro.com\/index.php\/produkt\/cenova-bomba-forte-vyrovnavaci-hmota-34099\/\" \/>\n<meta property=\"og:locale\" content=\"cs_CZ\" \/>\n<meta property=\"og:type\" content=\"article\" \/>\n<meta property=\"og:title\" content=\"Cenov\u00e1 Bomba FORTE vyrovn\u00e1vac\u00ed hmota - Pr\u016fmyslov\u00e9 vybaven\u00ed a p\u0159\u00edslu\u0161enstv\u00ed\" \/>\n<meta property=\"og:description\" content=\"Detailn\u00ed popis produktu FORTE vyrovn\u00e1vac\u00ed hmota je ur\u010dena k vyrovn\u00e1v\u00e1n\u00ed vodorovn\u00fdch a svisl\u00fdch ploch soudru\u017en\u00fdch silik\u00e1tov\u00fdch podklad\u016f v tlou\u0161\u0165ce jedn\u00e9 vrstvy od 2-30mm, vytv\u00e1\u0159en\u00ed sp\u00e1dov\u00fdch mezivrstev a tenkovrstv\u00fdch pot\u011br\u016f v interi\u00e9ru i exteri\u00e9ru, na vyspr\u00e1vky a vyrovn\u00e1v\u00e1n\u00ed podlah balk\u00f3n\u016f p\u0159ed hydroizolac\u00ed hmotami FORTE BAK; FORTISOL; FORTISOL 1K, na vyrovn\u00e1n\u00ed betonov\u00fdch podlah p\u0159ed instalac\u00ed n\u00e1\u0161lapn\u00e9 vrstvy. [&hellip;]\" \/>\n<meta property=\"og:url\" content=\"https:\/\/www.domtechnikpro.com\/index.php\/produkt\/cenova-bomba-forte-vyrovnavaci-hmota-34099\/\" \/>\n<meta property=\"og:site_name\" content=\"Pr\u016fmyslov\u00e9 vybaven\u00ed a p\u0159\u00edslu\u0161enstv\u00ed\" \/>\n<meta property=\"og:image\" content=\"https:\/\/www.domtechnikpro.com\/wp-content\/uploads\/2026\/SK0002045-CZ20260425-092355-0-1777080235-29366_eternal-forte-vyrovnavaci-hmota.webp\" \/>\n\t<meta property=\"og:image:width\" content=\"1000\" \/>\n\t<meta property=\"og:image:height\" content=\"750\" \/>\n\t<meta property=\"og:image:type\" content=\"image\/webp\" \/>\n<meta name=\"twitter:card\" content=\"summary_large_image\" \/>\n<meta name=\"twitter:label1\" content=\"Odhadovan\u00e1 doba \u010dten\u00ed\" \/>\n\t<meta name=\"twitter:data1\" content=\"1 minuta\" \/>\n<script type=\"application\/ld+json\" class=\"yoast-schema-graph\">{\"@context\":\"https:\/\/schema.org\",\"@graph\":[{\"@type\":\"WebPage\",\"@id\":\"https:\/\/www.domtechnikpro.com\/index.php\/produkt\/cenova-bomba-forte-vyrovnavaci-hmota-34099\/\",\"url\":\"https:\/\/www.domtechnikpro.com\/index.php\/produkt\/cenova-bomba-forte-vyrovnavaci-hmota-34099\/\",\"name\":\"Cenov\u00e1 Bomba FORTE vyrovn\u00e1vac\u00ed hmota - Pr\u016fmyslov\u00e9 vybaven\u00ed a p\u0159\u00edslu\u0161enstv\u00ed\",\"isPartOf\":{\"@id\":\"https:\/\/www.domtechnikpro.com\/#website\"},\"primaryImageOfPage\":{\"@id\":\"https:\/\/www.domtechnikpro.com\/index.php\/produkt\/cenova-bomba-forte-vyrovnavaci-hmota-34099\/#primaryimage\"},\"image\":{\"@id\":\"https:\/\/www.domtechnikpro.com\/index.php\/produkt\/cenova-bomba-forte-vyrovnavaci-hmota-34099\/#primaryimage\"},\"thumbnailUrl\":\"https:\/\/www.domtechnikpro.com\/wp-content\/uploads\/2026\/SK0002045-CZ20260425-092355-0-1777080235-29366_eternal-forte-vyrovnavaci-hmota.webp\",\"datePublished\":\"2026-04-26T08:57:32+00:00\",\"breadcrumb\":{\"@id\":\"https:\/\/www.domtechnikpro.com\/index.php\/produkt\/cenova-bomba-forte-vyrovnavaci-hmota-34099\/#breadcrumb\"},\"inLanguage\":\"cs\",\"potentialAction\":[{\"@type\":\"ReadAction\",\"target\":[\"https:\/\/www.domtechnikpro.com\/index.php\/produkt\/cenova-bomba-forte-vyrovnavaci-hmota-34099\/\"]}]},{\"@type\":\"ImageObject\",\"inLanguage\":\"cs\",\"@id\":\"https:\/\/www.domtechnikpro.com\/index.php\/produkt\/cenova-bomba-forte-vyrovnavaci-hmota-34099\/#primaryimage\",\"url\":\"https:\/\/www.domtechnikpro.com\/wp-content\/uploads\/2026\/SK0002045-CZ20260425-092355-0-1777080235-29366_eternal-forte-vyrovnavaci-hmota.webp\",\"contentUrl\":\"https:\/\/www.domtechnikpro.com\/wp-content\/uploads\/2026\/SK0002045-CZ20260425-092355-0-1777080235-29366_eternal-forte-vyrovnavaci-hmota.webp\",\"width\":1000,\"height\":750},{\"@type\":\"BreadcrumbList\",\"@id\":\"https:\/\/www.domtechnikpro.com\/index.php\/produkt\/cenova-bomba-forte-vyrovnavaci-hmota-34099\/#breadcrumb\",\"itemListElement\":[{\"@type\":\"ListItem\",\"position\":1,\"name\":\"Home\",\"item\":\"https:\/\/www.domtechnikpro.com\/\"},{\"@type\":\"ListItem\",\"position\":2,\"name\":\"Products\",\"item\":\"https:\/\/www.domtechnikpro.com\/products\/\"},{\"@type\":\"ListItem\",\"position\":3,\"name\":\"Cenov\u00e1 Bomba FORTE vyrovn\u00e1vac\u00ed hmota\"}]},{\"@type\":\"WebSite\",\"@id\":\"https:\/\/www.domtechnikpro.com\/#website\",\"url\":\"https:\/\/www.domtechnikpro.com\/\",\"name\":\"Pr\u016fmyslov\u00e9 vybaven\u00ed a p\u0159\u00edslu\u0161enstv\u00ed\",\"description\":\"Pr\u016fmyslov\u00e9 vybaven\u00ed a p\u0159\u00edslu\u0161enstv\u00ed\",\"publisher\":{\"@id\":\"https:\/\/www.domtechnikpro.com\/#organization\"},\"potentialAction\":[{\"@type\":\"SearchAction\",\"target\":{\"@type\":\"EntryPoint\",\"urlTemplate\":\"https:\/\/www.domtechnikpro.com\/?s={search_term_string}\"},\"query-input\":{\"@type\":\"PropertyValueSpecification\",\"valueRequired\":true,\"valueName\":\"search_term_string\"}}],\"inLanguage\":\"cs\"},{\"@type\":\"Organization\",\"@id\":\"https:\/\/www.domtechnikpro.com\/#organization\",\"name\":\"Pr\u016fmyslov\u00e9 vybaven\u00ed a p\u0159\u00edslu\u0161enstv\u00ed\",\"url\":\"https:\/\/www.domtechnikpro.com\/\",\"logo\":{\"@type\":\"ImageObject\",\"inLanguage\":\"cs\",\"@id\":\"https:\/\/www.domtechnikpro.com\/#\/schema\/logo\/image\/\",\"url\":\"https:\/\/www.domtechnikpro.com\/wp-content\/uploads\/2026\/04\/domtechnikpro_logo_full.svg\",\"contentUrl\":\"https:\/\/www.domtechnikpro.com\/wp-content\/uploads\/2026\/04\/domtechnikpro_logo_full.svg\",\"width\":920,\"height\":180,\"caption\":\"Pr\u016fmyslov\u00e9 vybaven\u00ed a p\u0159\u00edslu\u0161enstv\u00ed\"},\"image\":{\"@id\":\"https:\/\/www.domtechnikpro.com\/#\/schema\/logo\/image\/\"}}]}<\/script>\n<!-- \/ Yoast SEO plugin. -->","yoast_head_json":{"title":"Cenov\u00e1 Bomba FORTE vyrovn\u00e1vac\u00ed hmota - Pr\u016fmyslov\u00e9 vybaven\u00ed a p\u0159\u00edslu\u0161enstv\u00ed","robots":{"index":"index","follow":"follow","max-snippet":"max-snippet:-1","max-image-preview":"max-image-preview:large","max-video-preview":"max-video-preview:-1"},"canonical":"https:\/\/www.domtechnikpro.com\/index.php\/produkt\/cenova-bomba-forte-vyrovnavaci-hmota-34099\/","og_locale":"cs_CZ","og_type":"article","og_title":"Cenov\u00e1 Bomba FORTE vyrovn\u00e1vac\u00ed hmota - Pr\u016fmyslov\u00e9 vybaven\u00ed a p\u0159\u00edslu\u0161enstv\u00ed","og_description":"Detailn\u00ed popis produktu FORTE vyrovn\u00e1vac\u00ed hmota je ur\u010dena k vyrovn\u00e1v\u00e1n\u00ed vodorovn\u00fdch a svisl\u00fdch ploch soudru\u017en\u00fdch silik\u00e1tov\u00fdch podklad\u016f v tlou\u0161\u0165ce jedn\u00e9 vrstvy od 2-30mm, vytv\u00e1\u0159en\u00ed sp\u00e1dov\u00fdch mezivrstev a tenkovrstv\u00fdch pot\u011br\u016f v interi\u00e9ru i exteri\u00e9ru, na vyspr\u00e1vky a vyrovn\u00e1v\u00e1n\u00ed podlah balk\u00f3n\u016f p\u0159ed hydroizolac\u00ed hmotami FORTE BAK; FORTISOL; FORTISOL 1K, na vyrovn\u00e1n\u00ed betonov\u00fdch podlah p\u0159ed instalac\u00ed n\u00e1\u0161lapn\u00e9 vrstvy. [&hellip;]","og_url":"https:\/\/www.domtechnikpro.com\/index.php\/produkt\/cenova-bomba-forte-vyrovnavaci-hmota-34099\/","og_site_name":"Pr\u016fmyslov\u00e9 vybaven\u00ed a p\u0159\u00edslu\u0161enstv\u00ed","og_image":[{"width":1000,"height":750,"url":"https:\/\/www.domtechnikpro.com\/wp-content\/uploads\/2026\/SK0002045-CZ20260425-092355-0-1777080235-29366_eternal-forte-vyrovnavaci-hmota.webp","type":"image\/webp"}],"twitter_card":"summary_large_image","twitter_misc":{"Odhadovan\u00e1 doba \u010dten\u00ed":"1 minuta"},"schema":{"@context":"https:\/\/schema.org","@graph":[{"@type":"WebPage","@id":"https:\/\/www.domtechnikpro.com\/index.php\/produkt\/cenova-bomba-forte-vyrovnavaci-hmota-34099\/","url":"https:\/\/www.domtechnikpro.com\/index.php\/produkt\/cenova-bomba-forte-vyrovnavaci-hmota-34099\/","name":"Cenov\u00e1 Bomba FORTE vyrovn\u00e1vac\u00ed hmota - Pr\u016fmyslov\u00e9 vybaven\u00ed a p\u0159\u00edslu\u0161enstv\u00ed","isPartOf":{"@id":"https:\/\/www.domtechnikpro.com\/#website"},"primaryImageOfPage":{"@id":"https:\/\/www.domtechnikpro.com\/index.php\/produkt\/cenova-bomba-forte-vyrovnavaci-hmota-34099\/#primaryimage"},"image":{"@id":"https:\/\/www.domtechnikpro.com\/index.php\/produkt\/cenova-bomba-forte-vyrovnavaci-hmota-34099\/#primaryimage"},"thumbnailUrl":"https:\/\/www.domtechnikpro.com\/wp-content\/uploads\/2026\/SK0002045-CZ20260425-092355-0-1777080235-29366_eternal-forte-vyrovnavaci-hmota.webp","datePublished":"2026-04-26T08:57:32+00:00","breadcrumb":{"@id":"https:\/\/www.domtechnikpro.com\/index.php\/produkt\/cenova-bomba-forte-vyrovnavaci-hmota-34099\/#breadcrumb"},"inLanguage":"cs","potentialAction":[{"@type":"ReadAction","target":["https:\/\/www.domtechnikpro.com\/index.php\/produkt\/cenova-bomba-forte-vyrovnavaci-hmota-34099\/"]}]},{"@type":"ImageObject","inLanguage":"cs","@id":"https:\/\/www.domtechnikpro.com\/index.php\/produkt\/cenova-bomba-forte-vyrovnavaci-hmota-34099\/#primaryimage","url":"https:\/\/www.domtechnikpro.com\/wp-content\/uploads\/2026\/SK0002045-CZ20260425-092355-0-1777080235-29366_eternal-forte-vyrovnavaci-hmota.webp","contentUrl":"https:\/\/www.domtechnikpro.com\/wp-content\/uploads\/2026\/SK0002045-CZ20260425-092355-0-1777080235-29366_eternal-forte-vyrovnavaci-hmota.webp","width":1000,"height":750},{"@type":"BreadcrumbList","@id":"https:\/\/www.domtechnikpro.com\/index.php\/produkt\/cenova-bomba-forte-vyrovnavaci-hmota-34099\/#breadcrumb","itemListElement":[{"@type":"ListItem","position":1,"name":"Home","item":"https:\/\/www.domtechnikpro.com\/"},{"@type":"ListItem","position":2,"name":"Products","item":"https:\/\/www.domtechnikpro.com\/products\/"},{"@type":"ListItem","position":3,"name":"Cenov\u00e1 Bomba FORTE vyrovn\u00e1vac\u00ed hmota"}]},{"@type":"WebSite","@id":"https:\/\/www.domtechnikpro.com\/#website","url":"https:\/\/www.domtechnikpro.com\/","name":"Pr\u016fmyslov\u00e9 vybaven\u00ed a p\u0159\u00edslu\u0161enstv\u00ed","description":"Pr\u016fmyslov\u00e9 vybaven\u00ed a p\u0159\u00edslu\u0161enstv\u00ed","publisher":{"@id":"https:\/\/www.domtechnikpro.com\/#organization"},"potentialAction":[{"@type":"SearchAction","target":{"@type":"EntryPoint","urlTemplate":"https:\/\/www.domtechnikpro.com\/?s={search_term_string}"},"query-input":{"@type":"PropertyValueSpecification","valueRequired":true,"valueName":"search_term_string"}}],"inLanguage":"cs"},{"@type":"Organization","@id":"https:\/\/www.domtechnikpro.com\/#organization","name":"Pr\u016fmyslov\u00e9 vybaven\u00ed a p\u0159\u00edslu\u0161enstv\u00ed","url":"https:\/\/www.domtechnikpro.com\/","logo":{"@type":"ImageObject","inLanguage":"cs","@id":"https:\/\/www.domtechnikpro.com\/#\/schema\/logo\/image\/","url":"https:\/\/www.domtechnikpro.com\/wp-content\/uploads\/2026\/04\/domtechnikpro_logo_full.svg","contentUrl":"https:\/\/www.domtechnikpro.com\/wp-content\/uploads\/2026\/04\/domtechnikpro_logo_full.svg","width":920,"height":180,"caption":"Pr\u016fmyslov\u00e9 vybaven\u00ed a p\u0159\u00edslu\u0161enstv\u00ed"},"image":{"@id":"https:\/\/www.domtechnikpro.com\/#\/schema\/logo\/image\/"}}]}},"_links":{"self":[{"href":"https:\/\/www.domtechnikpro.com\/wp-json\/wp\/v2\/product\/34099","targetHints":{"allow":["GET"]}}],"collection":[{"href":"https:\/\/www.domtechnikpro.com\/wp-json\/wp\/v2\/product"}],"about":[{"href":"https:\/\/www.domtechnikpro.com\/wp-json\/wp\/v2\/types\/product"}],"replies":[{"embeddable":true,"href":"https:\/\/www.domtechnikpro.com\/wp-json\/wp\/v2\/comments?post=34099"}],"wp:featuredmedia":[{"embeddable":true,"href":"https:\/\/www.domtechnikpro.com\/wp-json\/wp\/v2\/media\/34199"}],"wp:attachment":[{"href":"https:\/\/www.domtechnikpro.com\/wp-json\/wp\/v2\/media?parent=34099"}],"wp:term":[{"taxonomy":"product_brand","embeddable":true,"href":"https:\/\/www.domtechnikpro.com\/wp-json\/wp\/v2\/product_brand?post=34099"},{"taxonomy":"product_cat","embeddable":true,"href":"https:\/\/www.domtechnikpro.com\/wp-json\/wp\/v2\/product_cat?post=34099"},{"taxonomy":"product_tag","embeddable":true,"href":"https:\/\/www.domtechnikpro.com\/wp-json\/wp\/v2\/product_tag?post=34099"}],"curies":[{"name":"wp","href":"https:\/\/api.w.org\/{rel}","templated":true}]}}