{"id":33530,"date":"2026-04-26T08:57:26","date_gmt":"2026-04-26T08:57:26","guid":{"rendered":""},"modified":"2026-04-26T08:57:26","modified_gmt":"2026-04-26T08:57:26","slug":"znackovy-telpox-p-100-33530","status":"publish","type":"product","link":"https:\/\/www.domtechnikpro.com\/index.php\/produkt\/znackovy-telpox-p-100-33530\/","title":{"rendered":"Zna\u010dkov\u00fd Telpox P 100"},"content":{"rendered":"<div class=\"basic-description\">\n<h3>Detailn\u00ed popis produktu<\/h3>\n<p>                                    <SPAN lang=CS><P dir=ltr align=left>Telpox P 100 <BR>barva je ur\u010den\u00e1 k z\u00e1kladn\u00edm antikorozn\u00edm n\u00e1t\u011br\u016fm kovu, kde m\u00e1 zajistit n\u00e1t\u011brov\u00e9mu syst\u00e9mu dokonalou p\u0159ilnavost a antikorozn\u00ed ochranu. Pro vnit\u0159n\u00ed prost\u0159ed\u00ed s korozn\u00ed agresivitou C1 a\u017e C3 lze n\u00e1t\u011brovou hmotu pou\u017e\u00edt i jako jednovrstv\u00fd n\u00e1t\u011br. P\u0159ed pou\u017eit\u00edm se barva rozm\u00edch\u00e1, sm\u00eds\u00ed s tu\u017eidlem v p\u0159edepsan\u00e9m pom\u011bru, d\u016fkladn\u011b prom\u00edch\u00e1 a do\u0159ed\u00ed podle pot\u0159eby. Teplota p\u0159i zasych\u00e1n\u00ed nesm\u00ed poklesnout pod 10\u00b0 C.<BR><BR><STRONG>P\u0159\u00edklady pou\u017eit\u00ed:<\/STRONG><BR>Exteri\u00e9r i interi\u00e9r se stredn\u00edm a vysok\u00fdm korozn\u00edm nam\u00e1h\u00e1n\u00edm (v\u00fdrobn\u00ed haly, pr\u00e1delny, chemick\u00e9 z\u00e1vody), mo\u017enost pou\u017eit\u00ed zejm\u00e9na na kovov\u00e9 n\u00e1dr\u017ee, potrub\u00ed, stroje, provozn\u00ed konstrukce, mostn\u00ed konstrukce.<BR><BR><STRONG>Zp\u016fsob aplikace:<\/STRONG><BR>\u0161t\u011btcem, st\u0159\u00edkac\u00edm za\u0159\u00edzen\u00edm<BR><BR><\/P><P dir=ltr align=left>Tu\u017een\u00ed:<BR>K natu\u017een\u00ed 5 kg balen\u00ed barvy Telpox P 100 je zapot\u0159eb\u00ed 850 g balen\u00ed tu\u017eidla Epolex S7300, kter\u00e9 <STRONG>se prod\u00e1v\u00e1 samostatn\u011b<\/STRONG>.<BR>K natu\u017een\u00ed 10kg balen\u00ed barvy Telpox P 100 jsou zapot\u0159eb\u00ed 2 ks 850 g balen\u00ed tu\u017eidla Epolex S7300, kter\u00e9 <STRONG>se prod\u00e1v\u00e1 samostatn\u011b.<\/STRONG><\/P><P dir=ltr align=left><STRONG>Teoretick\u00e1 vydatnost (m2\/kg):<\/STRONG><BR>9 a\u017e 9,8 m2\/kg p\u0159i tlou\u0161\u0165ce mokr\u00e9ho filmu 80 \u00b5m, such\u00e9ho filmu 40 \u00b5m.<\/P><\/SPAN>                            <\/div>\n<div class=\"extended-description\">\n<h3>Dopl\u0148kov\u00e9 parametry<\/h3>\n<table class=\"detail-parameters\">\n<tbody>\n<tr>\n<th>        <span class=\"row-header-label\">            Kategorie<span class=\"row-header-label-colon\">:<\/span>        <\/span>    <\/th>\n<td>        Z\u00e1kladn\u00ed barva na kov    <\/td>\n<\/tr>\n<\/tbody>\n<\/table><\/div>\n<\/p><\/div>\n<\/p><\/div>\n","protected":false},"excerpt":{"rendered":"<p>Detailn\u00ed popis produktu Telpox P 100 barva je ur\u010den\u00e1 k z\u00e1kladn\u00edm antikorozn\u00edm n\u00e1t\u011br\u016fm kovu, kde m\u00e1 zajistit n\u00e1t\u011brov\u00e9mu syst\u00e9mu dokonalou p\u0159ilnavost a antikorozn\u00ed ochranu. Pro vnit\u0159n\u00ed prost\u0159ed\u00ed s korozn\u00ed agresivitou C1 a\u017e C3 lze n\u00e1t\u011brovou hmotu pou\u017e\u00edt i jako jednovrstv\u00fd n\u00e1t\u011br. P\u0159ed pou\u017eit\u00edm se barva rozm\u00edch\u00e1, sm\u00eds\u00ed s tu\u017eidlem v p\u0159edepsan\u00e9m pom\u011bru, d\u016fkladn\u011b prom\u00edch\u00e1 a [&hellip;]<\/p>\n","protected":false},"featured_media":33630,"comment_status":"open","ping_status":"open","template":"","meta":[],"product_brand":[],"product_cat":[122],"product_tag":[],"class_list":{"0":"post-33530","1":"product","2":"type-product","3":"status-publish","4":"has-post-thumbnail","6":"product_cat-barvy-laky-lazury","8":"first","9":"instock","10":"sale","11":"shipping-taxable","12":"purchasable","13":"product-type-simple"},"yoast_head":"<!-- This site is optimized with the Yoast SEO plugin v26.8 - https:\/\/yoast.com\/product\/yoast-seo-wordpress\/ -->\n<title>Zna\u010dkov\u00fd Telpox P 100 -<\/title>\n<meta name=\"robots\" content=\"index, follow, max-snippet:-1, max-image-preview:large, max-video-preview:-1\" \/>\n<link rel=\"canonical\" href=\"https:\/\/www.domtechnikpro.com\/index.php\/produkt\/znackovy-telpox-p-100-33530\/\" \/>\n<meta property=\"og:locale\" content=\"cs_CZ\" \/>\n<meta property=\"og:type\" content=\"article\" \/>\n<meta property=\"og:title\" content=\"Zna\u010dkov\u00fd Telpox P 100 -\" \/>\n<meta property=\"og:description\" content=\"Detailn\u00ed popis produktu Telpox P 100 barva je ur\u010den\u00e1 k z\u00e1kladn\u00edm antikorozn\u00edm n\u00e1t\u011br\u016fm kovu, kde m\u00e1 zajistit n\u00e1t\u011brov\u00e9mu syst\u00e9mu dokonalou p\u0159ilnavost a antikorozn\u00ed ochranu. Pro vnit\u0159n\u00ed prost\u0159ed\u00ed s korozn\u00ed agresivitou C1 a\u017e C3 lze n\u00e1t\u011brovou hmotu pou\u017e\u00edt i jako jednovrstv\u00fd n\u00e1t\u011br. P\u0159ed pou\u017eit\u00edm se barva rozm\u00edch\u00e1, sm\u00eds\u00ed s tu\u017eidlem v p\u0159edepsan\u00e9m pom\u011bru, d\u016fkladn\u011b prom\u00edch\u00e1 a [&hellip;]\" \/>\n<meta property=\"og:url\" content=\"https:\/\/www.domtechnikpro.com\/index.php\/produkt\/znackovy-telpox-p-100-33530\/\" \/>\n<meta property=\"og:image\" content=\"https:\/\/www.domtechnikpro.com\/wp-content\/uploads\/2026\/SK0001776-CZ20260425-092355-0-1777080235-28163_telpox-p-100.webp\" \/>\n\t<meta property=\"og:image:width\" content=\"1000\" \/>\n\t<meta property=\"og:image:height\" content=\"750\" \/>\n\t<meta property=\"og:image:type\" content=\"image\/webp\" \/>\n<meta name=\"twitter:card\" content=\"summary_large_image\" \/>\n<meta name=\"twitter:label1\" content=\"Odhadovan\u00e1 doba \u010dten\u00ed\" \/>\n\t<meta name=\"twitter:data1\" content=\"1 minuta\" \/>\n<script type=\"application\/ld+json\" class=\"yoast-schema-graph\">{\"@context\":\"https:\/\/schema.org\",\"@graph\":[{\"@type\":\"WebPage\",\"@id\":\"https:\/\/www.domtechnikpro.com\/index.php\/produkt\/znackovy-telpox-p-100-33530\/\",\"url\":\"https:\/\/www.domtechnikpro.com\/index.php\/produkt\/znackovy-telpox-p-100-33530\/\",\"name\":\"Zna\u010dkov\u00fd Telpox P 100 -\",\"isPartOf\":{\"@id\":\"https:\/\/www.domtechnikpro.com\/#website\"},\"primaryImageOfPage\":{\"@id\":\"https:\/\/www.domtechnikpro.com\/index.php\/produkt\/znackovy-telpox-p-100-33530\/#primaryimage\"},\"image\":{\"@id\":\"https:\/\/www.domtechnikpro.com\/index.php\/produkt\/znackovy-telpox-p-100-33530\/#primaryimage\"},\"thumbnailUrl\":\"https:\/\/www.domtechnikpro.com\/wp-content\/uploads\/2026\/SK0001776-CZ20260425-092355-0-1777080235-28163_telpox-p-100.webp\",\"datePublished\":\"2026-04-26T08:57:26+00:00\",\"breadcrumb\":{\"@id\":\"https:\/\/www.domtechnikpro.com\/index.php\/produkt\/znackovy-telpox-p-100-33530\/#breadcrumb\"},\"inLanguage\":\"cs\",\"potentialAction\":[{\"@type\":\"ReadAction\",\"target\":[\"https:\/\/www.domtechnikpro.com\/index.php\/produkt\/znackovy-telpox-p-100-33530\/\"]}]},{\"@type\":\"ImageObject\",\"inLanguage\":\"cs\",\"@id\":\"https:\/\/www.domtechnikpro.com\/index.php\/produkt\/znackovy-telpox-p-100-33530\/#primaryimage\",\"url\":\"https:\/\/www.domtechnikpro.com\/wp-content\/uploads\/2026\/SK0001776-CZ20260425-092355-0-1777080235-28163_telpox-p-100.webp\",\"contentUrl\":\"https:\/\/www.domtechnikpro.com\/wp-content\/uploads\/2026\/SK0001776-CZ20260425-092355-0-1777080235-28163_telpox-p-100.webp\",\"width\":1000,\"height\":750},{\"@type\":\"BreadcrumbList\",\"@id\":\"https:\/\/www.domtechnikpro.com\/index.php\/produkt\/znackovy-telpox-p-100-33530\/#breadcrumb\",\"itemListElement\":[{\"@type\":\"ListItem\",\"position\":1,\"name\":\"Home\",\"item\":\"https:\/\/www.domtechnikpro.com\/\"},{\"@type\":\"ListItem\",\"position\":2,\"name\":\"Products\",\"item\":\"https:\/\/www.domtechnikpro.com\/index.php\/products\/\"},{\"@type\":\"ListItem\",\"position\":3,\"name\":\"Zna\u010dkov\u00fd Telpox P 100\"}]},{\"@type\":\"WebSite\",\"@id\":\"https:\/\/www.domtechnikpro.com\/#website\",\"url\":\"https:\/\/www.domtechnikpro.com\/\",\"name\":\"\",\"description\":\"\",\"potentialAction\":[{\"@type\":\"SearchAction\",\"target\":{\"@type\":\"EntryPoint\",\"urlTemplate\":\"https:\/\/www.domtechnikpro.com\/?s={search_term_string}\"},\"query-input\":{\"@type\":\"PropertyValueSpecification\",\"valueRequired\":true,\"valueName\":\"search_term_string\"}}],\"inLanguage\":\"cs\"}]}<\/script>\n<!-- \/ Yoast SEO plugin. -->","yoast_head_json":{"title":"Zna\u010dkov\u00fd Telpox P 100 -","robots":{"index":"index","follow":"follow","max-snippet":"max-snippet:-1","max-image-preview":"max-image-preview:large","max-video-preview":"max-video-preview:-1"},"canonical":"https:\/\/www.domtechnikpro.com\/index.php\/produkt\/znackovy-telpox-p-100-33530\/","og_locale":"cs_CZ","og_type":"article","og_title":"Zna\u010dkov\u00fd Telpox P 100 -","og_description":"Detailn\u00ed popis produktu Telpox P 100 barva je ur\u010den\u00e1 k z\u00e1kladn\u00edm antikorozn\u00edm n\u00e1t\u011br\u016fm kovu, kde m\u00e1 zajistit n\u00e1t\u011brov\u00e9mu syst\u00e9mu dokonalou p\u0159ilnavost a antikorozn\u00ed ochranu. Pro vnit\u0159n\u00ed prost\u0159ed\u00ed s korozn\u00ed agresivitou C1 a\u017e C3 lze n\u00e1t\u011brovou hmotu pou\u017e\u00edt i jako jednovrstv\u00fd n\u00e1t\u011br. P\u0159ed pou\u017eit\u00edm se barva rozm\u00edch\u00e1, sm\u00eds\u00ed s tu\u017eidlem v p\u0159edepsan\u00e9m pom\u011bru, d\u016fkladn\u011b prom\u00edch\u00e1 a [&hellip;]","og_url":"https:\/\/www.domtechnikpro.com\/index.php\/produkt\/znackovy-telpox-p-100-33530\/","og_image":[{"width":1000,"height":750,"url":"https:\/\/www.domtechnikpro.com\/wp-content\/uploads\/2026\/SK0001776-CZ20260425-092355-0-1777080235-28163_telpox-p-100.webp","type":"image\/webp"}],"twitter_card":"summary_large_image","twitter_misc":{"Odhadovan\u00e1 doba \u010dten\u00ed":"1 minuta"},"schema":{"@context":"https:\/\/schema.org","@graph":[{"@type":"WebPage","@id":"https:\/\/www.domtechnikpro.com\/index.php\/produkt\/znackovy-telpox-p-100-33530\/","url":"https:\/\/www.domtechnikpro.com\/index.php\/produkt\/znackovy-telpox-p-100-33530\/","name":"Zna\u010dkov\u00fd Telpox P 100 -","isPartOf":{"@id":"https:\/\/www.domtechnikpro.com\/#website"},"primaryImageOfPage":{"@id":"https:\/\/www.domtechnikpro.com\/index.php\/produkt\/znackovy-telpox-p-100-33530\/#primaryimage"},"image":{"@id":"https:\/\/www.domtechnikpro.com\/index.php\/produkt\/znackovy-telpox-p-100-33530\/#primaryimage"},"thumbnailUrl":"https:\/\/www.domtechnikpro.com\/wp-content\/uploads\/2026\/SK0001776-CZ20260425-092355-0-1777080235-28163_telpox-p-100.webp","datePublished":"2026-04-26T08:57:26+00:00","breadcrumb":{"@id":"https:\/\/www.domtechnikpro.com\/index.php\/produkt\/znackovy-telpox-p-100-33530\/#breadcrumb"},"inLanguage":"cs","potentialAction":[{"@type":"ReadAction","target":["https:\/\/www.domtechnikpro.com\/index.php\/produkt\/znackovy-telpox-p-100-33530\/"]}]},{"@type":"ImageObject","inLanguage":"cs","@id":"https:\/\/www.domtechnikpro.com\/index.php\/produkt\/znackovy-telpox-p-100-33530\/#primaryimage","url":"https:\/\/www.domtechnikpro.com\/wp-content\/uploads\/2026\/SK0001776-CZ20260425-092355-0-1777080235-28163_telpox-p-100.webp","contentUrl":"https:\/\/www.domtechnikpro.com\/wp-content\/uploads\/2026\/SK0001776-CZ20260425-092355-0-1777080235-28163_telpox-p-100.webp","width":1000,"height":750},{"@type":"BreadcrumbList","@id":"https:\/\/www.domtechnikpro.com\/index.php\/produkt\/znackovy-telpox-p-100-33530\/#breadcrumb","itemListElement":[{"@type":"ListItem","position":1,"name":"Home","item":"https:\/\/www.domtechnikpro.com\/"},{"@type":"ListItem","position":2,"name":"Products","item":"https:\/\/www.domtechnikpro.com\/index.php\/products\/"},{"@type":"ListItem","position":3,"name":"Zna\u010dkov\u00fd Telpox P 100"}]},{"@type":"WebSite","@id":"https:\/\/www.domtechnikpro.com\/#website","url":"https:\/\/www.domtechnikpro.com\/","name":"","description":"","potentialAction":[{"@type":"SearchAction","target":{"@type":"EntryPoint","urlTemplate":"https:\/\/www.domtechnikpro.com\/?s={search_term_string}"},"query-input":{"@type":"PropertyValueSpecification","valueRequired":true,"valueName":"search_term_string"}}],"inLanguage":"cs"}]}},"_links":{"self":[{"href":"https:\/\/www.domtechnikpro.com\/index.php\/wp-json\/wp\/v2\/product\/33530","targetHints":{"allow":["GET"]}}],"collection":[{"href":"https:\/\/www.domtechnikpro.com\/index.php\/wp-json\/wp\/v2\/product"}],"about":[{"href":"https:\/\/www.domtechnikpro.com\/index.php\/wp-json\/wp\/v2\/types\/product"}],"replies":[{"embeddable":true,"href":"https:\/\/www.domtechnikpro.com\/index.php\/wp-json\/wp\/v2\/comments?post=33530"}],"wp:featuredmedia":[{"embeddable":true,"href":"https:\/\/www.domtechnikpro.com\/index.php\/wp-json\/wp\/v2\/media\/33630"}],"wp:attachment":[{"href":"https:\/\/www.domtechnikpro.com\/index.php\/wp-json\/wp\/v2\/media?parent=33530"}],"wp:term":[{"taxonomy":"product_brand","embeddable":true,"href":"https:\/\/www.domtechnikpro.com\/index.php\/wp-json\/wp\/v2\/product_brand?post=33530"},{"taxonomy":"product_cat","embeddable":true,"href":"https:\/\/www.domtechnikpro.com\/index.php\/wp-json\/wp\/v2\/product_cat?post=33530"},{"taxonomy":"product_tag","embeddable":true,"href":"https:\/\/www.domtechnikpro.com\/index.php\/wp-json\/wp\/v2\/product_tag?post=33530"}],"curies":[{"name":"wp","href":"https:\/\/api.w.org\/{rel}","templated":true}]}}