{"id":33495,"date":"2026-04-26T08:57:26","date_gmt":"2026-04-26T08:57:26","guid":{"rendered":""},"modified":"2026-04-26T08:57:26","modified_gmt":"2026-04-26T08:57:26","slug":"znackovy-strecova-folie-pfr-cira-50-cm-33495","status":"publish","type":"product","link":"https:\/\/www.domtechnikpro.com\/index.php\/produkt\/znackovy-strecova-folie-pfr-cira-50-cm-33495\/","title":{"rendered":"Zna\u010dkov\u00fd Stre\u010dov\u00e1 f\u00f3lie PFR \u010d\u00edr\u00e1 50 cm"},"content":{"rendered":"<div class=\"basic-description\">\n<h3>Detailn\u00ed popis produktu<\/h3>\n<p>                                    Stre\u010d f\u00f3lie PFR \u010d\u00edr\u00e1 50 cm<br \/>je univerz\u00e1ln\u00ed modern\u00ed obalov\u00fd materi\u00e1l, umo\u017e\u0148uje rychle a kvalitn\u00ed balen\u00ed r\u016fzn\u00fdch druh\u016f p\u0159edm\u011bt\u016f. Pou\u017e\u00edv\u00e1 se zejm\u00e9na p\u0159i balen\u00ed zbo\u017e\u00ed na palet\u00e1ch, bal\u00edk\u016f ale i p\u0159i st\u011bhov\u00e1n\u00ed. Stre\u010d f\u00f3lie jsou navinut\u00e9 na kartonov\u00fdch rol\u00edch a je mo\u017en\u00e9 je za pomoci odv\u00edje\u010de f\u00f3liei ale i bez n\u011bho velice snadno a rychle odv\u00edjet. U n\u011bkter\u00fdch f\u00f3li\u00ed (nap\u0159. f\u00f3lie Gran\u00e1t) je role prodlou\u017eena v rukoje\u0165, d\u00edky kter\u00e9 je odv\u00edjen\u00ed bez problematick\u00e9 i bez pou\u017eit\u00ed odv\u00edje\u010de folie. Stre\u010d f\u00f3lie tipu Gran\u00e1t jsou vhodn\u00e9 zejm\u00e9na k balen\u00ed men\u0161\u00edch p\u0159edm\u011bt\u016f.<\/p>\n<p>Stre\u010d f\u00f3lie PFR \u010d\u00edr\u00e1, dod\u00e1v\u00e1me s t\u011bmito parametry:<br \/>\u0161\u00ed\u0159ka\/ tlu\u0161\u0165ka\/ hmotnost<br \/>50 cm\/ 17 my\/ 1,2 kg<br \/>50 cm\/ 20 my\/ 1,5 kg<br \/>50 cm\/ 23 my\/ 2,2 kg                            <\/div>\n<div class=\"extended-description\">\n<h3>Dopl\u0148kov\u00e9 parametry<\/h3>\n<table class=\"detail-parameters\">\n<tbody>\n<tr>\n<th>        <span class=\"row-header-label\">            Kategorie<span class=\"row-header-label-colon\">:<\/span>        <\/span>    <\/th>\n<td>        Krabice boxy obalov\u00fd materi\u00e1l    <\/td>\n<\/tr>\n<\/tbody>\n<\/table><\/div>\n<\/p><\/div>\n<\/p><\/div>\n","protected":false},"excerpt":{"rendered":"<p>Detailn\u00ed popis produktu Stre\u010d f\u00f3lie PFR \u010d\u00edr\u00e1 50 cmje univerz\u00e1ln\u00ed modern\u00ed obalov\u00fd materi\u00e1l, umo\u017e\u0148uje rychle a kvalitn\u00ed balen\u00ed r\u016fzn\u00fdch druh\u016f p\u0159edm\u011bt\u016f. Pou\u017e\u00edv\u00e1 se zejm\u00e9na p\u0159i balen\u00ed zbo\u017e\u00ed na palet\u00e1ch, bal\u00edk\u016f ale i p\u0159i st\u011bhov\u00e1n\u00ed. Stre\u010d f\u00f3lie jsou navinut\u00e9 na kartonov\u00fdch rol\u00edch a je mo\u017en\u00e9 je za pomoci odv\u00edje\u010de f\u00f3liei ale i bez n\u011bho velice snadno [&hellip;]<\/p>\n","protected":false},"featured_media":33595,"comment_status":"open","ping_status":"open","template":"","meta":[],"product_brand":[],"product_cat":[123],"product_tag":[],"class_list":{"0":"post-33495","1":"product","2":"type-product","3":"status-publish","4":"has-post-thumbnail","6":"product_cat-malirske-potreby-a-naradi","8":"first","9":"instock","10":"sale","11":"shipping-taxable","12":"purchasable","13":"product-type-simple"},"yoast_head":"<!-- This site is optimized with the Yoast SEO plugin v26.8 - https:\/\/yoast.com\/product\/yoast-seo-wordpress\/ -->\n<title>Zna\u010dkov\u00fd Stre\u010dov\u00e1 f\u00f3lie PFR \u010d\u00edr\u00e1 50 cm -<\/title>\n<meta name=\"robots\" content=\"index, follow, max-snippet:-1, max-image-preview:large, max-video-preview:-1\" \/>\n<link rel=\"canonical\" href=\"https:\/\/www.domtechnikpro.com\/index.php\/produkt\/znackovy-strecova-folie-pfr-cira-50-cm-33495\/\" \/>\n<meta property=\"og:locale\" content=\"cs_CZ\" \/>\n<meta property=\"og:type\" content=\"article\" \/>\n<meta property=\"og:title\" content=\"Zna\u010dkov\u00fd Stre\u010dov\u00e1 f\u00f3lie PFR \u010d\u00edr\u00e1 50 cm -\" \/>\n<meta property=\"og:description\" content=\"Detailn\u00ed popis produktu Stre\u010d f\u00f3lie PFR \u010d\u00edr\u00e1 50 cmje univerz\u00e1ln\u00ed modern\u00ed obalov\u00fd materi\u00e1l, umo\u017e\u0148uje rychle a kvalitn\u00ed balen\u00ed r\u016fzn\u00fdch druh\u016f p\u0159edm\u011bt\u016f. Pou\u017e\u00edv\u00e1 se zejm\u00e9na p\u0159i balen\u00ed zbo\u017e\u00ed na palet\u00e1ch, bal\u00edk\u016f ale i p\u0159i st\u011bhov\u00e1n\u00ed. Stre\u010d f\u00f3lie jsou navinut\u00e9 na kartonov\u00fdch rol\u00edch a je mo\u017en\u00e9 je za pomoci odv\u00edje\u010de f\u00f3liei ale i bez n\u011bho velice snadno [&hellip;]\" \/>\n<meta property=\"og:url\" content=\"https:\/\/www.domtechnikpro.com\/index.php\/produkt\/znackovy-strecova-folie-pfr-cira-50-cm-33495\/\" \/>\n<meta property=\"og:image\" content=\"https:\/\/www.domtechnikpro.com\/wp-content\/uploads\/2026\/SK0001741-CZ20260425-092355-0-1777080235-28055_schuller-prutazna-folie.webp\" \/>\n\t<meta property=\"og:image:width\" content=\"1000\" \/>\n\t<meta property=\"og:image:height\" content=\"750\" \/>\n\t<meta property=\"og:image:type\" content=\"image\/webp\" \/>\n<meta name=\"twitter:card\" content=\"summary_large_image\" \/>\n<meta name=\"twitter:label1\" content=\"Odhadovan\u00e1 doba \u010dten\u00ed\" \/>\n\t<meta name=\"twitter:data1\" content=\"1 minuta\" \/>\n<script type=\"application\/ld+json\" class=\"yoast-schema-graph\">{\"@context\":\"https:\/\/schema.org\",\"@graph\":[{\"@type\":\"WebPage\",\"@id\":\"https:\/\/www.domtechnikpro.com\/index.php\/produkt\/znackovy-strecova-folie-pfr-cira-50-cm-33495\/\",\"url\":\"https:\/\/www.domtechnikpro.com\/index.php\/produkt\/znackovy-strecova-folie-pfr-cira-50-cm-33495\/\",\"name\":\"Zna\u010dkov\u00fd Stre\u010dov\u00e1 f\u00f3lie PFR \u010d\u00edr\u00e1 50 cm -\",\"isPartOf\":{\"@id\":\"https:\/\/www.domtechnikpro.com\/#website\"},\"primaryImageOfPage\":{\"@id\":\"https:\/\/www.domtechnikpro.com\/index.php\/produkt\/znackovy-strecova-folie-pfr-cira-50-cm-33495\/#primaryimage\"},\"image\":{\"@id\":\"https:\/\/www.domtechnikpro.com\/index.php\/produkt\/znackovy-strecova-folie-pfr-cira-50-cm-33495\/#primaryimage\"},\"thumbnailUrl\":\"https:\/\/www.domtechnikpro.com\/wp-content\/uploads\/2026\/SK0001741-CZ20260425-092355-0-1777080235-28055_schuller-prutazna-folie.webp\",\"datePublished\":\"2026-04-26T08:57:26+00:00\",\"breadcrumb\":{\"@id\":\"https:\/\/www.domtechnikpro.com\/index.php\/produkt\/znackovy-strecova-folie-pfr-cira-50-cm-33495\/#breadcrumb\"},\"inLanguage\":\"cs\",\"potentialAction\":[{\"@type\":\"ReadAction\",\"target\":[\"https:\/\/www.domtechnikpro.com\/index.php\/produkt\/znackovy-strecova-folie-pfr-cira-50-cm-33495\/\"]}]},{\"@type\":\"ImageObject\",\"inLanguage\":\"cs\",\"@id\":\"https:\/\/www.domtechnikpro.com\/index.php\/produkt\/znackovy-strecova-folie-pfr-cira-50-cm-33495\/#primaryimage\",\"url\":\"https:\/\/www.domtechnikpro.com\/wp-content\/uploads\/2026\/SK0001741-CZ20260425-092355-0-1777080235-28055_schuller-prutazna-folie.webp\",\"contentUrl\":\"https:\/\/www.domtechnikpro.com\/wp-content\/uploads\/2026\/SK0001741-CZ20260425-092355-0-1777080235-28055_schuller-prutazna-folie.webp\",\"width\":1000,\"height\":750},{\"@type\":\"BreadcrumbList\",\"@id\":\"https:\/\/www.domtechnikpro.com\/index.php\/produkt\/znackovy-strecova-folie-pfr-cira-50-cm-33495\/#breadcrumb\",\"itemListElement\":[{\"@type\":\"ListItem\",\"position\":1,\"name\":\"Home\",\"item\":\"https:\/\/www.domtechnikpro.com\/\"},{\"@type\":\"ListItem\",\"position\":2,\"name\":\"Products\",\"item\":\"https:\/\/www.domtechnikpro.com\/index.php\/products\/\"},{\"@type\":\"ListItem\",\"position\":3,\"name\":\"Zna\u010dkov\u00fd Stre\u010dov\u00e1 f\u00f3lie PFR \u010d\u00edr\u00e1 50 cm\"}]},{\"@type\":\"WebSite\",\"@id\":\"https:\/\/www.domtechnikpro.com\/#website\",\"url\":\"https:\/\/www.domtechnikpro.com\/\",\"name\":\"\",\"description\":\"\",\"potentialAction\":[{\"@type\":\"SearchAction\",\"target\":{\"@type\":\"EntryPoint\",\"urlTemplate\":\"https:\/\/www.domtechnikpro.com\/?s={search_term_string}\"},\"query-input\":{\"@type\":\"PropertyValueSpecification\",\"valueRequired\":true,\"valueName\":\"search_term_string\"}}],\"inLanguage\":\"cs\"}]}<\/script>\n<!-- \/ Yoast SEO plugin. -->","yoast_head_json":{"title":"Zna\u010dkov\u00fd Stre\u010dov\u00e1 f\u00f3lie PFR \u010d\u00edr\u00e1 50 cm -","robots":{"index":"index","follow":"follow","max-snippet":"max-snippet:-1","max-image-preview":"max-image-preview:large","max-video-preview":"max-video-preview:-1"},"canonical":"https:\/\/www.domtechnikpro.com\/index.php\/produkt\/znackovy-strecova-folie-pfr-cira-50-cm-33495\/","og_locale":"cs_CZ","og_type":"article","og_title":"Zna\u010dkov\u00fd Stre\u010dov\u00e1 f\u00f3lie PFR \u010d\u00edr\u00e1 50 cm -","og_description":"Detailn\u00ed popis produktu Stre\u010d f\u00f3lie PFR \u010d\u00edr\u00e1 50 cmje univerz\u00e1ln\u00ed modern\u00ed obalov\u00fd materi\u00e1l, umo\u017e\u0148uje rychle a kvalitn\u00ed balen\u00ed r\u016fzn\u00fdch druh\u016f p\u0159edm\u011bt\u016f. Pou\u017e\u00edv\u00e1 se zejm\u00e9na p\u0159i balen\u00ed zbo\u017e\u00ed na palet\u00e1ch, bal\u00edk\u016f ale i p\u0159i st\u011bhov\u00e1n\u00ed. Stre\u010d f\u00f3lie jsou navinut\u00e9 na kartonov\u00fdch rol\u00edch a je mo\u017en\u00e9 je za pomoci odv\u00edje\u010de f\u00f3liei ale i bez n\u011bho velice snadno [&hellip;]","og_url":"https:\/\/www.domtechnikpro.com\/index.php\/produkt\/znackovy-strecova-folie-pfr-cira-50-cm-33495\/","og_image":[{"width":1000,"height":750,"url":"https:\/\/www.domtechnikpro.com\/wp-content\/uploads\/2026\/SK0001741-CZ20260425-092355-0-1777080235-28055_schuller-prutazna-folie.webp","type":"image\/webp"}],"twitter_card":"summary_large_image","twitter_misc":{"Odhadovan\u00e1 doba \u010dten\u00ed":"1 minuta"},"schema":{"@context":"https:\/\/schema.org","@graph":[{"@type":"WebPage","@id":"https:\/\/www.domtechnikpro.com\/index.php\/produkt\/znackovy-strecova-folie-pfr-cira-50-cm-33495\/","url":"https:\/\/www.domtechnikpro.com\/index.php\/produkt\/znackovy-strecova-folie-pfr-cira-50-cm-33495\/","name":"Zna\u010dkov\u00fd Stre\u010dov\u00e1 f\u00f3lie PFR \u010d\u00edr\u00e1 50 cm -","isPartOf":{"@id":"https:\/\/www.domtechnikpro.com\/#website"},"primaryImageOfPage":{"@id":"https:\/\/www.domtechnikpro.com\/index.php\/produkt\/znackovy-strecova-folie-pfr-cira-50-cm-33495\/#primaryimage"},"image":{"@id":"https:\/\/www.domtechnikpro.com\/index.php\/produkt\/znackovy-strecova-folie-pfr-cira-50-cm-33495\/#primaryimage"},"thumbnailUrl":"https:\/\/www.domtechnikpro.com\/wp-content\/uploads\/2026\/SK0001741-CZ20260425-092355-0-1777080235-28055_schuller-prutazna-folie.webp","datePublished":"2026-04-26T08:57:26+00:00","breadcrumb":{"@id":"https:\/\/www.domtechnikpro.com\/index.php\/produkt\/znackovy-strecova-folie-pfr-cira-50-cm-33495\/#breadcrumb"},"inLanguage":"cs","potentialAction":[{"@type":"ReadAction","target":["https:\/\/www.domtechnikpro.com\/index.php\/produkt\/znackovy-strecova-folie-pfr-cira-50-cm-33495\/"]}]},{"@type":"ImageObject","inLanguage":"cs","@id":"https:\/\/www.domtechnikpro.com\/index.php\/produkt\/znackovy-strecova-folie-pfr-cira-50-cm-33495\/#primaryimage","url":"https:\/\/www.domtechnikpro.com\/wp-content\/uploads\/2026\/SK0001741-CZ20260425-092355-0-1777080235-28055_schuller-prutazna-folie.webp","contentUrl":"https:\/\/www.domtechnikpro.com\/wp-content\/uploads\/2026\/SK0001741-CZ20260425-092355-0-1777080235-28055_schuller-prutazna-folie.webp","width":1000,"height":750},{"@type":"BreadcrumbList","@id":"https:\/\/www.domtechnikpro.com\/index.php\/produkt\/znackovy-strecova-folie-pfr-cira-50-cm-33495\/#breadcrumb","itemListElement":[{"@type":"ListItem","position":1,"name":"Home","item":"https:\/\/www.domtechnikpro.com\/"},{"@type":"ListItem","position":2,"name":"Products","item":"https:\/\/www.domtechnikpro.com\/index.php\/products\/"},{"@type":"ListItem","position":3,"name":"Zna\u010dkov\u00fd Stre\u010dov\u00e1 f\u00f3lie PFR \u010d\u00edr\u00e1 50 cm"}]},{"@type":"WebSite","@id":"https:\/\/www.domtechnikpro.com\/#website","url":"https:\/\/www.domtechnikpro.com\/","name":"","description":"","potentialAction":[{"@type":"SearchAction","target":{"@type":"EntryPoint","urlTemplate":"https:\/\/www.domtechnikpro.com\/?s={search_term_string}"},"query-input":{"@type":"PropertyValueSpecification","valueRequired":true,"valueName":"search_term_string"}}],"inLanguage":"cs"}]}},"_links":{"self":[{"href":"https:\/\/www.domtechnikpro.com\/index.php\/wp-json\/wp\/v2\/product\/33495","targetHints":{"allow":["GET"]}}],"collection":[{"href":"https:\/\/www.domtechnikpro.com\/index.php\/wp-json\/wp\/v2\/product"}],"about":[{"href":"https:\/\/www.domtechnikpro.com\/index.php\/wp-json\/wp\/v2\/types\/product"}],"replies":[{"embeddable":true,"href":"https:\/\/www.domtechnikpro.com\/index.php\/wp-json\/wp\/v2\/comments?post=33495"}],"wp:featuredmedia":[{"embeddable":true,"href":"https:\/\/www.domtechnikpro.com\/index.php\/wp-json\/wp\/v2\/media\/33595"}],"wp:attachment":[{"href":"https:\/\/www.domtechnikpro.com\/index.php\/wp-json\/wp\/v2\/media?parent=33495"}],"wp:term":[{"taxonomy":"product_brand","embeddable":true,"href":"https:\/\/www.domtechnikpro.com\/index.php\/wp-json\/wp\/v2\/product_brand?post=33495"},{"taxonomy":"product_cat","embeddable":true,"href":"https:\/\/www.domtechnikpro.com\/index.php\/wp-json\/wp\/v2\/product_cat?post=33495"},{"taxonomy":"product_tag","embeddable":true,"href":"https:\/\/www.domtechnikpro.com\/index.php\/wp-json\/wp\/v2\/product_tag?post=33495"}],"curies":[{"name":"wp","href":"https:\/\/api.w.org\/{rel}","templated":true}]}}