{"id":33371,"date":"2026-04-26T08:57:23","date_gmt":"2026-04-26T08:57:23","guid":{"rendered":""},"modified":"2026-04-26T08:57:23","modified_gmt":"2026-04-26T08:57:23","slug":"znackovy-soudal-soudastop-tesnici-malta-33371","status":"publish","type":"product","link":"https:\/\/www.domtechnikpro.com\/index.php\/produkt\/znackovy-soudal-soudastop-tesnici-malta-33371\/","title":{"rendered":"Zna\u010dkov\u00fd Soudal Soudastop T\u011bsnic\u00ed malta"},"content":{"rendered":"<div class=\"basic-description\">\n<h3>Detailn\u00ed popis produktu<\/h3>\n<p>                                    Soudal Soudastop T\u011bsnic\u00ed malta<br \/>m\u00e1 vynikaj\u00edc\u00ed p\u0159ilnavost k v\u011bt\u0161in\u011b stavebn\u00edch poklad\u016f, umo\u017e\u0148uje okam\u017eit\u00e9 ut\u011bsn\u011bn\u00ed, velmi rychle tvrdne i pod vodou, k pou\u017eit\u00ed v interi\u00e9ru i exteri\u00e9ru, neho\u0159lav\u00e1.<\/p>\n<p>P\u0159\u00edklady pou\u017eit\u00ed:<br \/>&#8211; ut\u011bsn\u011bn\u00ed pr\u016fsak\u016f a pr\u016fnik\u016f vody trhlinami, sp\u00e1rami nebo otvory v betonu a zdivu<br \/>&#8211; ut\u011bsn\u011bn\u00ed konstruk\u010dn\u00edch nebo podlahov\u00fdch sp\u00e1r a otvor\u016f<br \/>&#8211; ut\u011bsn\u011bn\u00ed trhlin a konstruk\u010dn\u00edch sp\u00e1r v b\u011b\u017en\u00fdch kanaliza\u010dn\u00edch potrub\u00edch<br \/>&#8211; kotven\u00ed \u0161roub\u016f, potrub\u00ed, trubek, z\u00e1bradl\u00ed, sanit\u00e1rn\u00edho za\u0159\u00edzen\u00ed atd.<br \/>&#8211; vypl\u0148ov\u00e1n\u00ed sp\u00e1r a spoj\u016f mezi prvky betonov\u00fdch i cihlov\u00fdch tunel\u016f a kolektor\u016f, v kanaliza\u010dn\u00edm syst\u00e9mu<\/p>\n<p>Pracovn\u00ed postup:<br \/>Podklad mus\u00ed soudr\u017en\u00fd. Sm\u011bs sm\u00edchejte s vodou v pom\u011bru cca 0,17 l vody na 1 kg sm\u011bsi. Maltu rychle a d\u016fkladn\u011b zam\u00edchejte tak, aby vznikla polosuch\u00e1 sm\u011bs. Rozm\u00edchejte jen mno\u017estv\u00ed, kter\u00e9 zpracujete b\u011bhem 1-2 minut.<br \/>Pro ut\u011bs\u0148ov\u00e1n\u00ed pr\u016fsak\u016f ru\u010dn\u011b vytvarujte z\u00e1tku (pou\u017eijte ochrann\u00e9 rukavice), kterou vtla\u010d\u00edte do otvoru. Hmotu je nutn\u00e9 v otvoru p\u0159idr\u017eet cca 60 sekund. Pokud je otvor v\u011bt\u0161\u00ed, je nutn\u00e9 jej ut\u011bs\u0148ovat postupn\u011b od okraj\u016f do st\u0159edu. P\u0159i vypl\u0148ov\u00e1n\u00ed sp\u00e1r a otvor\u016f v konstrukc\u00edch opravovan\u00e9 m\u00edsto vypl\u0148te hmotou a povrch uhla\u010fte hlad\u00edtkem. Po zatuhnut\u00ed malty je nutn\u00e9 opraven\u00e9 m\u00edsto udr\u017eovat min. 15 minut ve vlhk\u00e9m prost\u0159ed\u00ed.<br \/>Zv\u00fd\u0161en\u00edm mno\u017estv\u00ed z\u00e1m\u011bsov\u00e9 vody m\u016f\u017eete p\u0159ipravit z\u00e1livkovou maltu ur\u010denou pro kotven\u00ed ve vodorovn\u00fdch konstrukc\u00edch. Pracujte p\u0159i teplot\u00e1ch prost\u0159ed\u00ed i podkladu od +5\u00b0C do +25\u00b0C.<\/p>\n<p>\u010ci\u0161t\u011bn\u00ed: <br \/>Pou\u017eit\u00e9 n\u00e1\u0159ad\u00ed ihned po ukon\u010den\u00ed pr\u00e1ce umyjte vodou.<\/p>\n<p>Balen\u00ed:<br \/>2,5 kg a 4,5 kg<\/p>\n<p>Barva: <br \/>\u0161ed\u00e1<br \/>&nbsp;                            <\/div>\n<div class=\"extended-description\">\n<h3>Dopl\u0148kov\u00e9 parametry<\/h3>\n<table class=\"detail-parameters\">\n<tbody>\n<tr>\n<th>        <span class=\"row-header-label\">            Kategorie<span class=\"row-header-label-colon\">:<\/span>        <\/span>    <\/th>\n<td>        Hydroizola\u010dn\u00ed hmoty a n\u00e1t\u011bry    <\/td>\n<\/tr>\n<\/tbody>\n<\/table><\/div>\n<\/p><\/div>\n<\/p><\/div>\n","protected":false},"excerpt":{"rendered":"<p>Detailn\u00ed popis produktu Soudal Soudastop T\u011bsnic\u00ed maltam\u00e1 vynikaj\u00edc\u00ed p\u0159ilnavost k v\u011bt\u0161in\u011b stavebn\u00edch poklad\u016f, umo\u017e\u0148uje okam\u017eit\u00e9 ut\u011bsn\u011bn\u00ed, velmi rychle tvrdne i pod vodou, k pou\u017eit\u00ed v interi\u00e9ru i exteri\u00e9ru, neho\u0159lav\u00e1. P\u0159\u00edklady pou\u017eit\u00ed:&#8211; ut\u011bsn\u011bn\u00ed pr\u016fsak\u016f a pr\u016fnik\u016f vody trhlinami, sp\u00e1rami nebo otvory v betonu a zdivu&#8211; ut\u011bsn\u011bn\u00ed konstruk\u010dn\u00edch nebo podlahov\u00fdch sp\u00e1r a otvor\u016f&#8211; ut\u011bsn\u011bn\u00ed trhlin a konstruk\u010dn\u00edch [&hellip;]<\/p>\n","protected":false},"featured_media":33471,"comment_status":"open","ping_status":"open","template":"","meta":[],"product_brand":[],"product_cat":[125],"product_tag":[],"class_list":{"0":"post-33371","1":"product","2":"type-product","3":"status-publish","4":"has-post-thumbnail","6":"product_cat-hydroizolacni-hmoty-a-natery","8":"first","9":"instock","10":"sale","11":"shipping-taxable","12":"purchasable","13":"product-type-simple"},"yoast_head":"<!-- This site is optimized with the Yoast SEO plugin v26.8 - https:\/\/yoast.com\/product\/yoast-seo-wordpress\/ -->\n<title>Zna\u010dkov\u00fd Soudal Soudastop T\u011bsnic\u00ed malta -<\/title>\n<meta name=\"robots\" content=\"index, follow, max-snippet:-1, max-image-preview:large, max-video-preview:-1\" \/>\n<link rel=\"canonical\" href=\"https:\/\/www.domtechnikpro.com\/index.php\/produkt\/znackovy-soudal-soudastop-tesnici-malta-33371\/\" \/>\n<meta property=\"og:locale\" content=\"cs_CZ\" \/>\n<meta property=\"og:type\" content=\"article\" \/>\n<meta property=\"og:title\" content=\"Zna\u010dkov\u00fd Soudal Soudastop T\u011bsnic\u00ed malta -\" \/>\n<meta property=\"og:description\" content=\"Detailn\u00ed popis produktu Soudal Soudastop T\u011bsnic\u00ed maltam\u00e1 vynikaj\u00edc\u00ed p\u0159ilnavost k v\u011bt\u0161in\u011b stavebn\u00edch poklad\u016f, umo\u017e\u0148uje okam\u017eit\u00e9 ut\u011bsn\u011bn\u00ed, velmi rychle tvrdne i pod vodou, k pou\u017eit\u00ed v interi\u00e9ru i exteri\u00e9ru, neho\u0159lav\u00e1. P\u0159\u00edklady pou\u017eit\u00ed:&#8211; ut\u011bsn\u011bn\u00ed pr\u016fsak\u016f a pr\u016fnik\u016f vody trhlinami, sp\u00e1rami nebo otvory v betonu a zdivu&#8211; ut\u011bsn\u011bn\u00ed konstruk\u010dn\u00edch nebo podlahov\u00fdch sp\u00e1r a otvor\u016f&#8211; ut\u011bsn\u011bn\u00ed trhlin a konstruk\u010dn\u00edch [&hellip;]\" \/>\n<meta property=\"og:url\" content=\"https:\/\/www.domtechnikpro.com\/index.php\/produkt\/znackovy-soudal-soudastop-tesnici-malta-33371\/\" \/>\n<meta property=\"og:image\" content=\"https:\/\/www.domtechnikpro.com\/wp-content\/uploads\/2026\/SK0001717-CZ20260425-092355-0-1777080235-27980_soudal-soudastop-tesnici-malta.webp\" \/>\n\t<meta property=\"og:image:width\" content=\"1000\" \/>\n\t<meta property=\"og:image:height\" content=\"750\" \/>\n\t<meta property=\"og:image:type\" content=\"image\/webp\" \/>\n<meta name=\"twitter:card\" content=\"summary_large_image\" \/>\n<meta name=\"twitter:label1\" content=\"Odhadovan\u00e1 doba \u010dten\u00ed\" \/>\n\t<meta name=\"twitter:data1\" content=\"2 minuty\" \/>\n<script type=\"application\/ld+json\" class=\"yoast-schema-graph\">{\"@context\":\"https:\/\/schema.org\",\"@graph\":[{\"@type\":\"WebPage\",\"@id\":\"https:\/\/www.domtechnikpro.com\/index.php\/produkt\/znackovy-soudal-soudastop-tesnici-malta-33371\/\",\"url\":\"https:\/\/www.domtechnikpro.com\/index.php\/produkt\/znackovy-soudal-soudastop-tesnici-malta-33371\/\",\"name\":\"Zna\u010dkov\u00fd Soudal Soudastop T\u011bsnic\u00ed malta -\",\"isPartOf\":{\"@id\":\"https:\/\/www.domtechnikpro.com\/#website\"},\"primaryImageOfPage\":{\"@id\":\"https:\/\/www.domtechnikpro.com\/index.php\/produkt\/znackovy-soudal-soudastop-tesnici-malta-33371\/#primaryimage\"},\"image\":{\"@id\":\"https:\/\/www.domtechnikpro.com\/index.php\/produkt\/znackovy-soudal-soudastop-tesnici-malta-33371\/#primaryimage\"},\"thumbnailUrl\":\"https:\/\/www.domtechnikpro.com\/wp-content\/uploads\/2026\/SK0001717-CZ20260425-092355-0-1777080235-27980_soudal-soudastop-tesnici-malta.webp\",\"datePublished\":\"2026-04-26T08:57:23+00:00\",\"breadcrumb\":{\"@id\":\"https:\/\/www.domtechnikpro.com\/index.php\/produkt\/znackovy-soudal-soudastop-tesnici-malta-33371\/#breadcrumb\"},\"inLanguage\":\"cs\",\"potentialAction\":[{\"@type\":\"ReadAction\",\"target\":[\"https:\/\/www.domtechnikpro.com\/index.php\/produkt\/znackovy-soudal-soudastop-tesnici-malta-33371\/\"]}]},{\"@type\":\"ImageObject\",\"inLanguage\":\"cs\",\"@id\":\"https:\/\/www.domtechnikpro.com\/index.php\/produkt\/znackovy-soudal-soudastop-tesnici-malta-33371\/#primaryimage\",\"url\":\"https:\/\/www.domtechnikpro.com\/wp-content\/uploads\/2026\/SK0001717-CZ20260425-092355-0-1777080235-27980_soudal-soudastop-tesnici-malta.webp\",\"contentUrl\":\"https:\/\/www.domtechnikpro.com\/wp-content\/uploads\/2026\/SK0001717-CZ20260425-092355-0-1777080235-27980_soudal-soudastop-tesnici-malta.webp\",\"width\":1000,\"height\":750},{\"@type\":\"BreadcrumbList\",\"@id\":\"https:\/\/www.domtechnikpro.com\/index.php\/produkt\/znackovy-soudal-soudastop-tesnici-malta-33371\/#breadcrumb\",\"itemListElement\":[{\"@type\":\"ListItem\",\"position\":1,\"name\":\"Home\",\"item\":\"https:\/\/www.domtechnikpro.com\/\"},{\"@type\":\"ListItem\",\"position\":2,\"name\":\"Products\",\"item\":\"https:\/\/www.domtechnikpro.com\/index.php\/products\/\"},{\"@type\":\"ListItem\",\"position\":3,\"name\":\"Zna\u010dkov\u00fd Soudal Soudastop T\u011bsnic\u00ed malta\"}]},{\"@type\":\"WebSite\",\"@id\":\"https:\/\/www.domtechnikpro.com\/#website\",\"url\":\"https:\/\/www.domtechnikpro.com\/\",\"name\":\"\",\"description\":\"\",\"potentialAction\":[{\"@type\":\"SearchAction\",\"target\":{\"@type\":\"EntryPoint\",\"urlTemplate\":\"https:\/\/www.domtechnikpro.com\/?s={search_term_string}\"},\"query-input\":{\"@type\":\"PropertyValueSpecification\",\"valueRequired\":true,\"valueName\":\"search_term_string\"}}],\"inLanguage\":\"cs\"}]}<\/script>\n<!-- \/ Yoast SEO plugin. -->","yoast_head_json":{"title":"Zna\u010dkov\u00fd Soudal Soudastop T\u011bsnic\u00ed malta -","robots":{"index":"index","follow":"follow","max-snippet":"max-snippet:-1","max-image-preview":"max-image-preview:large","max-video-preview":"max-video-preview:-1"},"canonical":"https:\/\/www.domtechnikpro.com\/index.php\/produkt\/znackovy-soudal-soudastop-tesnici-malta-33371\/","og_locale":"cs_CZ","og_type":"article","og_title":"Zna\u010dkov\u00fd Soudal Soudastop T\u011bsnic\u00ed malta -","og_description":"Detailn\u00ed popis produktu Soudal Soudastop T\u011bsnic\u00ed maltam\u00e1 vynikaj\u00edc\u00ed p\u0159ilnavost k v\u011bt\u0161in\u011b stavebn\u00edch poklad\u016f, umo\u017e\u0148uje okam\u017eit\u00e9 ut\u011bsn\u011bn\u00ed, velmi rychle tvrdne i pod vodou, k pou\u017eit\u00ed v interi\u00e9ru i exteri\u00e9ru, neho\u0159lav\u00e1. P\u0159\u00edklady pou\u017eit\u00ed:&#8211; ut\u011bsn\u011bn\u00ed pr\u016fsak\u016f a pr\u016fnik\u016f vody trhlinami, sp\u00e1rami nebo otvory v betonu a zdivu&#8211; ut\u011bsn\u011bn\u00ed konstruk\u010dn\u00edch nebo podlahov\u00fdch sp\u00e1r a otvor\u016f&#8211; ut\u011bsn\u011bn\u00ed trhlin a konstruk\u010dn\u00edch [&hellip;]","og_url":"https:\/\/www.domtechnikpro.com\/index.php\/produkt\/znackovy-soudal-soudastop-tesnici-malta-33371\/","og_image":[{"width":1000,"height":750,"url":"https:\/\/www.domtechnikpro.com\/wp-content\/uploads\/2026\/SK0001717-CZ20260425-092355-0-1777080235-27980_soudal-soudastop-tesnici-malta.webp","type":"image\/webp"}],"twitter_card":"summary_large_image","twitter_misc":{"Odhadovan\u00e1 doba \u010dten\u00ed":"2 minuty"},"schema":{"@context":"https:\/\/schema.org","@graph":[{"@type":"WebPage","@id":"https:\/\/www.domtechnikpro.com\/index.php\/produkt\/znackovy-soudal-soudastop-tesnici-malta-33371\/","url":"https:\/\/www.domtechnikpro.com\/index.php\/produkt\/znackovy-soudal-soudastop-tesnici-malta-33371\/","name":"Zna\u010dkov\u00fd Soudal Soudastop T\u011bsnic\u00ed malta -","isPartOf":{"@id":"https:\/\/www.domtechnikpro.com\/#website"},"primaryImageOfPage":{"@id":"https:\/\/www.domtechnikpro.com\/index.php\/produkt\/znackovy-soudal-soudastop-tesnici-malta-33371\/#primaryimage"},"image":{"@id":"https:\/\/www.domtechnikpro.com\/index.php\/produkt\/znackovy-soudal-soudastop-tesnici-malta-33371\/#primaryimage"},"thumbnailUrl":"https:\/\/www.domtechnikpro.com\/wp-content\/uploads\/2026\/SK0001717-CZ20260425-092355-0-1777080235-27980_soudal-soudastop-tesnici-malta.webp","datePublished":"2026-04-26T08:57:23+00:00","breadcrumb":{"@id":"https:\/\/www.domtechnikpro.com\/index.php\/produkt\/znackovy-soudal-soudastop-tesnici-malta-33371\/#breadcrumb"},"inLanguage":"cs","potentialAction":[{"@type":"ReadAction","target":["https:\/\/www.domtechnikpro.com\/index.php\/produkt\/znackovy-soudal-soudastop-tesnici-malta-33371\/"]}]},{"@type":"ImageObject","inLanguage":"cs","@id":"https:\/\/www.domtechnikpro.com\/index.php\/produkt\/znackovy-soudal-soudastop-tesnici-malta-33371\/#primaryimage","url":"https:\/\/www.domtechnikpro.com\/wp-content\/uploads\/2026\/SK0001717-CZ20260425-092355-0-1777080235-27980_soudal-soudastop-tesnici-malta.webp","contentUrl":"https:\/\/www.domtechnikpro.com\/wp-content\/uploads\/2026\/SK0001717-CZ20260425-092355-0-1777080235-27980_soudal-soudastop-tesnici-malta.webp","width":1000,"height":750},{"@type":"BreadcrumbList","@id":"https:\/\/www.domtechnikpro.com\/index.php\/produkt\/znackovy-soudal-soudastop-tesnici-malta-33371\/#breadcrumb","itemListElement":[{"@type":"ListItem","position":1,"name":"Home","item":"https:\/\/www.domtechnikpro.com\/"},{"@type":"ListItem","position":2,"name":"Products","item":"https:\/\/www.domtechnikpro.com\/index.php\/products\/"},{"@type":"ListItem","position":3,"name":"Zna\u010dkov\u00fd Soudal Soudastop T\u011bsnic\u00ed malta"}]},{"@type":"WebSite","@id":"https:\/\/www.domtechnikpro.com\/#website","url":"https:\/\/www.domtechnikpro.com\/","name":"","description":"","potentialAction":[{"@type":"SearchAction","target":{"@type":"EntryPoint","urlTemplate":"https:\/\/www.domtechnikpro.com\/?s={search_term_string}"},"query-input":{"@type":"PropertyValueSpecification","valueRequired":true,"valueName":"search_term_string"}}],"inLanguage":"cs"}]}},"_links":{"self":[{"href":"https:\/\/www.domtechnikpro.com\/index.php\/wp-json\/wp\/v2\/product\/33371","targetHints":{"allow":["GET"]}}],"collection":[{"href":"https:\/\/www.domtechnikpro.com\/index.php\/wp-json\/wp\/v2\/product"}],"about":[{"href":"https:\/\/www.domtechnikpro.com\/index.php\/wp-json\/wp\/v2\/types\/product"}],"replies":[{"embeddable":true,"href":"https:\/\/www.domtechnikpro.com\/index.php\/wp-json\/wp\/v2\/comments?post=33371"}],"wp:featuredmedia":[{"embeddable":true,"href":"https:\/\/www.domtechnikpro.com\/index.php\/wp-json\/wp\/v2\/media\/33471"}],"wp:attachment":[{"href":"https:\/\/www.domtechnikpro.com\/index.php\/wp-json\/wp\/v2\/media?parent=33371"}],"wp:term":[{"taxonomy":"product_brand","embeddable":true,"href":"https:\/\/www.domtechnikpro.com\/index.php\/wp-json\/wp\/v2\/product_brand?post=33371"},{"taxonomy":"product_cat","embeddable":true,"href":"https:\/\/www.domtechnikpro.com\/index.php\/wp-json\/wp\/v2\/product_cat?post=33371"},{"taxonomy":"product_tag","embeddable":true,"href":"https:\/\/www.domtechnikpro.com\/index.php\/wp-json\/wp\/v2\/product_tag?post=33371"}],"curies":[{"name":"wp","href":"https:\/\/api.w.org\/{rel}","templated":true}]}}