{"id":33367,"date":"2026-04-26T08:57:23","date_gmt":"2026-04-26T08:57:23","guid":{"rendered":""},"modified":"2026-04-26T08:57:23","modified_gmt":"2026-04-26T08:57:23","slug":"autenticky-soudal-soudainject-33367","status":"publish","type":"product","link":"https:\/\/www.domtechnikpro.com\/produkt\/autenticky-soudal-soudainject-33367\/","title":{"rendered":"Autentick\u00fd Soudal Soudainject"},"content":{"rendered":"<div class=\"basic-description\">\n<h3>Detailn\u00ed popis produktu<\/h3>\n<p>                                    Soudal Soudainject<br \/>je dob\u0159e zpracovateln\u00e1 pasta pro snadn\u00e9 a ekonomicky v\u00fdhodn\u00e9 odvlh\u010den\u00ed zdiva. Soudainject je ur\u010den\u00fd i pro vysok\u00fd stupe\u0148 zavlh\u010den\u00ed, jasn\u00e1 a snadn\u00e1 kalkulace spot\u0159eby, neosahuje rozpou\u0161t\u011bdla a je vhodn\u00fd pro interi\u00e9r i exteri\u00e9r.<\/p>\n<p>Soudainject se pou\u017e\u00edva pro injekt\u00e1\u017ee vlhk\u00e9ho zdiva, ciheln\u00e9 zdivo, sm\u00ed\u0161en\u00e9 a kamenn\u00e9 zdivo, zdivo z hlin\u011bn\u00fdch cihel, zdivo kladen\u00e9 na hlin\u011bnou maltu.<\/p>\n<p>Pracovn\u00ed postup:<br \/>Nan\u00e1\u0161en\u00ed: aplika\u010dn\u00ed hadi\u010dkou do vrt\u016f ve zdivu<br \/>Pracovn\u00ed teplota: +5\u00b0C a\u017e +30\u00b0C<br \/>V\u00fd\u0161ka vrt\u016f nad \u00farovn\u00ed ter\u00e9nu a ve v\u00fd\u0161ce podlahy. Otvory vrtejte vodorovn\u011b nebo m\u00edrn\u011b \u0161ikmo, nejl\u00e9pe do lo\u017en\u00e9 sp\u00e1ry zdiva. Pln\u011bn\u00ed vrt\u016f Soudainject prov\u00e1d\u011bjte p\u0159ilo\u017eenou aplika\u010dn\u00ed trubic\u00ed, kterou na\u0161roubujte na otev\u0159en\u00fd uz\u00e1v\u011br s\u00e1\u010dku. <br \/>Trubici vsu\u0148te co nejhloub\u011bji do vrtu, b\u011bhem pln\u011bn\u00ed trubici postupn\u011b vytahuje z vrtu ven tak, aby byl otvor zcela vypln\u011bn pastou. Injekt\u00e1\u017en\u00ed vrty prove\u010fte 10 &#8211; 12 cm od sebe, o pr\u016fm\u011bru 12 a\u017e 16 mm podle tlou\u0161\u0165ky st\u011bny. <br \/>Vrtejte do hloubky o 2 cm men\u0161\u00ed, ne\u017e je celkov\u00e1 tlou\u0161\u0165ka zdiva. <br \/>P\u0159ed napln\u011bn\u00edm prost\u0159edkem Soudainject je nutn\u00e9 vrty vy\u010distit od prachu po vrt\u00e1n\u00ed.<br \/>Aplikace Soudainject je mo\u017en\u00e1 a\u017e do 95 % zavlh\u010den\u00ed zdiva.<br \/>P\u0159i injekt\u00e1\u017ei extr\u00e9mn\u011b por\u00e9zn\u00edch materi\u00e1l\u016f (p\u00f3robeton) je t\u0159eba po\u010d\u00edtat se zv\u00fd\u0161enou spot\u0159ebou injekt\u00e1\u017en\u00edho prost\u0159edku. <br \/>Po vs\u00e1knut\u00ed injekt\u00e1\u017en\u00edho prost\u0159edku otvory vypl\u0148te cementovou maltou nebo expanzn\u00ed maltou Soudahold.<\/p>\n<p>Balen\u00ed: <br \/>550 ml alu s\u00e1\u010dek s uz\u00e1v\u011brem a aplika\u010dn\u00ed hadi\u010dkou<\/p>\n<p>Barva: <br \/>ml\u00e9\u010dn\u011b b\u00edl\u00e1                            <\/div>\n<\/p><\/div>\n<\/p><\/div>\n","protected":false},"excerpt":{"rendered":"<p>Detailn\u00ed popis produktu Soudal Soudainjectje dob\u0159e zpracovateln\u00e1 pasta pro snadn\u00e9 a ekonomicky v\u00fdhodn\u00e9 odvlh\u010den\u00ed zdiva. Soudainject je ur\u010den\u00fd i pro vysok\u00fd stupe\u0148 zavlh\u010den\u00ed, jasn\u00e1 a snadn\u00e1 kalkulace spot\u0159eby, neosahuje rozpou\u0161t\u011bdla a je vhodn\u00fd pro interi\u00e9r i exteri\u00e9r. Soudainject se pou\u017e\u00edva pro injekt\u00e1\u017ee vlhk\u00e9ho zdiva, ciheln\u00e9 zdivo, sm\u00ed\u0161en\u00e9 a kamenn\u00e9 zdivo, zdivo z hlin\u011bn\u00fdch cihel, zdivo [&hellip;]<\/p>\n","protected":false},"featured_media":33467,"comment_status":"open","ping_status":"open","template":"","meta":[],"product_brand":[],"product_cat":[125],"product_tag":[],"class_list":{"0":"post-33367","1":"product","2":"type-product","3":"status-publish","4":"has-post-thumbnail","6":"product_cat-hydroizolacni-hmoty-a-natery","8":"first","9":"instock","10":"sale","11":"shipping-taxable","12":"purchasable","13":"product-type-simple"},"yoast_head":"<!-- This site is optimized with the Yoast SEO plugin v26.8 - https:\/\/yoast.com\/product\/yoast-seo-wordpress\/ -->\n<title>Autentick\u00fd Soudal Soudainject - Pr\u016fmyslov\u00e9 vybaven\u00ed a p\u0159\u00edslu\u0161enstv\u00ed<\/title>\n<meta name=\"robots\" content=\"index, follow, max-snippet:-1, max-image-preview:large, max-video-preview:-1\" \/>\n<link rel=\"canonical\" href=\"https:\/\/www.domtechnikpro.com\/index.php\/produkt\/autenticky-soudal-soudainject-33367\/\" \/>\n<meta property=\"og:locale\" content=\"cs_CZ\" \/>\n<meta property=\"og:type\" content=\"article\" \/>\n<meta property=\"og:title\" content=\"Autentick\u00fd Soudal Soudainject - Pr\u016fmyslov\u00e9 vybaven\u00ed a p\u0159\u00edslu\u0161enstv\u00ed\" \/>\n<meta property=\"og:description\" content=\"Detailn\u00ed popis produktu Soudal Soudainjectje dob\u0159e zpracovateln\u00e1 pasta pro snadn\u00e9 a ekonomicky v\u00fdhodn\u00e9 odvlh\u010den\u00ed zdiva. Soudainject je ur\u010den\u00fd i pro vysok\u00fd stupe\u0148 zavlh\u010den\u00ed, jasn\u00e1 a snadn\u00e1 kalkulace spot\u0159eby, neosahuje rozpou\u0161t\u011bdla a je vhodn\u00fd pro interi\u00e9r i exteri\u00e9r. Soudainject se pou\u017e\u00edva pro injekt\u00e1\u017ee vlhk\u00e9ho zdiva, ciheln\u00e9 zdivo, sm\u00ed\u0161en\u00e9 a kamenn\u00e9 zdivo, zdivo z hlin\u011bn\u00fdch cihel, zdivo [&hellip;]\" \/>\n<meta property=\"og:url\" content=\"https:\/\/www.domtechnikpro.com\/index.php\/produkt\/autenticky-soudal-soudainject-33367\/\" \/>\n<meta property=\"og:site_name\" content=\"Pr\u016fmyslov\u00e9 vybaven\u00ed a p\u0159\u00edslu\u0161enstv\u00ed\" \/>\n<meta property=\"og:image\" content=\"https:\/\/www.domtechnikpro.com\/wp-content\/uploads\/2026\/SK0001713-CZ20260425-092355-0-1777080235-27968_soudal-soudainject.webp\" \/>\n\t<meta property=\"og:image:width\" content=\"1000\" \/>\n\t<meta property=\"og:image:height\" content=\"750\" \/>\n\t<meta property=\"og:image:type\" content=\"image\/webp\" \/>\n<meta name=\"twitter:card\" content=\"summary_large_image\" \/>\n<meta name=\"twitter:label1\" content=\"Odhadovan\u00e1 doba \u010dten\u00ed\" \/>\n\t<meta name=\"twitter:data1\" content=\"1 minuta\" \/>\n<script type=\"application\/ld+json\" class=\"yoast-schema-graph\">{\"@context\":\"https:\/\/schema.org\",\"@graph\":[{\"@type\":\"WebPage\",\"@id\":\"https:\/\/www.domtechnikpro.com\/index.php\/produkt\/autenticky-soudal-soudainject-33367\/\",\"url\":\"https:\/\/www.domtechnikpro.com\/index.php\/produkt\/autenticky-soudal-soudainject-33367\/\",\"name\":\"Autentick\u00fd Soudal Soudainject - Pr\u016fmyslov\u00e9 vybaven\u00ed a p\u0159\u00edslu\u0161enstv\u00ed\",\"isPartOf\":{\"@id\":\"https:\/\/www.domtechnikpro.com\/#website\"},\"primaryImageOfPage\":{\"@id\":\"https:\/\/www.domtechnikpro.com\/index.php\/produkt\/autenticky-soudal-soudainject-33367\/#primaryimage\"},\"image\":{\"@id\":\"https:\/\/www.domtechnikpro.com\/index.php\/produkt\/autenticky-soudal-soudainject-33367\/#primaryimage\"},\"thumbnailUrl\":\"https:\/\/www.domtechnikpro.com\/wp-content\/uploads\/2026\/SK0001713-CZ20260425-092355-0-1777080235-27968_soudal-soudainject.webp\",\"datePublished\":\"2026-04-26T08:57:23+00:00\",\"breadcrumb\":{\"@id\":\"https:\/\/www.domtechnikpro.com\/index.php\/produkt\/autenticky-soudal-soudainject-33367\/#breadcrumb\"},\"inLanguage\":\"cs\",\"potentialAction\":[{\"@type\":\"ReadAction\",\"target\":[\"https:\/\/www.domtechnikpro.com\/index.php\/produkt\/autenticky-soudal-soudainject-33367\/\"]}]},{\"@type\":\"ImageObject\",\"inLanguage\":\"cs\",\"@id\":\"https:\/\/www.domtechnikpro.com\/index.php\/produkt\/autenticky-soudal-soudainject-33367\/#primaryimage\",\"url\":\"https:\/\/www.domtechnikpro.com\/wp-content\/uploads\/2026\/SK0001713-CZ20260425-092355-0-1777080235-27968_soudal-soudainject.webp\",\"contentUrl\":\"https:\/\/www.domtechnikpro.com\/wp-content\/uploads\/2026\/SK0001713-CZ20260425-092355-0-1777080235-27968_soudal-soudainject.webp\",\"width\":1000,\"height\":750},{\"@type\":\"BreadcrumbList\",\"@id\":\"https:\/\/www.domtechnikpro.com\/index.php\/produkt\/autenticky-soudal-soudainject-33367\/#breadcrumb\",\"itemListElement\":[{\"@type\":\"ListItem\",\"position\":1,\"name\":\"Home\",\"item\":\"https:\/\/www.domtechnikpro.com\/\"},{\"@type\":\"ListItem\",\"position\":2,\"name\":\"Products\",\"item\":\"https:\/\/www.domtechnikpro.com\/products\/\"},{\"@type\":\"ListItem\",\"position\":3,\"name\":\"Autentick\u00fd Soudal Soudainject\"}]},{\"@type\":\"WebSite\",\"@id\":\"https:\/\/www.domtechnikpro.com\/#website\",\"url\":\"https:\/\/www.domtechnikpro.com\/\",\"name\":\"Pr\u016fmyslov\u00e9 vybaven\u00ed a p\u0159\u00edslu\u0161enstv\u00ed\",\"description\":\"Pr\u016fmyslov\u00e9 vybaven\u00ed a p\u0159\u00edslu\u0161enstv\u00ed\",\"publisher\":{\"@id\":\"https:\/\/www.domtechnikpro.com\/#organization\"},\"potentialAction\":[{\"@type\":\"SearchAction\",\"target\":{\"@type\":\"EntryPoint\",\"urlTemplate\":\"https:\/\/www.domtechnikpro.com\/?s={search_term_string}\"},\"query-input\":{\"@type\":\"PropertyValueSpecification\",\"valueRequired\":true,\"valueName\":\"search_term_string\"}}],\"inLanguage\":\"cs\"},{\"@type\":\"Organization\",\"@id\":\"https:\/\/www.domtechnikpro.com\/#organization\",\"name\":\"Pr\u016fmyslov\u00e9 vybaven\u00ed a p\u0159\u00edslu\u0161enstv\u00ed\",\"url\":\"https:\/\/www.domtechnikpro.com\/\",\"logo\":{\"@type\":\"ImageObject\",\"inLanguage\":\"cs\",\"@id\":\"https:\/\/www.domtechnikpro.com\/#\/schema\/logo\/image\/\",\"url\":\"https:\/\/www.domtechnikpro.com\/wp-content\/uploads\/2026\/04\/domtechnikpro_logo_full.svg\",\"contentUrl\":\"https:\/\/www.domtechnikpro.com\/wp-content\/uploads\/2026\/04\/domtechnikpro_logo_full.svg\",\"width\":920,\"height\":180,\"caption\":\"Pr\u016fmyslov\u00e9 vybaven\u00ed a p\u0159\u00edslu\u0161enstv\u00ed\"},\"image\":{\"@id\":\"https:\/\/www.domtechnikpro.com\/#\/schema\/logo\/image\/\"}}]}<\/script>\n<!-- \/ Yoast SEO plugin. -->","yoast_head_json":{"title":"Autentick\u00fd Soudal Soudainject - Pr\u016fmyslov\u00e9 vybaven\u00ed a p\u0159\u00edslu\u0161enstv\u00ed","robots":{"index":"index","follow":"follow","max-snippet":"max-snippet:-1","max-image-preview":"max-image-preview:large","max-video-preview":"max-video-preview:-1"},"canonical":"https:\/\/www.domtechnikpro.com\/index.php\/produkt\/autenticky-soudal-soudainject-33367\/","og_locale":"cs_CZ","og_type":"article","og_title":"Autentick\u00fd Soudal Soudainject - Pr\u016fmyslov\u00e9 vybaven\u00ed a p\u0159\u00edslu\u0161enstv\u00ed","og_description":"Detailn\u00ed popis produktu Soudal Soudainjectje dob\u0159e zpracovateln\u00e1 pasta pro snadn\u00e9 a ekonomicky v\u00fdhodn\u00e9 odvlh\u010den\u00ed zdiva. Soudainject je ur\u010den\u00fd i pro vysok\u00fd stupe\u0148 zavlh\u010den\u00ed, jasn\u00e1 a snadn\u00e1 kalkulace spot\u0159eby, neosahuje rozpou\u0161t\u011bdla a je vhodn\u00fd pro interi\u00e9r i exteri\u00e9r. Soudainject se pou\u017e\u00edva pro injekt\u00e1\u017ee vlhk\u00e9ho zdiva, ciheln\u00e9 zdivo, sm\u00ed\u0161en\u00e9 a kamenn\u00e9 zdivo, zdivo z hlin\u011bn\u00fdch cihel, zdivo [&hellip;]","og_url":"https:\/\/www.domtechnikpro.com\/index.php\/produkt\/autenticky-soudal-soudainject-33367\/","og_site_name":"Pr\u016fmyslov\u00e9 vybaven\u00ed a p\u0159\u00edslu\u0161enstv\u00ed","og_image":[{"width":1000,"height":750,"url":"https:\/\/www.domtechnikpro.com\/wp-content\/uploads\/2026\/SK0001713-CZ20260425-092355-0-1777080235-27968_soudal-soudainject.webp","type":"image\/webp"}],"twitter_card":"summary_large_image","twitter_misc":{"Odhadovan\u00e1 doba \u010dten\u00ed":"1 minuta"},"schema":{"@context":"https:\/\/schema.org","@graph":[{"@type":"WebPage","@id":"https:\/\/www.domtechnikpro.com\/index.php\/produkt\/autenticky-soudal-soudainject-33367\/","url":"https:\/\/www.domtechnikpro.com\/index.php\/produkt\/autenticky-soudal-soudainject-33367\/","name":"Autentick\u00fd Soudal Soudainject - Pr\u016fmyslov\u00e9 vybaven\u00ed a p\u0159\u00edslu\u0161enstv\u00ed","isPartOf":{"@id":"https:\/\/www.domtechnikpro.com\/#website"},"primaryImageOfPage":{"@id":"https:\/\/www.domtechnikpro.com\/index.php\/produkt\/autenticky-soudal-soudainject-33367\/#primaryimage"},"image":{"@id":"https:\/\/www.domtechnikpro.com\/index.php\/produkt\/autenticky-soudal-soudainject-33367\/#primaryimage"},"thumbnailUrl":"https:\/\/www.domtechnikpro.com\/wp-content\/uploads\/2026\/SK0001713-CZ20260425-092355-0-1777080235-27968_soudal-soudainject.webp","datePublished":"2026-04-26T08:57:23+00:00","breadcrumb":{"@id":"https:\/\/www.domtechnikpro.com\/index.php\/produkt\/autenticky-soudal-soudainject-33367\/#breadcrumb"},"inLanguage":"cs","potentialAction":[{"@type":"ReadAction","target":["https:\/\/www.domtechnikpro.com\/index.php\/produkt\/autenticky-soudal-soudainject-33367\/"]}]},{"@type":"ImageObject","inLanguage":"cs","@id":"https:\/\/www.domtechnikpro.com\/index.php\/produkt\/autenticky-soudal-soudainject-33367\/#primaryimage","url":"https:\/\/www.domtechnikpro.com\/wp-content\/uploads\/2026\/SK0001713-CZ20260425-092355-0-1777080235-27968_soudal-soudainject.webp","contentUrl":"https:\/\/www.domtechnikpro.com\/wp-content\/uploads\/2026\/SK0001713-CZ20260425-092355-0-1777080235-27968_soudal-soudainject.webp","width":1000,"height":750},{"@type":"BreadcrumbList","@id":"https:\/\/www.domtechnikpro.com\/index.php\/produkt\/autenticky-soudal-soudainject-33367\/#breadcrumb","itemListElement":[{"@type":"ListItem","position":1,"name":"Home","item":"https:\/\/www.domtechnikpro.com\/"},{"@type":"ListItem","position":2,"name":"Products","item":"https:\/\/www.domtechnikpro.com\/products\/"},{"@type":"ListItem","position":3,"name":"Autentick\u00fd Soudal Soudainject"}]},{"@type":"WebSite","@id":"https:\/\/www.domtechnikpro.com\/#website","url":"https:\/\/www.domtechnikpro.com\/","name":"Pr\u016fmyslov\u00e9 vybaven\u00ed a p\u0159\u00edslu\u0161enstv\u00ed","description":"Pr\u016fmyslov\u00e9 vybaven\u00ed a p\u0159\u00edslu\u0161enstv\u00ed","publisher":{"@id":"https:\/\/www.domtechnikpro.com\/#organization"},"potentialAction":[{"@type":"SearchAction","target":{"@type":"EntryPoint","urlTemplate":"https:\/\/www.domtechnikpro.com\/?s={search_term_string}"},"query-input":{"@type":"PropertyValueSpecification","valueRequired":true,"valueName":"search_term_string"}}],"inLanguage":"cs"},{"@type":"Organization","@id":"https:\/\/www.domtechnikpro.com\/#organization","name":"Pr\u016fmyslov\u00e9 vybaven\u00ed a p\u0159\u00edslu\u0161enstv\u00ed","url":"https:\/\/www.domtechnikpro.com\/","logo":{"@type":"ImageObject","inLanguage":"cs","@id":"https:\/\/www.domtechnikpro.com\/#\/schema\/logo\/image\/","url":"https:\/\/www.domtechnikpro.com\/wp-content\/uploads\/2026\/04\/domtechnikpro_logo_full.svg","contentUrl":"https:\/\/www.domtechnikpro.com\/wp-content\/uploads\/2026\/04\/domtechnikpro_logo_full.svg","width":920,"height":180,"caption":"Pr\u016fmyslov\u00e9 vybaven\u00ed a p\u0159\u00edslu\u0161enstv\u00ed"},"image":{"@id":"https:\/\/www.domtechnikpro.com\/#\/schema\/logo\/image\/"}}]}},"_links":{"self":[{"href":"https:\/\/www.domtechnikpro.com\/wp-json\/wp\/v2\/product\/33367","targetHints":{"allow":["GET"]}}],"collection":[{"href":"https:\/\/www.domtechnikpro.com\/wp-json\/wp\/v2\/product"}],"about":[{"href":"https:\/\/www.domtechnikpro.com\/wp-json\/wp\/v2\/types\/product"}],"replies":[{"embeddable":true,"href":"https:\/\/www.domtechnikpro.com\/wp-json\/wp\/v2\/comments?post=33367"}],"wp:featuredmedia":[{"embeddable":true,"href":"https:\/\/www.domtechnikpro.com\/wp-json\/wp\/v2\/media\/33467"}],"wp:attachment":[{"href":"https:\/\/www.domtechnikpro.com\/wp-json\/wp\/v2\/media?parent=33367"}],"wp:term":[{"taxonomy":"product_brand","embeddable":true,"href":"https:\/\/www.domtechnikpro.com\/wp-json\/wp\/v2\/product_brand?post=33367"},{"taxonomy":"product_cat","embeddable":true,"href":"https:\/\/www.domtechnikpro.com\/wp-json\/wp\/v2\/product_cat?post=33367"},{"taxonomy":"product_tag","embeddable":true,"href":"https:\/\/www.domtechnikpro.com\/wp-json\/wp\/v2\/product_tag?post=33367"}],"curies":[{"name":"wp","href":"https:\/\/api.w.org\/{rel}","templated":true}]}}