{"id":33361,"date":"2026-04-26T08:57:23","date_gmt":"2026-04-26T08:57:23","guid":{"rendered":""},"modified":"2026-04-26T08:57:23","modified_gmt":"2026-04-26T08:57:23","slug":"znackovy-soudal-montazni-pena-33361","status":"publish","type":"product","link":"https:\/\/www.domtechnikpro.com\/index.php\/produkt\/znackovy-soudal-montazni-pena-33361\/","title":{"rendered":"Zna\u010dkov\u00fd Soudal Mont\u00e1\u017en\u00ed p\u011bna"},"content":{"rendered":"<div class=\"basic-description\">\n<h3>Detailn\u00ed popis produktu<\/h3>\n<p>                                    Soudal PUR mont\u00e1\u017en\u00ed p\u011bna<br \/>je vyrobena z vysoce kvalitn\u00edch surovin, vhodn\u00e1 i k profesion\u00e1ln\u00edmu pou\u017eit\u00ed. M\u00e1 vynikaj\u00edc\u00ed p\u0159ilnavost k v\u011bt\u0161in\u011b materi\u00e1l\u016f, v\u00fdborn\u00e9 vypl\u0148ovac\u00ed schopnosti a tepeln\u011b i zvukov\u011b izola\u010dn\u00ed vlastnosti. Obsahuje hnac\u00ed plyn nepo\u0161kozuj\u00edc\u00ed \u017eivotn\u00ed prost\u0159ed\u00ed.<\/p>\n<p>Charakteristika produktu:<br \/>&#8211; vynikaj\u00edc\u00ed p\u0159ilnavost na v\u011bt\u0161inu materi\u00e1l\u016f<br \/>&#8211; vynikaj\u00edc\u00ed tepeln\u011b a zvukov\u011b izola\u010dn\u00ed vlastnosti<br \/>&#8211; velmi dobr\u00e9 vypl\u0148ovac\u00ed vlastnosti<br \/>&#8211; vynikaj\u00edc\u00ed mont\u00e1\u017en\u00ed vlastnosti<\/p>\n<p>P\u0159\u00edklady pou\u017eit\u00ed:<br \/>&#8211; mont\u00e1\u017e r\u00e1m\u016f oken a dve\u0159\u00ed<br \/>&#8211; vypl\u0148ov\u00e1n\u00ed dutin<br \/>&#8211; vypl\u0148ov\u00e1n\u00ed otvor\u016f v konstrukc\u00edch st\u0159ech<br \/>&#8211; tvorba zvukov\u011b izola\u010dn\u00ed vrstvy<\/p>\n<p>Podklady: <br \/>v\u0161echny materi\u00e1ly krom\u011b PE, PP a teflonu<\/p>\n<p>Stav povrchu: <br \/>\u010dist\u00fd, bez mastnot a prachu<\/p>\n<p>Pracovn\u00ed postup:<br \/>P\u0159ed aplikac\u00ed aerosolovou plechovku dokonale prot\u0159epejte &#8211; nejm\u00e9n\u011b 30x. Podklad p\u0159ed aplikac\u00ed navlh\u010dete vodou, nejl\u00e9pe rozpra\u0161ova\u010dem. Sp\u00e1ry a mezery vyp\u011b\u0148te z 50%s ohledem na n\u00e1slednou expanzi p\u011bny. Obsah plechovky aplikujte ventilem dol\u016f. B\u011bhem aplikace p\u011bnu ob\u010das opakovan\u011b prot\u0159ep\u00e1vejte.<br \/>P\u011bnu nan\u00e1\u0161ejte zdola sm\u011brem vzh\u016fru. Vypl\u0148ovan\u00fd prostor by na jednu vrstvu \u010derstv\u00e9 p\u011bny nem\u011bl b\u00fdt siln\u011bj\u0161\u00ed ne\u017e 50 a\u017e 100mm. V p\u0159\u00edpad\u011b pot\u0159eby vypl\u0148ov\u00e1n\u00ed v\u011bt\u0161\u00edch dutin pracujte<br \/>postupn\u011b a jednotliv\u00e9 vrstvy nanesen\u00e9 p\u011bny v\u017edy znovu navlh\u010dete rozpra\u0161ova\u010dem.<\/p>\n<p>\u010ci\u0161t\u011bn\u00ed:<br \/>P\u0159ed vytvrzen\u00edm lze p\u011bnu odstranit SOUDAL \u010cisti\u010dem PU p\u011bny nebo acetonem. Po vytvrzen\u00ed mechanicky a SOUDAL Odstra\u0148ova\u010dem vytvrzen\u00e9 p\u011bny.<\/p>\n<p>Pracovn\u00ed teplota:<br \/>+5\u00b0C a\u017e +35\u00b0C (doporu\u010den\u00ed: +20\u00b0C a\u017e +25\u00b0C). V chladn\u00e9m obdob\u00ed doporu\u010dujeme p\u0159ed pou\u017eit\u00edm obsah p\u011bny vytemperovat alespo\u0148 na 15\u00b0C (nap\u0159. pono\u0159en\u00edm do tepl\u00e9 l\u00e1zn\u011b).<\/p>\n<p>Bezpe\u010dnost a hygiena:<br \/>&#8211; dodr\u017eujte b\u011b\u017en\u00e9 z\u00e1sady hygieny pr\u00e1ce<br \/>&#8211; pou\u017eijte ochrann\u00e9 rukavice a br\u00fdle<br \/>&#8211; vytvrzenou p\u011bnu neodstra\u0148ujte opalov\u00e1n\u00edm, pouze mechanicky<br \/>Dal\u0161\u00ed informace viz Bezpe\u010dnostn\u00ed list v\u00fdrobku a informace uveden\u00e9 na etiket\u011b v\u00fdrobku.<\/p>\n<p>Pozn\u00e1mka:<br \/>Vytvrzen\u00e1 PU p\u011bna mus\u00ed b\u00fdt chr\u00e1n\u011bna p\u0159ed p\u016fsoben\u00edm UV z\u00e1\u0159en\u00ed n\u00e1t\u011brem nebo p\u0159etmelena (akryl, silikon, polyuretan, MS polymer)<\/p>\n<p>Vydatnost:<br \/>1000 ml = cca 45 litr\u016f p\u011bny (ve voln\u00e9m prostoru)                            <\/div>\n<div class=\"extended-description\">\n<h3>Dopl\u0148kov\u00e9 parametry<\/h3>\n<table class=\"detail-parameters\">\n<tbody>\n<tr>\n<th>        <span class=\"row-header-label\">            Kategorie<span class=\"row-header-label-colon\">:<\/span>        <\/span>    <\/th>\n<td>        Mont\u00e1\u017en\u00ed PUR p\u011bny    <\/td>\n<\/tr>\n<\/tbody>\n<\/table><\/div>\n<\/p><\/div>\n<\/p><\/div>\n","protected":false},"excerpt":{"rendered":"<p>Detailn\u00ed popis produktu Soudal PUR mont\u00e1\u017en\u00ed p\u011bnaje vyrobena z vysoce kvalitn\u00edch surovin, vhodn\u00e1 i k profesion\u00e1ln\u00edmu pou\u017eit\u00ed. M\u00e1 vynikaj\u00edc\u00ed p\u0159ilnavost k v\u011bt\u0161in\u011b materi\u00e1l\u016f, v\u00fdborn\u00e9 vypl\u0148ovac\u00ed schopnosti a tepeln\u011b i zvukov\u011b izola\u010dn\u00ed vlastnosti. Obsahuje hnac\u00ed plyn nepo\u0161kozuj\u00edc\u00ed \u017eivotn\u00ed prost\u0159ed\u00ed. Charakteristika produktu:&#8211; vynikaj\u00edc\u00ed p\u0159ilnavost na v\u011bt\u0161inu materi\u00e1l\u016f&#8211; vynikaj\u00edc\u00ed tepeln\u011b a zvukov\u011b izola\u010dn\u00ed vlastnosti&#8211; velmi dobr\u00e9 vypl\u0148ovac\u00ed vlastnosti&#8211; [&hellip;]<\/p>\n","protected":false},"featured_media":33461,"comment_status":"open","ping_status":"open","template":"","meta":[],"product_brand":[],"product_cat":[124],"product_tag":[],"class_list":{"0":"post-33361","1":"product","2":"type-product","3":"status-publish","4":"has-post-thumbnail","6":"product_cat-lepidla-silikony-tmely-a-peny","8":"first","9":"instock","10":"sale","11":"shipping-taxable","12":"purchasable","13":"product-type-simple"},"yoast_head":"<!-- This site is optimized with the Yoast SEO plugin v26.8 - https:\/\/yoast.com\/product\/yoast-seo-wordpress\/ -->\n<title>Zna\u010dkov\u00fd Soudal Mont\u00e1\u017en\u00ed p\u011bna -<\/title>\n<meta name=\"robots\" content=\"index, follow, max-snippet:-1, max-image-preview:large, max-video-preview:-1\" \/>\n<link rel=\"canonical\" href=\"https:\/\/www.domtechnikpro.com\/index.php\/produkt\/znackovy-soudal-montazni-pena-33361\/\" \/>\n<meta property=\"og:locale\" content=\"cs_CZ\" \/>\n<meta property=\"og:type\" content=\"article\" \/>\n<meta property=\"og:title\" content=\"Zna\u010dkov\u00fd Soudal Mont\u00e1\u017en\u00ed p\u011bna -\" \/>\n<meta property=\"og:description\" content=\"Detailn\u00ed popis produktu Soudal PUR mont\u00e1\u017en\u00ed p\u011bnaje vyrobena z vysoce kvalitn\u00edch surovin, vhodn\u00e1 i k profesion\u00e1ln\u00edmu pou\u017eit\u00ed. M\u00e1 vynikaj\u00edc\u00ed p\u0159ilnavost k v\u011bt\u0161in\u011b materi\u00e1l\u016f, v\u00fdborn\u00e9 vypl\u0148ovac\u00ed schopnosti a tepeln\u011b i zvukov\u011b izola\u010dn\u00ed vlastnosti. Obsahuje hnac\u00ed plyn nepo\u0161kozuj\u00edc\u00ed \u017eivotn\u00ed prost\u0159ed\u00ed. Charakteristika produktu:&#8211; vynikaj\u00edc\u00ed p\u0159ilnavost na v\u011bt\u0161inu materi\u00e1l\u016f&#8211; vynikaj\u00edc\u00ed tepeln\u011b a zvukov\u011b izola\u010dn\u00ed vlastnosti&#8211; velmi dobr\u00e9 vypl\u0148ovac\u00ed vlastnosti&#8211; [&hellip;]\" \/>\n<meta property=\"og:url\" content=\"https:\/\/www.domtechnikpro.com\/index.php\/produkt\/znackovy-soudal-montazni-pena-33361\/\" \/>\n<meta property=\"og:image\" content=\"https:\/\/www.domtechnikpro.com\/wp-content\/uploads\/2026\/SK0001707-CZ20260425-092355-0-1777080235-27950_soudal-montazni-pena.webp\" \/>\n\t<meta property=\"og:image:width\" content=\"1000\" \/>\n\t<meta property=\"og:image:height\" content=\"750\" \/>\n\t<meta property=\"og:image:type\" content=\"image\/webp\" \/>\n<meta name=\"twitter:card\" content=\"summary_large_image\" \/>\n<meta name=\"twitter:label1\" content=\"Odhadovan\u00e1 doba \u010dten\u00ed\" \/>\n\t<meta name=\"twitter:data1\" content=\"2 minuty\" \/>\n<script type=\"application\/ld+json\" class=\"yoast-schema-graph\">{\"@context\":\"https:\/\/schema.org\",\"@graph\":[{\"@type\":\"WebPage\",\"@id\":\"https:\/\/www.domtechnikpro.com\/index.php\/produkt\/znackovy-soudal-montazni-pena-33361\/\",\"url\":\"https:\/\/www.domtechnikpro.com\/index.php\/produkt\/znackovy-soudal-montazni-pena-33361\/\",\"name\":\"Zna\u010dkov\u00fd Soudal Mont\u00e1\u017en\u00ed p\u011bna -\",\"isPartOf\":{\"@id\":\"https:\/\/www.domtechnikpro.com\/#website\"},\"primaryImageOfPage\":{\"@id\":\"https:\/\/www.domtechnikpro.com\/index.php\/produkt\/znackovy-soudal-montazni-pena-33361\/#primaryimage\"},\"image\":{\"@id\":\"https:\/\/www.domtechnikpro.com\/index.php\/produkt\/znackovy-soudal-montazni-pena-33361\/#primaryimage\"},\"thumbnailUrl\":\"https:\/\/www.domtechnikpro.com\/wp-content\/uploads\/2026\/SK0001707-CZ20260425-092355-0-1777080235-27950_soudal-montazni-pena.webp\",\"datePublished\":\"2026-04-26T08:57:23+00:00\",\"breadcrumb\":{\"@id\":\"https:\/\/www.domtechnikpro.com\/index.php\/produkt\/znackovy-soudal-montazni-pena-33361\/#breadcrumb\"},\"inLanguage\":\"cs\",\"potentialAction\":[{\"@type\":\"ReadAction\",\"target\":[\"https:\/\/www.domtechnikpro.com\/index.php\/produkt\/znackovy-soudal-montazni-pena-33361\/\"]}]},{\"@type\":\"ImageObject\",\"inLanguage\":\"cs\",\"@id\":\"https:\/\/www.domtechnikpro.com\/index.php\/produkt\/znackovy-soudal-montazni-pena-33361\/#primaryimage\",\"url\":\"https:\/\/www.domtechnikpro.com\/wp-content\/uploads\/2026\/SK0001707-CZ20260425-092355-0-1777080235-27950_soudal-montazni-pena.webp\",\"contentUrl\":\"https:\/\/www.domtechnikpro.com\/wp-content\/uploads\/2026\/SK0001707-CZ20260425-092355-0-1777080235-27950_soudal-montazni-pena.webp\",\"width\":1000,\"height\":750},{\"@type\":\"BreadcrumbList\",\"@id\":\"https:\/\/www.domtechnikpro.com\/index.php\/produkt\/znackovy-soudal-montazni-pena-33361\/#breadcrumb\",\"itemListElement\":[{\"@type\":\"ListItem\",\"position\":1,\"name\":\"Home\",\"item\":\"https:\/\/www.domtechnikpro.com\/\"},{\"@type\":\"ListItem\",\"position\":2,\"name\":\"Products\",\"item\":\"https:\/\/www.domtechnikpro.com\/index.php\/products\/\"},{\"@type\":\"ListItem\",\"position\":3,\"name\":\"Zna\u010dkov\u00fd Soudal Mont\u00e1\u017en\u00ed p\u011bna\"}]},{\"@type\":\"WebSite\",\"@id\":\"https:\/\/www.domtechnikpro.com\/#website\",\"url\":\"https:\/\/www.domtechnikpro.com\/\",\"name\":\"\",\"description\":\"\",\"potentialAction\":[{\"@type\":\"SearchAction\",\"target\":{\"@type\":\"EntryPoint\",\"urlTemplate\":\"https:\/\/www.domtechnikpro.com\/?s={search_term_string}\"},\"query-input\":{\"@type\":\"PropertyValueSpecification\",\"valueRequired\":true,\"valueName\":\"search_term_string\"}}],\"inLanguage\":\"cs\"}]}<\/script>\n<!-- \/ Yoast SEO plugin. -->","yoast_head_json":{"title":"Zna\u010dkov\u00fd Soudal Mont\u00e1\u017en\u00ed p\u011bna -","robots":{"index":"index","follow":"follow","max-snippet":"max-snippet:-1","max-image-preview":"max-image-preview:large","max-video-preview":"max-video-preview:-1"},"canonical":"https:\/\/www.domtechnikpro.com\/index.php\/produkt\/znackovy-soudal-montazni-pena-33361\/","og_locale":"cs_CZ","og_type":"article","og_title":"Zna\u010dkov\u00fd Soudal Mont\u00e1\u017en\u00ed p\u011bna -","og_description":"Detailn\u00ed popis produktu Soudal PUR mont\u00e1\u017en\u00ed p\u011bnaje vyrobena z vysoce kvalitn\u00edch surovin, vhodn\u00e1 i k profesion\u00e1ln\u00edmu pou\u017eit\u00ed. M\u00e1 vynikaj\u00edc\u00ed p\u0159ilnavost k v\u011bt\u0161in\u011b materi\u00e1l\u016f, v\u00fdborn\u00e9 vypl\u0148ovac\u00ed schopnosti a tepeln\u011b i zvukov\u011b izola\u010dn\u00ed vlastnosti. Obsahuje hnac\u00ed plyn nepo\u0161kozuj\u00edc\u00ed \u017eivotn\u00ed prost\u0159ed\u00ed. Charakteristika produktu:&#8211; vynikaj\u00edc\u00ed p\u0159ilnavost na v\u011bt\u0161inu materi\u00e1l\u016f&#8211; vynikaj\u00edc\u00ed tepeln\u011b a zvukov\u011b izola\u010dn\u00ed vlastnosti&#8211; velmi dobr\u00e9 vypl\u0148ovac\u00ed vlastnosti&#8211; [&hellip;]","og_url":"https:\/\/www.domtechnikpro.com\/index.php\/produkt\/znackovy-soudal-montazni-pena-33361\/","og_image":[{"width":1000,"height":750,"url":"https:\/\/www.domtechnikpro.com\/wp-content\/uploads\/2026\/SK0001707-CZ20260425-092355-0-1777080235-27950_soudal-montazni-pena.webp","type":"image\/webp"}],"twitter_card":"summary_large_image","twitter_misc":{"Odhadovan\u00e1 doba \u010dten\u00ed":"2 minuty"},"schema":{"@context":"https:\/\/schema.org","@graph":[{"@type":"WebPage","@id":"https:\/\/www.domtechnikpro.com\/index.php\/produkt\/znackovy-soudal-montazni-pena-33361\/","url":"https:\/\/www.domtechnikpro.com\/index.php\/produkt\/znackovy-soudal-montazni-pena-33361\/","name":"Zna\u010dkov\u00fd Soudal Mont\u00e1\u017en\u00ed p\u011bna -","isPartOf":{"@id":"https:\/\/www.domtechnikpro.com\/#website"},"primaryImageOfPage":{"@id":"https:\/\/www.domtechnikpro.com\/index.php\/produkt\/znackovy-soudal-montazni-pena-33361\/#primaryimage"},"image":{"@id":"https:\/\/www.domtechnikpro.com\/index.php\/produkt\/znackovy-soudal-montazni-pena-33361\/#primaryimage"},"thumbnailUrl":"https:\/\/www.domtechnikpro.com\/wp-content\/uploads\/2026\/SK0001707-CZ20260425-092355-0-1777080235-27950_soudal-montazni-pena.webp","datePublished":"2026-04-26T08:57:23+00:00","breadcrumb":{"@id":"https:\/\/www.domtechnikpro.com\/index.php\/produkt\/znackovy-soudal-montazni-pena-33361\/#breadcrumb"},"inLanguage":"cs","potentialAction":[{"@type":"ReadAction","target":["https:\/\/www.domtechnikpro.com\/index.php\/produkt\/znackovy-soudal-montazni-pena-33361\/"]}]},{"@type":"ImageObject","inLanguage":"cs","@id":"https:\/\/www.domtechnikpro.com\/index.php\/produkt\/znackovy-soudal-montazni-pena-33361\/#primaryimage","url":"https:\/\/www.domtechnikpro.com\/wp-content\/uploads\/2026\/SK0001707-CZ20260425-092355-0-1777080235-27950_soudal-montazni-pena.webp","contentUrl":"https:\/\/www.domtechnikpro.com\/wp-content\/uploads\/2026\/SK0001707-CZ20260425-092355-0-1777080235-27950_soudal-montazni-pena.webp","width":1000,"height":750},{"@type":"BreadcrumbList","@id":"https:\/\/www.domtechnikpro.com\/index.php\/produkt\/znackovy-soudal-montazni-pena-33361\/#breadcrumb","itemListElement":[{"@type":"ListItem","position":1,"name":"Home","item":"https:\/\/www.domtechnikpro.com\/"},{"@type":"ListItem","position":2,"name":"Products","item":"https:\/\/www.domtechnikpro.com\/index.php\/products\/"},{"@type":"ListItem","position":3,"name":"Zna\u010dkov\u00fd Soudal Mont\u00e1\u017en\u00ed p\u011bna"}]},{"@type":"WebSite","@id":"https:\/\/www.domtechnikpro.com\/#website","url":"https:\/\/www.domtechnikpro.com\/","name":"","description":"","potentialAction":[{"@type":"SearchAction","target":{"@type":"EntryPoint","urlTemplate":"https:\/\/www.domtechnikpro.com\/?s={search_term_string}"},"query-input":{"@type":"PropertyValueSpecification","valueRequired":true,"valueName":"search_term_string"}}],"inLanguage":"cs"}]}},"_links":{"self":[{"href":"https:\/\/www.domtechnikpro.com\/index.php\/wp-json\/wp\/v2\/product\/33361","targetHints":{"allow":["GET"]}}],"collection":[{"href":"https:\/\/www.domtechnikpro.com\/index.php\/wp-json\/wp\/v2\/product"}],"about":[{"href":"https:\/\/www.domtechnikpro.com\/index.php\/wp-json\/wp\/v2\/types\/product"}],"replies":[{"embeddable":true,"href":"https:\/\/www.domtechnikpro.com\/index.php\/wp-json\/wp\/v2\/comments?post=33361"}],"wp:featuredmedia":[{"embeddable":true,"href":"https:\/\/www.domtechnikpro.com\/index.php\/wp-json\/wp\/v2\/media\/33461"}],"wp:attachment":[{"href":"https:\/\/www.domtechnikpro.com\/index.php\/wp-json\/wp\/v2\/media?parent=33361"}],"wp:term":[{"taxonomy":"product_brand","embeddable":true,"href":"https:\/\/www.domtechnikpro.com\/index.php\/wp-json\/wp\/v2\/product_brand?post=33361"},{"taxonomy":"product_cat","embeddable":true,"href":"https:\/\/www.domtechnikpro.com\/index.php\/wp-json\/wp\/v2\/product_cat?post=33361"},{"taxonomy":"product_tag","embeddable":true,"href":"https:\/\/www.domtechnikpro.com\/index.php\/wp-json\/wp\/v2\/product_tag?post=33361"}],"curies":[{"name":"wp","href":"https:\/\/api.w.org\/{rel}","templated":true}]}}