{"id":33348,"date":"2026-04-26T08:57:23","date_gmt":"2026-04-26T08:57:23","guid":{"rendered":""},"modified":"2026-04-26T08:57:23","modified_gmt":"2026-04-26T08:57:23","slug":"soudal-hydroizolacni-sterka-1k-oblibeny-33348","status":"publish","type":"product","link":"https:\/\/www.domtechnikpro.com\/index.php\/produkt\/soudal-hydroizolacni-sterka-1k-oblibeny-33348\/","title":{"rendered":"Soudal Hydroizola\u010dn\u00ed st\u011brka 1K Obl\u00edben\u00fd"},"content":{"rendered":"<div class=\"basic-description\">\n<h3>Detailn\u00ed popis produktu<\/h3>\n<p>                                    Soudal Hydroizola\u010dn\u00ed st\u011brka 1K<br \/>je trvale pru\u017en\u00e1, snadno se aplikuje, m\u00e1 v\u00fdbornou p\u0159\u00eddr\u017enost ke v\u0161em b\u011b\u017en\u00fdm stavebn\u00edm povrch\u016fm. St\u011brka vytv\u00e1\u0159\u00ed souvislou nepropustnou vrstvu beze spoj\u016f, vytv\u00e1\u0159\u00ed protiradonovou bari\u00e9ru, m\u00e1 vysokou \u017eivotnost.<\/p>\n<p>Soudal Hydroizola\u010dn\u00ed st\u011brka 1K<br \/>je vhodn\u00e1 pro interi\u00e9r i exteri\u00e9r, hydroizolace sklep\u016f, teras, balk\u00f3n\u016f a lod\u017ei\u00ed, vodot\u011bsn\u00e1 vrstva pod obklady a dla\u017eby v koupeln\u00e1ch, kuchyn\u00edch a WC, hydroizola\u010dn\u00ed vrstva betonov\u00fdch baz\u00e9n\u016f a j\u00edmek.<br \/>Nen\u00ed vhodn\u00e1 jako fin\u00e1ln\u00ed \u00faprava na pochoz\u00ed a poj\u00edzdn\u00e9 plochy.<\/p>\n<p>Aplikace:<br \/>St\u011brku nan\u00e1\u0161ejte \u0161t\u011btkou, v\u00e1le\u010dkem, ocelov\u00fdm \u010di plastov\u00fdm hlad\u00edtkem na podklad v tlou\u0161\u0165ce cca 1 mm.<\/p>\n<p>Balen\u00ed: <br \/>5, 10, 15 kg<\/p>\n<p>Barva:<br \/>\u0161ed\u00e1                            <\/div>\n<div class=\"extended-description\">\n<h3>Dopl\u0148kov\u00e9 parametry<\/h3>\n<table class=\"detail-parameters\">\n<tbody>\n<tr>\n<th>        <span class=\"row-header-label\">            Kategorie<span class=\"row-header-label-colon\">:<\/span>        <\/span>    <\/th>\n<td>        Hydroizola\u010dn\u00ed hmoty a n\u00e1t\u011bry    <\/td>\n<\/tr>\n<\/tbody>\n<\/table><\/div>\n<\/p><\/div>\n<\/p><\/div>\n","protected":false},"excerpt":{"rendered":"<p>Detailn\u00ed popis produktu Soudal Hydroizola\u010dn\u00ed st\u011brka 1Kje trvale pru\u017en\u00e1, snadno se aplikuje, m\u00e1 v\u00fdbornou p\u0159\u00eddr\u017enost ke v\u0161em b\u011b\u017en\u00fdm stavebn\u00edm povrch\u016fm. St\u011brka vytv\u00e1\u0159\u00ed souvislou nepropustnou vrstvu beze spoj\u016f, vytv\u00e1\u0159\u00ed protiradonovou bari\u00e9ru, m\u00e1 vysokou \u017eivotnost. Soudal Hydroizola\u010dn\u00ed st\u011brka 1Kje vhodn\u00e1 pro interi\u00e9r i exteri\u00e9r, hydroizolace sklep\u016f, teras, balk\u00f3n\u016f a lod\u017ei\u00ed, vodot\u011bsn\u00e1 vrstva pod obklady a dla\u017eby v [&hellip;]<\/p>\n","protected":false},"featured_media":33448,"comment_status":"open","ping_status":"open","template":"","meta":[],"product_brand":[],"product_cat":[125],"product_tag":[],"class_list":{"0":"post-33348","1":"product","2":"type-product","3":"status-publish","4":"has-post-thumbnail","6":"product_cat-hydroizolacni-hmoty-a-natery","8":"first","9":"instock","10":"sale","11":"shipping-taxable","12":"purchasable","13":"product-type-simple"},"yoast_head":"<!-- This site is optimized with the Yoast SEO plugin v26.8 - https:\/\/yoast.com\/product\/yoast-seo-wordpress\/ -->\n<title>Soudal Hydroizola\u010dn\u00ed st\u011brka 1K Obl\u00edben\u00fd -<\/title>\n<meta name=\"robots\" content=\"index, follow, max-snippet:-1, max-image-preview:large, max-video-preview:-1\" \/>\n<link rel=\"canonical\" href=\"https:\/\/www.domtechnikpro.com\/index.php\/produkt\/soudal-hydroizolacni-sterka-1k-oblibeny-33348\/\" \/>\n<meta property=\"og:locale\" content=\"cs_CZ\" \/>\n<meta property=\"og:type\" content=\"article\" \/>\n<meta property=\"og:title\" content=\"Soudal Hydroizola\u010dn\u00ed st\u011brka 1K Obl\u00edben\u00fd -\" \/>\n<meta property=\"og:description\" content=\"Detailn\u00ed popis produktu Soudal Hydroizola\u010dn\u00ed st\u011brka 1Kje trvale pru\u017en\u00e1, snadno se aplikuje, m\u00e1 v\u00fdbornou p\u0159\u00eddr\u017enost ke v\u0161em b\u011b\u017en\u00fdm stavebn\u00edm povrch\u016fm. St\u011brka vytv\u00e1\u0159\u00ed souvislou nepropustnou vrstvu beze spoj\u016f, vytv\u00e1\u0159\u00ed protiradonovou bari\u00e9ru, m\u00e1 vysokou \u017eivotnost. Soudal Hydroizola\u010dn\u00ed st\u011brka 1Kje vhodn\u00e1 pro interi\u00e9r i exteri\u00e9r, hydroizolace sklep\u016f, teras, balk\u00f3n\u016f a lod\u017ei\u00ed, vodot\u011bsn\u00e1 vrstva pod obklady a dla\u017eby v [&hellip;]\" \/>\n<meta property=\"og:url\" content=\"https:\/\/www.domtechnikpro.com\/index.php\/produkt\/soudal-hydroizolacni-sterka-1k-oblibeny-33348\/\" \/>\n<meta property=\"og:image\" content=\"https:\/\/www.domtechnikpro.com\/wp-content\/uploads\/2026\/SK0001694-CZ20260425-092355-0-1777080235-27911_soudal-hydroizolacnisterka-1k.webp\" \/>\n\t<meta property=\"og:image:width\" content=\"1000\" \/>\n\t<meta property=\"og:image:height\" content=\"750\" \/>\n\t<meta property=\"og:image:type\" content=\"image\/webp\" \/>\n<meta name=\"twitter:card\" content=\"summary_large_image\" \/>\n<meta name=\"twitter:label1\" content=\"Odhadovan\u00e1 doba \u010dten\u00ed\" \/>\n\t<meta name=\"twitter:data1\" content=\"1 minuta\" \/>\n<script type=\"application\/ld+json\" class=\"yoast-schema-graph\">{\"@context\":\"https:\/\/schema.org\",\"@graph\":[{\"@type\":\"WebPage\",\"@id\":\"https:\/\/www.domtechnikpro.com\/index.php\/produkt\/soudal-hydroizolacni-sterka-1k-oblibeny-33348\/\",\"url\":\"https:\/\/www.domtechnikpro.com\/index.php\/produkt\/soudal-hydroizolacni-sterka-1k-oblibeny-33348\/\",\"name\":\"Soudal Hydroizola\u010dn\u00ed st\u011brka 1K Obl\u00edben\u00fd -\",\"isPartOf\":{\"@id\":\"https:\/\/www.domtechnikpro.com\/#website\"},\"primaryImageOfPage\":{\"@id\":\"https:\/\/www.domtechnikpro.com\/index.php\/produkt\/soudal-hydroizolacni-sterka-1k-oblibeny-33348\/#primaryimage\"},\"image\":{\"@id\":\"https:\/\/www.domtechnikpro.com\/index.php\/produkt\/soudal-hydroizolacni-sterka-1k-oblibeny-33348\/#primaryimage\"},\"thumbnailUrl\":\"https:\/\/www.domtechnikpro.com\/wp-content\/uploads\/2026\/SK0001694-CZ20260425-092355-0-1777080235-27911_soudal-hydroizolacnisterka-1k.webp\",\"datePublished\":\"2026-04-26T08:57:23+00:00\",\"breadcrumb\":{\"@id\":\"https:\/\/www.domtechnikpro.com\/index.php\/produkt\/soudal-hydroizolacni-sterka-1k-oblibeny-33348\/#breadcrumb\"},\"inLanguage\":\"cs\",\"potentialAction\":[{\"@type\":\"ReadAction\",\"target\":[\"https:\/\/www.domtechnikpro.com\/index.php\/produkt\/soudal-hydroizolacni-sterka-1k-oblibeny-33348\/\"]}]},{\"@type\":\"ImageObject\",\"inLanguage\":\"cs\",\"@id\":\"https:\/\/www.domtechnikpro.com\/index.php\/produkt\/soudal-hydroizolacni-sterka-1k-oblibeny-33348\/#primaryimage\",\"url\":\"https:\/\/www.domtechnikpro.com\/wp-content\/uploads\/2026\/SK0001694-CZ20260425-092355-0-1777080235-27911_soudal-hydroizolacnisterka-1k.webp\",\"contentUrl\":\"https:\/\/www.domtechnikpro.com\/wp-content\/uploads\/2026\/SK0001694-CZ20260425-092355-0-1777080235-27911_soudal-hydroizolacnisterka-1k.webp\",\"width\":1000,\"height\":750},{\"@type\":\"BreadcrumbList\",\"@id\":\"https:\/\/www.domtechnikpro.com\/index.php\/produkt\/soudal-hydroizolacni-sterka-1k-oblibeny-33348\/#breadcrumb\",\"itemListElement\":[{\"@type\":\"ListItem\",\"position\":1,\"name\":\"Home\",\"item\":\"https:\/\/www.domtechnikpro.com\/\"},{\"@type\":\"ListItem\",\"position\":2,\"name\":\"Products\",\"item\":\"https:\/\/www.domtechnikpro.com\/index.php\/products\/\"},{\"@type\":\"ListItem\",\"position\":3,\"name\":\"Soudal Hydroizola\u010dn\u00ed st\u011brka 1K Obl\u00edben\u00fd\"}]},{\"@type\":\"WebSite\",\"@id\":\"https:\/\/www.domtechnikpro.com\/#website\",\"url\":\"https:\/\/www.domtechnikpro.com\/\",\"name\":\"\",\"description\":\"\",\"potentialAction\":[{\"@type\":\"SearchAction\",\"target\":{\"@type\":\"EntryPoint\",\"urlTemplate\":\"https:\/\/www.domtechnikpro.com\/?s={search_term_string}\"},\"query-input\":{\"@type\":\"PropertyValueSpecification\",\"valueRequired\":true,\"valueName\":\"search_term_string\"}}],\"inLanguage\":\"cs\"}]}<\/script>\n<!-- \/ Yoast SEO plugin. -->","yoast_head_json":{"title":"Soudal Hydroizola\u010dn\u00ed st\u011brka 1K Obl\u00edben\u00fd -","robots":{"index":"index","follow":"follow","max-snippet":"max-snippet:-1","max-image-preview":"max-image-preview:large","max-video-preview":"max-video-preview:-1"},"canonical":"https:\/\/www.domtechnikpro.com\/index.php\/produkt\/soudal-hydroizolacni-sterka-1k-oblibeny-33348\/","og_locale":"cs_CZ","og_type":"article","og_title":"Soudal Hydroizola\u010dn\u00ed st\u011brka 1K Obl\u00edben\u00fd -","og_description":"Detailn\u00ed popis produktu Soudal Hydroizola\u010dn\u00ed st\u011brka 1Kje trvale pru\u017en\u00e1, snadno se aplikuje, m\u00e1 v\u00fdbornou p\u0159\u00eddr\u017enost ke v\u0161em b\u011b\u017en\u00fdm stavebn\u00edm povrch\u016fm. St\u011brka vytv\u00e1\u0159\u00ed souvislou nepropustnou vrstvu beze spoj\u016f, vytv\u00e1\u0159\u00ed protiradonovou bari\u00e9ru, m\u00e1 vysokou \u017eivotnost. Soudal Hydroizola\u010dn\u00ed st\u011brka 1Kje vhodn\u00e1 pro interi\u00e9r i exteri\u00e9r, hydroizolace sklep\u016f, teras, balk\u00f3n\u016f a lod\u017ei\u00ed, vodot\u011bsn\u00e1 vrstva pod obklady a dla\u017eby v [&hellip;]","og_url":"https:\/\/www.domtechnikpro.com\/index.php\/produkt\/soudal-hydroizolacni-sterka-1k-oblibeny-33348\/","og_image":[{"width":1000,"height":750,"url":"https:\/\/www.domtechnikpro.com\/wp-content\/uploads\/2026\/SK0001694-CZ20260425-092355-0-1777080235-27911_soudal-hydroizolacnisterka-1k.webp","type":"image\/webp"}],"twitter_card":"summary_large_image","twitter_misc":{"Odhadovan\u00e1 doba \u010dten\u00ed":"1 minuta"},"schema":{"@context":"https:\/\/schema.org","@graph":[{"@type":"WebPage","@id":"https:\/\/www.domtechnikpro.com\/index.php\/produkt\/soudal-hydroizolacni-sterka-1k-oblibeny-33348\/","url":"https:\/\/www.domtechnikpro.com\/index.php\/produkt\/soudal-hydroizolacni-sterka-1k-oblibeny-33348\/","name":"Soudal Hydroizola\u010dn\u00ed st\u011brka 1K Obl\u00edben\u00fd -","isPartOf":{"@id":"https:\/\/www.domtechnikpro.com\/#website"},"primaryImageOfPage":{"@id":"https:\/\/www.domtechnikpro.com\/index.php\/produkt\/soudal-hydroizolacni-sterka-1k-oblibeny-33348\/#primaryimage"},"image":{"@id":"https:\/\/www.domtechnikpro.com\/index.php\/produkt\/soudal-hydroizolacni-sterka-1k-oblibeny-33348\/#primaryimage"},"thumbnailUrl":"https:\/\/www.domtechnikpro.com\/wp-content\/uploads\/2026\/SK0001694-CZ20260425-092355-0-1777080235-27911_soudal-hydroizolacnisterka-1k.webp","datePublished":"2026-04-26T08:57:23+00:00","breadcrumb":{"@id":"https:\/\/www.domtechnikpro.com\/index.php\/produkt\/soudal-hydroizolacni-sterka-1k-oblibeny-33348\/#breadcrumb"},"inLanguage":"cs","potentialAction":[{"@type":"ReadAction","target":["https:\/\/www.domtechnikpro.com\/index.php\/produkt\/soudal-hydroizolacni-sterka-1k-oblibeny-33348\/"]}]},{"@type":"ImageObject","inLanguage":"cs","@id":"https:\/\/www.domtechnikpro.com\/index.php\/produkt\/soudal-hydroizolacni-sterka-1k-oblibeny-33348\/#primaryimage","url":"https:\/\/www.domtechnikpro.com\/wp-content\/uploads\/2026\/SK0001694-CZ20260425-092355-0-1777080235-27911_soudal-hydroizolacnisterka-1k.webp","contentUrl":"https:\/\/www.domtechnikpro.com\/wp-content\/uploads\/2026\/SK0001694-CZ20260425-092355-0-1777080235-27911_soudal-hydroizolacnisterka-1k.webp","width":1000,"height":750},{"@type":"BreadcrumbList","@id":"https:\/\/www.domtechnikpro.com\/index.php\/produkt\/soudal-hydroizolacni-sterka-1k-oblibeny-33348\/#breadcrumb","itemListElement":[{"@type":"ListItem","position":1,"name":"Home","item":"https:\/\/www.domtechnikpro.com\/"},{"@type":"ListItem","position":2,"name":"Products","item":"https:\/\/www.domtechnikpro.com\/index.php\/products\/"},{"@type":"ListItem","position":3,"name":"Soudal Hydroizola\u010dn\u00ed st\u011brka 1K Obl\u00edben\u00fd"}]},{"@type":"WebSite","@id":"https:\/\/www.domtechnikpro.com\/#website","url":"https:\/\/www.domtechnikpro.com\/","name":"","description":"","potentialAction":[{"@type":"SearchAction","target":{"@type":"EntryPoint","urlTemplate":"https:\/\/www.domtechnikpro.com\/?s={search_term_string}"},"query-input":{"@type":"PropertyValueSpecification","valueRequired":true,"valueName":"search_term_string"}}],"inLanguage":"cs"}]}},"_links":{"self":[{"href":"https:\/\/www.domtechnikpro.com\/index.php\/wp-json\/wp\/v2\/product\/33348","targetHints":{"allow":["GET"]}}],"collection":[{"href":"https:\/\/www.domtechnikpro.com\/index.php\/wp-json\/wp\/v2\/product"}],"about":[{"href":"https:\/\/www.domtechnikpro.com\/index.php\/wp-json\/wp\/v2\/types\/product"}],"replies":[{"embeddable":true,"href":"https:\/\/www.domtechnikpro.com\/index.php\/wp-json\/wp\/v2\/comments?post=33348"}],"wp:featuredmedia":[{"embeddable":true,"href":"https:\/\/www.domtechnikpro.com\/index.php\/wp-json\/wp\/v2\/media\/33448"}],"wp:attachment":[{"href":"https:\/\/www.domtechnikpro.com\/index.php\/wp-json\/wp\/v2\/media?parent=33348"}],"wp:term":[{"taxonomy":"product_brand","embeddable":true,"href":"https:\/\/www.domtechnikpro.com\/index.php\/wp-json\/wp\/v2\/product_brand?post=33348"},{"taxonomy":"product_cat","embeddable":true,"href":"https:\/\/www.domtechnikpro.com\/index.php\/wp-json\/wp\/v2\/product_cat?post=33348"},{"taxonomy":"product_tag","embeddable":true,"href":"https:\/\/www.domtechnikpro.com\/index.php\/wp-json\/wp\/v2\/product_tag?post=33348"}],"curies":[{"name":"wp","href":"https:\/\/api.w.org\/{rel}","templated":true}]}}