{"id":33347,"date":"2026-04-26T08:57:23","date_gmt":"2026-04-26T08:57:23","guid":{"rendered":""},"modified":"2026-04-26T08:57:23","modified_gmt":"2026-04-26T08:57:23","slug":"pouze-dnes-soudal-gasket-seal-tmel-na-motory-33347","status":"publish","type":"product","link":"https:\/\/www.domtechnikpro.com\/produkt\/pouze-dnes-soudal-gasket-seal-tmel-na-motory-33347\/","title":{"rendered":"Pouze Dnes Soudal Gasket Seal tmel na motory"},"content":{"rendered":"<div class=\"basic-description\">\n<h3>Detailn\u00ed popis produktu<\/h3>\n<p>                                    Soudal Gasket Seal <br \/>vhodn\u00fd pro t\u011bsn\u011bn\u00ed v\u00edk motor\u016f, d\u00edl\u016f p\u0159evodovky, d\u00e1le jako p\u0159\u00edrubov\u00e1 t\u011bsn\u011bn\u00ed pump, topn\u00fdch syst\u00e9m\u016f, \u010derpadel a dal\u0161\u00edch motorov\u00fdch d\u00edl\u016f. Ve\u0161ker\u00e9 pru\u017en\u00e9 tmelic\u00ed a t\u011bsnic\u00ed aplikace s n\u00e1roky na odolnost v\u016f\u010di vysok\u00fdm teplot\u00e1m. <\/p>\n<p>Charakteristika produktu:<br \/>&#8211; nahrazuje gumov\u00e1, korkov\u00e1 a f\u00edbrov\u00e1 t\u011bsn\u011bn\u00ed<br \/>&#8211; odoln\u00fd velmi vysok\u00fdm teplot\u00e1m <br \/>&#8211; po vytvrzen\u00ed trvale elastick\u00fd <br \/>&#8211; odol\u00e1v\u00e1 ropn\u00fdm produkt\u016fm<\/p>\n<p>P\u0159\u00edklady pou\u017eit\u00ed:<br \/>&#8211; tvo\u0159\u00ed elastick\u00e9 vod\u011bodoln\u00e9 t\u011bsn\u011bn\u00ed odoln\u00e9 vysok\u00fdm teplot\u00e1m<br \/>&#8211; p\u0159\u00edrubov\u00e1 t\u011bsn\u011bn\u00ed \u010derpadel<br \/>&#8211; t\u011bsn\u011bn\u00ed motor\u016f<br \/>&#8211; ve\u0161ker\u00e9 t\u011bsn\u00edc\u00ed aplikace s n\u00e1roky na odolnost vysok\u00fdm teplot\u00e1m<\/p>\n<p>Balen\u00ed a barevn\u00e9 proveden\u00ed:<br \/>tuby 60 g, kartu\u0161e 310 ml<br \/>barva \u010derven\u00e1<\/p>\n<p>Rychlost vytvrzov\u00e1n\u00ed:<br \/>1,5 mm\/24 hod (z\u00e1vis\u00ed na teplot\u011b, vlhkosti a materi\u00e1lu)<\/p>\n<p>Rychlost tvorby slupky:<br \/>cca 7 minut                            <\/div>\n<div class=\"extended-description\">\n<h3>Dopl\u0148kov\u00e9 parametry<\/h3>\n<table class=\"detail-parameters\">\n<tbody>\n<tr>\n<th>        <span class=\"row-header-label\">            Kategorie<span class=\"row-header-label-colon\">:<\/span>        <\/span>    <\/th>\n<td>        Tmely na kov    <\/td>\n<\/tr>\n<\/tbody>\n<\/table><\/div>\n<\/p><\/div>\n<\/p><\/div>\n","protected":false},"excerpt":{"rendered":"<p>Detailn\u00ed popis produktu Soudal Gasket Seal vhodn\u00fd pro t\u011bsn\u011bn\u00ed v\u00edk motor\u016f, d\u00edl\u016f p\u0159evodovky, d\u00e1le jako p\u0159\u00edrubov\u00e1 t\u011bsn\u011bn\u00ed pump, topn\u00fdch syst\u00e9m\u016f, \u010derpadel a dal\u0161\u00edch motorov\u00fdch d\u00edl\u016f. Ve\u0161ker\u00e9 pru\u017en\u00e9 tmelic\u00ed a t\u011bsnic\u00ed aplikace s n\u00e1roky na odolnost v\u016f\u010di vysok\u00fdm teplot\u00e1m. Charakteristika produktu:&#8211; nahrazuje gumov\u00e1, korkov\u00e1 a f\u00edbrov\u00e1 t\u011bsn\u011bn\u00ed&#8211; odoln\u00fd velmi vysok\u00fdm teplot\u00e1m &#8211; po vytvrzen\u00ed trvale elastick\u00fd [&hellip;]<\/p>\n","protected":false},"featured_media":33447,"comment_status":"open","ping_status":"open","template":"","meta":[],"product_brand":[],"product_cat":[124],"product_tag":[],"class_list":{"0":"post-33347","1":"product","2":"type-product","3":"status-publish","4":"has-post-thumbnail","6":"product_cat-lepidla-silikony-tmely-a-peny","8":"first","9":"instock","10":"sale","11":"shipping-taxable","12":"purchasable","13":"product-type-simple"},"yoast_head":"<!-- This site is optimized with the Yoast SEO plugin v26.8 - https:\/\/yoast.com\/product\/yoast-seo-wordpress\/ -->\n<title>Pouze Dnes Soudal Gasket Seal tmel na motory - Pr\u016fmyslov\u00e9 vybaven\u00ed a p\u0159\u00edslu\u0161enstv\u00ed<\/title>\n<meta name=\"robots\" content=\"index, follow, max-snippet:-1, max-image-preview:large, max-video-preview:-1\" \/>\n<link rel=\"canonical\" href=\"https:\/\/www.domtechnikpro.com\/index.php\/produkt\/pouze-dnes-soudal-gasket-seal-tmel-na-motory-33347\/\" \/>\n<meta property=\"og:locale\" content=\"cs_CZ\" \/>\n<meta property=\"og:type\" content=\"article\" \/>\n<meta property=\"og:title\" content=\"Pouze Dnes Soudal Gasket Seal tmel na motory - Pr\u016fmyslov\u00e9 vybaven\u00ed a p\u0159\u00edslu\u0161enstv\u00ed\" \/>\n<meta property=\"og:description\" content=\"Detailn\u00ed popis produktu Soudal Gasket Seal vhodn\u00fd pro t\u011bsn\u011bn\u00ed v\u00edk motor\u016f, d\u00edl\u016f p\u0159evodovky, d\u00e1le jako p\u0159\u00edrubov\u00e1 t\u011bsn\u011bn\u00ed pump, topn\u00fdch syst\u00e9m\u016f, \u010derpadel a dal\u0161\u00edch motorov\u00fdch d\u00edl\u016f. Ve\u0161ker\u00e9 pru\u017en\u00e9 tmelic\u00ed a t\u011bsnic\u00ed aplikace s n\u00e1roky na odolnost v\u016f\u010di vysok\u00fdm teplot\u00e1m. Charakteristika produktu:&#8211; nahrazuje gumov\u00e1, korkov\u00e1 a f\u00edbrov\u00e1 t\u011bsn\u011bn\u00ed&#8211; odoln\u00fd velmi vysok\u00fdm teplot\u00e1m &#8211; po vytvrzen\u00ed trvale elastick\u00fd [&hellip;]\" \/>\n<meta property=\"og:url\" content=\"https:\/\/www.domtechnikpro.com\/index.php\/produkt\/pouze-dnes-soudal-gasket-seal-tmel-na-motory-33347\/\" \/>\n<meta property=\"og:site_name\" content=\"Pr\u016fmyslov\u00e9 vybaven\u00ed a p\u0159\u00edslu\u0161enstv\u00ed\" \/>\n<meta property=\"og:image\" content=\"https:\/\/www.domtechnikpro.com\/wp-content\/uploads\/2026\/SK0001693-CZ20260425-092355-0-1777080235-27908_soudal-gasketseal.webp\" \/>\n\t<meta property=\"og:image:width\" content=\"1000\" \/>\n\t<meta property=\"og:image:height\" content=\"750\" \/>\n\t<meta property=\"og:image:type\" content=\"image\/webp\" \/>\n<meta name=\"twitter:card\" content=\"summary_large_image\" \/>\n<meta name=\"twitter:label1\" content=\"Odhadovan\u00e1 doba \u010dten\u00ed\" \/>\n\t<meta name=\"twitter:data1\" content=\"1 minuta\" \/>\n<script type=\"application\/ld+json\" class=\"yoast-schema-graph\">{\"@context\":\"https:\/\/schema.org\",\"@graph\":[{\"@type\":\"WebPage\",\"@id\":\"https:\/\/www.domtechnikpro.com\/index.php\/produkt\/pouze-dnes-soudal-gasket-seal-tmel-na-motory-33347\/\",\"url\":\"https:\/\/www.domtechnikpro.com\/index.php\/produkt\/pouze-dnes-soudal-gasket-seal-tmel-na-motory-33347\/\",\"name\":\"Pouze Dnes Soudal Gasket Seal tmel na motory - Pr\u016fmyslov\u00e9 vybaven\u00ed a p\u0159\u00edslu\u0161enstv\u00ed\",\"isPartOf\":{\"@id\":\"https:\/\/www.domtechnikpro.com\/#website\"},\"primaryImageOfPage\":{\"@id\":\"https:\/\/www.domtechnikpro.com\/index.php\/produkt\/pouze-dnes-soudal-gasket-seal-tmel-na-motory-33347\/#primaryimage\"},\"image\":{\"@id\":\"https:\/\/www.domtechnikpro.com\/index.php\/produkt\/pouze-dnes-soudal-gasket-seal-tmel-na-motory-33347\/#primaryimage\"},\"thumbnailUrl\":\"https:\/\/www.domtechnikpro.com\/wp-content\/uploads\/2026\/SK0001693-CZ20260425-092355-0-1777080235-27908_soudal-gasketseal.webp\",\"datePublished\":\"2026-04-26T08:57:23+00:00\",\"breadcrumb\":{\"@id\":\"https:\/\/www.domtechnikpro.com\/index.php\/produkt\/pouze-dnes-soudal-gasket-seal-tmel-na-motory-33347\/#breadcrumb\"},\"inLanguage\":\"cs\",\"potentialAction\":[{\"@type\":\"ReadAction\",\"target\":[\"https:\/\/www.domtechnikpro.com\/index.php\/produkt\/pouze-dnes-soudal-gasket-seal-tmel-na-motory-33347\/\"]}]},{\"@type\":\"ImageObject\",\"inLanguage\":\"cs\",\"@id\":\"https:\/\/www.domtechnikpro.com\/index.php\/produkt\/pouze-dnes-soudal-gasket-seal-tmel-na-motory-33347\/#primaryimage\",\"url\":\"https:\/\/www.domtechnikpro.com\/wp-content\/uploads\/2026\/SK0001693-CZ20260425-092355-0-1777080235-27908_soudal-gasketseal.webp\",\"contentUrl\":\"https:\/\/www.domtechnikpro.com\/wp-content\/uploads\/2026\/SK0001693-CZ20260425-092355-0-1777080235-27908_soudal-gasketseal.webp\",\"width\":1000,\"height\":750},{\"@type\":\"BreadcrumbList\",\"@id\":\"https:\/\/www.domtechnikpro.com\/index.php\/produkt\/pouze-dnes-soudal-gasket-seal-tmel-na-motory-33347\/#breadcrumb\",\"itemListElement\":[{\"@type\":\"ListItem\",\"position\":1,\"name\":\"Home\",\"item\":\"https:\/\/www.domtechnikpro.com\/\"},{\"@type\":\"ListItem\",\"position\":2,\"name\":\"Products\",\"item\":\"https:\/\/www.domtechnikpro.com\/products\/\"},{\"@type\":\"ListItem\",\"position\":3,\"name\":\"Pouze Dnes Soudal Gasket Seal tmel na motory\"}]},{\"@type\":\"WebSite\",\"@id\":\"https:\/\/www.domtechnikpro.com\/#website\",\"url\":\"https:\/\/www.domtechnikpro.com\/\",\"name\":\"Pr\u016fmyslov\u00e9 vybaven\u00ed a p\u0159\u00edslu\u0161enstv\u00ed\",\"description\":\"Pr\u016fmyslov\u00e9 vybaven\u00ed a p\u0159\u00edslu\u0161enstv\u00ed\",\"publisher\":{\"@id\":\"https:\/\/www.domtechnikpro.com\/#organization\"},\"potentialAction\":[{\"@type\":\"SearchAction\",\"target\":{\"@type\":\"EntryPoint\",\"urlTemplate\":\"https:\/\/www.domtechnikpro.com\/?s={search_term_string}\"},\"query-input\":{\"@type\":\"PropertyValueSpecification\",\"valueRequired\":true,\"valueName\":\"search_term_string\"}}],\"inLanguage\":\"cs\"},{\"@type\":\"Organization\",\"@id\":\"https:\/\/www.domtechnikpro.com\/#organization\",\"name\":\"Pr\u016fmyslov\u00e9 vybaven\u00ed a p\u0159\u00edslu\u0161enstv\u00ed\",\"url\":\"https:\/\/www.domtechnikpro.com\/\",\"logo\":{\"@type\":\"ImageObject\",\"inLanguage\":\"cs\",\"@id\":\"https:\/\/www.domtechnikpro.com\/#\/schema\/logo\/image\/\",\"url\":\"https:\/\/www.domtechnikpro.com\/wp-content\/uploads\/2026\/04\/domtechnikpro_logo_full.svg\",\"contentUrl\":\"https:\/\/www.domtechnikpro.com\/wp-content\/uploads\/2026\/04\/domtechnikpro_logo_full.svg\",\"width\":920,\"height\":180,\"caption\":\"Pr\u016fmyslov\u00e9 vybaven\u00ed a p\u0159\u00edslu\u0161enstv\u00ed\"},\"image\":{\"@id\":\"https:\/\/www.domtechnikpro.com\/#\/schema\/logo\/image\/\"}}]}<\/script>\n<!-- \/ Yoast SEO plugin. -->","yoast_head_json":{"title":"Pouze Dnes Soudal Gasket Seal tmel na motory - Pr\u016fmyslov\u00e9 vybaven\u00ed a p\u0159\u00edslu\u0161enstv\u00ed","robots":{"index":"index","follow":"follow","max-snippet":"max-snippet:-1","max-image-preview":"max-image-preview:large","max-video-preview":"max-video-preview:-1"},"canonical":"https:\/\/www.domtechnikpro.com\/index.php\/produkt\/pouze-dnes-soudal-gasket-seal-tmel-na-motory-33347\/","og_locale":"cs_CZ","og_type":"article","og_title":"Pouze Dnes Soudal Gasket Seal tmel na motory - Pr\u016fmyslov\u00e9 vybaven\u00ed a p\u0159\u00edslu\u0161enstv\u00ed","og_description":"Detailn\u00ed popis produktu Soudal Gasket Seal vhodn\u00fd pro t\u011bsn\u011bn\u00ed v\u00edk motor\u016f, d\u00edl\u016f p\u0159evodovky, d\u00e1le jako p\u0159\u00edrubov\u00e1 t\u011bsn\u011bn\u00ed pump, topn\u00fdch syst\u00e9m\u016f, \u010derpadel a dal\u0161\u00edch motorov\u00fdch d\u00edl\u016f. Ve\u0161ker\u00e9 pru\u017en\u00e9 tmelic\u00ed a t\u011bsnic\u00ed aplikace s n\u00e1roky na odolnost v\u016f\u010di vysok\u00fdm teplot\u00e1m. Charakteristika produktu:&#8211; nahrazuje gumov\u00e1, korkov\u00e1 a f\u00edbrov\u00e1 t\u011bsn\u011bn\u00ed&#8211; odoln\u00fd velmi vysok\u00fdm teplot\u00e1m &#8211; po vytvrzen\u00ed trvale elastick\u00fd [&hellip;]","og_url":"https:\/\/www.domtechnikpro.com\/index.php\/produkt\/pouze-dnes-soudal-gasket-seal-tmel-na-motory-33347\/","og_site_name":"Pr\u016fmyslov\u00e9 vybaven\u00ed a p\u0159\u00edslu\u0161enstv\u00ed","og_image":[{"width":1000,"height":750,"url":"https:\/\/www.domtechnikpro.com\/wp-content\/uploads\/2026\/SK0001693-CZ20260425-092355-0-1777080235-27908_soudal-gasketseal.webp","type":"image\/webp"}],"twitter_card":"summary_large_image","twitter_misc":{"Odhadovan\u00e1 doba \u010dten\u00ed":"1 minuta"},"schema":{"@context":"https:\/\/schema.org","@graph":[{"@type":"WebPage","@id":"https:\/\/www.domtechnikpro.com\/index.php\/produkt\/pouze-dnes-soudal-gasket-seal-tmel-na-motory-33347\/","url":"https:\/\/www.domtechnikpro.com\/index.php\/produkt\/pouze-dnes-soudal-gasket-seal-tmel-na-motory-33347\/","name":"Pouze Dnes Soudal Gasket Seal tmel na motory - Pr\u016fmyslov\u00e9 vybaven\u00ed a p\u0159\u00edslu\u0161enstv\u00ed","isPartOf":{"@id":"https:\/\/www.domtechnikpro.com\/#website"},"primaryImageOfPage":{"@id":"https:\/\/www.domtechnikpro.com\/index.php\/produkt\/pouze-dnes-soudal-gasket-seal-tmel-na-motory-33347\/#primaryimage"},"image":{"@id":"https:\/\/www.domtechnikpro.com\/index.php\/produkt\/pouze-dnes-soudal-gasket-seal-tmel-na-motory-33347\/#primaryimage"},"thumbnailUrl":"https:\/\/www.domtechnikpro.com\/wp-content\/uploads\/2026\/SK0001693-CZ20260425-092355-0-1777080235-27908_soudal-gasketseal.webp","datePublished":"2026-04-26T08:57:23+00:00","breadcrumb":{"@id":"https:\/\/www.domtechnikpro.com\/index.php\/produkt\/pouze-dnes-soudal-gasket-seal-tmel-na-motory-33347\/#breadcrumb"},"inLanguage":"cs","potentialAction":[{"@type":"ReadAction","target":["https:\/\/www.domtechnikpro.com\/index.php\/produkt\/pouze-dnes-soudal-gasket-seal-tmel-na-motory-33347\/"]}]},{"@type":"ImageObject","inLanguage":"cs","@id":"https:\/\/www.domtechnikpro.com\/index.php\/produkt\/pouze-dnes-soudal-gasket-seal-tmel-na-motory-33347\/#primaryimage","url":"https:\/\/www.domtechnikpro.com\/wp-content\/uploads\/2026\/SK0001693-CZ20260425-092355-0-1777080235-27908_soudal-gasketseal.webp","contentUrl":"https:\/\/www.domtechnikpro.com\/wp-content\/uploads\/2026\/SK0001693-CZ20260425-092355-0-1777080235-27908_soudal-gasketseal.webp","width":1000,"height":750},{"@type":"BreadcrumbList","@id":"https:\/\/www.domtechnikpro.com\/index.php\/produkt\/pouze-dnes-soudal-gasket-seal-tmel-na-motory-33347\/#breadcrumb","itemListElement":[{"@type":"ListItem","position":1,"name":"Home","item":"https:\/\/www.domtechnikpro.com\/"},{"@type":"ListItem","position":2,"name":"Products","item":"https:\/\/www.domtechnikpro.com\/products\/"},{"@type":"ListItem","position":3,"name":"Pouze Dnes Soudal Gasket Seal tmel na motory"}]},{"@type":"WebSite","@id":"https:\/\/www.domtechnikpro.com\/#website","url":"https:\/\/www.domtechnikpro.com\/","name":"Pr\u016fmyslov\u00e9 vybaven\u00ed a p\u0159\u00edslu\u0161enstv\u00ed","description":"Pr\u016fmyslov\u00e9 vybaven\u00ed a p\u0159\u00edslu\u0161enstv\u00ed","publisher":{"@id":"https:\/\/www.domtechnikpro.com\/#organization"},"potentialAction":[{"@type":"SearchAction","target":{"@type":"EntryPoint","urlTemplate":"https:\/\/www.domtechnikpro.com\/?s={search_term_string}"},"query-input":{"@type":"PropertyValueSpecification","valueRequired":true,"valueName":"search_term_string"}}],"inLanguage":"cs"},{"@type":"Organization","@id":"https:\/\/www.domtechnikpro.com\/#organization","name":"Pr\u016fmyslov\u00e9 vybaven\u00ed a p\u0159\u00edslu\u0161enstv\u00ed","url":"https:\/\/www.domtechnikpro.com\/","logo":{"@type":"ImageObject","inLanguage":"cs","@id":"https:\/\/www.domtechnikpro.com\/#\/schema\/logo\/image\/","url":"https:\/\/www.domtechnikpro.com\/wp-content\/uploads\/2026\/04\/domtechnikpro_logo_full.svg","contentUrl":"https:\/\/www.domtechnikpro.com\/wp-content\/uploads\/2026\/04\/domtechnikpro_logo_full.svg","width":920,"height":180,"caption":"Pr\u016fmyslov\u00e9 vybaven\u00ed a p\u0159\u00edslu\u0161enstv\u00ed"},"image":{"@id":"https:\/\/www.domtechnikpro.com\/#\/schema\/logo\/image\/"}}]}},"_links":{"self":[{"href":"https:\/\/www.domtechnikpro.com\/wp-json\/wp\/v2\/product\/33347","targetHints":{"allow":["GET"]}}],"collection":[{"href":"https:\/\/www.domtechnikpro.com\/wp-json\/wp\/v2\/product"}],"about":[{"href":"https:\/\/www.domtechnikpro.com\/wp-json\/wp\/v2\/types\/product"}],"replies":[{"embeddable":true,"href":"https:\/\/www.domtechnikpro.com\/wp-json\/wp\/v2\/comments?post=33347"}],"wp:featuredmedia":[{"embeddable":true,"href":"https:\/\/www.domtechnikpro.com\/wp-json\/wp\/v2\/media\/33447"}],"wp:attachment":[{"href":"https:\/\/www.domtechnikpro.com\/wp-json\/wp\/v2\/media?parent=33347"}],"wp:term":[{"taxonomy":"product_brand","embeddable":true,"href":"https:\/\/www.domtechnikpro.com\/wp-json\/wp\/v2\/product_brand?post=33347"},{"taxonomy":"product_cat","embeddable":true,"href":"https:\/\/www.domtechnikpro.com\/wp-json\/wp\/v2\/product_cat?post=33347"},{"taxonomy":"product_tag","embeddable":true,"href":"https:\/\/www.domtechnikpro.com\/wp-json\/wp\/v2\/product_tag?post=33347"}],"curies":[{"name":"wp","href":"https:\/\/api.w.org\/{rel}","templated":true}]}}