{"id":33345,"date":"2026-04-26T08:57:23","date_gmt":"2026-04-26T08:57:23","guid":{"rendered":""},"modified":"2026-04-26T08:57:23","modified_gmt":"2026-04-26T08:57:23","slug":"soudal-fix-all-flexi-lepici-tmel-vyhodna-nabidka-33345","status":"publish","type":"product","link":"https:\/\/www.domtechnikpro.com\/index.php\/produkt\/soudal-fix-all-flexi-lepici-tmel-vyhodna-nabidka-33345\/","title":{"rendered":"Soudal Fix ALL FLEXI lepic\u00ed tmel V\u00fdhodn\u00e1 Nab\u00eddka"},"content":{"rendered":"<div class=\"basic-description\">\n<h3>Detailn\u00ed popis produktu<\/h3>\n<p>                                    Soudal Fix ALL Flexi<BR>je vhodn\u00fd pro ve\u0161ker\u00e9 tmelen\u00ed a lepen\u00ed sav\u00fdch i nesav\u00fdch materi\u00e1l\u016f v dom\u00e1cnosti, na stavb\u011b nebo automobilu. Fix All&nbsp;Flexi nahrazuje v\u011bt\u0161inu dostupn\u00fdch tmel\u016f a lepidel. V\u00fdborn\u011b p\u0159ilne na b\u011b\u017en\u00e9 materi\u00e1ly: beton, om\u00edtky, p\u0159\u00edrodn\u00ed i um\u011bl\u00fd k\u00e1men, d\u0159evo, d\u0159evot\u0159\u00edska, lamin\u00e1t, plasty, polystyren, PVC, korek, miner\u00e1ln\u00ed i skeln\u00e1 vata, \u017eelezo, olovo, zinek, m\u011b\u010f, hlin\u00edk, sklo, obklady a dla\u017eby, sanit\u00e1rn\u00ed keramika, porcel\u00e1n, zrcadla a mnoho dal\u0161\u00edch.<BR><BR>Charakteristika produktu:<BR>&#8211; dokonal\u00e1 adheze a vysok\u00e1 lepivost na t\u00e9m\u011b\u0159 v\u0161echny materi\u00e1ly <BR>&#8211; vynikaj\u00edc\u00ed mechanick\u00e9 vlastnosti <BR>&#8211; trvale pru\u017en\u00e1 hmota \u2013 pohyb do +- 20 % <BR>&#8211; vynikaj\u00edc\u00ed odolnost UV z\u00e1\u0159en\u00ed, barevn\u00e1 st\u00e1lost <BR>&#8211; p\u0159et\u00edrateln\u00fd v\u0161emi barvami na vodn\u00ed b\u00e1zi a mnoha dal\u0161\u00edmi syst\u00e9my <BR><BR>P\u0159\u00edklady pou\u017eit\u00ed:<BR>&#8211; tmelen\u00ed a lepen\u00ed t\u00e9m\u011b\u0159 v\u0161ech stavebn\u00edch materi\u00e1l\u016f v nejr\u016fzn\u011bj\u0161\u00edch kombinac\u00edch<BR>&#8211; tmelen\u00ed v kuchyn\u00edch koupeln\u00e1ch a sanit\u00e1rn\u00edch m\u00edstnostech \u2013 br\u00e1n\u00ed r\u016fstu pl\u00edsn\u00ed<BR>&#8211; tmelen\u00ed konstruk\u010dn\u00edch vibra\u010dn\u00edch spoj\u016f<BR>&#8211; p\u0159et\u00edrateln\u00e9 vypl\u0148ov\u00e1n\u00ed prasklin a nerovnost\u00ed<BR><BR>Proveden\u00ed.<BR>Barvy: <BR>b\u00edl\u00e1, \u0161ed\u00e1, hn\u011bd\u00e1, \u010dern\u00e1<BR><BR>Balen\u00ed: <BR>tuby 80 ml a presspack 200ml (b\u00edl\u00e1), kartu\u0161e 290 ml<BR><BR>Skladovatelnost:<BR>12 m\u011bs\u00edc\u016f od data v\u00fdroby v neotev\u0159en\u00e9m p\u016fvodn\u00edm obalu p\u0159i teplot\u00e1ch +5\u00b0C a\u017e +25\u00b0C.<BR><BR>Chemick\u00e1 odolnost.<BR>Dobr\u00e1: <BR>voda, alifatick\u00e1 rozpou\u0161t\u011bdla, miner\u00e1ln\u00ed oleje, mazadla (vazel\u00edna), z\u0159ed\u011bn\u00e9 anorganick\u00e9 kyseliny a z\u00e1sady \u0160patn\u00e1: aromatick\u00e1 rozpou\u0161t\u011bdla, koncentrovan\u00e9 kyseliny,<BR>chlorovan\u00e9 uhlovod\u00edky <BR><BR>Povrchy:<BR>Fix ALL Flexi m\u00e1 v\u00fdbornou adhezi na v\u011bt\u0161inu podklad\u016f, testov\u00e1na byla na n\u00e1sleduj\u00edc\u00ed materi\u00e1ly: kovy: ocel, AlMgSi1, mosaz, elektrolyticky a \u017e\u00e1rov\u011b galvanizovan\u00e1 ocel, AlCuMg1, AlMg3 a ocel ST1403. plasty: polystyren, polykarbon\u00e1t (Makrolon\u00ae<BR>), PVC, polyamid, sklolamin\u00e1t na b\u00e1zi epoxydu i polyesteru (GRP).<BR><BR>Upozorn\u011bn\u00ed:<BR>P\u0159i lepen\u00ed polykarbon\u00e1t\u016f (Makrolon\u00ae, Lexan\u00ae ) m\u016f\u017ee doj\u00edt v d\u016fsledku nam\u00e1h\u00e1n\u00ed lepen\u00e9ho spoje ke vzniku prasklin a trhlin v podkladu. Pro tyto aplikace Fix ALL&nbsp;Flexi nedoporu\u010dujeme. P\u0159i v\u00fdrob\u011b a zpracov\u00e1n\u00ed kov\u016f a plast\u016f jsou velmi \u010dasto pou\u017e\u00edv\u00e1ny r\u016fzn\u00e9 separ\u00e1tory, kter\u00e9 mus\u00ed b\u00fdt p\u0159ed lepen\u00edm odstran\u011bny. Pro optimalizaci \u00fapravy povrchu doporu\u010dujeme pou\u017e\u00edt Surface Activator.<BR>Nem\u00e1 p\u0159ilnavost na PE, PP a PTFE (Teflon\u00ae ), silikonov\u00e9 a bitumenov\u00e9 povrchy.<BR><BR>Stav povrchu: <BR>\u010dist\u00fd, bez mastnoty a prachu<BR><BR>P\u0159\u00edprava:<BR>vodou exponovan\u00e9 por\u00e9zn\u00ed materi\u00e1ly doporu\u010dujeme o\u0161et\u0159it Primer 150, pro zv\u00fd\u0161en\u00ed p\u0159ilnavost na nepor\u00e9zn\u00ed materi\u00e1ly pou\u017eijte Surface Activator.<BR>Doporu\u010dujeme v\u017edy prov\u00e9st p\u0159edb\u011b\u017en\u00fd test p\u0159ilnavosti. <BR><BR>Velikost sp\u00e1ry.<BR>Minim\u00e1ln\u00ed \u0161\u00ed\u0159ka:<BR>5 mm (sp\u00e1rov\u00e1n\u00ed), 2 mm (lepen\u00ed)<BR><BR>Maxim\u00e1ln\u00ed \u0161\u00ed\u0159ka:<BR>30 mm (sp\u00e1rov\u00e1n\u00ed), 10 mm (lepen\u00ed)<BR><BR>Minim\u00e1ln\u00ed hloubka: <BR>5 mm (sp\u00e1rov\u00e1n\u00ed)<BR><BR>Doporu\u010den\u00ed:<BR>hloubka sp\u00e1ry = 1 \u0161\u00ed\u0159ky sp\u00e1ry<BR><BR>Pracovn\u00ed postup.<BR>Nan\u00e1\u0161en\u00ed: <BR>aplika\u010dn\u00ed pistol\u00ed (ru\u010dn\u00ed nebo pneumatickou)<BR><BR>Pracovn\u00ed teplota:<BR>+5\u00b0C a\u017e +35\u00b0C<BR><BR>\u010ci\u0161t\u011bn\u00ed:<BR>White Spirit nebo acetonem p\u0159ed vytvrzen\u00edm<BR><BR>\u00dapravy:<BR>vyhla\u010fte Tmela\u0159skou st\u011brkou a m\u00fddlovou vodou<BR><BR>Pozn\u00e1mky:<BR>Fix ALL Flexi je p\u0159et\u00edrateln\u00fd barvami na vodn\u00ed b\u00e1zi, ale vzhledem k \u0161irok\u00e9mu spektru vyr\u00e1b\u011bn\u00fdch barev a lak\u016f doporu\u010dujeme v\u017edy prov\u00e9st test kompatibility n\u00e1t\u011bru s tmelem.<BR>U alkydov\u00fdch n\u00e1t\u011br\u016f m\u016f\u017ee b\u00fdt prodlou\u017eena doba schnut\u00ed.<BR>Tmel m\u016f\u017ee b\u00fdt pou\u017eit na v\u011bt\u0161inu obvykl\u00fdch podklad\u016f.<BR>Vzhledem k r\u016fzn\u00e9 povaze povrchu plast\u016f od r\u016fzn\u00fdch v\u00fdrobc\u016f (nap\u0159. polykarbon\u00e1t apod.) doporu\u010dujeme v\u017edy prov\u00e9st p\u0159edb\u011b\u017en\u00fd test p\u0159ilnavosti.<BR>Tento tmel nen\u00ed ur\u010den pro zaskl\u00edv\u00e1n\u00ed.<BR>Fix ALL Flexi je vhodn\u00fd pro lepen\u00ed a tmelen\u00ed sp\u00e1r p\u0159\u00edrodn\u00edch kamen\u016f.<BR>P\u0159i aplikaci chra\u0148te okoln\u00ed plochy p\u0159ed pot\u0159\u00edsn\u011bn\u00edm tmelem nap\u0159. oblepen\u00edm maskovac\u00ed p\u00e1skou.                            <\/div>\n<div class=\"extended-description\">\n<h3>Dopl\u0148kov\u00e9 parametry<\/h3>\n<table class=\"detail-parameters\">\n<tbody>\n<tr>\n<th>        <span class=\"row-header-label\">            Kategorie<span class=\"row-header-label-colon\">:<\/span>        <\/span>    <\/th>\n<td>        Univerz\u00e1ln\u00ed lepidlo    <\/td>\n<\/tr>\n<\/tbody>\n<\/table><\/div>\n<\/p><\/div>\n<\/p><\/div>\n","protected":false},"excerpt":{"rendered":"<p>Detailn\u00ed popis produktu Soudal Fix ALL Flexije vhodn\u00fd pro ve\u0161ker\u00e9 tmelen\u00ed a lepen\u00ed sav\u00fdch i nesav\u00fdch materi\u00e1l\u016f v dom\u00e1cnosti, na stavb\u011b nebo automobilu. Fix All&nbsp;Flexi nahrazuje v\u011bt\u0161inu dostupn\u00fdch tmel\u016f a lepidel. V\u00fdborn\u011b p\u0159ilne na b\u011b\u017en\u00e9 materi\u00e1ly: beton, om\u00edtky, p\u0159\u00edrodn\u00ed i um\u011bl\u00fd k\u00e1men, d\u0159evo, d\u0159evot\u0159\u00edska, lamin\u00e1t, plasty, polystyren, PVC, korek, miner\u00e1ln\u00ed i skeln\u00e1 vata, \u017eelezo, olovo, [&hellip;]<\/p>\n","protected":false},"featured_media":33445,"comment_status":"open","ping_status":"open","template":"","meta":[],"product_brand":[],"product_cat":[124],"product_tag":[],"class_list":{"0":"post-33345","1":"product","2":"type-product","3":"status-publish","4":"has-post-thumbnail","6":"product_cat-lepidla-silikony-tmely-a-peny","8":"first","9":"instock","10":"sale","11":"shipping-taxable","12":"purchasable","13":"product-type-simple"},"yoast_head":"<!-- This site is optimized with the Yoast SEO plugin v26.8 - https:\/\/yoast.com\/product\/yoast-seo-wordpress\/ -->\n<title>Soudal Fix ALL FLEXI lepic\u00ed tmel V\u00fdhodn\u00e1 Nab\u00eddka -<\/title>\n<meta name=\"robots\" content=\"index, follow, max-snippet:-1, max-image-preview:large, max-video-preview:-1\" \/>\n<link rel=\"canonical\" href=\"https:\/\/www.domtechnikpro.com\/index.php\/produkt\/soudal-fix-all-flexi-lepici-tmel-vyhodna-nabidka-33345\/\" \/>\n<meta property=\"og:locale\" content=\"cs_CZ\" \/>\n<meta property=\"og:type\" content=\"article\" \/>\n<meta property=\"og:title\" content=\"Soudal Fix ALL FLEXI lepic\u00ed tmel V\u00fdhodn\u00e1 Nab\u00eddka -\" \/>\n<meta property=\"og:description\" content=\"Detailn\u00ed popis produktu Soudal Fix ALL Flexije vhodn\u00fd pro ve\u0161ker\u00e9 tmelen\u00ed a lepen\u00ed sav\u00fdch i nesav\u00fdch materi\u00e1l\u016f v dom\u00e1cnosti, na stavb\u011b nebo automobilu. Fix All&nbsp;Flexi nahrazuje v\u011bt\u0161inu dostupn\u00fdch tmel\u016f a lepidel. V\u00fdborn\u011b p\u0159ilne na b\u011b\u017en\u00e9 materi\u00e1ly: beton, om\u00edtky, p\u0159\u00edrodn\u00ed i um\u011bl\u00fd k\u00e1men, d\u0159evo, d\u0159evot\u0159\u00edska, lamin\u00e1t, plasty, polystyren, PVC, korek, miner\u00e1ln\u00ed i skeln\u00e1 vata, \u017eelezo, olovo, [&hellip;]\" \/>\n<meta property=\"og:url\" content=\"https:\/\/www.domtechnikpro.com\/index.php\/produkt\/soudal-fix-all-flexi-lepici-tmel-vyhodna-nabidka-33345\/\" \/>\n<meta property=\"og:image\" content=\"https:\/\/www.domtechnikpro.com\/wp-content\/uploads\/2026\/SK0001691-CZ20260425-092355-0-1777080235-27902_soudal-fix-all-flexi.webp\" \/>\n\t<meta property=\"og:image:width\" content=\"1000\" \/>\n\t<meta property=\"og:image:height\" content=\"750\" \/>\n\t<meta property=\"og:image:type\" content=\"image\/webp\" \/>\n<meta name=\"twitter:card\" content=\"summary_large_image\" \/>\n<meta name=\"twitter:label1\" content=\"Odhadovan\u00e1 doba \u010dten\u00ed\" \/>\n\t<meta name=\"twitter:data1\" content=\"3 minuty\" \/>\n<script type=\"application\/ld+json\" class=\"yoast-schema-graph\">{\"@context\":\"https:\/\/schema.org\",\"@graph\":[{\"@type\":\"WebPage\",\"@id\":\"https:\/\/www.domtechnikpro.com\/index.php\/produkt\/soudal-fix-all-flexi-lepici-tmel-vyhodna-nabidka-33345\/\",\"url\":\"https:\/\/www.domtechnikpro.com\/index.php\/produkt\/soudal-fix-all-flexi-lepici-tmel-vyhodna-nabidka-33345\/\",\"name\":\"Soudal Fix ALL FLEXI lepic\u00ed tmel V\u00fdhodn\u00e1 Nab\u00eddka -\",\"isPartOf\":{\"@id\":\"https:\/\/www.domtechnikpro.com\/#website\"},\"primaryImageOfPage\":{\"@id\":\"https:\/\/www.domtechnikpro.com\/index.php\/produkt\/soudal-fix-all-flexi-lepici-tmel-vyhodna-nabidka-33345\/#primaryimage\"},\"image\":{\"@id\":\"https:\/\/www.domtechnikpro.com\/index.php\/produkt\/soudal-fix-all-flexi-lepici-tmel-vyhodna-nabidka-33345\/#primaryimage\"},\"thumbnailUrl\":\"https:\/\/www.domtechnikpro.com\/wp-content\/uploads\/2026\/SK0001691-CZ20260425-092355-0-1777080235-27902_soudal-fix-all-flexi.webp\",\"datePublished\":\"2026-04-26T08:57:23+00:00\",\"breadcrumb\":{\"@id\":\"https:\/\/www.domtechnikpro.com\/index.php\/produkt\/soudal-fix-all-flexi-lepici-tmel-vyhodna-nabidka-33345\/#breadcrumb\"},\"inLanguage\":\"cs\",\"potentialAction\":[{\"@type\":\"ReadAction\",\"target\":[\"https:\/\/www.domtechnikpro.com\/index.php\/produkt\/soudal-fix-all-flexi-lepici-tmel-vyhodna-nabidka-33345\/\"]}]},{\"@type\":\"ImageObject\",\"inLanguage\":\"cs\",\"@id\":\"https:\/\/www.domtechnikpro.com\/index.php\/produkt\/soudal-fix-all-flexi-lepici-tmel-vyhodna-nabidka-33345\/#primaryimage\",\"url\":\"https:\/\/www.domtechnikpro.com\/wp-content\/uploads\/2026\/SK0001691-CZ20260425-092355-0-1777080235-27902_soudal-fix-all-flexi.webp\",\"contentUrl\":\"https:\/\/www.domtechnikpro.com\/wp-content\/uploads\/2026\/SK0001691-CZ20260425-092355-0-1777080235-27902_soudal-fix-all-flexi.webp\",\"width\":1000,\"height\":750},{\"@type\":\"BreadcrumbList\",\"@id\":\"https:\/\/www.domtechnikpro.com\/index.php\/produkt\/soudal-fix-all-flexi-lepici-tmel-vyhodna-nabidka-33345\/#breadcrumb\",\"itemListElement\":[{\"@type\":\"ListItem\",\"position\":1,\"name\":\"Home\",\"item\":\"https:\/\/www.domtechnikpro.com\/\"},{\"@type\":\"ListItem\",\"position\":2,\"name\":\"Products\",\"item\":\"https:\/\/www.domtechnikpro.com\/index.php\/products\/\"},{\"@type\":\"ListItem\",\"position\":3,\"name\":\"Soudal Fix ALL FLEXI lepic\u00ed tmel V\u00fdhodn\u00e1 Nab\u00eddka\"}]},{\"@type\":\"WebSite\",\"@id\":\"https:\/\/www.domtechnikpro.com\/#website\",\"url\":\"https:\/\/www.domtechnikpro.com\/\",\"name\":\"\",\"description\":\"\",\"potentialAction\":[{\"@type\":\"SearchAction\",\"target\":{\"@type\":\"EntryPoint\",\"urlTemplate\":\"https:\/\/www.domtechnikpro.com\/?s={search_term_string}\"},\"query-input\":{\"@type\":\"PropertyValueSpecification\",\"valueRequired\":true,\"valueName\":\"search_term_string\"}}],\"inLanguage\":\"cs\"}]}<\/script>\n<!-- \/ Yoast SEO plugin. -->","yoast_head_json":{"title":"Soudal Fix ALL FLEXI lepic\u00ed tmel V\u00fdhodn\u00e1 Nab\u00eddka -","robots":{"index":"index","follow":"follow","max-snippet":"max-snippet:-1","max-image-preview":"max-image-preview:large","max-video-preview":"max-video-preview:-1"},"canonical":"https:\/\/www.domtechnikpro.com\/index.php\/produkt\/soudal-fix-all-flexi-lepici-tmel-vyhodna-nabidka-33345\/","og_locale":"cs_CZ","og_type":"article","og_title":"Soudal Fix ALL FLEXI lepic\u00ed tmel V\u00fdhodn\u00e1 Nab\u00eddka -","og_description":"Detailn\u00ed popis produktu Soudal Fix ALL Flexije vhodn\u00fd pro ve\u0161ker\u00e9 tmelen\u00ed a lepen\u00ed sav\u00fdch i nesav\u00fdch materi\u00e1l\u016f v dom\u00e1cnosti, na stavb\u011b nebo automobilu. Fix All&nbsp;Flexi nahrazuje v\u011bt\u0161inu dostupn\u00fdch tmel\u016f a lepidel. V\u00fdborn\u011b p\u0159ilne na b\u011b\u017en\u00e9 materi\u00e1ly: beton, om\u00edtky, p\u0159\u00edrodn\u00ed i um\u011bl\u00fd k\u00e1men, d\u0159evo, d\u0159evot\u0159\u00edska, lamin\u00e1t, plasty, polystyren, PVC, korek, miner\u00e1ln\u00ed i skeln\u00e1 vata, \u017eelezo, olovo, [&hellip;]","og_url":"https:\/\/www.domtechnikpro.com\/index.php\/produkt\/soudal-fix-all-flexi-lepici-tmel-vyhodna-nabidka-33345\/","og_image":[{"width":1000,"height":750,"url":"https:\/\/www.domtechnikpro.com\/wp-content\/uploads\/2026\/SK0001691-CZ20260425-092355-0-1777080235-27902_soudal-fix-all-flexi.webp","type":"image\/webp"}],"twitter_card":"summary_large_image","twitter_misc":{"Odhadovan\u00e1 doba \u010dten\u00ed":"3 minuty"},"schema":{"@context":"https:\/\/schema.org","@graph":[{"@type":"WebPage","@id":"https:\/\/www.domtechnikpro.com\/index.php\/produkt\/soudal-fix-all-flexi-lepici-tmel-vyhodna-nabidka-33345\/","url":"https:\/\/www.domtechnikpro.com\/index.php\/produkt\/soudal-fix-all-flexi-lepici-tmel-vyhodna-nabidka-33345\/","name":"Soudal Fix ALL FLEXI lepic\u00ed tmel V\u00fdhodn\u00e1 Nab\u00eddka -","isPartOf":{"@id":"https:\/\/www.domtechnikpro.com\/#website"},"primaryImageOfPage":{"@id":"https:\/\/www.domtechnikpro.com\/index.php\/produkt\/soudal-fix-all-flexi-lepici-tmel-vyhodna-nabidka-33345\/#primaryimage"},"image":{"@id":"https:\/\/www.domtechnikpro.com\/index.php\/produkt\/soudal-fix-all-flexi-lepici-tmel-vyhodna-nabidka-33345\/#primaryimage"},"thumbnailUrl":"https:\/\/www.domtechnikpro.com\/wp-content\/uploads\/2026\/SK0001691-CZ20260425-092355-0-1777080235-27902_soudal-fix-all-flexi.webp","datePublished":"2026-04-26T08:57:23+00:00","breadcrumb":{"@id":"https:\/\/www.domtechnikpro.com\/index.php\/produkt\/soudal-fix-all-flexi-lepici-tmel-vyhodna-nabidka-33345\/#breadcrumb"},"inLanguage":"cs","potentialAction":[{"@type":"ReadAction","target":["https:\/\/www.domtechnikpro.com\/index.php\/produkt\/soudal-fix-all-flexi-lepici-tmel-vyhodna-nabidka-33345\/"]}]},{"@type":"ImageObject","inLanguage":"cs","@id":"https:\/\/www.domtechnikpro.com\/index.php\/produkt\/soudal-fix-all-flexi-lepici-tmel-vyhodna-nabidka-33345\/#primaryimage","url":"https:\/\/www.domtechnikpro.com\/wp-content\/uploads\/2026\/SK0001691-CZ20260425-092355-0-1777080235-27902_soudal-fix-all-flexi.webp","contentUrl":"https:\/\/www.domtechnikpro.com\/wp-content\/uploads\/2026\/SK0001691-CZ20260425-092355-0-1777080235-27902_soudal-fix-all-flexi.webp","width":1000,"height":750},{"@type":"BreadcrumbList","@id":"https:\/\/www.domtechnikpro.com\/index.php\/produkt\/soudal-fix-all-flexi-lepici-tmel-vyhodna-nabidka-33345\/#breadcrumb","itemListElement":[{"@type":"ListItem","position":1,"name":"Home","item":"https:\/\/www.domtechnikpro.com\/"},{"@type":"ListItem","position":2,"name":"Products","item":"https:\/\/www.domtechnikpro.com\/index.php\/products\/"},{"@type":"ListItem","position":3,"name":"Soudal Fix ALL FLEXI lepic\u00ed tmel V\u00fdhodn\u00e1 Nab\u00eddka"}]},{"@type":"WebSite","@id":"https:\/\/www.domtechnikpro.com\/#website","url":"https:\/\/www.domtechnikpro.com\/","name":"","description":"","potentialAction":[{"@type":"SearchAction","target":{"@type":"EntryPoint","urlTemplate":"https:\/\/www.domtechnikpro.com\/?s={search_term_string}"},"query-input":{"@type":"PropertyValueSpecification","valueRequired":true,"valueName":"search_term_string"}}],"inLanguage":"cs"}]}},"_links":{"self":[{"href":"https:\/\/www.domtechnikpro.com\/index.php\/wp-json\/wp\/v2\/product\/33345","targetHints":{"allow":["GET"]}}],"collection":[{"href":"https:\/\/www.domtechnikpro.com\/index.php\/wp-json\/wp\/v2\/product"}],"about":[{"href":"https:\/\/www.domtechnikpro.com\/index.php\/wp-json\/wp\/v2\/types\/product"}],"replies":[{"embeddable":true,"href":"https:\/\/www.domtechnikpro.com\/index.php\/wp-json\/wp\/v2\/comments?post=33345"}],"wp:featuredmedia":[{"embeddable":true,"href":"https:\/\/www.domtechnikpro.com\/index.php\/wp-json\/wp\/v2\/media\/33445"}],"wp:attachment":[{"href":"https:\/\/www.domtechnikpro.com\/index.php\/wp-json\/wp\/v2\/media?parent=33345"}],"wp:term":[{"taxonomy":"product_brand","embeddable":true,"href":"https:\/\/www.domtechnikpro.com\/index.php\/wp-json\/wp\/v2\/product_brand?post=33345"},{"taxonomy":"product_cat","embeddable":true,"href":"https:\/\/www.domtechnikpro.com\/index.php\/wp-json\/wp\/v2\/product_cat?post=33345"},{"taxonomy":"product_tag","embeddable":true,"href":"https:\/\/www.domtechnikpro.com\/index.php\/wp-json\/wp\/v2\/product_tag?post=33345"}],"curies":[{"name":"wp","href":"https:\/\/api.w.org\/{rel}","templated":true}]}}