{"id":33344,"date":"2026-04-26T08:57:23","date_gmt":"2026-04-26T08:57:23","guid":{"rendered":""},"modified":"2026-04-26T08:57:23","modified_gmt":"2026-04-26T08:57:23","slug":"soudal-cyanofix-84a-sekundove-lepidlo-vyhodna-nabidka-33344","status":"publish","type":"product","link":"https:\/\/www.domtechnikpro.com\/index.php\/produkt\/soudal-cyanofix-84a-sekundove-lepidlo-vyhodna-nabidka-33344\/","title":{"rendered":"Soudal Cyanofix 84A sekundov\u00e9 lepidlo V\u00fdhodn\u00e1 Nab\u00eddka"},"content":{"rendered":"<div class=\"basic-description\">\n<h3>Detailn\u00ed popis produktu<\/h3>\n<p>                                    Lepidlo je vhodn\u00e9 pro lepen\u00ed nepor\u00e9zn\u00edch materi\u00e1l\u016f jako porcel\u00e1n, terakota, sklo, slonov\u00e1 kost, k\u00e1men, drah\u00e9 kovy a r\u016fzn\u00e9 plasty krom\u011b PE, PP a PTFE.<\/p>\n<p>Barva: <br \/>transparent<\/p>\n<p>Balen\u00ed: <br \/>plastov\u00e1 lahvi\u010dka 20g<\/p>\n<p>Nan\u00e1\u0161en\u00ed:<br \/>Povrch o\u010dist\u011bte od prachu, mastnot a jin\u00fdch ne\u010distot, povrch mus\u00ed b\u00fdt hladk\u00fd a m\u00edt vhodnou sty\u010dnou plochu.<br \/>Naneste kapku lepidla na povrch jedn\u00e9 ze sty\u010dn\u00fdch ploch, spojte ob\u011b plochy (bez klouz\u00e1n\u00ed) a stiskn\u011bte asi na 1 min.<\/p>\n<p>\u010ci\u0161t\u011bn\u00ed: <br \/>\u010disti\u010dem white spirit (lakov\u00fd benz\u00edn) bezprost\u0159edn\u011b po aplikaci<\/p>\n<p>Pracovn\u00ed teplota: <br \/>+5\u00b0C a\u017e +30\u00b0C                            <\/div>\n<div class=\"extended-description\">\n<h3>Dopl\u0148kov\u00e9 parametry<\/h3>\n<table class=\"detail-parameters\">\n<tbody>\n<tr>\n<th>        <span class=\"row-header-label\">            Kategorie<span class=\"row-header-label-colon\">:<\/span>        <\/span>    <\/th>\n<td>        Vte\u0159inov\u00e9 lepidlo    <\/td>\n<\/tr>\n<\/tbody>\n<\/table><\/div>\n<\/p><\/div>\n<\/p><\/div>\n","protected":false},"excerpt":{"rendered":"<p>Detailn\u00ed popis produktu Lepidlo je vhodn\u00e9 pro lepen\u00ed nepor\u00e9zn\u00edch materi\u00e1l\u016f jako porcel\u00e1n, terakota, sklo, slonov\u00e1 kost, k\u00e1men, drah\u00e9 kovy a r\u016fzn\u00e9 plasty krom\u011b PE, PP a PTFE. Barva: transparent Balen\u00ed: plastov\u00e1 lahvi\u010dka 20g Nan\u00e1\u0161en\u00ed:Povrch o\u010dist\u011bte od prachu, mastnot a jin\u00fdch ne\u010distot, povrch mus\u00ed b\u00fdt hladk\u00fd a m\u00edt vhodnou sty\u010dnou plochu.Naneste kapku lepidla na povrch jedn\u00e9 [&hellip;]<\/p>\n","protected":false},"featured_media":33444,"comment_status":"open","ping_status":"open","template":"","meta":[],"product_brand":[],"product_cat":[124],"product_tag":[],"class_list":{"0":"post-33344","1":"product","2":"type-product","3":"status-publish","4":"has-post-thumbnail","6":"product_cat-lepidla-silikony-tmely-a-peny","8":"first","9":"instock","10":"sale","11":"shipping-taxable","12":"purchasable","13":"product-type-simple"},"yoast_head":"<!-- This site is optimized with the Yoast SEO plugin v26.8 - https:\/\/yoast.com\/product\/yoast-seo-wordpress\/ -->\n<title>Soudal Cyanofix 84A sekundov\u00e9 lepidlo V\u00fdhodn\u00e1 Nab\u00eddka -<\/title>\n<meta name=\"robots\" content=\"index, follow, max-snippet:-1, max-image-preview:large, max-video-preview:-1\" \/>\n<link rel=\"canonical\" href=\"https:\/\/www.domtechnikpro.com\/index.php\/produkt\/soudal-cyanofix-84a-sekundove-lepidlo-vyhodna-nabidka-33344\/\" \/>\n<meta property=\"og:locale\" content=\"cs_CZ\" \/>\n<meta property=\"og:type\" content=\"article\" \/>\n<meta property=\"og:title\" content=\"Soudal Cyanofix 84A sekundov\u00e9 lepidlo V\u00fdhodn\u00e1 Nab\u00eddka -\" \/>\n<meta property=\"og:description\" content=\"Detailn\u00ed popis produktu Lepidlo je vhodn\u00e9 pro lepen\u00ed nepor\u00e9zn\u00edch materi\u00e1l\u016f jako porcel\u00e1n, terakota, sklo, slonov\u00e1 kost, k\u00e1men, drah\u00e9 kovy a r\u016fzn\u00e9 plasty krom\u011b PE, PP a PTFE. Barva: transparent Balen\u00ed: plastov\u00e1 lahvi\u010dka 20g Nan\u00e1\u0161en\u00ed:Povrch o\u010dist\u011bte od prachu, mastnot a jin\u00fdch ne\u010distot, povrch mus\u00ed b\u00fdt hladk\u00fd a m\u00edt vhodnou sty\u010dnou plochu.Naneste kapku lepidla na povrch jedn\u00e9 [&hellip;]\" \/>\n<meta property=\"og:url\" content=\"https:\/\/www.domtechnikpro.com\/index.php\/produkt\/soudal-cyanofix-84a-sekundove-lepidlo-vyhodna-nabidka-33344\/\" \/>\n<meta property=\"og:image\" content=\"https:\/\/www.domtechnikpro.com\/wp-content\/uploads\/2026\/SK0001690-CZ20260425-092355-0-1777080235-27899_soudal-cyanofix-84a.webp\" \/>\n\t<meta property=\"og:image:width\" content=\"1000\" \/>\n\t<meta property=\"og:image:height\" content=\"750\" \/>\n\t<meta property=\"og:image:type\" content=\"image\/webp\" \/>\n<meta name=\"twitter:card\" content=\"summary_large_image\" \/>\n<meta name=\"twitter:label1\" content=\"Odhadovan\u00e1 doba \u010dten\u00ed\" \/>\n\t<meta name=\"twitter:data1\" content=\"1 minuta\" \/>\n<script type=\"application\/ld+json\" class=\"yoast-schema-graph\">{\"@context\":\"https:\/\/schema.org\",\"@graph\":[{\"@type\":\"WebPage\",\"@id\":\"https:\/\/www.domtechnikpro.com\/index.php\/produkt\/soudal-cyanofix-84a-sekundove-lepidlo-vyhodna-nabidka-33344\/\",\"url\":\"https:\/\/www.domtechnikpro.com\/index.php\/produkt\/soudal-cyanofix-84a-sekundove-lepidlo-vyhodna-nabidka-33344\/\",\"name\":\"Soudal Cyanofix 84A sekundov\u00e9 lepidlo V\u00fdhodn\u00e1 Nab\u00eddka -\",\"isPartOf\":{\"@id\":\"https:\/\/www.domtechnikpro.com\/#website\"},\"primaryImageOfPage\":{\"@id\":\"https:\/\/www.domtechnikpro.com\/index.php\/produkt\/soudal-cyanofix-84a-sekundove-lepidlo-vyhodna-nabidka-33344\/#primaryimage\"},\"image\":{\"@id\":\"https:\/\/www.domtechnikpro.com\/index.php\/produkt\/soudal-cyanofix-84a-sekundove-lepidlo-vyhodna-nabidka-33344\/#primaryimage\"},\"thumbnailUrl\":\"https:\/\/www.domtechnikpro.com\/wp-content\/uploads\/2026\/SK0001690-CZ20260425-092355-0-1777080235-27899_soudal-cyanofix-84a.webp\",\"datePublished\":\"2026-04-26T08:57:23+00:00\",\"breadcrumb\":{\"@id\":\"https:\/\/www.domtechnikpro.com\/index.php\/produkt\/soudal-cyanofix-84a-sekundove-lepidlo-vyhodna-nabidka-33344\/#breadcrumb\"},\"inLanguage\":\"cs\",\"potentialAction\":[{\"@type\":\"ReadAction\",\"target\":[\"https:\/\/www.domtechnikpro.com\/index.php\/produkt\/soudal-cyanofix-84a-sekundove-lepidlo-vyhodna-nabidka-33344\/\"]}]},{\"@type\":\"ImageObject\",\"inLanguage\":\"cs\",\"@id\":\"https:\/\/www.domtechnikpro.com\/index.php\/produkt\/soudal-cyanofix-84a-sekundove-lepidlo-vyhodna-nabidka-33344\/#primaryimage\",\"url\":\"https:\/\/www.domtechnikpro.com\/wp-content\/uploads\/2026\/SK0001690-CZ20260425-092355-0-1777080235-27899_soudal-cyanofix-84a.webp\",\"contentUrl\":\"https:\/\/www.domtechnikpro.com\/wp-content\/uploads\/2026\/SK0001690-CZ20260425-092355-0-1777080235-27899_soudal-cyanofix-84a.webp\",\"width\":1000,\"height\":750},{\"@type\":\"BreadcrumbList\",\"@id\":\"https:\/\/www.domtechnikpro.com\/index.php\/produkt\/soudal-cyanofix-84a-sekundove-lepidlo-vyhodna-nabidka-33344\/#breadcrumb\",\"itemListElement\":[{\"@type\":\"ListItem\",\"position\":1,\"name\":\"Home\",\"item\":\"https:\/\/www.domtechnikpro.com\/\"},{\"@type\":\"ListItem\",\"position\":2,\"name\":\"Products\",\"item\":\"https:\/\/www.domtechnikpro.com\/index.php\/products\/\"},{\"@type\":\"ListItem\",\"position\":3,\"name\":\"Soudal Cyanofix 84A sekundov\u00e9 lepidlo V\u00fdhodn\u00e1 Nab\u00eddka\"}]},{\"@type\":\"WebSite\",\"@id\":\"https:\/\/www.domtechnikpro.com\/#website\",\"url\":\"https:\/\/www.domtechnikpro.com\/\",\"name\":\"\",\"description\":\"\",\"potentialAction\":[{\"@type\":\"SearchAction\",\"target\":{\"@type\":\"EntryPoint\",\"urlTemplate\":\"https:\/\/www.domtechnikpro.com\/?s={search_term_string}\"},\"query-input\":{\"@type\":\"PropertyValueSpecification\",\"valueRequired\":true,\"valueName\":\"search_term_string\"}}],\"inLanguage\":\"cs\"}]}<\/script>\n<!-- \/ Yoast SEO plugin. -->","yoast_head_json":{"title":"Soudal Cyanofix 84A sekundov\u00e9 lepidlo V\u00fdhodn\u00e1 Nab\u00eddka -","robots":{"index":"index","follow":"follow","max-snippet":"max-snippet:-1","max-image-preview":"max-image-preview:large","max-video-preview":"max-video-preview:-1"},"canonical":"https:\/\/www.domtechnikpro.com\/index.php\/produkt\/soudal-cyanofix-84a-sekundove-lepidlo-vyhodna-nabidka-33344\/","og_locale":"cs_CZ","og_type":"article","og_title":"Soudal Cyanofix 84A sekundov\u00e9 lepidlo V\u00fdhodn\u00e1 Nab\u00eddka -","og_description":"Detailn\u00ed popis produktu Lepidlo je vhodn\u00e9 pro lepen\u00ed nepor\u00e9zn\u00edch materi\u00e1l\u016f jako porcel\u00e1n, terakota, sklo, slonov\u00e1 kost, k\u00e1men, drah\u00e9 kovy a r\u016fzn\u00e9 plasty krom\u011b PE, PP a PTFE. Barva: transparent Balen\u00ed: plastov\u00e1 lahvi\u010dka 20g Nan\u00e1\u0161en\u00ed:Povrch o\u010dist\u011bte od prachu, mastnot a jin\u00fdch ne\u010distot, povrch mus\u00ed b\u00fdt hladk\u00fd a m\u00edt vhodnou sty\u010dnou plochu.Naneste kapku lepidla na povrch jedn\u00e9 [&hellip;]","og_url":"https:\/\/www.domtechnikpro.com\/index.php\/produkt\/soudal-cyanofix-84a-sekundove-lepidlo-vyhodna-nabidka-33344\/","og_image":[{"width":1000,"height":750,"url":"https:\/\/www.domtechnikpro.com\/wp-content\/uploads\/2026\/SK0001690-CZ20260425-092355-0-1777080235-27899_soudal-cyanofix-84a.webp","type":"image\/webp"}],"twitter_card":"summary_large_image","twitter_misc":{"Odhadovan\u00e1 doba \u010dten\u00ed":"1 minuta"},"schema":{"@context":"https:\/\/schema.org","@graph":[{"@type":"WebPage","@id":"https:\/\/www.domtechnikpro.com\/index.php\/produkt\/soudal-cyanofix-84a-sekundove-lepidlo-vyhodna-nabidka-33344\/","url":"https:\/\/www.domtechnikpro.com\/index.php\/produkt\/soudal-cyanofix-84a-sekundove-lepidlo-vyhodna-nabidka-33344\/","name":"Soudal Cyanofix 84A sekundov\u00e9 lepidlo V\u00fdhodn\u00e1 Nab\u00eddka -","isPartOf":{"@id":"https:\/\/www.domtechnikpro.com\/#website"},"primaryImageOfPage":{"@id":"https:\/\/www.domtechnikpro.com\/index.php\/produkt\/soudal-cyanofix-84a-sekundove-lepidlo-vyhodna-nabidka-33344\/#primaryimage"},"image":{"@id":"https:\/\/www.domtechnikpro.com\/index.php\/produkt\/soudal-cyanofix-84a-sekundove-lepidlo-vyhodna-nabidka-33344\/#primaryimage"},"thumbnailUrl":"https:\/\/www.domtechnikpro.com\/wp-content\/uploads\/2026\/SK0001690-CZ20260425-092355-0-1777080235-27899_soudal-cyanofix-84a.webp","datePublished":"2026-04-26T08:57:23+00:00","breadcrumb":{"@id":"https:\/\/www.domtechnikpro.com\/index.php\/produkt\/soudal-cyanofix-84a-sekundove-lepidlo-vyhodna-nabidka-33344\/#breadcrumb"},"inLanguage":"cs","potentialAction":[{"@type":"ReadAction","target":["https:\/\/www.domtechnikpro.com\/index.php\/produkt\/soudal-cyanofix-84a-sekundove-lepidlo-vyhodna-nabidka-33344\/"]}]},{"@type":"ImageObject","inLanguage":"cs","@id":"https:\/\/www.domtechnikpro.com\/index.php\/produkt\/soudal-cyanofix-84a-sekundove-lepidlo-vyhodna-nabidka-33344\/#primaryimage","url":"https:\/\/www.domtechnikpro.com\/wp-content\/uploads\/2026\/SK0001690-CZ20260425-092355-0-1777080235-27899_soudal-cyanofix-84a.webp","contentUrl":"https:\/\/www.domtechnikpro.com\/wp-content\/uploads\/2026\/SK0001690-CZ20260425-092355-0-1777080235-27899_soudal-cyanofix-84a.webp","width":1000,"height":750},{"@type":"BreadcrumbList","@id":"https:\/\/www.domtechnikpro.com\/index.php\/produkt\/soudal-cyanofix-84a-sekundove-lepidlo-vyhodna-nabidka-33344\/#breadcrumb","itemListElement":[{"@type":"ListItem","position":1,"name":"Home","item":"https:\/\/www.domtechnikpro.com\/"},{"@type":"ListItem","position":2,"name":"Products","item":"https:\/\/www.domtechnikpro.com\/index.php\/products\/"},{"@type":"ListItem","position":3,"name":"Soudal Cyanofix 84A sekundov\u00e9 lepidlo V\u00fdhodn\u00e1 Nab\u00eddka"}]},{"@type":"WebSite","@id":"https:\/\/www.domtechnikpro.com\/#website","url":"https:\/\/www.domtechnikpro.com\/","name":"","description":"","potentialAction":[{"@type":"SearchAction","target":{"@type":"EntryPoint","urlTemplate":"https:\/\/www.domtechnikpro.com\/?s={search_term_string}"},"query-input":{"@type":"PropertyValueSpecification","valueRequired":true,"valueName":"search_term_string"}}],"inLanguage":"cs"}]}},"_links":{"self":[{"href":"https:\/\/www.domtechnikpro.com\/index.php\/wp-json\/wp\/v2\/product\/33344","targetHints":{"allow":["GET"]}}],"collection":[{"href":"https:\/\/www.domtechnikpro.com\/index.php\/wp-json\/wp\/v2\/product"}],"about":[{"href":"https:\/\/www.domtechnikpro.com\/index.php\/wp-json\/wp\/v2\/types\/product"}],"replies":[{"embeddable":true,"href":"https:\/\/www.domtechnikpro.com\/index.php\/wp-json\/wp\/v2\/comments?post=33344"}],"wp:featuredmedia":[{"embeddable":true,"href":"https:\/\/www.domtechnikpro.com\/index.php\/wp-json\/wp\/v2\/media\/33444"}],"wp:attachment":[{"href":"https:\/\/www.domtechnikpro.com\/index.php\/wp-json\/wp\/v2\/media?parent=33344"}],"wp:term":[{"taxonomy":"product_brand","embeddable":true,"href":"https:\/\/www.domtechnikpro.com\/index.php\/wp-json\/wp\/v2\/product_brand?post=33344"},{"taxonomy":"product_cat","embeddable":true,"href":"https:\/\/www.domtechnikpro.com\/index.php\/wp-json\/wp\/v2\/product_cat?post=33344"},{"taxonomy":"product_tag","embeddable":true,"href":"https:\/\/www.domtechnikpro.com\/index.php\/wp-json\/wp\/v2\/product_tag?post=33344"}],"curies":[{"name":"wp","href":"https:\/\/api.w.org\/{rel}","templated":true}]}}