{"id":33343,"date":"2026-04-26T08:57:23","date_gmt":"2026-04-26T08:57:23","guid":{"rendered":""},"modified":"2026-04-26T08:57:23","modified_gmt":"2026-04-26T08:57:23","slug":"dokud-zasoby-vydrzi-soudal-butyrub-33343","status":"publish","type":"product","link":"https:\/\/www.domtechnikpro.com\/index.php\/produkt\/dokud-zasoby-vydrzi-soudal-butyrub-33343\/","title":{"rendered":"Dokud Z\u00e1soby Vydr\u017e\u00ed Soudal Butyrub"},"content":{"rendered":"<div class=\"basic-description\">\n<h3>Detailn\u00ed popis produktu<\/h3>\n<p>                                    Soudal Butyrub<br \/>pro sp\u00e1rov\u00e1n\u00ed mezi segmenty panelov\u00fdch dom\u016f, zaskl\u00edvac\u00ed tmelen\u00ed sklen\u00edk\u016f, tmelen\u00ed spoj\u016f kanaliza\u010dn\u00edch a odpadn\u00edch \u0159\u00e1d\u016f. Z\u016fst\u00e1v\u00e1 trvale plastick\u00fd, na povrchu vytv\u00e1\u0159\u00ed hladkou elastickou slupku. P\u0159et\u00edrateln\u00fd po 24 hodin\u00e1ch, nevytv\u00e1\u0159\u00ed skvrny na por\u00e9zn\u00edch materi\u00e1lech. Velmi dob\u0159e p\u0159ilne na ve\u0161ker\u00e9 stavebn\u00ed podklady.<\/p>\n<p>Ccharakteristika:<br \/>&#8211; z\u016fst\u00e1v\u00e1 trvale plastick\u00fd, na povrchu vytv\u00e1\u0159\u00ed hladkou elastickou slupku<br \/>&#8211; p\u0159et\u00edrateln\u00fd po 24 hodin\u00e1ch<br \/>&#8211; nevytv\u00e1\u0159\u00ed skvrny na por\u00e9zn\u00edch materi\u00e1lech<br \/>&#8211; velmi dobr\u00e1 p\u0159ilnavost na v\u0161echny such\u00e9 materi\u00e1ly<\/p>\n<p>P\u0159\u00edklady pou\u017eit\u00ed:<br \/>&#8211; v\u0161echny spoje s mal\u00fdm pohybem (max. 7 %)<br \/>&#8211; pln\u00edc\u00ed tmel pro nejr\u016fzn\u011bj\u0161\u00ed stavebn\u00ed aplikace<br \/>&#8211; zaskl\u00edvac\u00ed tmelen\u00ed sklen\u00edk\u016f<br \/>&#8211; tmelen\u00ed spoj\u016f kanaliza\u010dn\u00edch a odpadn\u00edch \u0159\u00e1d\u016f<\/p>\n<p>Proveden\u00ed.<br \/>Barva:<br \/>b\u00edl\u00e1, \u0161ed\u00e1, \u010dern\u00e1<\/p>\n<p>Balen\u00ed:<br \/>kartu\u0161e 310 ml, hlin\u00edkov\u00e1 st\u0159eva 600 ml<\/p>\n<p>Skladovatelnost:<br \/>v p\u016fvodn\u00edm obalu p\u0159i teplot\u00e1ch +5\u00b0C a\u017e +25\u00b0C.<\/p>\n<p>Podklady.<br \/>Vhodn\u00e9 povrchy:<br \/>v\u0161echny sav\u00e9 i nesav\u00e9 podklady jako d\u0159evo, beton, k\u00e1men a ostatn\u00ed b\u011b\u017en\u00e9 stavebn\u00ed materi\u00e1ly mimo PE, PP, teflon a bitumen (asfalt).<\/p>\n<p>Stav povrchu:<br \/>\u010dist\u00fd, such\u00fd, bez mastnot a prachu<\/p>\n<p>P\u0159\u00edprava:<br \/>nen\u00ed nutn\u00e1<br \/>Doporu\u010dujeme prov\u00e9st p\u0159edb\u011b\u017en\u00fd test p\u0159ilnavosti.<\/p>\n<p>Velikost sp\u00e1ry.<br \/>Minim\u00e1ln\u00ed \u0161\u00ed\u0159ka:<br \/>5 mm<\/p>\n<p>Maxim\u00e1ln\u00ed \u0161\u00ed\u0159ka:<br \/>20 mm<\/p>\n<p>Minim\u00e1ln\u00ed hloubka:<br \/>5 mm<\/p>\n<p>Doporu\u010den\u00ed:<br \/>hloubka sp\u00e1ry = \u0161\u00ed\u0159ka sp\u00e1ry<br \/>Pro vymezen\u00ed hloubky sp\u00e1ry a zabr\u00e1n\u011bn\u00ed p\u0159ilnut\u00ed tmelu na jej\u00ed dno v\u017edy pou\u017eijte nep\u0159ilnav\u00fd materi\u00e1l nap\u0159. PE t\u011bsn\u00edc\u00ed tmela\u0159skou \u0161\u0148\u016fru.<\/p>\n<p>Pracovn\u00ed postup.<br \/>Nan\u00e1\u0161en\u00ed:<br \/>Tmel nan\u00e1\u0161ejte pomoc\u00ed mechanick\u00e9 nebo pneumatick\u00e9 vytla\u010dovac\u00ed pistole. Povrch upravte Tmela\u0159skou st\u011brkou.<\/p>\n<p>Pracovn\u00ed teplota:<br \/>+5\u00b0C a\u017e +30\u00b0C<\/p>\n<p>\u010ci\u0161t\u011bn\u00ed:<br \/>Nevytvrzen\u00fd Butyrub \u010dist\u011bte bezprost\u0159edn\u011b po aplikaci White Spiritem (lakov\u00fd benz\u00edn). Vytvrzen\u00fd tmel pouze mechanicky.<\/p>\n<p>Uhlazov\u00e1n\u00ed povrchu:<br \/>m\u00fddlovou vodou, Soudal vyhlazova\u010d povrchu tmel\u016f <\/p>\n<p>Opravy:<br \/>Butyrub<\/p>\n<p>Pozn\u00e1mka:<br \/>&#8211; Nepou\u017e\u00edvejte v m\u00edstech, kde hroz\u00ed trval\u00e9 zamok\u0159en\u00ed <br \/>&#8211; Butyrub m\u016f\u017ee b\u00fdt p\u0159et\u00edr\u00e1n v\u011bt\u0161inou dostupn\u00fdch barev<br \/>&#8211; Pou\u017eit\u00e9 n\u00e1t\u011bry by m\u011bly b\u00fdt dostate\u010dn\u011b pru\u017en\u00e9 pro aplikaci na plastick\u00fd tmel<br \/>&#8211; Doporu\u010dujeme v\u017edy prov\u00e9st test slu\u010ditelnosti barvy a tmelu.<br \/>&#8211; Nepou\u017e\u00edvejte pro zaskl\u00edv\u00e1n\u00ed izola\u010dn\u00edch dvojskel a bezpe\u010dnostn\u00edch skel<br \/>&#8211; Nepou\u017e\u00edvejte pro sp\u00e1rov\u00e1n\u00ed p\u0159\u00edrodn\u00edch kamen\u016f jako mramor a \u017eula, pro tyto p\u0159\u00edpady pou\u017eijte Silirub MA<\/p>\n<p>Bezpe\u010dnost:<br \/>Dodr\u017eujte b\u011b\u017en\u00e9 podm\u00ednky hygieny a bezpe\u010dnosti pr\u00e1ce. Dal\u0161\u00ed pokyny viz etiketa v\u00fdrobku.                            <\/div>\n<div class=\"extended-description\">\n<h3>Dopl\u0148kov\u00e9 parametry<\/h3>\n<table class=\"detail-parameters\">\n<tbody>\n<tr>\n<th>        <span class=\"row-header-label\">            Kategorie<span class=\"row-header-label-colon\">:<\/span>        <\/span>    <\/th>\n<td>        Bitumenov\u00fd tmel    <\/td>\n<\/tr>\n<\/tbody>\n<\/table><\/div>\n<\/p><\/div>\n<\/p><\/div>\n","protected":false},"excerpt":{"rendered":"<p>Detailn\u00ed popis produktu Soudal Butyrubpro sp\u00e1rov\u00e1n\u00ed mezi segmenty panelov\u00fdch dom\u016f, zaskl\u00edvac\u00ed tmelen\u00ed sklen\u00edk\u016f, tmelen\u00ed spoj\u016f kanaliza\u010dn\u00edch a odpadn\u00edch \u0159\u00e1d\u016f. Z\u016fst\u00e1v\u00e1 trvale plastick\u00fd, na povrchu vytv\u00e1\u0159\u00ed hladkou elastickou slupku. P\u0159et\u00edrateln\u00fd po 24 hodin\u00e1ch, nevytv\u00e1\u0159\u00ed skvrny na por\u00e9zn\u00edch materi\u00e1lech. Velmi dob\u0159e p\u0159ilne na ve\u0161ker\u00e9 stavebn\u00ed podklady. Ccharakteristika:&#8211; z\u016fst\u00e1v\u00e1 trvale plastick\u00fd, na povrchu vytv\u00e1\u0159\u00ed hladkou elastickou slupku&#8211; p\u0159et\u00edrateln\u00fd [&hellip;]<\/p>\n","protected":false},"featured_media":33443,"comment_status":"open","ping_status":"open","template":"","meta":[],"product_brand":[],"product_cat":[124],"product_tag":[],"class_list":{"0":"post-33343","1":"product","2":"type-product","3":"status-publish","4":"has-post-thumbnail","6":"product_cat-lepidla-silikony-tmely-a-peny","8":"first","9":"instock","10":"sale","11":"shipping-taxable","12":"purchasable","13":"product-type-simple"},"yoast_head":"<!-- This site is optimized with the Yoast SEO plugin v26.8 - https:\/\/yoast.com\/product\/yoast-seo-wordpress\/ -->\n<title>Dokud Z\u00e1soby Vydr\u017e\u00ed Soudal Butyrub -<\/title>\n<meta name=\"robots\" content=\"index, follow, max-snippet:-1, max-image-preview:large, max-video-preview:-1\" \/>\n<link rel=\"canonical\" href=\"https:\/\/www.domtechnikpro.com\/index.php\/produkt\/dokud-zasoby-vydrzi-soudal-butyrub-33343\/\" \/>\n<meta property=\"og:locale\" content=\"cs_CZ\" \/>\n<meta property=\"og:type\" content=\"article\" \/>\n<meta property=\"og:title\" content=\"Dokud Z\u00e1soby Vydr\u017e\u00ed Soudal Butyrub -\" \/>\n<meta property=\"og:description\" content=\"Detailn\u00ed popis produktu Soudal Butyrubpro sp\u00e1rov\u00e1n\u00ed mezi segmenty panelov\u00fdch dom\u016f, zaskl\u00edvac\u00ed tmelen\u00ed sklen\u00edk\u016f, tmelen\u00ed spoj\u016f kanaliza\u010dn\u00edch a odpadn\u00edch \u0159\u00e1d\u016f. Z\u016fst\u00e1v\u00e1 trvale plastick\u00fd, na povrchu vytv\u00e1\u0159\u00ed hladkou elastickou slupku. P\u0159et\u00edrateln\u00fd po 24 hodin\u00e1ch, nevytv\u00e1\u0159\u00ed skvrny na por\u00e9zn\u00edch materi\u00e1lech. Velmi dob\u0159e p\u0159ilne na ve\u0161ker\u00e9 stavebn\u00ed podklady. Ccharakteristika:&#8211; z\u016fst\u00e1v\u00e1 trvale plastick\u00fd, na povrchu vytv\u00e1\u0159\u00ed hladkou elastickou slupku&#8211; p\u0159et\u00edrateln\u00fd [&hellip;]\" \/>\n<meta property=\"og:url\" content=\"https:\/\/www.domtechnikpro.com\/index.php\/produkt\/dokud-zasoby-vydrzi-soudal-butyrub-33343\/\" \/>\n<meta property=\"og:image\" content=\"https:\/\/www.domtechnikpro.com\/wp-content\/uploads\/2026\/SK0001689-CZ20260425-092355-0-1777080235-27896_soudal-butyrub.webp\" \/>\n\t<meta property=\"og:image:width\" content=\"1000\" \/>\n\t<meta property=\"og:image:height\" content=\"750\" \/>\n\t<meta property=\"og:image:type\" content=\"image\/webp\" \/>\n<meta name=\"twitter:card\" content=\"summary_large_image\" \/>\n<meta name=\"twitter:label1\" content=\"Odhadovan\u00e1 doba \u010dten\u00ed\" \/>\n\t<meta name=\"twitter:data1\" content=\"2 minuty\" \/>\n<script type=\"application\/ld+json\" class=\"yoast-schema-graph\">{\"@context\":\"https:\/\/schema.org\",\"@graph\":[{\"@type\":\"WebPage\",\"@id\":\"https:\/\/www.domtechnikpro.com\/index.php\/produkt\/dokud-zasoby-vydrzi-soudal-butyrub-33343\/\",\"url\":\"https:\/\/www.domtechnikpro.com\/index.php\/produkt\/dokud-zasoby-vydrzi-soudal-butyrub-33343\/\",\"name\":\"Dokud Z\u00e1soby Vydr\u017e\u00ed Soudal Butyrub -\",\"isPartOf\":{\"@id\":\"https:\/\/www.domtechnikpro.com\/#website\"},\"primaryImageOfPage\":{\"@id\":\"https:\/\/www.domtechnikpro.com\/index.php\/produkt\/dokud-zasoby-vydrzi-soudal-butyrub-33343\/#primaryimage\"},\"image\":{\"@id\":\"https:\/\/www.domtechnikpro.com\/index.php\/produkt\/dokud-zasoby-vydrzi-soudal-butyrub-33343\/#primaryimage\"},\"thumbnailUrl\":\"https:\/\/www.domtechnikpro.com\/wp-content\/uploads\/2026\/SK0001689-CZ20260425-092355-0-1777080235-27896_soudal-butyrub.webp\",\"datePublished\":\"2026-04-26T08:57:23+00:00\",\"breadcrumb\":{\"@id\":\"https:\/\/www.domtechnikpro.com\/index.php\/produkt\/dokud-zasoby-vydrzi-soudal-butyrub-33343\/#breadcrumb\"},\"inLanguage\":\"cs\",\"potentialAction\":[{\"@type\":\"ReadAction\",\"target\":[\"https:\/\/www.domtechnikpro.com\/index.php\/produkt\/dokud-zasoby-vydrzi-soudal-butyrub-33343\/\"]}]},{\"@type\":\"ImageObject\",\"inLanguage\":\"cs\",\"@id\":\"https:\/\/www.domtechnikpro.com\/index.php\/produkt\/dokud-zasoby-vydrzi-soudal-butyrub-33343\/#primaryimage\",\"url\":\"https:\/\/www.domtechnikpro.com\/wp-content\/uploads\/2026\/SK0001689-CZ20260425-092355-0-1777080235-27896_soudal-butyrub.webp\",\"contentUrl\":\"https:\/\/www.domtechnikpro.com\/wp-content\/uploads\/2026\/SK0001689-CZ20260425-092355-0-1777080235-27896_soudal-butyrub.webp\",\"width\":1000,\"height\":750},{\"@type\":\"BreadcrumbList\",\"@id\":\"https:\/\/www.domtechnikpro.com\/index.php\/produkt\/dokud-zasoby-vydrzi-soudal-butyrub-33343\/#breadcrumb\",\"itemListElement\":[{\"@type\":\"ListItem\",\"position\":1,\"name\":\"Home\",\"item\":\"https:\/\/www.domtechnikpro.com\/\"},{\"@type\":\"ListItem\",\"position\":2,\"name\":\"Products\",\"item\":\"https:\/\/www.domtechnikpro.com\/index.php\/products\/\"},{\"@type\":\"ListItem\",\"position\":3,\"name\":\"Dokud Z\u00e1soby Vydr\u017e\u00ed Soudal Butyrub\"}]},{\"@type\":\"WebSite\",\"@id\":\"https:\/\/www.domtechnikpro.com\/#website\",\"url\":\"https:\/\/www.domtechnikpro.com\/\",\"name\":\"\",\"description\":\"\",\"potentialAction\":[{\"@type\":\"SearchAction\",\"target\":{\"@type\":\"EntryPoint\",\"urlTemplate\":\"https:\/\/www.domtechnikpro.com\/?s={search_term_string}\"},\"query-input\":{\"@type\":\"PropertyValueSpecification\",\"valueRequired\":true,\"valueName\":\"search_term_string\"}}],\"inLanguage\":\"cs\"}]}<\/script>\n<!-- \/ Yoast SEO plugin. -->","yoast_head_json":{"title":"Dokud Z\u00e1soby Vydr\u017e\u00ed Soudal Butyrub -","robots":{"index":"index","follow":"follow","max-snippet":"max-snippet:-1","max-image-preview":"max-image-preview:large","max-video-preview":"max-video-preview:-1"},"canonical":"https:\/\/www.domtechnikpro.com\/index.php\/produkt\/dokud-zasoby-vydrzi-soudal-butyrub-33343\/","og_locale":"cs_CZ","og_type":"article","og_title":"Dokud Z\u00e1soby Vydr\u017e\u00ed Soudal Butyrub -","og_description":"Detailn\u00ed popis produktu Soudal Butyrubpro sp\u00e1rov\u00e1n\u00ed mezi segmenty panelov\u00fdch dom\u016f, zaskl\u00edvac\u00ed tmelen\u00ed sklen\u00edk\u016f, tmelen\u00ed spoj\u016f kanaliza\u010dn\u00edch a odpadn\u00edch \u0159\u00e1d\u016f. Z\u016fst\u00e1v\u00e1 trvale plastick\u00fd, na povrchu vytv\u00e1\u0159\u00ed hladkou elastickou slupku. P\u0159et\u00edrateln\u00fd po 24 hodin\u00e1ch, nevytv\u00e1\u0159\u00ed skvrny na por\u00e9zn\u00edch materi\u00e1lech. Velmi dob\u0159e p\u0159ilne na ve\u0161ker\u00e9 stavebn\u00ed podklady. Ccharakteristika:&#8211; z\u016fst\u00e1v\u00e1 trvale plastick\u00fd, na povrchu vytv\u00e1\u0159\u00ed hladkou elastickou slupku&#8211; p\u0159et\u00edrateln\u00fd [&hellip;]","og_url":"https:\/\/www.domtechnikpro.com\/index.php\/produkt\/dokud-zasoby-vydrzi-soudal-butyrub-33343\/","og_image":[{"width":1000,"height":750,"url":"https:\/\/www.domtechnikpro.com\/wp-content\/uploads\/2026\/SK0001689-CZ20260425-092355-0-1777080235-27896_soudal-butyrub.webp","type":"image\/webp"}],"twitter_card":"summary_large_image","twitter_misc":{"Odhadovan\u00e1 doba \u010dten\u00ed":"2 minuty"},"schema":{"@context":"https:\/\/schema.org","@graph":[{"@type":"WebPage","@id":"https:\/\/www.domtechnikpro.com\/index.php\/produkt\/dokud-zasoby-vydrzi-soudal-butyrub-33343\/","url":"https:\/\/www.domtechnikpro.com\/index.php\/produkt\/dokud-zasoby-vydrzi-soudal-butyrub-33343\/","name":"Dokud Z\u00e1soby Vydr\u017e\u00ed Soudal Butyrub -","isPartOf":{"@id":"https:\/\/www.domtechnikpro.com\/#website"},"primaryImageOfPage":{"@id":"https:\/\/www.domtechnikpro.com\/index.php\/produkt\/dokud-zasoby-vydrzi-soudal-butyrub-33343\/#primaryimage"},"image":{"@id":"https:\/\/www.domtechnikpro.com\/index.php\/produkt\/dokud-zasoby-vydrzi-soudal-butyrub-33343\/#primaryimage"},"thumbnailUrl":"https:\/\/www.domtechnikpro.com\/wp-content\/uploads\/2026\/SK0001689-CZ20260425-092355-0-1777080235-27896_soudal-butyrub.webp","datePublished":"2026-04-26T08:57:23+00:00","breadcrumb":{"@id":"https:\/\/www.domtechnikpro.com\/index.php\/produkt\/dokud-zasoby-vydrzi-soudal-butyrub-33343\/#breadcrumb"},"inLanguage":"cs","potentialAction":[{"@type":"ReadAction","target":["https:\/\/www.domtechnikpro.com\/index.php\/produkt\/dokud-zasoby-vydrzi-soudal-butyrub-33343\/"]}]},{"@type":"ImageObject","inLanguage":"cs","@id":"https:\/\/www.domtechnikpro.com\/index.php\/produkt\/dokud-zasoby-vydrzi-soudal-butyrub-33343\/#primaryimage","url":"https:\/\/www.domtechnikpro.com\/wp-content\/uploads\/2026\/SK0001689-CZ20260425-092355-0-1777080235-27896_soudal-butyrub.webp","contentUrl":"https:\/\/www.domtechnikpro.com\/wp-content\/uploads\/2026\/SK0001689-CZ20260425-092355-0-1777080235-27896_soudal-butyrub.webp","width":1000,"height":750},{"@type":"BreadcrumbList","@id":"https:\/\/www.domtechnikpro.com\/index.php\/produkt\/dokud-zasoby-vydrzi-soudal-butyrub-33343\/#breadcrumb","itemListElement":[{"@type":"ListItem","position":1,"name":"Home","item":"https:\/\/www.domtechnikpro.com\/"},{"@type":"ListItem","position":2,"name":"Products","item":"https:\/\/www.domtechnikpro.com\/index.php\/products\/"},{"@type":"ListItem","position":3,"name":"Dokud Z\u00e1soby Vydr\u017e\u00ed Soudal Butyrub"}]},{"@type":"WebSite","@id":"https:\/\/www.domtechnikpro.com\/#website","url":"https:\/\/www.domtechnikpro.com\/","name":"","description":"","potentialAction":[{"@type":"SearchAction","target":{"@type":"EntryPoint","urlTemplate":"https:\/\/www.domtechnikpro.com\/?s={search_term_string}"},"query-input":{"@type":"PropertyValueSpecification","valueRequired":true,"valueName":"search_term_string"}}],"inLanguage":"cs"}]}},"_links":{"self":[{"href":"https:\/\/www.domtechnikpro.com\/index.php\/wp-json\/wp\/v2\/product\/33343","targetHints":{"allow":["GET"]}}],"collection":[{"href":"https:\/\/www.domtechnikpro.com\/index.php\/wp-json\/wp\/v2\/product"}],"about":[{"href":"https:\/\/www.domtechnikpro.com\/index.php\/wp-json\/wp\/v2\/types\/product"}],"replies":[{"embeddable":true,"href":"https:\/\/www.domtechnikpro.com\/index.php\/wp-json\/wp\/v2\/comments?post=33343"}],"wp:featuredmedia":[{"embeddable":true,"href":"https:\/\/www.domtechnikpro.com\/index.php\/wp-json\/wp\/v2\/media\/33443"}],"wp:attachment":[{"href":"https:\/\/www.domtechnikpro.com\/index.php\/wp-json\/wp\/v2\/media?parent=33343"}],"wp:term":[{"taxonomy":"product_brand","embeddable":true,"href":"https:\/\/www.domtechnikpro.com\/index.php\/wp-json\/wp\/v2\/product_brand?post=33343"},{"taxonomy":"product_cat","embeddable":true,"href":"https:\/\/www.domtechnikpro.com\/index.php\/wp-json\/wp\/v2\/product_cat?post=33343"},{"taxonomy":"product_tag","embeddable":true,"href":"https:\/\/www.domtechnikpro.com\/index.php\/wp-json\/wp\/v2\/product_tag?post=33343"}],"curies":[{"name":"wp","href":"https:\/\/api.w.org\/{rel}","templated":true}]}}