{"id":33342,"date":"2026-04-26T08:57:23","date_gmt":"2026-04-26T08:57:23","guid":{"rendered":""},"modified":"2026-04-26T08:57:23","modified_gmt":"2026-04-26T08:57:23","slug":"soudal-brousitelny-tmel-bily-specialni-cena-33342","status":"publish","type":"product","link":"https:\/\/www.domtechnikpro.com\/index.php\/produkt\/soudal-brousitelny-tmel-bily-specialni-cena-33342\/","title":{"rendered":"Soudal Brousiteln\u00fd tmel b\u00edl\u00fd Speci\u00e1ln\u00ed Cena"},"content":{"rendered":"<div class=\"basic-description\">\n<h3>Detailn\u00ed popis produktu<\/h3>\n<p>                                    Soudal brousiteln\u00fd tmel<br \/>&#8211; velmi dob\u0159e zpracovateln\u00fd<br \/>&#8211; v\u00fdborn\u00e1 p\u0159ilnavost na zdivo i dal\u0161\u00ed sav\u00e9 podklady<br \/>&#8211; po vytvrzen\u00ed snadno brousiteln\u00fd<br \/>&#8211; rychle zasych\u00e1<\/p>\n<p>P\u0159\u00edklady pou\u017eit\u00ed:<br \/>&#8211; tmelen\u00ed sp\u00e1r a vyrovn\u00e1v\u00e1n\u00ed povrch\u016f om\u00edtek<br \/>&#8211; vyrovn\u00e1v\u00e1n\u00ed d\u0159ev\u011bn\u00fdch, d\u0159evot\u0159\u00edskov\u00fdch a cementot\u0159\u00edskov\u00fdch povrch\u016f<br \/>&#8211; snadn\u00e9 lok\u00e1ln\u00ed opravy d\u011br a prasklin<br \/>&#8211; vyrovn\u00e1n\u00ed povrch\u016f st\u011bn p\u0159ed malov\u00e1n\u00edm<\/p>\n<p>Proveden\u00ed.<br \/>Barva:<br \/>b\u00edl\u00e1<\/p>\n<p>Balen\u00ed:<br \/>kartu\u0161e 300ml, 500g<\/p>\n<p>Vydatnost:<br \/>(celoplo\u0161n\u00e1 aplikace v jedn\u00e9 vrstv\u011b) 1,5- 3 m2\/1kg<\/p>\n<p>Skladovatelnost:<br \/>P\u0159i teplot\u00e1ch +5\u00b0C a\u017e +25\u00b0C. Chr\u00e1nit p\u0159ed mrazem!<\/p>\n<p>Podklady.<br \/>Vhodn\u00e9 povrchy:<br \/>v\u0161echny typy sav\u00fdch om\u00edtek, obvykl\u00e9 d\u0159ev\u011bn\u00e9 povrchy a podklady kompozitn\u00edch a vstven\u00fdch desek na b\u00e1zi d\u0159eva<\/p>\n<p>Stav povrchu: <br \/>\u010dist\u00fd, such\u00fd bez prachu a mastnoty<\/p>\n<p>P\u0159\u00edprava: <br \/>nesoudr\u017en\u00e9 povrchy mus\u00ed b\u00fdt zpevn\u011bny nap\u0159. Akryl\u00e1tovou penetrac\u00ed Soudal,<br \/>Doporu\u010duje v\u017edy prov\u00e9st p\u0159edb\u011b\u017en\u00fd test p\u0159ilnavosti.<\/p>\n<p>Velikost sp\u00e1ry.<br \/>Plo\u0161n\u00e9 opravy: <br \/>optim\u00e1ln\u00ed s\u00edla v rozmez\u00ed cca 2 &#8211; 5 mm\/1 vrstva<br \/>Maxim\u00e1ln\u00ed s\u00edla vrstvy: <br \/>3 &#8211; 5 mm ( s rostouc\u00ed s\u00edlou vrstvy roste mo\u017enost vzniku smr\u0161\u0165ovac\u00edch trhlin)<\/p>\n<p>Doporu\u010den\u00ed: <br \/>v\u011bt\u0161\u00ed defekty opravujeme po vrstv\u00e1ch, ka\u017ed\u00e1 p\u0159edchoz\u00ed mus\u00ed v\u017edy dokonale vyschnout p\u0159ed aplikac\u00ed nov\u00e9 vrstvy<\/p>\n<p>Pracovn\u00ed postup.<br \/>Nan\u00e1\u0161en\u00ed: <br \/>kovovou \u0161pachtl\u00ed nebo velkoplo\u0161nou hladkou st\u011brkou.<\/p>\n<p>Doba vytvrzov\u00e1n\u00ed: <br \/>z\u00e1vis\u00ed na konkr\u00e9tn\u00edch podm\u00ednk\u00e1ch jako teplota, vlhkost, proud\u011bn\u00ed vzduchu a na tlou\u0161\u0165ce vrstvy (povrch je brousiteln\u00fd za ide\u00e1ln\u00edch podm\u00ednek ji\u017e po 2 hod.)<br \/>stup. 2 max. 2 hod.<br \/>stup. 4 max. 24 hod.<br \/>dle \u010cSN 67 3052 a \u010cSN EN ISO 1517<\/p>\n<p>\u0158ed\u011bn\u00ed: <br \/>konzistenci m\u016f\u017eeme upravit vodou, tmel v\u0161ak nesm\u00ed st\u00e9kat<\/p>\n<p>\u010ci\u0161t\u011bn\u00ed: <br \/>Bezprost\u0159edn\u011b po aplikaci vodou.<\/p>\n<p>Pracovn\u00ed teplota:<br \/>+5\u00b0C a\u017e +30\u00b0C.<\/p>\n<p>Opravy: <br \/>Brousiteln\u00fd tmel Soudal<\/p>\n<p>Pozn\u00e1mka:<br \/>V exteri\u00e9ru je tmelen\u00fd povrch nutno o\u0161et\u0159it vhodn\u00fdm n\u00e1t\u011brem                            <\/div>\n<div class=\"extended-description\">\n<h3>Dopl\u0148kov\u00e9 parametry<\/h3>\n<table class=\"detail-parameters\">\n<tbody>\n<tr>\n<th>        <span class=\"row-header-label\">            Kategorie<span class=\"row-header-label-colon\">:<\/span>        <\/span>    <\/th>\n<td>        Tmely na beton a zdivo    <\/td>\n<\/tr>\n<\/tbody>\n<\/table><\/div>\n<\/p><\/div>\n<\/p><\/div>\n","protected":false},"excerpt":{"rendered":"<p>Detailn\u00ed popis produktu Soudal brousiteln\u00fd tmel&#8211; velmi dob\u0159e zpracovateln\u00fd&#8211; v\u00fdborn\u00e1 p\u0159ilnavost na zdivo i dal\u0161\u00ed sav\u00e9 podklady&#8211; po vytvrzen\u00ed snadno brousiteln\u00fd&#8211; rychle zasych\u00e1 P\u0159\u00edklady pou\u017eit\u00ed:&#8211; tmelen\u00ed sp\u00e1r a vyrovn\u00e1v\u00e1n\u00ed povrch\u016f om\u00edtek&#8211; vyrovn\u00e1v\u00e1n\u00ed d\u0159ev\u011bn\u00fdch, d\u0159evot\u0159\u00edskov\u00fdch a cementot\u0159\u00edskov\u00fdch povrch\u016f&#8211; snadn\u00e9 lok\u00e1ln\u00ed opravy d\u011br a prasklin&#8211; vyrovn\u00e1n\u00ed povrch\u016f st\u011bn p\u0159ed malov\u00e1n\u00edm Proveden\u00ed.Barva:b\u00edl\u00e1 Balen\u00ed:kartu\u0161e 300ml, 500g Vydatnost:(celoplo\u0161n\u00e1 aplikace v [&hellip;]<\/p>\n","protected":false},"featured_media":33442,"comment_status":"open","ping_status":"open","template":"","meta":[],"product_brand":[],"product_cat":[124],"product_tag":[],"class_list":{"0":"post-33342","1":"product","2":"type-product","3":"status-publish","4":"has-post-thumbnail","6":"product_cat-lepidla-silikony-tmely-a-peny","8":"first","9":"instock","10":"sale","11":"shipping-taxable","12":"purchasable","13":"product-type-simple"},"yoast_head":"<!-- This site is optimized with the Yoast SEO plugin v26.8 - https:\/\/yoast.com\/product\/yoast-seo-wordpress\/ -->\n<title>Soudal Brousiteln\u00fd tmel b\u00edl\u00fd Speci\u00e1ln\u00ed Cena -<\/title>\n<meta name=\"robots\" content=\"index, follow, max-snippet:-1, max-image-preview:large, max-video-preview:-1\" \/>\n<link rel=\"canonical\" href=\"https:\/\/www.domtechnikpro.com\/index.php\/produkt\/soudal-brousitelny-tmel-bily-specialni-cena-33342\/\" \/>\n<meta property=\"og:locale\" content=\"cs_CZ\" \/>\n<meta property=\"og:type\" content=\"article\" \/>\n<meta property=\"og:title\" content=\"Soudal Brousiteln\u00fd tmel b\u00edl\u00fd Speci\u00e1ln\u00ed Cena -\" \/>\n<meta property=\"og:description\" content=\"Detailn\u00ed popis produktu Soudal brousiteln\u00fd tmel&#8211; velmi dob\u0159e zpracovateln\u00fd&#8211; v\u00fdborn\u00e1 p\u0159ilnavost na zdivo i dal\u0161\u00ed sav\u00e9 podklady&#8211; po vytvrzen\u00ed snadno brousiteln\u00fd&#8211; rychle zasych\u00e1 P\u0159\u00edklady pou\u017eit\u00ed:&#8211; tmelen\u00ed sp\u00e1r a vyrovn\u00e1v\u00e1n\u00ed povrch\u016f om\u00edtek&#8211; vyrovn\u00e1v\u00e1n\u00ed d\u0159ev\u011bn\u00fdch, d\u0159evot\u0159\u00edskov\u00fdch a cementot\u0159\u00edskov\u00fdch povrch\u016f&#8211; snadn\u00e9 lok\u00e1ln\u00ed opravy d\u011br a prasklin&#8211; vyrovn\u00e1n\u00ed povrch\u016f st\u011bn p\u0159ed malov\u00e1n\u00edm Proveden\u00ed.Barva:b\u00edl\u00e1 Balen\u00ed:kartu\u0161e 300ml, 500g Vydatnost:(celoplo\u0161n\u00e1 aplikace v [&hellip;]\" \/>\n<meta property=\"og:url\" content=\"https:\/\/www.domtechnikpro.com\/index.php\/produkt\/soudal-brousitelny-tmel-bily-specialni-cena-33342\/\" \/>\n<meta property=\"og:image\" content=\"https:\/\/www.domtechnikpro.com\/wp-content\/uploads\/2026\/SK0001688-CZ20260425-092355-0-1777080235-27893_soudal-akrylatovy-brousitelny-tmel-500g.webp\" \/>\n\t<meta property=\"og:image:width\" content=\"1000\" \/>\n\t<meta property=\"og:image:height\" content=\"750\" \/>\n\t<meta property=\"og:image:type\" content=\"image\/webp\" \/>\n<meta name=\"twitter:card\" content=\"summary_large_image\" \/>\n<meta name=\"twitter:label1\" content=\"Odhadovan\u00e1 doba \u010dten\u00ed\" \/>\n\t<meta name=\"twitter:data1\" content=\"2 minuty\" \/>\n<script type=\"application\/ld+json\" class=\"yoast-schema-graph\">{\"@context\":\"https:\/\/schema.org\",\"@graph\":[{\"@type\":\"WebPage\",\"@id\":\"https:\/\/www.domtechnikpro.com\/index.php\/produkt\/soudal-brousitelny-tmel-bily-specialni-cena-33342\/\",\"url\":\"https:\/\/www.domtechnikpro.com\/index.php\/produkt\/soudal-brousitelny-tmel-bily-specialni-cena-33342\/\",\"name\":\"Soudal Brousiteln\u00fd tmel b\u00edl\u00fd Speci\u00e1ln\u00ed Cena -\",\"isPartOf\":{\"@id\":\"https:\/\/www.domtechnikpro.com\/#website\"},\"primaryImageOfPage\":{\"@id\":\"https:\/\/www.domtechnikpro.com\/index.php\/produkt\/soudal-brousitelny-tmel-bily-specialni-cena-33342\/#primaryimage\"},\"image\":{\"@id\":\"https:\/\/www.domtechnikpro.com\/index.php\/produkt\/soudal-brousitelny-tmel-bily-specialni-cena-33342\/#primaryimage\"},\"thumbnailUrl\":\"https:\/\/www.domtechnikpro.com\/wp-content\/uploads\/2026\/SK0001688-CZ20260425-092355-0-1777080235-27893_soudal-akrylatovy-brousitelny-tmel-500g.webp\",\"datePublished\":\"2026-04-26T08:57:23+00:00\",\"breadcrumb\":{\"@id\":\"https:\/\/www.domtechnikpro.com\/index.php\/produkt\/soudal-brousitelny-tmel-bily-specialni-cena-33342\/#breadcrumb\"},\"inLanguage\":\"cs\",\"potentialAction\":[{\"@type\":\"ReadAction\",\"target\":[\"https:\/\/www.domtechnikpro.com\/index.php\/produkt\/soudal-brousitelny-tmel-bily-specialni-cena-33342\/\"]}]},{\"@type\":\"ImageObject\",\"inLanguage\":\"cs\",\"@id\":\"https:\/\/www.domtechnikpro.com\/index.php\/produkt\/soudal-brousitelny-tmel-bily-specialni-cena-33342\/#primaryimage\",\"url\":\"https:\/\/www.domtechnikpro.com\/wp-content\/uploads\/2026\/SK0001688-CZ20260425-092355-0-1777080235-27893_soudal-akrylatovy-brousitelny-tmel-500g.webp\",\"contentUrl\":\"https:\/\/www.domtechnikpro.com\/wp-content\/uploads\/2026\/SK0001688-CZ20260425-092355-0-1777080235-27893_soudal-akrylatovy-brousitelny-tmel-500g.webp\",\"width\":1000,\"height\":750},{\"@type\":\"BreadcrumbList\",\"@id\":\"https:\/\/www.domtechnikpro.com\/index.php\/produkt\/soudal-brousitelny-tmel-bily-specialni-cena-33342\/#breadcrumb\",\"itemListElement\":[{\"@type\":\"ListItem\",\"position\":1,\"name\":\"Home\",\"item\":\"https:\/\/www.domtechnikpro.com\/\"},{\"@type\":\"ListItem\",\"position\":2,\"name\":\"Products\",\"item\":\"https:\/\/www.domtechnikpro.com\/index.php\/products\/\"},{\"@type\":\"ListItem\",\"position\":3,\"name\":\"Soudal Brousiteln\u00fd tmel b\u00edl\u00fd Speci\u00e1ln\u00ed Cena\"}]},{\"@type\":\"WebSite\",\"@id\":\"https:\/\/www.domtechnikpro.com\/#website\",\"url\":\"https:\/\/www.domtechnikpro.com\/\",\"name\":\"\",\"description\":\"\",\"potentialAction\":[{\"@type\":\"SearchAction\",\"target\":{\"@type\":\"EntryPoint\",\"urlTemplate\":\"https:\/\/www.domtechnikpro.com\/?s={search_term_string}\"},\"query-input\":{\"@type\":\"PropertyValueSpecification\",\"valueRequired\":true,\"valueName\":\"search_term_string\"}}],\"inLanguage\":\"cs\"}]}<\/script>\n<!-- \/ Yoast SEO plugin. -->","yoast_head_json":{"title":"Soudal Brousiteln\u00fd tmel b\u00edl\u00fd Speci\u00e1ln\u00ed Cena -","robots":{"index":"index","follow":"follow","max-snippet":"max-snippet:-1","max-image-preview":"max-image-preview:large","max-video-preview":"max-video-preview:-1"},"canonical":"https:\/\/www.domtechnikpro.com\/index.php\/produkt\/soudal-brousitelny-tmel-bily-specialni-cena-33342\/","og_locale":"cs_CZ","og_type":"article","og_title":"Soudal Brousiteln\u00fd tmel b\u00edl\u00fd Speci\u00e1ln\u00ed Cena -","og_description":"Detailn\u00ed popis produktu Soudal brousiteln\u00fd tmel&#8211; velmi dob\u0159e zpracovateln\u00fd&#8211; v\u00fdborn\u00e1 p\u0159ilnavost na zdivo i dal\u0161\u00ed sav\u00e9 podklady&#8211; po vytvrzen\u00ed snadno brousiteln\u00fd&#8211; rychle zasych\u00e1 P\u0159\u00edklady pou\u017eit\u00ed:&#8211; tmelen\u00ed sp\u00e1r a vyrovn\u00e1v\u00e1n\u00ed povrch\u016f om\u00edtek&#8211; vyrovn\u00e1v\u00e1n\u00ed d\u0159ev\u011bn\u00fdch, d\u0159evot\u0159\u00edskov\u00fdch a cementot\u0159\u00edskov\u00fdch povrch\u016f&#8211; snadn\u00e9 lok\u00e1ln\u00ed opravy d\u011br a prasklin&#8211; vyrovn\u00e1n\u00ed povrch\u016f st\u011bn p\u0159ed malov\u00e1n\u00edm Proveden\u00ed.Barva:b\u00edl\u00e1 Balen\u00ed:kartu\u0161e 300ml, 500g Vydatnost:(celoplo\u0161n\u00e1 aplikace v [&hellip;]","og_url":"https:\/\/www.domtechnikpro.com\/index.php\/produkt\/soudal-brousitelny-tmel-bily-specialni-cena-33342\/","og_image":[{"width":1000,"height":750,"url":"https:\/\/www.domtechnikpro.com\/wp-content\/uploads\/2026\/SK0001688-CZ20260425-092355-0-1777080235-27893_soudal-akrylatovy-brousitelny-tmel-500g.webp","type":"image\/webp"}],"twitter_card":"summary_large_image","twitter_misc":{"Odhadovan\u00e1 doba \u010dten\u00ed":"2 minuty"},"schema":{"@context":"https:\/\/schema.org","@graph":[{"@type":"WebPage","@id":"https:\/\/www.domtechnikpro.com\/index.php\/produkt\/soudal-brousitelny-tmel-bily-specialni-cena-33342\/","url":"https:\/\/www.domtechnikpro.com\/index.php\/produkt\/soudal-brousitelny-tmel-bily-specialni-cena-33342\/","name":"Soudal Brousiteln\u00fd tmel b\u00edl\u00fd Speci\u00e1ln\u00ed Cena -","isPartOf":{"@id":"https:\/\/www.domtechnikpro.com\/#website"},"primaryImageOfPage":{"@id":"https:\/\/www.domtechnikpro.com\/index.php\/produkt\/soudal-brousitelny-tmel-bily-specialni-cena-33342\/#primaryimage"},"image":{"@id":"https:\/\/www.domtechnikpro.com\/index.php\/produkt\/soudal-brousitelny-tmel-bily-specialni-cena-33342\/#primaryimage"},"thumbnailUrl":"https:\/\/www.domtechnikpro.com\/wp-content\/uploads\/2026\/SK0001688-CZ20260425-092355-0-1777080235-27893_soudal-akrylatovy-brousitelny-tmel-500g.webp","datePublished":"2026-04-26T08:57:23+00:00","breadcrumb":{"@id":"https:\/\/www.domtechnikpro.com\/index.php\/produkt\/soudal-brousitelny-tmel-bily-specialni-cena-33342\/#breadcrumb"},"inLanguage":"cs","potentialAction":[{"@type":"ReadAction","target":["https:\/\/www.domtechnikpro.com\/index.php\/produkt\/soudal-brousitelny-tmel-bily-specialni-cena-33342\/"]}]},{"@type":"ImageObject","inLanguage":"cs","@id":"https:\/\/www.domtechnikpro.com\/index.php\/produkt\/soudal-brousitelny-tmel-bily-specialni-cena-33342\/#primaryimage","url":"https:\/\/www.domtechnikpro.com\/wp-content\/uploads\/2026\/SK0001688-CZ20260425-092355-0-1777080235-27893_soudal-akrylatovy-brousitelny-tmel-500g.webp","contentUrl":"https:\/\/www.domtechnikpro.com\/wp-content\/uploads\/2026\/SK0001688-CZ20260425-092355-0-1777080235-27893_soudal-akrylatovy-brousitelny-tmel-500g.webp","width":1000,"height":750},{"@type":"BreadcrumbList","@id":"https:\/\/www.domtechnikpro.com\/index.php\/produkt\/soudal-brousitelny-tmel-bily-specialni-cena-33342\/#breadcrumb","itemListElement":[{"@type":"ListItem","position":1,"name":"Home","item":"https:\/\/www.domtechnikpro.com\/"},{"@type":"ListItem","position":2,"name":"Products","item":"https:\/\/www.domtechnikpro.com\/index.php\/products\/"},{"@type":"ListItem","position":3,"name":"Soudal Brousiteln\u00fd tmel b\u00edl\u00fd Speci\u00e1ln\u00ed Cena"}]},{"@type":"WebSite","@id":"https:\/\/www.domtechnikpro.com\/#website","url":"https:\/\/www.domtechnikpro.com\/","name":"","description":"","potentialAction":[{"@type":"SearchAction","target":{"@type":"EntryPoint","urlTemplate":"https:\/\/www.domtechnikpro.com\/?s={search_term_string}"},"query-input":{"@type":"PropertyValueSpecification","valueRequired":true,"valueName":"search_term_string"}}],"inLanguage":"cs"}]}},"_links":{"self":[{"href":"https:\/\/www.domtechnikpro.com\/index.php\/wp-json\/wp\/v2\/product\/33342","targetHints":{"allow":["GET"]}}],"collection":[{"href":"https:\/\/www.domtechnikpro.com\/index.php\/wp-json\/wp\/v2\/product"}],"about":[{"href":"https:\/\/www.domtechnikpro.com\/index.php\/wp-json\/wp\/v2\/types\/product"}],"replies":[{"embeddable":true,"href":"https:\/\/www.domtechnikpro.com\/index.php\/wp-json\/wp\/v2\/comments?post=33342"}],"wp:featuredmedia":[{"embeddable":true,"href":"https:\/\/www.domtechnikpro.com\/index.php\/wp-json\/wp\/v2\/media\/33442"}],"wp:attachment":[{"href":"https:\/\/www.domtechnikpro.com\/index.php\/wp-json\/wp\/v2\/media?parent=33342"}],"wp:term":[{"taxonomy":"product_brand","embeddable":true,"href":"https:\/\/www.domtechnikpro.com\/index.php\/wp-json\/wp\/v2\/product_brand?post=33342"},{"taxonomy":"product_cat","embeddable":true,"href":"https:\/\/www.domtechnikpro.com\/index.php\/wp-json\/wp\/v2\/product_cat?post=33342"},{"taxonomy":"product_tag","embeddable":true,"href":"https:\/\/www.domtechnikpro.com\/index.php\/wp-json\/wp\/v2\/product_tag?post=33342"}],"curies":[{"name":"wp","href":"https:\/\/api.w.org\/{rel}","templated":true}]}}