{"id":33341,"date":"2026-04-26T08:57:23","date_gmt":"2026-04-26T08:57:23","guid":{"rendered":""},"modified":"2026-04-26T08:57:23","modified_gmt":"2026-04-26T08:57:23","slug":"soudal-akrylovy-tmel-vikendova-akce-33341","status":"publish","type":"product","link":"https:\/\/www.domtechnikpro.com\/index.php\/produkt\/soudal-akrylovy-tmel-vikendova-akce-33341\/","title":{"rendered":"Soudal Akrylov\u00fd tmel V\u00edkendov\u00e1 Akce"},"content":{"rendered":"<div class=\"basic-description\">\n<h3>Detailn\u00ed popis produktu<\/h3>\n<p>                                    Soudal akrylov\u00fd tmel<br \/>je po vytvrzen\u00ed p\u0159et\u00edrateln\u00fd b\u011b\u017en\u00fdmi barvami.<\/p>\n<p>Charakteristika produktu:<br \/>&#8211; velmi snadno pou\u017eiteln\u00fd<br \/>&#8211; barevn\u011b st\u00e1l\u00fd, po vytvrzen\u00ed vod\u011b odoln\u00fd <br \/>&#8211; velmi dobr\u00e1 p\u0159ilnavost k por\u00e9zn\u00edm materi\u00e1l\u016fm a hlin\u00edku <br \/>&#8211; po vytvrzen\u00ed p\u0159et\u00edrateln\u00fd<\/p>\n<p>P\u0159\u00edklady pou\u017eit\u00ed:<br \/>&#8211; spoje s dilatac\u00ed do 15%<br \/>&#8211; tmelen\u00ed spoj\u016f a prasklin v s\u00e1drokartonech <br \/>&#8211; p\u0159ipojovac\u00ed sp\u00e1ry r\u00e1m\u016f oken a z\u00e1rubn\u00ed dve\u0159\u00ed v interi\u00e9ru <br \/>&#8211; ut\u011bsn\u011bn\u00ed sp\u00e1r mezi zdmi a okenn\u00edmi parapety z interi\u00e9ru <br \/>&#8211; spoje dekorativn\u00edch li\u0161t a st\u011bn<\/p>\n<p>Proveden\u00ed.<br \/>Barva:<br \/>b\u00edl\u00e1, \u0161ed\u00e1, hn\u011bd\u00e1, \u010dern\u00e1<\/p>\n<p>Balen\u00ed:<br \/>kartu\u0161e 300 ml<\/p>\n<p>Skladovatelnost:<br \/>v p\u016fvodn\u00edm obalu p\u0159i teplot\u00e1ch +5\u00b0C a\u017e +25\u00b0C. Chra\u0148te p\u0159ed mrazem!<\/p>\n<p>Podklady.<br \/>Vhodn\u00e9 povrchy:<br \/>v\u0161echny por\u00e9zn\u00ed stavebn\u00ed materi\u00e1ly (mimo PEa PP)<\/p>\n<p>Stav povrchu:<br \/>\u010dist\u00fd, such\u00fd, bez prachu a mastnoty<\/p>\n<p>P\u0159\u00edprava:<br \/>velmi sav\u00e9 povrchy p\u0159edem napenetrujte roz\u0159ed\u011bn\u00fdm tmelem (1 d\u00edl Akrylov\u00fd tmel a 2 d\u00edly vody) Doporu\u010dujeme v\u017edy prov\u00e9st p\u0159edb\u011b\u017en\u00fd test p\u0159ilnavosti.<\/p>\n<p>Doporu\u010den\u00e9 parametry dilata\u010dn\u00ed sp\u00e1ry.<br \/>Minim\u00e1ln\u00ed \u0161\u00ed\u0159ka:<br \/>5 mm<\/p>\n<p>Maxim\u00e1ln\u00ed \u0161\u00ed\u0159ka:<br \/>20 mm<\/p>\n<p>Minim\u00e1ln\u00ed hloubka:<br \/>5 mm<\/p>\n<p>Doporu\u010den\u00ed:<br \/>hloubka sp\u00e1ry = \u0161\u00ed\u0159ka sp\u00e1ry<br \/>Pro vymezen\u00ed hloubky sp\u00e1ry a zabr\u00e1n\u011bn\u00ed p\u0159ilnut\u00ed tmelu na jej\u00ed dno v\u017edy pou\u017eijte nep\u0159ilnav\u00fd materi\u00e1l nap\u0159. PE T\u011bsnic\u00ed tmela\u0159skou \u0161\u0148\u016fru <\/p>\n<p>Pracovn\u00ed postup.<br \/>Nan\u00e1\u0161en\u00ed:<br \/>Tmel nan\u00e1\u0161ejte pomoc\u00ed mechanick\u00e9 nebo pneumatick\u00e9 vytla\u010dovac\u00ed pistole.<\/p>\n<p>Aplika\u010dn\u00ed teplota:<br \/>+5\u00b0C a\u017e +30\u00b0C, nepracujte v p\u0159\u00edpad\u011b p\u0159edpokladu p\u0159\u00edchodu de\u0161t\u011b nebo mrazu v pr\u016fb\u011bhu doby pot\u0159ebn\u00e9 k pln\u00e9mu vytvrzen\u00ed tmelu.<\/p>\n<p>\u010ci\u0161t\u011bn\u00ed:<br \/>Nevytvrzen\u00fd Akrylov\u00fd tmel \u010dist\u011bte vodou, po vytvrzen\u00ed lze odstranit pouze mechanicky.<\/p>\n<p>Uhlazov\u00e1n\u00ed povrchu:<br \/>Povrch upravte Tmela\u0159skou st\u011brkou a m\u00fddlovou vodou.<\/p>\n<p>Opravy:<br \/>Akrylov\u00fd tmel<\/p>\n<p>Bezpe\u010dnost:<br \/>Dodr\u017eujte b\u011b\u017en\u00e9 podm\u00ednky hygieny a bezpe\u010dnosti pr\u00e1ce. Dal\u0161\u00ed pokyny viz etiketa v\u00fdrobku.<\/p>\n<p>Pozn\u00e1mky:<br \/>&#8211; Nepou\u017e\u00edvejte v m\u00edstech, kde hroz\u00ed trval\u00e9 zamok\u0159en\u00ed<br \/>&#8211; Neaplikujte, pokud bezprost\u0159edn\u011b hroz\u00ed d\u00e9\u0161\u0165 nebo mr\u00e1z<br \/>&#8211; Akrylov\u00fd tmel m\u016f\u017ee b\u00fdt p\u0159et\u00edr\u00e1n v\u011bt\u0161inou dostupn\u00fdch barev.<br \/>&#8211; Pou\u017eit\u00e9 n\u00e1t\u011bry by m\u011bly b\u00fdt voleny s ohledem na p\u0159et\u00edr\u00e1n\u00ed pru\u017en\u011b-plastick\u00e9ho tmely a m\u011bly by b\u00fdt dostate\u010dn\u011b pru\u017en\u00e9 <br \/>&#8211; Doporu\u010dujeme v\u017edy prov\u00e9st test slu\u010ditelnosti barvy a tmelu.                            <\/div>\n<div class=\"extended-description\">\n<h3>Dopl\u0148kov\u00e9 parametry<\/h3>\n<table class=\"detail-parameters\">\n<tbody>\n<tr>\n<th>        <span class=\"row-header-label\">            Kategorie<span class=\"row-header-label-colon\">:<\/span>        <\/span>    <\/th>\n<td>        Tmely na d\u0159evo    <\/td>\n<\/tr>\n<\/tbody>\n<\/table><\/div>\n<\/p><\/div>\n<\/p><\/div>\n","protected":false},"excerpt":{"rendered":"<p>Detailn\u00ed popis produktu Soudal akrylov\u00fd tmelje po vytvrzen\u00ed p\u0159et\u00edrateln\u00fd b\u011b\u017en\u00fdmi barvami. Charakteristika produktu:&#8211; velmi snadno pou\u017eiteln\u00fd&#8211; barevn\u011b st\u00e1l\u00fd, po vytvrzen\u00ed vod\u011b odoln\u00fd &#8211; velmi dobr\u00e1 p\u0159ilnavost k por\u00e9zn\u00edm materi\u00e1l\u016fm a hlin\u00edku &#8211; po vytvrzen\u00ed p\u0159et\u00edrateln\u00fd P\u0159\u00edklady pou\u017eit\u00ed:&#8211; spoje s dilatac\u00ed do 15%&#8211; tmelen\u00ed spoj\u016f a prasklin v s\u00e1drokartonech &#8211; p\u0159ipojovac\u00ed sp\u00e1ry r\u00e1m\u016f oken a z\u00e1rubn\u00ed [&hellip;]<\/p>\n","protected":false},"featured_media":33441,"comment_status":"open","ping_status":"open","template":"","meta":[],"product_brand":[],"product_cat":[124],"product_tag":[],"class_list":{"0":"post-33341","1":"product","2":"type-product","3":"status-publish","4":"has-post-thumbnail","6":"product_cat-lepidla-silikony-tmely-a-peny","8":"first","9":"instock","10":"sale","11":"shipping-taxable","12":"purchasable","13":"product-type-simple"},"yoast_head":"<!-- This site is optimized with the Yoast SEO plugin v26.8 - https:\/\/yoast.com\/product\/yoast-seo-wordpress\/ -->\n<title>Soudal Akrylov\u00fd tmel V\u00edkendov\u00e1 Akce -<\/title>\n<meta name=\"robots\" content=\"index, follow, max-snippet:-1, max-image-preview:large, max-video-preview:-1\" \/>\n<link rel=\"canonical\" href=\"https:\/\/www.domtechnikpro.com\/index.php\/produkt\/soudal-akrylovy-tmel-vikendova-akce-33341\/\" \/>\n<meta property=\"og:locale\" content=\"cs_CZ\" \/>\n<meta property=\"og:type\" content=\"article\" \/>\n<meta property=\"og:title\" content=\"Soudal Akrylov\u00fd tmel V\u00edkendov\u00e1 Akce -\" \/>\n<meta property=\"og:description\" content=\"Detailn\u00ed popis produktu Soudal akrylov\u00fd tmelje po vytvrzen\u00ed p\u0159et\u00edrateln\u00fd b\u011b\u017en\u00fdmi barvami. Charakteristika produktu:&#8211; velmi snadno pou\u017eiteln\u00fd&#8211; barevn\u011b st\u00e1l\u00fd, po vytvrzen\u00ed vod\u011b odoln\u00fd &#8211; velmi dobr\u00e1 p\u0159ilnavost k por\u00e9zn\u00edm materi\u00e1l\u016fm a hlin\u00edku &#8211; po vytvrzen\u00ed p\u0159et\u00edrateln\u00fd P\u0159\u00edklady pou\u017eit\u00ed:&#8211; spoje s dilatac\u00ed do 15%&#8211; tmelen\u00ed spoj\u016f a prasklin v s\u00e1drokartonech &#8211; p\u0159ipojovac\u00ed sp\u00e1ry r\u00e1m\u016f oken a z\u00e1rubn\u00ed [&hellip;]\" \/>\n<meta property=\"og:url\" content=\"https:\/\/www.domtechnikpro.com\/index.php\/produkt\/soudal-akrylovy-tmel-vikendova-akce-33341\/\" \/>\n<meta property=\"og:image\" content=\"https:\/\/www.domtechnikpro.com\/wp-content\/uploads\/2026\/SK0001687-CZ20260425-092355-0-1777080235-27890_soudal-akrylovy-tmel.webp\" \/>\n\t<meta property=\"og:image:width\" content=\"1000\" \/>\n\t<meta property=\"og:image:height\" content=\"750\" \/>\n\t<meta property=\"og:image:type\" content=\"image\/webp\" \/>\n<meta name=\"twitter:card\" content=\"summary_large_image\" \/>\n<meta name=\"twitter:label1\" content=\"Odhadovan\u00e1 doba \u010dten\u00ed\" \/>\n\t<meta name=\"twitter:data1\" content=\"2 minuty\" \/>\n<script type=\"application\/ld+json\" class=\"yoast-schema-graph\">{\"@context\":\"https:\/\/schema.org\",\"@graph\":[{\"@type\":\"WebPage\",\"@id\":\"https:\/\/www.domtechnikpro.com\/index.php\/produkt\/soudal-akrylovy-tmel-vikendova-akce-33341\/\",\"url\":\"https:\/\/www.domtechnikpro.com\/index.php\/produkt\/soudal-akrylovy-tmel-vikendova-akce-33341\/\",\"name\":\"Soudal Akrylov\u00fd tmel V\u00edkendov\u00e1 Akce -\",\"isPartOf\":{\"@id\":\"https:\/\/www.domtechnikpro.com\/#website\"},\"primaryImageOfPage\":{\"@id\":\"https:\/\/www.domtechnikpro.com\/index.php\/produkt\/soudal-akrylovy-tmel-vikendova-akce-33341\/#primaryimage\"},\"image\":{\"@id\":\"https:\/\/www.domtechnikpro.com\/index.php\/produkt\/soudal-akrylovy-tmel-vikendova-akce-33341\/#primaryimage\"},\"thumbnailUrl\":\"https:\/\/www.domtechnikpro.com\/wp-content\/uploads\/2026\/SK0001687-CZ20260425-092355-0-1777080235-27890_soudal-akrylovy-tmel.webp\",\"datePublished\":\"2026-04-26T08:57:23+00:00\",\"breadcrumb\":{\"@id\":\"https:\/\/www.domtechnikpro.com\/index.php\/produkt\/soudal-akrylovy-tmel-vikendova-akce-33341\/#breadcrumb\"},\"inLanguage\":\"cs\",\"potentialAction\":[{\"@type\":\"ReadAction\",\"target\":[\"https:\/\/www.domtechnikpro.com\/index.php\/produkt\/soudal-akrylovy-tmel-vikendova-akce-33341\/\"]}]},{\"@type\":\"ImageObject\",\"inLanguage\":\"cs\",\"@id\":\"https:\/\/www.domtechnikpro.com\/index.php\/produkt\/soudal-akrylovy-tmel-vikendova-akce-33341\/#primaryimage\",\"url\":\"https:\/\/www.domtechnikpro.com\/wp-content\/uploads\/2026\/SK0001687-CZ20260425-092355-0-1777080235-27890_soudal-akrylovy-tmel.webp\",\"contentUrl\":\"https:\/\/www.domtechnikpro.com\/wp-content\/uploads\/2026\/SK0001687-CZ20260425-092355-0-1777080235-27890_soudal-akrylovy-tmel.webp\",\"width\":1000,\"height\":750},{\"@type\":\"BreadcrumbList\",\"@id\":\"https:\/\/www.domtechnikpro.com\/index.php\/produkt\/soudal-akrylovy-tmel-vikendova-akce-33341\/#breadcrumb\",\"itemListElement\":[{\"@type\":\"ListItem\",\"position\":1,\"name\":\"Home\",\"item\":\"https:\/\/www.domtechnikpro.com\/\"},{\"@type\":\"ListItem\",\"position\":2,\"name\":\"Products\",\"item\":\"https:\/\/www.domtechnikpro.com\/index.php\/products\/\"},{\"@type\":\"ListItem\",\"position\":3,\"name\":\"Soudal Akrylov\u00fd tmel V\u00edkendov\u00e1 Akce\"}]},{\"@type\":\"WebSite\",\"@id\":\"https:\/\/www.domtechnikpro.com\/#website\",\"url\":\"https:\/\/www.domtechnikpro.com\/\",\"name\":\"\",\"description\":\"\",\"potentialAction\":[{\"@type\":\"SearchAction\",\"target\":{\"@type\":\"EntryPoint\",\"urlTemplate\":\"https:\/\/www.domtechnikpro.com\/?s={search_term_string}\"},\"query-input\":{\"@type\":\"PropertyValueSpecification\",\"valueRequired\":true,\"valueName\":\"search_term_string\"}}],\"inLanguage\":\"cs\"}]}<\/script>\n<!-- \/ Yoast SEO plugin. -->","yoast_head_json":{"title":"Soudal Akrylov\u00fd tmel V\u00edkendov\u00e1 Akce -","robots":{"index":"index","follow":"follow","max-snippet":"max-snippet:-1","max-image-preview":"max-image-preview:large","max-video-preview":"max-video-preview:-1"},"canonical":"https:\/\/www.domtechnikpro.com\/index.php\/produkt\/soudal-akrylovy-tmel-vikendova-akce-33341\/","og_locale":"cs_CZ","og_type":"article","og_title":"Soudal Akrylov\u00fd tmel V\u00edkendov\u00e1 Akce -","og_description":"Detailn\u00ed popis produktu Soudal akrylov\u00fd tmelje po vytvrzen\u00ed p\u0159et\u00edrateln\u00fd b\u011b\u017en\u00fdmi barvami. Charakteristika produktu:&#8211; velmi snadno pou\u017eiteln\u00fd&#8211; barevn\u011b st\u00e1l\u00fd, po vytvrzen\u00ed vod\u011b odoln\u00fd &#8211; velmi dobr\u00e1 p\u0159ilnavost k por\u00e9zn\u00edm materi\u00e1l\u016fm a hlin\u00edku &#8211; po vytvrzen\u00ed p\u0159et\u00edrateln\u00fd P\u0159\u00edklady pou\u017eit\u00ed:&#8211; spoje s dilatac\u00ed do 15%&#8211; tmelen\u00ed spoj\u016f a prasklin v s\u00e1drokartonech &#8211; p\u0159ipojovac\u00ed sp\u00e1ry r\u00e1m\u016f oken a z\u00e1rubn\u00ed [&hellip;]","og_url":"https:\/\/www.domtechnikpro.com\/index.php\/produkt\/soudal-akrylovy-tmel-vikendova-akce-33341\/","og_image":[{"width":1000,"height":750,"url":"https:\/\/www.domtechnikpro.com\/wp-content\/uploads\/2026\/SK0001687-CZ20260425-092355-0-1777080235-27890_soudal-akrylovy-tmel.webp","type":"image\/webp"}],"twitter_card":"summary_large_image","twitter_misc":{"Odhadovan\u00e1 doba \u010dten\u00ed":"2 minuty"},"schema":{"@context":"https:\/\/schema.org","@graph":[{"@type":"WebPage","@id":"https:\/\/www.domtechnikpro.com\/index.php\/produkt\/soudal-akrylovy-tmel-vikendova-akce-33341\/","url":"https:\/\/www.domtechnikpro.com\/index.php\/produkt\/soudal-akrylovy-tmel-vikendova-akce-33341\/","name":"Soudal Akrylov\u00fd tmel V\u00edkendov\u00e1 Akce -","isPartOf":{"@id":"https:\/\/www.domtechnikpro.com\/#website"},"primaryImageOfPage":{"@id":"https:\/\/www.domtechnikpro.com\/index.php\/produkt\/soudal-akrylovy-tmel-vikendova-akce-33341\/#primaryimage"},"image":{"@id":"https:\/\/www.domtechnikpro.com\/index.php\/produkt\/soudal-akrylovy-tmel-vikendova-akce-33341\/#primaryimage"},"thumbnailUrl":"https:\/\/www.domtechnikpro.com\/wp-content\/uploads\/2026\/SK0001687-CZ20260425-092355-0-1777080235-27890_soudal-akrylovy-tmel.webp","datePublished":"2026-04-26T08:57:23+00:00","breadcrumb":{"@id":"https:\/\/www.domtechnikpro.com\/index.php\/produkt\/soudal-akrylovy-tmel-vikendova-akce-33341\/#breadcrumb"},"inLanguage":"cs","potentialAction":[{"@type":"ReadAction","target":["https:\/\/www.domtechnikpro.com\/index.php\/produkt\/soudal-akrylovy-tmel-vikendova-akce-33341\/"]}]},{"@type":"ImageObject","inLanguage":"cs","@id":"https:\/\/www.domtechnikpro.com\/index.php\/produkt\/soudal-akrylovy-tmel-vikendova-akce-33341\/#primaryimage","url":"https:\/\/www.domtechnikpro.com\/wp-content\/uploads\/2026\/SK0001687-CZ20260425-092355-0-1777080235-27890_soudal-akrylovy-tmel.webp","contentUrl":"https:\/\/www.domtechnikpro.com\/wp-content\/uploads\/2026\/SK0001687-CZ20260425-092355-0-1777080235-27890_soudal-akrylovy-tmel.webp","width":1000,"height":750},{"@type":"BreadcrumbList","@id":"https:\/\/www.domtechnikpro.com\/index.php\/produkt\/soudal-akrylovy-tmel-vikendova-akce-33341\/#breadcrumb","itemListElement":[{"@type":"ListItem","position":1,"name":"Home","item":"https:\/\/www.domtechnikpro.com\/"},{"@type":"ListItem","position":2,"name":"Products","item":"https:\/\/www.domtechnikpro.com\/index.php\/products\/"},{"@type":"ListItem","position":3,"name":"Soudal Akrylov\u00fd tmel V\u00edkendov\u00e1 Akce"}]},{"@type":"WebSite","@id":"https:\/\/www.domtechnikpro.com\/#website","url":"https:\/\/www.domtechnikpro.com\/","name":"","description":"","potentialAction":[{"@type":"SearchAction","target":{"@type":"EntryPoint","urlTemplate":"https:\/\/www.domtechnikpro.com\/?s={search_term_string}"},"query-input":{"@type":"PropertyValueSpecification","valueRequired":true,"valueName":"search_term_string"}}],"inLanguage":"cs"}]}},"_links":{"self":[{"href":"https:\/\/www.domtechnikpro.com\/index.php\/wp-json\/wp\/v2\/product\/33341","targetHints":{"allow":["GET"]}}],"collection":[{"href":"https:\/\/www.domtechnikpro.com\/index.php\/wp-json\/wp\/v2\/product"}],"about":[{"href":"https:\/\/www.domtechnikpro.com\/index.php\/wp-json\/wp\/v2\/types\/product"}],"replies":[{"embeddable":true,"href":"https:\/\/www.domtechnikpro.com\/index.php\/wp-json\/wp\/v2\/comments?post=33341"}],"wp:featuredmedia":[{"embeddable":true,"href":"https:\/\/www.domtechnikpro.com\/index.php\/wp-json\/wp\/v2\/media\/33441"}],"wp:attachment":[{"href":"https:\/\/www.domtechnikpro.com\/index.php\/wp-json\/wp\/v2\/media?parent=33341"}],"wp:term":[{"taxonomy":"product_brand","embeddable":true,"href":"https:\/\/www.domtechnikpro.com\/index.php\/wp-json\/wp\/v2\/product_brand?post=33341"},{"taxonomy":"product_cat","embeddable":true,"href":"https:\/\/www.domtechnikpro.com\/index.php\/wp-json\/wp\/v2\/product_cat?post=33341"},{"taxonomy":"product_tag","embeddable":true,"href":"https:\/\/www.domtechnikpro.com\/index.php\/wp-json\/wp\/v2\/product_tag?post=33341"}],"curies":[{"name":"wp","href":"https:\/\/api.w.org\/{rel}","templated":true}]}}