{"id":33305,"date":"2026-04-26T08:57:23","date_gmt":"2026-04-26T08:57:23","guid":{"rendered":""},"modified":"2026-04-26T08:57:23","modified_gmt":"2026-04-26T08:57:23","slug":"nizka-cena-sokrates-brusna-pasta-na-drevo-33305","status":"publish","type":"product","link":"https:\/\/www.domtechnikpro.com\/index.php\/produkt\/nizka-cena-sokrates-brusna-pasta-na-drevo-33305\/","title":{"rendered":"N\u00edzk\u00e1 Cena Sokrates Brusn\u00e1 pasta na d\u0159evo"},"content":{"rendered":"<div class=\"basic-description\">\n<h3>Detailn\u00ed popis produktu<\/h3>\n<p>                                    Brusn\u00e1 pasta na d\u0159evo<br \/>je vodou \u0159editeln\u00fd tmel na d\u0159evo, je zdravotn\u011b nez\u00e1vadn\u00fd a ne\u0161kodn\u00fd \u017eivotn\u00edmu prost\u0159ed\u00ed. Nezap\u00e1ch\u00e1 a neobsahuje rozpou\u0161t\u011bdla.<br \/>V\u00fdborn\u011b mo\u0159iteln\u00fd, d\u00edky \u010demu tmelen\u00e9 m\u00edsta nenech\u00e1vaj\u00ed fleky barevn\u011b odli\u0161n\u00e9 od mo\u0159en\u00e9ho povrchu, rychle schnouc\u00ed, velmi dob\u0159e brousiteln\u00fd, p\u0159itom nezan\u00e1\u0161\u00ed brusn\u00fd pap\u00edr,univerz\u00e1ln\u011b pou\u017eiteln\u00fd na opravy v\u0161ech typ\u016f d\u0159even\u00fdch ploch, vhodn\u00fd pro v\u0161echny zp\u016fsoby mechanick\u00e9ho opracov\u00e1n\u00ed, dlouhodob\u011b skladovateln\u00fd bez zm\u011bny mechanick\u00fdch vlastnost\u00ed.<\/p>\n<p>Brusn\u00e1 pasta na d\u0159evo se vyr\u00e1b\u00ed v 14 vz\u00e1jemn\u011b m\u00edsiteln\u00fdch a mo\u0159iteln\u00fdch odst\u00ednech.<\/p>\n<p>Zp\u016fsob aplikace:<br \/>Brusn\u00e1 pasta na d\u0159evo se aplikuje st\u011brkou p\u0159i minim\u00e1ln\u00ed teplot\u011b n\u00e1t\u011brov\u00e9 hmoty, vzduchu i podkladu +12 \u00b0C a to po celou dobu schnut\u00ed. <\/p>\n<p>Doporu\u010den\u00e1 teplota pro aplikaci: <br \/>+ 18 \u00b0C a\u017e + 23 \u00b0C.<\/p>\n<p>\u0158edidlo: <br \/>voda<\/p>\n<p>\u010ci\u0161t\u011bn\u00ed n\u00e1\u0159ad\u00ed: <br \/>voda                            <\/div>\n<div class=\"extended-description\">\n<h3>Dopl\u0148kov\u00e9 parametry<\/h3>\n<table class=\"detail-parameters\">\n<tbody>\n<tr>\n<th>        <span class=\"row-header-label\">            Kategorie<span class=\"row-header-label-colon\">:<\/span>        <\/span>    <\/th>\n<td>        Tmely na d\u0159evo    <\/td>\n<\/tr>\n<\/tbody>\n<\/table><\/div>\n<\/p><\/div>\n<\/p><\/div>\n","protected":false},"excerpt":{"rendered":"<p>Detailn\u00ed popis produktu Brusn\u00e1 pasta na d\u0159evoje vodou \u0159editeln\u00fd tmel na d\u0159evo, je zdravotn\u011b nez\u00e1vadn\u00fd a ne\u0161kodn\u00fd \u017eivotn\u00edmu prost\u0159ed\u00ed. Nezap\u00e1ch\u00e1 a neobsahuje rozpou\u0161t\u011bdla.V\u00fdborn\u011b mo\u0159iteln\u00fd, d\u00edky \u010demu tmelen\u00e9 m\u00edsta nenech\u00e1vaj\u00ed fleky barevn\u011b odli\u0161n\u00e9 od mo\u0159en\u00e9ho povrchu, rychle schnouc\u00ed, velmi dob\u0159e brousiteln\u00fd, p\u0159itom nezan\u00e1\u0161\u00ed brusn\u00fd pap\u00edr,univerz\u00e1ln\u011b pou\u017eiteln\u00fd na opravy v\u0161ech typ\u016f d\u0159even\u00fdch ploch, vhodn\u00fd pro v\u0161echny zp\u016fsoby [&hellip;]<\/p>\n","protected":false},"featured_media":33405,"comment_status":"open","ping_status":"open","template":"","meta":[],"product_brand":[],"product_cat":[124],"product_tag":[],"class_list":{"0":"post-33305","1":"product","2":"type-product","3":"status-publish","4":"has-post-thumbnail","6":"product_cat-lepidla-silikony-tmely-a-peny","8":"first","9":"instock","10":"sale","11":"shipping-taxable","12":"purchasable","13":"product-type-simple"},"yoast_head":"<!-- This site is optimized with the Yoast SEO plugin v26.8 - https:\/\/yoast.com\/product\/yoast-seo-wordpress\/ -->\n<title>N\u00edzk\u00e1 Cena Sokrates Brusn\u00e1 pasta na d\u0159evo -<\/title>\n<meta name=\"robots\" content=\"index, follow, max-snippet:-1, max-image-preview:large, max-video-preview:-1\" \/>\n<link rel=\"canonical\" href=\"https:\/\/www.domtechnikpro.com\/index.php\/produkt\/nizka-cena-sokrates-brusna-pasta-na-drevo-33305\/\" \/>\n<meta property=\"og:locale\" content=\"cs_CZ\" \/>\n<meta property=\"og:type\" content=\"article\" \/>\n<meta property=\"og:title\" content=\"N\u00edzk\u00e1 Cena Sokrates Brusn\u00e1 pasta na d\u0159evo -\" \/>\n<meta property=\"og:description\" content=\"Detailn\u00ed popis produktu Brusn\u00e1 pasta na d\u0159evoje vodou \u0159editeln\u00fd tmel na d\u0159evo, je zdravotn\u011b nez\u00e1vadn\u00fd a ne\u0161kodn\u00fd \u017eivotn\u00edmu prost\u0159ed\u00ed. Nezap\u00e1ch\u00e1 a neobsahuje rozpou\u0161t\u011bdla.V\u00fdborn\u011b mo\u0159iteln\u00fd, d\u00edky \u010demu tmelen\u00e9 m\u00edsta nenech\u00e1vaj\u00ed fleky barevn\u011b odli\u0161n\u00e9 od mo\u0159en\u00e9ho povrchu, rychle schnouc\u00ed, velmi dob\u0159e brousiteln\u00fd, p\u0159itom nezan\u00e1\u0161\u00ed brusn\u00fd pap\u00edr,univerz\u00e1ln\u011b pou\u017eiteln\u00fd na opravy v\u0161ech typ\u016f d\u0159even\u00fdch ploch, vhodn\u00fd pro v\u0161echny zp\u016fsoby [&hellip;]\" \/>\n<meta property=\"og:url\" content=\"https:\/\/www.domtechnikpro.com\/index.php\/produkt\/nizka-cena-sokrates-brusna-pasta-na-drevo-33305\/\" \/>\n<meta property=\"og:image\" content=\"https:\/\/www.domtechnikpro.com\/wp-content\/uploads\/2026\/SK0001651-CZ20260425-092355-0-1777080235-27776_brusna-pasta.webp\" \/>\n\t<meta property=\"og:image:width\" content=\"1000\" \/>\n\t<meta property=\"og:image:height\" content=\"750\" \/>\n\t<meta property=\"og:image:type\" content=\"image\/webp\" \/>\n<meta name=\"twitter:card\" content=\"summary_large_image\" \/>\n<meta name=\"twitter:label1\" content=\"Odhadovan\u00e1 doba \u010dten\u00ed\" \/>\n\t<meta name=\"twitter:data1\" content=\"1 minuta\" \/>\n<script type=\"application\/ld+json\" class=\"yoast-schema-graph\">{\"@context\":\"https:\/\/schema.org\",\"@graph\":[{\"@type\":\"WebPage\",\"@id\":\"https:\/\/www.domtechnikpro.com\/index.php\/produkt\/nizka-cena-sokrates-brusna-pasta-na-drevo-33305\/\",\"url\":\"https:\/\/www.domtechnikpro.com\/index.php\/produkt\/nizka-cena-sokrates-brusna-pasta-na-drevo-33305\/\",\"name\":\"N\u00edzk\u00e1 Cena Sokrates Brusn\u00e1 pasta na d\u0159evo -\",\"isPartOf\":{\"@id\":\"https:\/\/www.domtechnikpro.com\/#website\"},\"primaryImageOfPage\":{\"@id\":\"https:\/\/www.domtechnikpro.com\/index.php\/produkt\/nizka-cena-sokrates-brusna-pasta-na-drevo-33305\/#primaryimage\"},\"image\":{\"@id\":\"https:\/\/www.domtechnikpro.com\/index.php\/produkt\/nizka-cena-sokrates-brusna-pasta-na-drevo-33305\/#primaryimage\"},\"thumbnailUrl\":\"https:\/\/www.domtechnikpro.com\/wp-content\/uploads\/2026\/SK0001651-CZ20260425-092355-0-1777080235-27776_brusna-pasta.webp\",\"datePublished\":\"2026-04-26T08:57:23+00:00\",\"breadcrumb\":{\"@id\":\"https:\/\/www.domtechnikpro.com\/index.php\/produkt\/nizka-cena-sokrates-brusna-pasta-na-drevo-33305\/#breadcrumb\"},\"inLanguage\":\"cs\",\"potentialAction\":[{\"@type\":\"ReadAction\",\"target\":[\"https:\/\/www.domtechnikpro.com\/index.php\/produkt\/nizka-cena-sokrates-brusna-pasta-na-drevo-33305\/\"]}]},{\"@type\":\"ImageObject\",\"inLanguage\":\"cs\",\"@id\":\"https:\/\/www.domtechnikpro.com\/index.php\/produkt\/nizka-cena-sokrates-brusna-pasta-na-drevo-33305\/#primaryimage\",\"url\":\"https:\/\/www.domtechnikpro.com\/wp-content\/uploads\/2026\/SK0001651-CZ20260425-092355-0-1777080235-27776_brusna-pasta.webp\",\"contentUrl\":\"https:\/\/www.domtechnikpro.com\/wp-content\/uploads\/2026\/SK0001651-CZ20260425-092355-0-1777080235-27776_brusna-pasta.webp\",\"width\":1000,\"height\":750},{\"@type\":\"BreadcrumbList\",\"@id\":\"https:\/\/www.domtechnikpro.com\/index.php\/produkt\/nizka-cena-sokrates-brusna-pasta-na-drevo-33305\/#breadcrumb\",\"itemListElement\":[{\"@type\":\"ListItem\",\"position\":1,\"name\":\"Home\",\"item\":\"https:\/\/www.domtechnikpro.com\/\"},{\"@type\":\"ListItem\",\"position\":2,\"name\":\"Products\",\"item\":\"https:\/\/www.domtechnikpro.com\/index.php\/products\/\"},{\"@type\":\"ListItem\",\"position\":3,\"name\":\"N\u00edzk\u00e1 Cena Sokrates Brusn\u00e1 pasta na d\u0159evo\"}]},{\"@type\":\"WebSite\",\"@id\":\"https:\/\/www.domtechnikpro.com\/#website\",\"url\":\"https:\/\/www.domtechnikpro.com\/\",\"name\":\"\",\"description\":\"\",\"potentialAction\":[{\"@type\":\"SearchAction\",\"target\":{\"@type\":\"EntryPoint\",\"urlTemplate\":\"https:\/\/www.domtechnikpro.com\/?s={search_term_string}\"},\"query-input\":{\"@type\":\"PropertyValueSpecification\",\"valueRequired\":true,\"valueName\":\"search_term_string\"}}],\"inLanguage\":\"cs\"}]}<\/script>\n<!-- \/ Yoast SEO plugin. -->","yoast_head_json":{"title":"N\u00edzk\u00e1 Cena Sokrates Brusn\u00e1 pasta na d\u0159evo -","robots":{"index":"index","follow":"follow","max-snippet":"max-snippet:-1","max-image-preview":"max-image-preview:large","max-video-preview":"max-video-preview:-1"},"canonical":"https:\/\/www.domtechnikpro.com\/index.php\/produkt\/nizka-cena-sokrates-brusna-pasta-na-drevo-33305\/","og_locale":"cs_CZ","og_type":"article","og_title":"N\u00edzk\u00e1 Cena Sokrates Brusn\u00e1 pasta na d\u0159evo -","og_description":"Detailn\u00ed popis produktu Brusn\u00e1 pasta na d\u0159evoje vodou \u0159editeln\u00fd tmel na d\u0159evo, je zdravotn\u011b nez\u00e1vadn\u00fd a ne\u0161kodn\u00fd \u017eivotn\u00edmu prost\u0159ed\u00ed. Nezap\u00e1ch\u00e1 a neobsahuje rozpou\u0161t\u011bdla.V\u00fdborn\u011b mo\u0159iteln\u00fd, d\u00edky \u010demu tmelen\u00e9 m\u00edsta nenech\u00e1vaj\u00ed fleky barevn\u011b odli\u0161n\u00e9 od mo\u0159en\u00e9ho povrchu, rychle schnouc\u00ed, velmi dob\u0159e brousiteln\u00fd, p\u0159itom nezan\u00e1\u0161\u00ed brusn\u00fd pap\u00edr,univerz\u00e1ln\u011b pou\u017eiteln\u00fd na opravy v\u0161ech typ\u016f d\u0159even\u00fdch ploch, vhodn\u00fd pro v\u0161echny zp\u016fsoby [&hellip;]","og_url":"https:\/\/www.domtechnikpro.com\/index.php\/produkt\/nizka-cena-sokrates-brusna-pasta-na-drevo-33305\/","og_image":[{"width":1000,"height":750,"url":"https:\/\/www.domtechnikpro.com\/wp-content\/uploads\/2026\/SK0001651-CZ20260425-092355-0-1777080235-27776_brusna-pasta.webp","type":"image\/webp"}],"twitter_card":"summary_large_image","twitter_misc":{"Odhadovan\u00e1 doba \u010dten\u00ed":"1 minuta"},"schema":{"@context":"https:\/\/schema.org","@graph":[{"@type":"WebPage","@id":"https:\/\/www.domtechnikpro.com\/index.php\/produkt\/nizka-cena-sokrates-brusna-pasta-na-drevo-33305\/","url":"https:\/\/www.domtechnikpro.com\/index.php\/produkt\/nizka-cena-sokrates-brusna-pasta-na-drevo-33305\/","name":"N\u00edzk\u00e1 Cena Sokrates Brusn\u00e1 pasta na d\u0159evo -","isPartOf":{"@id":"https:\/\/www.domtechnikpro.com\/#website"},"primaryImageOfPage":{"@id":"https:\/\/www.domtechnikpro.com\/index.php\/produkt\/nizka-cena-sokrates-brusna-pasta-na-drevo-33305\/#primaryimage"},"image":{"@id":"https:\/\/www.domtechnikpro.com\/index.php\/produkt\/nizka-cena-sokrates-brusna-pasta-na-drevo-33305\/#primaryimage"},"thumbnailUrl":"https:\/\/www.domtechnikpro.com\/wp-content\/uploads\/2026\/SK0001651-CZ20260425-092355-0-1777080235-27776_brusna-pasta.webp","datePublished":"2026-04-26T08:57:23+00:00","breadcrumb":{"@id":"https:\/\/www.domtechnikpro.com\/index.php\/produkt\/nizka-cena-sokrates-brusna-pasta-na-drevo-33305\/#breadcrumb"},"inLanguage":"cs","potentialAction":[{"@type":"ReadAction","target":["https:\/\/www.domtechnikpro.com\/index.php\/produkt\/nizka-cena-sokrates-brusna-pasta-na-drevo-33305\/"]}]},{"@type":"ImageObject","inLanguage":"cs","@id":"https:\/\/www.domtechnikpro.com\/index.php\/produkt\/nizka-cena-sokrates-brusna-pasta-na-drevo-33305\/#primaryimage","url":"https:\/\/www.domtechnikpro.com\/wp-content\/uploads\/2026\/SK0001651-CZ20260425-092355-0-1777080235-27776_brusna-pasta.webp","contentUrl":"https:\/\/www.domtechnikpro.com\/wp-content\/uploads\/2026\/SK0001651-CZ20260425-092355-0-1777080235-27776_brusna-pasta.webp","width":1000,"height":750},{"@type":"BreadcrumbList","@id":"https:\/\/www.domtechnikpro.com\/index.php\/produkt\/nizka-cena-sokrates-brusna-pasta-na-drevo-33305\/#breadcrumb","itemListElement":[{"@type":"ListItem","position":1,"name":"Home","item":"https:\/\/www.domtechnikpro.com\/"},{"@type":"ListItem","position":2,"name":"Products","item":"https:\/\/www.domtechnikpro.com\/index.php\/products\/"},{"@type":"ListItem","position":3,"name":"N\u00edzk\u00e1 Cena Sokrates Brusn\u00e1 pasta na d\u0159evo"}]},{"@type":"WebSite","@id":"https:\/\/www.domtechnikpro.com\/#website","url":"https:\/\/www.domtechnikpro.com\/","name":"","description":"","potentialAction":[{"@type":"SearchAction","target":{"@type":"EntryPoint","urlTemplate":"https:\/\/www.domtechnikpro.com\/?s={search_term_string}"},"query-input":{"@type":"PropertyValueSpecification","valueRequired":true,"valueName":"search_term_string"}}],"inLanguage":"cs"}]}},"_links":{"self":[{"href":"https:\/\/www.domtechnikpro.com\/index.php\/wp-json\/wp\/v2\/product\/33305","targetHints":{"allow":["GET"]}}],"collection":[{"href":"https:\/\/www.domtechnikpro.com\/index.php\/wp-json\/wp\/v2\/product"}],"about":[{"href":"https:\/\/www.domtechnikpro.com\/index.php\/wp-json\/wp\/v2\/types\/product"}],"replies":[{"embeddable":true,"href":"https:\/\/www.domtechnikpro.com\/index.php\/wp-json\/wp\/v2\/comments?post=33305"}],"wp:featuredmedia":[{"embeddable":true,"href":"https:\/\/www.domtechnikpro.com\/index.php\/wp-json\/wp\/v2\/media\/33405"}],"wp:attachment":[{"href":"https:\/\/www.domtechnikpro.com\/index.php\/wp-json\/wp\/v2\/media?parent=33305"}],"wp:term":[{"taxonomy":"product_brand","embeddable":true,"href":"https:\/\/www.domtechnikpro.com\/index.php\/wp-json\/wp\/v2\/product_brand?post=33305"},{"taxonomy":"product_cat","embeddable":true,"href":"https:\/\/www.domtechnikpro.com\/index.php\/wp-json\/wp\/v2\/product_cat?post=33305"},{"taxonomy":"product_tag","embeddable":true,"href":"https:\/\/www.domtechnikpro.com\/index.php\/wp-json\/wp\/v2\/product_tag?post=33305"}],"curies":[{"name":"wp","href":"https:\/\/api.w.org\/{rel}","templated":true}]}}