{"id":33118,"date":"2026-04-26T08:57:21","date_gmt":"2026-04-26T08:57:21","guid":{"rendered":""},"modified":"2026-04-26T08:57:21","modified_gmt":"2026-04-26T08:57:21","slug":"vraceni-zdarma-rokotmel-33118","status":"publish","type":"product","link":"https:\/\/www.domtechnikpro.com\/produkt\/vraceni-zdarma-rokotmel-33118\/","title":{"rendered":"Vr\u00e1cen\u00ed Zdarma Rokotmel"},"content":{"rendered":"<div class=\"basic-description\">\n<h3>Detailn\u00ed popis produktu<\/h3>\n<p>                                    Pr\u00e1\u0161kov\u00e1 stavebn\u00ed hmota ze sm\u011bsi s\u00e1dry a zu\u0161lech\u0165uj\u00edc\u00edch p\u0159\u00edsad zaru\u010duj\u00edc\u00edch n\u00edzkou objemovou hmotnost a v\u00fdbornou zpracovatelnost p\u0159i n\u00edzk\u00e9m obsahu z\u00e1m\u011bsov\u00e9 hmoty.<\/p>\n<p>Pou\u017eit\u00ed:<br \/>Ur\u010den pro p\u0159\u00edpravu v\u00fdpl\u0148ov\u00e9ho tmele sp\u00e1r (spoj\u016f) mezi s\u00e1drokartonov\u00fdmi deskami, vypln\u011bn\u00ed trhlin a sp\u00e1r ve zdivu a v om\u00edtce. Je ur\u010den pro vnit\u0159n\u00ed prost\u0159ed\u00ed budov. Nen\u00ed vhodn\u00fd pro trval\u00e9 mokr\u00e9 a vlhk\u00e9 prost\u0159ed\u00ed.<\/p>\n<p>Aplikace:<br \/>Optim\u00e1ln\u00ed mno\u017estv\u00ed tmelu se p\u0159iprav\u00ed sm\u00edch\u00e1n\u00edm 1 l vody a 2,22 kg Rokotmel. Najednou p\u0159iprav\u00edme v\u017edy jen tolik tmelu, kolik zpracujeme do cca. 40 min. Pr\u00e1\u0161ek se nasype do n\u00e1doby s \u010distou vodou a po cca 2 &#8211; 4 min. sm\u00e1\u010den\u00ed se obsah n\u00e1doby d\u016fkladn\u011b prom\u00edch\u00e1 a\u017e p\u0159ipraven\u00fd tmel z\u00edsk\u00e1 charakter smetanovit\u011b provzdu\u0161n\u011bn\u00e9 hmoty. Nan\u00e1\u0161\u00ed se na such\u00fd, pevn\u00fd podklad zbaven\u00fd ne\u010distot. Povrch tmelu se \u0161irokou \u0161pachtl\u00ed nebo hlad\u00edtkem zarovn\u00e1 do roviny s p\u0159ilehl\u00fdch ploch. Odolnost spoje proti dynamick\u00fdm \u00fa\u010dink\u016fm je nutno zv\u00fd\u0161it band\u00e1\u017eov\u00e1n\u00edm proveden\u00fdm klasick\u00fdm zp\u016fsobem. Tmel z\u00edsk\u00e1 pot\u0159ebnou pevnost tvrdnut\u00edm a vysych\u00e1n\u00edm. Po 3 &#8211; 4 hod. podle teploty a intenzity proud\u011bn\u00ed vzduchu na pracovi\u0161ti je tmelen\u00e1 plocha p\u0159ipraven\u00e1 pro p\u0159ebrou\u0161en\u00ed a dal\u0161\u00ed povrchovou \u00fapravu.<\/p>\n<p>Balen\u00ed:<br \/>Rokotmel se dod\u00e1v\u00e1 v pap\u00edrov\u00fdch obalech o hmotnosti 2kg, 5kg a 20 kg. Optim\u00e1ln\u00ed teplota skladovac\u00edho prostoru je + 5 a\u017e + 25 \u00b0C. Skladovac\u00ed prostor mus\u00ed b\u00fdt such\u00fd a chr\u00e1n\u011bn p\u0159ed zvlhnut\u00edm, kter\u00e9 Rokotmel EKO znehodnocuje.                            <\/div>\n<div class=\"extended-description\">\n<h3>Dopl\u0148kov\u00e9 parametry<\/h3>\n<table class=\"detail-parameters\">\n<tbody>\n<tr>\n<th>        <span class=\"row-header-label\">            Kategorie<span class=\"row-header-label-colon\">:<\/span>        <\/span>    <\/th>\n<td>        Tmely na beton a zdivo    <\/td>\n<\/tr>\n<\/tbody>\n<\/table><\/div>\n<\/p><\/div>\n<\/p><\/div>\n","protected":false},"excerpt":{"rendered":"<p>Detailn\u00ed popis produktu Pr\u00e1\u0161kov\u00e1 stavebn\u00ed hmota ze sm\u011bsi s\u00e1dry a zu\u0161lech\u0165uj\u00edc\u00edch p\u0159\u00edsad zaru\u010duj\u00edc\u00edch n\u00edzkou objemovou hmotnost a v\u00fdbornou zpracovatelnost p\u0159i n\u00edzk\u00e9m obsahu z\u00e1m\u011bsov\u00e9 hmoty. Pou\u017eit\u00ed:Ur\u010den pro p\u0159\u00edpravu v\u00fdpl\u0148ov\u00e9ho tmele sp\u00e1r (spoj\u016f) mezi s\u00e1drokartonov\u00fdmi deskami, vypln\u011bn\u00ed trhlin a sp\u00e1r ve zdivu a v om\u00edtce. Je ur\u010den pro vnit\u0159n\u00ed prost\u0159ed\u00ed budov. Nen\u00ed vhodn\u00fd pro trval\u00e9 mokr\u00e9 a [&hellip;]<\/p>\n","protected":false},"featured_media":33218,"comment_status":"open","ping_status":"open","template":"","meta":[],"product_brand":[],"product_cat":[124],"product_tag":[],"class_list":{"0":"post-33118","1":"product","2":"type-product","3":"status-publish","4":"has-post-thumbnail","6":"product_cat-lepidla-silikony-tmely-a-peny","8":"first","9":"instock","10":"sale","11":"shipping-taxable","12":"purchasable","13":"product-type-simple"},"yoast_head":"<!-- This site is optimized with the Yoast SEO plugin v26.8 - https:\/\/yoast.com\/product\/yoast-seo-wordpress\/ -->\n<title>Vr\u00e1cen\u00ed Zdarma Rokotmel - Pr\u016fmyslov\u00e9 vybaven\u00ed a p\u0159\u00edslu\u0161enstv\u00ed<\/title>\n<meta name=\"robots\" content=\"index, follow, max-snippet:-1, max-image-preview:large, max-video-preview:-1\" \/>\n<link rel=\"canonical\" href=\"https:\/\/www.domtechnikpro.com\/index.php\/produkt\/vraceni-zdarma-rokotmel-33118\/\" \/>\n<meta property=\"og:locale\" content=\"cs_CZ\" \/>\n<meta property=\"og:type\" content=\"article\" \/>\n<meta property=\"og:title\" content=\"Vr\u00e1cen\u00ed Zdarma Rokotmel - Pr\u016fmyslov\u00e9 vybaven\u00ed a p\u0159\u00edslu\u0161enstv\u00ed\" \/>\n<meta property=\"og:description\" content=\"Detailn\u00ed popis produktu Pr\u00e1\u0161kov\u00e1 stavebn\u00ed hmota ze sm\u011bsi s\u00e1dry a zu\u0161lech\u0165uj\u00edc\u00edch p\u0159\u00edsad zaru\u010duj\u00edc\u00edch n\u00edzkou objemovou hmotnost a v\u00fdbornou zpracovatelnost p\u0159i n\u00edzk\u00e9m obsahu z\u00e1m\u011bsov\u00e9 hmoty. Pou\u017eit\u00ed:Ur\u010den pro p\u0159\u00edpravu v\u00fdpl\u0148ov\u00e9ho tmele sp\u00e1r (spoj\u016f) mezi s\u00e1drokartonov\u00fdmi deskami, vypln\u011bn\u00ed trhlin a sp\u00e1r ve zdivu a v om\u00edtce. Je ur\u010den pro vnit\u0159n\u00ed prost\u0159ed\u00ed budov. Nen\u00ed vhodn\u00fd pro trval\u00e9 mokr\u00e9 a [&hellip;]\" \/>\n<meta property=\"og:url\" content=\"https:\/\/www.domtechnikpro.com\/index.php\/produkt\/vraceni-zdarma-rokotmel-33118\/\" \/>\n<meta property=\"og:site_name\" content=\"Pr\u016fmyslov\u00e9 vybaven\u00ed a p\u0159\u00edslu\u0161enstv\u00ed\" \/>\n<meta property=\"og:image\" content=\"https:\/\/www.domtechnikpro.com\/wp-content\/uploads\/2026\/SK0001564-CZ20260425-092355-0-1777080235-27470_rokospol-rokotmel.webp\" \/>\n\t<meta property=\"og:image:width\" content=\"1000\" \/>\n\t<meta property=\"og:image:height\" content=\"750\" \/>\n\t<meta property=\"og:image:type\" content=\"image\/webp\" \/>\n<meta name=\"twitter:card\" content=\"summary_large_image\" \/>\n<meta name=\"twitter:label1\" content=\"Odhadovan\u00e1 doba \u010dten\u00ed\" \/>\n\t<meta name=\"twitter:data1\" content=\"1 minuta\" \/>\n<script type=\"application\/ld+json\" class=\"yoast-schema-graph\">{\"@context\":\"https:\/\/schema.org\",\"@graph\":[{\"@type\":\"WebPage\",\"@id\":\"https:\/\/www.domtechnikpro.com\/index.php\/produkt\/vraceni-zdarma-rokotmel-33118\/\",\"url\":\"https:\/\/www.domtechnikpro.com\/index.php\/produkt\/vraceni-zdarma-rokotmel-33118\/\",\"name\":\"Vr\u00e1cen\u00ed Zdarma Rokotmel - Pr\u016fmyslov\u00e9 vybaven\u00ed a p\u0159\u00edslu\u0161enstv\u00ed\",\"isPartOf\":{\"@id\":\"https:\/\/www.domtechnikpro.com\/#website\"},\"primaryImageOfPage\":{\"@id\":\"https:\/\/www.domtechnikpro.com\/index.php\/produkt\/vraceni-zdarma-rokotmel-33118\/#primaryimage\"},\"image\":{\"@id\":\"https:\/\/www.domtechnikpro.com\/index.php\/produkt\/vraceni-zdarma-rokotmel-33118\/#primaryimage\"},\"thumbnailUrl\":\"https:\/\/www.domtechnikpro.com\/wp-content\/uploads\/2026\/SK0001564-CZ20260425-092355-0-1777080235-27470_rokospol-rokotmel.webp\",\"datePublished\":\"2026-04-26T08:57:21+00:00\",\"breadcrumb\":{\"@id\":\"https:\/\/www.domtechnikpro.com\/index.php\/produkt\/vraceni-zdarma-rokotmel-33118\/#breadcrumb\"},\"inLanguage\":\"cs\",\"potentialAction\":[{\"@type\":\"ReadAction\",\"target\":[\"https:\/\/www.domtechnikpro.com\/index.php\/produkt\/vraceni-zdarma-rokotmel-33118\/\"]}]},{\"@type\":\"ImageObject\",\"inLanguage\":\"cs\",\"@id\":\"https:\/\/www.domtechnikpro.com\/index.php\/produkt\/vraceni-zdarma-rokotmel-33118\/#primaryimage\",\"url\":\"https:\/\/www.domtechnikpro.com\/wp-content\/uploads\/2026\/SK0001564-CZ20260425-092355-0-1777080235-27470_rokospol-rokotmel.webp\",\"contentUrl\":\"https:\/\/www.domtechnikpro.com\/wp-content\/uploads\/2026\/SK0001564-CZ20260425-092355-0-1777080235-27470_rokospol-rokotmel.webp\",\"width\":1000,\"height\":750},{\"@type\":\"BreadcrumbList\",\"@id\":\"https:\/\/www.domtechnikpro.com\/index.php\/produkt\/vraceni-zdarma-rokotmel-33118\/#breadcrumb\",\"itemListElement\":[{\"@type\":\"ListItem\",\"position\":1,\"name\":\"Home\",\"item\":\"https:\/\/www.domtechnikpro.com\/\"},{\"@type\":\"ListItem\",\"position\":2,\"name\":\"Products\",\"item\":\"https:\/\/www.domtechnikpro.com\/products\/\"},{\"@type\":\"ListItem\",\"position\":3,\"name\":\"Vr\u00e1cen\u00ed Zdarma Rokotmel\"}]},{\"@type\":\"WebSite\",\"@id\":\"https:\/\/www.domtechnikpro.com\/#website\",\"url\":\"https:\/\/www.domtechnikpro.com\/\",\"name\":\"Pr\u016fmyslov\u00e9 vybaven\u00ed a p\u0159\u00edslu\u0161enstv\u00ed\",\"description\":\"Pr\u016fmyslov\u00e9 vybaven\u00ed a p\u0159\u00edslu\u0161enstv\u00ed\",\"publisher\":{\"@id\":\"https:\/\/www.domtechnikpro.com\/#organization\"},\"potentialAction\":[{\"@type\":\"SearchAction\",\"target\":{\"@type\":\"EntryPoint\",\"urlTemplate\":\"https:\/\/www.domtechnikpro.com\/?s={search_term_string}\"},\"query-input\":{\"@type\":\"PropertyValueSpecification\",\"valueRequired\":true,\"valueName\":\"search_term_string\"}}],\"inLanguage\":\"cs\"},{\"@type\":\"Organization\",\"@id\":\"https:\/\/www.domtechnikpro.com\/#organization\",\"name\":\"Pr\u016fmyslov\u00e9 vybaven\u00ed a p\u0159\u00edslu\u0161enstv\u00ed\",\"url\":\"https:\/\/www.domtechnikpro.com\/\",\"logo\":{\"@type\":\"ImageObject\",\"inLanguage\":\"cs\",\"@id\":\"https:\/\/www.domtechnikpro.com\/#\/schema\/logo\/image\/\",\"url\":\"https:\/\/www.domtechnikpro.com\/wp-content\/uploads\/2026\/04\/domtechnikpro_logo_full.svg\",\"contentUrl\":\"https:\/\/www.domtechnikpro.com\/wp-content\/uploads\/2026\/04\/domtechnikpro_logo_full.svg\",\"width\":920,\"height\":180,\"caption\":\"Pr\u016fmyslov\u00e9 vybaven\u00ed a p\u0159\u00edslu\u0161enstv\u00ed\"},\"image\":{\"@id\":\"https:\/\/www.domtechnikpro.com\/#\/schema\/logo\/image\/\"}}]}<\/script>\n<!-- \/ Yoast SEO plugin. -->","yoast_head_json":{"title":"Vr\u00e1cen\u00ed Zdarma Rokotmel - Pr\u016fmyslov\u00e9 vybaven\u00ed a p\u0159\u00edslu\u0161enstv\u00ed","robots":{"index":"index","follow":"follow","max-snippet":"max-snippet:-1","max-image-preview":"max-image-preview:large","max-video-preview":"max-video-preview:-1"},"canonical":"https:\/\/www.domtechnikpro.com\/index.php\/produkt\/vraceni-zdarma-rokotmel-33118\/","og_locale":"cs_CZ","og_type":"article","og_title":"Vr\u00e1cen\u00ed Zdarma Rokotmel - Pr\u016fmyslov\u00e9 vybaven\u00ed a p\u0159\u00edslu\u0161enstv\u00ed","og_description":"Detailn\u00ed popis produktu Pr\u00e1\u0161kov\u00e1 stavebn\u00ed hmota ze sm\u011bsi s\u00e1dry a zu\u0161lech\u0165uj\u00edc\u00edch p\u0159\u00edsad zaru\u010duj\u00edc\u00edch n\u00edzkou objemovou hmotnost a v\u00fdbornou zpracovatelnost p\u0159i n\u00edzk\u00e9m obsahu z\u00e1m\u011bsov\u00e9 hmoty. Pou\u017eit\u00ed:Ur\u010den pro p\u0159\u00edpravu v\u00fdpl\u0148ov\u00e9ho tmele sp\u00e1r (spoj\u016f) mezi s\u00e1drokartonov\u00fdmi deskami, vypln\u011bn\u00ed trhlin a sp\u00e1r ve zdivu a v om\u00edtce. Je ur\u010den pro vnit\u0159n\u00ed prost\u0159ed\u00ed budov. Nen\u00ed vhodn\u00fd pro trval\u00e9 mokr\u00e9 a [&hellip;]","og_url":"https:\/\/www.domtechnikpro.com\/index.php\/produkt\/vraceni-zdarma-rokotmel-33118\/","og_site_name":"Pr\u016fmyslov\u00e9 vybaven\u00ed a p\u0159\u00edslu\u0161enstv\u00ed","og_image":[{"width":1000,"height":750,"url":"https:\/\/www.domtechnikpro.com\/wp-content\/uploads\/2026\/SK0001564-CZ20260425-092355-0-1777080235-27470_rokospol-rokotmel.webp","type":"image\/webp"}],"twitter_card":"summary_large_image","twitter_misc":{"Odhadovan\u00e1 doba \u010dten\u00ed":"1 minuta"},"schema":{"@context":"https:\/\/schema.org","@graph":[{"@type":"WebPage","@id":"https:\/\/www.domtechnikpro.com\/index.php\/produkt\/vraceni-zdarma-rokotmel-33118\/","url":"https:\/\/www.domtechnikpro.com\/index.php\/produkt\/vraceni-zdarma-rokotmel-33118\/","name":"Vr\u00e1cen\u00ed Zdarma Rokotmel - Pr\u016fmyslov\u00e9 vybaven\u00ed a p\u0159\u00edslu\u0161enstv\u00ed","isPartOf":{"@id":"https:\/\/www.domtechnikpro.com\/#website"},"primaryImageOfPage":{"@id":"https:\/\/www.domtechnikpro.com\/index.php\/produkt\/vraceni-zdarma-rokotmel-33118\/#primaryimage"},"image":{"@id":"https:\/\/www.domtechnikpro.com\/index.php\/produkt\/vraceni-zdarma-rokotmel-33118\/#primaryimage"},"thumbnailUrl":"https:\/\/www.domtechnikpro.com\/wp-content\/uploads\/2026\/SK0001564-CZ20260425-092355-0-1777080235-27470_rokospol-rokotmel.webp","datePublished":"2026-04-26T08:57:21+00:00","breadcrumb":{"@id":"https:\/\/www.domtechnikpro.com\/index.php\/produkt\/vraceni-zdarma-rokotmel-33118\/#breadcrumb"},"inLanguage":"cs","potentialAction":[{"@type":"ReadAction","target":["https:\/\/www.domtechnikpro.com\/index.php\/produkt\/vraceni-zdarma-rokotmel-33118\/"]}]},{"@type":"ImageObject","inLanguage":"cs","@id":"https:\/\/www.domtechnikpro.com\/index.php\/produkt\/vraceni-zdarma-rokotmel-33118\/#primaryimage","url":"https:\/\/www.domtechnikpro.com\/wp-content\/uploads\/2026\/SK0001564-CZ20260425-092355-0-1777080235-27470_rokospol-rokotmel.webp","contentUrl":"https:\/\/www.domtechnikpro.com\/wp-content\/uploads\/2026\/SK0001564-CZ20260425-092355-0-1777080235-27470_rokospol-rokotmel.webp","width":1000,"height":750},{"@type":"BreadcrumbList","@id":"https:\/\/www.domtechnikpro.com\/index.php\/produkt\/vraceni-zdarma-rokotmel-33118\/#breadcrumb","itemListElement":[{"@type":"ListItem","position":1,"name":"Home","item":"https:\/\/www.domtechnikpro.com\/"},{"@type":"ListItem","position":2,"name":"Products","item":"https:\/\/www.domtechnikpro.com\/products\/"},{"@type":"ListItem","position":3,"name":"Vr\u00e1cen\u00ed Zdarma Rokotmel"}]},{"@type":"WebSite","@id":"https:\/\/www.domtechnikpro.com\/#website","url":"https:\/\/www.domtechnikpro.com\/","name":"Pr\u016fmyslov\u00e9 vybaven\u00ed a p\u0159\u00edslu\u0161enstv\u00ed","description":"Pr\u016fmyslov\u00e9 vybaven\u00ed a p\u0159\u00edslu\u0161enstv\u00ed","publisher":{"@id":"https:\/\/www.domtechnikpro.com\/#organization"},"potentialAction":[{"@type":"SearchAction","target":{"@type":"EntryPoint","urlTemplate":"https:\/\/www.domtechnikpro.com\/?s={search_term_string}"},"query-input":{"@type":"PropertyValueSpecification","valueRequired":true,"valueName":"search_term_string"}}],"inLanguage":"cs"},{"@type":"Organization","@id":"https:\/\/www.domtechnikpro.com\/#organization","name":"Pr\u016fmyslov\u00e9 vybaven\u00ed a p\u0159\u00edslu\u0161enstv\u00ed","url":"https:\/\/www.domtechnikpro.com\/","logo":{"@type":"ImageObject","inLanguage":"cs","@id":"https:\/\/www.domtechnikpro.com\/#\/schema\/logo\/image\/","url":"https:\/\/www.domtechnikpro.com\/wp-content\/uploads\/2026\/04\/domtechnikpro_logo_full.svg","contentUrl":"https:\/\/www.domtechnikpro.com\/wp-content\/uploads\/2026\/04\/domtechnikpro_logo_full.svg","width":920,"height":180,"caption":"Pr\u016fmyslov\u00e9 vybaven\u00ed a p\u0159\u00edslu\u0161enstv\u00ed"},"image":{"@id":"https:\/\/www.domtechnikpro.com\/#\/schema\/logo\/image\/"}}]}},"_links":{"self":[{"href":"https:\/\/www.domtechnikpro.com\/wp-json\/wp\/v2\/product\/33118","targetHints":{"allow":["GET"]}}],"collection":[{"href":"https:\/\/www.domtechnikpro.com\/wp-json\/wp\/v2\/product"}],"about":[{"href":"https:\/\/www.domtechnikpro.com\/wp-json\/wp\/v2\/types\/product"}],"replies":[{"embeddable":true,"href":"https:\/\/www.domtechnikpro.com\/wp-json\/wp\/v2\/comments?post=33118"}],"wp:featuredmedia":[{"embeddable":true,"href":"https:\/\/www.domtechnikpro.com\/wp-json\/wp\/v2\/media\/33218"}],"wp:attachment":[{"href":"https:\/\/www.domtechnikpro.com\/wp-json\/wp\/v2\/media?parent=33118"}],"wp:term":[{"taxonomy":"product_brand","embeddable":true,"href":"https:\/\/www.domtechnikpro.com\/wp-json\/wp\/v2\/product_brand?post=33118"},{"taxonomy":"product_cat","embeddable":true,"href":"https:\/\/www.domtechnikpro.com\/wp-json\/wp\/v2\/product_cat?post=33118"},{"taxonomy":"product_tag","embeddable":true,"href":"https:\/\/www.domtechnikpro.com\/wp-json\/wp\/v2\/product_tag?post=33118"}],"curies":[{"name":"wp","href":"https:\/\/api.w.org\/{rel}","templated":true}]}}