{"id":33104,"date":"2026-04-26T08:57:21","date_gmt":"2026-04-26T08:57:21","guid":{"rendered":""},"modified":"2026-04-26T08:57:21","modified_gmt":"2026-04-26T08:57:21","slug":"roko-profipasta-primo-od-vyrobce-33104","status":"publish","type":"product","link":"https:\/\/www.domtechnikpro.com\/index.php\/produkt\/roko-profipasta-primo-od-vyrobce-33104\/","title":{"rendered":"Roko Profipasta P\u0159\u00edmo Od V\u00fdrobce"},"content":{"rendered":"<div class=\"basic-description\">\n<h3>Detailn\u00ed popis produktu<\/h3>\n<p>                                    Pastovit\u00e1 stavebn\u00ed hmota ur\u010den\u00e1 pro tenkovrstvou fin\u00e1ln\u00ed povrchovou \u00fapravu stavebn\u00edch konstrukc\u00ed. Je tvo\u0159ena jemnozrnou miner\u00e1ln\u00ed v\u00fdpln\u00ed, speci\u00e1ln\u00edmi pojivy, zu\u0161lech\u0165uj\u00edc\u00edmi p\u0159\u00edsadami a vodou. Zkou\u0161eno autorizovanou osobou dle \u010cSN EN 13963.<\/p>\n<p>Pou\u017eit\u00ed:<br \/>Profipasta je ur\u010dena pro povrchovou \u00fapravu z\u00e1kladov\u00e9ho tmele Rokoplast (Profitmel, Rokoplast Rapid, Rokotmel) a pro zhotoven\u00ed tenkovrstv\u00fdch fin\u00e1ln\u00edch \u00faprav j\u00e1drov\u00fdch om\u00edtek a s\u00e1drokartonu v tlou\u0161\u0165ce do 1,5 mm. Je ur\u010den pro vnit\u0159n\u00ed prost\u0159ed\u00ed budov. Nen\u00ed vhodn\u00fd pro trvale vlhk\u00e9 a mokr\u00e9 prost\u0159ed\u00ed.<\/p>\n<p>Aplikace:<br \/>Pro fin\u00e1ln\u00ed povrchovou \u00fapravu sp\u00e1r s\u00e1drokartonov\u00fdch desek zarovnan\u00fdch Rokoplastem se nanese tenk\u00e1 vrstva Profipasty a pe\u010dliv\u011b se hlad\u00edtkem vyrovn\u00e1. Po uschnut\u00ed nen\u00ed nutno p\u0159ebru\u0161ovat. Po aplikaci jako tenkovrstv\u00e1 celoplo\u0161n\u00e1 povrchov\u00e1 \u00faprava j\u00e1drov\u00e9 om\u00edtky nebo s\u00e1drokartonov\u00fdch desek se hmota nan\u00e1\u0161\u00ed hlad\u00edtkem v tenk\u00e9 vrstv\u011b a po m\u00edrn\u00e9m zavadnut\u00ed se pe\u010dliv\u011b vyhlad\u00ed. Pot\u0159eba brou\u0161en\u00ed je minim\u00e1ln\u00ed a\u017e \u017e\u00e1dn\u00e1.<\/p>\n<p>Balen\u00ed:<br \/>Profipasta se dod\u00e1v\u00e1 v um\u011blohmotn\u00fdch n\u00e1dob\u00e1ch obsahu 1 kg. Optim\u00e1ln\u00ed teplota skladovac\u00edho prostoru je + 8 a\u017e + 25 \u00b0C. P\u0159i teplot\u00e1ch pod bodem mrazu se hmota zcela znehodnot\u00ed.                            <\/div>\n<div class=\"extended-description\">\n<h3>Dopl\u0148kov\u00e9 parametry<\/h3>\n<table class=\"detail-parameters\">\n<tbody>\n<tr>\n<th>        <span class=\"row-header-label\">            Kategorie<span class=\"row-header-label-colon\">:<\/span>        <\/span>    <\/th>\n<td>        Tmely univerz\u00e1ln\u00ed    <\/td>\n<\/tr>\n<\/tbody>\n<\/table><\/div>\n<\/p><\/div>\n<\/p><\/div>\n","protected":false},"excerpt":{"rendered":"<p>Detailn\u00ed popis produktu Pastovit\u00e1 stavebn\u00ed hmota ur\u010den\u00e1 pro tenkovrstvou fin\u00e1ln\u00ed povrchovou \u00fapravu stavebn\u00edch konstrukc\u00ed. Je tvo\u0159ena jemnozrnou miner\u00e1ln\u00ed v\u00fdpln\u00ed, speci\u00e1ln\u00edmi pojivy, zu\u0161lech\u0165uj\u00edc\u00edmi p\u0159\u00edsadami a vodou. Zkou\u0161eno autorizovanou osobou dle \u010cSN EN 13963. Pou\u017eit\u00ed:Profipasta je ur\u010dena pro povrchovou \u00fapravu z\u00e1kladov\u00e9ho tmele Rokoplast (Profitmel, Rokoplast Rapid, Rokotmel) a pro zhotoven\u00ed tenkovrstv\u00fdch fin\u00e1ln\u00edch \u00faprav j\u00e1drov\u00fdch om\u00edtek a s\u00e1drokartonu [&hellip;]<\/p>\n","protected":false},"featured_media":33204,"comment_status":"open","ping_status":"open","template":"","meta":[],"product_brand":[],"product_cat":[124],"product_tag":[],"class_list":{"0":"post-33104","1":"product","2":"type-product","3":"status-publish","4":"has-post-thumbnail","6":"product_cat-lepidla-silikony-tmely-a-peny","8":"first","9":"instock","10":"sale","11":"shipping-taxable","12":"purchasable","13":"product-type-simple"},"yoast_head":"<!-- This site is optimized with the Yoast SEO plugin v26.8 - https:\/\/yoast.com\/product\/yoast-seo-wordpress\/ -->\n<title>Roko Profipasta P\u0159\u00edmo Od V\u00fdrobce -<\/title>\n<meta name=\"robots\" content=\"index, follow, max-snippet:-1, max-image-preview:large, max-video-preview:-1\" \/>\n<link rel=\"canonical\" href=\"https:\/\/www.domtechnikpro.com\/index.php\/produkt\/roko-profipasta-primo-od-vyrobce-33104\/\" \/>\n<meta property=\"og:locale\" content=\"cs_CZ\" \/>\n<meta property=\"og:type\" content=\"article\" \/>\n<meta property=\"og:title\" content=\"Roko Profipasta P\u0159\u00edmo Od V\u00fdrobce -\" \/>\n<meta property=\"og:description\" content=\"Detailn\u00ed popis produktu Pastovit\u00e1 stavebn\u00ed hmota ur\u010den\u00e1 pro tenkovrstvou fin\u00e1ln\u00ed povrchovou \u00fapravu stavebn\u00edch konstrukc\u00ed. Je tvo\u0159ena jemnozrnou miner\u00e1ln\u00ed v\u00fdpln\u00ed, speci\u00e1ln\u00edmi pojivy, zu\u0161lech\u0165uj\u00edc\u00edmi p\u0159\u00edsadami a vodou. Zkou\u0161eno autorizovanou osobou dle \u010cSN EN 13963. Pou\u017eit\u00ed:Profipasta je ur\u010dena pro povrchovou \u00fapravu z\u00e1kladov\u00e9ho tmele Rokoplast (Profitmel, Rokoplast Rapid, Rokotmel) a pro zhotoven\u00ed tenkovrstv\u00fdch fin\u00e1ln\u00edch \u00faprav j\u00e1drov\u00fdch om\u00edtek a s\u00e1drokartonu [&hellip;]\" \/>\n<meta property=\"og:url\" content=\"https:\/\/www.domtechnikpro.com\/index.php\/produkt\/roko-profipasta-primo-od-vyrobce-33104\/\" \/>\n<meta property=\"og:image\" content=\"https:\/\/www.domtechnikpro.com\/wp-content\/uploads\/2026\/SK0001550-CZ20260425-092355-0-1777080235-27422_rokospol-rokoprofipasta.webp\" \/>\n\t<meta property=\"og:image:width\" content=\"1000\" \/>\n\t<meta property=\"og:image:height\" content=\"750\" \/>\n\t<meta property=\"og:image:type\" content=\"image\/webp\" \/>\n<meta name=\"twitter:card\" content=\"summary_large_image\" \/>\n<meta name=\"twitter:label1\" content=\"Odhadovan\u00e1 doba \u010dten\u00ed\" \/>\n\t<meta name=\"twitter:data1\" content=\"1 minuta\" \/>\n<script type=\"application\/ld+json\" class=\"yoast-schema-graph\">{\"@context\":\"https:\/\/schema.org\",\"@graph\":[{\"@type\":\"WebPage\",\"@id\":\"https:\/\/www.domtechnikpro.com\/index.php\/produkt\/roko-profipasta-primo-od-vyrobce-33104\/\",\"url\":\"https:\/\/www.domtechnikpro.com\/index.php\/produkt\/roko-profipasta-primo-od-vyrobce-33104\/\",\"name\":\"Roko Profipasta P\u0159\u00edmo Od V\u00fdrobce -\",\"isPartOf\":{\"@id\":\"https:\/\/www.domtechnikpro.com\/#website\"},\"primaryImageOfPage\":{\"@id\":\"https:\/\/www.domtechnikpro.com\/index.php\/produkt\/roko-profipasta-primo-od-vyrobce-33104\/#primaryimage\"},\"image\":{\"@id\":\"https:\/\/www.domtechnikpro.com\/index.php\/produkt\/roko-profipasta-primo-od-vyrobce-33104\/#primaryimage\"},\"thumbnailUrl\":\"https:\/\/www.domtechnikpro.com\/wp-content\/uploads\/2026\/SK0001550-CZ20260425-092355-0-1777080235-27422_rokospol-rokoprofipasta.webp\",\"datePublished\":\"2026-04-26T08:57:21+00:00\",\"breadcrumb\":{\"@id\":\"https:\/\/www.domtechnikpro.com\/index.php\/produkt\/roko-profipasta-primo-od-vyrobce-33104\/#breadcrumb\"},\"inLanguage\":\"cs\",\"potentialAction\":[{\"@type\":\"ReadAction\",\"target\":[\"https:\/\/www.domtechnikpro.com\/index.php\/produkt\/roko-profipasta-primo-od-vyrobce-33104\/\"]}]},{\"@type\":\"ImageObject\",\"inLanguage\":\"cs\",\"@id\":\"https:\/\/www.domtechnikpro.com\/index.php\/produkt\/roko-profipasta-primo-od-vyrobce-33104\/#primaryimage\",\"url\":\"https:\/\/www.domtechnikpro.com\/wp-content\/uploads\/2026\/SK0001550-CZ20260425-092355-0-1777080235-27422_rokospol-rokoprofipasta.webp\",\"contentUrl\":\"https:\/\/www.domtechnikpro.com\/wp-content\/uploads\/2026\/SK0001550-CZ20260425-092355-0-1777080235-27422_rokospol-rokoprofipasta.webp\",\"width\":1000,\"height\":750},{\"@type\":\"BreadcrumbList\",\"@id\":\"https:\/\/www.domtechnikpro.com\/index.php\/produkt\/roko-profipasta-primo-od-vyrobce-33104\/#breadcrumb\",\"itemListElement\":[{\"@type\":\"ListItem\",\"position\":1,\"name\":\"Home\",\"item\":\"https:\/\/www.domtechnikpro.com\/\"},{\"@type\":\"ListItem\",\"position\":2,\"name\":\"Products\",\"item\":\"https:\/\/www.domtechnikpro.com\/index.php\/products\/\"},{\"@type\":\"ListItem\",\"position\":3,\"name\":\"Roko Profipasta P\u0159\u00edmo Od V\u00fdrobce\"}]},{\"@type\":\"WebSite\",\"@id\":\"https:\/\/www.domtechnikpro.com\/#website\",\"url\":\"https:\/\/www.domtechnikpro.com\/\",\"name\":\"\",\"description\":\"\",\"potentialAction\":[{\"@type\":\"SearchAction\",\"target\":{\"@type\":\"EntryPoint\",\"urlTemplate\":\"https:\/\/www.domtechnikpro.com\/?s={search_term_string}\"},\"query-input\":{\"@type\":\"PropertyValueSpecification\",\"valueRequired\":true,\"valueName\":\"search_term_string\"}}],\"inLanguage\":\"cs\"}]}<\/script>\n<!-- \/ Yoast SEO plugin. -->","yoast_head_json":{"title":"Roko Profipasta P\u0159\u00edmo Od V\u00fdrobce -","robots":{"index":"index","follow":"follow","max-snippet":"max-snippet:-1","max-image-preview":"max-image-preview:large","max-video-preview":"max-video-preview:-1"},"canonical":"https:\/\/www.domtechnikpro.com\/index.php\/produkt\/roko-profipasta-primo-od-vyrobce-33104\/","og_locale":"cs_CZ","og_type":"article","og_title":"Roko Profipasta P\u0159\u00edmo Od V\u00fdrobce -","og_description":"Detailn\u00ed popis produktu Pastovit\u00e1 stavebn\u00ed hmota ur\u010den\u00e1 pro tenkovrstvou fin\u00e1ln\u00ed povrchovou \u00fapravu stavebn\u00edch konstrukc\u00ed. Je tvo\u0159ena jemnozrnou miner\u00e1ln\u00ed v\u00fdpln\u00ed, speci\u00e1ln\u00edmi pojivy, zu\u0161lech\u0165uj\u00edc\u00edmi p\u0159\u00edsadami a vodou. Zkou\u0161eno autorizovanou osobou dle \u010cSN EN 13963. Pou\u017eit\u00ed:Profipasta je ur\u010dena pro povrchovou \u00fapravu z\u00e1kladov\u00e9ho tmele Rokoplast (Profitmel, Rokoplast Rapid, Rokotmel) a pro zhotoven\u00ed tenkovrstv\u00fdch fin\u00e1ln\u00edch \u00faprav j\u00e1drov\u00fdch om\u00edtek a s\u00e1drokartonu [&hellip;]","og_url":"https:\/\/www.domtechnikpro.com\/index.php\/produkt\/roko-profipasta-primo-od-vyrobce-33104\/","og_image":[{"width":1000,"height":750,"url":"https:\/\/www.domtechnikpro.com\/wp-content\/uploads\/2026\/SK0001550-CZ20260425-092355-0-1777080235-27422_rokospol-rokoprofipasta.webp","type":"image\/webp"}],"twitter_card":"summary_large_image","twitter_misc":{"Odhadovan\u00e1 doba \u010dten\u00ed":"1 minuta"},"schema":{"@context":"https:\/\/schema.org","@graph":[{"@type":"WebPage","@id":"https:\/\/www.domtechnikpro.com\/index.php\/produkt\/roko-profipasta-primo-od-vyrobce-33104\/","url":"https:\/\/www.domtechnikpro.com\/index.php\/produkt\/roko-profipasta-primo-od-vyrobce-33104\/","name":"Roko Profipasta P\u0159\u00edmo Od V\u00fdrobce -","isPartOf":{"@id":"https:\/\/www.domtechnikpro.com\/#website"},"primaryImageOfPage":{"@id":"https:\/\/www.domtechnikpro.com\/index.php\/produkt\/roko-profipasta-primo-od-vyrobce-33104\/#primaryimage"},"image":{"@id":"https:\/\/www.domtechnikpro.com\/index.php\/produkt\/roko-profipasta-primo-od-vyrobce-33104\/#primaryimage"},"thumbnailUrl":"https:\/\/www.domtechnikpro.com\/wp-content\/uploads\/2026\/SK0001550-CZ20260425-092355-0-1777080235-27422_rokospol-rokoprofipasta.webp","datePublished":"2026-04-26T08:57:21+00:00","breadcrumb":{"@id":"https:\/\/www.domtechnikpro.com\/index.php\/produkt\/roko-profipasta-primo-od-vyrobce-33104\/#breadcrumb"},"inLanguage":"cs","potentialAction":[{"@type":"ReadAction","target":["https:\/\/www.domtechnikpro.com\/index.php\/produkt\/roko-profipasta-primo-od-vyrobce-33104\/"]}]},{"@type":"ImageObject","inLanguage":"cs","@id":"https:\/\/www.domtechnikpro.com\/index.php\/produkt\/roko-profipasta-primo-od-vyrobce-33104\/#primaryimage","url":"https:\/\/www.domtechnikpro.com\/wp-content\/uploads\/2026\/SK0001550-CZ20260425-092355-0-1777080235-27422_rokospol-rokoprofipasta.webp","contentUrl":"https:\/\/www.domtechnikpro.com\/wp-content\/uploads\/2026\/SK0001550-CZ20260425-092355-0-1777080235-27422_rokospol-rokoprofipasta.webp","width":1000,"height":750},{"@type":"BreadcrumbList","@id":"https:\/\/www.domtechnikpro.com\/index.php\/produkt\/roko-profipasta-primo-od-vyrobce-33104\/#breadcrumb","itemListElement":[{"@type":"ListItem","position":1,"name":"Home","item":"https:\/\/www.domtechnikpro.com\/"},{"@type":"ListItem","position":2,"name":"Products","item":"https:\/\/www.domtechnikpro.com\/index.php\/products\/"},{"@type":"ListItem","position":3,"name":"Roko Profipasta P\u0159\u00edmo Od V\u00fdrobce"}]},{"@type":"WebSite","@id":"https:\/\/www.domtechnikpro.com\/#website","url":"https:\/\/www.domtechnikpro.com\/","name":"","description":"","potentialAction":[{"@type":"SearchAction","target":{"@type":"EntryPoint","urlTemplate":"https:\/\/www.domtechnikpro.com\/?s={search_term_string}"},"query-input":{"@type":"PropertyValueSpecification","valueRequired":true,"valueName":"search_term_string"}}],"inLanguage":"cs"}]}},"_links":{"self":[{"href":"https:\/\/www.domtechnikpro.com\/index.php\/wp-json\/wp\/v2\/product\/33104","targetHints":{"allow":["GET"]}}],"collection":[{"href":"https:\/\/www.domtechnikpro.com\/index.php\/wp-json\/wp\/v2\/product"}],"about":[{"href":"https:\/\/www.domtechnikpro.com\/index.php\/wp-json\/wp\/v2\/types\/product"}],"replies":[{"embeddable":true,"href":"https:\/\/www.domtechnikpro.com\/index.php\/wp-json\/wp\/v2\/comments?post=33104"}],"wp:featuredmedia":[{"embeddable":true,"href":"https:\/\/www.domtechnikpro.com\/index.php\/wp-json\/wp\/v2\/media\/33204"}],"wp:attachment":[{"href":"https:\/\/www.domtechnikpro.com\/index.php\/wp-json\/wp\/v2\/media?parent=33104"}],"wp:term":[{"taxonomy":"product_brand","embeddable":true,"href":"https:\/\/www.domtechnikpro.com\/index.php\/wp-json\/wp\/v2\/product_brand?post=33104"},{"taxonomy":"product_cat","embeddable":true,"href":"https:\/\/www.domtechnikpro.com\/index.php\/wp-json\/wp\/v2\/product_cat?post=33104"},{"taxonomy":"product_tag","embeddable":true,"href":"https:\/\/www.domtechnikpro.com\/index.php\/wp-json\/wp\/v2\/product_tag?post=33104"}],"curies":[{"name":"wp","href":"https:\/\/api.w.org\/{rel}","templated":true}]}}