{"id":33102,"date":"2026-04-26T08:57:21","date_gmt":"2026-04-26T08:57:21","guid":{"rendered":""},"modified":"2026-04-26T08:57:21","modified_gmt":"2026-04-26T08:57:21","slug":"sezonni-sleva-roko-multifinish-33102","status":"publish","type":"product","link":"https:\/\/www.domtechnikpro.com\/index.php\/produkt\/sezonni-sleva-roko-multifinish-33102\/","title":{"rendered":"Sez\u00f3nn\u00ed Sleva Roko Multifinish"},"content":{"rendered":"<div class=\"basic-description\">\n<h3>Detailn\u00ed popis produktu<\/h3>\n<p>                                    Roko Multifinish je mo\u017en\u00e9 pou\u017e\u00edt na om\u00edt\u00e1n\u00ed zd\u00ed z porobetonov\u00fdch tv\u00e1rnic, p\u00e1len\u00fdch cihel a betonu v interi\u00e9ru. Ide\u00e1ln\u00ed tak\u00e9 pro opravy po\u0161kozen\u00fdch ploch st\u00e1vaj\u00edc\u00edch om\u00edtek (za\u010di\u0161t\u011bn\u00ed dr\u00e1\u017eek pro instalace, oprava ost\u011bn\u00ed oken).<br \/> Nedoporu\u010dujeme aplikovat v trvale vlhk\u00e9m a mokr\u00e9m prost\u0159ed\u00ed.<\/p>\n<p>P\u0159\u00edprava povrchu:<br \/>Povrch, na kter\u00fd chceme aplikovat, nesm\u00ed b\u00fdt nesoudr\u017en\u00fd, zapr\u00e1\u0161en\u00fd, mokr\u00fd, promrzl\u00fd a mastn\u00fd. V\u011bt\u0161\u00ed nerovnosti a p\u0159etoky malty nutno odstranit a srovnat zednick\u00fdm \u0161krab\u00e1kem. Po t\u00e9 povrch napenetrujeme p\u0159\u00edpravkem ROKOLATEX PLUS, \u0159ed\u011bn\u00fdm v pom\u011bru 1:4 a\u017e 1:5 s vodou. P\u0159i aplikaci na star\u00e9 zv\u011btral\u00e9 zdivo nebo starou om\u00edtku pou\u017eijte k penetraci ROKOGRUND PROFI \u0159ed\u011bn\u00fdm v pom\u011bru 1:5 a\u017e 1:10 s vodou. Penetraci prov\u00e1d\u00edme \u0161t\u011btkou v jedn\u00e9 vrstv\u011b. <\/p>\n<p>Aplikace: <br \/>ROKO MULTIFINISH nasypeme do k\u00fdble s vodou (v p\u0159edepsan\u00e9m pom\u011bru), nech\u00e1me cca 2min odst\u00e1t a \u0159\u00e1dn\u011b prom\u00edch\u00e1me pomalob\u011b\u017en\u00fdm m\u00edchadlem a\u017e do zhomogenizov\u00e1n\u00ed sm\u011bsi. Pak ihned aplikujeme. ROKO MULTIFINISH se aplikuje ru\u010dn\u011b pomoc\u00ed nerezov\u00e9ho hlad\u00edtka.<br \/>Nejprve vypl\u0148te sp\u00e1ry mezi prefabrikovan\u00fdmi d\u00edly. V oblasti p\u0159echod\u016f materi\u00e1l\u016f jako nap\u0159. ulo\u017een\u00ed p\u0159eklad\u016f ve zdi apod. pou\u017eijte v\u00fdztu\u017enou p\u00e1sku nebo perlinku.<br \/>Celoplo\u0161n\u011b se nan\u00e1\u0161\u00ed v\u011bt\u0161inou v jednom pracovn\u00edm kroku a to v pot\u0159ebn\u00e9 tlou\u0161\u0165ce dle rovinnosti podkladu. Po zavadnut\u00ed povrch uprav\u00edme filcovac\u00edm hlad\u00edtkem (houbou) m\u00edrn\u011b nam\u00e1\u010den\u00fdm ve vod\u011b.<br \/> Nedodr\u017een\u00ed p\u0159edepsan\u00e9ho z\u00e1m\u011bsov\u00e9ho pom\u011bru m\u016f\u017ee ovlivnit dobu zpracovatelnosti a tuhnut\u00ed a v\u00fdsledn\u00e9 pevnostn\u00ed charakteristiky om\u00edtky. Nep\u0159\u00edd\u00e1vejte do om\u00edtky ROKO MULTIFINISH \u017e\u00e1dn\u00e9 dal\u0161\u00ed p\u0159\u00edsady.<\/p>\n<p>N\u00e1hrada \u0161tukov\u00e9 om\u00edtky:<br \/>Povrch \u0161tukov\u00e9 om\u00edtky nesm\u00ed obsahovat hlubok\u00e9 kaverny a hrub\u00e9 nerovnosti. St\u011brku nan\u00e1\u0161\u00edme minim\u00e1ln\u011b ve dvou vrstv\u00e1ch &#8211; prvn\u00ed vrstva slou\u017e\u00ed k plo\u0161n\u00e9mu zcelen\u00ed v\u0161ech voln\u00fdch \u010d\u00e1stic (kam\u00ednk\u016f) a nerovnost\u00ed. Dal\u0161\u00ed vrstva k vytvo\u0159en\u00ed fin\u00e1ln\u00edho povrchu.<\/p>\n<p>Renovace star\u00fdch om\u00edtek:<br \/>P\u0159edpokladem pro \u00fasp\u011b\u0161nou aplikaci st\u011brky je pevn\u00fd soudr\u017en\u00fd podklad -nutno odstranit p\u016fvodn\u00ed n\u00e1t\u011bry, zpuch\u0159el\u00e9 \u010d\u00e1sti om\u00edtek. Na takto p\u0159ipraven\u00fd podklad provedeme penetraci p\u0159\u00edpravkem ROKOLATEX PLUS nebo l\u00e9pe ROKOGRUND PROFI (hloubkov\u00e1 penetrace -zpevn\u00ed do v\u011bt\u0161\u00ed hloubky).<br \/>Po vytvrdnut\u00ed fin\u00e1ln\u00ed vrstvy je mo\u017en\u00e9 v\u00fdsledn\u00fd povrch upravit brusnou m\u0159\u00ed\u017ekou nebo smirkov\u00fdm pap\u00edrem \u010d. 80-120. Povrch zbav\u00edme prachu, napenetrujeme (ROKOLATEX PLUS) a m\u016f\u017eeme malovat interi\u00e9rov\u00fdmi barvami (nap\u0159. Rokounimal, Rokomal, Interi\u00e9r Super).<\/p>\n<p>SPOT\u0158EBA<br \/>Na vrstvu om\u00edtky tlou\u0161\u0165ky 1 mm: 1 kg\/m2.<\/p>\n<p>                            <\/div>\n<div class=\"extended-description\">\n<h3>Dopl\u0148kov\u00e9 parametry<\/h3>\n<table class=\"detail-parameters\">\n<tbody>\n<tr>\n<th>        <span class=\"row-header-label\">            Kategorie<span class=\"row-header-label-colon\">:<\/span>        <\/span>    <\/th>\n<td>        Tmely na beton a zdivo    <\/td>\n<\/tr>\n<\/tbody>\n<\/table><\/div>\n<\/p><\/div>\n<\/p><\/div>\n","protected":false},"excerpt":{"rendered":"<p>Detailn\u00ed popis produktu Roko Multifinish je mo\u017en\u00e9 pou\u017e\u00edt na om\u00edt\u00e1n\u00ed zd\u00ed z porobetonov\u00fdch tv\u00e1rnic, p\u00e1len\u00fdch cihel a betonu v interi\u00e9ru. Ide\u00e1ln\u00ed tak\u00e9 pro opravy po\u0161kozen\u00fdch ploch st\u00e1vaj\u00edc\u00edch om\u00edtek (za\u010di\u0161t\u011bn\u00ed dr\u00e1\u017eek pro instalace, oprava ost\u011bn\u00ed oken). Nedoporu\u010dujeme aplikovat v trvale vlhk\u00e9m a mokr\u00e9m prost\u0159ed\u00ed. P\u0159\u00edprava povrchu:Povrch, na kter\u00fd chceme aplikovat, nesm\u00ed b\u00fdt nesoudr\u017en\u00fd, zapr\u00e1\u0161en\u00fd, mokr\u00fd, promrzl\u00fd [&hellip;]<\/p>\n","protected":false},"featured_media":33202,"comment_status":"open","ping_status":"open","template":"","meta":[],"product_brand":[],"product_cat":[124],"product_tag":[],"class_list":{"0":"post-33102","1":"product","2":"type-product","3":"status-publish","4":"has-post-thumbnail","6":"product_cat-lepidla-silikony-tmely-a-peny","8":"first","9":"instock","10":"sale","11":"shipping-taxable","12":"purchasable","13":"product-type-simple"},"yoast_head":"<!-- This site is optimized with the Yoast SEO plugin v26.8 - https:\/\/yoast.com\/product\/yoast-seo-wordpress\/ -->\n<title>Sez\u00f3nn\u00ed Sleva Roko Multifinish -<\/title>\n<meta name=\"robots\" content=\"index, follow, max-snippet:-1, max-image-preview:large, max-video-preview:-1\" \/>\n<link rel=\"canonical\" href=\"https:\/\/www.domtechnikpro.com\/index.php\/produkt\/sezonni-sleva-roko-multifinish-33102\/\" \/>\n<meta property=\"og:locale\" content=\"cs_CZ\" \/>\n<meta property=\"og:type\" content=\"article\" \/>\n<meta property=\"og:title\" content=\"Sez\u00f3nn\u00ed Sleva Roko Multifinish -\" \/>\n<meta property=\"og:description\" content=\"Detailn\u00ed popis produktu Roko Multifinish je mo\u017en\u00e9 pou\u017e\u00edt na om\u00edt\u00e1n\u00ed zd\u00ed z porobetonov\u00fdch tv\u00e1rnic, p\u00e1len\u00fdch cihel a betonu v interi\u00e9ru. Ide\u00e1ln\u00ed tak\u00e9 pro opravy po\u0161kozen\u00fdch ploch st\u00e1vaj\u00edc\u00edch om\u00edtek (za\u010di\u0161t\u011bn\u00ed dr\u00e1\u017eek pro instalace, oprava ost\u011bn\u00ed oken). Nedoporu\u010dujeme aplikovat v trvale vlhk\u00e9m a mokr\u00e9m prost\u0159ed\u00ed. P\u0159\u00edprava povrchu:Povrch, na kter\u00fd chceme aplikovat, nesm\u00ed b\u00fdt nesoudr\u017en\u00fd, zapr\u00e1\u0161en\u00fd, mokr\u00fd, promrzl\u00fd [&hellip;]\" \/>\n<meta property=\"og:url\" content=\"https:\/\/www.domtechnikpro.com\/index.php\/produkt\/sezonni-sleva-roko-multifinish-33102\/\" \/>\n<meta property=\"og:image\" content=\"https:\/\/www.domtechnikpro.com\/wp-content\/uploads\/2026\/SK0001548-CZ20260425-092355-0-1777080235-27416_roko-multifinish.webp\" \/>\n\t<meta property=\"og:image:width\" content=\"1000\" \/>\n\t<meta property=\"og:image:height\" content=\"750\" \/>\n\t<meta property=\"og:image:type\" content=\"image\/webp\" \/>\n<meta name=\"twitter:card\" content=\"summary_large_image\" \/>\n<meta name=\"twitter:label1\" content=\"Odhadovan\u00e1 doba \u010dten\u00ed\" \/>\n\t<meta name=\"twitter:data1\" content=\"2 minuty\" \/>\n<script type=\"application\/ld+json\" class=\"yoast-schema-graph\">{\"@context\":\"https:\/\/schema.org\",\"@graph\":[{\"@type\":\"WebPage\",\"@id\":\"https:\/\/www.domtechnikpro.com\/index.php\/produkt\/sezonni-sleva-roko-multifinish-33102\/\",\"url\":\"https:\/\/www.domtechnikpro.com\/index.php\/produkt\/sezonni-sleva-roko-multifinish-33102\/\",\"name\":\"Sez\u00f3nn\u00ed Sleva Roko Multifinish -\",\"isPartOf\":{\"@id\":\"https:\/\/www.domtechnikpro.com\/#website\"},\"primaryImageOfPage\":{\"@id\":\"https:\/\/www.domtechnikpro.com\/index.php\/produkt\/sezonni-sleva-roko-multifinish-33102\/#primaryimage\"},\"image\":{\"@id\":\"https:\/\/www.domtechnikpro.com\/index.php\/produkt\/sezonni-sleva-roko-multifinish-33102\/#primaryimage\"},\"thumbnailUrl\":\"https:\/\/www.domtechnikpro.com\/wp-content\/uploads\/2026\/SK0001548-CZ20260425-092355-0-1777080235-27416_roko-multifinish.webp\",\"datePublished\":\"2026-04-26T08:57:21+00:00\",\"breadcrumb\":{\"@id\":\"https:\/\/www.domtechnikpro.com\/index.php\/produkt\/sezonni-sleva-roko-multifinish-33102\/#breadcrumb\"},\"inLanguage\":\"cs\",\"potentialAction\":[{\"@type\":\"ReadAction\",\"target\":[\"https:\/\/www.domtechnikpro.com\/index.php\/produkt\/sezonni-sleva-roko-multifinish-33102\/\"]}]},{\"@type\":\"ImageObject\",\"inLanguage\":\"cs\",\"@id\":\"https:\/\/www.domtechnikpro.com\/index.php\/produkt\/sezonni-sleva-roko-multifinish-33102\/#primaryimage\",\"url\":\"https:\/\/www.domtechnikpro.com\/wp-content\/uploads\/2026\/SK0001548-CZ20260425-092355-0-1777080235-27416_roko-multifinish.webp\",\"contentUrl\":\"https:\/\/www.domtechnikpro.com\/wp-content\/uploads\/2026\/SK0001548-CZ20260425-092355-0-1777080235-27416_roko-multifinish.webp\",\"width\":1000,\"height\":750},{\"@type\":\"BreadcrumbList\",\"@id\":\"https:\/\/www.domtechnikpro.com\/index.php\/produkt\/sezonni-sleva-roko-multifinish-33102\/#breadcrumb\",\"itemListElement\":[{\"@type\":\"ListItem\",\"position\":1,\"name\":\"Home\",\"item\":\"https:\/\/www.domtechnikpro.com\/\"},{\"@type\":\"ListItem\",\"position\":2,\"name\":\"Products\",\"item\":\"https:\/\/www.domtechnikpro.com\/index.php\/products\/\"},{\"@type\":\"ListItem\",\"position\":3,\"name\":\"Sez\u00f3nn\u00ed Sleva Roko Multifinish\"}]},{\"@type\":\"WebSite\",\"@id\":\"https:\/\/www.domtechnikpro.com\/#website\",\"url\":\"https:\/\/www.domtechnikpro.com\/\",\"name\":\"\",\"description\":\"\",\"potentialAction\":[{\"@type\":\"SearchAction\",\"target\":{\"@type\":\"EntryPoint\",\"urlTemplate\":\"https:\/\/www.domtechnikpro.com\/?s={search_term_string}\"},\"query-input\":{\"@type\":\"PropertyValueSpecification\",\"valueRequired\":true,\"valueName\":\"search_term_string\"}}],\"inLanguage\":\"cs\"}]}<\/script>\n<!-- \/ Yoast SEO plugin. -->","yoast_head_json":{"title":"Sez\u00f3nn\u00ed Sleva Roko Multifinish -","robots":{"index":"index","follow":"follow","max-snippet":"max-snippet:-1","max-image-preview":"max-image-preview:large","max-video-preview":"max-video-preview:-1"},"canonical":"https:\/\/www.domtechnikpro.com\/index.php\/produkt\/sezonni-sleva-roko-multifinish-33102\/","og_locale":"cs_CZ","og_type":"article","og_title":"Sez\u00f3nn\u00ed Sleva Roko Multifinish -","og_description":"Detailn\u00ed popis produktu Roko Multifinish je mo\u017en\u00e9 pou\u017e\u00edt na om\u00edt\u00e1n\u00ed zd\u00ed z porobetonov\u00fdch tv\u00e1rnic, p\u00e1len\u00fdch cihel a betonu v interi\u00e9ru. Ide\u00e1ln\u00ed tak\u00e9 pro opravy po\u0161kozen\u00fdch ploch st\u00e1vaj\u00edc\u00edch om\u00edtek (za\u010di\u0161t\u011bn\u00ed dr\u00e1\u017eek pro instalace, oprava ost\u011bn\u00ed oken). Nedoporu\u010dujeme aplikovat v trvale vlhk\u00e9m a mokr\u00e9m prost\u0159ed\u00ed. P\u0159\u00edprava povrchu:Povrch, na kter\u00fd chceme aplikovat, nesm\u00ed b\u00fdt nesoudr\u017en\u00fd, zapr\u00e1\u0161en\u00fd, mokr\u00fd, promrzl\u00fd [&hellip;]","og_url":"https:\/\/www.domtechnikpro.com\/index.php\/produkt\/sezonni-sleva-roko-multifinish-33102\/","og_image":[{"width":1000,"height":750,"url":"https:\/\/www.domtechnikpro.com\/wp-content\/uploads\/2026\/SK0001548-CZ20260425-092355-0-1777080235-27416_roko-multifinish.webp","type":"image\/webp"}],"twitter_card":"summary_large_image","twitter_misc":{"Odhadovan\u00e1 doba \u010dten\u00ed":"2 minuty"},"schema":{"@context":"https:\/\/schema.org","@graph":[{"@type":"WebPage","@id":"https:\/\/www.domtechnikpro.com\/index.php\/produkt\/sezonni-sleva-roko-multifinish-33102\/","url":"https:\/\/www.domtechnikpro.com\/index.php\/produkt\/sezonni-sleva-roko-multifinish-33102\/","name":"Sez\u00f3nn\u00ed Sleva Roko Multifinish -","isPartOf":{"@id":"https:\/\/www.domtechnikpro.com\/#website"},"primaryImageOfPage":{"@id":"https:\/\/www.domtechnikpro.com\/index.php\/produkt\/sezonni-sleva-roko-multifinish-33102\/#primaryimage"},"image":{"@id":"https:\/\/www.domtechnikpro.com\/index.php\/produkt\/sezonni-sleva-roko-multifinish-33102\/#primaryimage"},"thumbnailUrl":"https:\/\/www.domtechnikpro.com\/wp-content\/uploads\/2026\/SK0001548-CZ20260425-092355-0-1777080235-27416_roko-multifinish.webp","datePublished":"2026-04-26T08:57:21+00:00","breadcrumb":{"@id":"https:\/\/www.domtechnikpro.com\/index.php\/produkt\/sezonni-sleva-roko-multifinish-33102\/#breadcrumb"},"inLanguage":"cs","potentialAction":[{"@type":"ReadAction","target":["https:\/\/www.domtechnikpro.com\/index.php\/produkt\/sezonni-sleva-roko-multifinish-33102\/"]}]},{"@type":"ImageObject","inLanguage":"cs","@id":"https:\/\/www.domtechnikpro.com\/index.php\/produkt\/sezonni-sleva-roko-multifinish-33102\/#primaryimage","url":"https:\/\/www.domtechnikpro.com\/wp-content\/uploads\/2026\/SK0001548-CZ20260425-092355-0-1777080235-27416_roko-multifinish.webp","contentUrl":"https:\/\/www.domtechnikpro.com\/wp-content\/uploads\/2026\/SK0001548-CZ20260425-092355-0-1777080235-27416_roko-multifinish.webp","width":1000,"height":750},{"@type":"BreadcrumbList","@id":"https:\/\/www.domtechnikpro.com\/index.php\/produkt\/sezonni-sleva-roko-multifinish-33102\/#breadcrumb","itemListElement":[{"@type":"ListItem","position":1,"name":"Home","item":"https:\/\/www.domtechnikpro.com\/"},{"@type":"ListItem","position":2,"name":"Products","item":"https:\/\/www.domtechnikpro.com\/index.php\/products\/"},{"@type":"ListItem","position":3,"name":"Sez\u00f3nn\u00ed Sleva Roko Multifinish"}]},{"@type":"WebSite","@id":"https:\/\/www.domtechnikpro.com\/#website","url":"https:\/\/www.domtechnikpro.com\/","name":"","description":"","potentialAction":[{"@type":"SearchAction","target":{"@type":"EntryPoint","urlTemplate":"https:\/\/www.domtechnikpro.com\/?s={search_term_string}"},"query-input":{"@type":"PropertyValueSpecification","valueRequired":true,"valueName":"search_term_string"}}],"inLanguage":"cs"}]}},"_links":{"self":[{"href":"https:\/\/www.domtechnikpro.com\/index.php\/wp-json\/wp\/v2\/product\/33102","targetHints":{"allow":["GET"]}}],"collection":[{"href":"https:\/\/www.domtechnikpro.com\/index.php\/wp-json\/wp\/v2\/product"}],"about":[{"href":"https:\/\/www.domtechnikpro.com\/index.php\/wp-json\/wp\/v2\/types\/product"}],"replies":[{"embeddable":true,"href":"https:\/\/www.domtechnikpro.com\/index.php\/wp-json\/wp\/v2\/comments?post=33102"}],"wp:featuredmedia":[{"embeddable":true,"href":"https:\/\/www.domtechnikpro.com\/index.php\/wp-json\/wp\/v2\/media\/33202"}],"wp:attachment":[{"href":"https:\/\/www.domtechnikpro.com\/index.php\/wp-json\/wp\/v2\/media?parent=33102"}],"wp:term":[{"taxonomy":"product_brand","embeddable":true,"href":"https:\/\/www.domtechnikpro.com\/index.php\/wp-json\/wp\/v2\/product_brand?post=33102"},{"taxonomy":"product_cat","embeddable":true,"href":"https:\/\/www.domtechnikpro.com\/index.php\/wp-json\/wp\/v2\/product_cat?post=33102"},{"taxonomy":"product_tag","embeddable":true,"href":"https:\/\/www.domtechnikpro.com\/index.php\/wp-json\/wp\/v2\/product_tag?post=33102"}],"curies":[{"name":"wp","href":"https:\/\/api.w.org\/{rel}","templated":true}]}}