{"id":32774,"date":"2026-04-26T08:57:15","date_gmt":"2026-04-26T08:57:15","guid":{"rendered":""},"modified":"2026-04-26T08:57:15","modified_gmt":"2026-04-26T08:57:15","slug":"finalni-vyprodej-pragoprimer-univerzal-s2035-32774","status":"publish","type":"product","link":"https:\/\/www.domtechnikpro.com\/index.php\/produkt\/finalni-vyprodej-pragoprimer-univerzal-s2035-32774\/","title":{"rendered":"Fin\u00e1ln\u00ed V\u00fdprodej Pragoprimer Univerz\u00e1l S2035"},"content":{"rendered":"<div class=\"basic-description\">\n<h3>Detailn\u00ed popis produktu<\/h3>\n<p>                                    Pragoprimer Univerz\u00e1l S2035<\/p>\n<p>Pracovn\u00ed postup:<br \/>N\u00e1t\u011br kovu 1. 1x barva syntetick\u00e1 rychleschnouc\u00ed S 2035 PRAGOPRIMER Univerz\u00e1l, tlou\u0161\u0165ka vrstvy 30-35 mikrometr\u016f, (za 1 h zasych\u00e1n\u00ed p\u0159i 20\u00b0C je mo\u017en\u00e9 p\u0159est\u0159\u00edk\u00e1n\u00ed syntetick\u00fdm emailem). <br \/>2. 1-2x email syntetick\u00fd S 2013 INDUSTROL Univerz\u00e1l nebo S 2119 RADBAL Standard, S 2029 PRAGOBAL, S 2075 INDUSTROL Unimat, U 2175 UNIKOL<\/p>\n<p>Vydatnost:<br \/>10-12 m2\/1 litr v jedn\u00e9 vrstv\u011b<\/p>\n<p>Zp\u016fsob aplikace:<br \/>st\u0159\u00edk\u00e1n\u00ed, \u0161t\u011btec, v\u00e1le\u010dek<\/p>\n<p>\u0158edidlo:<br \/>C 6000 (st\u0159\u00edk\u00e1n\u00ed), S 6005 (\u0161t\u011btec, v\u00e1le\u010dek)                            <\/div>\n<div class=\"extended-description\">\n<h3>Dopl\u0148kov\u00e9 parametry<\/h3>\n<table class=\"detail-parameters\">\n<tbody>\n<tr>\n<th>        <span class=\"row-header-label\">            Kategorie<span class=\"row-header-label-colon\">:<\/span>        <\/span>    <\/th>\n<td>        Z\u00e1kladn\u00ed barva na kov    <\/td>\n<\/tr>\n<\/tbody>\n<\/table><\/div>\n<\/p><\/div>\n<\/p><\/div>\n","protected":false},"excerpt":{"rendered":"<p>Detailn\u00ed popis produktu Pragoprimer Univerz\u00e1l S2035 Pracovn\u00ed postup:N\u00e1t\u011br kovu 1. 1x barva syntetick\u00e1 rychleschnouc\u00ed S 2035 PRAGOPRIMER Univerz\u00e1l, tlou\u0161\u0165ka vrstvy 30-35 mikrometr\u016f, (za 1 h zasych\u00e1n\u00ed p\u0159i 20\u00b0C je mo\u017en\u00e9 p\u0159est\u0159\u00edk\u00e1n\u00ed syntetick\u00fdm emailem). 2. 1-2x email syntetick\u00fd S 2013 INDUSTROL Univerz\u00e1l nebo S 2119 RADBAL Standard, S 2029 PRAGOBAL, S 2075 INDUSTROL Unimat, U 2175 [&hellip;]<\/p>\n","protected":false},"featured_media":32874,"comment_status":"open","ping_status":"open","template":"","meta":[],"product_brand":[],"product_cat":[122],"product_tag":[],"class_list":{"0":"post-32774","1":"product","2":"type-product","3":"status-publish","4":"has-post-thumbnail","6":"product_cat-barvy-laky-lazury","8":"first","9":"instock","10":"sale","11":"shipping-taxable","12":"purchasable","13":"product-type-simple"},"yoast_head":"<!-- This site is optimized with the Yoast SEO plugin v26.8 - https:\/\/yoast.com\/product\/yoast-seo-wordpress\/ -->\n<title>Fin\u00e1ln\u00ed V\u00fdprodej Pragoprimer Univerz\u00e1l S2035 -<\/title>\n<meta name=\"robots\" content=\"index, follow, max-snippet:-1, max-image-preview:large, max-video-preview:-1\" \/>\n<link rel=\"canonical\" href=\"https:\/\/www.domtechnikpro.com\/index.php\/produkt\/finalni-vyprodej-pragoprimer-univerzal-s2035-32774\/\" \/>\n<meta property=\"og:locale\" content=\"cs_CZ\" \/>\n<meta property=\"og:type\" content=\"article\" \/>\n<meta property=\"og:title\" content=\"Fin\u00e1ln\u00ed V\u00fdprodej Pragoprimer Univerz\u00e1l S2035 -\" \/>\n<meta property=\"og:description\" content=\"Detailn\u00ed popis produktu Pragoprimer Univerz\u00e1l S2035 Pracovn\u00ed postup:N\u00e1t\u011br kovu 1. 1x barva syntetick\u00e1 rychleschnouc\u00ed S 2035 PRAGOPRIMER Univerz\u00e1l, tlou\u0161\u0165ka vrstvy 30-35 mikrometr\u016f, (za 1 h zasych\u00e1n\u00ed p\u0159i 20\u00b0C je mo\u017en\u00e9 p\u0159est\u0159\u00edk\u00e1n\u00ed syntetick\u00fdm emailem). 2. 1-2x email syntetick\u00fd S 2013 INDUSTROL Univerz\u00e1l nebo S 2119 RADBAL Standard, S 2029 PRAGOBAL, S 2075 INDUSTROL Unimat, U 2175 [&hellip;]\" \/>\n<meta property=\"og:url\" content=\"https:\/\/www.domtechnikpro.com\/index.php\/produkt\/finalni-vyprodej-pragoprimer-univerzal-s2035-32774\/\" \/>\n<meta property=\"og:image\" content=\"https:\/\/www.domtechnikpro.com\/wp-content\/uploads\/2026\/SK0001420-CZ20260425-092355-0-1777080235-26978_pragoprimer-univerzal-s-2035.webp\" \/>\n\t<meta property=\"og:image:width\" content=\"1000\" \/>\n\t<meta property=\"og:image:height\" content=\"750\" \/>\n\t<meta property=\"og:image:type\" content=\"image\/webp\" \/>\n<meta name=\"twitter:card\" content=\"summary_large_image\" \/>\n<script type=\"application\/ld+json\" class=\"yoast-schema-graph\">{\"@context\":\"https:\/\/schema.org\",\"@graph\":[{\"@type\":\"WebPage\",\"@id\":\"https:\/\/www.domtechnikpro.com\/index.php\/produkt\/finalni-vyprodej-pragoprimer-univerzal-s2035-32774\/\",\"url\":\"https:\/\/www.domtechnikpro.com\/index.php\/produkt\/finalni-vyprodej-pragoprimer-univerzal-s2035-32774\/\",\"name\":\"Fin\u00e1ln\u00ed V\u00fdprodej Pragoprimer Univerz\u00e1l S2035 -\",\"isPartOf\":{\"@id\":\"https:\/\/www.domtechnikpro.com\/#website\"},\"primaryImageOfPage\":{\"@id\":\"https:\/\/www.domtechnikpro.com\/index.php\/produkt\/finalni-vyprodej-pragoprimer-univerzal-s2035-32774\/#primaryimage\"},\"image\":{\"@id\":\"https:\/\/www.domtechnikpro.com\/index.php\/produkt\/finalni-vyprodej-pragoprimer-univerzal-s2035-32774\/#primaryimage\"},\"thumbnailUrl\":\"https:\/\/www.domtechnikpro.com\/wp-content\/uploads\/2026\/SK0001420-CZ20260425-092355-0-1777080235-26978_pragoprimer-univerzal-s-2035.webp\",\"datePublished\":\"2026-04-26T08:57:15+00:00\",\"breadcrumb\":{\"@id\":\"https:\/\/www.domtechnikpro.com\/index.php\/produkt\/finalni-vyprodej-pragoprimer-univerzal-s2035-32774\/#breadcrumb\"},\"inLanguage\":\"cs\",\"potentialAction\":[{\"@type\":\"ReadAction\",\"target\":[\"https:\/\/www.domtechnikpro.com\/index.php\/produkt\/finalni-vyprodej-pragoprimer-univerzal-s2035-32774\/\"]}]},{\"@type\":\"ImageObject\",\"inLanguage\":\"cs\",\"@id\":\"https:\/\/www.domtechnikpro.com\/index.php\/produkt\/finalni-vyprodej-pragoprimer-univerzal-s2035-32774\/#primaryimage\",\"url\":\"https:\/\/www.domtechnikpro.com\/wp-content\/uploads\/2026\/SK0001420-CZ20260425-092355-0-1777080235-26978_pragoprimer-univerzal-s-2035.webp\",\"contentUrl\":\"https:\/\/www.domtechnikpro.com\/wp-content\/uploads\/2026\/SK0001420-CZ20260425-092355-0-1777080235-26978_pragoprimer-univerzal-s-2035.webp\",\"width\":1000,\"height\":750},{\"@type\":\"BreadcrumbList\",\"@id\":\"https:\/\/www.domtechnikpro.com\/index.php\/produkt\/finalni-vyprodej-pragoprimer-univerzal-s2035-32774\/#breadcrumb\",\"itemListElement\":[{\"@type\":\"ListItem\",\"position\":1,\"name\":\"Home\",\"item\":\"https:\/\/www.domtechnikpro.com\/\"},{\"@type\":\"ListItem\",\"position\":2,\"name\":\"Products\",\"item\":\"https:\/\/www.domtechnikpro.com\/index.php\/products\/\"},{\"@type\":\"ListItem\",\"position\":3,\"name\":\"Fin\u00e1ln\u00ed V\u00fdprodej Pragoprimer Univerz\u00e1l S2035\"}]},{\"@type\":\"WebSite\",\"@id\":\"https:\/\/www.domtechnikpro.com\/#website\",\"url\":\"https:\/\/www.domtechnikpro.com\/\",\"name\":\"\",\"description\":\"\",\"potentialAction\":[{\"@type\":\"SearchAction\",\"target\":{\"@type\":\"EntryPoint\",\"urlTemplate\":\"https:\/\/www.domtechnikpro.com\/?s={search_term_string}\"},\"query-input\":{\"@type\":\"PropertyValueSpecification\",\"valueRequired\":true,\"valueName\":\"search_term_string\"}}],\"inLanguage\":\"cs\"}]}<\/script>\n<!-- \/ Yoast SEO plugin. -->","yoast_head_json":{"title":"Fin\u00e1ln\u00ed V\u00fdprodej Pragoprimer Univerz\u00e1l S2035 -","robots":{"index":"index","follow":"follow","max-snippet":"max-snippet:-1","max-image-preview":"max-image-preview:large","max-video-preview":"max-video-preview:-1"},"canonical":"https:\/\/www.domtechnikpro.com\/index.php\/produkt\/finalni-vyprodej-pragoprimer-univerzal-s2035-32774\/","og_locale":"cs_CZ","og_type":"article","og_title":"Fin\u00e1ln\u00ed V\u00fdprodej Pragoprimer Univerz\u00e1l S2035 -","og_description":"Detailn\u00ed popis produktu Pragoprimer Univerz\u00e1l S2035 Pracovn\u00ed postup:N\u00e1t\u011br kovu 1. 1x barva syntetick\u00e1 rychleschnouc\u00ed S 2035 PRAGOPRIMER Univerz\u00e1l, tlou\u0161\u0165ka vrstvy 30-35 mikrometr\u016f, (za 1 h zasych\u00e1n\u00ed p\u0159i 20\u00b0C je mo\u017en\u00e9 p\u0159est\u0159\u00edk\u00e1n\u00ed syntetick\u00fdm emailem). 2. 1-2x email syntetick\u00fd S 2013 INDUSTROL Univerz\u00e1l nebo S 2119 RADBAL Standard, S 2029 PRAGOBAL, S 2075 INDUSTROL Unimat, U 2175 [&hellip;]","og_url":"https:\/\/www.domtechnikpro.com\/index.php\/produkt\/finalni-vyprodej-pragoprimer-univerzal-s2035-32774\/","og_image":[{"width":1000,"height":750,"url":"https:\/\/www.domtechnikpro.com\/wp-content\/uploads\/2026\/SK0001420-CZ20260425-092355-0-1777080235-26978_pragoprimer-univerzal-s-2035.webp","type":"image\/webp"}],"twitter_card":"summary_large_image","schema":{"@context":"https:\/\/schema.org","@graph":[{"@type":"WebPage","@id":"https:\/\/www.domtechnikpro.com\/index.php\/produkt\/finalni-vyprodej-pragoprimer-univerzal-s2035-32774\/","url":"https:\/\/www.domtechnikpro.com\/index.php\/produkt\/finalni-vyprodej-pragoprimer-univerzal-s2035-32774\/","name":"Fin\u00e1ln\u00ed V\u00fdprodej Pragoprimer Univerz\u00e1l S2035 -","isPartOf":{"@id":"https:\/\/www.domtechnikpro.com\/#website"},"primaryImageOfPage":{"@id":"https:\/\/www.domtechnikpro.com\/index.php\/produkt\/finalni-vyprodej-pragoprimer-univerzal-s2035-32774\/#primaryimage"},"image":{"@id":"https:\/\/www.domtechnikpro.com\/index.php\/produkt\/finalni-vyprodej-pragoprimer-univerzal-s2035-32774\/#primaryimage"},"thumbnailUrl":"https:\/\/www.domtechnikpro.com\/wp-content\/uploads\/2026\/SK0001420-CZ20260425-092355-0-1777080235-26978_pragoprimer-univerzal-s-2035.webp","datePublished":"2026-04-26T08:57:15+00:00","breadcrumb":{"@id":"https:\/\/www.domtechnikpro.com\/index.php\/produkt\/finalni-vyprodej-pragoprimer-univerzal-s2035-32774\/#breadcrumb"},"inLanguage":"cs","potentialAction":[{"@type":"ReadAction","target":["https:\/\/www.domtechnikpro.com\/index.php\/produkt\/finalni-vyprodej-pragoprimer-univerzal-s2035-32774\/"]}]},{"@type":"ImageObject","inLanguage":"cs","@id":"https:\/\/www.domtechnikpro.com\/index.php\/produkt\/finalni-vyprodej-pragoprimer-univerzal-s2035-32774\/#primaryimage","url":"https:\/\/www.domtechnikpro.com\/wp-content\/uploads\/2026\/SK0001420-CZ20260425-092355-0-1777080235-26978_pragoprimer-univerzal-s-2035.webp","contentUrl":"https:\/\/www.domtechnikpro.com\/wp-content\/uploads\/2026\/SK0001420-CZ20260425-092355-0-1777080235-26978_pragoprimer-univerzal-s-2035.webp","width":1000,"height":750},{"@type":"BreadcrumbList","@id":"https:\/\/www.domtechnikpro.com\/index.php\/produkt\/finalni-vyprodej-pragoprimer-univerzal-s2035-32774\/#breadcrumb","itemListElement":[{"@type":"ListItem","position":1,"name":"Home","item":"https:\/\/www.domtechnikpro.com\/"},{"@type":"ListItem","position":2,"name":"Products","item":"https:\/\/www.domtechnikpro.com\/index.php\/products\/"},{"@type":"ListItem","position":3,"name":"Fin\u00e1ln\u00ed V\u00fdprodej Pragoprimer Univerz\u00e1l S2035"}]},{"@type":"WebSite","@id":"https:\/\/www.domtechnikpro.com\/#website","url":"https:\/\/www.domtechnikpro.com\/","name":"","description":"","potentialAction":[{"@type":"SearchAction","target":{"@type":"EntryPoint","urlTemplate":"https:\/\/www.domtechnikpro.com\/?s={search_term_string}"},"query-input":{"@type":"PropertyValueSpecification","valueRequired":true,"valueName":"search_term_string"}}],"inLanguage":"cs"}]}},"_links":{"self":[{"href":"https:\/\/www.domtechnikpro.com\/index.php\/wp-json\/wp\/v2\/product\/32774","targetHints":{"allow":["GET"]}}],"collection":[{"href":"https:\/\/www.domtechnikpro.com\/index.php\/wp-json\/wp\/v2\/product"}],"about":[{"href":"https:\/\/www.domtechnikpro.com\/index.php\/wp-json\/wp\/v2\/types\/product"}],"replies":[{"embeddable":true,"href":"https:\/\/www.domtechnikpro.com\/index.php\/wp-json\/wp\/v2\/comments?post=32774"}],"wp:featuredmedia":[{"embeddable":true,"href":"https:\/\/www.domtechnikpro.com\/index.php\/wp-json\/wp\/v2\/media\/32874"}],"wp:attachment":[{"href":"https:\/\/www.domtechnikpro.com\/index.php\/wp-json\/wp\/v2\/media?parent=32774"}],"wp:term":[{"taxonomy":"product_brand","embeddable":true,"href":"https:\/\/www.domtechnikpro.com\/index.php\/wp-json\/wp\/v2\/product_brand?post=32774"},{"taxonomy":"product_cat","embeddable":true,"href":"https:\/\/www.domtechnikpro.com\/index.php\/wp-json\/wp\/v2\/product_cat?post=32774"},{"taxonomy":"product_tag","embeddable":true,"href":"https:\/\/www.domtechnikpro.com\/index.php\/wp-json\/wp\/v2\/product_tag?post=32774"}],"curies":[{"name":"wp","href":"https:\/\/api.w.org\/{rel}","templated":true}]}}