{"id":32769,"date":"2026-04-26T08:57:15","date_gmt":"2026-04-26T08:57:15","guid":{"rendered":""},"modified":"2026-04-26T08:57:15","modified_gmt":"2026-04-26T08:57:15","slug":"vraceni-zdarma-polykar-vlakno-32769","status":"publish","type":"product","link":"https:\/\/www.domtechnikpro.com\/produkt\/vraceni-zdarma-polykar-vlakno-32769\/","title":{"rendered":"Vr\u00e1cen\u00ed Zdarma PolyKar Vl\u00e1kno"},"content":{"rendered":"<div class=\"basic-description\">\n<h3>Detailn\u00ed popis produktu<\/h3>\n<p>                                    PolyKar Vl\u00e1kno tvo\u0159\u00ed velmi pevnou, skeln\u00fdmi vl\u00e1kny sv\u00e1zanou vrstvu, kter\u00e1 nahrazuje materi\u00e1l a lze ji podle pot\u0159eby brousit.<\/p>\n<p>PolyKar Vl\u00e1kno je tmel s vysok\u00fdm obsahem skeln\u00e9ho vl\u00e1kna (6 mm), umo\u017e\u0148uj\u00edc\u00ed vytvo\u0159it velmi pevnou, skeln\u00fdmi vl\u00e1kny sv\u00e1zanou vrstvu tmelu, kterou lze podle pot\u0159eby brousit. Ur\u010den\u00fd pro tmelen\u00ed zvl\u00e1\u0161\u0165 velk\u00e9ho rozsahu pop\u0159\u00edpad\u011b pro p\u0159emost\u011bn\u00ed slab\u00fdch nebo prorezav\u011bl\u00fdch m\u00edst a d\u011br, vhodn\u00fd p\u0159edev\u0161\u00edm pro kovov\u00e9 povrchy nebo sklolamin\u00e1t.<\/p>\n<p>Pou\u017eit\u00ed:<br \/>Lamin\u00e1t &#8211; opravy d\u011br nebo prasklin v lamin\u00e1tu.<\/p>\n<p>Kov &#8211; prorezav\u011bl\u00e1 nebo d\u011brav\u00e1 m\u00edsta r\u016fzn\u00fdch kovov\u00fdch povrch\u016f a karoseri\u00ed, velk\u00e9 prohlubn\u011b, kter\u00e9 nelze vyklepat.<\/p>\n<p>Doba zpracov\u00e1n\u00ed do 5 minut po natu\u017een\u00ed.<\/p>\n<p>Doba brou\u0161en\u00ed za 30 minut.<\/p>\n<p>Balen\u00ed: 0,15 kg; 0,5 kg; 1 kg; 2 kg; 5 kg; 15 kg; 3 kg pro d\u00e1vkovac\u00ed za\u0159\u00edzen\u00ed<\/p>\n<p>Barva: \u0161edozelen\u00e1                            <\/p><\/div>\n<div class=\"extended-description\">\n<h3>Dopl\u0148kov\u00e9 parametry<\/h3>\n<table class=\"detail-parameters\">\n<tbody>\n<tr>\n<th>        <span class=\"row-header-label\">            Kategorie<span class=\"row-header-label-colon\">:<\/span>        <\/span>    <\/th>\n<td>        Tmely na kov    <\/td>\n<\/tr>\n<\/tbody>\n<\/table><\/div>\n<\/p><\/div>\n<\/p><\/div>\n","protected":false},"excerpt":{"rendered":"<p>Detailn\u00ed popis produktu PolyKar Vl\u00e1kno tvo\u0159\u00ed velmi pevnou, skeln\u00fdmi vl\u00e1kny sv\u00e1zanou vrstvu, kter\u00e1 nahrazuje materi\u00e1l a lze ji podle pot\u0159eby brousit. PolyKar Vl\u00e1kno je tmel s vysok\u00fdm obsahem skeln\u00e9ho vl\u00e1kna (6 mm), umo\u017e\u0148uj\u00edc\u00ed vytvo\u0159it velmi pevnou, skeln\u00fdmi vl\u00e1kny sv\u00e1zanou vrstvu tmelu, kterou lze podle pot\u0159eby brousit. Ur\u010den\u00fd pro tmelen\u00ed zvl\u00e1\u0161\u0165 velk\u00e9ho rozsahu pop\u0159\u00edpad\u011b pro p\u0159emost\u011bn\u00ed [&hellip;]<\/p>\n","protected":false},"featured_media":32869,"comment_status":"open","ping_status":"open","template":"","meta":[],"product_brand":[],"product_cat":[124],"product_tag":[],"class_list":{"0":"post-32769","1":"product","2":"type-product","3":"status-publish","4":"has-post-thumbnail","6":"product_cat-lepidla-silikony-tmely-a-peny","8":"first","9":"instock","10":"sale","11":"shipping-taxable","12":"purchasable","13":"product-type-simple"},"yoast_head":"<!-- This site is optimized with the Yoast SEO plugin v26.8 - https:\/\/yoast.com\/product\/yoast-seo-wordpress\/ -->\n<title>Vr\u00e1cen\u00ed Zdarma PolyKar Vl\u00e1kno - Pr\u016fmyslov\u00e9 vybaven\u00ed a p\u0159\u00edslu\u0161enstv\u00ed<\/title>\n<meta name=\"robots\" content=\"index, follow, max-snippet:-1, max-image-preview:large, max-video-preview:-1\" \/>\n<link rel=\"canonical\" href=\"https:\/\/www.domtechnikpro.com\/index.php\/produkt\/vraceni-zdarma-polykar-vlakno-32769\/\" \/>\n<meta property=\"og:locale\" content=\"cs_CZ\" \/>\n<meta property=\"og:type\" content=\"article\" \/>\n<meta property=\"og:title\" content=\"Vr\u00e1cen\u00ed Zdarma PolyKar Vl\u00e1kno - Pr\u016fmyslov\u00e9 vybaven\u00ed a p\u0159\u00edslu\u0161enstv\u00ed\" \/>\n<meta property=\"og:description\" content=\"Detailn\u00ed popis produktu PolyKar Vl\u00e1kno tvo\u0159\u00ed velmi pevnou, skeln\u00fdmi vl\u00e1kny sv\u00e1zanou vrstvu, kter\u00e1 nahrazuje materi\u00e1l a lze ji podle pot\u0159eby brousit. PolyKar Vl\u00e1kno je tmel s vysok\u00fdm obsahem skeln\u00e9ho vl\u00e1kna (6 mm), umo\u017e\u0148uj\u00edc\u00ed vytvo\u0159it velmi pevnou, skeln\u00fdmi vl\u00e1kny sv\u00e1zanou vrstvu tmelu, kterou lze podle pot\u0159eby brousit. Ur\u010den\u00fd pro tmelen\u00ed zvl\u00e1\u0161\u0165 velk\u00e9ho rozsahu pop\u0159\u00edpad\u011b pro p\u0159emost\u011bn\u00ed [&hellip;]\" \/>\n<meta property=\"og:url\" content=\"https:\/\/www.domtechnikpro.com\/index.php\/produkt\/vraceni-zdarma-polykar-vlakno-32769\/\" \/>\n<meta property=\"og:site_name\" content=\"Pr\u016fmyslov\u00e9 vybaven\u00ed a p\u0159\u00edslu\u0161enstv\u00ed\" \/>\n<meta property=\"og:image\" content=\"https:\/\/www.domtechnikpro.com\/wp-content\/uploads\/2026\/SK0001415-CZ20260425-092355-0-1777080235-26960_polykar-polytmel-vlakno.webp\" \/>\n\t<meta property=\"og:image:width\" content=\"1000\" \/>\n\t<meta property=\"og:image:height\" content=\"750\" \/>\n\t<meta property=\"og:image:type\" content=\"image\/webp\" \/>\n<meta name=\"twitter:card\" content=\"summary_large_image\" \/>\n<meta name=\"twitter:label1\" content=\"Odhadovan\u00e1 doba \u010dten\u00ed\" \/>\n\t<meta name=\"twitter:data1\" content=\"1 minuta\" \/>\n<script type=\"application\/ld+json\" class=\"yoast-schema-graph\">{\"@context\":\"https:\/\/schema.org\",\"@graph\":[{\"@type\":\"WebPage\",\"@id\":\"https:\/\/www.domtechnikpro.com\/index.php\/produkt\/vraceni-zdarma-polykar-vlakno-32769\/\",\"url\":\"https:\/\/www.domtechnikpro.com\/index.php\/produkt\/vraceni-zdarma-polykar-vlakno-32769\/\",\"name\":\"Vr\u00e1cen\u00ed Zdarma PolyKar Vl\u00e1kno - Pr\u016fmyslov\u00e9 vybaven\u00ed a p\u0159\u00edslu\u0161enstv\u00ed\",\"isPartOf\":{\"@id\":\"https:\/\/www.domtechnikpro.com\/#website\"},\"primaryImageOfPage\":{\"@id\":\"https:\/\/www.domtechnikpro.com\/index.php\/produkt\/vraceni-zdarma-polykar-vlakno-32769\/#primaryimage\"},\"image\":{\"@id\":\"https:\/\/www.domtechnikpro.com\/index.php\/produkt\/vraceni-zdarma-polykar-vlakno-32769\/#primaryimage\"},\"thumbnailUrl\":\"https:\/\/www.domtechnikpro.com\/wp-content\/uploads\/2026\/SK0001415-CZ20260425-092355-0-1777080235-26960_polykar-polytmel-vlakno.webp\",\"datePublished\":\"2026-04-26T08:57:15+00:00\",\"breadcrumb\":{\"@id\":\"https:\/\/www.domtechnikpro.com\/index.php\/produkt\/vraceni-zdarma-polykar-vlakno-32769\/#breadcrumb\"},\"inLanguage\":\"cs\",\"potentialAction\":[{\"@type\":\"ReadAction\",\"target\":[\"https:\/\/www.domtechnikpro.com\/index.php\/produkt\/vraceni-zdarma-polykar-vlakno-32769\/\"]}]},{\"@type\":\"ImageObject\",\"inLanguage\":\"cs\",\"@id\":\"https:\/\/www.domtechnikpro.com\/index.php\/produkt\/vraceni-zdarma-polykar-vlakno-32769\/#primaryimage\",\"url\":\"https:\/\/www.domtechnikpro.com\/wp-content\/uploads\/2026\/SK0001415-CZ20260425-092355-0-1777080235-26960_polykar-polytmel-vlakno.webp\",\"contentUrl\":\"https:\/\/www.domtechnikpro.com\/wp-content\/uploads\/2026\/SK0001415-CZ20260425-092355-0-1777080235-26960_polykar-polytmel-vlakno.webp\",\"width\":1000,\"height\":750},{\"@type\":\"BreadcrumbList\",\"@id\":\"https:\/\/www.domtechnikpro.com\/index.php\/produkt\/vraceni-zdarma-polykar-vlakno-32769\/#breadcrumb\",\"itemListElement\":[{\"@type\":\"ListItem\",\"position\":1,\"name\":\"Home\",\"item\":\"https:\/\/www.domtechnikpro.com\/\"},{\"@type\":\"ListItem\",\"position\":2,\"name\":\"Products\",\"item\":\"https:\/\/www.domtechnikpro.com\/products\/\"},{\"@type\":\"ListItem\",\"position\":3,\"name\":\"Vr\u00e1cen\u00ed Zdarma PolyKar Vl\u00e1kno\"}]},{\"@type\":\"WebSite\",\"@id\":\"https:\/\/www.domtechnikpro.com\/#website\",\"url\":\"https:\/\/www.domtechnikpro.com\/\",\"name\":\"Pr\u016fmyslov\u00e9 vybaven\u00ed a p\u0159\u00edslu\u0161enstv\u00ed\",\"description\":\"Pr\u016fmyslov\u00e9 vybaven\u00ed a p\u0159\u00edslu\u0161enstv\u00ed\",\"publisher\":{\"@id\":\"https:\/\/www.domtechnikpro.com\/#organization\"},\"potentialAction\":[{\"@type\":\"SearchAction\",\"target\":{\"@type\":\"EntryPoint\",\"urlTemplate\":\"https:\/\/www.domtechnikpro.com\/?s={search_term_string}\"},\"query-input\":{\"@type\":\"PropertyValueSpecification\",\"valueRequired\":true,\"valueName\":\"search_term_string\"}}],\"inLanguage\":\"cs\"},{\"@type\":\"Organization\",\"@id\":\"https:\/\/www.domtechnikpro.com\/#organization\",\"name\":\"Pr\u016fmyslov\u00e9 vybaven\u00ed a p\u0159\u00edslu\u0161enstv\u00ed\",\"url\":\"https:\/\/www.domtechnikpro.com\/\",\"logo\":{\"@type\":\"ImageObject\",\"inLanguage\":\"cs\",\"@id\":\"https:\/\/www.domtechnikpro.com\/#\/schema\/logo\/image\/\",\"url\":\"https:\/\/www.domtechnikpro.com\/wp-content\/uploads\/2026\/04\/domtechnikpro_logo_full.svg\",\"contentUrl\":\"https:\/\/www.domtechnikpro.com\/wp-content\/uploads\/2026\/04\/domtechnikpro_logo_full.svg\",\"width\":920,\"height\":180,\"caption\":\"Pr\u016fmyslov\u00e9 vybaven\u00ed a p\u0159\u00edslu\u0161enstv\u00ed\"},\"image\":{\"@id\":\"https:\/\/www.domtechnikpro.com\/#\/schema\/logo\/image\/\"}}]}<\/script>\n<!-- \/ Yoast SEO plugin. -->","yoast_head_json":{"title":"Vr\u00e1cen\u00ed Zdarma PolyKar Vl\u00e1kno - Pr\u016fmyslov\u00e9 vybaven\u00ed a p\u0159\u00edslu\u0161enstv\u00ed","robots":{"index":"index","follow":"follow","max-snippet":"max-snippet:-1","max-image-preview":"max-image-preview:large","max-video-preview":"max-video-preview:-1"},"canonical":"https:\/\/www.domtechnikpro.com\/index.php\/produkt\/vraceni-zdarma-polykar-vlakno-32769\/","og_locale":"cs_CZ","og_type":"article","og_title":"Vr\u00e1cen\u00ed Zdarma PolyKar Vl\u00e1kno - Pr\u016fmyslov\u00e9 vybaven\u00ed a p\u0159\u00edslu\u0161enstv\u00ed","og_description":"Detailn\u00ed popis produktu PolyKar Vl\u00e1kno tvo\u0159\u00ed velmi pevnou, skeln\u00fdmi vl\u00e1kny sv\u00e1zanou vrstvu, kter\u00e1 nahrazuje materi\u00e1l a lze ji podle pot\u0159eby brousit. PolyKar Vl\u00e1kno je tmel s vysok\u00fdm obsahem skeln\u00e9ho vl\u00e1kna (6 mm), umo\u017e\u0148uj\u00edc\u00ed vytvo\u0159it velmi pevnou, skeln\u00fdmi vl\u00e1kny sv\u00e1zanou vrstvu tmelu, kterou lze podle pot\u0159eby brousit. Ur\u010den\u00fd pro tmelen\u00ed zvl\u00e1\u0161\u0165 velk\u00e9ho rozsahu pop\u0159\u00edpad\u011b pro p\u0159emost\u011bn\u00ed [&hellip;]","og_url":"https:\/\/www.domtechnikpro.com\/index.php\/produkt\/vraceni-zdarma-polykar-vlakno-32769\/","og_site_name":"Pr\u016fmyslov\u00e9 vybaven\u00ed a p\u0159\u00edslu\u0161enstv\u00ed","og_image":[{"width":1000,"height":750,"url":"https:\/\/www.domtechnikpro.com\/wp-content\/uploads\/2026\/SK0001415-CZ20260425-092355-0-1777080235-26960_polykar-polytmel-vlakno.webp","type":"image\/webp"}],"twitter_card":"summary_large_image","twitter_misc":{"Odhadovan\u00e1 doba \u010dten\u00ed":"1 minuta"},"schema":{"@context":"https:\/\/schema.org","@graph":[{"@type":"WebPage","@id":"https:\/\/www.domtechnikpro.com\/index.php\/produkt\/vraceni-zdarma-polykar-vlakno-32769\/","url":"https:\/\/www.domtechnikpro.com\/index.php\/produkt\/vraceni-zdarma-polykar-vlakno-32769\/","name":"Vr\u00e1cen\u00ed Zdarma PolyKar Vl\u00e1kno - Pr\u016fmyslov\u00e9 vybaven\u00ed a p\u0159\u00edslu\u0161enstv\u00ed","isPartOf":{"@id":"https:\/\/www.domtechnikpro.com\/#website"},"primaryImageOfPage":{"@id":"https:\/\/www.domtechnikpro.com\/index.php\/produkt\/vraceni-zdarma-polykar-vlakno-32769\/#primaryimage"},"image":{"@id":"https:\/\/www.domtechnikpro.com\/index.php\/produkt\/vraceni-zdarma-polykar-vlakno-32769\/#primaryimage"},"thumbnailUrl":"https:\/\/www.domtechnikpro.com\/wp-content\/uploads\/2026\/SK0001415-CZ20260425-092355-0-1777080235-26960_polykar-polytmel-vlakno.webp","datePublished":"2026-04-26T08:57:15+00:00","breadcrumb":{"@id":"https:\/\/www.domtechnikpro.com\/index.php\/produkt\/vraceni-zdarma-polykar-vlakno-32769\/#breadcrumb"},"inLanguage":"cs","potentialAction":[{"@type":"ReadAction","target":["https:\/\/www.domtechnikpro.com\/index.php\/produkt\/vraceni-zdarma-polykar-vlakno-32769\/"]}]},{"@type":"ImageObject","inLanguage":"cs","@id":"https:\/\/www.domtechnikpro.com\/index.php\/produkt\/vraceni-zdarma-polykar-vlakno-32769\/#primaryimage","url":"https:\/\/www.domtechnikpro.com\/wp-content\/uploads\/2026\/SK0001415-CZ20260425-092355-0-1777080235-26960_polykar-polytmel-vlakno.webp","contentUrl":"https:\/\/www.domtechnikpro.com\/wp-content\/uploads\/2026\/SK0001415-CZ20260425-092355-0-1777080235-26960_polykar-polytmel-vlakno.webp","width":1000,"height":750},{"@type":"BreadcrumbList","@id":"https:\/\/www.domtechnikpro.com\/index.php\/produkt\/vraceni-zdarma-polykar-vlakno-32769\/#breadcrumb","itemListElement":[{"@type":"ListItem","position":1,"name":"Home","item":"https:\/\/www.domtechnikpro.com\/"},{"@type":"ListItem","position":2,"name":"Products","item":"https:\/\/www.domtechnikpro.com\/products\/"},{"@type":"ListItem","position":3,"name":"Vr\u00e1cen\u00ed Zdarma PolyKar Vl\u00e1kno"}]},{"@type":"WebSite","@id":"https:\/\/www.domtechnikpro.com\/#website","url":"https:\/\/www.domtechnikpro.com\/","name":"Pr\u016fmyslov\u00e9 vybaven\u00ed a p\u0159\u00edslu\u0161enstv\u00ed","description":"Pr\u016fmyslov\u00e9 vybaven\u00ed a p\u0159\u00edslu\u0161enstv\u00ed","publisher":{"@id":"https:\/\/www.domtechnikpro.com\/#organization"},"potentialAction":[{"@type":"SearchAction","target":{"@type":"EntryPoint","urlTemplate":"https:\/\/www.domtechnikpro.com\/?s={search_term_string}"},"query-input":{"@type":"PropertyValueSpecification","valueRequired":true,"valueName":"search_term_string"}}],"inLanguage":"cs"},{"@type":"Organization","@id":"https:\/\/www.domtechnikpro.com\/#organization","name":"Pr\u016fmyslov\u00e9 vybaven\u00ed a p\u0159\u00edslu\u0161enstv\u00ed","url":"https:\/\/www.domtechnikpro.com\/","logo":{"@type":"ImageObject","inLanguage":"cs","@id":"https:\/\/www.domtechnikpro.com\/#\/schema\/logo\/image\/","url":"https:\/\/www.domtechnikpro.com\/wp-content\/uploads\/2026\/04\/domtechnikpro_logo_full.svg","contentUrl":"https:\/\/www.domtechnikpro.com\/wp-content\/uploads\/2026\/04\/domtechnikpro_logo_full.svg","width":920,"height":180,"caption":"Pr\u016fmyslov\u00e9 vybaven\u00ed a p\u0159\u00edslu\u0161enstv\u00ed"},"image":{"@id":"https:\/\/www.domtechnikpro.com\/#\/schema\/logo\/image\/"}}]}},"_links":{"self":[{"href":"https:\/\/www.domtechnikpro.com\/wp-json\/wp\/v2\/product\/32769","targetHints":{"allow":["GET"]}}],"collection":[{"href":"https:\/\/www.domtechnikpro.com\/wp-json\/wp\/v2\/product"}],"about":[{"href":"https:\/\/www.domtechnikpro.com\/wp-json\/wp\/v2\/types\/product"}],"replies":[{"embeddable":true,"href":"https:\/\/www.domtechnikpro.com\/wp-json\/wp\/v2\/comments?post=32769"}],"wp:featuredmedia":[{"embeddable":true,"href":"https:\/\/www.domtechnikpro.com\/wp-json\/wp\/v2\/media\/32869"}],"wp:attachment":[{"href":"https:\/\/www.domtechnikpro.com\/wp-json\/wp\/v2\/media?parent=32769"}],"wp:term":[{"taxonomy":"product_brand","embeddable":true,"href":"https:\/\/www.domtechnikpro.com\/wp-json\/wp\/v2\/product_brand?post=32769"},{"taxonomy":"product_cat","embeddable":true,"href":"https:\/\/www.domtechnikpro.com\/wp-json\/wp\/v2\/product_cat?post=32769"},{"taxonomy":"product_tag","embeddable":true,"href":"https:\/\/www.domtechnikpro.com\/wp-json\/wp\/v2\/product_tag?post=32769"}],"curies":[{"name":"wp","href":"https:\/\/api.w.org\/{rel}","templated":true}]}}