{"id":32763,"date":"2026-04-26T08:57:15","date_gmt":"2026-04-26T08:57:15","guid":{"rendered":""},"modified":"2026-04-26T08:57:15","modified_gmt":"2026-04-26T08:57:15","slug":"autenticky-polykar-plnic-2k-pur-32763","status":"publish","type":"product","link":"https:\/\/www.domtechnikpro.com\/index.php\/produkt\/autenticky-polykar-plnic-2k-pur-32763\/","title":{"rendered":"Autentick\u00fd PolyKar Plni\u010d 2K PUR"},"content":{"rendered":"<div class=\"basic-description\">\n<h3>Detailn\u00ed popis produktu<\/h3>\n<p>                                    PolyTmel Plni\u010d 2K PUR je polyuretanov\u00fd st\u0159\u00edkac\u00ed plni\u010d je v n\u00e1t\u011brov\u00e9m syst\u00e9mu ur\u010den\u00fd pro vytvo\u0159en\u00ed spojovac\u00ed vrstvy mezi z\u00e1kladn\u00edmi n\u00e1t\u011bry, pop\u0159. tmelen\u00fdmi m\u00edsty a vrchn\u00edm emailem. Podle stupn\u011b na\u0159ed\u011bn\u00ed lze vytvo\u0159it bu\u010f siln\u00e9 vrstvy pro vypln\u011bn\u00ed hrub\u00fdch nerovnost\u00ed povrchu, nebo tenk\u00e9, vysoce pevn\u00e9 a rovn\u00e9 vrstvy, vhodn\u00e9 pro kone\u010dn\u00fd n\u00e1st\u0159ik vrchn\u00edho emailu nap\u0159. na automobilov\u00fdch karos\u00e9ri\u00edch. \u00acJe pou\u017eiteln\u00fd i na vyrovn\u00e1v\u00e1n\u00ed nerovnost\u00ed na kovov\u00fdch v\u00fdrobc\u00edch, na d\u0159evu, lamin\u00e1tu nebo betonu.<\/p>\n<p>APLIKACE:<br \/>Opravovan\u00fd povrch je nutn\u00e9 zbavit rzi, star\u00fdch n\u00e1t\u011br\u016f, m\u00edsto dokonale odmastit, p\u0159\u00edpadn\u011b zdrsnit brusn\u00fdm pap\u00edrem.   <\/p>\n<p>Tvrdidlo 60 k Plni\u010di 2K PUR nen\u00ed sou\u010dast\u00ed balen\u00ed.                                   <\/div>\n<div class=\"extended-description\">\n<h3>Dopl\u0148kov\u00e9 parametry<\/h3>\n<table class=\"detail-parameters\">\n<tbody>\n<tr>\n<th>        <span class=\"row-header-label\">            Kategorie<span class=\"row-header-label-colon\">:<\/span>        <\/span>    <\/th>\n<td>        Tmely na kov    <\/td>\n<\/tr>\n<\/tbody>\n<\/table><\/div>\n<\/p><\/div>\n<\/p><\/div>\n","protected":false},"excerpt":{"rendered":"<p>Detailn\u00ed popis produktu PolyTmel Plni\u010d 2K PUR je polyuretanov\u00fd st\u0159\u00edkac\u00ed plni\u010d je v n\u00e1t\u011brov\u00e9m syst\u00e9mu ur\u010den\u00fd pro vytvo\u0159en\u00ed spojovac\u00ed vrstvy mezi z\u00e1kladn\u00edmi n\u00e1t\u011bry, pop\u0159. tmelen\u00fdmi m\u00edsty a vrchn\u00edm emailem. Podle stupn\u011b na\u0159ed\u011bn\u00ed lze vytvo\u0159it bu\u010f siln\u00e9 vrstvy pro vypln\u011bn\u00ed hrub\u00fdch nerovnost\u00ed povrchu, nebo tenk\u00e9, vysoce pevn\u00e9 a rovn\u00e9 vrstvy, vhodn\u00e9 pro kone\u010dn\u00fd n\u00e1st\u0159ik vrchn\u00edho emailu [&hellip;]<\/p>\n","protected":false},"featured_media":32863,"comment_status":"open","ping_status":"open","template":"","meta":[],"product_brand":[],"product_cat":[124],"product_tag":[],"class_list":{"0":"post-32763","1":"product","2":"type-product","3":"status-publish","4":"has-post-thumbnail","6":"product_cat-lepidla-silikony-tmely-a-peny","8":"first","9":"instock","10":"sale","11":"shipping-taxable","12":"purchasable","13":"product-type-simple"},"yoast_head":"<!-- This site is optimized with the Yoast SEO plugin v26.8 - https:\/\/yoast.com\/product\/yoast-seo-wordpress\/ -->\n<title>Autentick\u00fd PolyKar Plni\u010d 2K PUR -<\/title>\n<meta name=\"robots\" content=\"index, follow, max-snippet:-1, max-image-preview:large, max-video-preview:-1\" \/>\n<link rel=\"canonical\" href=\"https:\/\/www.domtechnikpro.com\/index.php\/produkt\/autenticky-polykar-plnic-2k-pur-32763\/\" \/>\n<meta property=\"og:locale\" content=\"cs_CZ\" \/>\n<meta property=\"og:type\" content=\"article\" \/>\n<meta property=\"og:title\" content=\"Autentick\u00fd PolyKar Plni\u010d 2K PUR -\" \/>\n<meta property=\"og:description\" content=\"Detailn\u00ed popis produktu PolyTmel Plni\u010d 2K PUR je polyuretanov\u00fd st\u0159\u00edkac\u00ed plni\u010d je v n\u00e1t\u011brov\u00e9m syst\u00e9mu ur\u010den\u00fd pro vytvo\u0159en\u00ed spojovac\u00ed vrstvy mezi z\u00e1kladn\u00edmi n\u00e1t\u011bry, pop\u0159. tmelen\u00fdmi m\u00edsty a vrchn\u00edm emailem. Podle stupn\u011b na\u0159ed\u011bn\u00ed lze vytvo\u0159it bu\u010f siln\u00e9 vrstvy pro vypln\u011bn\u00ed hrub\u00fdch nerovnost\u00ed povrchu, nebo tenk\u00e9, vysoce pevn\u00e9 a rovn\u00e9 vrstvy, vhodn\u00e9 pro kone\u010dn\u00fd n\u00e1st\u0159ik vrchn\u00edho emailu [&hellip;]\" \/>\n<meta property=\"og:url\" content=\"https:\/\/www.domtechnikpro.com\/index.php\/produkt\/autenticky-polykar-plnic-2k-pur-32763\/\" \/>\n<meta property=\"og:image\" content=\"https:\/\/www.domtechnikpro.com\/wp-content\/uploads\/2026\/SK0001409-CZ20260425-092355-0-1777080235-26939_polykar-plnic-2k-pur.webp\" \/>\n\t<meta property=\"og:image:width\" content=\"1000\" \/>\n\t<meta property=\"og:image:height\" content=\"750\" \/>\n\t<meta property=\"og:image:type\" content=\"image\/webp\" \/>\n<meta name=\"twitter:card\" content=\"summary_large_image\" \/>\n<meta name=\"twitter:label1\" content=\"Odhadovan\u00e1 doba \u010dten\u00ed\" \/>\n\t<meta name=\"twitter:data1\" content=\"1 minuta\" \/>\n<script type=\"application\/ld+json\" class=\"yoast-schema-graph\">{\"@context\":\"https:\/\/schema.org\",\"@graph\":[{\"@type\":\"WebPage\",\"@id\":\"https:\/\/www.domtechnikpro.com\/index.php\/produkt\/autenticky-polykar-plnic-2k-pur-32763\/\",\"url\":\"https:\/\/www.domtechnikpro.com\/index.php\/produkt\/autenticky-polykar-plnic-2k-pur-32763\/\",\"name\":\"Autentick\u00fd PolyKar Plni\u010d 2K PUR -\",\"isPartOf\":{\"@id\":\"https:\/\/www.domtechnikpro.com\/#website\"},\"primaryImageOfPage\":{\"@id\":\"https:\/\/www.domtechnikpro.com\/index.php\/produkt\/autenticky-polykar-plnic-2k-pur-32763\/#primaryimage\"},\"image\":{\"@id\":\"https:\/\/www.domtechnikpro.com\/index.php\/produkt\/autenticky-polykar-plnic-2k-pur-32763\/#primaryimage\"},\"thumbnailUrl\":\"https:\/\/www.domtechnikpro.com\/wp-content\/uploads\/2026\/SK0001409-CZ20260425-092355-0-1777080235-26939_polykar-plnic-2k-pur.webp\",\"datePublished\":\"2026-04-26T08:57:15+00:00\",\"breadcrumb\":{\"@id\":\"https:\/\/www.domtechnikpro.com\/index.php\/produkt\/autenticky-polykar-plnic-2k-pur-32763\/#breadcrumb\"},\"inLanguage\":\"cs\",\"potentialAction\":[{\"@type\":\"ReadAction\",\"target\":[\"https:\/\/www.domtechnikpro.com\/index.php\/produkt\/autenticky-polykar-plnic-2k-pur-32763\/\"]}]},{\"@type\":\"ImageObject\",\"inLanguage\":\"cs\",\"@id\":\"https:\/\/www.domtechnikpro.com\/index.php\/produkt\/autenticky-polykar-plnic-2k-pur-32763\/#primaryimage\",\"url\":\"https:\/\/www.domtechnikpro.com\/wp-content\/uploads\/2026\/SK0001409-CZ20260425-092355-0-1777080235-26939_polykar-plnic-2k-pur.webp\",\"contentUrl\":\"https:\/\/www.domtechnikpro.com\/wp-content\/uploads\/2026\/SK0001409-CZ20260425-092355-0-1777080235-26939_polykar-plnic-2k-pur.webp\",\"width\":1000,\"height\":750},{\"@type\":\"BreadcrumbList\",\"@id\":\"https:\/\/www.domtechnikpro.com\/index.php\/produkt\/autenticky-polykar-plnic-2k-pur-32763\/#breadcrumb\",\"itemListElement\":[{\"@type\":\"ListItem\",\"position\":1,\"name\":\"Home\",\"item\":\"https:\/\/www.domtechnikpro.com\/\"},{\"@type\":\"ListItem\",\"position\":2,\"name\":\"Products\",\"item\":\"https:\/\/www.domtechnikpro.com\/index.php\/products\/\"},{\"@type\":\"ListItem\",\"position\":3,\"name\":\"Autentick\u00fd PolyKar Plni\u010d 2K PUR\"}]},{\"@type\":\"WebSite\",\"@id\":\"https:\/\/www.domtechnikpro.com\/#website\",\"url\":\"https:\/\/www.domtechnikpro.com\/\",\"name\":\"\",\"description\":\"\",\"potentialAction\":[{\"@type\":\"SearchAction\",\"target\":{\"@type\":\"EntryPoint\",\"urlTemplate\":\"https:\/\/www.domtechnikpro.com\/?s={search_term_string}\"},\"query-input\":{\"@type\":\"PropertyValueSpecification\",\"valueRequired\":true,\"valueName\":\"search_term_string\"}}],\"inLanguage\":\"cs\"}]}<\/script>\n<!-- \/ Yoast SEO plugin. -->","yoast_head_json":{"title":"Autentick\u00fd PolyKar Plni\u010d 2K PUR -","robots":{"index":"index","follow":"follow","max-snippet":"max-snippet:-1","max-image-preview":"max-image-preview:large","max-video-preview":"max-video-preview:-1"},"canonical":"https:\/\/www.domtechnikpro.com\/index.php\/produkt\/autenticky-polykar-plnic-2k-pur-32763\/","og_locale":"cs_CZ","og_type":"article","og_title":"Autentick\u00fd PolyKar Plni\u010d 2K PUR -","og_description":"Detailn\u00ed popis produktu PolyTmel Plni\u010d 2K PUR je polyuretanov\u00fd st\u0159\u00edkac\u00ed plni\u010d je v n\u00e1t\u011brov\u00e9m syst\u00e9mu ur\u010den\u00fd pro vytvo\u0159en\u00ed spojovac\u00ed vrstvy mezi z\u00e1kladn\u00edmi n\u00e1t\u011bry, pop\u0159. tmelen\u00fdmi m\u00edsty a vrchn\u00edm emailem. Podle stupn\u011b na\u0159ed\u011bn\u00ed lze vytvo\u0159it bu\u010f siln\u00e9 vrstvy pro vypln\u011bn\u00ed hrub\u00fdch nerovnost\u00ed povrchu, nebo tenk\u00e9, vysoce pevn\u00e9 a rovn\u00e9 vrstvy, vhodn\u00e9 pro kone\u010dn\u00fd n\u00e1st\u0159ik vrchn\u00edho emailu [&hellip;]","og_url":"https:\/\/www.domtechnikpro.com\/index.php\/produkt\/autenticky-polykar-plnic-2k-pur-32763\/","og_image":[{"width":1000,"height":750,"url":"https:\/\/www.domtechnikpro.com\/wp-content\/uploads\/2026\/SK0001409-CZ20260425-092355-0-1777080235-26939_polykar-plnic-2k-pur.webp","type":"image\/webp"}],"twitter_card":"summary_large_image","twitter_misc":{"Odhadovan\u00e1 doba \u010dten\u00ed":"1 minuta"},"schema":{"@context":"https:\/\/schema.org","@graph":[{"@type":"WebPage","@id":"https:\/\/www.domtechnikpro.com\/index.php\/produkt\/autenticky-polykar-plnic-2k-pur-32763\/","url":"https:\/\/www.domtechnikpro.com\/index.php\/produkt\/autenticky-polykar-plnic-2k-pur-32763\/","name":"Autentick\u00fd PolyKar Plni\u010d 2K PUR -","isPartOf":{"@id":"https:\/\/www.domtechnikpro.com\/#website"},"primaryImageOfPage":{"@id":"https:\/\/www.domtechnikpro.com\/index.php\/produkt\/autenticky-polykar-plnic-2k-pur-32763\/#primaryimage"},"image":{"@id":"https:\/\/www.domtechnikpro.com\/index.php\/produkt\/autenticky-polykar-plnic-2k-pur-32763\/#primaryimage"},"thumbnailUrl":"https:\/\/www.domtechnikpro.com\/wp-content\/uploads\/2026\/SK0001409-CZ20260425-092355-0-1777080235-26939_polykar-plnic-2k-pur.webp","datePublished":"2026-04-26T08:57:15+00:00","breadcrumb":{"@id":"https:\/\/www.domtechnikpro.com\/index.php\/produkt\/autenticky-polykar-plnic-2k-pur-32763\/#breadcrumb"},"inLanguage":"cs","potentialAction":[{"@type":"ReadAction","target":["https:\/\/www.domtechnikpro.com\/index.php\/produkt\/autenticky-polykar-plnic-2k-pur-32763\/"]}]},{"@type":"ImageObject","inLanguage":"cs","@id":"https:\/\/www.domtechnikpro.com\/index.php\/produkt\/autenticky-polykar-plnic-2k-pur-32763\/#primaryimage","url":"https:\/\/www.domtechnikpro.com\/wp-content\/uploads\/2026\/SK0001409-CZ20260425-092355-0-1777080235-26939_polykar-plnic-2k-pur.webp","contentUrl":"https:\/\/www.domtechnikpro.com\/wp-content\/uploads\/2026\/SK0001409-CZ20260425-092355-0-1777080235-26939_polykar-plnic-2k-pur.webp","width":1000,"height":750},{"@type":"BreadcrumbList","@id":"https:\/\/www.domtechnikpro.com\/index.php\/produkt\/autenticky-polykar-plnic-2k-pur-32763\/#breadcrumb","itemListElement":[{"@type":"ListItem","position":1,"name":"Home","item":"https:\/\/www.domtechnikpro.com\/"},{"@type":"ListItem","position":2,"name":"Products","item":"https:\/\/www.domtechnikpro.com\/index.php\/products\/"},{"@type":"ListItem","position":3,"name":"Autentick\u00fd PolyKar Plni\u010d 2K PUR"}]},{"@type":"WebSite","@id":"https:\/\/www.domtechnikpro.com\/#website","url":"https:\/\/www.domtechnikpro.com\/","name":"","description":"","potentialAction":[{"@type":"SearchAction","target":{"@type":"EntryPoint","urlTemplate":"https:\/\/www.domtechnikpro.com\/?s={search_term_string}"},"query-input":{"@type":"PropertyValueSpecification","valueRequired":true,"valueName":"search_term_string"}}],"inLanguage":"cs"}]}},"_links":{"self":[{"href":"https:\/\/www.domtechnikpro.com\/index.php\/wp-json\/wp\/v2\/product\/32763","targetHints":{"allow":["GET"]}}],"collection":[{"href":"https:\/\/www.domtechnikpro.com\/index.php\/wp-json\/wp\/v2\/product"}],"about":[{"href":"https:\/\/www.domtechnikpro.com\/index.php\/wp-json\/wp\/v2\/types\/product"}],"replies":[{"embeddable":true,"href":"https:\/\/www.domtechnikpro.com\/index.php\/wp-json\/wp\/v2\/comments?post=32763"}],"wp:featuredmedia":[{"embeddable":true,"href":"https:\/\/www.domtechnikpro.com\/index.php\/wp-json\/wp\/v2\/media\/32863"}],"wp:attachment":[{"href":"https:\/\/www.domtechnikpro.com\/index.php\/wp-json\/wp\/v2\/media?parent=32763"}],"wp:term":[{"taxonomy":"product_brand","embeddable":true,"href":"https:\/\/www.domtechnikpro.com\/index.php\/wp-json\/wp\/v2\/product_brand?post=32763"},{"taxonomy":"product_cat","embeddable":true,"href":"https:\/\/www.domtechnikpro.com\/index.php\/wp-json\/wp\/v2\/product_cat?post=32763"},{"taxonomy":"product_tag","embeddable":true,"href":"https:\/\/www.domtechnikpro.com\/index.php\/wp-json\/wp\/v2\/product_tag?post=32763"}],"curies":[{"name":"wp","href":"https:\/\/api.w.org\/{rel}","templated":true}]}}