{"id":32757,"date":"2026-04-26T08:57:15","date_gmt":"2026-04-26T08:57:15","guid":{"rendered":""},"modified":"2026-04-26T08:57:15","modified_gmt":"2026-04-26T08:57:15","slug":"cenova-bomba-polykar-master-podlahovy-32757","status":"publish","type":"product","link":"https:\/\/www.domtechnikpro.com\/index.php\/produkt\/cenova-bomba-polykar-master-podlahovy-32757\/","title":{"rendered":"Cenov\u00e1 Bomba PolyKar Master Podlahov\u00fd"},"content":{"rendered":"<div class=\"basic-description\">\n<h3>Detailn\u00ed popis produktu<\/h3>\n<p>                                    PolyKar Master Podlahov\u00fd<br \/>Tmel se nesm\u00ed pou\u017e\u00edvat na tmelen\u00ed m\u00edst, kter\u00e1 p\u0159ich\u00e1zej\u00ed do p\u0159\u00edm\u00e9ho styku s potravinami a pitnou vodou.<\/p>\n<p>Aplikace:<br \/>Povrch je nutn\u00e9 zbavit vlhkosti, prachu, mastnoty a zdrsnit brusn\u00fdm pap\u00edrem. Pokud je t\u0159eba vytvo\u0159it v\u011bt\u0161\u00ed vrstvu tmelu, doporu\u010dujeme tmelit ve v\u00edce vrstv\u00e1ch. Nan\u00e1\u0161\u00ed se st\u011brkou.<\/p>\n<p>Tu\u017een\u00ed:<br \/>Tmel se tu\u017e\u00ed tvrdidlem (PE-inici\u00e1tor, dibenzoylperoxid, \u010derven\u00e1 pasta v tub\u011b) v hmotnostn\u00edm pom\u011bru 100:2 &#8211; 100 d\u00edl\u016f tmelu : 2 d\u00edl\u016fm tvrdidla \u2013 doporu\u010den\u00fd pom\u011br pro teplotu 23\u00b0C.<\/p>\n<p>Doba zpracovatelnost\u00ed:<br \/>Tmel je nutn\u00e9 p\u0159i teplot\u011b 23\u00b0C a pom\u011bru tu\u017een\u00ed 100:2 zpracovat do 5 minut po sm\u00edch\u00e1n\u00ed s tvrdidlem. P\u0159i teplot\u00e1ch ni\u017e\u0161\u00edch ne\u017e 23\u00b0C (minim\u00e1ln\u011b 17\u00b0C) se doba zpracovatelnosti prodlu\u017euje, p\u0159i teplot\u00e1ch vy\u0161\u0161\u00edch se zkracuje.<br \/>\u00dapravou pom\u011bru tu\u017een\u00ed lze z\u010d\u00e1sti eliminovat vliv teploty na dobu zpracovatelnosti.<\/p>\n<p>Pom\u011br tu\u017een\u00ed:<br \/>nejm\u00e9n\u011b 100:1 \u2013 prodlou\u017e\u00ed dobu zpracovatelnosti<br \/>nejv\u00edce 100:3 \u2013 zkr\u00e1t\u00ed dobu zpracovatelnosti<\/p>\n<p>Brou\u0161en\u00ed:<br \/>Tmel je p\u0159i teplot\u011b 23\u00b0C a pom\u011bru tu\u017een\u00ed 100:2 brousiteln\u00fd za 20-30 minut. Hrub\u00e9 brou\u0161en\u00ed za\u010d\u00edn\u00e1 brusn\u00fdm pap\u00edrem P80-120 a dokon\u010duje se podle pot\u0159eby jemn\u011bj\u0161\u00edm pap\u00edrem. Pro brou\u0161en\u00ed doporu\u010dujeme pou\u017e\u00edt rota\u010dn\u00ed nebo vibra\u010dn\u00ed brusku.<\/p>\n<p>Na tmel je mo\u017en\u00e9 pou\u017e\u00edt v\u0161echny b\u011b\u017en\u00e9 n\u00e1t\u011brov\u00e9 syst\u00e9my. Tmel odol\u00e1v\u00e1 teplot\u00e1m 80-110\u00b0C.<\/p>\n<p>\u010ci\u0161t\u011bn\u00ed pom\u016fcek:<br \/>Zne\u010dist\u011bn\u00e9 \u010d\u00e1sti pom\u016fcek lze o\u010distit \u0159edidlem PolyKar \u0158edidlo Polyesterov\u00e9 nebo nitro\u0159edidlem C6000.<br \/>O\u010distit lze pouze nevytvrzen\u00fd tmel.<\/p>\n<p>Balen\u00ed:<br \/>0,2 kg, 0,5 kg, 1 kg, 2 kg, 5 kg, 15 kg \u2013 plechovka<\/p>\n<p>Barva:<br \/>tmav\u011b \u0161ed\u00e1                            <\/div>\n<div class=\"extended-description\">\n<h3>Dopl\u0148kov\u00e9 parametry<\/h3>\n<table class=\"detail-parameters\">\n<tbody>\n<tr>\n<th>        <span class=\"row-header-label\">            Kategorie<span class=\"row-header-label-colon\">:<\/span>        <\/span>    <\/th>\n<td>        Tmely na d\u0159evo    <\/td>\n<\/tr>\n<\/tbody>\n<\/table><\/div>\n<\/p><\/div>\n<\/p><\/div>\n","protected":false},"excerpt":{"rendered":"<p>Detailn\u00ed popis produktu PolyKar Master Podlahov\u00fdTmel se nesm\u00ed pou\u017e\u00edvat na tmelen\u00ed m\u00edst, kter\u00e1 p\u0159ich\u00e1zej\u00ed do p\u0159\u00edm\u00e9ho styku s potravinami a pitnou vodou. Aplikace:Povrch je nutn\u00e9 zbavit vlhkosti, prachu, mastnoty a zdrsnit brusn\u00fdm pap\u00edrem. Pokud je t\u0159eba vytvo\u0159it v\u011bt\u0161\u00ed vrstvu tmelu, doporu\u010dujeme tmelit ve v\u00edce vrstv\u00e1ch. Nan\u00e1\u0161\u00ed se st\u011brkou. Tu\u017een\u00ed:Tmel se tu\u017e\u00ed tvrdidlem (PE-inici\u00e1tor, dibenzoylperoxid, \u010derven\u00e1 [&hellip;]<\/p>\n","protected":false},"featured_media":32857,"comment_status":"open","ping_status":"open","template":"","meta":[],"product_brand":[],"product_cat":[124],"product_tag":[],"class_list":{"0":"post-32757","1":"product","2":"type-product","3":"status-publish","4":"has-post-thumbnail","6":"product_cat-lepidla-silikony-tmely-a-peny","8":"first","9":"instock","10":"sale","11":"shipping-taxable","12":"purchasable","13":"product-type-simple"},"yoast_head":"<!-- This site is optimized with the Yoast SEO plugin v26.8 - https:\/\/yoast.com\/product\/yoast-seo-wordpress\/ -->\n<title>Cenov\u00e1 Bomba PolyKar Master Podlahov\u00fd -<\/title>\n<meta name=\"robots\" content=\"index, follow, max-snippet:-1, max-image-preview:large, max-video-preview:-1\" \/>\n<link rel=\"canonical\" href=\"https:\/\/www.domtechnikpro.com\/index.php\/produkt\/cenova-bomba-polykar-master-podlahovy-32757\/\" \/>\n<meta property=\"og:locale\" content=\"cs_CZ\" \/>\n<meta property=\"og:type\" content=\"article\" \/>\n<meta property=\"og:title\" content=\"Cenov\u00e1 Bomba PolyKar Master Podlahov\u00fd -\" \/>\n<meta property=\"og:description\" content=\"Detailn\u00ed popis produktu PolyKar Master Podlahov\u00fdTmel se nesm\u00ed pou\u017e\u00edvat na tmelen\u00ed m\u00edst, kter\u00e1 p\u0159ich\u00e1zej\u00ed do p\u0159\u00edm\u00e9ho styku s potravinami a pitnou vodou. Aplikace:Povrch je nutn\u00e9 zbavit vlhkosti, prachu, mastnoty a zdrsnit brusn\u00fdm pap\u00edrem. Pokud je t\u0159eba vytvo\u0159it v\u011bt\u0161\u00ed vrstvu tmelu, doporu\u010dujeme tmelit ve v\u00edce vrstv\u00e1ch. Nan\u00e1\u0161\u00ed se st\u011brkou. Tu\u017een\u00ed:Tmel se tu\u017e\u00ed tvrdidlem (PE-inici\u00e1tor, dibenzoylperoxid, \u010derven\u00e1 [&hellip;]\" \/>\n<meta property=\"og:url\" content=\"https:\/\/www.domtechnikpro.com\/index.php\/produkt\/cenova-bomba-polykar-master-podlahovy-32757\/\" \/>\n<meta property=\"og:image\" content=\"https:\/\/www.domtechnikpro.com\/wp-content\/uploads\/2026\/SK0001403-CZ20260425-092355-0-1777080235-26921_master-podlahovy.webp\" \/>\n\t<meta property=\"og:image:width\" content=\"1000\" \/>\n\t<meta property=\"og:image:height\" content=\"750\" \/>\n\t<meta property=\"og:image:type\" content=\"image\/webp\" \/>\n<meta name=\"twitter:card\" content=\"summary_large_image\" \/>\n<meta name=\"twitter:label1\" content=\"Odhadovan\u00e1 doba \u010dten\u00ed\" \/>\n\t<meta name=\"twitter:data1\" content=\"1 minuta\" \/>\n<script type=\"application\/ld+json\" class=\"yoast-schema-graph\">{\"@context\":\"https:\/\/schema.org\",\"@graph\":[{\"@type\":\"WebPage\",\"@id\":\"https:\/\/www.domtechnikpro.com\/index.php\/produkt\/cenova-bomba-polykar-master-podlahovy-32757\/\",\"url\":\"https:\/\/www.domtechnikpro.com\/index.php\/produkt\/cenova-bomba-polykar-master-podlahovy-32757\/\",\"name\":\"Cenov\u00e1 Bomba PolyKar Master Podlahov\u00fd -\",\"isPartOf\":{\"@id\":\"https:\/\/www.domtechnikpro.com\/#website\"},\"primaryImageOfPage\":{\"@id\":\"https:\/\/www.domtechnikpro.com\/index.php\/produkt\/cenova-bomba-polykar-master-podlahovy-32757\/#primaryimage\"},\"image\":{\"@id\":\"https:\/\/www.domtechnikpro.com\/index.php\/produkt\/cenova-bomba-polykar-master-podlahovy-32757\/#primaryimage\"},\"thumbnailUrl\":\"https:\/\/www.domtechnikpro.com\/wp-content\/uploads\/2026\/SK0001403-CZ20260425-092355-0-1777080235-26921_master-podlahovy.webp\",\"datePublished\":\"2026-04-26T08:57:15+00:00\",\"breadcrumb\":{\"@id\":\"https:\/\/www.domtechnikpro.com\/index.php\/produkt\/cenova-bomba-polykar-master-podlahovy-32757\/#breadcrumb\"},\"inLanguage\":\"cs\",\"potentialAction\":[{\"@type\":\"ReadAction\",\"target\":[\"https:\/\/www.domtechnikpro.com\/index.php\/produkt\/cenova-bomba-polykar-master-podlahovy-32757\/\"]}]},{\"@type\":\"ImageObject\",\"inLanguage\":\"cs\",\"@id\":\"https:\/\/www.domtechnikpro.com\/index.php\/produkt\/cenova-bomba-polykar-master-podlahovy-32757\/#primaryimage\",\"url\":\"https:\/\/www.domtechnikpro.com\/wp-content\/uploads\/2026\/SK0001403-CZ20260425-092355-0-1777080235-26921_master-podlahovy.webp\",\"contentUrl\":\"https:\/\/www.domtechnikpro.com\/wp-content\/uploads\/2026\/SK0001403-CZ20260425-092355-0-1777080235-26921_master-podlahovy.webp\",\"width\":1000,\"height\":750},{\"@type\":\"BreadcrumbList\",\"@id\":\"https:\/\/www.domtechnikpro.com\/index.php\/produkt\/cenova-bomba-polykar-master-podlahovy-32757\/#breadcrumb\",\"itemListElement\":[{\"@type\":\"ListItem\",\"position\":1,\"name\":\"Home\",\"item\":\"https:\/\/www.domtechnikpro.com\/\"},{\"@type\":\"ListItem\",\"position\":2,\"name\":\"Products\",\"item\":\"https:\/\/www.domtechnikpro.com\/index.php\/products\/\"},{\"@type\":\"ListItem\",\"position\":3,\"name\":\"Cenov\u00e1 Bomba PolyKar Master Podlahov\u00fd\"}]},{\"@type\":\"WebSite\",\"@id\":\"https:\/\/www.domtechnikpro.com\/#website\",\"url\":\"https:\/\/www.domtechnikpro.com\/\",\"name\":\"\",\"description\":\"\",\"potentialAction\":[{\"@type\":\"SearchAction\",\"target\":{\"@type\":\"EntryPoint\",\"urlTemplate\":\"https:\/\/www.domtechnikpro.com\/?s={search_term_string}\"},\"query-input\":{\"@type\":\"PropertyValueSpecification\",\"valueRequired\":true,\"valueName\":\"search_term_string\"}}],\"inLanguage\":\"cs\"}]}<\/script>\n<!-- \/ Yoast SEO plugin. -->","yoast_head_json":{"title":"Cenov\u00e1 Bomba PolyKar Master Podlahov\u00fd -","robots":{"index":"index","follow":"follow","max-snippet":"max-snippet:-1","max-image-preview":"max-image-preview:large","max-video-preview":"max-video-preview:-1"},"canonical":"https:\/\/www.domtechnikpro.com\/index.php\/produkt\/cenova-bomba-polykar-master-podlahovy-32757\/","og_locale":"cs_CZ","og_type":"article","og_title":"Cenov\u00e1 Bomba PolyKar Master Podlahov\u00fd -","og_description":"Detailn\u00ed popis produktu PolyKar Master Podlahov\u00fdTmel se nesm\u00ed pou\u017e\u00edvat na tmelen\u00ed m\u00edst, kter\u00e1 p\u0159ich\u00e1zej\u00ed do p\u0159\u00edm\u00e9ho styku s potravinami a pitnou vodou. Aplikace:Povrch je nutn\u00e9 zbavit vlhkosti, prachu, mastnoty a zdrsnit brusn\u00fdm pap\u00edrem. Pokud je t\u0159eba vytvo\u0159it v\u011bt\u0161\u00ed vrstvu tmelu, doporu\u010dujeme tmelit ve v\u00edce vrstv\u00e1ch. Nan\u00e1\u0161\u00ed se st\u011brkou. Tu\u017een\u00ed:Tmel se tu\u017e\u00ed tvrdidlem (PE-inici\u00e1tor, dibenzoylperoxid, \u010derven\u00e1 [&hellip;]","og_url":"https:\/\/www.domtechnikpro.com\/index.php\/produkt\/cenova-bomba-polykar-master-podlahovy-32757\/","og_image":[{"width":1000,"height":750,"url":"https:\/\/www.domtechnikpro.com\/wp-content\/uploads\/2026\/SK0001403-CZ20260425-092355-0-1777080235-26921_master-podlahovy.webp","type":"image\/webp"}],"twitter_card":"summary_large_image","twitter_misc":{"Odhadovan\u00e1 doba \u010dten\u00ed":"1 minuta"},"schema":{"@context":"https:\/\/schema.org","@graph":[{"@type":"WebPage","@id":"https:\/\/www.domtechnikpro.com\/index.php\/produkt\/cenova-bomba-polykar-master-podlahovy-32757\/","url":"https:\/\/www.domtechnikpro.com\/index.php\/produkt\/cenova-bomba-polykar-master-podlahovy-32757\/","name":"Cenov\u00e1 Bomba PolyKar Master Podlahov\u00fd -","isPartOf":{"@id":"https:\/\/www.domtechnikpro.com\/#website"},"primaryImageOfPage":{"@id":"https:\/\/www.domtechnikpro.com\/index.php\/produkt\/cenova-bomba-polykar-master-podlahovy-32757\/#primaryimage"},"image":{"@id":"https:\/\/www.domtechnikpro.com\/index.php\/produkt\/cenova-bomba-polykar-master-podlahovy-32757\/#primaryimage"},"thumbnailUrl":"https:\/\/www.domtechnikpro.com\/wp-content\/uploads\/2026\/SK0001403-CZ20260425-092355-0-1777080235-26921_master-podlahovy.webp","datePublished":"2026-04-26T08:57:15+00:00","breadcrumb":{"@id":"https:\/\/www.domtechnikpro.com\/index.php\/produkt\/cenova-bomba-polykar-master-podlahovy-32757\/#breadcrumb"},"inLanguage":"cs","potentialAction":[{"@type":"ReadAction","target":["https:\/\/www.domtechnikpro.com\/index.php\/produkt\/cenova-bomba-polykar-master-podlahovy-32757\/"]}]},{"@type":"ImageObject","inLanguage":"cs","@id":"https:\/\/www.domtechnikpro.com\/index.php\/produkt\/cenova-bomba-polykar-master-podlahovy-32757\/#primaryimage","url":"https:\/\/www.domtechnikpro.com\/wp-content\/uploads\/2026\/SK0001403-CZ20260425-092355-0-1777080235-26921_master-podlahovy.webp","contentUrl":"https:\/\/www.domtechnikpro.com\/wp-content\/uploads\/2026\/SK0001403-CZ20260425-092355-0-1777080235-26921_master-podlahovy.webp","width":1000,"height":750},{"@type":"BreadcrumbList","@id":"https:\/\/www.domtechnikpro.com\/index.php\/produkt\/cenova-bomba-polykar-master-podlahovy-32757\/#breadcrumb","itemListElement":[{"@type":"ListItem","position":1,"name":"Home","item":"https:\/\/www.domtechnikpro.com\/"},{"@type":"ListItem","position":2,"name":"Products","item":"https:\/\/www.domtechnikpro.com\/index.php\/products\/"},{"@type":"ListItem","position":3,"name":"Cenov\u00e1 Bomba PolyKar Master Podlahov\u00fd"}]},{"@type":"WebSite","@id":"https:\/\/www.domtechnikpro.com\/#website","url":"https:\/\/www.domtechnikpro.com\/","name":"","description":"","potentialAction":[{"@type":"SearchAction","target":{"@type":"EntryPoint","urlTemplate":"https:\/\/www.domtechnikpro.com\/?s={search_term_string}"},"query-input":{"@type":"PropertyValueSpecification","valueRequired":true,"valueName":"search_term_string"}}],"inLanguage":"cs"}]}},"_links":{"self":[{"href":"https:\/\/www.domtechnikpro.com\/index.php\/wp-json\/wp\/v2\/product\/32757","targetHints":{"allow":["GET"]}}],"collection":[{"href":"https:\/\/www.domtechnikpro.com\/index.php\/wp-json\/wp\/v2\/product"}],"about":[{"href":"https:\/\/www.domtechnikpro.com\/index.php\/wp-json\/wp\/v2\/types\/product"}],"replies":[{"embeddable":true,"href":"https:\/\/www.domtechnikpro.com\/index.php\/wp-json\/wp\/v2\/comments?post=32757"}],"wp:featuredmedia":[{"embeddable":true,"href":"https:\/\/www.domtechnikpro.com\/index.php\/wp-json\/wp\/v2\/media\/32857"}],"wp:attachment":[{"href":"https:\/\/www.domtechnikpro.com\/index.php\/wp-json\/wp\/v2\/media?parent=32757"}],"wp:term":[{"taxonomy":"product_brand","embeddable":true,"href":"https:\/\/www.domtechnikpro.com\/index.php\/wp-json\/wp\/v2\/product_brand?post=32757"},{"taxonomy":"product_cat","embeddable":true,"href":"https:\/\/www.domtechnikpro.com\/index.php\/wp-json\/wp\/v2\/product_cat?post=32757"},{"taxonomy":"product_tag","embeddable":true,"href":"https:\/\/www.domtechnikpro.com\/index.php\/wp-json\/wp\/v2\/product_tag?post=32757"}],"curies":[{"name":"wp","href":"https:\/\/api.w.org\/{rel}","templated":true}]}}